{"id":934,"date":"2013-01-01T23:32:36","date_gmt":"2013-01-01T22:32:36","guid":{"rendered":"http:\/\/www.bazarbonino.com\/store\/?wpsc-product=jg1021-clava-henrys-classic-training-uni"},"modified":"2026-03-19T17:05:21","modified_gmt":"2026-03-19T16:05:21","slug":"jg1021-clava-henrys-classic-training-uni","status":"publish","type":"product","link":"https:\/\/www.bazarbonino.com\/store\/prodotto\/jg1021-clava-henrys-classic-training-uni\/","title":{"rendered":"JG1021 &#8211; CLAVA HENRYS CLASSIC TRAINING"},"content":{"rendered":"<p class=\"articoli\">CLAVA HENRYS CLASSIC TRAINING\u00a0 \u00e8 lunga 52 cm.dal peso di 218 gr.. L&#8217;impugnatura arrotolata e corpo bianco, pomello ed estremit\u00e0 in nero. Universale ideale per qualsiasi numero e quindi la preferita da molti sia per numeri individuali che per passing. Essendo n\u00e9 troppo lenta n\u00e9 troppo veloce, senza dubbio una delle migliori clave al mondo, fra le pi\u00f9 vendute e amate.<\/p>\n<p class=\"articoli\">&#8211; SU ORDINAZIONE TEMPO DI ATTESA 7 GG LAVORATIVI<\/p>\n","protected":false},"excerpt":{"rendered":"<p>CLAVA HENRYS CLASSIC TRAINING\u00a0 \u00e8 lunga 52 cm.dal peso di 218 gr.. L&#8217;impugnatura arrotolata e corpo bianco, pomello ed estremit\u00e0 in nero. Universale ideale per qualsiasi numero e quindi la preferita da molti sia per numeri individuali che per passing. Essendo n\u00e9 troppo lenta n\u00e9 troppo veloce, senza dubbio una delle migliori clave al mondo, [&hellip;]<\/p>\n","protected":false},"featured_media":12922,"comment_status":"closed","ping_status":"closed","template":"","meta":{"_et_pb_use_builder":"","_et_pb_old_content":"","_et_gb_content_width":""},"product_brand":[],"product_cat":[12],"product_tag":[226,229,227,228],"class_list":{"0":"post-934","1":"product","2":"type-product","3":"status-publish","4":"has-post-thumbnail","6":"product_cat-henrys","7":"product_tag-attrezzi-giocoleria-professionali","8":"product_tag-attrezzi-per-arti-circensi","9":"product_tag-clave-professionali-henrys","10":"product_tag-clavette-birilli-per-circo","11":"pa_colore-arancio","12":"pa_colore-bianco","13":"pa_colore-blu","14":"pa_colore-giallo","15":"pa_colore-nero","16":"pa_colore-rosso","17":"pa_colore-verde","18":"pa_colore-viola","20":"first","21":"instock","22":"sale","23":"taxable","24":"shipping-taxable","25":"purchasable","26":"product-type-variable"},"yoast_head":"<!-- This site is optimized with the Yoast SEO plugin v27.2 - https:\/\/yoast.com\/product\/yoast-seo-wordpress\/ -->\n<title>JG1021 - CLAVA HENRYS CLASSIC TRAINING - BazarBonino<\/title>\n<meta name=\"description\" content=\"CLAVA HENRYS CLASSIC TRAINING\u00a0 \u00e8 lunga 52 cm.dal peso di 218 gr.. L&#039;impugnatura arrotolata e corpo bianco, pomello ed estremit\u00e0 in nero.\" \/>\n<meta name=\"robots\" content=\"index, follow, max-snippet:-1, max-image-preview:large, max-video-preview:-1\" \/>\n<link rel=\"canonical\" href=\"https:\/\/www.bazarbonino.com\/store\/prodotto\/jg1021-clava-henrys-classic-training-uni\/\" \/>\n<meta property=\"og:locale\" content=\"it_IT\" \/>\n<meta property=\"og:type\" content=\"article\" \/>\n<meta property=\"og:title\" content=\"JG1021 - CLAVA HENRYS CLASSIC TRAINING - BazarBonino\" \/>\n<meta property=\"og:description\" content=\"CLAVA HENRYS CLASSIC TRAINING\u00a0 \u00e8 lunga 52 cm.dal peso di 218 gr.. L&#039;impugnatura arrotolata e corpo bianco, pomello ed estremit\u00e0 in nero.\" \/>\n<meta property=\"og:url\" content=\"https:\/\/www.bazarbonino.com\/store\/prodotto\/jg1021-clava-henrys-classic-training-uni\/\" \/>\n<meta property=\"og:site_name\" content=\"BazarBonino\" \/>\n<meta property=\"article:publisher\" content=\"https:\/\/www.facebook.com\/bazar.bonino\" \/>\n<meta property=\"article:modified_time\" content=\"2026-03-19T16:05:21+00:00\" \/>\n<meta property=\"og:image\" content=\"https:\/\/www.bazarbonino.com\/store\/wp-content\/uploads\/2013\/01\/JG1021-\u2013-CLAVA-HENRYS-CLASSIC-TRAINING.jpg\" \/>\n\t<meta property=\"og:image:width\" content=\"500\" \/>\n\t<meta property=\"og:image:height\" content=\"500\" \/>\n\t<meta property=\"og:image:type\" content=\"image\/jpeg\" \/>\n<meta name=\"twitter:card\" content=\"summary_large_image\" \/>\n<script type=\"application\/ld+json\" class=\"yoast-schema-graph\">{\"@context\":\"https:\/\/schema.org\",\"@graph\":[{\"@type\":\"WebPage\",\"@id\":\"https:\/\/www.bazarbonino.com\/store\/prodotto\/jg1021-clava-henrys-classic-training-uni\/\",\"url\":\"https:\/\/www.bazarbonino.com\/store\/prodotto\/jg1021-clava-henrys-classic-training-uni\/\",\"name\":\"JG1021 - CLAVA HENRYS CLASSIC TRAINING - BazarBonino\",\"isPartOf\":{\"@id\":\"https:\/\/www.bazarbonino.com\/store\/#website\"},\"primaryImageOfPage\":{\"@id\":\"https:\/\/www.bazarbonino.com\/store\/prodotto\/jg1021-clava-henrys-classic-training-uni\/#primaryimage\"},\"image\":{\"@id\":\"https:\/\/www.bazarbonino.com\/store\/prodotto\/jg1021-clava-henrys-classic-training-uni\/#primaryimage\"},\"thumbnailUrl\":\"https:\/\/www.bazarbonino.com\/store\/wp-content\/uploads\/2013\/01\/JG1021-\u2013-CLAVA-HENRYS-CLASSIC-TRAINING.jpg\",\"datePublished\":\"2013-01-01T22:32:36+00:00\",\"dateModified\":\"2026-03-19T16:05:21+00:00\",\"description\":\"CLAVA HENRYS CLASSIC TRAINING\u00a0 \u00e8 lunga 52 cm.dal peso di 218 gr.. L'impugnatura arrotolata e corpo bianco, pomello ed estremit\u00e0 in nero.\",\"breadcrumb\":{\"@id\":\"https:\/\/www.bazarbonino.com\/store\/prodotto\/jg1021-clava-henrys-classic-training-uni\/#breadcrumb\"},\"inLanguage\":\"it-IT\",\"potentialAction\":[{\"@type\":\"ReadAction\",\"target\":[\"https:\/\/www.bazarbonino.com\/store\/prodotto\/jg1021-clava-henrys-classic-training-uni\/\"]}]},{\"@type\":\"ImageObject\",\"inLanguage\":\"it-IT\",\"@id\":\"https:\/\/www.bazarbonino.com\/store\/prodotto\/jg1021-clava-henrys-classic-training-uni\/#primaryimage\",\"url\":\"https:\/\/www.bazarbonino.com\/store\/wp-content\/uploads\/2013\/01\/JG1021-\u2013-CLAVA-HENRYS-CLASSIC-TRAINING.jpg\",\"contentUrl\":\"https:\/\/www.bazarbonino.com\/store\/wp-content\/uploads\/2013\/01\/JG1021-\u2013-CLAVA-HENRYS-CLASSIC-TRAINING.jpg\",\"width\":500,\"height\":500,\"caption\":\"JG1021 \u2013 CLAVA HENRYS CLASSIC TRAINING\"},{\"@type\":\"BreadcrumbList\",\"@id\":\"https:\/\/www.bazarbonino.com\/store\/prodotto\/jg1021-clava-henrys-classic-training-uni\/#breadcrumb\",\"itemListElement\":[{\"@type\":\"ListItem\",\"position\":1,\"name\":\"Home\",\"item\":\"https:\/\/www.bazarbonino.com\/store\/\"},{\"@type\":\"ListItem\",\"position\":2,\"name\":\"Catalogo\",\"item\":\"https:\/\/www.bazarbonino.com\/store\/shop\/\"},{\"@type\":\"ListItem\",\"position\":3,\"name\":\"JG1021 &#8211; CLAVA HENRYS CLASSIC TRAINING\"}]},{\"@type\":\"WebSite\",\"@id\":\"https:\/\/www.bazarbonino.com\/store\/#website\",\"url\":\"https:\/\/www.bazarbonino.com\/store\/\",\"name\":\"BazarBonino\",\"description\":\"\",\"potentialAction\":[{\"@type\":\"SearchAction\",\"target\":{\"@type\":\"EntryPoint\",\"urlTemplate\":\"https:\/\/www.bazarbonino.com\/store\/?s={search_term_string}\"},\"query-input\":{\"@type\":\"PropertyValueSpecification\",\"valueRequired\":true,\"valueName\":\"search_term_string\"}}],\"inLanguage\":\"it-IT\"}]}<\/script>\n<!-- \/ Yoast SEO plugin. -->","yoast_head_json":{"title":"JG1021 - CLAVA HENRYS CLASSIC TRAINING - BazarBonino","description":"CLAVA HENRYS CLASSIC TRAINING\u00a0 \u00e8 lunga 52 cm.dal peso di 218 gr.. L'impugnatura arrotolata e corpo bianco, pomello ed estremit\u00e0 in nero.","robots":{"index":"index","follow":"follow","max-snippet":"max-snippet:-1","max-image-preview":"max-image-preview:large","max-video-preview":"max-video-preview:-1"},"canonical":"https:\/\/www.bazarbonino.com\/store\/prodotto\/jg1021-clava-henrys-classic-training-uni\/","og_locale":"it_IT","og_type":"article","og_title":"JG1021 - CLAVA HENRYS CLASSIC TRAINING - BazarBonino","og_description":"CLAVA HENRYS CLASSIC TRAINING\u00a0 \u00e8 lunga 52 cm.dal peso di 218 gr.. L'impugnatura arrotolata e corpo bianco, pomello ed estremit\u00e0 in nero.","og_url":"https:\/\/www.bazarbonino.com\/store\/prodotto\/jg1021-clava-henrys-classic-training-uni\/","og_site_name":"BazarBonino","article_publisher":"https:\/\/www.facebook.com\/bazar.bonino","article_modified_time":"2026-03-19T16:05:21+00:00","og_image":[{"width":500,"height":500,"url":"https:\/\/www.bazarbonino.com\/store\/wp-content\/uploads\/2013\/01\/JG1021-\u2013-CLAVA-HENRYS-CLASSIC-TRAINING.jpg","type":"image\/jpeg"}],"twitter_card":"summary_large_image","schema":{"@context":"https:\/\/schema.org","@graph":[{"@type":"WebPage","@id":"https:\/\/www.bazarbonino.com\/store\/prodotto\/jg1021-clava-henrys-classic-training-uni\/","url":"https:\/\/www.bazarbonino.com\/store\/prodotto\/jg1021-clava-henrys-classic-training-uni\/","name":"JG1021 - CLAVA HENRYS CLASSIC TRAINING - BazarBonino","isPartOf":{"@id":"https:\/\/www.bazarbonino.com\/store\/#website"},"primaryImageOfPage":{"@id":"https:\/\/www.bazarbonino.com\/store\/prodotto\/jg1021-clava-henrys-classic-training-uni\/#primaryimage"},"image":{"@id":"https:\/\/www.bazarbonino.com\/store\/prodotto\/jg1021-clava-henrys-classic-training-uni\/#primaryimage"},"thumbnailUrl":"https:\/\/www.bazarbonino.com\/store\/wp-content\/uploads\/2013\/01\/JG1021-\u2013-CLAVA-HENRYS-CLASSIC-TRAINING.jpg","datePublished":"2013-01-01T22:32:36+00:00","dateModified":"2026-03-19T16:05:21+00:00","description":"CLAVA HENRYS CLASSIC TRAINING\u00a0 \u00e8 lunga 52 cm.dal peso di 218 gr.. L'impugnatura arrotolata e corpo bianco, pomello ed estremit\u00e0 in nero.","breadcrumb":{"@id":"https:\/\/www.bazarbonino.com\/store\/prodotto\/jg1021-clava-henrys-classic-training-uni\/#breadcrumb"},"inLanguage":"it-IT","potentialAction":[{"@type":"ReadAction","target":["https:\/\/www.bazarbonino.com\/store\/prodotto\/jg1021-clava-henrys-classic-training-uni\/"]}]},{"@type":"ImageObject","inLanguage":"it-IT","@id":"https:\/\/www.bazarbonino.com\/store\/prodotto\/jg1021-clava-henrys-classic-training-uni\/#primaryimage","url":"https:\/\/www.bazarbonino.com\/store\/wp-content\/uploads\/2013\/01\/JG1021-\u2013-CLAVA-HENRYS-CLASSIC-TRAINING.jpg","contentUrl":"https:\/\/www.bazarbonino.com\/store\/wp-content\/uploads\/2013\/01\/JG1021-\u2013-CLAVA-HENRYS-CLASSIC-TRAINING.jpg","width":500,"height":500,"caption":"JG1021 \u2013 CLAVA HENRYS CLASSIC TRAINING"},{"@type":"BreadcrumbList","@id":"https:\/\/www.bazarbonino.com\/store\/prodotto\/jg1021-clava-henrys-classic-training-uni\/#breadcrumb","itemListElement":[{"@type":"ListItem","position":1,"name":"Home","item":"https:\/\/www.bazarbonino.com\/store\/"},{"@type":"ListItem","position":2,"name":"Catalogo","item":"https:\/\/www.bazarbonino.com\/store\/shop\/"},{"@type":"ListItem","position":3,"name":"JG1021 &#8211; CLAVA HENRYS CLASSIC TRAINING"}]},{"@type":"WebSite","@id":"https:\/\/www.bazarbonino.com\/store\/#website","url":"https:\/\/www.bazarbonino.com\/store\/","name":"BazarBonino","description":"","potentialAction":[{"@type":"SearchAction","target":{"@type":"EntryPoint","urlTemplate":"https:\/\/www.bazarbonino.com\/store\/?s={search_term_string}"},"query-input":{"@type":"PropertyValueSpecification","valueRequired":true,"valueName":"search_term_string"}}],"inLanguage":"it-IT"}]}},"_links":{"self":[{"href":"https:\/\/www.bazarbonino.com\/store\/wp-json\/wp\/v2\/product\/934","targetHints":{"allow":["GET"]}}],"collection":[{"href":"https:\/\/www.bazarbonino.com\/store\/wp-json\/wp\/v2\/product"}],"about":[{"href":"https:\/\/www.bazarbonino.com\/store\/wp-json\/wp\/v2\/types\/product"}],"replies":[{"embeddable":true,"href":"https:\/\/www.bazarbonino.com\/store\/wp-json\/wp\/v2\/comments?post=934"}],"wp:featuredmedia":[{"embeddable":true,"href":"https:\/\/www.bazarbonino.com\/store\/wp-json\/wp\/v2\/media\/12922"}],"wp:attachment":[{"href":"https:\/\/www.bazarbonino.com\/store\/wp-json\/wp\/v2\/media?parent=934"}],"wp:term":[{"taxonomy":"product_brand","embeddable":true,"href":"https:\/\/www.bazarbonino.com\/store\/wp-json\/wp\/v2\/product_brand?post=934"},{"taxonomy":"product_cat","embeddable":true,"href":"https:\/\/www.bazarbonino.com\/store\/wp-json\/wp\/v2\/product_cat?post=934"},{"taxonomy":"product_tag","embeddable":true,"href":"https:\/\/www.bazarbonino.com\/store\/wp-json\/wp\/v2\/product_tag?post=934"}],"curies":[{"name":"wp","href":"https:\/\/api.w.org\/{rel}","templated":true}]}}