{"id":933,"date":"2013-01-01T23:32:36","date_gmt":"2013-01-01T22:32:36","guid":{"rendered":"http:\/\/www.bazarbonino.com\/store\/?wpsc-product=jg1020-clava-henrys-classic-training-uni-all-white"},"modified":"2026-03-19T17:03:10","modified_gmt":"2026-03-19T16:03:10","slug":"jg1020-clava-henrys-classic-white","status":"publish","type":"product","link":"https:\/\/www.bazarbonino.com\/store\/prodotto\/jg1020-clava-henrys-classic-white\/","title":{"rendered":"JG1020 &#8211; CLAVA HENRYS CLASSIC TRAINING UNI (all white)"},"content":{"rendered":"<p class=\"articoli\">CLAVA HENRYS CLASSIC TRAINING UNI (all white) lunghezza 52 cm. peso 218 gr.. L&#8217;impugnatura arrotolata e corpo bianco, pomello ed estremit\u00e0 in bianco. Universale ideale per qualsiasi numero e quindi la preferita da molti sia per numeri individuali che per passing. Essendo n\u00e9 troppo lenta n\u00e9 troppo veloce, senza dubbio una delle migliori clave al mondo, fra le pi\u00f9 vendute e amate.<\/p>\n","protected":false},"excerpt":{"rendered":"<p>CLAVA HENRYS CLASSIC TRAINING UNI (all white) lunghezza 52 cm. peso 218 gr.. L&#8217;impugnatura arrotolata e corpo bianco, pomello ed estremit\u00e0 in bianco. Universale ideale per qualsiasi numero e quindi la preferita da molti sia per numeri individuali che per passing. Essendo n\u00e9 troppo lenta n\u00e9 troppo veloce, senza dubbio una delle migliori clave al [&hellip;]<\/p>\n","protected":false},"featured_media":12946,"comment_status":"closed","ping_status":"closed","template":"","meta":{"_et_pb_use_builder":"","_et_pb_old_content":"","_et_gb_content_width":""},"product_brand":[],"product_cat":[12],"product_tag":[226,229,227,228],"class_list":{"0":"post-933","1":"product","2":"type-product","3":"status-publish","4":"has-post-thumbnail","6":"product_cat-henrys","7":"product_tag-attrezzi-giocoleria-professionali","8":"product_tag-attrezzi-per-arti-circensi","9":"product_tag-clave-professionali-henrys","10":"product_tag-clavette-birilli-per-circo","12":"first","13":"instock","14":"sale","15":"taxable","16":"shipping-taxable","17":"purchasable","18":"product-type-simple"},"yoast_head":"<!-- This site is optimized with the Yoast SEO plugin v27.4 - https:\/\/yoast.com\/product\/yoast-seo-wordpress\/ -->\n<title>JG1020 - CLAVA HENRYS CLASSIC TRAINING UNI (all white) - BazarBonino<\/title>\n<meta name=\"description\" content=\"CLAVA HENRYS CLASSIC TRAINING UNI (allwhite) lunghezza 52 cm. peso 218 gr.. L&#039;impugnatura arrotolata e corpo bianco, pomello ed estremit\u00e0 in bianco.\" \/>\n<meta name=\"robots\" content=\"index, follow, max-snippet:-1, max-image-preview:large, max-video-preview:-1\" \/>\n<link rel=\"canonical\" href=\"https:\/\/www.bazarbonino.com\/store\/prodotto\/jg1020-clava-henrys-classic-white\/\" \/>\n<meta property=\"og:locale\" content=\"it_IT\" \/>\n<meta property=\"og:type\" content=\"article\" \/>\n<meta property=\"og:title\" content=\"JG1020 - CLAVA HENRYS CLASSIC TRAINING UNI (all white) - BazarBonino\" \/>\n<meta property=\"og:description\" content=\"CLAVA HENRYS CLASSIC TRAINING UNI (allwhite) lunghezza 52 cm. peso 218 gr.. L&#039;impugnatura arrotolata e corpo bianco, pomello ed estremit\u00e0 in bianco.\" \/>\n<meta property=\"og:url\" content=\"https:\/\/www.bazarbonino.com\/store\/prodotto\/jg1020-clava-henrys-classic-white\/\" \/>\n<meta property=\"og:site_name\" content=\"BazarBonino\" \/>\n<meta property=\"article:publisher\" content=\"https:\/\/www.facebook.com\/bazar.bonino\" \/>\n<meta property=\"article:modified_time\" content=\"2026-03-19T16:03:10+00:00\" \/>\n<meta property=\"og:image\" content=\"https:\/\/www.bazarbonino.com\/store\/wp-content\/uploads\/2013\/01\/JG1020-\u2013-CLAVA-HENRYS-CLASSIC-TRAINING-UNI-all-white-1.jpg\" \/>\n\t<meta property=\"og:image:width\" content=\"500\" \/>\n\t<meta property=\"og:image:height\" content=\"500\" \/>\n\t<meta property=\"og:image:type\" content=\"image\/jpeg\" \/>\n<meta name=\"twitter:card\" content=\"summary_large_image\" \/>\n<script type=\"application\/ld+json\" class=\"yoast-schema-graph\">{\"@context\":\"https:\\\/\\\/schema.org\",\"@graph\":[{\"@type\":\"WebPage\",\"@id\":\"https:\\\/\\\/www.bazarbonino.com\\\/store\\\/prodotto\\\/jg1020-clava-henrys-classic-white\\\/\",\"url\":\"https:\\\/\\\/www.bazarbonino.com\\\/store\\\/prodotto\\\/jg1020-clava-henrys-classic-white\\\/\",\"name\":\"JG1020 - CLAVA HENRYS CLASSIC TRAINING UNI (all white) - BazarBonino\",\"isPartOf\":{\"@id\":\"https:\\\/\\\/www.bazarbonino.com\\\/store\\\/#website\"},\"primaryImageOfPage\":{\"@id\":\"https:\\\/\\\/www.bazarbonino.com\\\/store\\\/prodotto\\\/jg1020-clava-henrys-classic-white\\\/#primaryimage\"},\"image\":{\"@id\":\"https:\\\/\\\/www.bazarbonino.com\\\/store\\\/prodotto\\\/jg1020-clava-henrys-classic-white\\\/#primaryimage\"},\"thumbnailUrl\":\"https:\\\/\\\/www.bazarbonino.com\\\/store\\\/wp-content\\\/uploads\\\/2013\\\/01\\\/JG1020-\u2013-CLAVA-HENRYS-CLASSIC-TRAINING-UNI-all-white-1.jpg\",\"datePublished\":\"2013-01-01T22:32:36+00:00\",\"dateModified\":\"2026-03-19T16:03:10+00:00\",\"description\":\"CLAVA HENRYS CLASSIC TRAINING UNI (allwhite) lunghezza 52 cm. peso 218 gr.. L'impugnatura arrotolata e corpo bianco, pomello ed estremit\u00e0 in bianco.\",\"breadcrumb\":{\"@id\":\"https:\\\/\\\/www.bazarbonino.com\\\/store\\\/prodotto\\\/jg1020-clava-henrys-classic-white\\\/#breadcrumb\"},\"inLanguage\":\"it-IT\",\"potentialAction\":[{\"@type\":\"ReadAction\",\"target\":[\"https:\\\/\\\/www.bazarbonino.com\\\/store\\\/prodotto\\\/jg1020-clava-henrys-classic-white\\\/\"]}]},{\"@type\":\"ImageObject\",\"inLanguage\":\"it-IT\",\"@id\":\"https:\\\/\\\/www.bazarbonino.com\\\/store\\\/prodotto\\\/jg1020-clava-henrys-classic-white\\\/#primaryimage\",\"url\":\"https:\\\/\\\/www.bazarbonino.com\\\/store\\\/wp-content\\\/uploads\\\/2013\\\/01\\\/JG1020-\u2013-CLAVA-HENRYS-CLASSIC-TRAINING-UNI-all-white-1.jpg\",\"contentUrl\":\"https:\\\/\\\/www.bazarbonino.com\\\/store\\\/wp-content\\\/uploads\\\/2013\\\/01\\\/JG1020-\u2013-CLAVA-HENRYS-CLASSIC-TRAINING-UNI-all-white-1.jpg\",\"width\":500,\"height\":500,\"caption\":\"JG1020 \u2013 CLAVA HENRYS CLASSIC TRAINING UNI (all white)\"},{\"@type\":\"BreadcrumbList\",\"@id\":\"https:\\\/\\\/www.bazarbonino.com\\\/store\\\/prodotto\\\/jg1020-clava-henrys-classic-white\\\/#breadcrumb\",\"itemListElement\":[{\"@type\":\"ListItem\",\"position\":1,\"name\":\"Home\",\"item\":\"https:\\\/\\\/www.bazarbonino.com\\\/store\\\/\"},{\"@type\":\"ListItem\",\"position\":2,\"name\":\"Catalogo\",\"item\":\"https:\\\/\\\/www.bazarbonino.com\\\/store\\\/shop\\\/\"},{\"@type\":\"ListItem\",\"position\":3,\"name\":\"JG1020 &#8211; CLAVA HENRYS CLASSIC TRAINING UNI (all white)\"}]},{\"@type\":\"WebSite\",\"@id\":\"https:\\\/\\\/www.bazarbonino.com\\\/store\\\/#website\",\"url\":\"https:\\\/\\\/www.bazarbonino.com\\\/store\\\/\",\"name\":\"BazarBonino\",\"description\":\"\",\"potentialAction\":[{\"@type\":\"SearchAction\",\"target\":{\"@type\":\"EntryPoint\",\"urlTemplate\":\"https:\\\/\\\/www.bazarbonino.com\\\/store\\\/?s={search_term_string}\"},\"query-input\":{\"@type\":\"PropertyValueSpecification\",\"valueRequired\":true,\"valueName\":\"search_term_string\"}}],\"inLanguage\":\"it-IT\"}]}<\/script>\n<!-- \/ Yoast SEO plugin. -->","yoast_head_json":{"title":"JG1020 - CLAVA HENRYS CLASSIC TRAINING UNI (all white) - BazarBonino","description":"CLAVA HENRYS CLASSIC TRAINING UNI (allwhite) lunghezza 52 cm. peso 218 gr.. L'impugnatura arrotolata e corpo bianco, pomello ed estremit\u00e0 in bianco.","robots":{"index":"index","follow":"follow","max-snippet":"max-snippet:-1","max-image-preview":"max-image-preview:large","max-video-preview":"max-video-preview:-1"},"canonical":"https:\/\/www.bazarbonino.com\/store\/prodotto\/jg1020-clava-henrys-classic-white\/","og_locale":"it_IT","og_type":"article","og_title":"JG1020 - CLAVA HENRYS CLASSIC TRAINING UNI (all white) - BazarBonino","og_description":"CLAVA HENRYS CLASSIC TRAINING UNI (allwhite) lunghezza 52 cm. peso 218 gr.. L'impugnatura arrotolata e corpo bianco, pomello ed estremit\u00e0 in bianco.","og_url":"https:\/\/www.bazarbonino.com\/store\/prodotto\/jg1020-clava-henrys-classic-white\/","og_site_name":"BazarBonino","article_publisher":"https:\/\/www.facebook.com\/bazar.bonino","article_modified_time":"2026-03-19T16:03:10+00:00","og_image":[{"width":500,"height":500,"url":"https:\/\/www.bazarbonino.com\/store\/wp-content\/uploads\/2013\/01\/JG1020-\u2013-CLAVA-HENRYS-CLASSIC-TRAINING-UNI-all-white-1.jpg","type":"image\/jpeg"}],"twitter_card":"summary_large_image","schema":{"@context":"https:\/\/schema.org","@graph":[{"@type":"WebPage","@id":"https:\/\/www.bazarbonino.com\/store\/prodotto\/jg1020-clava-henrys-classic-white\/","url":"https:\/\/www.bazarbonino.com\/store\/prodotto\/jg1020-clava-henrys-classic-white\/","name":"JG1020 - CLAVA HENRYS CLASSIC TRAINING UNI (all white) - BazarBonino","isPartOf":{"@id":"https:\/\/www.bazarbonino.com\/store\/#website"},"primaryImageOfPage":{"@id":"https:\/\/www.bazarbonino.com\/store\/prodotto\/jg1020-clava-henrys-classic-white\/#primaryimage"},"image":{"@id":"https:\/\/www.bazarbonino.com\/store\/prodotto\/jg1020-clava-henrys-classic-white\/#primaryimage"},"thumbnailUrl":"https:\/\/www.bazarbonino.com\/store\/wp-content\/uploads\/2013\/01\/JG1020-\u2013-CLAVA-HENRYS-CLASSIC-TRAINING-UNI-all-white-1.jpg","datePublished":"2013-01-01T22:32:36+00:00","dateModified":"2026-03-19T16:03:10+00:00","description":"CLAVA HENRYS CLASSIC TRAINING UNI (allwhite) lunghezza 52 cm. peso 218 gr.. L'impugnatura arrotolata e corpo bianco, pomello ed estremit\u00e0 in bianco.","breadcrumb":{"@id":"https:\/\/www.bazarbonino.com\/store\/prodotto\/jg1020-clava-henrys-classic-white\/#breadcrumb"},"inLanguage":"it-IT","potentialAction":[{"@type":"ReadAction","target":["https:\/\/www.bazarbonino.com\/store\/prodotto\/jg1020-clava-henrys-classic-white\/"]}]},{"@type":"ImageObject","inLanguage":"it-IT","@id":"https:\/\/www.bazarbonino.com\/store\/prodotto\/jg1020-clava-henrys-classic-white\/#primaryimage","url":"https:\/\/www.bazarbonino.com\/store\/wp-content\/uploads\/2013\/01\/JG1020-\u2013-CLAVA-HENRYS-CLASSIC-TRAINING-UNI-all-white-1.jpg","contentUrl":"https:\/\/www.bazarbonino.com\/store\/wp-content\/uploads\/2013\/01\/JG1020-\u2013-CLAVA-HENRYS-CLASSIC-TRAINING-UNI-all-white-1.jpg","width":500,"height":500,"caption":"JG1020 \u2013 CLAVA HENRYS CLASSIC TRAINING UNI (all white)"},{"@type":"BreadcrumbList","@id":"https:\/\/www.bazarbonino.com\/store\/prodotto\/jg1020-clava-henrys-classic-white\/#breadcrumb","itemListElement":[{"@type":"ListItem","position":1,"name":"Home","item":"https:\/\/www.bazarbonino.com\/store\/"},{"@type":"ListItem","position":2,"name":"Catalogo","item":"https:\/\/www.bazarbonino.com\/store\/shop\/"},{"@type":"ListItem","position":3,"name":"JG1020 &#8211; CLAVA HENRYS CLASSIC TRAINING UNI (all white)"}]},{"@type":"WebSite","@id":"https:\/\/www.bazarbonino.com\/store\/#website","url":"https:\/\/www.bazarbonino.com\/store\/","name":"BazarBonino","description":"","potentialAction":[{"@type":"SearchAction","target":{"@type":"EntryPoint","urlTemplate":"https:\/\/www.bazarbonino.com\/store\/?s={search_term_string}"},"query-input":{"@type":"PropertyValueSpecification","valueRequired":true,"valueName":"search_term_string"}}],"inLanguage":"it-IT"}]}},"_links":{"self":[{"href":"https:\/\/www.bazarbonino.com\/store\/wp-json\/wp\/v2\/product\/933","targetHints":{"allow":["GET"]}}],"collection":[{"href":"https:\/\/www.bazarbonino.com\/store\/wp-json\/wp\/v2\/product"}],"about":[{"href":"https:\/\/www.bazarbonino.com\/store\/wp-json\/wp\/v2\/types\/product"}],"replies":[{"embeddable":true,"href":"https:\/\/www.bazarbonino.com\/store\/wp-json\/wp\/v2\/comments?post=933"}],"wp:featuredmedia":[{"embeddable":true,"href":"https:\/\/www.bazarbonino.com\/store\/wp-json\/wp\/v2\/media\/12946"}],"wp:attachment":[{"href":"https:\/\/www.bazarbonino.com\/store\/wp-json\/wp\/v2\/media?parent=933"}],"wp:term":[{"taxonomy":"product_brand","embeddable":true,"href":"https:\/\/www.bazarbonino.com\/store\/wp-json\/wp\/v2\/product_brand?post=933"},{"taxonomy":"product_cat","embeddable":true,"href":"https:\/\/www.bazarbonino.com\/store\/wp-json\/wp\/v2\/product_cat?post=933"},{"taxonomy":"product_tag","embeddable":true,"href":"https:\/\/www.bazarbonino.com\/store\/wp-json\/wp\/v2\/product_tag?post=933"}],"curies":[{"name":"wp","href":"https:\/\/api.w.org\/{rel}","templated":true}]}}