{"id":906,"date":"2013-01-01T23:32:34","date_gmt":"2013-01-01T22:32:34","guid":{"rendered":"http:\/\/www.bazarbonino.com\/store\/?wpsc-product=jgi340-pallina-sil-x-implosion-100-mm-trasparente"},"modified":"2025-09-22T12:31:40","modified_gmt":"2025-09-22T10:31:40","slug":"jgi340-pallina-sil-x-implosion-100-mm-trasparente","status":"publish","type":"product","link":"https:\/\/www.bazarbonino.com\/store\/prodotto\/jgi340-pallina-sil-x-implosion-100-mm-trasparente\/","title":{"rendered":"JG0300i &#8211; PALLINA SIL-X IMPLOSION 100 mm TRASPARENTE"},"content":{"rendered":"<h5>SIL-X IMPLOSION CLEAR<\/h5>\n<p class=\"articoli\">La pallina sil-x implosion 100 mm trasparente da 300 gr\u00a0 \u00e8 una pallina straordinaria, ad oggi indubbiamente la pi\u00f9 avanzata sul mercato. E&#8217; una morbida stage in PVC trasparente, riempita per un terzo del volume interno con uno speciale SILICONE LIQUIDO COLORATO. Il baricentro \u00e8 basso perci\u00f2 la palla \u00e8 molto stabile nei lanci alti ma anche facile da bloccare con i piedi e da tenere in equilibrio sulla testa, il SILICONE LIQUIDO. Diversamente da qualsiasi tipo di riempimento in granuli, scivola sempre nella parte bassa della pallina anche quando questa \u00e8 lanciata con un movimento del polso che la fa girare su se stessa, evitando il tipico \u201ctraballare\u201d delle palline Russe. L&#8217;olio siliconico impiegato \u00e8 totalmente atossico (normalmente utilizzato come lubrificante nell&#8217;industria alimentare) ed \u00e8 iniettato con una macchina speciale attraverso un buco di soli 5 mm utilizzando cos\u00ec lo stesso \u201ctappo invisibile\u201d usato per le MMX. Resistente e lavabile, ideale quindi nei lanci, come footbag e numeri con la testa, disponibile in cinque diversi colori fluo reattivi alla luce U.V. (tranne il blu)<\/p>\n","protected":false},"excerpt":{"rendered":"<p>SIL-X IMPLOSION CLEAR La pallina sil-x implosion 100 mm trasparente da 300 gr\u00a0 \u00e8 una pallina straordinaria, ad oggi indubbiamente la pi\u00f9 avanzata sul mercato. E&#8217; una morbida stage in PVC trasparente, riempita per un terzo del volume interno con uno speciale SILICONE LIQUIDO COLORATO. Il baricentro \u00e8 basso perci\u00f2 la palla \u00e8 molto stabile [&hellip;]<\/p>\n","protected":false},"featured_media":2678,"comment_status":"closed","ping_status":"closed","template":"","meta":{"_et_pb_use_builder":"","_et_pb_old_content":"","_et_gb_content_width":""},"product_brand":[],"product_cat":[8,7],"product_tag":[2127,358,357],"class_list":{"0":"post-906","1":"product","2":"type-product","3":"status-publish","4":"has-post-thumbnail","6":"product_cat-palline-contact-non-acriliche","7":"product_cat-palline-stage-riempite","8":"product_tag-bazar-bonino-torino","9":"product_tag-negozio-on-line-palline-stage-riempite-di-silicone","10":"product_tag-palline-con-refill-di-silicone-tipo-trasparente","11":"pa_colore-arancio","12":"pa_colore-blu","13":"pa_colore-giallo","14":"pa_colore-rosa","15":"pa_colore-trasparente","16":"pa_colore-verde","18":"first","19":"outofstock","20":"taxable","21":"shipping-taxable","22":"purchasable","23":"product-type-variable"},"yoast_head":"<!-- This site is optimized with the Yoast SEO plugin v27.4 - https:\/\/yoast.com\/product\/yoast-seo-wordpress\/ -->\n<title>JG0300i - PALLINA SIL-X IMPLOSION 100 mm TRASPARENTE - BazarBonino<\/title>\n<meta name=\"description\" content=\"La pallina sil-x implosion 100 mm trasparente da 300 gr \u00e8 una pallina straordinaria, ad oggi indubbiamente la pi\u00f9 avanzata sul mercato.\" \/>\n<meta name=\"robots\" content=\"index, follow, max-snippet:-1, max-image-preview:large, max-video-preview:-1\" \/>\n<link rel=\"canonical\" href=\"https:\/\/www.bazarbonino.com\/store\/prodotto\/jgi340-pallina-sil-x-implosion-100-mm-trasparente\/\" \/>\n<meta property=\"og:locale\" content=\"it_IT\" \/>\n<meta property=\"og:type\" content=\"article\" \/>\n<meta property=\"og:title\" content=\"JG0300i - PALLINA SIL-X IMPLOSION 100 mm TRASPARENTE - BazarBonino\" \/>\n<meta property=\"og:description\" content=\"La pallina sil-x implosion 100 mm trasparente da 300 gr \u00e8 una pallina straordinaria, ad oggi indubbiamente la pi\u00f9 avanzata sul mercato.\" \/>\n<meta property=\"og:url\" content=\"https:\/\/www.bazarbonino.com\/store\/prodotto\/jgi340-pallina-sil-x-implosion-100-mm-trasparente\/\" \/>\n<meta property=\"og:site_name\" content=\"BazarBonino\" \/>\n<meta property=\"article:publisher\" content=\"https:\/\/www.facebook.com\/bazar.bonino\" \/>\n<meta property=\"article:modified_time\" content=\"2025-09-22T10:31:40+00:00\" \/>\n<meta property=\"og:image\" content=\"https:\/\/www.bazarbonino.com\/store\/wp-content\/uploads\/2013\/01\/sil-x_implosion_100mm_all.jpg\" \/>\n\t<meta property=\"og:image:width\" content=\"800\" \/>\n\t<meta property=\"og:image:height\" content=\"719\" \/>\n\t<meta property=\"og:image:type\" content=\"image\/jpeg\" \/>\n<meta name=\"twitter:card\" content=\"summary_large_image\" \/>\n<meta name=\"twitter:label1\" content=\"Tempo di lettura stimato\" \/>\n\t<meta name=\"twitter:data1\" content=\"1 minuto\" \/>\n<script type=\"application\/ld+json\" class=\"yoast-schema-graph\">{\"@context\":\"https:\\\/\\\/schema.org\",\"@graph\":[{\"@type\":\"WebPage\",\"@id\":\"https:\\\/\\\/www.bazarbonino.com\\\/store\\\/prodotto\\\/jgi340-pallina-sil-x-implosion-100-mm-trasparente\\\/\",\"url\":\"https:\\\/\\\/www.bazarbonino.com\\\/store\\\/prodotto\\\/jgi340-pallina-sil-x-implosion-100-mm-trasparente\\\/\",\"name\":\"JG0300i - PALLINA SIL-X IMPLOSION 100 mm TRASPARENTE - BazarBonino\",\"isPartOf\":{\"@id\":\"https:\\\/\\\/www.bazarbonino.com\\\/store\\\/#website\"},\"primaryImageOfPage\":{\"@id\":\"https:\\\/\\\/www.bazarbonino.com\\\/store\\\/prodotto\\\/jgi340-pallina-sil-x-implosion-100-mm-trasparente\\\/#primaryimage\"},\"image\":{\"@id\":\"https:\\\/\\\/www.bazarbonino.com\\\/store\\\/prodotto\\\/jgi340-pallina-sil-x-implosion-100-mm-trasparente\\\/#primaryimage\"},\"thumbnailUrl\":\"https:\\\/\\\/www.bazarbonino.com\\\/store\\\/wp-content\\\/uploads\\\/2013\\\/01\\\/sil-x_implosion_100mm_all.jpg\",\"datePublished\":\"2013-01-01T22:32:34+00:00\",\"dateModified\":\"2025-09-22T10:31:40+00:00\",\"description\":\"La pallina sil-x implosion 100 mm trasparente da 300 gr \u00e8 una pallina straordinaria, ad oggi indubbiamente la pi\u00f9 avanzata sul mercato.\",\"breadcrumb\":{\"@id\":\"https:\\\/\\\/www.bazarbonino.com\\\/store\\\/prodotto\\\/jgi340-pallina-sil-x-implosion-100-mm-trasparente\\\/#breadcrumb\"},\"inLanguage\":\"it-IT\",\"potentialAction\":[{\"@type\":\"ReadAction\",\"target\":[\"https:\\\/\\\/www.bazarbonino.com\\\/store\\\/prodotto\\\/jgi340-pallina-sil-x-implosion-100-mm-trasparente\\\/\"]}]},{\"@type\":\"ImageObject\",\"inLanguage\":\"it-IT\",\"@id\":\"https:\\\/\\\/www.bazarbonino.com\\\/store\\\/prodotto\\\/jgi340-pallina-sil-x-implosion-100-mm-trasparente\\\/#primaryimage\",\"url\":\"https:\\\/\\\/www.bazarbonino.com\\\/store\\\/wp-content\\\/uploads\\\/2013\\\/01\\\/sil-x_implosion_100mm_all.jpg\",\"contentUrl\":\"https:\\\/\\\/www.bazarbonino.com\\\/store\\\/wp-content\\\/uploads\\\/2013\\\/01\\\/sil-x_implosion_100mm_all.jpg\",\"width\":800,\"height\":719,\"caption\":\"JG0300i - PALLINA SIL-X IMPLOSION 100 mm TRASPARENTE\"},{\"@type\":\"BreadcrumbList\",\"@id\":\"https:\\\/\\\/www.bazarbonino.com\\\/store\\\/prodotto\\\/jgi340-pallina-sil-x-implosion-100-mm-trasparente\\\/#breadcrumb\",\"itemListElement\":[{\"@type\":\"ListItem\",\"position\":1,\"name\":\"Home\",\"item\":\"https:\\\/\\\/www.bazarbonino.com\\\/store\\\/\"},{\"@type\":\"ListItem\",\"position\":2,\"name\":\"Catalogo\",\"item\":\"https:\\\/\\\/www.bazarbonino.com\\\/store\\\/shop\\\/\"},{\"@type\":\"ListItem\",\"position\":3,\"name\":\"JG0300i &#8211; PALLINA SIL-X IMPLOSION 100 mm TRASPARENTE\"}]},{\"@type\":\"WebSite\",\"@id\":\"https:\\\/\\\/www.bazarbonino.com\\\/store\\\/#website\",\"url\":\"https:\\\/\\\/www.bazarbonino.com\\\/store\\\/\",\"name\":\"BazarBonino\",\"description\":\"\",\"potentialAction\":[{\"@type\":\"SearchAction\",\"target\":{\"@type\":\"EntryPoint\",\"urlTemplate\":\"https:\\\/\\\/www.bazarbonino.com\\\/store\\\/?s={search_term_string}\"},\"query-input\":{\"@type\":\"PropertyValueSpecification\",\"valueRequired\":true,\"valueName\":\"search_term_string\"}}],\"inLanguage\":\"it-IT\"}]}<\/script>\n<!-- \/ Yoast SEO plugin. -->","yoast_head_json":{"title":"JG0300i - PALLINA SIL-X IMPLOSION 100 mm TRASPARENTE - BazarBonino","description":"La pallina sil-x implosion 100 mm trasparente da 300 gr \u00e8 una pallina straordinaria, ad oggi indubbiamente la pi\u00f9 avanzata sul mercato.","robots":{"index":"index","follow":"follow","max-snippet":"max-snippet:-1","max-image-preview":"max-image-preview:large","max-video-preview":"max-video-preview:-1"},"canonical":"https:\/\/www.bazarbonino.com\/store\/prodotto\/jgi340-pallina-sil-x-implosion-100-mm-trasparente\/","og_locale":"it_IT","og_type":"article","og_title":"JG0300i - PALLINA SIL-X IMPLOSION 100 mm TRASPARENTE - BazarBonino","og_description":"La pallina sil-x implosion 100 mm trasparente da 300 gr \u00e8 una pallina straordinaria, ad oggi indubbiamente la pi\u00f9 avanzata sul mercato.","og_url":"https:\/\/www.bazarbonino.com\/store\/prodotto\/jgi340-pallina-sil-x-implosion-100-mm-trasparente\/","og_site_name":"BazarBonino","article_publisher":"https:\/\/www.facebook.com\/bazar.bonino","article_modified_time":"2025-09-22T10:31:40+00:00","og_image":[{"width":800,"height":719,"url":"https:\/\/www.bazarbonino.com\/store\/wp-content\/uploads\/2013\/01\/sil-x_implosion_100mm_all.jpg","type":"image\/jpeg"}],"twitter_card":"summary_large_image","twitter_misc":{"Tempo di lettura stimato":"1 minuto"},"schema":{"@context":"https:\/\/schema.org","@graph":[{"@type":"WebPage","@id":"https:\/\/www.bazarbonino.com\/store\/prodotto\/jgi340-pallina-sil-x-implosion-100-mm-trasparente\/","url":"https:\/\/www.bazarbonino.com\/store\/prodotto\/jgi340-pallina-sil-x-implosion-100-mm-trasparente\/","name":"JG0300i - PALLINA SIL-X IMPLOSION 100 mm TRASPARENTE - BazarBonino","isPartOf":{"@id":"https:\/\/www.bazarbonino.com\/store\/#website"},"primaryImageOfPage":{"@id":"https:\/\/www.bazarbonino.com\/store\/prodotto\/jgi340-pallina-sil-x-implosion-100-mm-trasparente\/#primaryimage"},"image":{"@id":"https:\/\/www.bazarbonino.com\/store\/prodotto\/jgi340-pallina-sil-x-implosion-100-mm-trasparente\/#primaryimage"},"thumbnailUrl":"https:\/\/www.bazarbonino.com\/store\/wp-content\/uploads\/2013\/01\/sil-x_implosion_100mm_all.jpg","datePublished":"2013-01-01T22:32:34+00:00","dateModified":"2025-09-22T10:31:40+00:00","description":"La pallina sil-x implosion 100 mm trasparente da 300 gr \u00e8 una pallina straordinaria, ad oggi indubbiamente la pi\u00f9 avanzata sul mercato.","breadcrumb":{"@id":"https:\/\/www.bazarbonino.com\/store\/prodotto\/jgi340-pallina-sil-x-implosion-100-mm-trasparente\/#breadcrumb"},"inLanguage":"it-IT","potentialAction":[{"@type":"ReadAction","target":["https:\/\/www.bazarbonino.com\/store\/prodotto\/jgi340-pallina-sil-x-implosion-100-mm-trasparente\/"]}]},{"@type":"ImageObject","inLanguage":"it-IT","@id":"https:\/\/www.bazarbonino.com\/store\/prodotto\/jgi340-pallina-sil-x-implosion-100-mm-trasparente\/#primaryimage","url":"https:\/\/www.bazarbonino.com\/store\/wp-content\/uploads\/2013\/01\/sil-x_implosion_100mm_all.jpg","contentUrl":"https:\/\/www.bazarbonino.com\/store\/wp-content\/uploads\/2013\/01\/sil-x_implosion_100mm_all.jpg","width":800,"height":719,"caption":"JG0300i - PALLINA SIL-X IMPLOSION 100 mm TRASPARENTE"},{"@type":"BreadcrumbList","@id":"https:\/\/www.bazarbonino.com\/store\/prodotto\/jgi340-pallina-sil-x-implosion-100-mm-trasparente\/#breadcrumb","itemListElement":[{"@type":"ListItem","position":1,"name":"Home","item":"https:\/\/www.bazarbonino.com\/store\/"},{"@type":"ListItem","position":2,"name":"Catalogo","item":"https:\/\/www.bazarbonino.com\/store\/shop\/"},{"@type":"ListItem","position":3,"name":"JG0300i &#8211; PALLINA SIL-X IMPLOSION 100 mm TRASPARENTE"}]},{"@type":"WebSite","@id":"https:\/\/www.bazarbonino.com\/store\/#website","url":"https:\/\/www.bazarbonino.com\/store\/","name":"BazarBonino","description":"","potentialAction":[{"@type":"SearchAction","target":{"@type":"EntryPoint","urlTemplate":"https:\/\/www.bazarbonino.com\/store\/?s={search_term_string}"},"query-input":{"@type":"PropertyValueSpecification","valueRequired":true,"valueName":"search_term_string"}}],"inLanguage":"it-IT"}]}},"_links":{"self":[{"href":"https:\/\/www.bazarbonino.com\/store\/wp-json\/wp\/v2\/product\/906","targetHints":{"allow":["GET"]}}],"collection":[{"href":"https:\/\/www.bazarbonino.com\/store\/wp-json\/wp\/v2\/product"}],"about":[{"href":"https:\/\/www.bazarbonino.com\/store\/wp-json\/wp\/v2\/types\/product"}],"replies":[{"embeddable":true,"href":"https:\/\/www.bazarbonino.com\/store\/wp-json\/wp\/v2\/comments?post=906"}],"wp:featuredmedia":[{"embeddable":true,"href":"https:\/\/www.bazarbonino.com\/store\/wp-json\/wp\/v2\/media\/2678"}],"wp:attachment":[{"href":"https:\/\/www.bazarbonino.com\/store\/wp-json\/wp\/v2\/media?parent=906"}],"wp:term":[{"taxonomy":"product_brand","embeddable":true,"href":"https:\/\/www.bazarbonino.com\/store\/wp-json\/wp\/v2\/product_brand?post=906"},{"taxonomy":"product_cat","embeddable":true,"href":"https:\/\/www.bazarbonino.com\/store\/wp-json\/wp\/v2\/product_cat?post=906"},{"taxonomy":"product_tag","embeddable":true,"href":"https:\/\/www.bazarbonino.com\/store\/wp-json\/wp\/v2\/product_tag?post=906"}],"curies":[{"name":"wp","href":"https:\/\/api.w.org\/{rel}","templated":true}]}}