{"id":902,"date":"2013-01-01T23:32:34","date_gmt":"2013-01-01T22:32:34","guid":{"rendered":"http:\/\/www.bazarbonino.com\/store\/?wpsc-product=jg0280-pallina-sil-x-100-mm"},"modified":"2023-03-16T16:18:32","modified_gmt":"2023-03-16T15:18:32","slug":"jg0280-pallina-sil-x-100-mm","status":"publish","type":"product","link":"https:\/\/www.bazarbonino.com\/store\/prodotto\/jg0280-pallina-sil-x-100-mm\/","title":{"rendered":"JG0300 &#8211; PALLINA SIL-X 100 mm"},"content":{"rendered":"<h5>SIL-X BALL<\/h5>\n<p>La pallina SIL-X 100 mm da 300 gr &#8211; \u00e8 una pallina straordinaria, ad oggi indubbiamente la pi\u00f9 avanzata sul mercato. E&#8217; una morbida stage in PVC colorato, riempita per un terzo del volume interno con uno speciale SILICONE LIQUIDO. Il baricentro \u00e8 basso perci\u00f2 la palla \u00e8 molto stabile nei lanci alti ma anche facile da bloccare con i piedi e da tenere in equilibrio sulla testa. Il SILICONE LIQUIDO, diversamente da qualsiasi tipo di riempimento in granuli, scivola sempre nella parte bassa della pallina anche quando questa \u00e8 lanciata con un movimento del polso che la fa girare su se stessa, evitando il tipico \u201ctraballare\u201d delle palline Russe. L&#8217;olio siliconico impiegato \u00e8 totalmente atossico (normalmente utilizzato come lubrificante nell&#8217;industria alimentare) ed \u00e8 iniettato con una macchina speciale attraverso un buco di soli 5 mm utilizzando cos\u00ec lo stesso \u201ctappo invisibile\u201d usato per le MMX. Resistente e lavabile, ideale quindi nei lanci, come footbag e numeri con la testa, disponibile in sette diversi colori fluo.<\/p>\n","protected":false},"excerpt":{"rendered":"<p>SIL-X BALL La pallina SIL-X 100 mm da 300 gr &#8211; \u00e8 una pallina straordinaria, ad oggi indubbiamente la pi\u00f9 avanzata sul mercato. E&#8217; una morbida stage in PVC colorato, riempita per un terzo del volume interno con uno speciale SILICONE LIQUIDO. Il baricentro \u00e8 basso perci\u00f2 la palla \u00e8 molto stabile nei lanci alti [&hellip;]<\/p>\n","protected":false},"featured_media":2657,"comment_status":"closed","ping_status":"closed","template":"","meta":{"_et_pb_use_builder":"","_et_pb_old_content":"","_et_gb_content_width":""},"product_brand":[],"product_cat":[8,7],"product_tag":[214,209,213],"class_list":{"0":"post-902","1":"product","2":"type-product","3":"status-publish","4":"has-post-thumbnail","6":"product_cat-palline-contact-non-acriliche","7":"product_cat-palline-stage-riempite","8":"product_tag-bazar-bonino-negozio-giocoleria-on-line","9":"product_tag-bazar-bonino-torino-articoli-circensi","10":"product_tag-negozio-palline-contact","11":"pa_colore-arancio","12":"pa_colore-bianco","13":"pa_colore-blu","14":"pa_colore-giallo","15":"pa_colore-rosa","16":"pa_colore-rosso","17":"pa_colore-verde","19":"first","20":"instock","21":"taxable","22":"shipping-taxable","23":"purchasable","24":"product-type-variable"},"yoast_head":"<!-- This site is optimized with the Yoast SEO plugin v27.4 - https:\/\/yoast.com\/product\/yoast-seo-wordpress\/ -->\n<title>JG0300 - PALLINA SIL-X 100 mm - BazarBonino<\/title>\n<meta name=\"description\" content=\"La pallina SIL-X 100 mm da 300 gr - \u00e8 una pallina straordinaria, ad oggi indubbiamente la pi\u00f9 avanzata sul mercato. E&#039; una morbida stage in PVC colorato...\" \/>\n<meta name=\"robots\" content=\"index, follow, max-snippet:-1, max-image-preview:large, max-video-preview:-1\" \/>\n<link rel=\"canonical\" href=\"https:\/\/www.bazarbonino.com\/store\/prodotto\/jg0280-pallina-sil-x-100-mm\/\" \/>\n<meta property=\"og:locale\" content=\"it_IT\" \/>\n<meta property=\"og:type\" content=\"article\" \/>\n<meta property=\"og:title\" content=\"JG0300 - PALLINA SIL-X 100 mm - BazarBonino\" \/>\n<meta property=\"og:description\" content=\"La pallina SIL-X 100 mm da 300 gr - \u00e8 una pallina straordinaria, ad oggi indubbiamente la pi\u00f9 avanzata sul mercato. E&#039; una morbida stage in PVC colorato...\" \/>\n<meta property=\"og:url\" content=\"https:\/\/www.bazarbonino.com\/store\/prodotto\/jg0280-pallina-sil-x-100-mm\/\" \/>\n<meta property=\"og:site_name\" content=\"BazarBonino\" \/>\n<meta property=\"article:publisher\" content=\"https:\/\/www.facebook.com\/bazar.bonino\" \/>\n<meta property=\"article:modified_time\" content=\"2023-03-16T15:18:32+00:00\" \/>\n<meta property=\"og:image\" content=\"https:\/\/www.bazarbonino.com\/store\/wp-content\/uploads\/2013\/01\/sil-x100.jpg\" \/>\n\t<meta property=\"og:image:width\" content=\"800\" \/>\n\t<meta property=\"og:image:height\" content=\"800\" \/>\n\t<meta property=\"og:image:type\" content=\"image\/jpeg\" \/>\n<meta name=\"twitter:card\" content=\"summary_large_image\" \/>\n<meta name=\"twitter:label1\" content=\"Tempo di lettura stimato\" \/>\n\t<meta name=\"twitter:data1\" content=\"1 minuto\" \/>\n<script type=\"application\/ld+json\" class=\"yoast-schema-graph\">{\"@context\":\"https:\\\/\\\/schema.org\",\"@graph\":[{\"@type\":\"WebPage\",\"@id\":\"https:\\\/\\\/www.bazarbonino.com\\\/store\\\/prodotto\\\/jg0280-pallina-sil-x-100-mm\\\/\",\"url\":\"https:\\\/\\\/www.bazarbonino.com\\\/store\\\/prodotto\\\/jg0280-pallina-sil-x-100-mm\\\/\",\"name\":\"JG0300 - PALLINA SIL-X 100 mm - BazarBonino\",\"isPartOf\":{\"@id\":\"https:\\\/\\\/www.bazarbonino.com\\\/store\\\/#website\"},\"primaryImageOfPage\":{\"@id\":\"https:\\\/\\\/www.bazarbonino.com\\\/store\\\/prodotto\\\/jg0280-pallina-sil-x-100-mm\\\/#primaryimage\"},\"image\":{\"@id\":\"https:\\\/\\\/www.bazarbonino.com\\\/store\\\/prodotto\\\/jg0280-pallina-sil-x-100-mm\\\/#primaryimage\"},\"thumbnailUrl\":\"https:\\\/\\\/www.bazarbonino.com\\\/store\\\/wp-content\\\/uploads\\\/2013\\\/01\\\/sil-x100.jpg\",\"datePublished\":\"2013-01-01T22:32:34+00:00\",\"dateModified\":\"2023-03-16T15:18:32+00:00\",\"description\":\"La pallina SIL-X 100 mm da 300 gr - \u00e8 una pallina straordinaria, ad oggi indubbiamente la pi\u00f9 avanzata sul mercato. E' una morbida stage in PVC colorato...\",\"breadcrumb\":{\"@id\":\"https:\\\/\\\/www.bazarbonino.com\\\/store\\\/prodotto\\\/jg0280-pallina-sil-x-100-mm\\\/#breadcrumb\"},\"inLanguage\":\"it-IT\",\"potentialAction\":[{\"@type\":\"ReadAction\",\"target\":[\"https:\\\/\\\/www.bazarbonino.com\\\/store\\\/prodotto\\\/jg0280-pallina-sil-x-100-mm\\\/\"]}]},{\"@type\":\"ImageObject\",\"inLanguage\":\"it-IT\",\"@id\":\"https:\\\/\\\/www.bazarbonino.com\\\/store\\\/prodotto\\\/jg0280-pallina-sil-x-100-mm\\\/#primaryimage\",\"url\":\"https:\\\/\\\/www.bazarbonino.com\\\/store\\\/wp-content\\\/uploads\\\/2013\\\/01\\\/sil-x100.jpg\",\"contentUrl\":\"https:\\\/\\\/www.bazarbonino.com\\\/store\\\/wp-content\\\/uploads\\\/2013\\\/01\\\/sil-x100.jpg\",\"width\":800,\"height\":800,\"caption\":\"JG0300 - PALLINA SIL-X 100 mm\"},{\"@type\":\"BreadcrumbList\",\"@id\":\"https:\\\/\\\/www.bazarbonino.com\\\/store\\\/prodotto\\\/jg0280-pallina-sil-x-100-mm\\\/#breadcrumb\",\"itemListElement\":[{\"@type\":\"ListItem\",\"position\":1,\"name\":\"Home\",\"item\":\"https:\\\/\\\/www.bazarbonino.com\\\/store\\\/\"},{\"@type\":\"ListItem\",\"position\":2,\"name\":\"Catalogo\",\"item\":\"https:\\\/\\\/www.bazarbonino.com\\\/store\\\/shop\\\/\"},{\"@type\":\"ListItem\",\"position\":3,\"name\":\"JG0300 &#8211; PALLINA SIL-X 100 mm\"}]},{\"@type\":\"WebSite\",\"@id\":\"https:\\\/\\\/www.bazarbonino.com\\\/store\\\/#website\",\"url\":\"https:\\\/\\\/www.bazarbonino.com\\\/store\\\/\",\"name\":\"BazarBonino\",\"description\":\"\",\"potentialAction\":[{\"@type\":\"SearchAction\",\"target\":{\"@type\":\"EntryPoint\",\"urlTemplate\":\"https:\\\/\\\/www.bazarbonino.com\\\/store\\\/?s={search_term_string}\"},\"query-input\":{\"@type\":\"PropertyValueSpecification\",\"valueRequired\":true,\"valueName\":\"search_term_string\"}}],\"inLanguage\":\"it-IT\"}]}<\/script>\n<!-- \/ Yoast SEO plugin. -->","yoast_head_json":{"title":"JG0300 - PALLINA SIL-X 100 mm - BazarBonino","description":"La pallina SIL-X 100 mm da 300 gr - \u00e8 una pallina straordinaria, ad oggi indubbiamente la pi\u00f9 avanzata sul mercato. E' una morbida stage in PVC colorato...","robots":{"index":"index","follow":"follow","max-snippet":"max-snippet:-1","max-image-preview":"max-image-preview:large","max-video-preview":"max-video-preview:-1"},"canonical":"https:\/\/www.bazarbonino.com\/store\/prodotto\/jg0280-pallina-sil-x-100-mm\/","og_locale":"it_IT","og_type":"article","og_title":"JG0300 - PALLINA SIL-X 100 mm - BazarBonino","og_description":"La pallina SIL-X 100 mm da 300 gr - \u00e8 una pallina straordinaria, ad oggi indubbiamente la pi\u00f9 avanzata sul mercato. E' una morbida stage in PVC colorato...","og_url":"https:\/\/www.bazarbonino.com\/store\/prodotto\/jg0280-pallina-sil-x-100-mm\/","og_site_name":"BazarBonino","article_publisher":"https:\/\/www.facebook.com\/bazar.bonino","article_modified_time":"2023-03-16T15:18:32+00:00","og_image":[{"width":800,"height":800,"url":"https:\/\/www.bazarbonino.com\/store\/wp-content\/uploads\/2013\/01\/sil-x100.jpg","type":"image\/jpeg"}],"twitter_card":"summary_large_image","twitter_misc":{"Tempo di lettura stimato":"1 minuto"},"schema":{"@context":"https:\/\/schema.org","@graph":[{"@type":"WebPage","@id":"https:\/\/www.bazarbonino.com\/store\/prodotto\/jg0280-pallina-sil-x-100-mm\/","url":"https:\/\/www.bazarbonino.com\/store\/prodotto\/jg0280-pallina-sil-x-100-mm\/","name":"JG0300 - PALLINA SIL-X 100 mm - BazarBonino","isPartOf":{"@id":"https:\/\/www.bazarbonino.com\/store\/#website"},"primaryImageOfPage":{"@id":"https:\/\/www.bazarbonino.com\/store\/prodotto\/jg0280-pallina-sil-x-100-mm\/#primaryimage"},"image":{"@id":"https:\/\/www.bazarbonino.com\/store\/prodotto\/jg0280-pallina-sil-x-100-mm\/#primaryimage"},"thumbnailUrl":"https:\/\/www.bazarbonino.com\/store\/wp-content\/uploads\/2013\/01\/sil-x100.jpg","datePublished":"2013-01-01T22:32:34+00:00","dateModified":"2023-03-16T15:18:32+00:00","description":"La pallina SIL-X 100 mm da 300 gr - \u00e8 una pallina straordinaria, ad oggi indubbiamente la pi\u00f9 avanzata sul mercato. E' una morbida stage in PVC colorato...","breadcrumb":{"@id":"https:\/\/www.bazarbonino.com\/store\/prodotto\/jg0280-pallina-sil-x-100-mm\/#breadcrumb"},"inLanguage":"it-IT","potentialAction":[{"@type":"ReadAction","target":["https:\/\/www.bazarbonino.com\/store\/prodotto\/jg0280-pallina-sil-x-100-mm\/"]}]},{"@type":"ImageObject","inLanguage":"it-IT","@id":"https:\/\/www.bazarbonino.com\/store\/prodotto\/jg0280-pallina-sil-x-100-mm\/#primaryimage","url":"https:\/\/www.bazarbonino.com\/store\/wp-content\/uploads\/2013\/01\/sil-x100.jpg","contentUrl":"https:\/\/www.bazarbonino.com\/store\/wp-content\/uploads\/2013\/01\/sil-x100.jpg","width":800,"height":800,"caption":"JG0300 - PALLINA SIL-X 100 mm"},{"@type":"BreadcrumbList","@id":"https:\/\/www.bazarbonino.com\/store\/prodotto\/jg0280-pallina-sil-x-100-mm\/#breadcrumb","itemListElement":[{"@type":"ListItem","position":1,"name":"Home","item":"https:\/\/www.bazarbonino.com\/store\/"},{"@type":"ListItem","position":2,"name":"Catalogo","item":"https:\/\/www.bazarbonino.com\/store\/shop\/"},{"@type":"ListItem","position":3,"name":"JG0300 &#8211; PALLINA SIL-X 100 mm"}]},{"@type":"WebSite","@id":"https:\/\/www.bazarbonino.com\/store\/#website","url":"https:\/\/www.bazarbonino.com\/store\/","name":"BazarBonino","description":"","potentialAction":[{"@type":"SearchAction","target":{"@type":"EntryPoint","urlTemplate":"https:\/\/www.bazarbonino.com\/store\/?s={search_term_string}"},"query-input":{"@type":"PropertyValueSpecification","valueRequired":true,"valueName":"search_term_string"}}],"inLanguage":"it-IT"}]}},"_links":{"self":[{"href":"https:\/\/www.bazarbonino.com\/store\/wp-json\/wp\/v2\/product\/902","targetHints":{"allow":["GET"]}}],"collection":[{"href":"https:\/\/www.bazarbonino.com\/store\/wp-json\/wp\/v2\/product"}],"about":[{"href":"https:\/\/www.bazarbonino.com\/store\/wp-json\/wp\/v2\/types\/product"}],"replies":[{"embeddable":true,"href":"https:\/\/www.bazarbonino.com\/store\/wp-json\/wp\/v2\/comments?post=902"}],"wp:featuredmedia":[{"embeddable":true,"href":"https:\/\/www.bazarbonino.com\/store\/wp-json\/wp\/v2\/media\/2657"}],"wp:attachment":[{"href":"https:\/\/www.bazarbonino.com\/store\/wp-json\/wp\/v2\/media?parent=902"}],"wp:term":[{"taxonomy":"product_brand","embeddable":true,"href":"https:\/\/www.bazarbonino.com\/store\/wp-json\/wp\/v2\/product_brand?post=902"},{"taxonomy":"product_cat","embeddable":true,"href":"https:\/\/www.bazarbonino.com\/store\/wp-json\/wp\/v2\/product_cat?post=902"},{"taxonomy":"product_tag","embeddable":true,"href":"https:\/\/www.bazarbonino.com\/store\/wp-json\/wp\/v2\/product_tag?post=902"}],"curies":[{"name":"wp","href":"https:\/\/api.w.org\/{rel}","templated":true}]}}