{"id":897,"date":"2013-01-01T23:32:34","date_gmt":"2013-01-01T22:32:34","guid":{"rendered":"http:\/\/www.bazarbonino.com\/store\/?wpsc-product=jg0217-pallina-stage-mmx-70-mm"},"modified":"2022-07-20T21:10:30","modified_gmt":"2022-07-20T19:10:30","slug":"jg0217-pallina-stage-mmx-70-mm","status":"publish","type":"product","link":"https:\/\/www.bazarbonino.com\/store\/prodotto\/jg0217-pallina-stage-mmx-70-mm\/","title":{"rendered":"JG0217 &#8211; PALLINA STAGE MMX 70 mm"},"content":{"rendered":"<p>PALLINA STAGE MMX 70 mm 150 gr. &#8211; Morbida come una beanbag \u00e8 molto piacevole al tatto pur mantenendo la sua perfetta sfericit\u00e0 in aria. Allo stesso tempo la MMX \u00e8 resistente e lavabile come una Stage ma non rimbalza e non rotola quando cade a terra. Un compromesso ideale che ne fa uno dei nostri best seller. Riempita con semi di miglio, stesso \u201ctappo invisibile\u201d usato per le SIL-X e le MMXplus. Colori fluorescenti in: arancio, verde, rosa, blu, rosso, giallo e bianco no fluo.<\/p>\n","protected":false},"excerpt":{"rendered":"<p>PALLINA STAGE MMX 70 mm 150 gr. &#8211; Morbida come una beanbag \u00e8 molto piacevole al tatto pur mantenendo la sua perfetta sfericit\u00e0 in aria. Allo stesso tempo la MMX \u00e8 resistente e lavabile come una Stage ma non rimbalza e non rotola quando cade a terra. Un compromesso ideale che ne fa uno dei [&hellip;]<\/p>\n","protected":false},"featured_media":2596,"comment_status":"closed","ping_status":"closed","template":"","meta":{"_et_pb_use_builder":"","_et_pb_old_content":"","_et_gb_content_width":""},"product_brand":[],"product_cat":[7],"product_tag":[209,210,207,208,206],"class_list":{"0":"post-897","1":"product","2":"type-product","3":"status-publish","4":"has-post-thumbnail","6":"product_cat-palline-stage-riempite","7":"product_tag-bazar-bonino-torino-articoli-circensi","8":"product_tag-negozio-on-line-articoli-per-giocolieri-e-per-circo","9":"product_tag-palline-professionali-giocoleria-e-arti-circensi","10":"product_tag-palline-riempite-di-silicone-liquido","11":"product_tag-palline-stage-play-riempite","12":"pa_colore-arancio","13":"pa_colore-bianco-no-fluo","14":"pa_colore-blu","15":"pa_colore-giallo","16":"pa_colore-rosa","17":"pa_colore-rosso","18":"pa_colore-verde","20":"first","21":"instock","22":"taxable","23":"shipping-taxable","24":"purchasable","25":"product-type-variable"},"yoast_head":"<!-- This site is optimized with the Yoast SEO plugin v27.4 - https:\/\/yoast.com\/product\/yoast-seo-wordpress\/ -->\n<title>JG0217 - PALLINA STAGE MMX 70 mm - BazarBonino<\/title>\n<meta name=\"description\" content=\"PALLINA STAGE MMX 70 mm 150 gr. - Morbida come una beanbag \u00e8 molto piacevole al tatto pur mantenendo la sua perfetta sfericit\u00e0 in aria.\" \/>\n<meta name=\"robots\" content=\"index, follow, max-snippet:-1, max-image-preview:large, max-video-preview:-1\" \/>\n<link rel=\"canonical\" href=\"https:\/\/www.bazarbonino.com\/store\/prodotto\/jg0217-pallina-stage-mmx-70-mm\/\" \/>\n<meta property=\"og:locale\" content=\"it_IT\" \/>\n<meta property=\"og:type\" content=\"article\" \/>\n<meta property=\"og:title\" content=\"JG0217 - PALLINA STAGE MMX 70 mm - BazarBonino\" \/>\n<meta property=\"og:description\" content=\"PALLINA STAGE MMX 70 mm 150 gr. - Morbida come una beanbag \u00e8 molto piacevole al tatto pur mantenendo la sua perfetta sfericit\u00e0 in aria.\" \/>\n<meta property=\"og:url\" content=\"https:\/\/www.bazarbonino.com\/store\/prodotto\/jg0217-pallina-stage-mmx-70-mm\/\" \/>\n<meta property=\"og:site_name\" content=\"BazarBonino\" \/>\n<meta property=\"article:publisher\" content=\"https:\/\/www.facebook.com\/bazar.bonino\" \/>\n<meta property=\"article:modified_time\" content=\"2022-07-20T19:10:30+00:00\" \/>\n<meta property=\"og:image\" content=\"https:\/\/www.bazarbonino.com\/store\/wp-content\/uploads\/2013\/01\/mmx2-all.jpg\" \/>\n\t<meta property=\"og:image:width\" content=\"800\" \/>\n\t<meta property=\"og:image:height\" content=\"800\" \/>\n\t<meta property=\"og:image:type\" content=\"image\/jpeg\" \/>\n<meta name=\"twitter:card\" content=\"summary_large_image\" \/>\n<script type=\"application\/ld+json\" class=\"yoast-schema-graph\">{\"@context\":\"https:\\\/\\\/schema.org\",\"@graph\":[{\"@type\":\"WebPage\",\"@id\":\"https:\\\/\\\/www.bazarbonino.com\\\/store\\\/prodotto\\\/jg0217-pallina-stage-mmx-70-mm\\\/\",\"url\":\"https:\\\/\\\/www.bazarbonino.com\\\/store\\\/prodotto\\\/jg0217-pallina-stage-mmx-70-mm\\\/\",\"name\":\"JG0217 - PALLINA STAGE MMX 70 mm - BazarBonino\",\"isPartOf\":{\"@id\":\"https:\\\/\\\/www.bazarbonino.com\\\/store\\\/#website\"},\"primaryImageOfPage\":{\"@id\":\"https:\\\/\\\/www.bazarbonino.com\\\/store\\\/prodotto\\\/jg0217-pallina-stage-mmx-70-mm\\\/#primaryimage\"},\"image\":{\"@id\":\"https:\\\/\\\/www.bazarbonino.com\\\/store\\\/prodotto\\\/jg0217-pallina-stage-mmx-70-mm\\\/#primaryimage\"},\"thumbnailUrl\":\"https:\\\/\\\/www.bazarbonino.com\\\/store\\\/wp-content\\\/uploads\\\/2013\\\/01\\\/mmx2-all.jpg\",\"datePublished\":\"2013-01-01T22:32:34+00:00\",\"dateModified\":\"2022-07-20T19:10:30+00:00\",\"description\":\"PALLINA STAGE MMX 70 mm 150 gr. - Morbida come una beanbag \u00e8 molto piacevole al tatto pur mantenendo la sua perfetta sfericit\u00e0 in aria.\",\"breadcrumb\":{\"@id\":\"https:\\\/\\\/www.bazarbonino.com\\\/store\\\/prodotto\\\/jg0217-pallina-stage-mmx-70-mm\\\/#breadcrumb\"},\"inLanguage\":\"it-IT\",\"potentialAction\":[{\"@type\":\"ReadAction\",\"target\":[\"https:\\\/\\\/www.bazarbonino.com\\\/store\\\/prodotto\\\/jg0217-pallina-stage-mmx-70-mm\\\/\"]}]},{\"@type\":\"ImageObject\",\"inLanguage\":\"it-IT\",\"@id\":\"https:\\\/\\\/www.bazarbonino.com\\\/store\\\/prodotto\\\/jg0217-pallina-stage-mmx-70-mm\\\/#primaryimage\",\"url\":\"https:\\\/\\\/www.bazarbonino.com\\\/store\\\/wp-content\\\/uploads\\\/2013\\\/01\\\/mmx2-all.jpg\",\"contentUrl\":\"https:\\\/\\\/www.bazarbonino.com\\\/store\\\/wp-content\\\/uploads\\\/2013\\\/01\\\/mmx2-all.jpg\",\"width\":800,\"height\":800,\"caption\":\"JG0217 - PALLINA STAGE MMX 70 mm\"},{\"@type\":\"BreadcrumbList\",\"@id\":\"https:\\\/\\\/www.bazarbonino.com\\\/store\\\/prodotto\\\/jg0217-pallina-stage-mmx-70-mm\\\/#breadcrumb\",\"itemListElement\":[{\"@type\":\"ListItem\",\"position\":1,\"name\":\"Home\",\"item\":\"https:\\\/\\\/www.bazarbonino.com\\\/store\\\/\"},{\"@type\":\"ListItem\",\"position\":2,\"name\":\"Catalogo\",\"item\":\"https:\\\/\\\/www.bazarbonino.com\\\/store\\\/shop\\\/\"},{\"@type\":\"ListItem\",\"position\":3,\"name\":\"JG0217 &#8211; PALLINA STAGE MMX 70 mm\"}]},{\"@type\":\"WebSite\",\"@id\":\"https:\\\/\\\/www.bazarbonino.com\\\/store\\\/#website\",\"url\":\"https:\\\/\\\/www.bazarbonino.com\\\/store\\\/\",\"name\":\"BazarBonino\",\"description\":\"\",\"potentialAction\":[{\"@type\":\"SearchAction\",\"target\":{\"@type\":\"EntryPoint\",\"urlTemplate\":\"https:\\\/\\\/www.bazarbonino.com\\\/store\\\/?s={search_term_string}\"},\"query-input\":{\"@type\":\"PropertyValueSpecification\",\"valueRequired\":true,\"valueName\":\"search_term_string\"}}],\"inLanguage\":\"it-IT\"}]}<\/script>\n<!-- \/ Yoast SEO plugin. -->","yoast_head_json":{"title":"JG0217 - PALLINA STAGE MMX 70 mm - BazarBonino","description":"PALLINA STAGE MMX 70 mm 150 gr. - Morbida come una beanbag \u00e8 molto piacevole al tatto pur mantenendo la sua perfetta sfericit\u00e0 in aria.","robots":{"index":"index","follow":"follow","max-snippet":"max-snippet:-1","max-image-preview":"max-image-preview:large","max-video-preview":"max-video-preview:-1"},"canonical":"https:\/\/www.bazarbonino.com\/store\/prodotto\/jg0217-pallina-stage-mmx-70-mm\/","og_locale":"it_IT","og_type":"article","og_title":"JG0217 - PALLINA STAGE MMX 70 mm - BazarBonino","og_description":"PALLINA STAGE MMX 70 mm 150 gr. - Morbida come una beanbag \u00e8 molto piacevole al tatto pur mantenendo la sua perfetta sfericit\u00e0 in aria.","og_url":"https:\/\/www.bazarbonino.com\/store\/prodotto\/jg0217-pallina-stage-mmx-70-mm\/","og_site_name":"BazarBonino","article_publisher":"https:\/\/www.facebook.com\/bazar.bonino","article_modified_time":"2022-07-20T19:10:30+00:00","og_image":[{"width":800,"height":800,"url":"https:\/\/www.bazarbonino.com\/store\/wp-content\/uploads\/2013\/01\/mmx2-all.jpg","type":"image\/jpeg"}],"twitter_card":"summary_large_image","schema":{"@context":"https:\/\/schema.org","@graph":[{"@type":"WebPage","@id":"https:\/\/www.bazarbonino.com\/store\/prodotto\/jg0217-pallina-stage-mmx-70-mm\/","url":"https:\/\/www.bazarbonino.com\/store\/prodotto\/jg0217-pallina-stage-mmx-70-mm\/","name":"JG0217 - PALLINA STAGE MMX 70 mm - BazarBonino","isPartOf":{"@id":"https:\/\/www.bazarbonino.com\/store\/#website"},"primaryImageOfPage":{"@id":"https:\/\/www.bazarbonino.com\/store\/prodotto\/jg0217-pallina-stage-mmx-70-mm\/#primaryimage"},"image":{"@id":"https:\/\/www.bazarbonino.com\/store\/prodotto\/jg0217-pallina-stage-mmx-70-mm\/#primaryimage"},"thumbnailUrl":"https:\/\/www.bazarbonino.com\/store\/wp-content\/uploads\/2013\/01\/mmx2-all.jpg","datePublished":"2013-01-01T22:32:34+00:00","dateModified":"2022-07-20T19:10:30+00:00","description":"PALLINA STAGE MMX 70 mm 150 gr. - Morbida come una beanbag \u00e8 molto piacevole al tatto pur mantenendo la sua perfetta sfericit\u00e0 in aria.","breadcrumb":{"@id":"https:\/\/www.bazarbonino.com\/store\/prodotto\/jg0217-pallina-stage-mmx-70-mm\/#breadcrumb"},"inLanguage":"it-IT","potentialAction":[{"@type":"ReadAction","target":["https:\/\/www.bazarbonino.com\/store\/prodotto\/jg0217-pallina-stage-mmx-70-mm\/"]}]},{"@type":"ImageObject","inLanguage":"it-IT","@id":"https:\/\/www.bazarbonino.com\/store\/prodotto\/jg0217-pallina-stage-mmx-70-mm\/#primaryimage","url":"https:\/\/www.bazarbonino.com\/store\/wp-content\/uploads\/2013\/01\/mmx2-all.jpg","contentUrl":"https:\/\/www.bazarbonino.com\/store\/wp-content\/uploads\/2013\/01\/mmx2-all.jpg","width":800,"height":800,"caption":"JG0217 - PALLINA STAGE MMX 70 mm"},{"@type":"BreadcrumbList","@id":"https:\/\/www.bazarbonino.com\/store\/prodotto\/jg0217-pallina-stage-mmx-70-mm\/#breadcrumb","itemListElement":[{"@type":"ListItem","position":1,"name":"Home","item":"https:\/\/www.bazarbonino.com\/store\/"},{"@type":"ListItem","position":2,"name":"Catalogo","item":"https:\/\/www.bazarbonino.com\/store\/shop\/"},{"@type":"ListItem","position":3,"name":"JG0217 &#8211; PALLINA STAGE MMX 70 mm"}]},{"@type":"WebSite","@id":"https:\/\/www.bazarbonino.com\/store\/#website","url":"https:\/\/www.bazarbonino.com\/store\/","name":"BazarBonino","description":"","potentialAction":[{"@type":"SearchAction","target":{"@type":"EntryPoint","urlTemplate":"https:\/\/www.bazarbonino.com\/store\/?s={search_term_string}"},"query-input":{"@type":"PropertyValueSpecification","valueRequired":true,"valueName":"search_term_string"}}],"inLanguage":"it-IT"}]}},"_links":{"self":[{"href":"https:\/\/www.bazarbonino.com\/store\/wp-json\/wp\/v2\/product\/897","targetHints":{"allow":["GET"]}}],"collection":[{"href":"https:\/\/www.bazarbonino.com\/store\/wp-json\/wp\/v2\/product"}],"about":[{"href":"https:\/\/www.bazarbonino.com\/store\/wp-json\/wp\/v2\/types\/product"}],"replies":[{"embeddable":true,"href":"https:\/\/www.bazarbonino.com\/store\/wp-json\/wp\/v2\/comments?post=897"}],"wp:featuredmedia":[{"embeddable":true,"href":"https:\/\/www.bazarbonino.com\/store\/wp-json\/wp\/v2\/media\/2596"}],"wp:attachment":[{"href":"https:\/\/www.bazarbonino.com\/store\/wp-json\/wp\/v2\/media?parent=897"}],"wp:term":[{"taxonomy":"product_brand","embeddable":true,"href":"https:\/\/www.bazarbonino.com\/store\/wp-json\/wp\/v2\/product_brand?post=897"},{"taxonomy":"product_cat","embeddable":true,"href":"https:\/\/www.bazarbonino.com\/store\/wp-json\/wp\/v2\/product_cat?post=897"},{"taxonomy":"product_tag","embeddable":true,"href":"https:\/\/www.bazarbonino.com\/store\/wp-json\/wp\/v2\/product_tag?post=897"}],"curies":[{"name":"wp","href":"https:\/\/api.w.org\/{rel}","templated":true}]}}