{"id":880,"date":"2013-01-01T23:32:33","date_gmt":"2013-01-01T22:32:33","guid":{"rendered":"http:\/\/www.bazarbonino.com\/store\/?wpsc-product=jg0030-pallina-4-spicchi-color-eco"},"modified":"2022-05-14T11:21:41","modified_gmt":"2022-05-14T09:21:41","slug":"jg0030-pallina-4-spicchi-color-eco","status":"publish","type":"product","link":"https:\/\/www.bazarbonino.com\/store\/prodotto\/jg0030-pallina-4-spicchi-color-eco\/","title":{"rendered":"JG0030 &#8211; PALLINA 4 SPICCHI COLOR ECO"},"content":{"rendered":"<p class=\"articoli\">PALLINA 4 SPICCHI COLOR ECO Diametro 65mm \/ Peso 115 gr.. In tessuto lycra elastico a doppio strato per una maggiore protezione e durata, sia esterna che interna. Inoltre, anche il riempimento \u00e8 diverso dal solito, non pi\u00f9 i classici semini, ma delle micro palline di plastica. Che hanno anche il vantaggio di non temere l&#8217;umidit\u00e0 e non aver problemi con i topini (amanti dei semini). Dimensioni come una classica pallina morbida da giocoliere, ma pi\u00f9 leggera (circa 5 grammi in meno), cosa che piace molto a chi ha l&#8217;esigenza di avere leggerezza ma buona visibilit\u00e0. Disponibile in BICOLORE composto da BIANCO con uno dei seguenti colori: arancio, blu, rosso o nero.<\/p>\n","protected":false},"excerpt":{"rendered":"<p>PALLINA 4 SPICCHI COLOR ECO Diametro 65mm \/ Peso 115 gr.. In tessuto lycra elastico a doppio strato per una maggiore protezione e durata, sia esterna che interna. Inoltre, anche il riempimento \u00e8 diverso dal solito, non pi\u00f9 i classici semini, ma delle micro palline di plastica. Che hanno anche il vantaggio di non temere [&hellip;]<\/p>\n","protected":false},"featured_media":2485,"comment_status":"closed","ping_status":"closed","template":"","meta":{"_et_pb_use_builder":"","_et_pb_old_content":"","_et_gb_content_width":""},"product_brand":[],"product_cat":[5],"product_tag":[202,198,200,201,199],"class_list":{"0":"post-880","1":"product","2":"type-product","3":"status-publish","4":"has-post-thumbnail","6":"product_cat-palline-morbide","7":"product_tag-bazar-bonino-negozio-palline-e-attrezzi-giocoleria-per-arti-circensi","8":"product_tag-palle-palline-morbide-giocoleria-per-giocolieri","9":"product_tag-palline-a-quattro-spicchi-e-oltre","10":"product_tag-palline-compatte-e-morbide","11":"product_tag-palline-henrys","12":"pa_colore-bianco-arancio","13":"pa_colore-bianco-blu","14":"pa_colore-bianconero","15":"pa_colore-bianco-rosso","17":"first","18":"instock","19":"taxable","20":"shipping-taxable","21":"purchasable","22":"product-type-variable"},"yoast_head":"<!-- This site is optimized with the Yoast SEO plugin v27.4 - https:\/\/yoast.com\/product\/yoast-seo-wordpress\/ -->\n<title>JG0030 - PALLINA 4 SPICCHI COLOR ECO - BazarBonino<\/title>\n<meta name=\"description\" content=\"PALLINA 4 SPICCHI COLOR ECO Diametro 68mm \/ Peso 110 gr.. In tessuto lycra elastico a doppio strato per una maggiore protezione e durata.\" \/>\n<meta name=\"robots\" content=\"index, follow, max-snippet:-1, max-image-preview:large, max-video-preview:-1\" \/>\n<link rel=\"canonical\" href=\"https:\/\/www.bazarbonino.com\/store\/prodotto\/jg0030-pallina-4-spicchi-color-eco\/\" \/>\n<meta property=\"og:locale\" content=\"it_IT\" \/>\n<meta property=\"og:type\" content=\"article\" \/>\n<meta property=\"og:title\" content=\"JG0030 - PALLINA 4 SPICCHI COLOR ECO - BazarBonino\" \/>\n<meta property=\"og:description\" content=\"PALLINA 4 SPICCHI COLOR ECO Diametro 68mm \/ Peso 110 gr.. In tessuto lycra elastico a doppio strato per una maggiore protezione e durata.\" \/>\n<meta property=\"og:url\" content=\"https:\/\/www.bazarbonino.com\/store\/prodotto\/jg0030-pallina-4-spicchi-color-eco\/\" \/>\n<meta property=\"og:site_name\" content=\"BazarBonino\" \/>\n<meta property=\"article:publisher\" content=\"https:\/\/www.facebook.com\/bazar.bonino\" \/>\n<meta property=\"article:modified_time\" content=\"2022-05-14T09:21:41+00:00\" \/>\n<meta property=\"og:image\" content=\"https:\/\/www.bazarbonino.com\/store\/wp-content\/uploads\/2013\/01\/JG0030-PALLINA-4-SPICCHI-COLOR-ECO.jpg\" \/>\n\t<meta property=\"og:image:width\" content=\"600\" \/>\n\t<meta property=\"og:image:height\" content=\"569\" \/>\n\t<meta property=\"og:image:type\" content=\"image\/jpeg\" \/>\n<meta name=\"twitter:card\" content=\"summary_large_image\" \/>\n<meta name=\"twitter:label1\" content=\"Tempo di lettura stimato\" \/>\n\t<meta name=\"twitter:data1\" content=\"1 minuto\" \/>\n<script type=\"application\/ld+json\" class=\"yoast-schema-graph\">{\"@context\":\"https:\\\/\\\/schema.org\",\"@graph\":[{\"@type\":\"WebPage\",\"@id\":\"https:\\\/\\\/www.bazarbonino.com\\\/store\\\/prodotto\\\/jg0030-pallina-4-spicchi-color-eco\\\/\",\"url\":\"https:\\\/\\\/www.bazarbonino.com\\\/store\\\/prodotto\\\/jg0030-pallina-4-spicchi-color-eco\\\/\",\"name\":\"JG0030 - PALLINA 4 SPICCHI COLOR ECO - BazarBonino\",\"isPartOf\":{\"@id\":\"https:\\\/\\\/www.bazarbonino.com\\\/store\\\/#website\"},\"primaryImageOfPage\":{\"@id\":\"https:\\\/\\\/www.bazarbonino.com\\\/store\\\/prodotto\\\/jg0030-pallina-4-spicchi-color-eco\\\/#primaryimage\"},\"image\":{\"@id\":\"https:\\\/\\\/www.bazarbonino.com\\\/store\\\/prodotto\\\/jg0030-pallina-4-spicchi-color-eco\\\/#primaryimage\"},\"thumbnailUrl\":\"https:\\\/\\\/www.bazarbonino.com\\\/store\\\/wp-content\\\/uploads\\\/2013\\\/01\\\/JG0030-PALLINA-4-SPICCHI-COLOR-ECO.jpg\",\"datePublished\":\"2013-01-01T22:32:33+00:00\",\"dateModified\":\"2022-05-14T09:21:41+00:00\",\"description\":\"PALLINA 4 SPICCHI COLOR ECO Diametro 68mm \\\/ Peso 110 gr.. In tessuto lycra elastico a doppio strato per una maggiore protezione e durata.\",\"breadcrumb\":{\"@id\":\"https:\\\/\\\/www.bazarbonino.com\\\/store\\\/prodotto\\\/jg0030-pallina-4-spicchi-color-eco\\\/#breadcrumb\"},\"inLanguage\":\"it-IT\",\"potentialAction\":[{\"@type\":\"ReadAction\",\"target\":[\"https:\\\/\\\/www.bazarbonino.com\\\/store\\\/prodotto\\\/jg0030-pallina-4-spicchi-color-eco\\\/\"]}]},{\"@type\":\"ImageObject\",\"inLanguage\":\"it-IT\",\"@id\":\"https:\\\/\\\/www.bazarbonino.com\\\/store\\\/prodotto\\\/jg0030-pallina-4-spicchi-color-eco\\\/#primaryimage\",\"url\":\"https:\\\/\\\/www.bazarbonino.com\\\/store\\\/wp-content\\\/uploads\\\/2013\\\/01\\\/JG0030-PALLINA-4-SPICCHI-COLOR-ECO.jpg\",\"contentUrl\":\"https:\\\/\\\/www.bazarbonino.com\\\/store\\\/wp-content\\\/uploads\\\/2013\\\/01\\\/JG0030-PALLINA-4-SPICCHI-COLOR-ECO.jpg\",\"width\":600,\"height\":569,\"caption\":\"JG0030 - PALLINA 4 SPICCHI COLOR ECO\"},{\"@type\":\"BreadcrumbList\",\"@id\":\"https:\\\/\\\/www.bazarbonino.com\\\/store\\\/prodotto\\\/jg0030-pallina-4-spicchi-color-eco\\\/#breadcrumb\",\"itemListElement\":[{\"@type\":\"ListItem\",\"position\":1,\"name\":\"Home\",\"item\":\"https:\\\/\\\/www.bazarbonino.com\\\/store\\\/\"},{\"@type\":\"ListItem\",\"position\":2,\"name\":\"Catalogo\",\"item\":\"https:\\\/\\\/www.bazarbonino.com\\\/store\\\/shop\\\/\"},{\"@type\":\"ListItem\",\"position\":3,\"name\":\"JG0030 &#8211; PALLINA 4 SPICCHI COLOR ECO\"}]},{\"@type\":\"WebSite\",\"@id\":\"https:\\\/\\\/www.bazarbonino.com\\\/store\\\/#website\",\"url\":\"https:\\\/\\\/www.bazarbonino.com\\\/store\\\/\",\"name\":\"BazarBonino\",\"description\":\"\",\"potentialAction\":[{\"@type\":\"SearchAction\",\"target\":{\"@type\":\"EntryPoint\",\"urlTemplate\":\"https:\\\/\\\/www.bazarbonino.com\\\/store\\\/?s={search_term_string}\"},\"query-input\":{\"@type\":\"PropertyValueSpecification\",\"valueRequired\":true,\"valueName\":\"search_term_string\"}}],\"inLanguage\":\"it-IT\"}]}<\/script>\n<!-- \/ Yoast SEO plugin. -->","yoast_head_json":{"title":"JG0030 - PALLINA 4 SPICCHI COLOR ECO - BazarBonino","description":"PALLINA 4 SPICCHI COLOR ECO Diametro 68mm \/ Peso 110 gr.. In tessuto lycra elastico a doppio strato per una maggiore protezione e durata.","robots":{"index":"index","follow":"follow","max-snippet":"max-snippet:-1","max-image-preview":"max-image-preview:large","max-video-preview":"max-video-preview:-1"},"canonical":"https:\/\/www.bazarbonino.com\/store\/prodotto\/jg0030-pallina-4-spicchi-color-eco\/","og_locale":"it_IT","og_type":"article","og_title":"JG0030 - PALLINA 4 SPICCHI COLOR ECO - BazarBonino","og_description":"PALLINA 4 SPICCHI COLOR ECO Diametro 68mm \/ Peso 110 gr.. In tessuto lycra elastico a doppio strato per una maggiore protezione e durata.","og_url":"https:\/\/www.bazarbonino.com\/store\/prodotto\/jg0030-pallina-4-spicchi-color-eco\/","og_site_name":"BazarBonino","article_publisher":"https:\/\/www.facebook.com\/bazar.bonino","article_modified_time":"2022-05-14T09:21:41+00:00","og_image":[{"width":600,"height":569,"url":"https:\/\/www.bazarbonino.com\/store\/wp-content\/uploads\/2013\/01\/JG0030-PALLINA-4-SPICCHI-COLOR-ECO.jpg","type":"image\/jpeg"}],"twitter_card":"summary_large_image","twitter_misc":{"Tempo di lettura stimato":"1 minuto"},"schema":{"@context":"https:\/\/schema.org","@graph":[{"@type":"WebPage","@id":"https:\/\/www.bazarbonino.com\/store\/prodotto\/jg0030-pallina-4-spicchi-color-eco\/","url":"https:\/\/www.bazarbonino.com\/store\/prodotto\/jg0030-pallina-4-spicchi-color-eco\/","name":"JG0030 - PALLINA 4 SPICCHI COLOR ECO - BazarBonino","isPartOf":{"@id":"https:\/\/www.bazarbonino.com\/store\/#website"},"primaryImageOfPage":{"@id":"https:\/\/www.bazarbonino.com\/store\/prodotto\/jg0030-pallina-4-spicchi-color-eco\/#primaryimage"},"image":{"@id":"https:\/\/www.bazarbonino.com\/store\/prodotto\/jg0030-pallina-4-spicchi-color-eco\/#primaryimage"},"thumbnailUrl":"https:\/\/www.bazarbonino.com\/store\/wp-content\/uploads\/2013\/01\/JG0030-PALLINA-4-SPICCHI-COLOR-ECO.jpg","datePublished":"2013-01-01T22:32:33+00:00","dateModified":"2022-05-14T09:21:41+00:00","description":"PALLINA 4 SPICCHI COLOR ECO Diametro 68mm \/ Peso 110 gr.. In tessuto lycra elastico a doppio strato per una maggiore protezione e durata.","breadcrumb":{"@id":"https:\/\/www.bazarbonino.com\/store\/prodotto\/jg0030-pallina-4-spicchi-color-eco\/#breadcrumb"},"inLanguage":"it-IT","potentialAction":[{"@type":"ReadAction","target":["https:\/\/www.bazarbonino.com\/store\/prodotto\/jg0030-pallina-4-spicchi-color-eco\/"]}]},{"@type":"ImageObject","inLanguage":"it-IT","@id":"https:\/\/www.bazarbonino.com\/store\/prodotto\/jg0030-pallina-4-spicchi-color-eco\/#primaryimage","url":"https:\/\/www.bazarbonino.com\/store\/wp-content\/uploads\/2013\/01\/JG0030-PALLINA-4-SPICCHI-COLOR-ECO.jpg","contentUrl":"https:\/\/www.bazarbonino.com\/store\/wp-content\/uploads\/2013\/01\/JG0030-PALLINA-4-SPICCHI-COLOR-ECO.jpg","width":600,"height":569,"caption":"JG0030 - PALLINA 4 SPICCHI COLOR ECO"},{"@type":"BreadcrumbList","@id":"https:\/\/www.bazarbonino.com\/store\/prodotto\/jg0030-pallina-4-spicchi-color-eco\/#breadcrumb","itemListElement":[{"@type":"ListItem","position":1,"name":"Home","item":"https:\/\/www.bazarbonino.com\/store\/"},{"@type":"ListItem","position":2,"name":"Catalogo","item":"https:\/\/www.bazarbonino.com\/store\/shop\/"},{"@type":"ListItem","position":3,"name":"JG0030 &#8211; PALLINA 4 SPICCHI COLOR ECO"}]},{"@type":"WebSite","@id":"https:\/\/www.bazarbonino.com\/store\/#website","url":"https:\/\/www.bazarbonino.com\/store\/","name":"BazarBonino","description":"","potentialAction":[{"@type":"SearchAction","target":{"@type":"EntryPoint","urlTemplate":"https:\/\/www.bazarbonino.com\/store\/?s={search_term_string}"},"query-input":{"@type":"PropertyValueSpecification","valueRequired":true,"valueName":"search_term_string"}}],"inLanguage":"it-IT"}]}},"_links":{"self":[{"href":"https:\/\/www.bazarbonino.com\/store\/wp-json\/wp\/v2\/product\/880","targetHints":{"allow":["GET"]}}],"collection":[{"href":"https:\/\/www.bazarbonino.com\/store\/wp-json\/wp\/v2\/product"}],"about":[{"href":"https:\/\/www.bazarbonino.com\/store\/wp-json\/wp\/v2\/types\/product"}],"replies":[{"embeddable":true,"href":"https:\/\/www.bazarbonino.com\/store\/wp-json\/wp\/v2\/comments?post=880"}],"wp:featuredmedia":[{"embeddable":true,"href":"https:\/\/www.bazarbonino.com\/store\/wp-json\/wp\/v2\/media\/2485"}],"wp:attachment":[{"href":"https:\/\/www.bazarbonino.com\/store\/wp-json\/wp\/v2\/media?parent=880"}],"wp:term":[{"taxonomy":"product_brand","embeddable":true,"href":"https:\/\/www.bazarbonino.com\/store\/wp-json\/wp\/v2\/product_brand?post=880"},{"taxonomy":"product_cat","embeddable":true,"href":"https:\/\/www.bazarbonino.com\/store\/wp-json\/wp\/v2\/product_cat?post=880"},{"taxonomy":"product_tag","embeddable":true,"href":"https:\/\/www.bazarbonino.com\/store\/wp-json\/wp\/v2\/product_tag?post=880"}],"curies":[{"name":"wp","href":"https:\/\/api.w.org\/{rel}","templated":true}]}}