{"id":6408,"date":"2014-01-03T02:55:26","date_gmt":"2014-01-03T01:55:26","guid":{"rendered":"http:\/\/www.bazarbonino.com\/store\/products-page\/uncategorized\/"},"modified":"2021-12-17T22:23:55","modified_gmt":"2021-12-17T21:23:55","slug":"bk0100-libro-robots","status":"publish","type":"product","link":"https:\/\/www.bazarbonino.com\/store\/prodotto\/bk0100-libro-robots\/","title":{"rendered":"BK0100 &#8211; LIBRO ROBOTS"},"content":{"rendered":"<p>Bellissimo libro sui robots e articoli in latta similari degli anni 50&#8242;- 60&#8242; ; 352 pagine formato cm. 15,5 x 21,7 con copertina cartonata! Adesso che i giochi elettronici hanno preso definitivamente piede, i giocattoli di latta non piacciono pi\u00f9 ai nostri bambini. Molti fra noi per\u00f2, li ricordano e iniziare una collezione significa compiere un meraviglioso salto nel passato. Sono i testimoni \u201cviventi\u201d del tempo che fu: sono sopravvissuti a guerre e crisi e ci raccontano di mode, colori e tendenze passate. I giocattoli presentati in questo libro provengono dalla collezione Teruhisa Kitahara. Un must per ogni amante del giocattolo in latta, per chi ha gi\u00e0 una propria collezione o per chi \u00e8 in procinto di iniziarne una!<br \/>\nIl fotografo :<br \/>\nNato nel 1944 a Tokyo , Yukio Shimizu \u00e8 laureato in fotografia da The Art Center College of Design . E &#8216; attivo in diverse aree d&#8217;arte, tra film commerciali e riviste.<br \/>\nL&#8217;autore :<br \/>\nNato a Tokyo , Teruhisa Kitahara \u00e8 laureato in economia presso Aoyama Gakuin University. Egli \u00e8 uno dei pi\u00f9 famosi collezionisti Tin Toys del mondo.<\/p>\n<p>&#8212;&#8212;&#8212;- ESAURITO IN RIORDINE &#8212;&#8212;&#8212;<\/p>\n<p>&nbsp;<\/p>\n","protected":false},"excerpt":{"rendered":"<p>Bellissimo libro sui robots e articoli in latta similari degli anni 50&#8242;- 60&#8242; ; 352 pagine formato cm. 15,5 x 21,7 con copertina cartonata! Adesso che i giochi elettronici hanno preso definitivamente piede, i giocattoli di latta non piacciono pi\u00f9 ai nostri bambini. Molti fra noi per\u00f2, li ricordano e iniziare una collezione significa compiere [&hellip;]<\/p>\n","protected":false},"featured_media":6409,"comment_status":"closed","ping_status":"closed","template":"","meta":{"_et_pb_use_builder":"","_et_pb_old_content":"","_et_gb_content_width":""},"product_brand":[],"product_cat":[78,80],"product_tag":[1063,1062],"class_list":{"0":"post-6408","1":"product","2":"type-product","3":"status-publish","4":"has-post-thumbnail","6":"product_cat-giochi-e-giocattoli-in-latta-con-carica-a-molla-corda-o-frizione","7":"product_cat-robot-latta-con-carica-a-molla","8":"product_tag-libro-robot-in-latta","9":"product_tag-libro-robots","11":"first","12":"outofstock","13":"taxable","14":"shipping-taxable","15":"product-type-simple"},"yoast_head":"<!-- This site is optimized with the Yoast SEO plugin v27.4 - https:\/\/yoast.com\/product\/yoast-seo-wordpress\/ -->\n<title>BK0100 - LIBRO ROBOTS - BazarBonino<\/title>\n<meta name=\"robots\" content=\"index, follow, max-snippet:-1, max-image-preview:large, max-video-preview:-1\" \/>\n<link rel=\"canonical\" href=\"https:\/\/www.bazarbonino.com\/store\/prodotto\/bk0100-libro-robots\/\" \/>\n<meta property=\"og:locale\" content=\"it_IT\" \/>\n<meta property=\"og:type\" content=\"article\" \/>\n<meta property=\"og:title\" content=\"BK0100 - LIBRO ROBOTS - BazarBonino\" \/>\n<meta property=\"og:description\" content=\"Bellissimo libro sui robots e articoli in latta similari degli anni 50&#8242;- 60&#8242; ; 352 pagine formato cm. 15,5 x 21,7 con copertina cartonata! Adesso che i giochi elettronici hanno preso definitivamente piede, i giocattoli di latta non piacciono pi\u00f9 ai nostri bambini. Molti fra noi per\u00f2, li ricordano e iniziare una collezione significa compiere [&hellip;]\" \/>\n<meta property=\"og:url\" content=\"https:\/\/www.bazarbonino.com\/store\/prodotto\/bk0100-libro-robots\/\" \/>\n<meta property=\"og:site_name\" content=\"BazarBonino\" \/>\n<meta property=\"article:publisher\" content=\"https:\/\/www.facebook.com\/bazar.bonino\" \/>\n<meta property=\"article:modified_time\" content=\"2021-12-17T21:23:55+00:00\" \/>\n<meta property=\"og:image\" content=\"https:\/\/www.bazarbonino.com\/store\/wp-content\/uploads\/2014\/01\/BK0100-LIBRO-ROBOTS.jpg\" \/>\n\t<meta property=\"og:image:width\" content=\"640\" \/>\n\t<meta property=\"og:image:height\" content=\"848\" \/>\n\t<meta property=\"og:image:type\" content=\"image\/jpeg\" \/>\n<meta name=\"twitter:card\" content=\"summary_large_image\" \/>\n<meta name=\"twitter:label1\" content=\"Tempo di lettura stimato\" \/>\n\t<meta name=\"twitter:data1\" content=\"1 minuto\" \/>\n<script type=\"application\/ld+json\" class=\"yoast-schema-graph\">{\"@context\":\"https:\\\/\\\/schema.org\",\"@graph\":[{\"@type\":\"WebPage\",\"@id\":\"https:\\\/\\\/www.bazarbonino.com\\\/store\\\/prodotto\\\/bk0100-libro-robots\\\/\",\"url\":\"https:\\\/\\\/www.bazarbonino.com\\\/store\\\/prodotto\\\/bk0100-libro-robots\\\/\",\"name\":\"BK0100 - LIBRO ROBOTS - BazarBonino\",\"isPartOf\":{\"@id\":\"https:\\\/\\\/www.bazarbonino.com\\\/store\\\/#website\"},\"primaryImageOfPage\":{\"@id\":\"https:\\\/\\\/www.bazarbonino.com\\\/store\\\/prodotto\\\/bk0100-libro-robots\\\/#primaryimage\"},\"image\":{\"@id\":\"https:\\\/\\\/www.bazarbonino.com\\\/store\\\/prodotto\\\/bk0100-libro-robots\\\/#primaryimage\"},\"thumbnailUrl\":\"https:\\\/\\\/www.bazarbonino.com\\\/store\\\/wp-content\\\/uploads\\\/2014\\\/01\\\/BK0100-LIBRO-ROBOTS.jpg\",\"datePublished\":\"2014-01-03T01:55:26+00:00\",\"dateModified\":\"2021-12-17T21:23:55+00:00\",\"breadcrumb\":{\"@id\":\"https:\\\/\\\/www.bazarbonino.com\\\/store\\\/prodotto\\\/bk0100-libro-robots\\\/#breadcrumb\"},\"inLanguage\":\"it-IT\",\"potentialAction\":[{\"@type\":\"ReadAction\",\"target\":[\"https:\\\/\\\/www.bazarbonino.com\\\/store\\\/prodotto\\\/bk0100-libro-robots\\\/\"]}]},{\"@type\":\"ImageObject\",\"inLanguage\":\"it-IT\",\"@id\":\"https:\\\/\\\/www.bazarbonino.com\\\/store\\\/prodotto\\\/bk0100-libro-robots\\\/#primaryimage\",\"url\":\"https:\\\/\\\/www.bazarbonino.com\\\/store\\\/wp-content\\\/uploads\\\/2014\\\/01\\\/BK0100-LIBRO-ROBOTS.jpg\",\"contentUrl\":\"https:\\\/\\\/www.bazarbonino.com\\\/store\\\/wp-content\\\/uploads\\\/2014\\\/01\\\/BK0100-LIBRO-ROBOTS.jpg\",\"width\":640,\"height\":848,\"caption\":\"BK0100 - LIBRO ROBOTS\"},{\"@type\":\"BreadcrumbList\",\"@id\":\"https:\\\/\\\/www.bazarbonino.com\\\/store\\\/prodotto\\\/bk0100-libro-robots\\\/#breadcrumb\",\"itemListElement\":[{\"@type\":\"ListItem\",\"position\":1,\"name\":\"Home\",\"item\":\"https:\\\/\\\/www.bazarbonino.com\\\/store\\\/\"},{\"@type\":\"ListItem\",\"position\":2,\"name\":\"Catalogo\",\"item\":\"https:\\\/\\\/www.bazarbonino.com\\\/store\\\/shop\\\/\"},{\"@type\":\"ListItem\",\"position\":3,\"name\":\"BK0100 &#8211; LIBRO ROBOTS\"}]},{\"@type\":\"WebSite\",\"@id\":\"https:\\\/\\\/www.bazarbonino.com\\\/store\\\/#website\",\"url\":\"https:\\\/\\\/www.bazarbonino.com\\\/store\\\/\",\"name\":\"BazarBonino\",\"description\":\"\",\"potentialAction\":[{\"@type\":\"SearchAction\",\"target\":{\"@type\":\"EntryPoint\",\"urlTemplate\":\"https:\\\/\\\/www.bazarbonino.com\\\/store\\\/?s={search_term_string}\"},\"query-input\":{\"@type\":\"PropertyValueSpecification\",\"valueRequired\":true,\"valueName\":\"search_term_string\"}}],\"inLanguage\":\"it-IT\"}]}<\/script>\n<!-- \/ Yoast SEO plugin. -->","yoast_head_json":{"title":"BK0100 - LIBRO ROBOTS - BazarBonino","robots":{"index":"index","follow":"follow","max-snippet":"max-snippet:-1","max-image-preview":"max-image-preview:large","max-video-preview":"max-video-preview:-1"},"canonical":"https:\/\/www.bazarbonino.com\/store\/prodotto\/bk0100-libro-robots\/","og_locale":"it_IT","og_type":"article","og_title":"BK0100 - LIBRO ROBOTS - BazarBonino","og_description":"Bellissimo libro sui robots e articoli in latta similari degli anni 50&#8242;- 60&#8242; ; 352 pagine formato cm. 15,5 x 21,7 con copertina cartonata! Adesso che i giochi elettronici hanno preso definitivamente piede, i giocattoli di latta non piacciono pi\u00f9 ai nostri bambini. Molti fra noi per\u00f2, li ricordano e iniziare una collezione significa compiere [&hellip;]","og_url":"https:\/\/www.bazarbonino.com\/store\/prodotto\/bk0100-libro-robots\/","og_site_name":"BazarBonino","article_publisher":"https:\/\/www.facebook.com\/bazar.bonino","article_modified_time":"2021-12-17T21:23:55+00:00","og_image":[{"width":640,"height":848,"url":"https:\/\/www.bazarbonino.com\/store\/wp-content\/uploads\/2014\/01\/BK0100-LIBRO-ROBOTS.jpg","type":"image\/jpeg"}],"twitter_card":"summary_large_image","twitter_misc":{"Tempo di lettura stimato":"1 minuto"},"schema":{"@context":"https:\/\/schema.org","@graph":[{"@type":"WebPage","@id":"https:\/\/www.bazarbonino.com\/store\/prodotto\/bk0100-libro-robots\/","url":"https:\/\/www.bazarbonino.com\/store\/prodotto\/bk0100-libro-robots\/","name":"BK0100 - LIBRO ROBOTS - BazarBonino","isPartOf":{"@id":"https:\/\/www.bazarbonino.com\/store\/#website"},"primaryImageOfPage":{"@id":"https:\/\/www.bazarbonino.com\/store\/prodotto\/bk0100-libro-robots\/#primaryimage"},"image":{"@id":"https:\/\/www.bazarbonino.com\/store\/prodotto\/bk0100-libro-robots\/#primaryimage"},"thumbnailUrl":"https:\/\/www.bazarbonino.com\/store\/wp-content\/uploads\/2014\/01\/BK0100-LIBRO-ROBOTS.jpg","datePublished":"2014-01-03T01:55:26+00:00","dateModified":"2021-12-17T21:23:55+00:00","breadcrumb":{"@id":"https:\/\/www.bazarbonino.com\/store\/prodotto\/bk0100-libro-robots\/#breadcrumb"},"inLanguage":"it-IT","potentialAction":[{"@type":"ReadAction","target":["https:\/\/www.bazarbonino.com\/store\/prodotto\/bk0100-libro-robots\/"]}]},{"@type":"ImageObject","inLanguage":"it-IT","@id":"https:\/\/www.bazarbonino.com\/store\/prodotto\/bk0100-libro-robots\/#primaryimage","url":"https:\/\/www.bazarbonino.com\/store\/wp-content\/uploads\/2014\/01\/BK0100-LIBRO-ROBOTS.jpg","contentUrl":"https:\/\/www.bazarbonino.com\/store\/wp-content\/uploads\/2014\/01\/BK0100-LIBRO-ROBOTS.jpg","width":640,"height":848,"caption":"BK0100 - LIBRO ROBOTS"},{"@type":"BreadcrumbList","@id":"https:\/\/www.bazarbonino.com\/store\/prodotto\/bk0100-libro-robots\/#breadcrumb","itemListElement":[{"@type":"ListItem","position":1,"name":"Home","item":"https:\/\/www.bazarbonino.com\/store\/"},{"@type":"ListItem","position":2,"name":"Catalogo","item":"https:\/\/www.bazarbonino.com\/store\/shop\/"},{"@type":"ListItem","position":3,"name":"BK0100 &#8211; LIBRO ROBOTS"}]},{"@type":"WebSite","@id":"https:\/\/www.bazarbonino.com\/store\/#website","url":"https:\/\/www.bazarbonino.com\/store\/","name":"BazarBonino","description":"","potentialAction":[{"@type":"SearchAction","target":{"@type":"EntryPoint","urlTemplate":"https:\/\/www.bazarbonino.com\/store\/?s={search_term_string}"},"query-input":{"@type":"PropertyValueSpecification","valueRequired":true,"valueName":"search_term_string"}}],"inLanguage":"it-IT"}]}},"_links":{"self":[{"href":"https:\/\/www.bazarbonino.com\/store\/wp-json\/wp\/v2\/product\/6408","targetHints":{"allow":["GET"]}}],"collection":[{"href":"https:\/\/www.bazarbonino.com\/store\/wp-json\/wp\/v2\/product"}],"about":[{"href":"https:\/\/www.bazarbonino.com\/store\/wp-json\/wp\/v2\/types\/product"}],"replies":[{"embeddable":true,"href":"https:\/\/www.bazarbonino.com\/store\/wp-json\/wp\/v2\/comments?post=6408"}],"wp:featuredmedia":[{"embeddable":true,"href":"https:\/\/www.bazarbonino.com\/store\/wp-json\/wp\/v2\/media\/6409"}],"wp:attachment":[{"href":"https:\/\/www.bazarbonino.com\/store\/wp-json\/wp\/v2\/media?parent=6408"}],"wp:term":[{"taxonomy":"product_brand","embeddable":true,"href":"https:\/\/www.bazarbonino.com\/store\/wp-json\/wp\/v2\/product_brand?post=6408"},{"taxonomy":"product_cat","embeddable":true,"href":"https:\/\/www.bazarbonino.com\/store\/wp-json\/wp\/v2\/product_cat?post=6408"},{"taxonomy":"product_tag","embeddable":true,"href":"https:\/\/www.bazarbonino.com\/store\/wp-json\/wp\/v2\/product_tag?post=6408"}],"curies":[{"name":"wp","href":"https:\/\/api.w.org\/{rel}","templated":true}]}}