{"id":6119,"date":"2013-10-10T02:04:36","date_gmt":"2013-10-10T00:04:36","guid":{"rendered":"http:\/\/www.bazarbonino.com\/store\/products-page\/uncategorized\/"},"modified":"2025-04-14T12:18:09","modified_gmt":"2025-04-14T10:18:09","slug":"dfx-glitter-cosmetici-diamond-fx","status":"publish","type":"product","link":"https:\/\/www.bazarbonino.com\/store\/prodotto\/dfx-glitter-cosmetici-diamond-fx\/","title":{"rendered":"DFX GLITTER COSMETICI DIAMOND FX"},"content":{"rendered":"<h5>COSMETIC GLITTER<\/h5>\n<p>I Glitter Cosmetici Diamond Fx sono utilizzati per terminare le vostre creazioni, cospargendole o facendo delle linee scintillanti con il pennello bagnato da una piccola quantit\u00e0 di acqua . Disponibili in ben 23 colori diversi di glitter, per cui vi \u00e8 sempre il colore giusto per terminare la creazione.<br \/>\nL&#8217;oro e l&#8217;argento ( il numero 22 e 23) sono speciali &#8220;Fibre &#8221; glitters, ci\u00f2 che d\u00e0 la vostra creazione un effetto di scintillio in pi\u00f9. Il luccichio \u00e8 dato da minute fibre di poliestere e da pigmenti cosmetici approvat. Ci\u00f2 significa che i glitter sono adatti per l&#8217;uso cosmetico .<br \/>\nI colori disponibili sono i seguenti :<\/p>\n<p>&#8211; Argento ( GL1 )<br \/>\n&#8211; Oro ( GL2 )<br \/>\n&#8211; Verde ( GL3 )<br \/>\n&#8211; Gummetal ( GL4 )<br \/>\n&#8211; Lila ( GL5 )<br \/>\n&#8211; Rosa Passion ( GL6 )<br \/>\n&#8211; Argento Cristal ( GL7 )<br \/>\n&#8211; Rosa Cristal ( GL8 )<br \/>\n&#8211; Lavanda Cristal ( GL9 )<br \/>\n&#8211; Oro Rosso ( GL10 )<br \/>\n&#8211; Rosso ( GL11 )<br \/>\n&#8211; Lavanda ( GL12 )<br \/>\n&#8211; Stratosfera ( GL13 )<br \/>\n&#8211; Multi ( GL14 )<br \/>\n&#8211; Verde Cristal ( GL15 )<br \/>\n&#8211; Red Cristal( GL16 )<br \/>\n&#8211; Salmone ( GL17 )<br \/>\n&#8211; Lime ( GL18 )<br \/>\n&#8211; Iris Rosso ( GL19 )<br \/>\n&#8211; Iris blu ( GL20 )<br \/>\n&#8211; Fibra Oro ( GL21 )<br \/>\n&#8211; Fibra Argento ( GL22 )<br \/>\n&#8211; Blu ( GL23 )<\/p>\n","protected":false},"excerpt":{"rendered":"<p>COSMETIC GLITTER I Glitter Cosmetici Diamond Fx sono utilizzati per terminare le vostre creazioni, cospargendole o facendo delle linee scintillanti con il pennello bagnato da una piccola quantit\u00e0 di acqua . Disponibili in ben 23 colori diversi di glitter, per cui vi \u00e8 sempre il colore giusto per terminare la creazione. L&#8217;oro e l&#8217;argento ( [&hellip;]<\/p>\n","protected":false},"featured_media":6120,"comment_status":"closed","ping_status":"closed","template":"","meta":{"_et_pb_use_builder":"","_et_pb_old_content":"","_et_gb_content_width":""},"product_brand":[],"product_cat":[75],"product_tag":[932,1197,479,481],"class_list":{"0":"post-6119","1":"product","2":"type-product","3":"status-publish","4":"has-post-thumbnail","6":"product_cat-collanti-accessori-trucco","7":"product_tag-dfx-glitter-cosmetici","8":"product_tag-dfx-glitter-cosmetici-diamond-fx","9":"product_tag-negozio-on-line-aquacolor-diamond-fx","10":"product_tag-truccabimbi-professionale-diamond-fx-face-art","11":"pa_colori-glitter-dfx-gl-01-argento","12":"pa_colori-glitter-dfx-gl-02-oro","13":"pa_colori-glitter-dfx-gl-03-verde","14":"pa_colori-glitter-dfx-gl-04-gummetal","15":"pa_colori-glitter-dfx-gl-05-lilla","16":"pa_colori-glitter-dfx-gl-06-rosa-passion","17":"pa_colori-glitter-dfx-gl-07-argento-cristal","18":"pa_colori-glitter-dfx-gl-08-rosa-cristal","19":"pa_colori-glitter-dfx-gl-09-lavanda-cristal","20":"pa_colori-glitter-dfx-gl-10-oro-rosso","21":"pa_colori-glitter-dfx-gl-11-rosso","22":"pa_colori-glitter-dfx-gl-12-lavanda","23":"pa_colori-glitter-dfx-gl-13-stratosfera","24":"pa_colori-glitter-dfx-gl-14-multi","25":"pa_colori-glitter-dfx-gl-15-verde-cristal","26":"pa_colori-glitter-dfx-gl-16-rosso-cristal","27":"pa_colori-glitter-dfx-gl-17-salmone","28":"pa_colori-glitter-dfx-gl-18-lime","29":"pa_colori-glitter-dfx-gl-19-iris-rosso","30":"pa_colori-glitter-dfx-gl-20-iris-blu","31":"pa_colori-glitter-dfx-gl-21-fibra-oro","32":"pa_colori-glitter-dfx-gl-22-fibra-argento","33":"pa_colori-glitter-dfx-gl-23-blu","35":"first","36":"instock","37":"sale","38":"taxable","39":"shipping-taxable","40":"purchasable","41":"product-type-variable"},"yoast_head":"<!-- This site is optimized with the Yoast SEO plugin v27.4 - https:\/\/yoast.com\/product\/yoast-seo-wordpress\/ -->\n<title>DFX GLITTER COSMETICI DIAMOND FX - BazarBonino<\/title>\n<meta name=\"description\" content=\"I Glitter Cosmetici Diamond Fx sono utilizzati per terminare le vostre creazioni, cospargendole o facendo delle linee con una piccola quantit\u00e0 di acqua!\" \/>\n<meta name=\"robots\" content=\"index, follow, max-snippet:-1, max-image-preview:large, max-video-preview:-1\" \/>\n<link rel=\"canonical\" href=\"https:\/\/www.bazarbonino.com\/store\/prodotto\/dfx-glitter-cosmetici-diamond-fx\/\" \/>\n<meta property=\"og:locale\" content=\"it_IT\" \/>\n<meta property=\"og:type\" content=\"article\" \/>\n<meta property=\"og:title\" content=\"DFX GLITTER COSMETICI DIAMOND FX - BazarBonino\" \/>\n<meta property=\"og:description\" content=\"I Glitter Cosmetici Diamond Fx sono utilizzati per terminare le vostre creazioni, cospargendole o facendo delle linee con una piccola quantit\u00e0 di acqua!\" \/>\n<meta property=\"og:url\" content=\"https:\/\/www.bazarbonino.com\/store\/prodotto\/dfx-glitter-cosmetici-diamond-fx\/\" \/>\n<meta property=\"og:site_name\" content=\"BazarBonino\" \/>\n<meta property=\"article:publisher\" content=\"https:\/\/www.facebook.com\/bazar.bonino\" \/>\n<meta property=\"article:modified_time\" content=\"2025-04-14T10:18:09+00:00\" \/>\n<meta property=\"og:image\" content=\"https:\/\/www.bazarbonino.com\/store\/wp-content\/uploads\/2013\/10\/DFX-GLITTER-COSMETICI.jpg\" \/>\n\t<meta property=\"og:image:width\" content=\"600\" \/>\n\t<meta property=\"og:image:height\" content=\"450\" \/>\n\t<meta property=\"og:image:type\" content=\"image\/jpeg\" \/>\n<meta name=\"twitter:card\" content=\"summary_large_image\" \/>\n<meta name=\"twitter:label1\" content=\"Tempo di lettura stimato\" \/>\n\t<meta name=\"twitter:data1\" content=\"1 minuto\" \/>\n<script type=\"application\/ld+json\" class=\"yoast-schema-graph\">{\"@context\":\"https:\\\/\\\/schema.org\",\"@graph\":[{\"@type\":\"WebPage\",\"@id\":\"https:\\\/\\\/www.bazarbonino.com\\\/store\\\/prodotto\\\/dfx-glitter-cosmetici-diamond-fx\\\/\",\"url\":\"https:\\\/\\\/www.bazarbonino.com\\\/store\\\/prodotto\\\/dfx-glitter-cosmetici-diamond-fx\\\/\",\"name\":\"DFX GLITTER COSMETICI DIAMOND FX - BazarBonino\",\"isPartOf\":{\"@id\":\"https:\\\/\\\/www.bazarbonino.com\\\/store\\\/#website\"},\"primaryImageOfPage\":{\"@id\":\"https:\\\/\\\/www.bazarbonino.com\\\/store\\\/prodotto\\\/dfx-glitter-cosmetici-diamond-fx\\\/#primaryimage\"},\"image\":{\"@id\":\"https:\\\/\\\/www.bazarbonino.com\\\/store\\\/prodotto\\\/dfx-glitter-cosmetici-diamond-fx\\\/#primaryimage\"},\"thumbnailUrl\":\"https:\\\/\\\/www.bazarbonino.com\\\/store\\\/wp-content\\\/uploads\\\/2013\\\/10\\\/DFX-GLITTER-COSMETICI.jpg\",\"datePublished\":\"2013-10-10T00:04:36+00:00\",\"dateModified\":\"2025-04-14T10:18:09+00:00\",\"description\":\"I Glitter Cosmetici Diamond Fx sono utilizzati per terminare le vostre creazioni, cospargendole o facendo delle linee con una piccola quantit\u00e0 di acqua!\",\"breadcrumb\":{\"@id\":\"https:\\\/\\\/www.bazarbonino.com\\\/store\\\/prodotto\\\/dfx-glitter-cosmetici-diamond-fx\\\/#breadcrumb\"},\"inLanguage\":\"it-IT\",\"potentialAction\":[{\"@type\":\"ReadAction\",\"target\":[\"https:\\\/\\\/www.bazarbonino.com\\\/store\\\/prodotto\\\/dfx-glitter-cosmetici-diamond-fx\\\/\"]}]},{\"@type\":\"ImageObject\",\"inLanguage\":\"it-IT\",\"@id\":\"https:\\\/\\\/www.bazarbonino.com\\\/store\\\/prodotto\\\/dfx-glitter-cosmetici-diamond-fx\\\/#primaryimage\",\"url\":\"https:\\\/\\\/www.bazarbonino.com\\\/store\\\/wp-content\\\/uploads\\\/2013\\\/10\\\/DFX-GLITTER-COSMETICI.jpg\",\"contentUrl\":\"https:\\\/\\\/www.bazarbonino.com\\\/store\\\/wp-content\\\/uploads\\\/2013\\\/10\\\/DFX-GLITTER-COSMETICI.jpg\",\"width\":600,\"height\":450,\"caption\":\"DFX GLITTER COSMETICI DIAMOND FX\"},{\"@type\":\"BreadcrumbList\",\"@id\":\"https:\\\/\\\/www.bazarbonino.com\\\/store\\\/prodotto\\\/dfx-glitter-cosmetici-diamond-fx\\\/#breadcrumb\",\"itemListElement\":[{\"@type\":\"ListItem\",\"position\":1,\"name\":\"Home\",\"item\":\"https:\\\/\\\/www.bazarbonino.com\\\/store\\\/\"},{\"@type\":\"ListItem\",\"position\":2,\"name\":\"Catalogo\",\"item\":\"https:\\\/\\\/www.bazarbonino.com\\\/store\\\/shop\\\/\"},{\"@type\":\"ListItem\",\"position\":3,\"name\":\"DFX GLITTER COSMETICI DIAMOND FX\"}]},{\"@type\":\"WebSite\",\"@id\":\"https:\\\/\\\/www.bazarbonino.com\\\/store\\\/#website\",\"url\":\"https:\\\/\\\/www.bazarbonino.com\\\/store\\\/\",\"name\":\"BazarBonino\",\"description\":\"\",\"potentialAction\":[{\"@type\":\"SearchAction\",\"target\":{\"@type\":\"EntryPoint\",\"urlTemplate\":\"https:\\\/\\\/www.bazarbonino.com\\\/store\\\/?s={search_term_string}\"},\"query-input\":{\"@type\":\"PropertyValueSpecification\",\"valueRequired\":true,\"valueName\":\"search_term_string\"}}],\"inLanguage\":\"it-IT\"}]}<\/script>\n<!-- \/ Yoast SEO plugin. -->","yoast_head_json":{"title":"DFX GLITTER COSMETICI DIAMOND FX - BazarBonino","description":"I Glitter Cosmetici Diamond Fx sono utilizzati per terminare le vostre creazioni, cospargendole o facendo delle linee con una piccola quantit\u00e0 di acqua!","robots":{"index":"index","follow":"follow","max-snippet":"max-snippet:-1","max-image-preview":"max-image-preview:large","max-video-preview":"max-video-preview:-1"},"canonical":"https:\/\/www.bazarbonino.com\/store\/prodotto\/dfx-glitter-cosmetici-diamond-fx\/","og_locale":"it_IT","og_type":"article","og_title":"DFX GLITTER COSMETICI DIAMOND FX - BazarBonino","og_description":"I Glitter Cosmetici Diamond Fx sono utilizzati per terminare le vostre creazioni, cospargendole o facendo delle linee con una piccola quantit\u00e0 di acqua!","og_url":"https:\/\/www.bazarbonino.com\/store\/prodotto\/dfx-glitter-cosmetici-diamond-fx\/","og_site_name":"BazarBonino","article_publisher":"https:\/\/www.facebook.com\/bazar.bonino","article_modified_time":"2025-04-14T10:18:09+00:00","og_image":[{"width":600,"height":450,"url":"https:\/\/www.bazarbonino.com\/store\/wp-content\/uploads\/2013\/10\/DFX-GLITTER-COSMETICI.jpg","type":"image\/jpeg"}],"twitter_card":"summary_large_image","twitter_misc":{"Tempo di lettura stimato":"1 minuto"},"schema":{"@context":"https:\/\/schema.org","@graph":[{"@type":"WebPage","@id":"https:\/\/www.bazarbonino.com\/store\/prodotto\/dfx-glitter-cosmetici-diamond-fx\/","url":"https:\/\/www.bazarbonino.com\/store\/prodotto\/dfx-glitter-cosmetici-diamond-fx\/","name":"DFX GLITTER COSMETICI DIAMOND FX - BazarBonino","isPartOf":{"@id":"https:\/\/www.bazarbonino.com\/store\/#website"},"primaryImageOfPage":{"@id":"https:\/\/www.bazarbonino.com\/store\/prodotto\/dfx-glitter-cosmetici-diamond-fx\/#primaryimage"},"image":{"@id":"https:\/\/www.bazarbonino.com\/store\/prodotto\/dfx-glitter-cosmetici-diamond-fx\/#primaryimage"},"thumbnailUrl":"https:\/\/www.bazarbonino.com\/store\/wp-content\/uploads\/2013\/10\/DFX-GLITTER-COSMETICI.jpg","datePublished":"2013-10-10T00:04:36+00:00","dateModified":"2025-04-14T10:18:09+00:00","description":"I Glitter Cosmetici Diamond Fx sono utilizzati per terminare le vostre creazioni, cospargendole o facendo delle linee con una piccola quantit\u00e0 di acqua!","breadcrumb":{"@id":"https:\/\/www.bazarbonino.com\/store\/prodotto\/dfx-glitter-cosmetici-diamond-fx\/#breadcrumb"},"inLanguage":"it-IT","potentialAction":[{"@type":"ReadAction","target":["https:\/\/www.bazarbonino.com\/store\/prodotto\/dfx-glitter-cosmetici-diamond-fx\/"]}]},{"@type":"ImageObject","inLanguage":"it-IT","@id":"https:\/\/www.bazarbonino.com\/store\/prodotto\/dfx-glitter-cosmetici-diamond-fx\/#primaryimage","url":"https:\/\/www.bazarbonino.com\/store\/wp-content\/uploads\/2013\/10\/DFX-GLITTER-COSMETICI.jpg","contentUrl":"https:\/\/www.bazarbonino.com\/store\/wp-content\/uploads\/2013\/10\/DFX-GLITTER-COSMETICI.jpg","width":600,"height":450,"caption":"DFX GLITTER COSMETICI DIAMOND FX"},{"@type":"BreadcrumbList","@id":"https:\/\/www.bazarbonino.com\/store\/prodotto\/dfx-glitter-cosmetici-diamond-fx\/#breadcrumb","itemListElement":[{"@type":"ListItem","position":1,"name":"Home","item":"https:\/\/www.bazarbonino.com\/store\/"},{"@type":"ListItem","position":2,"name":"Catalogo","item":"https:\/\/www.bazarbonino.com\/store\/shop\/"},{"@type":"ListItem","position":3,"name":"DFX GLITTER COSMETICI DIAMOND FX"}]},{"@type":"WebSite","@id":"https:\/\/www.bazarbonino.com\/store\/#website","url":"https:\/\/www.bazarbonino.com\/store\/","name":"BazarBonino","description":"","potentialAction":[{"@type":"SearchAction","target":{"@type":"EntryPoint","urlTemplate":"https:\/\/www.bazarbonino.com\/store\/?s={search_term_string}"},"query-input":{"@type":"PropertyValueSpecification","valueRequired":true,"valueName":"search_term_string"}}],"inLanguage":"it-IT"}]}},"_links":{"self":[{"href":"https:\/\/www.bazarbonino.com\/store\/wp-json\/wp\/v2\/product\/6119","targetHints":{"allow":["GET"]}}],"collection":[{"href":"https:\/\/www.bazarbonino.com\/store\/wp-json\/wp\/v2\/product"}],"about":[{"href":"https:\/\/www.bazarbonino.com\/store\/wp-json\/wp\/v2\/types\/product"}],"replies":[{"embeddable":true,"href":"https:\/\/www.bazarbonino.com\/store\/wp-json\/wp\/v2\/comments?post=6119"}],"wp:featuredmedia":[{"embeddable":true,"href":"https:\/\/www.bazarbonino.com\/store\/wp-json\/wp\/v2\/media\/6120"}],"wp:attachment":[{"href":"https:\/\/www.bazarbonino.com\/store\/wp-json\/wp\/v2\/media?parent=6119"}],"wp:term":[{"taxonomy":"product_brand","embeddable":true,"href":"https:\/\/www.bazarbonino.com\/store\/wp-json\/wp\/v2\/product_brand?post=6119"},{"taxonomy":"product_cat","embeddable":true,"href":"https:\/\/www.bazarbonino.com\/store\/wp-json\/wp\/v2\/product_cat?post=6119"},{"taxonomy":"product_tag","embeddable":true,"href":"https:\/\/www.bazarbonino.com\/store\/wp-json\/wp\/v2\/product_tag?post=6119"}],"curies":[{"name":"wp","href":"https:\/\/api.w.org\/{rel}","templated":true}]}}