{"id":5508,"date":"2013-06-09T17:53:15","date_gmt":"2013-06-09T15:53:15","guid":{"rendered":"http:\/\/www.bazarbonino.com\/store\/products-page\/uncategorized\/"},"modified":"2023-03-29T09:39:58","modified_gmt":"2023-03-29T07:39:58","slug":"jr0180-mirascopio","status":"publish","type":"product","link":"https:\/\/www.bazarbonino.com\/store\/prodotto\/jr0180-mirascopio\/","title":{"rendered":"JR0180 &#8211; MIRASCOPIO"},"content":{"rendered":"<p>Il MIRASCOPIO \u00e8 un&#8217; affascinante dispositivo di illusione ottica, \u00e8 proprio il tipo di curiosit\u00e0 scientifica che amiamo. Qualsiasi elemento di dimensioni adatte collocato nella base sembra galleggiare sopra totalmente non sospeso. Visto dal punto di vista giusto \u00e8 cos\u00ec efficace che l&#8217;impulso di toccare con mano \u00e8 quasi irresistibile. Abilmente confezionato per dimostrare l&#8217;effetto &#8211; il pompon rosso rotola sempre al centro degli specchi parabolici, che sono la chiave del segreto.<\/p>\n","protected":false},"excerpt":{"rendered":"<p>Il MIRASCOPIO \u00e8 un&#8217; affascinante dispositivo di illusione ottica, \u00e8 proprio il tipo di curiosit\u00e0 scientifica che amiamo. Qualsiasi elemento di dimensioni adatte collocato nella base sembra galleggiare sopra totalmente non sospeso. Visto dal punto di vista giusto \u00e8 cos\u00ec efficace che l&#8217;impulso di toccare con mano \u00e8 quasi irresistibile. Abilmente confezionato per dimostrare l&#8217;effetto [&hellip;]<\/p>\n","protected":false},"featured_media":5509,"comment_status":"closed","ping_status":"closed","template":"","meta":{"_et_pb_use_builder":"","_et_pb_old_content":"","_et_gb_content_width":""},"product_brand":[],"product_cat":[89],"product_tag":[770,197,361],"class_list":{"0":"post-5508","1":"product","2":"type-product","3":"status-publish","4":"has-post-thumbnail","6":"product_cat-giochi-rari-vari","7":"product_tag-mirascopio","8":"product_tag-riedizione-di-vecchi-giochi-anni-40-50-60-70-80-90","9":"product_tag-riedizioni-introvabili-di-vecchi-giochi-anni-70","11":"first","12":"outofstock","13":"taxable","14":"shipping-taxable","15":"purchasable","16":"product-type-simple"},"yoast_head":"<!-- This site is optimized with the Yoast SEO plugin v27.4 - https:\/\/yoast.com\/product\/yoast-seo-wordpress\/ -->\n<title>JR0180 - MIRASCOPIO - BazarBonino<\/title>\n<meta name=\"description\" content=\"Il MIRASCOPIO \u00e8 un&#039; affascinante dispositivo di illusione ottica, \u00e8 proprio il tipo di curiosit\u00e0 scientifica che amiamo.\" \/>\n<meta name=\"robots\" content=\"index, follow, max-snippet:-1, max-image-preview:large, max-video-preview:-1\" \/>\n<link rel=\"canonical\" href=\"https:\/\/www.bazarbonino.com\/store\/prodotto\/jr0180-mirascopio\/\" \/>\n<meta property=\"og:locale\" content=\"it_IT\" \/>\n<meta property=\"og:type\" content=\"article\" \/>\n<meta property=\"og:title\" content=\"JR0180 - MIRASCOPIO - BazarBonino\" \/>\n<meta property=\"og:description\" content=\"Il MIRASCOPIO \u00e8 un&#039; affascinante dispositivo di illusione ottica, \u00e8 proprio il tipo di curiosit\u00e0 scientifica che amiamo.\" \/>\n<meta property=\"og:url\" content=\"https:\/\/www.bazarbonino.com\/store\/prodotto\/jr0180-mirascopio\/\" \/>\n<meta property=\"og:site_name\" content=\"BazarBonino\" \/>\n<meta property=\"article:publisher\" content=\"https:\/\/www.facebook.com\/bazar.bonino\" \/>\n<meta property=\"article:modified_time\" content=\"2023-03-29T07:39:58+00:00\" \/>\n<meta property=\"og:image\" content=\"https:\/\/www.bazarbonino.com\/store\/wp-content\/uploads\/2013\/06\/JR0180-MIRASCOPIO.jpg\" \/>\n\t<meta property=\"og:image:width\" content=\"1000\" \/>\n\t<meta property=\"og:image:height\" content=\"1000\" \/>\n\t<meta property=\"og:image:type\" content=\"image\/jpeg\" \/>\n<meta name=\"twitter:card\" content=\"summary_large_image\" \/>\n<script type=\"application\/ld+json\" class=\"yoast-schema-graph\">{\"@context\":\"https:\\\/\\\/schema.org\",\"@graph\":[{\"@type\":\"WebPage\",\"@id\":\"https:\\\/\\\/www.bazarbonino.com\\\/store\\\/prodotto\\\/jr0180-mirascopio\\\/\",\"url\":\"https:\\\/\\\/www.bazarbonino.com\\\/store\\\/prodotto\\\/jr0180-mirascopio\\\/\",\"name\":\"JR0180 - MIRASCOPIO - BazarBonino\",\"isPartOf\":{\"@id\":\"https:\\\/\\\/www.bazarbonino.com\\\/store\\\/#website\"},\"primaryImageOfPage\":{\"@id\":\"https:\\\/\\\/www.bazarbonino.com\\\/store\\\/prodotto\\\/jr0180-mirascopio\\\/#primaryimage\"},\"image\":{\"@id\":\"https:\\\/\\\/www.bazarbonino.com\\\/store\\\/prodotto\\\/jr0180-mirascopio\\\/#primaryimage\"},\"thumbnailUrl\":\"https:\\\/\\\/www.bazarbonino.com\\\/store\\\/wp-content\\\/uploads\\\/2013\\\/06\\\/JR0180-MIRASCOPIO.jpg\",\"datePublished\":\"2013-06-09T15:53:15+00:00\",\"dateModified\":\"2023-03-29T07:39:58+00:00\",\"description\":\"Il MIRASCOPIO \u00e8 un' affascinante dispositivo di illusione ottica, \u00e8 proprio il tipo di curiosit\u00e0 scientifica che amiamo.\",\"breadcrumb\":{\"@id\":\"https:\\\/\\\/www.bazarbonino.com\\\/store\\\/prodotto\\\/jr0180-mirascopio\\\/#breadcrumb\"},\"inLanguage\":\"it-IT\",\"potentialAction\":[{\"@type\":\"ReadAction\",\"target\":[\"https:\\\/\\\/www.bazarbonino.com\\\/store\\\/prodotto\\\/jr0180-mirascopio\\\/\"]}]},{\"@type\":\"ImageObject\",\"inLanguage\":\"it-IT\",\"@id\":\"https:\\\/\\\/www.bazarbonino.com\\\/store\\\/prodotto\\\/jr0180-mirascopio\\\/#primaryimage\",\"url\":\"https:\\\/\\\/www.bazarbonino.com\\\/store\\\/wp-content\\\/uploads\\\/2013\\\/06\\\/JR0180-MIRASCOPIO.jpg\",\"contentUrl\":\"https:\\\/\\\/www.bazarbonino.com\\\/store\\\/wp-content\\\/uploads\\\/2013\\\/06\\\/JR0180-MIRASCOPIO.jpg\",\"width\":1000,\"height\":1000,\"caption\":\"JR0180 - MIRASCOPIO\"},{\"@type\":\"BreadcrumbList\",\"@id\":\"https:\\\/\\\/www.bazarbonino.com\\\/store\\\/prodotto\\\/jr0180-mirascopio\\\/#breadcrumb\",\"itemListElement\":[{\"@type\":\"ListItem\",\"position\":1,\"name\":\"Home\",\"item\":\"https:\\\/\\\/www.bazarbonino.com\\\/store\\\/\"},{\"@type\":\"ListItem\",\"position\":2,\"name\":\"Catalogo\",\"item\":\"https:\\\/\\\/www.bazarbonino.com\\\/store\\\/shop\\\/\"},{\"@type\":\"ListItem\",\"position\":3,\"name\":\"JR0180 &#8211; MIRASCOPIO\"}]},{\"@type\":\"WebSite\",\"@id\":\"https:\\\/\\\/www.bazarbonino.com\\\/store\\\/#website\",\"url\":\"https:\\\/\\\/www.bazarbonino.com\\\/store\\\/\",\"name\":\"BazarBonino\",\"description\":\"\",\"potentialAction\":[{\"@type\":\"SearchAction\",\"target\":{\"@type\":\"EntryPoint\",\"urlTemplate\":\"https:\\\/\\\/www.bazarbonino.com\\\/store\\\/?s={search_term_string}\"},\"query-input\":{\"@type\":\"PropertyValueSpecification\",\"valueRequired\":true,\"valueName\":\"search_term_string\"}}],\"inLanguage\":\"it-IT\"}]}<\/script>\n<!-- \/ Yoast SEO plugin. -->","yoast_head_json":{"title":"JR0180 - MIRASCOPIO - BazarBonino","description":"Il MIRASCOPIO \u00e8 un' affascinante dispositivo di illusione ottica, \u00e8 proprio il tipo di curiosit\u00e0 scientifica che amiamo.","robots":{"index":"index","follow":"follow","max-snippet":"max-snippet:-1","max-image-preview":"max-image-preview:large","max-video-preview":"max-video-preview:-1"},"canonical":"https:\/\/www.bazarbonino.com\/store\/prodotto\/jr0180-mirascopio\/","og_locale":"it_IT","og_type":"article","og_title":"JR0180 - MIRASCOPIO - BazarBonino","og_description":"Il MIRASCOPIO \u00e8 un' affascinante dispositivo di illusione ottica, \u00e8 proprio il tipo di curiosit\u00e0 scientifica che amiamo.","og_url":"https:\/\/www.bazarbonino.com\/store\/prodotto\/jr0180-mirascopio\/","og_site_name":"BazarBonino","article_publisher":"https:\/\/www.facebook.com\/bazar.bonino","article_modified_time":"2023-03-29T07:39:58+00:00","og_image":[{"width":1000,"height":1000,"url":"https:\/\/www.bazarbonino.com\/store\/wp-content\/uploads\/2013\/06\/JR0180-MIRASCOPIO.jpg","type":"image\/jpeg"}],"twitter_card":"summary_large_image","schema":{"@context":"https:\/\/schema.org","@graph":[{"@type":"WebPage","@id":"https:\/\/www.bazarbonino.com\/store\/prodotto\/jr0180-mirascopio\/","url":"https:\/\/www.bazarbonino.com\/store\/prodotto\/jr0180-mirascopio\/","name":"JR0180 - MIRASCOPIO - BazarBonino","isPartOf":{"@id":"https:\/\/www.bazarbonino.com\/store\/#website"},"primaryImageOfPage":{"@id":"https:\/\/www.bazarbonino.com\/store\/prodotto\/jr0180-mirascopio\/#primaryimage"},"image":{"@id":"https:\/\/www.bazarbonino.com\/store\/prodotto\/jr0180-mirascopio\/#primaryimage"},"thumbnailUrl":"https:\/\/www.bazarbonino.com\/store\/wp-content\/uploads\/2013\/06\/JR0180-MIRASCOPIO.jpg","datePublished":"2013-06-09T15:53:15+00:00","dateModified":"2023-03-29T07:39:58+00:00","description":"Il MIRASCOPIO \u00e8 un' affascinante dispositivo di illusione ottica, \u00e8 proprio il tipo di curiosit\u00e0 scientifica che amiamo.","breadcrumb":{"@id":"https:\/\/www.bazarbonino.com\/store\/prodotto\/jr0180-mirascopio\/#breadcrumb"},"inLanguage":"it-IT","potentialAction":[{"@type":"ReadAction","target":["https:\/\/www.bazarbonino.com\/store\/prodotto\/jr0180-mirascopio\/"]}]},{"@type":"ImageObject","inLanguage":"it-IT","@id":"https:\/\/www.bazarbonino.com\/store\/prodotto\/jr0180-mirascopio\/#primaryimage","url":"https:\/\/www.bazarbonino.com\/store\/wp-content\/uploads\/2013\/06\/JR0180-MIRASCOPIO.jpg","contentUrl":"https:\/\/www.bazarbonino.com\/store\/wp-content\/uploads\/2013\/06\/JR0180-MIRASCOPIO.jpg","width":1000,"height":1000,"caption":"JR0180 - MIRASCOPIO"},{"@type":"BreadcrumbList","@id":"https:\/\/www.bazarbonino.com\/store\/prodotto\/jr0180-mirascopio\/#breadcrumb","itemListElement":[{"@type":"ListItem","position":1,"name":"Home","item":"https:\/\/www.bazarbonino.com\/store\/"},{"@type":"ListItem","position":2,"name":"Catalogo","item":"https:\/\/www.bazarbonino.com\/store\/shop\/"},{"@type":"ListItem","position":3,"name":"JR0180 &#8211; MIRASCOPIO"}]},{"@type":"WebSite","@id":"https:\/\/www.bazarbonino.com\/store\/#website","url":"https:\/\/www.bazarbonino.com\/store\/","name":"BazarBonino","description":"","potentialAction":[{"@type":"SearchAction","target":{"@type":"EntryPoint","urlTemplate":"https:\/\/www.bazarbonino.com\/store\/?s={search_term_string}"},"query-input":{"@type":"PropertyValueSpecification","valueRequired":true,"valueName":"search_term_string"}}],"inLanguage":"it-IT"}]}},"_links":{"self":[{"href":"https:\/\/www.bazarbonino.com\/store\/wp-json\/wp\/v2\/product\/5508","targetHints":{"allow":["GET"]}}],"collection":[{"href":"https:\/\/www.bazarbonino.com\/store\/wp-json\/wp\/v2\/product"}],"about":[{"href":"https:\/\/www.bazarbonino.com\/store\/wp-json\/wp\/v2\/types\/product"}],"replies":[{"embeddable":true,"href":"https:\/\/www.bazarbonino.com\/store\/wp-json\/wp\/v2\/comments?post=5508"}],"wp:featuredmedia":[{"embeddable":true,"href":"https:\/\/www.bazarbonino.com\/store\/wp-json\/wp\/v2\/media\/5509"}],"wp:attachment":[{"href":"https:\/\/www.bazarbonino.com\/store\/wp-json\/wp\/v2\/media?parent=5508"}],"wp:term":[{"taxonomy":"product_brand","embeddable":true,"href":"https:\/\/www.bazarbonino.com\/store\/wp-json\/wp\/v2\/product_brand?post=5508"},{"taxonomy":"product_cat","embeddable":true,"href":"https:\/\/www.bazarbonino.com\/store\/wp-json\/wp\/v2\/product_cat?post=5508"},{"taxonomy":"product_tag","embeddable":true,"href":"https:\/\/www.bazarbonino.com\/store\/wp-json\/wp\/v2\/product_tag?post=5508"}],"curies":[{"name":"wp","href":"https:\/\/api.w.org\/{rel}","templated":true}]}}