{"id":5303,"date":"2013-05-16T15:06:43","date_gmt":"2013-05-16T13:06:43","guid":{"rendered":"http:\/\/www.bazarbonino.com\/store\/products-page\/uncategorized\/"},"modified":"2022-10-29T10:17:14","modified_gmt":"2022-10-29T08:17:14","slug":"ej0002-orbit-ball","status":"publish","type":"product","link":"https:\/\/www.bazarbonino.com\/store\/prodotto\/ej0002-orbit-ball\/","title":{"rendered":"EJ0002 &#8211; ORBIT BALL"},"content":{"rendered":"<p>Orbit Ball \u00e8 un bellissimo gioco originale anni 70&#8242; prodotto a Torino e pubblicizzato sui Topolino di quegli anni ( il nonno dell&#8217; Astrojax )! Il gioco \u00e8 costituito da 2 palle ed un plettro in plastica uniti da un filo di nylon. Le palline scorrono libere sul filo e il plettro va afferrato con le dita; con lievi movimenti bisogna far orbitare la pallina rossa intorno alla blu senza farle scontrare! Ed ora puoi sfidare i tuoi amici a chi riesce a farle orbitare pi\u00f9 a lungo! Essendo un gioco d&#8217;altri tempi (senza marchio CE) non \u00e8 adatto a ragazzi di et\u00e0 inferiore ai 14 anni.<\/p>\n<p>PREZZO INCREDIBILE !!!<\/p>\n","protected":false},"excerpt":{"rendered":"<p>Orbit Ball \u00e8 un bellissimo gioco originale anni 70&#8242; prodotto a Torino e pubblicizzato sui Topolino di quegli anni ( il nonno dell&#8217; Astrojax )! Il gioco \u00e8 costituito da 2 palle ed un plettro in plastica uniti da un filo di nylon. Le palline scorrono libere sul filo e il plettro va afferrato con [&hellip;]<\/p>\n","protected":false},"featured_media":5304,"comment_status":"closed","ping_status":"closed","template":"","meta":{"_et_pb_use_builder":"","_et_pb_old_content":"","_et_gb_content_width":""},"product_brand":[],"product_cat":[88],"product_tag":[694,126,693],"class_list":{"0":"post-5303","1":"product","2":"type-product","3":"status-publish","4":"has-post-thumbnail","6":"product_cat-giochini-economici","7":"product_tag-giocattoli-vintage","8":"product_tag-giochi-giocattoli-vintage","9":"product_tag-orbit-ball","10":"pa_prezzo-quantita-20-pezzi","11":"pa_prezzo-quantita-300-pezzi","12":"pa_prezzo-quantita-caduno","14":"first","15":"instock","16":"taxable","17":"shipping-taxable","18":"purchasable","19":"product-type-variable"},"yoast_head":"<!-- This site is optimized with the Yoast SEO plugin v27.4 - https:\/\/yoast.com\/product\/yoast-seo-wordpress\/ -->\n<title>EJ0002 - ORBIT BALL - BazarBonino<\/title>\n<meta name=\"description\" content=\"Orbit Ball \u00e8 un bellissimo gioco originale anni 70&#039; prodotto a Torino e pubblicizzato sui Topolino di quegli anni ( il nonno dell&#039; Astrojax )!\" \/>\n<meta name=\"robots\" content=\"index, follow, max-snippet:-1, max-image-preview:large, max-video-preview:-1\" \/>\n<link rel=\"canonical\" href=\"https:\/\/www.bazarbonino.com\/store\/prodotto\/ej0002-orbit-ball\/\" \/>\n<meta property=\"og:locale\" content=\"it_IT\" \/>\n<meta property=\"og:type\" content=\"article\" \/>\n<meta property=\"og:title\" content=\"EJ0002 - ORBIT BALL - BazarBonino\" \/>\n<meta property=\"og:description\" content=\"Orbit Ball \u00e8 un bellissimo gioco originale anni 70&#039; prodotto a Torino e pubblicizzato sui Topolino di quegli anni ( il nonno dell&#039; Astrojax )!\" \/>\n<meta property=\"og:url\" content=\"https:\/\/www.bazarbonino.com\/store\/prodotto\/ej0002-orbit-ball\/\" \/>\n<meta property=\"og:site_name\" content=\"BazarBonino\" \/>\n<meta property=\"article:publisher\" content=\"https:\/\/www.facebook.com\/bazar.bonino\" \/>\n<meta property=\"article:modified_time\" content=\"2022-10-29T08:17:14+00:00\" \/>\n<meta property=\"og:image\" content=\"https:\/\/www.bazarbonino.com\/store\/wp-content\/uploads\/2013\/05\/EJ0002-ORBIT-BALL.jpg\" \/>\n\t<meta property=\"og:image:width\" content=\"1200\" \/>\n\t<meta property=\"og:image:height\" content=\"900\" \/>\n\t<meta property=\"og:image:type\" content=\"image\/jpeg\" \/>\n<meta name=\"twitter:card\" content=\"summary_large_image\" \/>\n<meta name=\"twitter:label1\" content=\"Tempo di lettura stimato\" \/>\n\t<meta name=\"twitter:data1\" content=\"1 minuto\" \/>\n<script type=\"application\/ld+json\" class=\"yoast-schema-graph\">{\"@context\":\"https:\\\/\\\/schema.org\",\"@graph\":[{\"@type\":\"WebPage\",\"@id\":\"https:\\\/\\\/www.bazarbonino.com\\\/store\\\/prodotto\\\/ej0002-orbit-ball\\\/\",\"url\":\"https:\\\/\\\/www.bazarbonino.com\\\/store\\\/prodotto\\\/ej0002-orbit-ball\\\/\",\"name\":\"EJ0002 - ORBIT BALL - BazarBonino\",\"isPartOf\":{\"@id\":\"https:\\\/\\\/www.bazarbonino.com\\\/store\\\/#website\"},\"primaryImageOfPage\":{\"@id\":\"https:\\\/\\\/www.bazarbonino.com\\\/store\\\/prodotto\\\/ej0002-orbit-ball\\\/#primaryimage\"},\"image\":{\"@id\":\"https:\\\/\\\/www.bazarbonino.com\\\/store\\\/prodotto\\\/ej0002-orbit-ball\\\/#primaryimage\"},\"thumbnailUrl\":\"https:\\\/\\\/www.bazarbonino.com\\\/store\\\/wp-content\\\/uploads\\\/2013\\\/05\\\/EJ0002-ORBIT-BALL.jpg\",\"datePublished\":\"2013-05-16T13:06:43+00:00\",\"dateModified\":\"2022-10-29T08:17:14+00:00\",\"description\":\"Orbit Ball \u00e8 un bellissimo gioco originale anni 70' prodotto a Torino e pubblicizzato sui Topolino di quegli anni ( il nonno dell' Astrojax )!\",\"breadcrumb\":{\"@id\":\"https:\\\/\\\/www.bazarbonino.com\\\/store\\\/prodotto\\\/ej0002-orbit-ball\\\/#breadcrumb\"},\"inLanguage\":\"it-IT\",\"potentialAction\":[{\"@type\":\"ReadAction\",\"target\":[\"https:\\\/\\\/www.bazarbonino.com\\\/store\\\/prodotto\\\/ej0002-orbit-ball\\\/\"]}]},{\"@type\":\"ImageObject\",\"inLanguage\":\"it-IT\",\"@id\":\"https:\\\/\\\/www.bazarbonino.com\\\/store\\\/prodotto\\\/ej0002-orbit-ball\\\/#primaryimage\",\"url\":\"https:\\\/\\\/www.bazarbonino.com\\\/store\\\/wp-content\\\/uploads\\\/2013\\\/05\\\/EJ0002-ORBIT-BALL.jpg\",\"contentUrl\":\"https:\\\/\\\/www.bazarbonino.com\\\/store\\\/wp-content\\\/uploads\\\/2013\\\/05\\\/EJ0002-ORBIT-BALL.jpg\",\"width\":1200,\"height\":900},{\"@type\":\"BreadcrumbList\",\"@id\":\"https:\\\/\\\/www.bazarbonino.com\\\/store\\\/prodotto\\\/ej0002-orbit-ball\\\/#breadcrumb\",\"itemListElement\":[{\"@type\":\"ListItem\",\"position\":1,\"name\":\"Home\",\"item\":\"https:\\\/\\\/www.bazarbonino.com\\\/store\\\/\"},{\"@type\":\"ListItem\",\"position\":2,\"name\":\"Catalogo\",\"item\":\"https:\\\/\\\/www.bazarbonino.com\\\/store\\\/shop\\\/\"},{\"@type\":\"ListItem\",\"position\":3,\"name\":\"EJ0002 &#8211; ORBIT BALL\"}]},{\"@type\":\"WebSite\",\"@id\":\"https:\\\/\\\/www.bazarbonino.com\\\/store\\\/#website\",\"url\":\"https:\\\/\\\/www.bazarbonino.com\\\/store\\\/\",\"name\":\"BazarBonino\",\"description\":\"\",\"potentialAction\":[{\"@type\":\"SearchAction\",\"target\":{\"@type\":\"EntryPoint\",\"urlTemplate\":\"https:\\\/\\\/www.bazarbonino.com\\\/store\\\/?s={search_term_string}\"},\"query-input\":{\"@type\":\"PropertyValueSpecification\",\"valueRequired\":true,\"valueName\":\"search_term_string\"}}],\"inLanguage\":\"it-IT\"}]}<\/script>\n<!-- \/ Yoast SEO plugin. -->","yoast_head_json":{"title":"EJ0002 - ORBIT BALL - BazarBonino","description":"Orbit Ball \u00e8 un bellissimo gioco originale anni 70' prodotto a Torino e pubblicizzato sui Topolino di quegli anni ( il nonno dell' Astrojax )!","robots":{"index":"index","follow":"follow","max-snippet":"max-snippet:-1","max-image-preview":"max-image-preview:large","max-video-preview":"max-video-preview:-1"},"canonical":"https:\/\/www.bazarbonino.com\/store\/prodotto\/ej0002-orbit-ball\/","og_locale":"it_IT","og_type":"article","og_title":"EJ0002 - ORBIT BALL - BazarBonino","og_description":"Orbit Ball \u00e8 un bellissimo gioco originale anni 70' prodotto a Torino e pubblicizzato sui Topolino di quegli anni ( il nonno dell' Astrojax )!","og_url":"https:\/\/www.bazarbonino.com\/store\/prodotto\/ej0002-orbit-ball\/","og_site_name":"BazarBonino","article_publisher":"https:\/\/www.facebook.com\/bazar.bonino","article_modified_time":"2022-10-29T08:17:14+00:00","og_image":[{"width":1200,"height":900,"url":"https:\/\/www.bazarbonino.com\/store\/wp-content\/uploads\/2013\/05\/EJ0002-ORBIT-BALL.jpg","type":"image\/jpeg"}],"twitter_card":"summary_large_image","twitter_misc":{"Tempo di lettura stimato":"1 minuto"},"schema":{"@context":"https:\/\/schema.org","@graph":[{"@type":"WebPage","@id":"https:\/\/www.bazarbonino.com\/store\/prodotto\/ej0002-orbit-ball\/","url":"https:\/\/www.bazarbonino.com\/store\/prodotto\/ej0002-orbit-ball\/","name":"EJ0002 - ORBIT BALL - BazarBonino","isPartOf":{"@id":"https:\/\/www.bazarbonino.com\/store\/#website"},"primaryImageOfPage":{"@id":"https:\/\/www.bazarbonino.com\/store\/prodotto\/ej0002-orbit-ball\/#primaryimage"},"image":{"@id":"https:\/\/www.bazarbonino.com\/store\/prodotto\/ej0002-orbit-ball\/#primaryimage"},"thumbnailUrl":"https:\/\/www.bazarbonino.com\/store\/wp-content\/uploads\/2013\/05\/EJ0002-ORBIT-BALL.jpg","datePublished":"2013-05-16T13:06:43+00:00","dateModified":"2022-10-29T08:17:14+00:00","description":"Orbit Ball \u00e8 un bellissimo gioco originale anni 70' prodotto a Torino e pubblicizzato sui Topolino di quegli anni ( il nonno dell' Astrojax )!","breadcrumb":{"@id":"https:\/\/www.bazarbonino.com\/store\/prodotto\/ej0002-orbit-ball\/#breadcrumb"},"inLanguage":"it-IT","potentialAction":[{"@type":"ReadAction","target":["https:\/\/www.bazarbonino.com\/store\/prodotto\/ej0002-orbit-ball\/"]}]},{"@type":"ImageObject","inLanguage":"it-IT","@id":"https:\/\/www.bazarbonino.com\/store\/prodotto\/ej0002-orbit-ball\/#primaryimage","url":"https:\/\/www.bazarbonino.com\/store\/wp-content\/uploads\/2013\/05\/EJ0002-ORBIT-BALL.jpg","contentUrl":"https:\/\/www.bazarbonino.com\/store\/wp-content\/uploads\/2013\/05\/EJ0002-ORBIT-BALL.jpg","width":1200,"height":900},{"@type":"BreadcrumbList","@id":"https:\/\/www.bazarbonino.com\/store\/prodotto\/ej0002-orbit-ball\/#breadcrumb","itemListElement":[{"@type":"ListItem","position":1,"name":"Home","item":"https:\/\/www.bazarbonino.com\/store\/"},{"@type":"ListItem","position":2,"name":"Catalogo","item":"https:\/\/www.bazarbonino.com\/store\/shop\/"},{"@type":"ListItem","position":3,"name":"EJ0002 &#8211; ORBIT BALL"}]},{"@type":"WebSite","@id":"https:\/\/www.bazarbonino.com\/store\/#website","url":"https:\/\/www.bazarbonino.com\/store\/","name":"BazarBonino","description":"","potentialAction":[{"@type":"SearchAction","target":{"@type":"EntryPoint","urlTemplate":"https:\/\/www.bazarbonino.com\/store\/?s={search_term_string}"},"query-input":{"@type":"PropertyValueSpecification","valueRequired":true,"valueName":"search_term_string"}}],"inLanguage":"it-IT"}]}},"_links":{"self":[{"href":"https:\/\/www.bazarbonino.com\/store\/wp-json\/wp\/v2\/product\/5303","targetHints":{"allow":["GET"]}}],"collection":[{"href":"https:\/\/www.bazarbonino.com\/store\/wp-json\/wp\/v2\/product"}],"about":[{"href":"https:\/\/www.bazarbonino.com\/store\/wp-json\/wp\/v2\/types\/product"}],"replies":[{"embeddable":true,"href":"https:\/\/www.bazarbonino.com\/store\/wp-json\/wp\/v2\/comments?post=5303"}],"wp:featuredmedia":[{"embeddable":true,"href":"https:\/\/www.bazarbonino.com\/store\/wp-json\/wp\/v2\/media\/5304"}],"wp:attachment":[{"href":"https:\/\/www.bazarbonino.com\/store\/wp-json\/wp\/v2\/media?parent=5303"}],"wp:term":[{"taxonomy":"product_brand","embeddable":true,"href":"https:\/\/www.bazarbonino.com\/store\/wp-json\/wp\/v2\/product_brand?post=5303"},{"taxonomy":"product_cat","embeddable":true,"href":"https:\/\/www.bazarbonino.com\/store\/wp-json\/wp\/v2\/product_cat?post=5303"},{"taxonomy":"product_tag","embeddable":true,"href":"https:\/\/www.bazarbonino.com\/store\/wp-json\/wp\/v2\/product_tag?post=5303"}],"curies":[{"name":"wp","href":"https:\/\/api.w.org\/{rel}","templated":true}]}}