{"id":5218,"date":"2013-05-09T09:49:12","date_gmt":"2013-05-09T07:49:12","guid":{"rendered":"http:\/\/www.bazarbonino.com\/store\/products-page\/uncategorized\/"},"modified":"2024-12-10T12:37:52","modified_gmt":"2024-12-10T11:37:52","slug":"jg3908-gora-fire-appearing-cane-da-fiamma-a-bastone","status":"publish","type":"product","link":"https:\/\/www.bazarbonino.com\/store\/prodotto\/jg3908-gora-fire-appearing-cane-da-fiamma-a-bastone\/","title":{"rendered":"JG3908 &#8211; GORA FIRE APPEARING CANE &#8211; Da fiamma a bastone"},"content":{"rendered":"<h5>GORA FIRE APPEARING CANE Un altro attrezzo per stupire il vostro pubblico: il trucco magico dell&#8217;apparizione del bastone con il fuoco. Alcuni consigli da seguire: quando lo si ripone, meglio tenerlo aperto per non sforzare troppo il meccanismo a molla; per renderlo pi\u00f9 maneggevole nell&#8217;esecuzione del trucco aprilo e chiudilo pi\u00f9 volte, in modo delicato, girando contrariamente al senso della molla, \u00e8 consigliato non imbibire totalmente il kevlar posto all&#8217;estremit\u00e0 del bastone, altrimenti si rischia di bruciarsi la mano; per non far vedere il trucco al pubblico mentre si fa apparire il bastone si pu\u00f2 fare un giro su se stessi. Naturalmente la vendita di questo attrezzo \u00e8 riservata ai maggiorenni!<\/h5>\n","protected":false},"excerpt":{"rendered":"<p>GORA FIRE APPEARING CANE Un altro attrezzo per stupire il vostro pubblico: il trucco magico dell&#8217;apparizione del bastone con il fuoco. Alcuni consigli da seguire: quando lo si ripone, meglio tenerlo aperto per non sforzare troppo il meccanismo a molla; per renderlo pi\u00f9 maneggevole nell&#8217;esecuzione del trucco aprilo e chiudilo pi\u00f9 volte, in modo delicato, [&hellip;]<\/p>\n","protected":false},"featured_media":5219,"comment_status":"closed","ping_status":"closed","template":"","meta":{"_et_pb_use_builder":"","_et_pb_old_content":"","_et_gb_content_width":""},"product_brand":[],"product_cat":[48],"product_tag":[224,315,663],"class_list":{"0":"post-5218","1":"product","2":"type-product","3":"status-publish","4":"has-post-thumbnail","6":"product_cat-attrezzi-infuocati-vari-danza-costumi","7":"product_tag-attrezzi-di-fuoco","8":"product_tag-attrezzi-infuocati-gora","9":"product_tag-fire-appearing-cane","11":"first","12":"instock","13":"sale","14":"taxable","15":"shipping-taxable","16":"purchasable","17":"product-type-simple"},"yoast_head":"<!-- This site is optimized with the Yoast SEO plugin v27.4 - https:\/\/yoast.com\/product\/yoast-seo-wordpress\/ -->\n<title>JG3908 - GORA FIRE APPEARING CANE - Da fiamma a bastone - BazarBonino<\/title>\n<meta name=\"description\" content=\"GORA FIRE APPEARING CANE Un altro attrezzo per stupire il vostro pubblico: il trucco magico dell&#039;apparizione del bastone con il fuoco,\" \/>\n<meta name=\"robots\" content=\"index, follow, max-snippet:-1, max-image-preview:large, max-video-preview:-1\" \/>\n<link rel=\"canonical\" href=\"https:\/\/www.bazarbonino.com\/store\/prodotto\/jg3908-gora-fire-appearing-cane-da-fiamma-a-bastone\/\" \/>\n<meta property=\"og:locale\" content=\"it_IT\" \/>\n<meta property=\"og:type\" content=\"article\" \/>\n<meta property=\"og:title\" content=\"JG3908 - GORA FIRE APPEARING CANE - Da fiamma a bastone - BazarBonino\" \/>\n<meta property=\"og:description\" content=\"GORA FIRE APPEARING CANE Un altro attrezzo per stupire il vostro pubblico: il trucco magico dell&#039;apparizione del bastone con il fuoco,\" \/>\n<meta property=\"og:url\" content=\"https:\/\/www.bazarbonino.com\/store\/prodotto\/jg3908-gora-fire-appearing-cane-da-fiamma-a-bastone\/\" \/>\n<meta property=\"og:site_name\" content=\"BazarBonino\" \/>\n<meta property=\"article:publisher\" content=\"https:\/\/www.facebook.com\/bazar.bonino\" \/>\n<meta property=\"article:modified_time\" content=\"2024-12-10T11:37:52+00:00\" \/>\n<meta property=\"og:image\" content=\"https:\/\/www.bazarbonino.com\/store\/wp-content\/uploads\/2013\/05\/JG3908-GORA-FIRE-APPEARING-CANE-Da-fiamma-a-bastone.jpg\" \/>\n\t<meta property=\"og:image:width\" content=\"650\" \/>\n\t<meta property=\"og:image:height\" content=\"650\" \/>\n\t<meta property=\"og:image:type\" content=\"image\/jpeg\" \/>\n<meta name=\"twitter:card\" content=\"summary_large_image\" \/>\n<meta name=\"twitter:label1\" content=\"Tempo di lettura stimato\" \/>\n\t<meta name=\"twitter:data1\" content=\"1 minuto\" \/>\n<script type=\"application\/ld+json\" class=\"yoast-schema-graph\">{\"@context\":\"https:\\\/\\\/schema.org\",\"@graph\":[{\"@type\":\"WebPage\",\"@id\":\"https:\\\/\\\/www.bazarbonino.com\\\/store\\\/prodotto\\\/jg3908-gora-fire-appearing-cane-da-fiamma-a-bastone\\\/\",\"url\":\"https:\\\/\\\/www.bazarbonino.com\\\/store\\\/prodotto\\\/jg3908-gora-fire-appearing-cane-da-fiamma-a-bastone\\\/\",\"name\":\"JG3908 - GORA FIRE APPEARING CANE - Da fiamma a bastone - BazarBonino\",\"isPartOf\":{\"@id\":\"https:\\\/\\\/www.bazarbonino.com\\\/store\\\/#website\"},\"primaryImageOfPage\":{\"@id\":\"https:\\\/\\\/www.bazarbonino.com\\\/store\\\/prodotto\\\/jg3908-gora-fire-appearing-cane-da-fiamma-a-bastone\\\/#primaryimage\"},\"image\":{\"@id\":\"https:\\\/\\\/www.bazarbonino.com\\\/store\\\/prodotto\\\/jg3908-gora-fire-appearing-cane-da-fiamma-a-bastone\\\/#primaryimage\"},\"thumbnailUrl\":\"https:\\\/\\\/www.bazarbonino.com\\\/store\\\/wp-content\\\/uploads\\\/2013\\\/05\\\/JG3908-GORA-FIRE-APPEARING-CANE-Da-fiamma-a-bastone.jpg\",\"datePublished\":\"2013-05-09T07:49:12+00:00\",\"dateModified\":\"2024-12-10T11:37:52+00:00\",\"description\":\"GORA FIRE APPEARING CANE Un altro attrezzo per stupire il vostro pubblico: il trucco magico dell'apparizione del bastone con il fuoco,\",\"breadcrumb\":{\"@id\":\"https:\\\/\\\/www.bazarbonino.com\\\/store\\\/prodotto\\\/jg3908-gora-fire-appearing-cane-da-fiamma-a-bastone\\\/#breadcrumb\"},\"inLanguage\":\"it-IT\",\"potentialAction\":[{\"@type\":\"ReadAction\",\"target\":[\"https:\\\/\\\/www.bazarbonino.com\\\/store\\\/prodotto\\\/jg3908-gora-fire-appearing-cane-da-fiamma-a-bastone\\\/\"]}]},{\"@type\":\"ImageObject\",\"inLanguage\":\"it-IT\",\"@id\":\"https:\\\/\\\/www.bazarbonino.com\\\/store\\\/prodotto\\\/jg3908-gora-fire-appearing-cane-da-fiamma-a-bastone\\\/#primaryimage\",\"url\":\"https:\\\/\\\/www.bazarbonino.com\\\/store\\\/wp-content\\\/uploads\\\/2013\\\/05\\\/JG3908-GORA-FIRE-APPEARING-CANE-Da-fiamma-a-bastone.jpg\",\"contentUrl\":\"https:\\\/\\\/www.bazarbonino.com\\\/store\\\/wp-content\\\/uploads\\\/2013\\\/05\\\/JG3908-GORA-FIRE-APPEARING-CANE-Da-fiamma-a-bastone.jpg\",\"width\":650,\"height\":650,\"caption\":\"JG3908 - GORA FIRE APPEARING CANE - Da fiamma a bastone\"},{\"@type\":\"BreadcrumbList\",\"@id\":\"https:\\\/\\\/www.bazarbonino.com\\\/store\\\/prodotto\\\/jg3908-gora-fire-appearing-cane-da-fiamma-a-bastone\\\/#breadcrumb\",\"itemListElement\":[{\"@type\":\"ListItem\",\"position\":1,\"name\":\"Home\",\"item\":\"https:\\\/\\\/www.bazarbonino.com\\\/store\\\/\"},{\"@type\":\"ListItem\",\"position\":2,\"name\":\"Catalogo\",\"item\":\"https:\\\/\\\/www.bazarbonino.com\\\/store\\\/shop\\\/\"},{\"@type\":\"ListItem\",\"position\":3,\"name\":\"JG3908 &#8211; GORA FIRE APPEARING CANE &#8211; Da fiamma a bastone\"}]},{\"@type\":\"WebSite\",\"@id\":\"https:\\\/\\\/www.bazarbonino.com\\\/store\\\/#website\",\"url\":\"https:\\\/\\\/www.bazarbonino.com\\\/store\\\/\",\"name\":\"BazarBonino\",\"description\":\"\",\"potentialAction\":[{\"@type\":\"SearchAction\",\"target\":{\"@type\":\"EntryPoint\",\"urlTemplate\":\"https:\\\/\\\/www.bazarbonino.com\\\/store\\\/?s={search_term_string}\"},\"query-input\":{\"@type\":\"PropertyValueSpecification\",\"valueRequired\":true,\"valueName\":\"search_term_string\"}}],\"inLanguage\":\"it-IT\"}]}<\/script>\n<!-- \/ Yoast SEO plugin. -->","yoast_head_json":{"title":"JG3908 - GORA FIRE APPEARING CANE - Da fiamma a bastone - BazarBonino","description":"GORA FIRE APPEARING CANE Un altro attrezzo per stupire il vostro pubblico: il trucco magico dell'apparizione del bastone con il fuoco,","robots":{"index":"index","follow":"follow","max-snippet":"max-snippet:-1","max-image-preview":"max-image-preview:large","max-video-preview":"max-video-preview:-1"},"canonical":"https:\/\/www.bazarbonino.com\/store\/prodotto\/jg3908-gora-fire-appearing-cane-da-fiamma-a-bastone\/","og_locale":"it_IT","og_type":"article","og_title":"JG3908 - GORA FIRE APPEARING CANE - Da fiamma a bastone - BazarBonino","og_description":"GORA FIRE APPEARING CANE Un altro attrezzo per stupire il vostro pubblico: il trucco magico dell'apparizione del bastone con il fuoco,","og_url":"https:\/\/www.bazarbonino.com\/store\/prodotto\/jg3908-gora-fire-appearing-cane-da-fiamma-a-bastone\/","og_site_name":"BazarBonino","article_publisher":"https:\/\/www.facebook.com\/bazar.bonino","article_modified_time":"2024-12-10T11:37:52+00:00","og_image":[{"width":650,"height":650,"url":"https:\/\/www.bazarbonino.com\/store\/wp-content\/uploads\/2013\/05\/JG3908-GORA-FIRE-APPEARING-CANE-Da-fiamma-a-bastone.jpg","type":"image\/jpeg"}],"twitter_card":"summary_large_image","twitter_misc":{"Tempo di lettura stimato":"1 minuto"},"schema":{"@context":"https:\/\/schema.org","@graph":[{"@type":"WebPage","@id":"https:\/\/www.bazarbonino.com\/store\/prodotto\/jg3908-gora-fire-appearing-cane-da-fiamma-a-bastone\/","url":"https:\/\/www.bazarbonino.com\/store\/prodotto\/jg3908-gora-fire-appearing-cane-da-fiamma-a-bastone\/","name":"JG3908 - GORA FIRE APPEARING CANE - Da fiamma a bastone - BazarBonino","isPartOf":{"@id":"https:\/\/www.bazarbonino.com\/store\/#website"},"primaryImageOfPage":{"@id":"https:\/\/www.bazarbonino.com\/store\/prodotto\/jg3908-gora-fire-appearing-cane-da-fiamma-a-bastone\/#primaryimage"},"image":{"@id":"https:\/\/www.bazarbonino.com\/store\/prodotto\/jg3908-gora-fire-appearing-cane-da-fiamma-a-bastone\/#primaryimage"},"thumbnailUrl":"https:\/\/www.bazarbonino.com\/store\/wp-content\/uploads\/2013\/05\/JG3908-GORA-FIRE-APPEARING-CANE-Da-fiamma-a-bastone.jpg","datePublished":"2013-05-09T07:49:12+00:00","dateModified":"2024-12-10T11:37:52+00:00","description":"GORA FIRE APPEARING CANE Un altro attrezzo per stupire il vostro pubblico: il trucco magico dell'apparizione del bastone con il fuoco,","breadcrumb":{"@id":"https:\/\/www.bazarbonino.com\/store\/prodotto\/jg3908-gora-fire-appearing-cane-da-fiamma-a-bastone\/#breadcrumb"},"inLanguage":"it-IT","potentialAction":[{"@type":"ReadAction","target":["https:\/\/www.bazarbonino.com\/store\/prodotto\/jg3908-gora-fire-appearing-cane-da-fiamma-a-bastone\/"]}]},{"@type":"ImageObject","inLanguage":"it-IT","@id":"https:\/\/www.bazarbonino.com\/store\/prodotto\/jg3908-gora-fire-appearing-cane-da-fiamma-a-bastone\/#primaryimage","url":"https:\/\/www.bazarbonino.com\/store\/wp-content\/uploads\/2013\/05\/JG3908-GORA-FIRE-APPEARING-CANE-Da-fiamma-a-bastone.jpg","contentUrl":"https:\/\/www.bazarbonino.com\/store\/wp-content\/uploads\/2013\/05\/JG3908-GORA-FIRE-APPEARING-CANE-Da-fiamma-a-bastone.jpg","width":650,"height":650,"caption":"JG3908 - GORA FIRE APPEARING CANE - Da fiamma a bastone"},{"@type":"BreadcrumbList","@id":"https:\/\/www.bazarbonino.com\/store\/prodotto\/jg3908-gora-fire-appearing-cane-da-fiamma-a-bastone\/#breadcrumb","itemListElement":[{"@type":"ListItem","position":1,"name":"Home","item":"https:\/\/www.bazarbonino.com\/store\/"},{"@type":"ListItem","position":2,"name":"Catalogo","item":"https:\/\/www.bazarbonino.com\/store\/shop\/"},{"@type":"ListItem","position":3,"name":"JG3908 &#8211; GORA FIRE APPEARING CANE &#8211; Da fiamma a bastone"}]},{"@type":"WebSite","@id":"https:\/\/www.bazarbonino.com\/store\/#website","url":"https:\/\/www.bazarbonino.com\/store\/","name":"BazarBonino","description":"","potentialAction":[{"@type":"SearchAction","target":{"@type":"EntryPoint","urlTemplate":"https:\/\/www.bazarbonino.com\/store\/?s={search_term_string}"},"query-input":{"@type":"PropertyValueSpecification","valueRequired":true,"valueName":"search_term_string"}}],"inLanguage":"it-IT"}]}},"_links":{"self":[{"href":"https:\/\/www.bazarbonino.com\/store\/wp-json\/wp\/v2\/product\/5218","targetHints":{"allow":["GET"]}}],"collection":[{"href":"https:\/\/www.bazarbonino.com\/store\/wp-json\/wp\/v2\/product"}],"about":[{"href":"https:\/\/www.bazarbonino.com\/store\/wp-json\/wp\/v2\/types\/product"}],"replies":[{"embeddable":true,"href":"https:\/\/www.bazarbonino.com\/store\/wp-json\/wp\/v2\/comments?post=5218"}],"wp:featuredmedia":[{"embeddable":true,"href":"https:\/\/www.bazarbonino.com\/store\/wp-json\/wp\/v2\/media\/5219"}],"wp:attachment":[{"href":"https:\/\/www.bazarbonino.com\/store\/wp-json\/wp\/v2\/media?parent=5218"}],"wp:term":[{"taxonomy":"product_brand","embeddable":true,"href":"https:\/\/www.bazarbonino.com\/store\/wp-json\/wp\/v2\/product_brand?post=5218"},{"taxonomy":"product_cat","embeddable":true,"href":"https:\/\/www.bazarbonino.com\/store\/wp-json\/wp\/v2\/product_cat?post=5218"},{"taxonomy":"product_tag","embeddable":true,"href":"https:\/\/www.bazarbonino.com\/store\/wp-json\/wp\/v2\/product_tag?post=5218"}],"curies":[{"name":"wp","href":"https:\/\/api.w.org\/{rel}","templated":true}]}}