{"id":5213,"date":"2013-05-08T11:20:07","date_gmt":"2013-05-08T09:20:07","guid":{"rendered":"http:\/\/www.bazarbonino.com\/store\/products-page\/uncategorized\/"},"modified":"2024-09-30T18:07:18","modified_gmt":"2024-09-30T16:07:18","slug":"jg2160-bacchette-devil-gora-fire-hand-stick","status":"publish","type":"product","link":"https:\/\/www.bazarbonino.com\/store\/prodotto\/jg2160-bacchette-devil-gora-fire-hand-stick\/","title":{"rendered":"JG2160 &#8211; BACCHETTE DEVIL GORA &#8220;FIRE HAND STICK&#8221;"},"content":{"rendered":"<p>BACCHETTE DEVIL GORA &#8220;FIRE HAND STICK&#8221;al paio, lunghe 45 cm, 100 gr cad. &#8211; costruite con uno speciale alluminio diam. 7 mm rivestito di silicone, hanno l&#8217;estremit\u00e0 rivestita da 40 cm di kevlar 25 mm: questo effetto addizionale ti permetter\u00e0, oltre che di eseguire nuovi tricks fermando il devil sulle loro cime, di stupire il tuo pubblico..che non sapr\u00e0 pi\u00f9 distinguere tra il devilstick e le bacchette! aggiungi tu nuovi tricks, davvero fantastiche! Disponibili in colore nero.<\/p>\n","protected":false},"excerpt":{"rendered":"<p>ESAURITO IN RIORDINO<\/p>\n","protected":false},"featured_media":18808,"comment_status":"closed","ping_status":"closed","template":"","meta":{"_et_pb_use_builder":"","_et_pb_old_content":"","_et_gb_content_width":""},"product_brand":[],"product_cat":[24,45],"product_tag":[661,659,660],"class_list":{"0":"post-5213","1":"product","2":"type-product","3":"status-publish","4":"has-post-thumbnail","6":"product_cat-bacchette-e-accessori-devilstick","7":"product_cat-devil-stick-infuocati","8":"product_tag-attrezzi-infuocati","9":"product_tag-bacchette-devil-infuocate","10":"product_tag-fire-hand-stick","12":"first","13":"outofstock","14":"sale","15":"taxable","16":"shipping-taxable","17":"purchasable","18":"product-type-simple"},"yoast_head":"<!-- This site is optimized with the Yoast SEO plugin v27.4 - https:\/\/yoast.com\/product\/yoast-seo-wordpress\/ -->\n<title>JG2160 - BACCHETTE DEVIL GORA &quot;FIRE HAND STICK&quot; - BazarBonino<\/title>\n<meta name=\"description\" content=\"BACCHETTE DEVIL GORA &quot;FIRE HAND STICK&quot;al paio, lunghe 45 cm, 100 gr cad. - alluminio diam. 7 mm rinivestito di silicone - estremit\u00e0 con 40cm di kevlar 25 mm\" \/>\n<meta name=\"robots\" content=\"index, follow, max-snippet:-1, max-image-preview:large, max-video-preview:-1\" \/>\n<link rel=\"canonical\" href=\"https:\/\/www.bazarbonino.com\/store\/prodotto\/jg2160-bacchette-devil-gora-fire-hand-stick\/\" \/>\n<meta property=\"og:locale\" content=\"it_IT\" \/>\n<meta property=\"og:type\" content=\"article\" \/>\n<meta property=\"og:title\" content=\"JG2160 - BACCHETTE DEVIL GORA &quot;FIRE HAND STICK&quot; - BazarBonino\" \/>\n<meta property=\"og:description\" content=\"BACCHETTE DEVIL GORA &quot;FIRE HAND STICK&quot;al paio, lunghe 45 cm, 100 gr cad. - alluminio diam. 7 mm rinivestito di silicone - estremit\u00e0 con 40cm di kevlar 25 mm\" \/>\n<meta property=\"og:url\" content=\"https:\/\/www.bazarbonino.com\/store\/prodotto\/jg2160-bacchette-devil-gora-fire-hand-stick\/\" \/>\n<meta property=\"og:site_name\" content=\"BazarBonino\" \/>\n<meta property=\"article:publisher\" content=\"https:\/\/www.facebook.com\/bazar.bonino\" \/>\n<meta property=\"article:modified_time\" content=\"2024-09-30T16:07:18+00:00\" \/>\n<meta property=\"og:image\" content=\"https:\/\/www.bazarbonino.com\/store\/wp-content\/uploads\/2013\/05\/JG2160-BACCHETTE-DEVIL-GORA-FIRE-HAND-STICK-2-1.jpg\" \/>\n\t<meta property=\"og:image:width\" content=\"1000\" \/>\n\t<meta property=\"og:image:height\" content=\"500\" \/>\n\t<meta property=\"og:image:type\" content=\"image\/jpeg\" \/>\n<meta name=\"twitter:card\" content=\"summary_large_image\" \/>\n<script type=\"application\/ld+json\" class=\"yoast-schema-graph\">{\"@context\":\"https:\\\/\\\/schema.org\",\"@graph\":[{\"@type\":\"WebPage\",\"@id\":\"https:\\\/\\\/www.bazarbonino.com\\\/store\\\/prodotto\\\/jg2160-bacchette-devil-gora-fire-hand-stick\\\/\",\"url\":\"https:\\\/\\\/www.bazarbonino.com\\\/store\\\/prodotto\\\/jg2160-bacchette-devil-gora-fire-hand-stick\\\/\",\"name\":\"JG2160 - BACCHETTE DEVIL GORA \\\"FIRE HAND STICK\\\" - BazarBonino\",\"isPartOf\":{\"@id\":\"https:\\\/\\\/www.bazarbonino.com\\\/store\\\/#website\"},\"primaryImageOfPage\":{\"@id\":\"https:\\\/\\\/www.bazarbonino.com\\\/store\\\/prodotto\\\/jg2160-bacchette-devil-gora-fire-hand-stick\\\/#primaryimage\"},\"image\":{\"@id\":\"https:\\\/\\\/www.bazarbonino.com\\\/store\\\/prodotto\\\/jg2160-bacchette-devil-gora-fire-hand-stick\\\/#primaryimage\"},\"thumbnailUrl\":\"https:\\\/\\\/www.bazarbonino.com\\\/store\\\/wp-content\\\/uploads\\\/2013\\\/05\\\/JG2160-BACCHETTE-DEVIL-GORA-FIRE-HAND-STICK-2-1.jpg\",\"datePublished\":\"2013-05-08T09:20:07+00:00\",\"dateModified\":\"2024-09-30T16:07:18+00:00\",\"description\":\"BACCHETTE DEVIL GORA \\\"FIRE HAND STICK\\\"al paio, lunghe 45 cm, 100 gr cad. - alluminio diam. 7 mm rinivestito di silicone - estremit\u00e0 con 40cm di kevlar 25 mm\",\"breadcrumb\":{\"@id\":\"https:\\\/\\\/www.bazarbonino.com\\\/store\\\/prodotto\\\/jg2160-bacchette-devil-gora-fire-hand-stick\\\/#breadcrumb\"},\"inLanguage\":\"it-IT\",\"potentialAction\":[{\"@type\":\"ReadAction\",\"target\":[\"https:\\\/\\\/www.bazarbonino.com\\\/store\\\/prodotto\\\/jg2160-bacchette-devil-gora-fire-hand-stick\\\/\"]}]},{\"@type\":\"ImageObject\",\"inLanguage\":\"it-IT\",\"@id\":\"https:\\\/\\\/www.bazarbonino.com\\\/store\\\/prodotto\\\/jg2160-bacchette-devil-gora-fire-hand-stick\\\/#primaryimage\",\"url\":\"https:\\\/\\\/www.bazarbonino.com\\\/store\\\/wp-content\\\/uploads\\\/2013\\\/05\\\/JG2160-BACCHETTE-DEVIL-GORA-FIRE-HAND-STICK-2-1.jpg\",\"contentUrl\":\"https:\\\/\\\/www.bazarbonino.com\\\/store\\\/wp-content\\\/uploads\\\/2013\\\/05\\\/JG2160-BACCHETTE-DEVIL-GORA-FIRE-HAND-STICK-2-1.jpg\",\"width\":1000,\"height\":500,\"caption\":\"JG2160 - BACCHETTE DEVIL GORA \\\"FIRE HAND STICK\\\"\"},{\"@type\":\"BreadcrumbList\",\"@id\":\"https:\\\/\\\/www.bazarbonino.com\\\/store\\\/prodotto\\\/jg2160-bacchette-devil-gora-fire-hand-stick\\\/#breadcrumb\",\"itemListElement\":[{\"@type\":\"ListItem\",\"position\":1,\"name\":\"Home\",\"item\":\"https:\\\/\\\/www.bazarbonino.com\\\/store\\\/\"},{\"@type\":\"ListItem\",\"position\":2,\"name\":\"Catalogo\",\"item\":\"https:\\\/\\\/www.bazarbonino.com\\\/store\\\/shop\\\/\"},{\"@type\":\"ListItem\",\"position\":3,\"name\":\"JG2160 &#8211; BACCHETTE DEVIL GORA &#8220;FIRE HAND STICK&#8221;\"}]},{\"@type\":\"WebSite\",\"@id\":\"https:\\\/\\\/www.bazarbonino.com\\\/store\\\/#website\",\"url\":\"https:\\\/\\\/www.bazarbonino.com\\\/store\\\/\",\"name\":\"BazarBonino\",\"description\":\"\",\"potentialAction\":[{\"@type\":\"SearchAction\",\"target\":{\"@type\":\"EntryPoint\",\"urlTemplate\":\"https:\\\/\\\/www.bazarbonino.com\\\/store\\\/?s={search_term_string}\"},\"query-input\":{\"@type\":\"PropertyValueSpecification\",\"valueRequired\":true,\"valueName\":\"search_term_string\"}}],\"inLanguage\":\"it-IT\"}]}<\/script>\n<!-- \/ Yoast SEO plugin. -->","yoast_head_json":{"title":"JG2160 - BACCHETTE DEVIL GORA \"FIRE HAND STICK\" - BazarBonino","description":"BACCHETTE DEVIL GORA \"FIRE HAND STICK\"al paio, lunghe 45 cm, 100 gr cad. - alluminio diam. 7 mm rinivestito di silicone - estremit\u00e0 con 40cm di kevlar 25 mm","robots":{"index":"index","follow":"follow","max-snippet":"max-snippet:-1","max-image-preview":"max-image-preview:large","max-video-preview":"max-video-preview:-1"},"canonical":"https:\/\/www.bazarbonino.com\/store\/prodotto\/jg2160-bacchette-devil-gora-fire-hand-stick\/","og_locale":"it_IT","og_type":"article","og_title":"JG2160 - BACCHETTE DEVIL GORA \"FIRE HAND STICK\" - BazarBonino","og_description":"BACCHETTE DEVIL GORA \"FIRE HAND STICK\"al paio, lunghe 45 cm, 100 gr cad. - alluminio diam. 7 mm rinivestito di silicone - estremit\u00e0 con 40cm di kevlar 25 mm","og_url":"https:\/\/www.bazarbonino.com\/store\/prodotto\/jg2160-bacchette-devil-gora-fire-hand-stick\/","og_site_name":"BazarBonino","article_publisher":"https:\/\/www.facebook.com\/bazar.bonino","article_modified_time":"2024-09-30T16:07:18+00:00","og_image":[{"width":1000,"height":500,"url":"https:\/\/www.bazarbonino.com\/store\/wp-content\/uploads\/2013\/05\/JG2160-BACCHETTE-DEVIL-GORA-FIRE-HAND-STICK-2-1.jpg","type":"image\/jpeg"}],"twitter_card":"summary_large_image","schema":{"@context":"https:\/\/schema.org","@graph":[{"@type":"WebPage","@id":"https:\/\/www.bazarbonino.com\/store\/prodotto\/jg2160-bacchette-devil-gora-fire-hand-stick\/","url":"https:\/\/www.bazarbonino.com\/store\/prodotto\/jg2160-bacchette-devil-gora-fire-hand-stick\/","name":"JG2160 - BACCHETTE DEVIL GORA \"FIRE HAND STICK\" - BazarBonino","isPartOf":{"@id":"https:\/\/www.bazarbonino.com\/store\/#website"},"primaryImageOfPage":{"@id":"https:\/\/www.bazarbonino.com\/store\/prodotto\/jg2160-bacchette-devil-gora-fire-hand-stick\/#primaryimage"},"image":{"@id":"https:\/\/www.bazarbonino.com\/store\/prodotto\/jg2160-bacchette-devil-gora-fire-hand-stick\/#primaryimage"},"thumbnailUrl":"https:\/\/www.bazarbonino.com\/store\/wp-content\/uploads\/2013\/05\/JG2160-BACCHETTE-DEVIL-GORA-FIRE-HAND-STICK-2-1.jpg","datePublished":"2013-05-08T09:20:07+00:00","dateModified":"2024-09-30T16:07:18+00:00","description":"BACCHETTE DEVIL GORA \"FIRE HAND STICK\"al paio, lunghe 45 cm, 100 gr cad. - alluminio diam. 7 mm rinivestito di silicone - estremit\u00e0 con 40cm di kevlar 25 mm","breadcrumb":{"@id":"https:\/\/www.bazarbonino.com\/store\/prodotto\/jg2160-bacchette-devil-gora-fire-hand-stick\/#breadcrumb"},"inLanguage":"it-IT","potentialAction":[{"@type":"ReadAction","target":["https:\/\/www.bazarbonino.com\/store\/prodotto\/jg2160-bacchette-devil-gora-fire-hand-stick\/"]}]},{"@type":"ImageObject","inLanguage":"it-IT","@id":"https:\/\/www.bazarbonino.com\/store\/prodotto\/jg2160-bacchette-devil-gora-fire-hand-stick\/#primaryimage","url":"https:\/\/www.bazarbonino.com\/store\/wp-content\/uploads\/2013\/05\/JG2160-BACCHETTE-DEVIL-GORA-FIRE-HAND-STICK-2-1.jpg","contentUrl":"https:\/\/www.bazarbonino.com\/store\/wp-content\/uploads\/2013\/05\/JG2160-BACCHETTE-DEVIL-GORA-FIRE-HAND-STICK-2-1.jpg","width":1000,"height":500,"caption":"JG2160 - BACCHETTE DEVIL GORA \"FIRE HAND STICK\""},{"@type":"BreadcrumbList","@id":"https:\/\/www.bazarbonino.com\/store\/prodotto\/jg2160-bacchette-devil-gora-fire-hand-stick\/#breadcrumb","itemListElement":[{"@type":"ListItem","position":1,"name":"Home","item":"https:\/\/www.bazarbonino.com\/store\/"},{"@type":"ListItem","position":2,"name":"Catalogo","item":"https:\/\/www.bazarbonino.com\/store\/shop\/"},{"@type":"ListItem","position":3,"name":"JG2160 &#8211; BACCHETTE DEVIL GORA &#8220;FIRE HAND STICK&#8221;"}]},{"@type":"WebSite","@id":"https:\/\/www.bazarbonino.com\/store\/#website","url":"https:\/\/www.bazarbonino.com\/store\/","name":"BazarBonino","description":"","potentialAction":[{"@type":"SearchAction","target":{"@type":"EntryPoint","urlTemplate":"https:\/\/www.bazarbonino.com\/store\/?s={search_term_string}"},"query-input":{"@type":"PropertyValueSpecification","valueRequired":true,"valueName":"search_term_string"}}],"inLanguage":"it-IT"}]}},"_links":{"self":[{"href":"https:\/\/www.bazarbonino.com\/store\/wp-json\/wp\/v2\/product\/5213","targetHints":{"allow":["GET"]}}],"collection":[{"href":"https:\/\/www.bazarbonino.com\/store\/wp-json\/wp\/v2\/product"}],"about":[{"href":"https:\/\/www.bazarbonino.com\/store\/wp-json\/wp\/v2\/types\/product"}],"replies":[{"embeddable":true,"href":"https:\/\/www.bazarbonino.com\/store\/wp-json\/wp\/v2\/comments?post=5213"}],"wp:featuredmedia":[{"embeddable":true,"href":"https:\/\/www.bazarbonino.com\/store\/wp-json\/wp\/v2\/media\/18808"}],"wp:attachment":[{"href":"https:\/\/www.bazarbonino.com\/store\/wp-json\/wp\/v2\/media?parent=5213"}],"wp:term":[{"taxonomy":"product_brand","embeddable":true,"href":"https:\/\/www.bazarbonino.com\/store\/wp-json\/wp\/v2\/product_brand?post=5213"},{"taxonomy":"product_cat","embeddable":true,"href":"https:\/\/www.bazarbonino.com\/store\/wp-json\/wp\/v2\/product_cat?post=5213"},{"taxonomy":"product_tag","embeddable":true,"href":"https:\/\/www.bazarbonino.com\/store\/wp-json\/wp\/v2\/product_tag?post=5213"}],"curies":[{"name":"wp","href":"https:\/\/api.w.org\/{rel}","templated":true}]}}