{"id":3069,"date":"2013-02-02T00:14:04","date_gmt":"2013-02-01T23:14:04","guid":{"rendered":"http:\/\/www.bazarbonino.com\/store\/products-page\/uncategorized\/"},"modified":"2026-02-26T10:25:15","modified_gmt":"2026-02-26T09:25:15","slug":"jg1473-diabolo-henrys-circus-free-2","status":"publish","type":"product","link":"https:\/\/www.bazarbonino.com\/store\/prodotto\/jg1473-diabolo-henrys-circus-free-2\/","title":{"rendered":"JG1473 \u2013 DIABOLO HENRYS CIRCUS FREE"},"content":{"rendered":"<p>DIABOLO HENRYS CIRCUS FREE Diam. 130 mm\/alto 150 mm\/ 292 gr. Diabolo henrys a ruota libera, con cuscinetto a sfere ed asse in alluminio. Stessa costruzione del modello standard, che \u00e8 probabilmente il pi\u00f9 famoso al mondo fra i diabolisti, \u00e8 solo leggermente pi\u00f9 alto e meno pesante. Grazie al suo diametro e peso \u00e8 ideale per quasi tutti i numeri, e con questo asse free ti permetter\u00e0 lunghe rotazioni per nuovi tricks. Grazie ai due differenti colori dei mozzi, potrai sempre capire il senso di rotazione, inoltre puoi variare la distanza fra le coppe o il peso acquistando a parte uno dei modelli di asse standard disponibili nel reparto DIABOLI \u2013 ACCESSORI e RICAMBI<\/p>\n<p>ATTENZIONE: Bacchette non incluse.<\/p>\n","protected":false},"excerpt":{"rendered":"<p>DIABOLO HENRYS CIRCUS FREE Diam. 130 mm\/alto 150 mm\/ 292 gr. Diabolo henrys a ruota libera, con cuscinetto a sfere ed asse in alluminio. Stessa costruzione del modello standard, che \u00e8 probabilmente il pi\u00f9 famoso al mondo fra i diabolisti, \u00e8 solo leggermente pi\u00f9 alto e meno pesante. Grazie al suo diametro e peso \u00e8 [&hellip;]<\/p>\n","protected":false},"featured_media":13004,"comment_status":"closed","ping_status":"closed","template":"","meta":{"_et_pb_use_builder":"","_et_pb_old_content":"","_et_gb_content_width":""},"product_brand":[],"product_cat":[17],"product_tag":[],"class_list":{"0":"post-3069","1":"product","2":"type-product","3":"status-publish","4":"has-post-thumbnail","6":"product_cat-diaboli-henrys","7":"pa_colore-arancio","8":"pa_colore-bianco","9":"pa_colore-blu","10":"pa_colore-celeste","11":"pa_colore-fosforescente","12":"pa_colore-giallo","13":"pa_colore-nero","14":"pa_colore-rosso","15":"pa_colore-verde","16":"pa_colore-viola","18":"first","19":"instock","20":"taxable","21":"shipping-taxable","22":"purchasable","23":"product-type-variable"},"yoast_head":"<!-- This site is optimized with the Yoast SEO plugin v27.4 - https:\/\/yoast.com\/product\/yoast-seo-wordpress\/ -->\n<title>JG1473 \u2013 DIABOLO HENRYS CIRCUS FREE - BazarBonino<\/title>\n<meta name=\"description\" content=\"DIABOLO HENRYS CIRCUS FREE Diam. 130 mm\/alto 150 mm\/ 292 gr. Diabolo henrys a ruota libera, con cuscinetto a sfere ed asse in alluminio.\" \/>\n<meta name=\"robots\" content=\"index, follow, max-snippet:-1, max-image-preview:large, max-video-preview:-1\" \/>\n<link rel=\"canonical\" href=\"https:\/\/www.bazarbonino.com\/store\/prodotto\/jg1473-diabolo-henrys-circus-free-2\/\" \/>\n<meta property=\"og:locale\" content=\"it_IT\" \/>\n<meta property=\"og:type\" content=\"article\" \/>\n<meta property=\"og:title\" content=\"JG1473 \u2013 DIABOLO HENRYS CIRCUS FREE - BazarBonino\" \/>\n<meta property=\"og:description\" content=\"DIABOLO HENRYS CIRCUS FREE Diam. 130 mm\/alto 150 mm\/ 292 gr. Diabolo henrys a ruota libera, con cuscinetto a sfere ed asse in alluminio.\" \/>\n<meta property=\"og:url\" content=\"https:\/\/www.bazarbonino.com\/store\/prodotto\/jg1473-diabolo-henrys-circus-free-2\/\" \/>\n<meta property=\"og:site_name\" content=\"BazarBonino\" \/>\n<meta property=\"article:publisher\" content=\"https:\/\/www.facebook.com\/bazar.bonino\" \/>\n<meta property=\"article:modified_time\" content=\"2026-02-26T09:25:15+00:00\" \/>\n<meta property=\"og:image\" content=\"https:\/\/www.bazarbonino.com\/store\/wp-content\/uploads\/2013\/02\/JG1473-\u2013-DIABOLO-HENRYS-CIRCUS-FREE.jpg\" \/>\n\t<meta property=\"og:image:width\" content=\"500\" \/>\n\t<meta property=\"og:image:height\" content=\"500\" \/>\n\t<meta property=\"og:image:type\" content=\"image\/jpeg\" \/>\n<meta name=\"twitter:card\" content=\"summary_large_image\" \/>\n<meta name=\"twitter:label1\" content=\"Tempo di lettura stimato\" \/>\n\t<meta name=\"twitter:data1\" content=\"1 minuto\" \/>\n<script type=\"application\/ld+json\" class=\"yoast-schema-graph\">{\"@context\":\"https:\\\/\\\/schema.org\",\"@graph\":[{\"@type\":\"WebPage\",\"@id\":\"https:\\\/\\\/www.bazarbonino.com\\\/store\\\/prodotto\\\/jg1473-diabolo-henrys-circus-free-2\\\/\",\"url\":\"https:\\\/\\\/www.bazarbonino.com\\\/store\\\/prodotto\\\/jg1473-diabolo-henrys-circus-free-2\\\/\",\"name\":\"JG1473 \u2013 DIABOLO HENRYS CIRCUS FREE - BazarBonino\",\"isPartOf\":{\"@id\":\"https:\\\/\\\/www.bazarbonino.com\\\/store\\\/#website\"},\"primaryImageOfPage\":{\"@id\":\"https:\\\/\\\/www.bazarbonino.com\\\/store\\\/prodotto\\\/jg1473-diabolo-henrys-circus-free-2\\\/#primaryimage\"},\"image\":{\"@id\":\"https:\\\/\\\/www.bazarbonino.com\\\/store\\\/prodotto\\\/jg1473-diabolo-henrys-circus-free-2\\\/#primaryimage\"},\"thumbnailUrl\":\"https:\\\/\\\/www.bazarbonino.com\\\/store\\\/wp-content\\\/uploads\\\/2013\\\/02\\\/JG1473-\u2013-DIABOLO-HENRYS-CIRCUS-FREE.jpg\",\"datePublished\":\"2013-02-01T23:14:04+00:00\",\"dateModified\":\"2026-02-26T09:25:15+00:00\",\"description\":\"DIABOLO HENRYS CIRCUS FREE Diam. 130 mm\\\/alto 150 mm\\\/ 292 gr. Diabolo henrys a ruota libera, con cuscinetto a sfere ed asse in alluminio.\",\"breadcrumb\":{\"@id\":\"https:\\\/\\\/www.bazarbonino.com\\\/store\\\/prodotto\\\/jg1473-diabolo-henrys-circus-free-2\\\/#breadcrumb\"},\"inLanguage\":\"it-IT\",\"potentialAction\":[{\"@type\":\"ReadAction\",\"target\":[\"https:\\\/\\\/www.bazarbonino.com\\\/store\\\/prodotto\\\/jg1473-diabolo-henrys-circus-free-2\\\/\"]}]},{\"@type\":\"ImageObject\",\"inLanguage\":\"it-IT\",\"@id\":\"https:\\\/\\\/www.bazarbonino.com\\\/store\\\/prodotto\\\/jg1473-diabolo-henrys-circus-free-2\\\/#primaryimage\",\"url\":\"https:\\\/\\\/www.bazarbonino.com\\\/store\\\/wp-content\\\/uploads\\\/2013\\\/02\\\/JG1473-\u2013-DIABOLO-HENRYS-CIRCUS-FREE.jpg\",\"contentUrl\":\"https:\\\/\\\/www.bazarbonino.com\\\/store\\\/wp-content\\\/uploads\\\/2013\\\/02\\\/JG1473-\u2013-DIABOLO-HENRYS-CIRCUS-FREE.jpg\",\"width\":500,\"height\":500,\"caption\":\"JG1473 \u2013 DIABOLO HENRYS CIRCUS FREE\"},{\"@type\":\"BreadcrumbList\",\"@id\":\"https:\\\/\\\/www.bazarbonino.com\\\/store\\\/prodotto\\\/jg1473-diabolo-henrys-circus-free-2\\\/#breadcrumb\",\"itemListElement\":[{\"@type\":\"ListItem\",\"position\":1,\"name\":\"Home\",\"item\":\"https:\\\/\\\/www.bazarbonino.com\\\/store\\\/\"},{\"@type\":\"ListItem\",\"position\":2,\"name\":\"Catalogo\",\"item\":\"https:\\\/\\\/www.bazarbonino.com\\\/store\\\/shop\\\/\"},{\"@type\":\"ListItem\",\"position\":3,\"name\":\"JG1473 \u2013 DIABOLO HENRYS CIRCUS FREE\"}]},{\"@type\":\"WebSite\",\"@id\":\"https:\\\/\\\/www.bazarbonino.com\\\/store\\\/#website\",\"url\":\"https:\\\/\\\/www.bazarbonino.com\\\/store\\\/\",\"name\":\"BazarBonino\",\"description\":\"\",\"potentialAction\":[{\"@type\":\"SearchAction\",\"target\":{\"@type\":\"EntryPoint\",\"urlTemplate\":\"https:\\\/\\\/www.bazarbonino.com\\\/store\\\/?s={search_term_string}\"},\"query-input\":{\"@type\":\"PropertyValueSpecification\",\"valueRequired\":true,\"valueName\":\"search_term_string\"}}],\"inLanguage\":\"it-IT\"}]}<\/script>\n<!-- \/ Yoast SEO plugin. -->","yoast_head_json":{"title":"JG1473 \u2013 DIABOLO HENRYS CIRCUS FREE - BazarBonino","description":"DIABOLO HENRYS CIRCUS FREE Diam. 130 mm\/alto 150 mm\/ 292 gr. Diabolo henrys a ruota libera, con cuscinetto a sfere ed asse in alluminio.","robots":{"index":"index","follow":"follow","max-snippet":"max-snippet:-1","max-image-preview":"max-image-preview:large","max-video-preview":"max-video-preview:-1"},"canonical":"https:\/\/www.bazarbonino.com\/store\/prodotto\/jg1473-diabolo-henrys-circus-free-2\/","og_locale":"it_IT","og_type":"article","og_title":"JG1473 \u2013 DIABOLO HENRYS CIRCUS FREE - BazarBonino","og_description":"DIABOLO HENRYS CIRCUS FREE Diam. 130 mm\/alto 150 mm\/ 292 gr. Diabolo henrys a ruota libera, con cuscinetto a sfere ed asse in alluminio.","og_url":"https:\/\/www.bazarbonino.com\/store\/prodotto\/jg1473-diabolo-henrys-circus-free-2\/","og_site_name":"BazarBonino","article_publisher":"https:\/\/www.facebook.com\/bazar.bonino","article_modified_time":"2026-02-26T09:25:15+00:00","og_image":[{"width":500,"height":500,"url":"https:\/\/www.bazarbonino.com\/store\/wp-content\/uploads\/2013\/02\/JG1473-\u2013-DIABOLO-HENRYS-CIRCUS-FREE.jpg","type":"image\/jpeg"}],"twitter_card":"summary_large_image","twitter_misc":{"Tempo di lettura stimato":"1 minuto"},"schema":{"@context":"https:\/\/schema.org","@graph":[{"@type":"WebPage","@id":"https:\/\/www.bazarbonino.com\/store\/prodotto\/jg1473-diabolo-henrys-circus-free-2\/","url":"https:\/\/www.bazarbonino.com\/store\/prodotto\/jg1473-diabolo-henrys-circus-free-2\/","name":"JG1473 \u2013 DIABOLO HENRYS CIRCUS FREE - BazarBonino","isPartOf":{"@id":"https:\/\/www.bazarbonino.com\/store\/#website"},"primaryImageOfPage":{"@id":"https:\/\/www.bazarbonino.com\/store\/prodotto\/jg1473-diabolo-henrys-circus-free-2\/#primaryimage"},"image":{"@id":"https:\/\/www.bazarbonino.com\/store\/prodotto\/jg1473-diabolo-henrys-circus-free-2\/#primaryimage"},"thumbnailUrl":"https:\/\/www.bazarbonino.com\/store\/wp-content\/uploads\/2013\/02\/JG1473-\u2013-DIABOLO-HENRYS-CIRCUS-FREE.jpg","datePublished":"2013-02-01T23:14:04+00:00","dateModified":"2026-02-26T09:25:15+00:00","description":"DIABOLO HENRYS CIRCUS FREE Diam. 130 mm\/alto 150 mm\/ 292 gr. Diabolo henrys a ruota libera, con cuscinetto a sfere ed asse in alluminio.","breadcrumb":{"@id":"https:\/\/www.bazarbonino.com\/store\/prodotto\/jg1473-diabolo-henrys-circus-free-2\/#breadcrumb"},"inLanguage":"it-IT","potentialAction":[{"@type":"ReadAction","target":["https:\/\/www.bazarbonino.com\/store\/prodotto\/jg1473-diabolo-henrys-circus-free-2\/"]}]},{"@type":"ImageObject","inLanguage":"it-IT","@id":"https:\/\/www.bazarbonino.com\/store\/prodotto\/jg1473-diabolo-henrys-circus-free-2\/#primaryimage","url":"https:\/\/www.bazarbonino.com\/store\/wp-content\/uploads\/2013\/02\/JG1473-\u2013-DIABOLO-HENRYS-CIRCUS-FREE.jpg","contentUrl":"https:\/\/www.bazarbonino.com\/store\/wp-content\/uploads\/2013\/02\/JG1473-\u2013-DIABOLO-HENRYS-CIRCUS-FREE.jpg","width":500,"height":500,"caption":"JG1473 \u2013 DIABOLO HENRYS CIRCUS FREE"},{"@type":"BreadcrumbList","@id":"https:\/\/www.bazarbonino.com\/store\/prodotto\/jg1473-diabolo-henrys-circus-free-2\/#breadcrumb","itemListElement":[{"@type":"ListItem","position":1,"name":"Home","item":"https:\/\/www.bazarbonino.com\/store\/"},{"@type":"ListItem","position":2,"name":"Catalogo","item":"https:\/\/www.bazarbonino.com\/store\/shop\/"},{"@type":"ListItem","position":3,"name":"JG1473 \u2013 DIABOLO HENRYS CIRCUS FREE"}]},{"@type":"WebSite","@id":"https:\/\/www.bazarbonino.com\/store\/#website","url":"https:\/\/www.bazarbonino.com\/store\/","name":"BazarBonino","description":"","potentialAction":[{"@type":"SearchAction","target":{"@type":"EntryPoint","urlTemplate":"https:\/\/www.bazarbonino.com\/store\/?s={search_term_string}"},"query-input":{"@type":"PropertyValueSpecification","valueRequired":true,"valueName":"search_term_string"}}],"inLanguage":"it-IT"}]}},"_links":{"self":[{"href":"https:\/\/www.bazarbonino.com\/store\/wp-json\/wp\/v2\/product\/3069","targetHints":{"allow":["GET"]}}],"collection":[{"href":"https:\/\/www.bazarbonino.com\/store\/wp-json\/wp\/v2\/product"}],"about":[{"href":"https:\/\/www.bazarbonino.com\/store\/wp-json\/wp\/v2\/types\/product"}],"replies":[{"embeddable":true,"href":"https:\/\/www.bazarbonino.com\/store\/wp-json\/wp\/v2\/comments?post=3069"}],"wp:featuredmedia":[{"embeddable":true,"href":"https:\/\/www.bazarbonino.com\/store\/wp-json\/wp\/v2\/media\/13004"}],"wp:attachment":[{"href":"https:\/\/www.bazarbonino.com\/store\/wp-json\/wp\/v2\/media?parent=3069"}],"wp:term":[{"taxonomy":"product_brand","embeddable":true,"href":"https:\/\/www.bazarbonino.com\/store\/wp-json\/wp\/v2\/product_brand?post=3069"},{"taxonomy":"product_cat","embeddable":true,"href":"https:\/\/www.bazarbonino.com\/store\/wp-json\/wp\/v2\/product_cat?post=3069"},{"taxonomy":"product_tag","embeddable":true,"href":"https:\/\/www.bazarbonino.com\/store\/wp-json\/wp\/v2\/product_tag?post=3069"}],"curies":[{"name":"wp","href":"https:\/\/api.w.org\/{rel}","templated":true}]}}