{"id":2812,"date":"2013-01-26T02:12:10","date_gmt":"2013-01-26T01:12:10","guid":{"rendered":"http:\/\/www.bazarbonino.com\/store\/products-page\/uncategorized\/"},"modified":"2023-04-03T12:16:24","modified_gmt":"2023-04-03T10:16:24","slug":"jg0330-pallina-velvet-contact-100-mm-260-gr","status":"publish","type":"product","link":"https:\/\/www.bazarbonino.com\/store\/prodotto\/jg0330-pallina-velvet-contact-100-mm-260-gr\/","title":{"rendered":"JG0330 &#8211; PALLINA VELVET CONTACT 100 mm 260 gr"},"content":{"rendered":"<h5>CONTACT VELVET<\/h5>\n<p>La pallina VELVET CONTACT 100 mm 260 gr \u00e8 fantastica! Un altro prodotto esclusivo della PLAY. Questa stage da 260 gr \u00e8 ricoperta con uno speciale strato di velluto che la rende assolutamente fantastica al tatto e che le conferisce un grip eccellente sul corpo. La superficie morbida ed elegante \u00e8 perfetta per spettacoli o allenamenti indoor. Non \u00e8 facilmente lavabile come le altre palline di plastica perci\u00f2 vi raccomandiamo di trattarla gentilmente! DISPONIBILE SOLO IN ROSSO.<\/p>\n","protected":false},"excerpt":{"rendered":"<p>CONTACT VELVET La pallina VELVET CONTACT 100 mm 260 gr \u00e8 fantastica! Un altro prodotto esclusivo della PLAY. Questa stage da 260 gr \u00e8 ricoperta con uno speciale strato di velluto che la rende assolutamente fantastica al tatto e che le conferisce un grip eccellente sul corpo. La superficie morbida ed elegante \u00e8 perfetta per [&hellip;]<\/p>\n","protected":false},"featured_media":2813,"comment_status":"closed","ping_status":"closed","template":"","meta":{"_et_pb_use_builder":"","_et_pb_old_content":"","_et_gb_content_width":""},"product_brand":[],"product_cat":[8],"product_tag":[],"class_list":{"0":"post-2812","1":"product","2":"type-product","3":"status-publish","4":"has-post-thumbnail","6":"product_cat-palline-contact-non-acriliche","8":"first","9":"outofstock","10":"taxable","11":"shipping-taxable","12":"purchasable","13":"product-type-simple"},"yoast_head":"<!-- This site is optimized with the Yoast SEO plugin v27.4 - https:\/\/yoast.com\/product\/yoast-seo-wordpress\/ -->\n<title>JG0330 - PALLINA VELVET CONTACT 100 mm 260 gr - BazarBonino<\/title>\n<meta name=\"robots\" content=\"index, follow, max-snippet:-1, max-image-preview:large, max-video-preview:-1\" \/>\n<link rel=\"canonical\" href=\"https:\/\/www.bazarbonino.com\/store\/prodotto\/jg0330-pallina-velvet-contact-100-mm-260-gr\/\" \/>\n<meta property=\"og:locale\" content=\"it_IT\" \/>\n<meta property=\"og:type\" content=\"article\" \/>\n<meta property=\"og:title\" content=\"JG0330 - PALLINA VELVET CONTACT 100 mm 260 gr - BazarBonino\" \/>\n<meta property=\"og:description\" content=\"CONTACT VELVET La pallina VELVET CONTACT 100 mm 260 gr \u00e8 fantastica! Un altro prodotto esclusivo della PLAY. Questa stage da 260 gr \u00e8 ricoperta con uno speciale strato di velluto che la rende assolutamente fantastica al tatto e che le conferisce un grip eccellente sul corpo. La superficie morbida ed elegante \u00e8 perfetta per [&hellip;]\" \/>\n<meta property=\"og:url\" content=\"https:\/\/www.bazarbonino.com\/store\/prodotto\/jg0330-pallina-velvet-contact-100-mm-260-gr\/\" \/>\n<meta property=\"og:site_name\" content=\"BazarBonino\" \/>\n<meta property=\"article:publisher\" content=\"https:\/\/www.facebook.com\/bazar.bonino\" \/>\n<meta property=\"article:modified_time\" content=\"2023-04-03T10:16:24+00:00\" \/>\n<meta property=\"og:image\" content=\"https:\/\/www.bazarbonino.com\/store\/wp-content\/uploads\/2013\/01\/velvet_contact_100mm.jpg\" \/>\n\t<meta property=\"og:image:width\" content=\"1000\" \/>\n\t<meta property=\"og:image:height\" content=\"1000\" \/>\n\t<meta property=\"og:image:type\" content=\"image\/jpeg\" \/>\n<meta name=\"twitter:card\" content=\"summary_large_image\" \/>\n<script type=\"application\/ld+json\" class=\"yoast-schema-graph\">{\"@context\":\"https:\\\/\\\/schema.org\",\"@graph\":[{\"@type\":\"WebPage\",\"@id\":\"https:\\\/\\\/www.bazarbonino.com\\\/store\\\/prodotto\\\/jg0330-pallina-velvet-contact-100-mm-260-gr\\\/\",\"url\":\"https:\\\/\\\/www.bazarbonino.com\\\/store\\\/prodotto\\\/jg0330-pallina-velvet-contact-100-mm-260-gr\\\/\",\"name\":\"JG0330 - PALLINA VELVET CONTACT 100 mm 260 gr - BazarBonino\",\"isPartOf\":{\"@id\":\"https:\\\/\\\/www.bazarbonino.com\\\/store\\\/#website\"},\"primaryImageOfPage\":{\"@id\":\"https:\\\/\\\/www.bazarbonino.com\\\/store\\\/prodotto\\\/jg0330-pallina-velvet-contact-100-mm-260-gr\\\/#primaryimage\"},\"image\":{\"@id\":\"https:\\\/\\\/www.bazarbonino.com\\\/store\\\/prodotto\\\/jg0330-pallina-velvet-contact-100-mm-260-gr\\\/#primaryimage\"},\"thumbnailUrl\":\"https:\\\/\\\/www.bazarbonino.com\\\/store\\\/wp-content\\\/uploads\\\/2013\\\/01\\\/velvet_contact_100mm.jpg\",\"datePublished\":\"2013-01-26T01:12:10+00:00\",\"dateModified\":\"2023-04-03T10:16:24+00:00\",\"breadcrumb\":{\"@id\":\"https:\\\/\\\/www.bazarbonino.com\\\/store\\\/prodotto\\\/jg0330-pallina-velvet-contact-100-mm-260-gr\\\/#breadcrumb\"},\"inLanguage\":\"it-IT\",\"potentialAction\":[{\"@type\":\"ReadAction\",\"target\":[\"https:\\\/\\\/www.bazarbonino.com\\\/store\\\/prodotto\\\/jg0330-pallina-velvet-contact-100-mm-260-gr\\\/\"]}]},{\"@type\":\"ImageObject\",\"inLanguage\":\"it-IT\",\"@id\":\"https:\\\/\\\/www.bazarbonino.com\\\/store\\\/prodotto\\\/jg0330-pallina-velvet-contact-100-mm-260-gr\\\/#primaryimage\",\"url\":\"https:\\\/\\\/www.bazarbonino.com\\\/store\\\/wp-content\\\/uploads\\\/2013\\\/01\\\/velvet_contact_100mm.jpg\",\"contentUrl\":\"https:\\\/\\\/www.bazarbonino.com\\\/store\\\/wp-content\\\/uploads\\\/2013\\\/01\\\/velvet_contact_100mm.jpg\",\"width\":1000,\"height\":1000,\"caption\":\"JG0330 - PALLINA VELVET CONTACT 100 mm 260 gr\"},{\"@type\":\"BreadcrumbList\",\"@id\":\"https:\\\/\\\/www.bazarbonino.com\\\/store\\\/prodotto\\\/jg0330-pallina-velvet-contact-100-mm-260-gr\\\/#breadcrumb\",\"itemListElement\":[{\"@type\":\"ListItem\",\"position\":1,\"name\":\"Home\",\"item\":\"https:\\\/\\\/www.bazarbonino.com\\\/store\\\/\"},{\"@type\":\"ListItem\",\"position\":2,\"name\":\"Catalogo\",\"item\":\"https:\\\/\\\/www.bazarbonino.com\\\/store\\\/shop\\\/\"},{\"@type\":\"ListItem\",\"position\":3,\"name\":\"JG0330 &#8211; PALLINA VELVET CONTACT 100 mm 260 gr\"}]},{\"@type\":\"WebSite\",\"@id\":\"https:\\\/\\\/www.bazarbonino.com\\\/store\\\/#website\",\"url\":\"https:\\\/\\\/www.bazarbonino.com\\\/store\\\/\",\"name\":\"BazarBonino\",\"description\":\"\",\"potentialAction\":[{\"@type\":\"SearchAction\",\"target\":{\"@type\":\"EntryPoint\",\"urlTemplate\":\"https:\\\/\\\/www.bazarbonino.com\\\/store\\\/?s={search_term_string}\"},\"query-input\":{\"@type\":\"PropertyValueSpecification\",\"valueRequired\":true,\"valueName\":\"search_term_string\"}}],\"inLanguage\":\"it-IT\"}]}<\/script>\n<!-- \/ Yoast SEO plugin. -->","yoast_head_json":{"title":"JG0330 - PALLINA VELVET CONTACT 100 mm 260 gr - BazarBonino","robots":{"index":"index","follow":"follow","max-snippet":"max-snippet:-1","max-image-preview":"max-image-preview:large","max-video-preview":"max-video-preview:-1"},"canonical":"https:\/\/www.bazarbonino.com\/store\/prodotto\/jg0330-pallina-velvet-contact-100-mm-260-gr\/","og_locale":"it_IT","og_type":"article","og_title":"JG0330 - PALLINA VELVET CONTACT 100 mm 260 gr - BazarBonino","og_description":"CONTACT VELVET La pallina VELVET CONTACT 100 mm 260 gr \u00e8 fantastica! Un altro prodotto esclusivo della PLAY. Questa stage da 260 gr \u00e8 ricoperta con uno speciale strato di velluto che la rende assolutamente fantastica al tatto e che le conferisce un grip eccellente sul corpo. La superficie morbida ed elegante \u00e8 perfetta per [&hellip;]","og_url":"https:\/\/www.bazarbonino.com\/store\/prodotto\/jg0330-pallina-velvet-contact-100-mm-260-gr\/","og_site_name":"BazarBonino","article_publisher":"https:\/\/www.facebook.com\/bazar.bonino","article_modified_time":"2023-04-03T10:16:24+00:00","og_image":[{"width":1000,"height":1000,"url":"https:\/\/www.bazarbonino.com\/store\/wp-content\/uploads\/2013\/01\/velvet_contact_100mm.jpg","type":"image\/jpeg"}],"twitter_card":"summary_large_image","schema":{"@context":"https:\/\/schema.org","@graph":[{"@type":"WebPage","@id":"https:\/\/www.bazarbonino.com\/store\/prodotto\/jg0330-pallina-velvet-contact-100-mm-260-gr\/","url":"https:\/\/www.bazarbonino.com\/store\/prodotto\/jg0330-pallina-velvet-contact-100-mm-260-gr\/","name":"JG0330 - PALLINA VELVET CONTACT 100 mm 260 gr - BazarBonino","isPartOf":{"@id":"https:\/\/www.bazarbonino.com\/store\/#website"},"primaryImageOfPage":{"@id":"https:\/\/www.bazarbonino.com\/store\/prodotto\/jg0330-pallina-velvet-contact-100-mm-260-gr\/#primaryimage"},"image":{"@id":"https:\/\/www.bazarbonino.com\/store\/prodotto\/jg0330-pallina-velvet-contact-100-mm-260-gr\/#primaryimage"},"thumbnailUrl":"https:\/\/www.bazarbonino.com\/store\/wp-content\/uploads\/2013\/01\/velvet_contact_100mm.jpg","datePublished":"2013-01-26T01:12:10+00:00","dateModified":"2023-04-03T10:16:24+00:00","breadcrumb":{"@id":"https:\/\/www.bazarbonino.com\/store\/prodotto\/jg0330-pallina-velvet-contact-100-mm-260-gr\/#breadcrumb"},"inLanguage":"it-IT","potentialAction":[{"@type":"ReadAction","target":["https:\/\/www.bazarbonino.com\/store\/prodotto\/jg0330-pallina-velvet-contact-100-mm-260-gr\/"]}]},{"@type":"ImageObject","inLanguage":"it-IT","@id":"https:\/\/www.bazarbonino.com\/store\/prodotto\/jg0330-pallina-velvet-contact-100-mm-260-gr\/#primaryimage","url":"https:\/\/www.bazarbonino.com\/store\/wp-content\/uploads\/2013\/01\/velvet_contact_100mm.jpg","contentUrl":"https:\/\/www.bazarbonino.com\/store\/wp-content\/uploads\/2013\/01\/velvet_contact_100mm.jpg","width":1000,"height":1000,"caption":"JG0330 - PALLINA VELVET CONTACT 100 mm 260 gr"},{"@type":"BreadcrumbList","@id":"https:\/\/www.bazarbonino.com\/store\/prodotto\/jg0330-pallina-velvet-contact-100-mm-260-gr\/#breadcrumb","itemListElement":[{"@type":"ListItem","position":1,"name":"Home","item":"https:\/\/www.bazarbonino.com\/store\/"},{"@type":"ListItem","position":2,"name":"Catalogo","item":"https:\/\/www.bazarbonino.com\/store\/shop\/"},{"@type":"ListItem","position":3,"name":"JG0330 &#8211; PALLINA VELVET CONTACT 100 mm 260 gr"}]},{"@type":"WebSite","@id":"https:\/\/www.bazarbonino.com\/store\/#website","url":"https:\/\/www.bazarbonino.com\/store\/","name":"BazarBonino","description":"","potentialAction":[{"@type":"SearchAction","target":{"@type":"EntryPoint","urlTemplate":"https:\/\/www.bazarbonino.com\/store\/?s={search_term_string}"},"query-input":{"@type":"PropertyValueSpecification","valueRequired":true,"valueName":"search_term_string"}}],"inLanguage":"it-IT"}]}},"_links":{"self":[{"href":"https:\/\/www.bazarbonino.com\/store\/wp-json\/wp\/v2\/product\/2812","targetHints":{"allow":["GET"]}}],"collection":[{"href":"https:\/\/www.bazarbonino.com\/store\/wp-json\/wp\/v2\/product"}],"about":[{"href":"https:\/\/www.bazarbonino.com\/store\/wp-json\/wp\/v2\/types\/product"}],"replies":[{"embeddable":true,"href":"https:\/\/www.bazarbonino.com\/store\/wp-json\/wp\/v2\/comments?post=2812"}],"wp:featuredmedia":[{"embeddable":true,"href":"https:\/\/www.bazarbonino.com\/store\/wp-json\/wp\/v2\/media\/2813"}],"wp:attachment":[{"href":"https:\/\/www.bazarbonino.com\/store\/wp-json\/wp\/v2\/media?parent=2812"}],"wp:term":[{"taxonomy":"product_brand","embeddable":true,"href":"https:\/\/www.bazarbonino.com\/store\/wp-json\/wp\/v2\/product_brand?post=2812"},{"taxonomy":"product_cat","embeddable":true,"href":"https:\/\/www.bazarbonino.com\/store\/wp-json\/wp\/v2\/product_cat?post=2812"},{"taxonomy":"product_tag","embeddable":true,"href":"https:\/\/www.bazarbonino.com\/store\/wp-json\/wp\/v2\/product_tag?post=2812"}],"curies":[{"name":"wp","href":"https:\/\/api.w.org\/{rel}","templated":true}]}}