{"id":24681,"date":"2026-04-27T22:28:01","date_gmt":"2026-04-27T20:28:01","guid":{"rendered":"https:\/\/www.bazarbonino.com\/store\/?post_type=product&#038;p=24681"},"modified":"2026-05-07T21:12:23","modified_gmt":"2026-05-07T19:12:23","slug":"jg3907jd-jd-fire-levi-stick","status":"publish","type":"product","link":"https:\/\/www.bazarbonino.com\/store\/prodotto\/jg3907jd-jd-fire-levi-stick\/","title":{"rendered":"JG3907JD &#8211; JD Fire Levi Stick"},"content":{"rendered":"<h6>LEVISTICK INFIAMMABILE JUGGLE DREAM<\/h6>\n<p><span class=\"HwtZe\" lang=\"it\"><span class=\"jCAhz ChMk0b\"><span class=\"ryNqvb\">Con JD Fire Levi Stick Juggle Dream presenta il suo Levi Stick infuocato: un accessorio utile per tutti gli artisti della danza del fuoco.<\/span><\/span> <span class=\"jCAhz ChMk0b\"><span class=\"ryNqvb\">Il &#8220;filo invisibile&#8221; crea davvero l&#8217;illusione che l&#8217;oggetto leviti.<\/span><\/span> <span class=\"jCAhz ChMk0b\"><span class=\"ryNqvb\">Come per tutte le attrezzature infuocate, questo accessorio dev&#8217; essere utilizzato solo da adulti esperti nella manipolazione di oggetti infuocati.<\/span><\/span> <span class=\"jCAhz ChMk0b\"><span class=\"ryNqvb\">Questo Levi Stick infuocato \u00e8 dotato di fibra aramidica di alta qualit\u00e0.<\/span><\/span> <span class=\"jCAhz ChMk0b\"><span class=\"ryNqvb\">Il Levi Stick infuocato di Juggle Dream \u00e8 la versione fiammeggiante del bastone fluttuante o della bacchetta Flow.<\/span><\/span> <span class=\"jCAhz ChMk0b\"><span class=\"ryNqvb\">Come per la versione non infuocata, il bastone \u00e8 appesantito per rimanere verticale e, con un po&#8217; di pratica, l&#8217;artista pu\u00f2 combinare semplici movimenti e cambi di direzione con la mano libera per creare l&#8217;illusione che il bastone fluttui intorno al corpo.<\/span><\/span> <\/span><\/p>\n<p><span class=\"HwtZe\" lang=\"it\"><span class=\"jCAhz ChMk0b\"><span class=\"ryNqvb\">Il Levi Stick infuocato \u00e8 realizzato in una solida asta di alluminio da 8 mm e ha stoppini in fibra aramidica da 50 mm montati su entrambe le estremit\u00e0.<\/span><\/span> <span class=\"jCAhz ChMk0b\"><span class=\"ryNqvb\">A differenza delle versioni non infuocate, il Levi Stick infuocato \u00e8 fissato alla mano tramite un portachiavi e un cavo d&#8217;acciaio sottile leggermente pi\u00f9 lungo (45 cm) che consente una maggiore libert\u00e0 di movimento e non viene danneggiato dalle fiamme.<\/span><\/span> <span class=\"jCAhz ChMk0b\"><span class=\"ryNqvb\">I bastoncini infuocati Levisticks sono piuttosto facili da imparare e rappresentano un&#8217;ottima introduzione al mondo degli spettacoli con il fuoco.<\/span><\/span> <span class=\"jCAhz\"><span class=\"ryNqvb\">Anche movimenti relativamente semplici, combinati con la danza, possono impressionare il pubblico.<\/span><\/span> <span class=\"jCAhz ChMk0b\"><span class=\"ryNqvb\">Detto questo, tutti gli attrezzi infuocati sono potenzialmente pericolosi e il loro utilizzo dovrebbe essere tentato solo da adulti competenti.<\/span><\/span> <span class=\"jCAhz ChMk0b\"><span class=\"ryNqvb\">Si prega di rispettare il fuoco e di giocare in sicurezza.<\/span><\/span><\/span><\/p>\n<p>Il JD Fire Levi Stick \u00e8 lungo 70 cm, peso 130 gr &#8211; tubo in alluminio diam. 8 mm con estremit\u00e0 in kevlar alto 25 mm.<\/p>\n","protected":false},"excerpt":{"rendered":"<p>ESAURITO IN RIORDINO<\/p>\n","protected":false},"featured_media":24706,"comment_status":"closed","ping_status":"closed","template":"","meta":{"_et_pb_use_builder":"","_et_pb_old_content":"","_et_gb_content_width":""},"product_brand":[],"product_cat":[48],"product_tag":[315,1768,317],"class_list":{"0":"post-24681","1":"product","2":"type-product","3":"status-publish","4":"has-post-thumbnail","6":"product_cat-attrezzi-infuocati-vari-danza-costumi","7":"product_tag-attrezzi-infuocati-gora","8":"product_tag-gora-fire-levi-stick","9":"product_tag-negozio-on-line-articoli-gora-di-fuoco","11":"first","12":"outofstock","13":"sale","14":"taxable","15":"shipping-taxable","16":"purchasable","17":"product-type-simple"},"yoast_head":"<!-- This site is optimized with the Yoast SEO plugin v27.4 - https:\/\/yoast.com\/product\/yoast-seo-wordpress\/ -->\n<title>JG3907JD - JD Fire Levi Stick - BazarBonino<\/title>\n<meta name=\"description\" content=\"Il JD Fire Levi Stick \u00e8 lungo 70 cm, peso 130 gr - tubo in alluminio diam. 8 mm con estremit\u00e0 in kevlar alto 25 mm. Di facile utilizzo, solo per adulti!\" \/>\n<meta name=\"robots\" content=\"index, follow, max-snippet:-1, max-image-preview:large, max-video-preview:-1\" \/>\n<link rel=\"canonical\" href=\"https:\/\/www.bazarbonino.com\/store\/prodotto\/jg3907jd-jd-fire-levi-stick\/\" \/>\n<meta property=\"og:locale\" content=\"it_IT\" \/>\n<meta property=\"og:type\" content=\"article\" \/>\n<meta property=\"og:title\" content=\"JG3907JD - JD Fire Levi Stick - BazarBonino\" \/>\n<meta property=\"og:description\" content=\"Il JD Fire Levi Stick \u00e8 lungo 70 cm, peso 130 gr - tubo in alluminio diam. 8 mm con estremit\u00e0 in kevlar alto 25 mm. Di facile utilizzo, solo per adulti!\" \/>\n<meta property=\"og:url\" content=\"https:\/\/www.bazarbonino.com\/store\/prodotto\/jg3907jd-jd-fire-levi-stick\/\" \/>\n<meta property=\"og:site_name\" content=\"BazarBonino\" \/>\n<meta property=\"article:publisher\" content=\"https:\/\/www.facebook.com\/bazar.bonino\" \/>\n<meta property=\"article:modified_time\" content=\"2026-05-07T19:12:23+00:00\" \/>\n<meta property=\"og:image\" content=\"https:\/\/www.bazarbonino.com\/store\/wp-content\/uploads\/2026\/04\/JG3907JD-JD-Fire-Levi-Stick.jpg\" \/>\n\t<meta property=\"og:image:width\" content=\"794\" \/>\n\t<meta property=\"og:image:height\" content=\"794\" \/>\n\t<meta property=\"og:image:type\" content=\"image\/jpeg\" \/>\n<meta name=\"twitter:card\" content=\"summary_large_image\" \/>\n<meta name=\"twitter:label1\" content=\"Tempo di lettura stimato\" \/>\n\t<meta name=\"twitter:data1\" content=\"1 minuto\" \/>\n<script type=\"application\/ld+json\" class=\"yoast-schema-graph\">{\"@context\":\"https:\\\/\\\/schema.org\",\"@graph\":[{\"@type\":\"WebPage\",\"@id\":\"https:\\\/\\\/www.bazarbonino.com\\\/store\\\/prodotto\\\/jg3907jd-jd-fire-levi-stick\\\/\",\"url\":\"https:\\\/\\\/www.bazarbonino.com\\\/store\\\/prodotto\\\/jg3907jd-jd-fire-levi-stick\\\/\",\"name\":\"JG3907JD - JD Fire Levi Stick - BazarBonino\",\"isPartOf\":{\"@id\":\"https:\\\/\\\/www.bazarbonino.com\\\/store\\\/#website\"},\"primaryImageOfPage\":{\"@id\":\"https:\\\/\\\/www.bazarbonino.com\\\/store\\\/prodotto\\\/jg3907jd-jd-fire-levi-stick\\\/#primaryimage\"},\"image\":{\"@id\":\"https:\\\/\\\/www.bazarbonino.com\\\/store\\\/prodotto\\\/jg3907jd-jd-fire-levi-stick\\\/#primaryimage\"},\"thumbnailUrl\":\"https:\\\/\\\/www.bazarbonino.com\\\/store\\\/wp-content\\\/uploads\\\/2026\\\/04\\\/JG3907JD-JD-Fire-Levi-Stick.jpg\",\"datePublished\":\"2026-04-27T20:28:01+00:00\",\"dateModified\":\"2026-05-07T19:12:23+00:00\",\"description\":\"Il JD Fire Levi Stick \u00e8 lungo 70 cm, peso 130 gr - tubo in alluminio diam. 8 mm con estremit\u00e0 in kevlar alto 25 mm. Di facile utilizzo, solo per adulti!\",\"breadcrumb\":{\"@id\":\"https:\\\/\\\/www.bazarbonino.com\\\/store\\\/prodotto\\\/jg3907jd-jd-fire-levi-stick\\\/#breadcrumb\"},\"inLanguage\":\"it-IT\",\"potentialAction\":[{\"@type\":\"ReadAction\",\"target\":[\"https:\\\/\\\/www.bazarbonino.com\\\/store\\\/prodotto\\\/jg3907jd-jd-fire-levi-stick\\\/\"]}]},{\"@type\":\"ImageObject\",\"inLanguage\":\"it-IT\",\"@id\":\"https:\\\/\\\/www.bazarbonino.com\\\/store\\\/prodotto\\\/jg3907jd-jd-fire-levi-stick\\\/#primaryimage\",\"url\":\"https:\\\/\\\/www.bazarbonino.com\\\/store\\\/wp-content\\\/uploads\\\/2026\\\/04\\\/JG3907JD-JD-Fire-Levi-Stick.jpg\",\"contentUrl\":\"https:\\\/\\\/www.bazarbonino.com\\\/store\\\/wp-content\\\/uploads\\\/2026\\\/04\\\/JG3907JD-JD-Fire-Levi-Stick.jpg\",\"width\":794,\"height\":794,\"caption\":\"JG3907JD - JD Fire Levi Stick\"},{\"@type\":\"BreadcrumbList\",\"@id\":\"https:\\\/\\\/www.bazarbonino.com\\\/store\\\/prodotto\\\/jg3907jd-jd-fire-levi-stick\\\/#breadcrumb\",\"itemListElement\":[{\"@type\":\"ListItem\",\"position\":1,\"name\":\"Home\",\"item\":\"https:\\\/\\\/www.bazarbonino.com\\\/store\\\/\"},{\"@type\":\"ListItem\",\"position\":2,\"name\":\"Catalogo\",\"item\":\"https:\\\/\\\/www.bazarbonino.com\\\/store\\\/shop\\\/\"},{\"@type\":\"ListItem\",\"position\":3,\"name\":\"JG3907JD &#8211; JD Fire Levi Stick\"}]},{\"@type\":\"WebSite\",\"@id\":\"https:\\\/\\\/www.bazarbonino.com\\\/store\\\/#website\",\"url\":\"https:\\\/\\\/www.bazarbonino.com\\\/store\\\/\",\"name\":\"BazarBonino\",\"description\":\"\",\"potentialAction\":[{\"@type\":\"SearchAction\",\"target\":{\"@type\":\"EntryPoint\",\"urlTemplate\":\"https:\\\/\\\/www.bazarbonino.com\\\/store\\\/?s={search_term_string}\"},\"query-input\":{\"@type\":\"PropertyValueSpecification\",\"valueRequired\":true,\"valueName\":\"search_term_string\"}}],\"inLanguage\":\"it-IT\"}]}<\/script>\n<!-- \/ Yoast SEO plugin. -->","yoast_head_json":{"title":"JG3907JD - JD Fire Levi Stick - BazarBonino","description":"Il JD Fire Levi Stick \u00e8 lungo 70 cm, peso 130 gr - tubo in alluminio diam. 8 mm con estremit\u00e0 in kevlar alto 25 mm. Di facile utilizzo, solo per adulti!","robots":{"index":"index","follow":"follow","max-snippet":"max-snippet:-1","max-image-preview":"max-image-preview:large","max-video-preview":"max-video-preview:-1"},"canonical":"https:\/\/www.bazarbonino.com\/store\/prodotto\/jg3907jd-jd-fire-levi-stick\/","og_locale":"it_IT","og_type":"article","og_title":"JG3907JD - JD Fire Levi Stick - BazarBonino","og_description":"Il JD Fire Levi Stick \u00e8 lungo 70 cm, peso 130 gr - tubo in alluminio diam. 8 mm con estremit\u00e0 in kevlar alto 25 mm. Di facile utilizzo, solo per adulti!","og_url":"https:\/\/www.bazarbonino.com\/store\/prodotto\/jg3907jd-jd-fire-levi-stick\/","og_site_name":"BazarBonino","article_publisher":"https:\/\/www.facebook.com\/bazar.bonino","article_modified_time":"2026-05-07T19:12:23+00:00","og_image":[{"width":794,"height":794,"url":"https:\/\/www.bazarbonino.com\/store\/wp-content\/uploads\/2026\/04\/JG3907JD-JD-Fire-Levi-Stick.jpg","type":"image\/jpeg"}],"twitter_card":"summary_large_image","twitter_misc":{"Tempo di lettura stimato":"1 minuto"},"schema":{"@context":"https:\/\/schema.org","@graph":[{"@type":"WebPage","@id":"https:\/\/www.bazarbonino.com\/store\/prodotto\/jg3907jd-jd-fire-levi-stick\/","url":"https:\/\/www.bazarbonino.com\/store\/prodotto\/jg3907jd-jd-fire-levi-stick\/","name":"JG3907JD - JD Fire Levi Stick - BazarBonino","isPartOf":{"@id":"https:\/\/www.bazarbonino.com\/store\/#website"},"primaryImageOfPage":{"@id":"https:\/\/www.bazarbonino.com\/store\/prodotto\/jg3907jd-jd-fire-levi-stick\/#primaryimage"},"image":{"@id":"https:\/\/www.bazarbonino.com\/store\/prodotto\/jg3907jd-jd-fire-levi-stick\/#primaryimage"},"thumbnailUrl":"https:\/\/www.bazarbonino.com\/store\/wp-content\/uploads\/2026\/04\/JG3907JD-JD-Fire-Levi-Stick.jpg","datePublished":"2026-04-27T20:28:01+00:00","dateModified":"2026-05-07T19:12:23+00:00","description":"Il JD Fire Levi Stick \u00e8 lungo 70 cm, peso 130 gr - tubo in alluminio diam. 8 mm con estremit\u00e0 in kevlar alto 25 mm. Di facile utilizzo, solo per adulti!","breadcrumb":{"@id":"https:\/\/www.bazarbonino.com\/store\/prodotto\/jg3907jd-jd-fire-levi-stick\/#breadcrumb"},"inLanguage":"it-IT","potentialAction":[{"@type":"ReadAction","target":["https:\/\/www.bazarbonino.com\/store\/prodotto\/jg3907jd-jd-fire-levi-stick\/"]}]},{"@type":"ImageObject","inLanguage":"it-IT","@id":"https:\/\/www.bazarbonino.com\/store\/prodotto\/jg3907jd-jd-fire-levi-stick\/#primaryimage","url":"https:\/\/www.bazarbonino.com\/store\/wp-content\/uploads\/2026\/04\/JG3907JD-JD-Fire-Levi-Stick.jpg","contentUrl":"https:\/\/www.bazarbonino.com\/store\/wp-content\/uploads\/2026\/04\/JG3907JD-JD-Fire-Levi-Stick.jpg","width":794,"height":794,"caption":"JG3907JD - JD Fire Levi Stick"},{"@type":"BreadcrumbList","@id":"https:\/\/www.bazarbonino.com\/store\/prodotto\/jg3907jd-jd-fire-levi-stick\/#breadcrumb","itemListElement":[{"@type":"ListItem","position":1,"name":"Home","item":"https:\/\/www.bazarbonino.com\/store\/"},{"@type":"ListItem","position":2,"name":"Catalogo","item":"https:\/\/www.bazarbonino.com\/store\/shop\/"},{"@type":"ListItem","position":3,"name":"JG3907JD &#8211; JD Fire Levi Stick"}]},{"@type":"WebSite","@id":"https:\/\/www.bazarbonino.com\/store\/#website","url":"https:\/\/www.bazarbonino.com\/store\/","name":"BazarBonino","description":"","potentialAction":[{"@type":"SearchAction","target":{"@type":"EntryPoint","urlTemplate":"https:\/\/www.bazarbonino.com\/store\/?s={search_term_string}"},"query-input":{"@type":"PropertyValueSpecification","valueRequired":true,"valueName":"search_term_string"}}],"inLanguage":"it-IT"}]}},"_links":{"self":[{"href":"https:\/\/www.bazarbonino.com\/store\/wp-json\/wp\/v2\/product\/24681","targetHints":{"allow":["GET"]}}],"collection":[{"href":"https:\/\/www.bazarbonino.com\/store\/wp-json\/wp\/v2\/product"}],"about":[{"href":"https:\/\/www.bazarbonino.com\/store\/wp-json\/wp\/v2\/types\/product"}],"replies":[{"embeddable":true,"href":"https:\/\/www.bazarbonino.com\/store\/wp-json\/wp\/v2\/comments?post=24681"}],"wp:featuredmedia":[{"embeddable":true,"href":"https:\/\/www.bazarbonino.com\/store\/wp-json\/wp\/v2\/media\/24706"}],"wp:attachment":[{"href":"https:\/\/www.bazarbonino.com\/store\/wp-json\/wp\/v2\/media?parent=24681"}],"wp:term":[{"taxonomy":"product_brand","embeddable":true,"href":"https:\/\/www.bazarbonino.com\/store\/wp-json\/wp\/v2\/product_brand?post=24681"},{"taxonomy":"product_cat","embeddable":true,"href":"https:\/\/www.bazarbonino.com\/store\/wp-json\/wp\/v2\/product_cat?post=24681"},{"taxonomy":"product_tag","embeddable":true,"href":"https:\/\/www.bazarbonino.com\/store\/wp-json\/wp\/v2\/product_tag?post=24681"}],"curies":[{"name":"wp","href":"https:\/\/api.w.org\/{rel}","templated":true}]}}