{"id":24636,"date":"2026-04-04T16:56:28","date_gmt":"2026-04-04T14:56:28","guid":{"rendered":"https:\/\/www.bazarbonino.com\/store\/?post_type=product&#038;p=24636"},"modified":"2026-04-04T17:20:48","modified_gmt":"2026-04-04T15:20:48","slug":"jg1526-diabolo-hurricane-extreme-5-bearing","status":"publish","type":"product","link":"https:\/\/www.bazarbonino.com\/store\/prodotto\/jg1526-diabolo-hurricane-extreme-5-bearing\/","title":{"rendered":"JG1526 &#8211; Diabolo Hurricane Extreme 5 Bearing"},"content":{"rendered":"<div class=\"lRu31\" dir=\"ltr\"><\/div>\n<div class=\"lRu31\" dir=\"ltr\"><span class=\"HwtZe\" lang=\"it\"><span class=\"jCAhz ChMk0b\"><span class=\"ryNqvb\">Il Diabolo Hurricane Extreme 5 Bearing \u00e8 un diabolo di dimensioni jumbo prodotto dall&#8217;azienda europea di giocoleria Juggle Dream. Prestazioni futuristiche di alto livello. Cinque cuscinetti. Rotazioni extra fluide ed extra lunghe. \u00c8 il fratello maggiore del popolarissimo Cyclone Quartz, ma ora aggiornato con un sistema a cinque cuscinetti per rotazioni ancora pi\u00f9 lunghe e fluide. <\/span><\/span><\/span><\/div>\n<div class=\"lRu31\" dir=\"ltr\"><span class=\"HwtZe\" lang=\"it\"><span class=\"jCAhz ChMk0b\"><span class=\"ryNqvb\">Grazie al suo asse a cinque cuscinetti di alta qualit\u00e0, l&#8217;Hurricane Extreme 5 prende velocit\u00e0 rapidamente e ruota per oltre venti volte pi\u00f9 a lungo rispetto ai diabolo standard con asse fisso. Perfetto per padroneggiare lunghe sequenze di trick senza interruzioni. L&#8217;asse largo facilita anche trick avanzati come<\/span><\/span> <span class=\"jCAhz\"><span class=\"ryNqvb\">Le grind con le dita sono molto pi\u00f9 facili.<\/span><\/span><span class=\"jCAhz\"><span class=\"ryNqvb\"> Realizzato con coppe in TPE traslucide e antigraffio, l&#8217;Hurricane pu\u00f2 resistere a cadute da lanci alti mantenendo un aspetto fantastico.<\/span><\/span> <span class=\"jCAhz ChMk0b\"><span class=\"ryNqvb\">Essendo un diabolo Jumbo (coppe da 4&#8243;), con la maggior parte del peso distribuito sui bordi, offre un&#8217;eccellente stabilit\u00e0 a tutte le velocit\u00e0. Ideale per tutte le et\u00e0 e livelli di abilit\u00e0: l&#8217;Hurricane Extreme 5 \u00e8 l&#8217;aggiornamento perfetto per chiunque sia pronto a passare da un diabolo a cuscinetto singolo o triplo.<\/span><\/span><\/span><\/p>\n<div><\/div>\n<div class=\"NQSJo\"><span class=\"HwtZe\" lang=\"it\"><span class=\"jCAhz ChMk0b\"><span class=\"ryNqvb\">Il Diabolo Hurricane Extreme 5 Bearing dalle coppe di 126 mm di diametro ed un peso di 280 gr. circa.<\/span><\/span><\/span><\/div>\n<\/div>\n<p><span class=\"tlid-translation translation\" lang=\"it\">Poich\u00e9 puoi ruotare il diabolo solo in una direzione, alcune persone trovano questo tipo di diabolo pi\u00f9 facile da imparare. \u00c8 anche molto pi\u00f9 facile far girare il diabolo molto velocemente in quanto puoi avvolgere la corda un paio di volte attorno all&#8217;asse senza timore di grovigli.<\/span><\/p>\n<p><span class=\"tlid-translation translation\" lang=\"it\">Grazie alle sue coppe traslucide, il Diabolo Hurricane Triple Bearing ha un bell&#8217;aspetto con un kit LED poich\u00e9 la luce \u00e8 diffusa intorno all&#8217;intero diabolo, ottimo per spettacoli notturni.<\/span><\/p>\n<p>Venduto senza bacchette!<\/p>\n","protected":false},"excerpt":{"rendered":"<p>Il Diabolo Hurricane Extreme 5 Bearing \u00e8 un diabolo di dimensioni jumbo prodotto dall&#8217;azienda europea di giocoleria Juggle Dream. Prestazioni futuristiche di alto livello. Cinque cuscinetti. Rotazioni extra fluide ed extra lunghe. \u00c8 il fratello maggiore del popolarissimo Cyclone Quartz, ma ora aggiornato con un sistema a cinque cuscinetti per rotazioni ancora pi\u00f9 lunghe e [&hellip;]<\/p>\n","protected":false},"featured_media":16040,"comment_status":"closed","ping_status":"closed","template":"","meta":{"_et_pb_use_builder":"","_et_pb_old_content":"","_et_gb_content_width":""},"product_brand":[],"product_cat":[16],"product_tag":[239,2154,2153,2133],"class_list":{"0":"post-24636","1":"product","2":"type-product","3":"status-publish","4":"has-post-thumbnail","6":"product_cat-diaboli-vari","7":"product_tag-attrezzi-per-giocoleria-per-principianti-e-professionisti","8":"product_tag-diabolo-con-cuscinetto","9":"product_tag-diabolo-hurricane","10":"product_tag-diabolo-hurricane-triple-bearing","11":"pa_colore-arancio","12":"pa_colore-blu","13":"pa_colore-nero","14":"pa_colore-rosso","15":"pa_colore-verde","16":"pa_colore-viola","18":"first","19":"instock","20":"sale","21":"taxable","22":"shipping-taxable","23":"purchasable","24":"product-type-variable"},"yoast_head":"<!-- This site is optimized with the Yoast SEO plugin v27.2 - https:\/\/yoast.com\/product\/yoast-seo-wordpress\/ -->\n<title>JG1526 - Diabolo Hurricane Extreme 5 Bearing - BazarBonino<\/title>\n<meta name=\"description\" content=\"Il Diabolo Hurricane Extreme 5 Bearing \u00e8 un diabolo di dimensioni jumbo prodotto dall&#039;azienda europea di giocoleria Juggle Dream.\" \/>\n<meta name=\"robots\" content=\"index, follow, max-snippet:-1, max-image-preview:large, max-video-preview:-1\" \/>\n<link rel=\"canonical\" href=\"https:\/\/www.bazarbonino.com\/store\/prodotto\/jg1526-diabolo-hurricane-extreme-5-bearing\/\" \/>\n<meta property=\"og:locale\" content=\"it_IT\" \/>\n<meta property=\"og:type\" content=\"article\" \/>\n<meta property=\"og:title\" content=\"JG1526 - Diabolo Hurricane Extreme 5 Bearing - BazarBonino\" \/>\n<meta property=\"og:description\" content=\"Il Diabolo Hurricane Extreme 5 Bearing \u00e8 un diabolo di dimensioni jumbo prodotto dall&#039;azienda europea di giocoleria Juggle Dream.\" \/>\n<meta property=\"og:url\" content=\"https:\/\/www.bazarbonino.com\/store\/prodotto\/jg1526-diabolo-hurricane-extreme-5-bearing\/\" \/>\n<meta property=\"og:site_name\" content=\"BazarBonino\" \/>\n<meta property=\"article:publisher\" content=\"https:\/\/www.facebook.com\/bazar.bonino\" \/>\n<meta property=\"article:modified_time\" content=\"2026-04-04T15:20:48+00:00\" \/>\n<meta property=\"og:image\" content=\"https:\/\/www.bazarbonino.com\/store\/wp-content\/uploads\/2020\/09\/JG1525-Diabolo-Hurricane-Triple-Bearing.jpg\" \/>\n\t<meta property=\"og:image:width\" content=\"1000\" \/>\n\t<meta property=\"og:image:height\" content=\"1000\" \/>\n\t<meta property=\"og:image:type\" content=\"image\/jpeg\" \/>\n<meta name=\"twitter:card\" content=\"summary_large_image\" \/>\n<meta name=\"twitter:label1\" content=\"Tempo di lettura stimato\" \/>\n\t<meta name=\"twitter:data1\" content=\"1 minuto\" \/>\n<script type=\"application\/ld+json\" class=\"yoast-schema-graph\">{\"@context\":\"https:\/\/schema.org\",\"@graph\":[{\"@type\":\"WebPage\",\"@id\":\"https:\/\/www.bazarbonino.com\/store\/prodotto\/jg1526-diabolo-hurricane-extreme-5-bearing\/\",\"url\":\"https:\/\/www.bazarbonino.com\/store\/prodotto\/jg1526-diabolo-hurricane-extreme-5-bearing\/\",\"name\":\"JG1526 - Diabolo Hurricane Extreme 5 Bearing - BazarBonino\",\"isPartOf\":{\"@id\":\"https:\/\/www.bazarbonino.com\/store\/#website\"},\"primaryImageOfPage\":{\"@id\":\"https:\/\/www.bazarbonino.com\/store\/prodotto\/jg1526-diabolo-hurricane-extreme-5-bearing\/#primaryimage\"},\"image\":{\"@id\":\"https:\/\/www.bazarbonino.com\/store\/prodotto\/jg1526-diabolo-hurricane-extreme-5-bearing\/#primaryimage\"},\"thumbnailUrl\":\"https:\/\/www.bazarbonino.com\/store\/wp-content\/uploads\/2020\/09\/JG1525-Diabolo-Hurricane-Triple-Bearing.jpg\",\"datePublished\":\"2026-04-04T14:56:28+00:00\",\"dateModified\":\"2026-04-04T15:20:48+00:00\",\"description\":\"Il Diabolo Hurricane Extreme 5 Bearing \u00e8 un diabolo di dimensioni jumbo prodotto dall'azienda europea di giocoleria Juggle Dream.\",\"breadcrumb\":{\"@id\":\"https:\/\/www.bazarbonino.com\/store\/prodotto\/jg1526-diabolo-hurricane-extreme-5-bearing\/#breadcrumb\"},\"inLanguage\":\"it-IT\",\"potentialAction\":[{\"@type\":\"ReadAction\",\"target\":[\"https:\/\/www.bazarbonino.com\/store\/prodotto\/jg1526-diabolo-hurricane-extreme-5-bearing\/\"]}]},{\"@type\":\"ImageObject\",\"inLanguage\":\"it-IT\",\"@id\":\"https:\/\/www.bazarbonino.com\/store\/prodotto\/jg1526-diabolo-hurricane-extreme-5-bearing\/#primaryimage\",\"url\":\"https:\/\/www.bazarbonino.com\/store\/wp-content\/uploads\/2020\/09\/JG1525-Diabolo-Hurricane-Triple-Bearing.jpg\",\"contentUrl\":\"https:\/\/www.bazarbonino.com\/store\/wp-content\/uploads\/2020\/09\/JG1525-Diabolo-Hurricane-Triple-Bearing.jpg\",\"width\":1000,\"height\":1000,\"caption\":\"JG1526 - Diabolo Hurricane Extreme 5 Bearing\"},{\"@type\":\"BreadcrumbList\",\"@id\":\"https:\/\/www.bazarbonino.com\/store\/prodotto\/jg1526-diabolo-hurricane-extreme-5-bearing\/#breadcrumb\",\"itemListElement\":[{\"@type\":\"ListItem\",\"position\":1,\"name\":\"Home\",\"item\":\"https:\/\/www.bazarbonino.com\/store\/\"},{\"@type\":\"ListItem\",\"position\":2,\"name\":\"Catalogo\",\"item\":\"https:\/\/www.bazarbonino.com\/store\/shop\/\"},{\"@type\":\"ListItem\",\"position\":3,\"name\":\"JG1526 &#8211; Diabolo Hurricane Extreme 5 Bearing\"}]},{\"@type\":\"WebSite\",\"@id\":\"https:\/\/www.bazarbonino.com\/store\/#website\",\"url\":\"https:\/\/www.bazarbonino.com\/store\/\",\"name\":\"BazarBonino\",\"description\":\"\",\"potentialAction\":[{\"@type\":\"SearchAction\",\"target\":{\"@type\":\"EntryPoint\",\"urlTemplate\":\"https:\/\/www.bazarbonino.com\/store\/?s={search_term_string}\"},\"query-input\":{\"@type\":\"PropertyValueSpecification\",\"valueRequired\":true,\"valueName\":\"search_term_string\"}}],\"inLanguage\":\"it-IT\"}]}<\/script>\n<!-- \/ Yoast SEO plugin. -->","yoast_head_json":{"title":"JG1526 - Diabolo Hurricane Extreme 5 Bearing - BazarBonino","description":"Il Diabolo Hurricane Extreme 5 Bearing \u00e8 un diabolo di dimensioni jumbo prodotto dall'azienda europea di giocoleria Juggle Dream.","robots":{"index":"index","follow":"follow","max-snippet":"max-snippet:-1","max-image-preview":"max-image-preview:large","max-video-preview":"max-video-preview:-1"},"canonical":"https:\/\/www.bazarbonino.com\/store\/prodotto\/jg1526-diabolo-hurricane-extreme-5-bearing\/","og_locale":"it_IT","og_type":"article","og_title":"JG1526 - Diabolo Hurricane Extreme 5 Bearing - BazarBonino","og_description":"Il Diabolo Hurricane Extreme 5 Bearing \u00e8 un diabolo di dimensioni jumbo prodotto dall'azienda europea di giocoleria Juggle Dream.","og_url":"https:\/\/www.bazarbonino.com\/store\/prodotto\/jg1526-diabolo-hurricane-extreme-5-bearing\/","og_site_name":"BazarBonino","article_publisher":"https:\/\/www.facebook.com\/bazar.bonino","article_modified_time":"2026-04-04T15:20:48+00:00","og_image":[{"width":1000,"height":1000,"url":"https:\/\/www.bazarbonino.com\/store\/wp-content\/uploads\/2020\/09\/JG1525-Diabolo-Hurricane-Triple-Bearing.jpg","type":"image\/jpeg"}],"twitter_card":"summary_large_image","twitter_misc":{"Tempo di lettura stimato":"1 minuto"},"schema":{"@context":"https:\/\/schema.org","@graph":[{"@type":"WebPage","@id":"https:\/\/www.bazarbonino.com\/store\/prodotto\/jg1526-diabolo-hurricane-extreme-5-bearing\/","url":"https:\/\/www.bazarbonino.com\/store\/prodotto\/jg1526-diabolo-hurricane-extreme-5-bearing\/","name":"JG1526 - Diabolo Hurricane Extreme 5 Bearing - BazarBonino","isPartOf":{"@id":"https:\/\/www.bazarbonino.com\/store\/#website"},"primaryImageOfPage":{"@id":"https:\/\/www.bazarbonino.com\/store\/prodotto\/jg1526-diabolo-hurricane-extreme-5-bearing\/#primaryimage"},"image":{"@id":"https:\/\/www.bazarbonino.com\/store\/prodotto\/jg1526-diabolo-hurricane-extreme-5-bearing\/#primaryimage"},"thumbnailUrl":"https:\/\/www.bazarbonino.com\/store\/wp-content\/uploads\/2020\/09\/JG1525-Diabolo-Hurricane-Triple-Bearing.jpg","datePublished":"2026-04-04T14:56:28+00:00","dateModified":"2026-04-04T15:20:48+00:00","description":"Il Diabolo Hurricane Extreme 5 Bearing \u00e8 un diabolo di dimensioni jumbo prodotto dall'azienda europea di giocoleria Juggle Dream.","breadcrumb":{"@id":"https:\/\/www.bazarbonino.com\/store\/prodotto\/jg1526-diabolo-hurricane-extreme-5-bearing\/#breadcrumb"},"inLanguage":"it-IT","potentialAction":[{"@type":"ReadAction","target":["https:\/\/www.bazarbonino.com\/store\/prodotto\/jg1526-diabolo-hurricane-extreme-5-bearing\/"]}]},{"@type":"ImageObject","inLanguage":"it-IT","@id":"https:\/\/www.bazarbonino.com\/store\/prodotto\/jg1526-diabolo-hurricane-extreme-5-bearing\/#primaryimage","url":"https:\/\/www.bazarbonino.com\/store\/wp-content\/uploads\/2020\/09\/JG1525-Diabolo-Hurricane-Triple-Bearing.jpg","contentUrl":"https:\/\/www.bazarbonino.com\/store\/wp-content\/uploads\/2020\/09\/JG1525-Diabolo-Hurricane-Triple-Bearing.jpg","width":1000,"height":1000,"caption":"JG1526 - Diabolo Hurricane Extreme 5 Bearing"},{"@type":"BreadcrumbList","@id":"https:\/\/www.bazarbonino.com\/store\/prodotto\/jg1526-diabolo-hurricane-extreme-5-bearing\/#breadcrumb","itemListElement":[{"@type":"ListItem","position":1,"name":"Home","item":"https:\/\/www.bazarbonino.com\/store\/"},{"@type":"ListItem","position":2,"name":"Catalogo","item":"https:\/\/www.bazarbonino.com\/store\/shop\/"},{"@type":"ListItem","position":3,"name":"JG1526 &#8211; Diabolo Hurricane Extreme 5 Bearing"}]},{"@type":"WebSite","@id":"https:\/\/www.bazarbonino.com\/store\/#website","url":"https:\/\/www.bazarbonino.com\/store\/","name":"BazarBonino","description":"","potentialAction":[{"@type":"SearchAction","target":{"@type":"EntryPoint","urlTemplate":"https:\/\/www.bazarbonino.com\/store\/?s={search_term_string}"},"query-input":{"@type":"PropertyValueSpecification","valueRequired":true,"valueName":"search_term_string"}}],"inLanguage":"it-IT"}]}},"_links":{"self":[{"href":"https:\/\/www.bazarbonino.com\/store\/wp-json\/wp\/v2\/product\/24636","targetHints":{"allow":["GET"]}}],"collection":[{"href":"https:\/\/www.bazarbonino.com\/store\/wp-json\/wp\/v2\/product"}],"about":[{"href":"https:\/\/www.bazarbonino.com\/store\/wp-json\/wp\/v2\/types\/product"}],"replies":[{"embeddable":true,"href":"https:\/\/www.bazarbonino.com\/store\/wp-json\/wp\/v2\/comments?post=24636"}],"wp:featuredmedia":[{"embeddable":true,"href":"https:\/\/www.bazarbonino.com\/store\/wp-json\/wp\/v2\/media\/16040"}],"wp:attachment":[{"href":"https:\/\/www.bazarbonino.com\/store\/wp-json\/wp\/v2\/media?parent=24636"}],"wp:term":[{"taxonomy":"product_brand","embeddable":true,"href":"https:\/\/www.bazarbonino.com\/store\/wp-json\/wp\/v2\/product_brand?post=24636"},{"taxonomy":"product_cat","embeddable":true,"href":"https:\/\/www.bazarbonino.com\/store\/wp-json\/wp\/v2\/product_cat?post=24636"},{"taxonomy":"product_tag","embeddable":true,"href":"https:\/\/www.bazarbonino.com\/store\/wp-json\/wp\/v2\/product_tag?post=24636"}],"curies":[{"name":"wp","href":"https:\/\/api.w.org\/{rel}","templated":true}]}}