{"id":24358,"date":"2025-11-30T19:30:04","date_gmt":"2025-11-30T18:30:04","guid":{"rendered":"https:\/\/www.bazarbonino.com\/store\/?post_type=product&#038;p=24358"},"modified":"2025-11-30T19:49:05","modified_gmt":"2025-11-30T18:49:05","slug":"jg4640-finger-twirling-led-stick","status":"publish","type":"product","link":"https:\/\/www.bazarbonino.com\/store\/prodotto\/jg4640-finger-twirling-led-stick\/","title":{"rendered":"JG4640 &#8211; Finger-Twirling LED Stick"},"content":{"rendered":"<div id=\"hikashop_product_right_part\"><span class=\"HwtZe\" lang=\"it\"><span class=\"jCAhz ChMk0b\"><span class=\"ryNqvb\">Affascina il tuo pubblico con questa bacchetta Finger-Twirling LED Stick multifunzionale di Juggle Dream.<\/span><\/span> <\/span><\/div>\n<div><span class=\"HwtZe\" lang=\"it\"><span class=\"jCAhz ChMk0b\"><span class=\"ryNqvb\">L&#8217;intera bacchetta \u00e8 rivestita in silicone e presenta fiori traslucidi su entrambe le estremit\u00e0, garantendo un equilibrio eccellente e una presa comoda.<\/span><\/span> <span class=\"jCAhz ChMk0b\"><span class=\"ryNqvb\">\u00c8 perfetta per movimenti di contatto e twirling, rendendola ideale per il gioco singolo, doppio o persino triplo.<\/span><\/span> <\/span><\/div>\n<div><span class=\"HwtZe\" lang=\"it\"><span class=\"jCAhz ChMk0b\"><span class=\"ryNqvb\">Progettata per routine veloci con un solo bastone dall&#8217;aspetto straordinario, vanta anche dimensioni perfette per il gioco a due mani con il bastone e per esibizioni con due bastoni.<\/span><\/span> <span class=\"jCAhz ChMk0b\"><span class=\"ryNqvb\">Con il giusto peso e le giuste dimensioni, \u00e8 ottima anche per il gioco con tre o quattro bastoni.<\/span><\/span><\/span><\/div>\n<div><\/div>\n<div><span class=\"HwtZe\" lang=\"it\"><span class=\"jCAhz ChMk0b\"><span class=\"ryNqvb\">Ricaricabile tramite USB con batterie integrate, offre centinaia di design vivaci e colori a tinta unita.<\/span><\/span> <span class=\"jCAhz ChMk0b\"><span class=\"ryNqvb\">Regola la luminosit\u00e0 in base alle tue performance: scegli un display pi\u00f9 luminoso o risparmia la batteria per un effetto pi\u00f9 ambientale.<\/span><\/span> <span class=\"jCAhz\"><span class=\"ryNqvb\">Grazie ai fiori traslucidi in silicone, \u00e8 incredibilmente facile da maneggiare e da usare.<\/span><\/span> <\/span><\/div>\n<div><span class=\"HwtZe\" lang=\"it\"><span class=\"jCAhz ChMk0b\"><span class=\"ryNqvb\">Ricaricabile tramite USB e adatto ai viaggi: si ricarica facilmente tramite USB utilizzando il computer, un power bank o un caricabatterie per auto, cos\u00ec sei sempre pronto per le tue performance.<\/span><\/span> <\/span><span class=\"HwtZe\" lang=\"it\"><span class=\"jCAhz ChMk0b\"><span class=\"ryNqvb\">Alta qualit\u00e0 e durevole: realizzato con un robusto corpo in policarbonato, questo levistick LED garantisce prestazioni di lunga durata e un movimento fluido e fluido.<\/span><\/span><span class=\"jCAhz ChMk0b\"><span class=\"ryNqvb\"> Oltre 300 modalit\u00e0 LED vibranti: cambia tra splendidi schemi luminosi con la semplice pressione di un pulsante, offrendo effetti personalizzabili per qualsiasi stato d&#8217;animo o routine.<\/span><\/span><span class=\"jCAhz ChMk0b\"><span class=\"ryNqvb\"> Telecomando per performance sincronizzate: aziona pi\u00f9 bacchette contemporaneamente, creando spettacoli di luci coordinati e mozzafiato per esibizioni da solista o in gruppo.<\/span><\/span><span class=\"jCAhz ChMk0b\"><span class=\"ryNqvb\"> Certificato CE e testato per la sicurezza dei LED: garantisce un&#8217;esperienza sicura e divertente per tutte le et\u00e0, rendendolo un regalo perfetto per giocolieri, artisti circensi e artisti del flow.<\/span><\/span><\/span><\/div>\n<div>Lunghezza cm. 103<\/div>\n<div>Peso gr. 350<\/div>\n","protected":false},"excerpt":{"rendered":"<p>Affascina il tuo pubblico con questa bacchetta Finger-Twirling LED Stick multifunzionale di Juggle Dream. L&#8217;intera bacchetta \u00e8 rivestita in silicone e presenta fiori traslucidi su entrambe le estremit\u00e0, garantendo un equilibrio eccellente e una presa comoda. \u00c8 perfetta per movimenti di contatto e twirling, rendendola ideale per il gioco singolo, doppio o persino triplo. Progettata [&hellip;]<\/p>\n","protected":false},"featured_media":24359,"comment_status":"closed","ping_status":"closed","template":"","meta":{"_et_pb_use_builder":"","_et_pb_old_content":"","_et_gb_content_width":""},"product_brand":[],"product_cat":[55],"product_tag":[330,331,332],"class_list":{"0":"post-24358","1":"product","2":"type-product","3":"status-publish","4":"has-post-thumbnail","6":"product_cat-devilstick-luminosi","7":"product_tag-attrezzi-luminosi-giocoleria","8":"product_tag-negozio-giocoleria","9":"product_tag-torino-bazar-bonino","11":"first","12":"instock","13":"sale","14":"taxable","15":"shipping-taxable","16":"purchasable","17":"product-type-simple"},"yoast_head":"<!-- This site is optimized with the Yoast SEO plugin v27.4 - https:\/\/yoast.com\/product\/yoast-seo-wordpress\/ -->\n<title>JG4640 - Finger-Twirling LED Stick - BazarBonino<\/title>\n<meta name=\"description\" content=\"Affascina il tuo pubblico con questa bacchetta Finger-Twirling LED Stick multifunzionale di Juggle Dream.\" \/>\n<meta name=\"robots\" content=\"index, follow, max-snippet:-1, max-image-preview:large, max-video-preview:-1\" \/>\n<link rel=\"canonical\" href=\"https:\/\/www.bazarbonino.com\/store\/prodotto\/jg4640-finger-twirling-led-stick\/\" \/>\n<meta property=\"og:locale\" content=\"it_IT\" \/>\n<meta property=\"og:type\" content=\"article\" \/>\n<meta property=\"og:title\" content=\"JG4640 - Finger-Twirling LED Stick - BazarBonino\" \/>\n<meta property=\"og:description\" content=\"Affascina il tuo pubblico con questa bacchetta Finger-Twirling LED Stick multifunzionale di Juggle Dream.\" \/>\n<meta property=\"og:url\" content=\"https:\/\/www.bazarbonino.com\/store\/prodotto\/jg4640-finger-twirling-led-stick\/\" \/>\n<meta property=\"og:site_name\" content=\"BazarBonino\" \/>\n<meta property=\"article:publisher\" content=\"https:\/\/www.facebook.com\/bazar.bonino\" \/>\n<meta property=\"article:modified_time\" content=\"2025-11-30T18:49:05+00:00\" \/>\n<meta property=\"og:image\" content=\"https:\/\/www.bazarbonino.com\/store\/wp-content\/uploads\/2025\/11\/JG4640-Finger-Twirling-LED-Stick.jpg\" \/>\n\t<meta property=\"og:image:width\" content=\"2000\" \/>\n\t<meta property=\"og:image:height\" content=\"2000\" \/>\n\t<meta property=\"og:image:type\" content=\"image\/jpeg\" \/>\n<meta name=\"twitter:card\" content=\"summary_large_image\" \/>\n<meta name=\"twitter:label1\" content=\"Tempo di lettura stimato\" \/>\n\t<meta name=\"twitter:data1\" content=\"1 minuto\" \/>\n<script type=\"application\/ld+json\" class=\"yoast-schema-graph\">{\"@context\":\"https:\\\/\\\/schema.org\",\"@graph\":[{\"@type\":\"WebPage\",\"@id\":\"https:\\\/\\\/www.bazarbonino.com\\\/store\\\/prodotto\\\/jg4640-finger-twirling-led-stick\\\/\",\"url\":\"https:\\\/\\\/www.bazarbonino.com\\\/store\\\/prodotto\\\/jg4640-finger-twirling-led-stick\\\/\",\"name\":\"JG4640 - Finger-Twirling LED Stick - BazarBonino\",\"isPartOf\":{\"@id\":\"https:\\\/\\\/www.bazarbonino.com\\\/store\\\/#website\"},\"primaryImageOfPage\":{\"@id\":\"https:\\\/\\\/www.bazarbonino.com\\\/store\\\/prodotto\\\/jg4640-finger-twirling-led-stick\\\/#primaryimage\"},\"image\":{\"@id\":\"https:\\\/\\\/www.bazarbonino.com\\\/store\\\/prodotto\\\/jg4640-finger-twirling-led-stick\\\/#primaryimage\"},\"thumbnailUrl\":\"https:\\\/\\\/www.bazarbonino.com\\\/store\\\/wp-content\\\/uploads\\\/2025\\\/11\\\/JG4640-Finger-Twirling-LED-Stick.jpg\",\"datePublished\":\"2025-11-30T18:30:04+00:00\",\"dateModified\":\"2025-11-30T18:49:05+00:00\",\"description\":\"Affascina il tuo pubblico con questa bacchetta Finger-Twirling LED Stick multifunzionale di Juggle Dream.\",\"breadcrumb\":{\"@id\":\"https:\\\/\\\/www.bazarbonino.com\\\/store\\\/prodotto\\\/jg4640-finger-twirling-led-stick\\\/#breadcrumb\"},\"inLanguage\":\"it-IT\",\"potentialAction\":[{\"@type\":\"ReadAction\",\"target\":[\"https:\\\/\\\/www.bazarbonino.com\\\/store\\\/prodotto\\\/jg4640-finger-twirling-led-stick\\\/\"]}]},{\"@type\":\"ImageObject\",\"inLanguage\":\"it-IT\",\"@id\":\"https:\\\/\\\/www.bazarbonino.com\\\/store\\\/prodotto\\\/jg4640-finger-twirling-led-stick\\\/#primaryimage\",\"url\":\"https:\\\/\\\/www.bazarbonino.com\\\/store\\\/wp-content\\\/uploads\\\/2025\\\/11\\\/JG4640-Finger-Twirling-LED-Stick.jpg\",\"contentUrl\":\"https:\\\/\\\/www.bazarbonino.com\\\/store\\\/wp-content\\\/uploads\\\/2025\\\/11\\\/JG4640-Finger-Twirling-LED-Stick.jpg\",\"width\":2000,\"height\":2000,\"caption\":\"JG4640 - Finger-Twirling LED Stick\"},{\"@type\":\"BreadcrumbList\",\"@id\":\"https:\\\/\\\/www.bazarbonino.com\\\/store\\\/prodotto\\\/jg4640-finger-twirling-led-stick\\\/#breadcrumb\",\"itemListElement\":[{\"@type\":\"ListItem\",\"position\":1,\"name\":\"Home\",\"item\":\"https:\\\/\\\/www.bazarbonino.com\\\/store\\\/\"},{\"@type\":\"ListItem\",\"position\":2,\"name\":\"Catalogo\",\"item\":\"https:\\\/\\\/www.bazarbonino.com\\\/store\\\/shop\\\/\"},{\"@type\":\"ListItem\",\"position\":3,\"name\":\"JG4640 &#8211; Finger-Twirling LED Stick\"}]},{\"@type\":\"WebSite\",\"@id\":\"https:\\\/\\\/www.bazarbonino.com\\\/store\\\/#website\",\"url\":\"https:\\\/\\\/www.bazarbonino.com\\\/store\\\/\",\"name\":\"BazarBonino\",\"description\":\"\",\"potentialAction\":[{\"@type\":\"SearchAction\",\"target\":{\"@type\":\"EntryPoint\",\"urlTemplate\":\"https:\\\/\\\/www.bazarbonino.com\\\/store\\\/?s={search_term_string}\"},\"query-input\":{\"@type\":\"PropertyValueSpecification\",\"valueRequired\":true,\"valueName\":\"search_term_string\"}}],\"inLanguage\":\"it-IT\"}]}<\/script>\n<!-- \/ Yoast SEO plugin. -->","yoast_head_json":{"title":"JG4640 - Finger-Twirling LED Stick - BazarBonino","description":"Affascina il tuo pubblico con questa bacchetta Finger-Twirling LED Stick multifunzionale di Juggle Dream.","robots":{"index":"index","follow":"follow","max-snippet":"max-snippet:-1","max-image-preview":"max-image-preview:large","max-video-preview":"max-video-preview:-1"},"canonical":"https:\/\/www.bazarbonino.com\/store\/prodotto\/jg4640-finger-twirling-led-stick\/","og_locale":"it_IT","og_type":"article","og_title":"JG4640 - Finger-Twirling LED Stick - BazarBonino","og_description":"Affascina il tuo pubblico con questa bacchetta Finger-Twirling LED Stick multifunzionale di Juggle Dream.","og_url":"https:\/\/www.bazarbonino.com\/store\/prodotto\/jg4640-finger-twirling-led-stick\/","og_site_name":"BazarBonino","article_publisher":"https:\/\/www.facebook.com\/bazar.bonino","article_modified_time":"2025-11-30T18:49:05+00:00","og_image":[{"width":2000,"height":2000,"url":"https:\/\/www.bazarbonino.com\/store\/wp-content\/uploads\/2025\/11\/JG4640-Finger-Twirling-LED-Stick.jpg","type":"image\/jpeg"}],"twitter_card":"summary_large_image","twitter_misc":{"Tempo di lettura stimato":"1 minuto"},"schema":{"@context":"https:\/\/schema.org","@graph":[{"@type":"WebPage","@id":"https:\/\/www.bazarbonino.com\/store\/prodotto\/jg4640-finger-twirling-led-stick\/","url":"https:\/\/www.bazarbonino.com\/store\/prodotto\/jg4640-finger-twirling-led-stick\/","name":"JG4640 - Finger-Twirling LED Stick - BazarBonino","isPartOf":{"@id":"https:\/\/www.bazarbonino.com\/store\/#website"},"primaryImageOfPage":{"@id":"https:\/\/www.bazarbonino.com\/store\/prodotto\/jg4640-finger-twirling-led-stick\/#primaryimage"},"image":{"@id":"https:\/\/www.bazarbonino.com\/store\/prodotto\/jg4640-finger-twirling-led-stick\/#primaryimage"},"thumbnailUrl":"https:\/\/www.bazarbonino.com\/store\/wp-content\/uploads\/2025\/11\/JG4640-Finger-Twirling-LED-Stick.jpg","datePublished":"2025-11-30T18:30:04+00:00","dateModified":"2025-11-30T18:49:05+00:00","description":"Affascina il tuo pubblico con questa bacchetta Finger-Twirling LED Stick multifunzionale di Juggle Dream.","breadcrumb":{"@id":"https:\/\/www.bazarbonino.com\/store\/prodotto\/jg4640-finger-twirling-led-stick\/#breadcrumb"},"inLanguage":"it-IT","potentialAction":[{"@type":"ReadAction","target":["https:\/\/www.bazarbonino.com\/store\/prodotto\/jg4640-finger-twirling-led-stick\/"]}]},{"@type":"ImageObject","inLanguage":"it-IT","@id":"https:\/\/www.bazarbonino.com\/store\/prodotto\/jg4640-finger-twirling-led-stick\/#primaryimage","url":"https:\/\/www.bazarbonino.com\/store\/wp-content\/uploads\/2025\/11\/JG4640-Finger-Twirling-LED-Stick.jpg","contentUrl":"https:\/\/www.bazarbonino.com\/store\/wp-content\/uploads\/2025\/11\/JG4640-Finger-Twirling-LED-Stick.jpg","width":2000,"height":2000,"caption":"JG4640 - Finger-Twirling LED Stick"},{"@type":"BreadcrumbList","@id":"https:\/\/www.bazarbonino.com\/store\/prodotto\/jg4640-finger-twirling-led-stick\/#breadcrumb","itemListElement":[{"@type":"ListItem","position":1,"name":"Home","item":"https:\/\/www.bazarbonino.com\/store\/"},{"@type":"ListItem","position":2,"name":"Catalogo","item":"https:\/\/www.bazarbonino.com\/store\/shop\/"},{"@type":"ListItem","position":3,"name":"JG4640 &#8211; Finger-Twirling LED Stick"}]},{"@type":"WebSite","@id":"https:\/\/www.bazarbonino.com\/store\/#website","url":"https:\/\/www.bazarbonino.com\/store\/","name":"BazarBonino","description":"","potentialAction":[{"@type":"SearchAction","target":{"@type":"EntryPoint","urlTemplate":"https:\/\/www.bazarbonino.com\/store\/?s={search_term_string}"},"query-input":{"@type":"PropertyValueSpecification","valueRequired":true,"valueName":"search_term_string"}}],"inLanguage":"it-IT"}]}},"_links":{"self":[{"href":"https:\/\/www.bazarbonino.com\/store\/wp-json\/wp\/v2\/product\/24358","targetHints":{"allow":["GET"]}}],"collection":[{"href":"https:\/\/www.bazarbonino.com\/store\/wp-json\/wp\/v2\/product"}],"about":[{"href":"https:\/\/www.bazarbonino.com\/store\/wp-json\/wp\/v2\/types\/product"}],"replies":[{"embeddable":true,"href":"https:\/\/www.bazarbonino.com\/store\/wp-json\/wp\/v2\/comments?post=24358"}],"wp:featuredmedia":[{"embeddable":true,"href":"https:\/\/www.bazarbonino.com\/store\/wp-json\/wp\/v2\/media\/24359"}],"wp:attachment":[{"href":"https:\/\/www.bazarbonino.com\/store\/wp-json\/wp\/v2\/media?parent=24358"}],"wp:term":[{"taxonomy":"product_brand","embeddable":true,"href":"https:\/\/www.bazarbonino.com\/store\/wp-json\/wp\/v2\/product_brand?post=24358"},{"taxonomy":"product_cat","embeddable":true,"href":"https:\/\/www.bazarbonino.com\/store\/wp-json\/wp\/v2\/product_cat?post=24358"},{"taxonomy":"product_tag","embeddable":true,"href":"https:\/\/www.bazarbonino.com\/store\/wp-json\/wp\/v2\/product_tag?post=24358"}],"curies":[{"name":"wp","href":"https:\/\/api.w.org\/{rel}","templated":true}]}}