{"id":24350,"date":"2025-11-30T19:01:52","date_gmt":"2025-11-30T18:01:52","guid":{"rendered":"https:\/\/www.bazarbonino.com\/store\/?post_type=product&#038;p=24350"},"modified":"2025-11-30T19:29:36","modified_gmt":"2025-11-30T18:29:36","slug":"jg4630-flowerstick-luminoso-controller","status":"publish","type":"product","link":"https:\/\/www.bazarbonino.com\/store\/prodotto\/jg4630-flowerstick-luminoso-controller\/","title":{"rendered":"JG4630 &#8211; Flowerstick Luminoso Controller"},"content":{"rendered":"<div id=\"hikashop_product_right_part\">\n<div id=\"hikashop_product_contact_main\"><span class=\"HwtZe\" lang=\"it\"><span class=\"jCAhz ChMk0b\"><span class=\"ryNqvb\">L&#8217;intero Flowerstick Luminoso Controller \u00e8 rivestito in silicone, il che lo rende molto facile da usare, con fiori in silicone aggiunti che garantiscono un eccellente equilibrio.<\/span><\/span><span class=\"jCAhz ChMk0b\"><span class=\"ryNqvb\"> Incantate il vostro pubblico con questo FlowerStick LED multifunzionale di Juggle Dream.<\/span><\/span><span class=\"jCAhz ChMk0b\"><span class=\"ryNqvb\"> Ricaricabile tramite USB con batterie interne.<\/span><\/span> <span class=\"jCAhz\"><span class=\"ryNqvb\">Centinaia di motivi e colori a tinta unita.<\/span><\/span> <span class=\"jCAhz ChMk0b\"><span class=\"ryNqvb\">La luminosit\u00e0 pu\u00f2 essere regolata per un display pi\u00f9 luminoso o una maggiore durata della batteria quando si preferisce un effetto ambientale.<\/span><\/span><\/span><\/div>\n<div><span class=\"HwtZe\" lang=\"it\"><span class=\"jCAhz ChMk0b\"><span class=\"ryNqvb\">Ricaricabile tramite USB e adatto ai viaggi: si ricarica facilmente tramite USB utilizzando il computer, un power bank o un caricabatterie per auto, cos\u00ec sarete sempre pronti per le vostre performance.<\/span><\/span><\/span><\/div>\n<div><span class=\"HwtZe\" lang=\"it\"><span class=\"jCAhz ChMk0b\"><span class=\"ryNqvb\">Alta qualit\u00e0 e durevole: realizzato con un robusto corpo in policarbonato, questo LED FlowerStick garantisce prestazioni di lunga durata e un movimento dolce e fluido.<\/span><\/span><span class=\"jCAhz ChMk0b\"><span class=\"ryNqvb\"> Oltre 300 modalit\u00e0 LED vibranti: scorrete tra splendidi motivi luminosi con la semplice pressione di un pulsante, offrendo effetti personalizzabili per qualsiasi stato d&#8217;animo o routine.<\/span><\/span> <span class=\"jCAhz ChMk0b\"><span class=\"ryNqvb\">Telecomando per spettacoli sincronizzati: aziona pi\u00f9 bacchette contemporaneamente, creando spettacoli di luci coordinati e sorprendenti per esibizioni individuali o di gruppo.<\/span><\/span><span class=\"jCAhz ChMk0b\"><span class=\"ryNqvb\"> Certificato CE e testato per la sicurezza dei LED: garantisce un&#8217;esperienza sicura e divertente per tutte le et\u00e0, rendendolo un regalo perfetto per giocolieri, artisti circensi e artisti del flow.<\/span><\/span><\/span><\/div>\n<div>Bacchette incluse!<\/div>\n<\/div>\n","protected":false},"excerpt":{"rendered":"<p>L&#8217;intero Flowerstick Luminoso Controller \u00e8 rivestito in silicone, il che lo rende molto facile da usare, con fiori in silicone aggiunti che garantiscono un eccellente equilibrio. Incantate il vostro pubblico con questo FlowerStick LED multifunzionale di Juggle Dream. Ricaricabile tramite USB con batterie interne. Centinaia di motivi e colori a tinta unita. La luminosit\u00e0 pu\u00f2 [&hellip;]<\/p>\n","protected":false},"featured_media":24351,"comment_status":"closed","ping_status":"closed","template":"","meta":{"_et_pb_use_builder":"","_et_pb_old_content":"","_et_gb_content_width":""},"product_brand":[],"product_cat":[55],"product_tag":[330,331,332],"class_list":{"0":"post-24350","1":"product","2":"type-product","3":"status-publish","4":"has-post-thumbnail","6":"product_cat-devilstick-luminosi","7":"product_tag-attrezzi-luminosi-giocoleria","8":"product_tag-negozio-giocoleria","9":"product_tag-torino-bazar-bonino","11":"first","12":"instock","13":"sale","14":"taxable","15":"shipping-taxable","16":"purchasable","17":"product-type-simple"},"yoast_head":"<!-- This site is optimized with the Yoast SEO plugin v27.4 - https:\/\/yoast.com\/product\/yoast-seo-wordpress\/ -->\n<title>JG4630 - Flowerstick Luminoso Controller - BazarBonino<\/title>\n<meta name=\"description\" content=\"L&#039;intero Flowerstick Luminoso Controller \u00e8 rivestito in silicone, il che lo rende molto facile da usare, con fiori in silicone aggiunti che garantiscono un eccellente equilibrio.\" \/>\n<meta name=\"robots\" content=\"index, follow, max-snippet:-1, max-image-preview:large, max-video-preview:-1\" \/>\n<link rel=\"canonical\" href=\"https:\/\/www.bazarbonino.com\/store\/prodotto\/jg4630-flowerstick-luminoso-controller\/\" \/>\n<meta property=\"og:locale\" content=\"it_IT\" \/>\n<meta property=\"og:type\" content=\"article\" \/>\n<meta property=\"og:title\" content=\"JG4630 - Flowerstick Luminoso Controller - BazarBonino\" \/>\n<meta property=\"og:description\" content=\"L&#039;intero Flowerstick Luminoso Controller \u00e8 rivestito in silicone, il che lo rende molto facile da usare, con fiori in silicone aggiunti che garantiscono un eccellente equilibrio.\" \/>\n<meta property=\"og:url\" content=\"https:\/\/www.bazarbonino.com\/store\/prodotto\/jg4630-flowerstick-luminoso-controller\/\" \/>\n<meta property=\"og:site_name\" content=\"BazarBonino\" \/>\n<meta property=\"article:publisher\" content=\"https:\/\/www.facebook.com\/bazar.bonino\" \/>\n<meta property=\"article:modified_time\" content=\"2025-11-30T18:29:36+00:00\" \/>\n<meta property=\"og:image\" content=\"https:\/\/www.bazarbonino.com\/store\/wp-content\/uploads\/2025\/11\/JG4630-Flowerstick-Luminoso-Controller.jpg\" \/>\n\t<meta property=\"og:image:width\" content=\"2000\" \/>\n\t<meta property=\"og:image:height\" content=\"2000\" \/>\n\t<meta property=\"og:image:type\" content=\"image\/jpeg\" \/>\n<meta name=\"twitter:card\" content=\"summary_large_image\" \/>\n<meta name=\"twitter:label1\" content=\"Tempo di lettura stimato\" \/>\n\t<meta name=\"twitter:data1\" content=\"1 minuto\" \/>\n<script type=\"application\/ld+json\" class=\"yoast-schema-graph\">{\"@context\":\"https:\\\/\\\/schema.org\",\"@graph\":[{\"@type\":\"WebPage\",\"@id\":\"https:\\\/\\\/www.bazarbonino.com\\\/store\\\/prodotto\\\/jg4630-flowerstick-luminoso-controller\\\/\",\"url\":\"https:\\\/\\\/www.bazarbonino.com\\\/store\\\/prodotto\\\/jg4630-flowerstick-luminoso-controller\\\/\",\"name\":\"JG4630 - Flowerstick Luminoso Controller - BazarBonino\",\"isPartOf\":{\"@id\":\"https:\\\/\\\/www.bazarbonino.com\\\/store\\\/#website\"},\"primaryImageOfPage\":{\"@id\":\"https:\\\/\\\/www.bazarbonino.com\\\/store\\\/prodotto\\\/jg4630-flowerstick-luminoso-controller\\\/#primaryimage\"},\"image\":{\"@id\":\"https:\\\/\\\/www.bazarbonino.com\\\/store\\\/prodotto\\\/jg4630-flowerstick-luminoso-controller\\\/#primaryimage\"},\"thumbnailUrl\":\"https:\\\/\\\/www.bazarbonino.com\\\/store\\\/wp-content\\\/uploads\\\/2025\\\/11\\\/JG4630-Flowerstick-Luminoso-Controller.jpg\",\"datePublished\":\"2025-11-30T18:01:52+00:00\",\"dateModified\":\"2025-11-30T18:29:36+00:00\",\"description\":\"L'intero Flowerstick Luminoso Controller \u00e8 rivestito in silicone, il che lo rende molto facile da usare, con fiori in silicone aggiunti che garantiscono un eccellente equilibrio.\",\"breadcrumb\":{\"@id\":\"https:\\\/\\\/www.bazarbonino.com\\\/store\\\/prodotto\\\/jg4630-flowerstick-luminoso-controller\\\/#breadcrumb\"},\"inLanguage\":\"it-IT\",\"potentialAction\":[{\"@type\":\"ReadAction\",\"target\":[\"https:\\\/\\\/www.bazarbonino.com\\\/store\\\/prodotto\\\/jg4630-flowerstick-luminoso-controller\\\/\"]}]},{\"@type\":\"ImageObject\",\"inLanguage\":\"it-IT\",\"@id\":\"https:\\\/\\\/www.bazarbonino.com\\\/store\\\/prodotto\\\/jg4630-flowerstick-luminoso-controller\\\/#primaryimage\",\"url\":\"https:\\\/\\\/www.bazarbonino.com\\\/store\\\/wp-content\\\/uploads\\\/2025\\\/11\\\/JG4630-Flowerstick-Luminoso-Controller.jpg\",\"contentUrl\":\"https:\\\/\\\/www.bazarbonino.com\\\/store\\\/wp-content\\\/uploads\\\/2025\\\/11\\\/JG4630-Flowerstick-Luminoso-Controller.jpg\",\"width\":2000,\"height\":2000,\"caption\":\"JG4630 - Flowerstick Luminoso Controller\"},{\"@type\":\"BreadcrumbList\",\"@id\":\"https:\\\/\\\/www.bazarbonino.com\\\/store\\\/prodotto\\\/jg4630-flowerstick-luminoso-controller\\\/#breadcrumb\",\"itemListElement\":[{\"@type\":\"ListItem\",\"position\":1,\"name\":\"Home\",\"item\":\"https:\\\/\\\/www.bazarbonino.com\\\/store\\\/\"},{\"@type\":\"ListItem\",\"position\":2,\"name\":\"Catalogo\",\"item\":\"https:\\\/\\\/www.bazarbonino.com\\\/store\\\/shop\\\/\"},{\"@type\":\"ListItem\",\"position\":3,\"name\":\"JG4630 &#8211; Flowerstick Luminoso Controller\"}]},{\"@type\":\"WebSite\",\"@id\":\"https:\\\/\\\/www.bazarbonino.com\\\/store\\\/#website\",\"url\":\"https:\\\/\\\/www.bazarbonino.com\\\/store\\\/\",\"name\":\"BazarBonino\",\"description\":\"\",\"potentialAction\":[{\"@type\":\"SearchAction\",\"target\":{\"@type\":\"EntryPoint\",\"urlTemplate\":\"https:\\\/\\\/www.bazarbonino.com\\\/store\\\/?s={search_term_string}\"},\"query-input\":{\"@type\":\"PropertyValueSpecification\",\"valueRequired\":true,\"valueName\":\"search_term_string\"}}],\"inLanguage\":\"it-IT\"}]}<\/script>\n<!-- \/ Yoast SEO plugin. -->","yoast_head_json":{"title":"JG4630 - Flowerstick Luminoso Controller - BazarBonino","description":"L'intero Flowerstick Luminoso Controller \u00e8 rivestito in silicone, il che lo rende molto facile da usare, con fiori in silicone aggiunti che garantiscono un eccellente equilibrio.","robots":{"index":"index","follow":"follow","max-snippet":"max-snippet:-1","max-image-preview":"max-image-preview:large","max-video-preview":"max-video-preview:-1"},"canonical":"https:\/\/www.bazarbonino.com\/store\/prodotto\/jg4630-flowerstick-luminoso-controller\/","og_locale":"it_IT","og_type":"article","og_title":"JG4630 - Flowerstick Luminoso Controller - BazarBonino","og_description":"L'intero Flowerstick Luminoso Controller \u00e8 rivestito in silicone, il che lo rende molto facile da usare, con fiori in silicone aggiunti che garantiscono un eccellente equilibrio.","og_url":"https:\/\/www.bazarbonino.com\/store\/prodotto\/jg4630-flowerstick-luminoso-controller\/","og_site_name":"BazarBonino","article_publisher":"https:\/\/www.facebook.com\/bazar.bonino","article_modified_time":"2025-11-30T18:29:36+00:00","og_image":[{"width":2000,"height":2000,"url":"https:\/\/www.bazarbonino.com\/store\/wp-content\/uploads\/2025\/11\/JG4630-Flowerstick-Luminoso-Controller.jpg","type":"image\/jpeg"}],"twitter_card":"summary_large_image","twitter_misc":{"Tempo di lettura stimato":"1 minuto"},"schema":{"@context":"https:\/\/schema.org","@graph":[{"@type":"WebPage","@id":"https:\/\/www.bazarbonino.com\/store\/prodotto\/jg4630-flowerstick-luminoso-controller\/","url":"https:\/\/www.bazarbonino.com\/store\/prodotto\/jg4630-flowerstick-luminoso-controller\/","name":"JG4630 - Flowerstick Luminoso Controller - BazarBonino","isPartOf":{"@id":"https:\/\/www.bazarbonino.com\/store\/#website"},"primaryImageOfPage":{"@id":"https:\/\/www.bazarbonino.com\/store\/prodotto\/jg4630-flowerstick-luminoso-controller\/#primaryimage"},"image":{"@id":"https:\/\/www.bazarbonino.com\/store\/prodotto\/jg4630-flowerstick-luminoso-controller\/#primaryimage"},"thumbnailUrl":"https:\/\/www.bazarbonino.com\/store\/wp-content\/uploads\/2025\/11\/JG4630-Flowerstick-Luminoso-Controller.jpg","datePublished":"2025-11-30T18:01:52+00:00","dateModified":"2025-11-30T18:29:36+00:00","description":"L'intero Flowerstick Luminoso Controller \u00e8 rivestito in silicone, il che lo rende molto facile da usare, con fiori in silicone aggiunti che garantiscono un eccellente equilibrio.","breadcrumb":{"@id":"https:\/\/www.bazarbonino.com\/store\/prodotto\/jg4630-flowerstick-luminoso-controller\/#breadcrumb"},"inLanguage":"it-IT","potentialAction":[{"@type":"ReadAction","target":["https:\/\/www.bazarbonino.com\/store\/prodotto\/jg4630-flowerstick-luminoso-controller\/"]}]},{"@type":"ImageObject","inLanguage":"it-IT","@id":"https:\/\/www.bazarbonino.com\/store\/prodotto\/jg4630-flowerstick-luminoso-controller\/#primaryimage","url":"https:\/\/www.bazarbonino.com\/store\/wp-content\/uploads\/2025\/11\/JG4630-Flowerstick-Luminoso-Controller.jpg","contentUrl":"https:\/\/www.bazarbonino.com\/store\/wp-content\/uploads\/2025\/11\/JG4630-Flowerstick-Luminoso-Controller.jpg","width":2000,"height":2000,"caption":"JG4630 - Flowerstick Luminoso Controller"},{"@type":"BreadcrumbList","@id":"https:\/\/www.bazarbonino.com\/store\/prodotto\/jg4630-flowerstick-luminoso-controller\/#breadcrumb","itemListElement":[{"@type":"ListItem","position":1,"name":"Home","item":"https:\/\/www.bazarbonino.com\/store\/"},{"@type":"ListItem","position":2,"name":"Catalogo","item":"https:\/\/www.bazarbonino.com\/store\/shop\/"},{"@type":"ListItem","position":3,"name":"JG4630 &#8211; Flowerstick Luminoso Controller"}]},{"@type":"WebSite","@id":"https:\/\/www.bazarbonino.com\/store\/#website","url":"https:\/\/www.bazarbonino.com\/store\/","name":"BazarBonino","description":"","potentialAction":[{"@type":"SearchAction","target":{"@type":"EntryPoint","urlTemplate":"https:\/\/www.bazarbonino.com\/store\/?s={search_term_string}"},"query-input":{"@type":"PropertyValueSpecification","valueRequired":true,"valueName":"search_term_string"}}],"inLanguage":"it-IT"}]}},"_links":{"self":[{"href":"https:\/\/www.bazarbonino.com\/store\/wp-json\/wp\/v2\/product\/24350","targetHints":{"allow":["GET"]}}],"collection":[{"href":"https:\/\/www.bazarbonino.com\/store\/wp-json\/wp\/v2\/product"}],"about":[{"href":"https:\/\/www.bazarbonino.com\/store\/wp-json\/wp\/v2\/types\/product"}],"replies":[{"embeddable":true,"href":"https:\/\/www.bazarbonino.com\/store\/wp-json\/wp\/v2\/comments?post=24350"}],"wp:featuredmedia":[{"embeddable":true,"href":"https:\/\/www.bazarbonino.com\/store\/wp-json\/wp\/v2\/media\/24351"}],"wp:attachment":[{"href":"https:\/\/www.bazarbonino.com\/store\/wp-json\/wp\/v2\/media?parent=24350"}],"wp:term":[{"taxonomy":"product_brand","embeddable":true,"href":"https:\/\/www.bazarbonino.com\/store\/wp-json\/wp\/v2\/product_brand?post=24350"},{"taxonomy":"product_cat","embeddable":true,"href":"https:\/\/www.bazarbonino.com\/store\/wp-json\/wp\/v2\/product_cat?post=24350"},{"taxonomy":"product_tag","embeddable":true,"href":"https:\/\/www.bazarbonino.com\/store\/wp-json\/wp\/v2\/product_tag?post=24350"}],"curies":[{"name":"wp","href":"https:\/\/api.w.org\/{rel}","templated":true}]}}