{"id":23876,"date":"2025-05-01T09:28:49","date_gmt":"2025-05-01T07:28:49","guid":{"rendered":"https:\/\/www.bazarbonino.com\/store\/?post_type=product&#038;p=23876"},"modified":"2026-03-16T11:43:41","modified_gmt":"2026-03-16T10:43:41","slug":"jg4060-chakra-gora","status":"publish","type":"product","link":"https:\/\/www.bazarbonino.com\/store\/prodotto\/jg4060-chakra-gora\/","title":{"rendered":"JG4060 &#8211; Chakra Gora"},"content":{"rendered":"<h6>Chakra Gora<\/h6>\n<div class=\"UdTY9 WdefRb\" aria-hidden=\"true\" data-location=\"2\">\n<div class=\"kO6q6e\">\n<div class=\"lRu31\" dir=\"ltr\">\n<p><span class=\"HwtZe\" lang=\"it\"><span class=\"jCAhz ChMk0b\"><span class=\"ryNqvb\">Chakra Gora \u00e8 l&#8217;oggetto di scena definitivo per il tuo gran finale, che crea un enorme spettacolo di fuoco, ma \u00e8 eccezionalmente pericoloso!<\/span><\/span> <span class=\"jCAhz ChMk0b\"><span class=\"ryNqvb\">Quando lo usi, devi prestare la massima attenzione a seguire tutte le precauzioni di sicurezza antincendio, soprattutto in presenza di un addetto alla sicurezza antincendio.<\/span><\/span> <span class=\"jCAhz ChMk0b\"><span class=\"ryNqvb\">Sebbene la tecnica di base utilizzata sia la semplice rotazione del bastone, qualsiasi errore pu\u00f2 causare incidenti o lesioni a causa delle grandi fiamme.<\/span><\/span> <span class=\"jCAhz ChMk0b\"><span class=\"ryNqvb\">Il kevlar in fiamme ti cade addosso se smetti di ruotare!<\/span><\/span> <\/span><\/p>\n<p><span class=\"HwtZe\" lang=\"it\"><span class=\"jCAhz ChMk0b\"><span class=\"ryNqvb\">La base del Chakra \u00e8 realizzata con un tubo di alluminio da 20 mm x 2 mm, sagomato a forma di cerchio con un diametro di 60 cm (23,62 pollici).<\/span><\/span> <span class=\"jCAhz ChMk0b\"><span class=\"ryNqvb\">L&#8217;impugnatura \u00e8 costituita da un&#8217;asta in duralluminio, fissata con viti e rivestita con la nostra consueta comoda impugnatura.<\/span><\/span> <\/span><\/p>\n<p><span class=\"HwtZe\" lang=\"it\"><span class=\"jCAhz ChMk0b\"><span class=\"ryNqvb\">Sono prodotti due diversi tipi di Chakra, ognuno dei quali offre effetti visivi distinti e diversi livelli di sicurezza:<\/span><\/span><\/span><\/p>\n<p><span class=\"HwtZe\" lang=\"it\"><span class=\"jCAhz ChMk0b\"><span class=\"ryNqvb\"> CHAKRA DELLA LUNA: I &#8220;raggi&#8221; sono invisibili, realizzati con catene attaccate al cerchio di alluminio, mentre solo il cerchio esterno \u00e8 avvolto in Kevlar per illuminarsi.<\/span><\/span> <span class=\"jCAhz\"><span class=\"ryNqvb\">Questo design produce un effetto visivo pi\u00f9 statico, poich\u00e9 il cerchio esterno rimane fermo durante la rotazione.<\/span><\/span> <span class=\"jCAhz\"><span class=\"ryNqvb\">Il Chakra della Luna \u00e8 in qualche modo pi\u00f9 sicuro rispetto al Chakra del Sole, perch\u00e9 i &#8220;raggi&#8221; non prendono fuoco.<\/span><\/span> <\/span><\/p>\n<p><span class=\"HwtZe\" lang=\"it\"><span class=\"jCAhz\"><span class=\"ryNqvb\">CHAKRA DEL SOLE: Sia i raggi che il cerchio esterno sono realizzati in Kevlar, il che consente loro di illuminarsi.<\/span><\/span> <span class=\"jCAhz\"><span class=\"ryNqvb\">Questo crea un effetto visivo pi\u00f9 dinamico, con i raggi in costante movimento durante la rotazione.<\/span><\/span> <span class=\"jCAhz\"><span class=\"ryNqvb\">Tuttavia, il Chakra del Sole \u00e8 significativamente pi\u00f9 pericoloso del Chakra della Luna.<\/span><\/span> <span class=\"jCAhz\"><span class=\"ryNqvb\">\u00c8 fondamentale assicurarsi che il terzo superiore dell&#8217;elica NON SIA IMMERSO nel carburante!<\/span><\/span> <\/span><\/p>\n<p><span class=\"HwtZe\" lang=\"it\"><span class=\"jCAhz\"><span class=\"ryNqvb\">Consigli d&#8217;uso: <\/span><\/span><\/span><\/p>\n<p><span class=\"HwtZe\" lang=\"it\"><span class=\"jCAhz\"><span class=\"ryNqvb\">Immersione: Appoggiare il Chakra a terra e utilizzare una siringa per applicare il carburante.<\/span><\/span> <\/span><\/p>\n<p><span class=\"HwtZe\" lang=\"it\"><span class=\"jCAhz\"><span class=\"ryNqvb\">Accensione: Utilizzare il liquido di accensione Zippo (o gas bianco) per facilitare l&#8217;accensione.<\/span><\/span><span class=\"jCAhz\"><span class=\"ryNqvb\"> Immersione della Ruota Solare: NON immergere il terzo superiore del Chakra Solare.<\/span><\/span><span class=\"jCAhz\"><span class=\"ryNqvb\"> Rotazione: Una volta accesa, \u00e8 necessario continuare a ruotare costantemente &#8211; NON FERMARSI!<\/span><\/span> <span class=\"jCAhz\"><span class=\"ryNqvb\">Cambiare direzione \u00e8 impossibile e tentare di farlo pu\u00f2 mettere in pericolo la vita.<\/span><\/span> <span class=\"jCAhz\"><span class=\"ryNqvb\">Iniziare ruotando il Chakra parallelamente al terreno, quindi cambiare gradualmente i piani mentre si gioca.<\/span><\/span> <\/span><\/p>\n<p><span class=\"HwtZe\" lang=\"it\"><span class=\"jCAhz\"><span class=\"ryNqvb\">Abbigliamento: Consigliamo vivamente di utilizzare protezioni antincendio per testa e braccia.<\/span><\/span> <span class=\"jCAhz\"><span class=\"ryNqvb\">Le nostre maniche in kevlar sono ottime.<\/span><\/span> <\/span><\/p>\n<p><span class=\"HwtZe\" lang=\"it\"><span class=\"jCAhz\"><span class=\"ryNqvb\">Estinzione: \u00c8 necessario ruotare finch\u00e9 le fiamme non si spengono naturalmente.<\/span><\/span> <span class=\"jCAhz\"><span class=\"ryNqvb\">Non esiste un modo sicuro per fermarsi prima.<\/span><\/span> <span class=\"jCAhz\"><span class=\"ryNqvb\">Assicurarsi che le braccia abbiano la resistenza necessaria!<\/span><\/span> <span class=\"jCAhz ChMk0b\"><span class=\"ryNqvb\">Esercitarsi a ruotare per 5 minuti senza fuoco, in questo modo si avr\u00e0 ancora un po&#8217; di potenza.<\/span><\/span> <\/span><\/p>\n<p><span class=\"HwtZe\" lang=\"it\"><span class=\"jCAhz\"><span class=\"ryNqvb\">Precauzioni: Questa \u00e8 un&#8217;elica estremamente pericolosa!<\/span><\/span> <span class=\"jCAhz ChMk0b\"><span class=\"ryNqvb\">Fate molta pratica prima di tentare di accenderlo.<\/span><\/span> <span class=\"jCAhz ChMk0b\"><span class=\"ryNqvb\">Assicuratevi sempre di avere a disposizione una persona antincendio ben addestrata che vi monitori attentamente!<\/span><\/span><\/span><\/p>\n<div class=\"OvtS8d\"><\/div>\n<div id=\"ow27\"><\/div>\n<\/div>\n<div class=\"UdTY9 WdefRb\" aria-hidden=\"true\" data-location=\"2\">\n<div class=\"kO6q6e\"><\/div>\n<\/div>\n<\/div>\n<\/div>\n<p>&nbsp;<\/p>\n<p><span class=\"HwtZe\" lang=\"it\">\u00a0<\/span><\/p>\n<div><\/div>\n<div id=\"stcpDiv\"><\/div>\n","protected":false},"excerpt":{"rendered":"<p>Chakra Gora Chakra Gora \u00e8 l&#8217;oggetto di scena definitivo per il tuo gran finale, che crea un enorme spettacolo di fuoco, ma \u00e8 eccezionalmente pericoloso! Quando lo usi, devi prestare la massima attenzione a seguire tutte le precauzioni di sicurezza antincendio, soprattutto in presenza di un addetto alla sicurezza antincendio. Sebbene la tecnica di base [&hellip;]<\/p>\n","protected":false},"featured_media":23907,"comment_status":"closed","ping_status":"closed","template":"","meta":{"_et_pb_use_builder":"","_et_pb_old_content":"","_et_gb_content_width":""},"product_brand":[],"product_cat":[48],"product_tag":[315,1658,303],"class_list":{"0":"post-23876","1":"product","2":"type-product","3":"status-publish","4":"has-post-thumbnail","6":"product_cat-attrezzi-infuocati-vari-danza-costumi","7":"product_tag-attrezzi-infuocati-gora","8":"product_tag-fire-crown-gora","9":"product_tag-negozio-articoli-giocoleria-di-fuoco","10":"pa_modello-borsa-portattrezzo","11":"pa_modello-luna","12":"pa_modello-sole","14":"first","15":"instock","16":"sale","17":"taxable","18":"shipping-taxable","19":"purchasable","20":"product-type-variable"},"yoast_head":"<!-- This site is optimized with the Yoast SEO plugin v27.4 - https:\/\/yoast.com\/product\/yoast-seo-wordpress\/ -->\n<title>JG4060 - Chakra Gora - BazarBonino<\/title>\n<meta name=\"description\" content=\"Chakra Gora \u00e8 l&#039;oggetto di scena definitivo per il tuo gran finale, che crea un enorme spettacolo di fuoco, ma \u00e8 eccezionalmente pericoloso!\" \/>\n<meta name=\"robots\" content=\"index, follow, max-snippet:-1, max-image-preview:large, max-video-preview:-1\" \/>\n<link rel=\"canonical\" href=\"https:\/\/www.bazarbonino.com\/store\/prodotto\/jg4060-chakra-gora\/\" \/>\n<meta property=\"og:locale\" content=\"it_IT\" \/>\n<meta property=\"og:type\" content=\"article\" \/>\n<meta property=\"og:title\" content=\"JG4060 - Chakra Gora - BazarBonino\" \/>\n<meta property=\"og:description\" content=\"Chakra Gora \u00e8 l&#039;oggetto di scena definitivo per il tuo gran finale, che crea un enorme spettacolo di fuoco, ma \u00e8 eccezionalmente pericoloso!\" \/>\n<meta property=\"og:url\" content=\"https:\/\/www.bazarbonino.com\/store\/prodotto\/jg4060-chakra-gora\/\" \/>\n<meta property=\"og:site_name\" content=\"BazarBonino\" \/>\n<meta property=\"article:publisher\" content=\"https:\/\/www.facebook.com\/bazar.bonino\" \/>\n<meta property=\"article:modified_time\" content=\"2026-03-16T10:43:41+00:00\" \/>\n<meta property=\"og:image\" content=\"https:\/\/www.bazarbonino.com\/store\/wp-content\/uploads\/2025\/05\/JG4060-Chakra-Gora.jpg\" \/>\n\t<meta property=\"og:image:width\" content=\"750\" \/>\n\t<meta property=\"og:image:height\" content=\"500\" \/>\n\t<meta property=\"og:image:type\" content=\"image\/jpeg\" \/>\n<meta name=\"twitter:card\" content=\"summary_large_image\" \/>\n<meta name=\"twitter:label1\" content=\"Tempo di lettura stimato\" \/>\n\t<meta name=\"twitter:data1\" content=\"2 minuti\" \/>\n<script type=\"application\/ld+json\" class=\"yoast-schema-graph\">{\"@context\":\"https:\\\/\\\/schema.org\",\"@graph\":[{\"@type\":\"WebPage\",\"@id\":\"https:\\\/\\\/www.bazarbonino.com\\\/store\\\/prodotto\\\/jg4060-chakra-gora\\\/\",\"url\":\"https:\\\/\\\/www.bazarbonino.com\\\/store\\\/prodotto\\\/jg4060-chakra-gora\\\/\",\"name\":\"JG4060 - Chakra Gora - BazarBonino\",\"isPartOf\":{\"@id\":\"https:\\\/\\\/www.bazarbonino.com\\\/store\\\/#website\"},\"primaryImageOfPage\":{\"@id\":\"https:\\\/\\\/www.bazarbonino.com\\\/store\\\/prodotto\\\/jg4060-chakra-gora\\\/#primaryimage\"},\"image\":{\"@id\":\"https:\\\/\\\/www.bazarbonino.com\\\/store\\\/prodotto\\\/jg4060-chakra-gora\\\/#primaryimage\"},\"thumbnailUrl\":\"https:\\\/\\\/www.bazarbonino.com\\\/store\\\/wp-content\\\/uploads\\\/2025\\\/05\\\/JG4060-Chakra-Gora.jpg\",\"datePublished\":\"2025-05-01T07:28:49+00:00\",\"dateModified\":\"2026-03-16T10:43:41+00:00\",\"description\":\"Chakra Gora \u00e8 l'oggetto di scena definitivo per il tuo gran finale, che crea un enorme spettacolo di fuoco, ma \u00e8 eccezionalmente pericoloso!\",\"breadcrumb\":{\"@id\":\"https:\\\/\\\/www.bazarbonino.com\\\/store\\\/prodotto\\\/jg4060-chakra-gora\\\/#breadcrumb\"},\"inLanguage\":\"it-IT\",\"potentialAction\":[{\"@type\":\"ReadAction\",\"target\":[\"https:\\\/\\\/www.bazarbonino.com\\\/store\\\/prodotto\\\/jg4060-chakra-gora\\\/\"]}]},{\"@type\":\"ImageObject\",\"inLanguage\":\"it-IT\",\"@id\":\"https:\\\/\\\/www.bazarbonino.com\\\/store\\\/prodotto\\\/jg4060-chakra-gora\\\/#primaryimage\",\"url\":\"https:\\\/\\\/www.bazarbonino.com\\\/store\\\/wp-content\\\/uploads\\\/2025\\\/05\\\/JG4060-Chakra-Gora.jpg\",\"contentUrl\":\"https:\\\/\\\/www.bazarbonino.com\\\/store\\\/wp-content\\\/uploads\\\/2025\\\/05\\\/JG4060-Chakra-Gora.jpg\",\"width\":750,\"height\":500,\"caption\":\"JG4060 - Chakra Gora\"},{\"@type\":\"BreadcrumbList\",\"@id\":\"https:\\\/\\\/www.bazarbonino.com\\\/store\\\/prodotto\\\/jg4060-chakra-gora\\\/#breadcrumb\",\"itemListElement\":[{\"@type\":\"ListItem\",\"position\":1,\"name\":\"Home\",\"item\":\"https:\\\/\\\/www.bazarbonino.com\\\/store\\\/\"},{\"@type\":\"ListItem\",\"position\":2,\"name\":\"Catalogo\",\"item\":\"https:\\\/\\\/www.bazarbonino.com\\\/store\\\/shop\\\/\"},{\"@type\":\"ListItem\",\"position\":3,\"name\":\"JG4060 &#8211; Chakra Gora\"}]},{\"@type\":\"WebSite\",\"@id\":\"https:\\\/\\\/www.bazarbonino.com\\\/store\\\/#website\",\"url\":\"https:\\\/\\\/www.bazarbonino.com\\\/store\\\/\",\"name\":\"BazarBonino\",\"description\":\"\",\"potentialAction\":[{\"@type\":\"SearchAction\",\"target\":{\"@type\":\"EntryPoint\",\"urlTemplate\":\"https:\\\/\\\/www.bazarbonino.com\\\/store\\\/?s={search_term_string}\"},\"query-input\":{\"@type\":\"PropertyValueSpecification\",\"valueRequired\":true,\"valueName\":\"search_term_string\"}}],\"inLanguage\":\"it-IT\"}]}<\/script>\n<!-- \/ Yoast SEO plugin. -->","yoast_head_json":{"title":"JG4060 - Chakra Gora - BazarBonino","description":"Chakra Gora \u00e8 l'oggetto di scena definitivo per il tuo gran finale, che crea un enorme spettacolo di fuoco, ma \u00e8 eccezionalmente pericoloso!","robots":{"index":"index","follow":"follow","max-snippet":"max-snippet:-1","max-image-preview":"max-image-preview:large","max-video-preview":"max-video-preview:-1"},"canonical":"https:\/\/www.bazarbonino.com\/store\/prodotto\/jg4060-chakra-gora\/","og_locale":"it_IT","og_type":"article","og_title":"JG4060 - Chakra Gora - BazarBonino","og_description":"Chakra Gora \u00e8 l'oggetto di scena definitivo per il tuo gran finale, che crea un enorme spettacolo di fuoco, ma \u00e8 eccezionalmente pericoloso!","og_url":"https:\/\/www.bazarbonino.com\/store\/prodotto\/jg4060-chakra-gora\/","og_site_name":"BazarBonino","article_publisher":"https:\/\/www.facebook.com\/bazar.bonino","article_modified_time":"2026-03-16T10:43:41+00:00","og_image":[{"width":750,"height":500,"url":"https:\/\/www.bazarbonino.com\/store\/wp-content\/uploads\/2025\/05\/JG4060-Chakra-Gora.jpg","type":"image\/jpeg"}],"twitter_card":"summary_large_image","twitter_misc":{"Tempo di lettura stimato":"2 minuti"},"schema":{"@context":"https:\/\/schema.org","@graph":[{"@type":"WebPage","@id":"https:\/\/www.bazarbonino.com\/store\/prodotto\/jg4060-chakra-gora\/","url":"https:\/\/www.bazarbonino.com\/store\/prodotto\/jg4060-chakra-gora\/","name":"JG4060 - Chakra Gora - BazarBonino","isPartOf":{"@id":"https:\/\/www.bazarbonino.com\/store\/#website"},"primaryImageOfPage":{"@id":"https:\/\/www.bazarbonino.com\/store\/prodotto\/jg4060-chakra-gora\/#primaryimage"},"image":{"@id":"https:\/\/www.bazarbonino.com\/store\/prodotto\/jg4060-chakra-gora\/#primaryimage"},"thumbnailUrl":"https:\/\/www.bazarbonino.com\/store\/wp-content\/uploads\/2025\/05\/JG4060-Chakra-Gora.jpg","datePublished":"2025-05-01T07:28:49+00:00","dateModified":"2026-03-16T10:43:41+00:00","description":"Chakra Gora \u00e8 l'oggetto di scena definitivo per il tuo gran finale, che crea un enorme spettacolo di fuoco, ma \u00e8 eccezionalmente pericoloso!","breadcrumb":{"@id":"https:\/\/www.bazarbonino.com\/store\/prodotto\/jg4060-chakra-gora\/#breadcrumb"},"inLanguage":"it-IT","potentialAction":[{"@type":"ReadAction","target":["https:\/\/www.bazarbonino.com\/store\/prodotto\/jg4060-chakra-gora\/"]}]},{"@type":"ImageObject","inLanguage":"it-IT","@id":"https:\/\/www.bazarbonino.com\/store\/prodotto\/jg4060-chakra-gora\/#primaryimage","url":"https:\/\/www.bazarbonino.com\/store\/wp-content\/uploads\/2025\/05\/JG4060-Chakra-Gora.jpg","contentUrl":"https:\/\/www.bazarbonino.com\/store\/wp-content\/uploads\/2025\/05\/JG4060-Chakra-Gora.jpg","width":750,"height":500,"caption":"JG4060 - Chakra Gora"},{"@type":"BreadcrumbList","@id":"https:\/\/www.bazarbonino.com\/store\/prodotto\/jg4060-chakra-gora\/#breadcrumb","itemListElement":[{"@type":"ListItem","position":1,"name":"Home","item":"https:\/\/www.bazarbonino.com\/store\/"},{"@type":"ListItem","position":2,"name":"Catalogo","item":"https:\/\/www.bazarbonino.com\/store\/shop\/"},{"@type":"ListItem","position":3,"name":"JG4060 &#8211; Chakra Gora"}]},{"@type":"WebSite","@id":"https:\/\/www.bazarbonino.com\/store\/#website","url":"https:\/\/www.bazarbonino.com\/store\/","name":"BazarBonino","description":"","potentialAction":[{"@type":"SearchAction","target":{"@type":"EntryPoint","urlTemplate":"https:\/\/www.bazarbonino.com\/store\/?s={search_term_string}"},"query-input":{"@type":"PropertyValueSpecification","valueRequired":true,"valueName":"search_term_string"}}],"inLanguage":"it-IT"}]}},"_links":{"self":[{"href":"https:\/\/www.bazarbonino.com\/store\/wp-json\/wp\/v2\/product\/23876","targetHints":{"allow":["GET"]}}],"collection":[{"href":"https:\/\/www.bazarbonino.com\/store\/wp-json\/wp\/v2\/product"}],"about":[{"href":"https:\/\/www.bazarbonino.com\/store\/wp-json\/wp\/v2\/types\/product"}],"replies":[{"embeddable":true,"href":"https:\/\/www.bazarbonino.com\/store\/wp-json\/wp\/v2\/comments?post=23876"}],"wp:featuredmedia":[{"embeddable":true,"href":"https:\/\/www.bazarbonino.com\/store\/wp-json\/wp\/v2\/media\/23907"}],"wp:attachment":[{"href":"https:\/\/www.bazarbonino.com\/store\/wp-json\/wp\/v2\/media?parent=23876"}],"wp:term":[{"taxonomy":"product_brand","embeddable":true,"href":"https:\/\/www.bazarbonino.com\/store\/wp-json\/wp\/v2\/product_brand?post=23876"},{"taxonomy":"product_cat","embeddable":true,"href":"https:\/\/www.bazarbonino.com\/store\/wp-json\/wp\/v2\/product_cat?post=23876"},{"taxonomy":"product_tag","embeddable":true,"href":"https:\/\/www.bazarbonino.com\/store\/wp-json\/wp\/v2\/product_tag?post=23876"}],"curies":[{"name":"wp","href":"https:\/\/api.w.org\/{rel}","templated":true}]}}