{"id":23863,"date":"2025-05-01T08:19:29","date_gmt":"2025-05-01T06:19:29","guid":{"rendered":"https:\/\/www.bazarbonino.com\/store\/?post_type=product&#038;p=23863"},"modified":"2025-11-11T22:33:04","modified_gmt":"2025-11-11T21:33:04","slug":"jg4050-fire-cube-gora","status":"publish","type":"product","link":"https:\/\/www.bazarbonino.com\/store\/prodotto\/jg4050-fire-cube-gora\/","title":{"rendered":"JG4050 &#8211; Fire Cube Gora"},"content":{"rendered":"<p>NOVITA&#8217;<\/p>\n<p><span class=\"HwtZe\" lang=\"it\"><span class=\"jCAhz ChMk0b\"><span class=\"ryNqvb\">Il Fire Cube Gora \u00e8 una scelta eccellente per concludere il tuo spettacolo in modo spettacolare.<\/span><\/span> <span class=\"jCAhz ChMk0b\"><span class=\"ryNqvb\">Sebbene sia sufficiente avere una buona capacit\u00e0 di far girare il bastone (non \u00e8 richiesta alcuna abilit\u00e0 di contatto con il bastone), il pubblico rimarr\u00e0 a bocca aperta.<\/span><\/span> <\/span><\/p>\n<p><span class=\"HwtZe\" lang=\"it\"><span class=\"jCAhz ChMk0b\"><span class=\"ryNqvb\">Il fuoco \u00e8 enorme, mentre il tempo di combustione \u00e8 relativamente breve: circa 1,5 minuti.<\/span><\/span> <span class=\"jCAhz\"><span class=\"ryNqvb\">Tuttavia, questo \u00e8 sufficiente per concludere il tuo spettacolo.<\/span><\/span> <span class=\"jCAhz ChMk0b\"><span class=\"ryNqvb\">I bordi del cubo sono realizzati in duralluminio 7075 da 15 x 1 mm (leggero ma resistente) con kevlar tubolare sulla parte superiore.<\/span><\/span> <span class=\"jCAhz ChMk0b\"><span class=\"ryNqvb\">Le estremit\u00e0 del kevlar sono crimpate con anelli in alluminio.<\/span><\/span> <\/span><\/p>\n<p><span class=\"HwtZe\" lang=\"it\"><span class=\"jCAhz\"><span class=\"ryNqvb\">Gli angoli si collegano tramite connettori rapidi in acciaio inossidabile.<\/span><\/span> <span class=\"jCAhz\"><span class=\"ryNqvb\">Il montaggio e lo smontaggio sono rapidi e semplici grazie ai pulsanti a pressione.<\/span><\/span> <span class=\"jCAhz\"><span class=\"ryNqvb\">Il cubo pu\u00f2 essere smontato in 12 stecche (9 completamente ricoperte in kevlar, 3 senza kevlar per l&#8217;impugnatura) e 8 connettori angolari in acciaio inossidabile.<\/span><\/span> <\/span><\/p>\n<p><span class=\"HwtZe\" lang=\"it\"><span class=\"jCAhz\"><span class=\"ryNqvb\">DIMENSIONI: Le dimensioni predefinite del nostro cubo sono 1 x 1 x 1 m (1 m\u00b3).<\/span><\/span> <span class=\"jCAhz\"><span class=\"ryNqvb\">\u00c8 possibile scegliere anche versioni pi\u00f9 grandi: 1,1 x 1,1 x 1,1 m o 1,2 x 1,2 x 1,2 m.<\/span><\/span><span class=\"jCAhz\"><span class=\"ryNqvb\"> Il peso del cubo 1 x 1 x 1 m \u00e8 ridotto rispetto alle sue dimensioni: 2735 g. <\/span><\/span><\/span><\/p>\n<p><span class=\"HwtZe\" lang=\"it\"><span class=\"jCAhz\"><span class=\"ryNqvb\">IMPUGNATURA: La scelta di un&#8217;impugnatura o meno \u00e8 principalmente una questione di preferenza.<\/span><\/span> <span class=\"jCAhz\"><span class=\"ryNqvb\">La tecnica di rotazione non richiede un&#8217;impugnatura, tuttavia alcuni la trovano pi\u00f9 comoda.<\/span><\/span> <span class=\"jCAhz\"><span class=\"ryNqvb\">L&#8217;impugnatura aumenta leggermente il peso e il prezzo.<\/span><\/span> <\/span><\/p>\n<p><span class=\"HwtZe\" lang=\"it\"><span class=\"jCAhz\"><span class=\"ryNqvb\">SUPPORTO: Puoi aggiungere un piccolo supporto a cubo al tuo Cubo di Fuoco, che facilita l&#8217;accensione in sicurezza e ti permette di appoggiarci sopra il cubo parzialmente acceso al termine dell&#8217;esibizione.<\/span><\/span> <span class=\"jCAhz\"><span class=\"ryNqvb\">In questo modo, il tuo Cubo di Fuoco funge anche da decorazione per il palco, o pu\u00f2 essere utilizzato come decorazione fin dall&#8217;inizio.<\/span><\/span> <\/span><\/p>\n<p><span class=\"HwtZe\" lang=\"it\"><span class=\"jCAhz ChMk0b\"><span class=\"ryNqvb\">Consigliamo di utilizzare una siringa di grandi dimensioni.<\/span><\/span><\/span><\/p>\n","protected":false},"excerpt":{"rendered":"<div class=\"woocommerce-product-details__short-description\">\n<div class=\"woocommerce-product-details__short-description\">\n<div class=\"woocommerce-product-details__short-description\">\n<p>\u2014- SU ORDINAZIONE \u2014-<\/p>\n<p>PRENOTA L\u2019ARTICOLO<\/p>\n<\/div>\n<\/div>\n<\/div>\n","protected":false},"featured_media":23870,"comment_status":"closed","ping_status":"closed","template":"","meta":{"_et_pb_use_builder":"","_et_pb_old_content":"","_et_gb_content_width":""},"product_brand":[],"product_cat":[48],"product_tag":[315,2614,317,316],"class_list":{"0":"post-23863","1":"product","2":"type-product","3":"status-publish","4":"has-post-thumbnail","6":"product_cat-attrezzi-infuocati-vari-danza-costumi","7":"product_tag-attrezzi-infuocati-gora","8":"product_tag-mexican-star","9":"product_tag-negozio-on-line-articoli-gora-di-fuoco","10":"product_tag-rivenditore-ufficiale-per-litalia-bazar-bonino","11":"pa_lunghezza-1-metro","12":"pa_lunghezza-11-metro","13":"pa_lunghezza-12-metro","14":"pa_lunghezza-110-cm-155-cm-diagonali","15":"pa_lunghezza-120-cm-170-cm-diagonali","16":"pa_lunghezza-130-cm-184-cm-diagonali","17":"pa_lunghezza-140-cm-198-cm-diagonali","18":"pa_lunghezza-150-cm-212-cm-diagonali","19":"pa_lunghezza-aggiunta-grip","20":"pa_lunghezza-supporto-cube","22":"first","23":"instock","24":"sale","25":"taxable","26":"shipping-taxable","27":"purchasable","28":"product-type-variable"},"yoast_head":"<!-- This site is optimized with the Yoast SEO plugin v27.4 - https:\/\/yoast.com\/product\/yoast-seo-wordpress\/ -->\n<title>JG4050 - Fire Cube Gora - BazarBonino<\/title>\n<meta name=\"description\" content=\"Il Fire Cube Gora \u00e8 una scelta eccellente per concludere il tuo spettacolo in modo spettacolare. Il pubblico rimarr\u00e0 a bocca aperta!\" \/>\n<meta name=\"robots\" content=\"index, follow, max-snippet:-1, max-image-preview:large, max-video-preview:-1\" \/>\n<link rel=\"canonical\" href=\"https:\/\/www.bazarbonino.com\/store\/prodotto\/jg4050-fire-cube-gora\/\" \/>\n<meta property=\"og:locale\" content=\"it_IT\" \/>\n<meta property=\"og:type\" content=\"article\" \/>\n<meta property=\"og:title\" content=\"JG4050 - Fire Cube Gora - BazarBonino\" \/>\n<meta property=\"og:description\" content=\"Il Fire Cube Gora \u00e8 una scelta eccellente per concludere il tuo spettacolo in modo spettacolare. Il pubblico rimarr\u00e0 a bocca aperta!\" \/>\n<meta property=\"og:url\" content=\"https:\/\/www.bazarbonino.com\/store\/prodotto\/jg4050-fire-cube-gora\/\" \/>\n<meta property=\"og:site_name\" content=\"BazarBonino\" \/>\n<meta property=\"article:publisher\" content=\"https:\/\/www.facebook.com\/bazar.bonino\" \/>\n<meta property=\"article:modified_time\" content=\"2025-11-11T21:33:04+00:00\" \/>\n<meta property=\"og:image\" content=\"https:\/\/www.bazarbonino.com\/store\/wp-content\/uploads\/2025\/05\/JG4050-Fire-Cube-Gora.jpg\" \/>\n\t<meta property=\"og:image:width\" content=\"750\" \/>\n\t<meta property=\"og:image:height\" content=\"500\" \/>\n\t<meta property=\"og:image:type\" content=\"image\/jpeg\" \/>\n<meta name=\"twitter:card\" content=\"summary_large_image\" \/>\n<meta name=\"twitter:label1\" content=\"Tempo di lettura stimato\" \/>\n\t<meta name=\"twitter:data1\" content=\"1 minuto\" \/>\n<script type=\"application\/ld+json\" class=\"yoast-schema-graph\">{\"@context\":\"https:\\\/\\\/schema.org\",\"@graph\":[{\"@type\":\"WebPage\",\"@id\":\"https:\\\/\\\/www.bazarbonino.com\\\/store\\\/prodotto\\\/jg4050-fire-cube-gora\\\/\",\"url\":\"https:\\\/\\\/www.bazarbonino.com\\\/store\\\/prodotto\\\/jg4050-fire-cube-gora\\\/\",\"name\":\"JG4050 - Fire Cube Gora - BazarBonino\",\"isPartOf\":{\"@id\":\"https:\\\/\\\/www.bazarbonino.com\\\/store\\\/#website\"},\"primaryImageOfPage\":{\"@id\":\"https:\\\/\\\/www.bazarbonino.com\\\/store\\\/prodotto\\\/jg4050-fire-cube-gora\\\/#primaryimage\"},\"image\":{\"@id\":\"https:\\\/\\\/www.bazarbonino.com\\\/store\\\/prodotto\\\/jg4050-fire-cube-gora\\\/#primaryimage\"},\"thumbnailUrl\":\"https:\\\/\\\/www.bazarbonino.com\\\/store\\\/wp-content\\\/uploads\\\/2025\\\/05\\\/JG4050-Fire-Cube-Gora.jpg\",\"datePublished\":\"2025-05-01T06:19:29+00:00\",\"dateModified\":\"2025-11-11T21:33:04+00:00\",\"description\":\"Il Fire Cube Gora \u00e8 una scelta eccellente per concludere il tuo spettacolo in modo spettacolare. Il pubblico rimarr\u00e0 a bocca aperta!\",\"breadcrumb\":{\"@id\":\"https:\\\/\\\/www.bazarbonino.com\\\/store\\\/prodotto\\\/jg4050-fire-cube-gora\\\/#breadcrumb\"},\"inLanguage\":\"it-IT\",\"potentialAction\":[{\"@type\":\"ReadAction\",\"target\":[\"https:\\\/\\\/www.bazarbonino.com\\\/store\\\/prodotto\\\/jg4050-fire-cube-gora\\\/\"]}]},{\"@type\":\"ImageObject\",\"inLanguage\":\"it-IT\",\"@id\":\"https:\\\/\\\/www.bazarbonino.com\\\/store\\\/prodotto\\\/jg4050-fire-cube-gora\\\/#primaryimage\",\"url\":\"https:\\\/\\\/www.bazarbonino.com\\\/store\\\/wp-content\\\/uploads\\\/2025\\\/05\\\/JG4050-Fire-Cube-Gora.jpg\",\"contentUrl\":\"https:\\\/\\\/www.bazarbonino.com\\\/store\\\/wp-content\\\/uploads\\\/2025\\\/05\\\/JG4050-Fire-Cube-Gora.jpg\",\"width\":750,\"height\":500,\"caption\":\"JG4050 - Fire Cube Gora\"},{\"@type\":\"BreadcrumbList\",\"@id\":\"https:\\\/\\\/www.bazarbonino.com\\\/store\\\/prodotto\\\/jg4050-fire-cube-gora\\\/#breadcrumb\",\"itemListElement\":[{\"@type\":\"ListItem\",\"position\":1,\"name\":\"Home\",\"item\":\"https:\\\/\\\/www.bazarbonino.com\\\/store\\\/\"},{\"@type\":\"ListItem\",\"position\":2,\"name\":\"Catalogo\",\"item\":\"https:\\\/\\\/www.bazarbonino.com\\\/store\\\/shop\\\/\"},{\"@type\":\"ListItem\",\"position\":3,\"name\":\"JG4050 &#8211; Fire Cube Gora\"}]},{\"@type\":\"WebSite\",\"@id\":\"https:\\\/\\\/www.bazarbonino.com\\\/store\\\/#website\",\"url\":\"https:\\\/\\\/www.bazarbonino.com\\\/store\\\/\",\"name\":\"BazarBonino\",\"description\":\"\",\"potentialAction\":[{\"@type\":\"SearchAction\",\"target\":{\"@type\":\"EntryPoint\",\"urlTemplate\":\"https:\\\/\\\/www.bazarbonino.com\\\/store\\\/?s={search_term_string}\"},\"query-input\":{\"@type\":\"PropertyValueSpecification\",\"valueRequired\":true,\"valueName\":\"search_term_string\"}}],\"inLanguage\":\"it-IT\"}]}<\/script>\n<!-- \/ Yoast SEO plugin. -->","yoast_head_json":{"title":"JG4050 - Fire Cube Gora - BazarBonino","description":"Il Fire Cube Gora \u00e8 una scelta eccellente per concludere il tuo spettacolo in modo spettacolare. Il pubblico rimarr\u00e0 a bocca aperta!","robots":{"index":"index","follow":"follow","max-snippet":"max-snippet:-1","max-image-preview":"max-image-preview:large","max-video-preview":"max-video-preview:-1"},"canonical":"https:\/\/www.bazarbonino.com\/store\/prodotto\/jg4050-fire-cube-gora\/","og_locale":"it_IT","og_type":"article","og_title":"JG4050 - Fire Cube Gora - BazarBonino","og_description":"Il Fire Cube Gora \u00e8 una scelta eccellente per concludere il tuo spettacolo in modo spettacolare. Il pubblico rimarr\u00e0 a bocca aperta!","og_url":"https:\/\/www.bazarbonino.com\/store\/prodotto\/jg4050-fire-cube-gora\/","og_site_name":"BazarBonino","article_publisher":"https:\/\/www.facebook.com\/bazar.bonino","article_modified_time":"2025-11-11T21:33:04+00:00","og_image":[{"width":750,"height":500,"url":"https:\/\/www.bazarbonino.com\/store\/wp-content\/uploads\/2025\/05\/JG4050-Fire-Cube-Gora.jpg","type":"image\/jpeg"}],"twitter_card":"summary_large_image","twitter_misc":{"Tempo di lettura stimato":"1 minuto"},"schema":{"@context":"https:\/\/schema.org","@graph":[{"@type":"WebPage","@id":"https:\/\/www.bazarbonino.com\/store\/prodotto\/jg4050-fire-cube-gora\/","url":"https:\/\/www.bazarbonino.com\/store\/prodotto\/jg4050-fire-cube-gora\/","name":"JG4050 - Fire Cube Gora - BazarBonino","isPartOf":{"@id":"https:\/\/www.bazarbonino.com\/store\/#website"},"primaryImageOfPage":{"@id":"https:\/\/www.bazarbonino.com\/store\/prodotto\/jg4050-fire-cube-gora\/#primaryimage"},"image":{"@id":"https:\/\/www.bazarbonino.com\/store\/prodotto\/jg4050-fire-cube-gora\/#primaryimage"},"thumbnailUrl":"https:\/\/www.bazarbonino.com\/store\/wp-content\/uploads\/2025\/05\/JG4050-Fire-Cube-Gora.jpg","datePublished":"2025-05-01T06:19:29+00:00","dateModified":"2025-11-11T21:33:04+00:00","description":"Il Fire Cube Gora \u00e8 una scelta eccellente per concludere il tuo spettacolo in modo spettacolare. Il pubblico rimarr\u00e0 a bocca aperta!","breadcrumb":{"@id":"https:\/\/www.bazarbonino.com\/store\/prodotto\/jg4050-fire-cube-gora\/#breadcrumb"},"inLanguage":"it-IT","potentialAction":[{"@type":"ReadAction","target":["https:\/\/www.bazarbonino.com\/store\/prodotto\/jg4050-fire-cube-gora\/"]}]},{"@type":"ImageObject","inLanguage":"it-IT","@id":"https:\/\/www.bazarbonino.com\/store\/prodotto\/jg4050-fire-cube-gora\/#primaryimage","url":"https:\/\/www.bazarbonino.com\/store\/wp-content\/uploads\/2025\/05\/JG4050-Fire-Cube-Gora.jpg","contentUrl":"https:\/\/www.bazarbonino.com\/store\/wp-content\/uploads\/2025\/05\/JG4050-Fire-Cube-Gora.jpg","width":750,"height":500,"caption":"JG4050 - Fire Cube Gora"},{"@type":"BreadcrumbList","@id":"https:\/\/www.bazarbonino.com\/store\/prodotto\/jg4050-fire-cube-gora\/#breadcrumb","itemListElement":[{"@type":"ListItem","position":1,"name":"Home","item":"https:\/\/www.bazarbonino.com\/store\/"},{"@type":"ListItem","position":2,"name":"Catalogo","item":"https:\/\/www.bazarbonino.com\/store\/shop\/"},{"@type":"ListItem","position":3,"name":"JG4050 &#8211; Fire Cube Gora"}]},{"@type":"WebSite","@id":"https:\/\/www.bazarbonino.com\/store\/#website","url":"https:\/\/www.bazarbonino.com\/store\/","name":"BazarBonino","description":"","potentialAction":[{"@type":"SearchAction","target":{"@type":"EntryPoint","urlTemplate":"https:\/\/www.bazarbonino.com\/store\/?s={search_term_string}"},"query-input":{"@type":"PropertyValueSpecification","valueRequired":true,"valueName":"search_term_string"}}],"inLanguage":"it-IT"}]}},"_links":{"self":[{"href":"https:\/\/www.bazarbonino.com\/store\/wp-json\/wp\/v2\/product\/23863","targetHints":{"allow":["GET"]}}],"collection":[{"href":"https:\/\/www.bazarbonino.com\/store\/wp-json\/wp\/v2\/product"}],"about":[{"href":"https:\/\/www.bazarbonino.com\/store\/wp-json\/wp\/v2\/types\/product"}],"replies":[{"embeddable":true,"href":"https:\/\/www.bazarbonino.com\/store\/wp-json\/wp\/v2\/comments?post=23863"}],"wp:featuredmedia":[{"embeddable":true,"href":"https:\/\/www.bazarbonino.com\/store\/wp-json\/wp\/v2\/media\/23870"}],"wp:attachment":[{"href":"https:\/\/www.bazarbonino.com\/store\/wp-json\/wp\/v2\/media?parent=23863"}],"wp:term":[{"taxonomy":"product_brand","embeddable":true,"href":"https:\/\/www.bazarbonino.com\/store\/wp-json\/wp\/v2\/product_brand?post=23863"},{"taxonomy":"product_cat","embeddable":true,"href":"https:\/\/www.bazarbonino.com\/store\/wp-json\/wp\/v2\/product_cat?post=23863"},{"taxonomy":"product_tag","embeddable":true,"href":"https:\/\/www.bazarbonino.com\/store\/wp-json\/wp\/v2\/product_tag?post=23863"}],"curies":[{"name":"wp","href":"https:\/\/api.w.org\/{rel}","templated":true}]}}