{"id":23798,"date":"2025-04-01T18:47:05","date_gmt":"2025-04-01T16:47:05","guid":{"rendered":"https:\/\/www.bazarbonino.com\/store\/?post_type=product&#038;p=23798"},"modified":"2025-06-03T12:26:55","modified_gmt":"2025-06-03T10:26:55","slug":"jg3880-lycoblaster-gora","status":"publish","type":"product","link":"https:\/\/www.bazarbonino.com\/store\/prodotto\/jg3880-lycoblaster-gora\/","title":{"rendered":"JG3880 &#8211; Lycoblaster Gora"},"content":{"rendered":"<div id=\"short-description\">\n<div class=\"short-description\"><\/div>\n<\/div>\n<p><span class=\"HwtZe\" lang=\"it\"><span class=\"jCAhz ChMk0b\"><span class=\"ryNqvb\">Con Lycoblaster Gora puoi esaudire il desiderio di far durare pi\u00f9 a lungo l&#8217;effetto fantastico del licopodio nel gran finale del tuo spettacolo<\/span><\/span> <span class=\"jCAhz ChMk0b\"><span class=\"ryNqvb\">Questo desiderio \u00e8 ci\u00f2 che ha dato vita al\u00a0 nuovissimo attrezzo di fuoco Lycoblaster.<\/span><\/span> <span class=\"jCAhz ChMk0b\"><span class=\"ryNqvb\">La particolarit\u00e0 del nuovissimo Lycoblaster \u00e8 che ospita un enorme contenitore per conservare il tuo licopodio ed \u00e8 progettato in modo che il licopodio bruci in modo pi\u00f9 efficiente e, soprattutto, per una durata molto pi\u00f9 lunga!<\/span><\/span> <\/span><\/p>\n<p><span class=\"HwtZe\" lang=\"it\"><span class=\"jCAhz ChMk0b\"><span class=\"ryNqvb\">Il Lycoblaster non offre solo un singolo effetto sbalorditivo, ma puoi anche costruire un intero spettacolo attorno ad esso!<\/span><\/span><span class=\"jCAhz ChMk0b\"><span class=\"ryNqvb\"> Ogni Lycoblaster ha un contenitore in alluminio da 1000 ml per conservare il licopodio.<\/span><\/span> <span class=\"jCAhz ChMk0b\"><span class=\"ryNqvb\">Ovviamente puoi scegliere di riempirlo solo parzialmente: il nostro consiglio \u00e8 di riempirlo per 1\/2 o 2\/3.<\/span><\/span> <span class=\"jCAhz ChMk0b\"><span class=\"ryNqvb\">Nella parte superiore della bottiglia c&#8217;\u00e8 uno stoppino largo 5 cm per incendiare il licopodio che si diffonde.<\/span><\/span> <span class=\"jCAhz ChMk0b\"><span class=\"ryNqvb\">Nella parte superiore c&#8217;\u00e8 un tappo in ottone con piccoli fori per garantire una diffusione uniforme del licopodio nell&#8217;aria ed evitare che ne fuoriesca troppo all&#8217;esterno.<\/span><\/span><span class=\"jCAhz\"><span class=\"ryNqvb\"> Dimensioni del tappo: puoi scegliere tra fori piccoli, medi o grandi sul tappo che regolano la quantit\u00e0 di licopodio utilizzata.<\/span><\/span> <span class=\"jCAhz ChMk0b\"><span class=\"ryNqvb\">Fori pi\u00f9 piccoli significano un tempo di gioco pi\u00f9 lungo e un effetto leggermente inferiore.<\/span><\/span> <span class=\"jCAhz ChMk0b\"><span class=\"ryNqvb\">Se vuoi essere in grado di regolare la quantit\u00e0 di licopodio, puoi scegliere di acquistare tutti e tre i tipi di tappi.<\/span><\/span> <\/span><\/p>\n<p><span class=\"HwtZe\" lang=\"it\"><span class=\"jCAhz\"><span class=\"ryNqvb\">La bottiglia di licopodio (Lycoblaster)<strong> \u00e8 venduta singolarmente<\/strong> senza il manico,<strong>scegli<\/strong> e metti nel carrello il tipo di attacco\/<strong>manico<\/strong> in modo da poter utilizzare il tuo lycoblaster in diverse modalit\u00e0.<\/span><\/span> <\/span><\/p>\n<p><span class=\"HwtZe\" lang=\"it\"><span class=\"jCAhz\"><span class=\"ryNqvb\">Ti offriamo una scelta di 6 diversi manici per lycoblaster che puoi scambiare.<\/span><\/span><\/span><\/p>\n<p><span class=\"HwtZe\" lang=\"it\"><span class=\"jCAhz ChMk0b\"><span class=\"ryNqvb\"><strong> Manico 1:<\/strong> Torcia oscillante.<\/span><\/span> <span class=\"jCAhz\"><span class=\"ryNqvb\">Un&#8217;asta di alluminio lunga 25 cm e larga 10 mm: la testa del blaster pu\u00f2 essere fissata a un&#8217;estremit\u00e0.<\/span><\/span> <span class=\"jCAhz ChMk0b\"><span class=\"ryNqvb\">Ha un manico in silicone da 10 cm con una palla di legno all&#8217;estremit\u00e0.<\/span><\/span> <\/span><\/p>\n<p><span class=\"HwtZe\" lang=\"it\"><span class=\"jCAhz\"><span class=\"ryNqvb\"><strong>Manico 2:<\/strong> Bastone corto.<\/span><\/span> <span class=\"jCAhz\"><span class=\"ryNqvb\">Tubo di alluminio da 22 x 11 mm ricoperto da un&#8217;impugnatura, lunghezza uguale alla lunghezza standard del doppio bastone di 90 cm.<\/span><\/span> <span class=\"jCAhz\"><span class=\"ryNqvb\">Pomello di gomma all&#8217;estremit\u00e0.<\/span><\/span> <\/span><\/p>\n<p><span class=\"HwtZe\" lang=\"it\"><span class=\"jCAhz\"><span class=\"ryNqvb\"><strong>Manico 3:<\/strong> Bastone lungo.<\/span><\/span> <span class=\"jCAhz\"><span class=\"ryNqvb\">Lungo quanto un bastone di contatto standard.<\/span><\/span> <span class=\"jCAhz ChMk0b\"><span class=\"ryNqvb\">Da una parte si collega il blaster di licopodio, mentre l&#8217;altra estremit\u00e0 \u00e8 dotata di un contrappeso in acciaio in modo da poter eseguire trucchi in stile contact staff.<\/span><\/span> <span class=\"jCAhz\"><span class=\"ryNqvb\">Il flusso del bastone \u00e8 simile a quello di un Feicha.<\/span><\/span> <\/span><\/p>\n<p><span class=\"HwtZe\" lang=\"it\"><span class=\"jCAhz\"><span class=\"ryNqvb\"><strong>Manico 4:<\/strong> Bastone lungo con blaster su entrambe le estremit\u00e0.<\/span><\/span> <span class=\"jCAhz\"><span class=\"ryNqvb\">Un bastone lungo come un contact staff con possibilit\u00e0 di attaccare teste di blaster su due estremit\u00e0.<\/span><\/span> <\/span><\/p>\n<p><strong>Manico 5:<\/strong> Rope Dart Corda che ti permette di utilizzare il Lycoblaster come una sfera.<\/p>\n<p><span class=\"HwtZe\" lang=\"it\"><span class=\"jCAhz\"><span class=\"ryNqvb\"><strong>Manico 6:<\/strong> Feicha.<\/span><\/span> <span class=\"jCAhz\"><span class=\"ryNqvb\">Un lungo contact staff con non solo una testa di licopodio ma anche una testa di mini-dragonstaff monolaterale con raggi corti.<\/span><\/span> <\/span><\/p>\n<p><span class=\"HwtZe\" lang=\"it\"><span class=\"jCAhz\"><span class=\"ryNqvb\">Consigli per l&#8217;uso: Per usare questo accessorio, hai bisogno di licopodio per riempire la bottiglia!<\/span><\/span> <span class=\"jCAhz\"><span class=\"ryNqvb\">Hai anche bisogno del tuo normale carburante per immergere la testa.<\/span><\/span><span class=\"jCAhz\"><span class=\"ryNqvb\"> Riempimento della bottiglia: puoi svitare il tappo con i fori e attraverso l&#8217;apertura risultante puoi riempire la bottiglia di licopodio usando un imbuto.<\/span><\/span><\/span><\/p>\n<p><iframe loading=\"lazy\" title=\"Gora with Lycoblaster on Heroes Square in 2024\" width=\"1080\" height=\"608\" src=\"https:\/\/www.youtube.com\/embed\/qM-eEFcR2Cs?feature=oembed\"  allow=\"accelerometer; autoplay; clipboard-write; encrypted-media; gyroscope; picture-in-picture; web-share\" referrerpolicy=\"strict-origin-when-cross-origin\" allowfullscreen><\/iframe><\/p>\n<p>&nbsp;<\/p>\n<p><span class=\"HwtZe\" lang=\"it\"><span class=\"jCAhz ChMk0b\"><span class=\"ryNqvb\">\u00a0<\/span><\/span><\/span><\/p>\n<p>&nbsp;<\/p>\n<p>&nbsp;<\/p>\n","protected":false},"excerpt":{"rendered":"<p>Con Lycoblaster Gora puoi esaudire il desiderio di far durare pi\u00f9 a lungo l&#8217;effetto fantastico del licopodio nel gran finale del tuo spettacolo Questo desiderio \u00e8 ci\u00f2 che ha dato vita al\u00a0 nuovissimo attrezzo di fuoco Lycoblaster. La particolarit\u00e0 del nuovissimo Lycoblaster \u00e8 che ospita un enorme contenitore per conservare il tuo licopodio ed \u00e8 [&hellip;]<\/p>\n","protected":false},"featured_media":23814,"comment_status":"closed","ping_status":"closed","template":"","meta":{"_et_pb_use_builder":"","_et_pb_old_content":"","_et_gb_content_width":""},"product_brand":[],"product_cat":[47,48],"product_tag":[312,313,311,314],"class_list":{"0":"post-23798","1":"product","2":"type-product","3":"status-publish","4":"has-post-thumbnail","6":"product_cat-acqua-di-fuoco-licopodio","7":"product_cat-attrezzi-infuocati-vari-danza-costumi","8":"product_tag-articoli-per-mangiafuoco","9":"product_tag-attrezzi-e-liquidi-per-spettacoli-di-fuoco","10":"product_tag-lycopodio","11":"product_tag-negozio-on-line-bazarbonino-torino","12":"pa_modello-lycoblaster","13":"pa_modello-manico-1-swing-torch","14":"pa_modello-manico-2-short-staff","15":"pa_modello-manico-3-long-staff-1-side-attachment","16":"pa_modello-manico-4-long-staff-2-side-attachment","17":"pa_modello-manico-5-rope-dart","18":"pa_modello-manico-6-feicha","20":"first","21":"instock","22":"taxable","23":"shipping-taxable","24":"purchasable","25":"product-type-variable"},"yoast_head":"<!-- This site is optimized with the Yoast SEO plugin v27.4 - https:\/\/yoast.com\/product\/yoast-seo-wordpress\/ -->\n<title>JG3880 - Lycoblaster Gora - BazarBonino<\/title>\n<meta name=\"description\" content=\"Lycoblaster Gora\" \/>\n<meta name=\"robots\" content=\"index, follow, max-snippet:-1, max-image-preview:large, max-video-preview:-1\" \/>\n<link rel=\"canonical\" href=\"https:\/\/www.bazarbonino.com\/store\/prodotto\/jg3880-lycoblaster-gora\/\" \/>\n<meta property=\"og:locale\" content=\"it_IT\" \/>\n<meta property=\"og:type\" content=\"article\" \/>\n<meta property=\"og:title\" content=\"JG3880 - Lycoblaster Gora - BazarBonino\" \/>\n<meta property=\"og:description\" content=\"Lycoblaster Gora\" \/>\n<meta property=\"og:url\" content=\"https:\/\/www.bazarbonino.com\/store\/prodotto\/jg3880-lycoblaster-gora\/\" \/>\n<meta property=\"og:site_name\" content=\"BazarBonino\" \/>\n<meta property=\"article:publisher\" content=\"https:\/\/www.facebook.com\/bazar.bonino\" \/>\n<meta property=\"article:modified_time\" content=\"2025-06-03T10:26:55+00:00\" \/>\n<meta property=\"og:image\" content=\"https:\/\/www.bazarbonino.com\/store\/wp-content\/uploads\/2025\/04\/JG3880-Lycoblaster-Gora.jpg\" \/>\n\t<meta property=\"og:image:width\" content=\"750\" \/>\n\t<meta property=\"og:image:height\" content=\"500\" \/>\n\t<meta property=\"og:image:type\" content=\"image\/jpeg\" \/>\n<meta name=\"twitter:card\" content=\"summary_large_image\" \/>\n<meta name=\"twitter:label1\" content=\"Tempo di lettura stimato\" \/>\n\t<meta name=\"twitter:data1\" content=\"2 minuti\" \/>\n<script type=\"application\/ld+json\" class=\"yoast-schema-graph\">{\"@context\":\"https:\\\/\\\/schema.org\",\"@graph\":[{\"@type\":\"WebPage\",\"@id\":\"https:\\\/\\\/www.bazarbonino.com\\\/store\\\/prodotto\\\/jg3880-lycoblaster-gora\\\/\",\"url\":\"https:\\\/\\\/www.bazarbonino.com\\\/store\\\/prodotto\\\/jg3880-lycoblaster-gora\\\/\",\"name\":\"JG3880 - Lycoblaster Gora - BazarBonino\",\"isPartOf\":{\"@id\":\"https:\\\/\\\/www.bazarbonino.com\\\/store\\\/#website\"},\"primaryImageOfPage\":{\"@id\":\"https:\\\/\\\/www.bazarbonino.com\\\/store\\\/prodotto\\\/jg3880-lycoblaster-gora\\\/#primaryimage\"},\"image\":{\"@id\":\"https:\\\/\\\/www.bazarbonino.com\\\/store\\\/prodotto\\\/jg3880-lycoblaster-gora\\\/#primaryimage\"},\"thumbnailUrl\":\"https:\\\/\\\/www.bazarbonino.com\\\/store\\\/wp-content\\\/uploads\\\/2025\\\/04\\\/JG3880-Lycoblaster-Gora.jpg\",\"datePublished\":\"2025-04-01T16:47:05+00:00\",\"dateModified\":\"2025-06-03T10:26:55+00:00\",\"description\":\"Lycoblaster Gora\",\"breadcrumb\":{\"@id\":\"https:\\\/\\\/www.bazarbonino.com\\\/store\\\/prodotto\\\/jg3880-lycoblaster-gora\\\/#breadcrumb\"},\"inLanguage\":\"it-IT\",\"potentialAction\":[{\"@type\":\"ReadAction\",\"target\":[\"https:\\\/\\\/www.bazarbonino.com\\\/store\\\/prodotto\\\/jg3880-lycoblaster-gora\\\/\"]}]},{\"@type\":\"ImageObject\",\"inLanguage\":\"it-IT\",\"@id\":\"https:\\\/\\\/www.bazarbonino.com\\\/store\\\/prodotto\\\/jg3880-lycoblaster-gora\\\/#primaryimage\",\"url\":\"https:\\\/\\\/www.bazarbonino.com\\\/store\\\/wp-content\\\/uploads\\\/2025\\\/04\\\/JG3880-Lycoblaster-Gora.jpg\",\"contentUrl\":\"https:\\\/\\\/www.bazarbonino.com\\\/store\\\/wp-content\\\/uploads\\\/2025\\\/04\\\/JG3880-Lycoblaster-Gora.jpg\",\"width\":750,\"height\":500,\"caption\":\"JG3880 - Lycoblaster Gora\"},{\"@type\":\"BreadcrumbList\",\"@id\":\"https:\\\/\\\/www.bazarbonino.com\\\/store\\\/prodotto\\\/jg3880-lycoblaster-gora\\\/#breadcrumb\",\"itemListElement\":[{\"@type\":\"ListItem\",\"position\":1,\"name\":\"Home\",\"item\":\"https:\\\/\\\/www.bazarbonino.com\\\/store\\\/\"},{\"@type\":\"ListItem\",\"position\":2,\"name\":\"Catalogo\",\"item\":\"https:\\\/\\\/www.bazarbonino.com\\\/store\\\/shop\\\/\"},{\"@type\":\"ListItem\",\"position\":3,\"name\":\"JG3880 &#8211; Lycoblaster Gora\"}]},{\"@type\":\"WebSite\",\"@id\":\"https:\\\/\\\/www.bazarbonino.com\\\/store\\\/#website\",\"url\":\"https:\\\/\\\/www.bazarbonino.com\\\/store\\\/\",\"name\":\"BazarBonino\",\"description\":\"\",\"potentialAction\":[{\"@type\":\"SearchAction\",\"target\":{\"@type\":\"EntryPoint\",\"urlTemplate\":\"https:\\\/\\\/www.bazarbonino.com\\\/store\\\/?s={search_term_string}\"},\"query-input\":{\"@type\":\"PropertyValueSpecification\",\"valueRequired\":true,\"valueName\":\"search_term_string\"}}],\"inLanguage\":\"it-IT\"}]}<\/script>\n<!-- \/ Yoast SEO plugin. -->","yoast_head_json":{"title":"JG3880 - Lycoblaster Gora - BazarBonino","description":"Lycoblaster Gora","robots":{"index":"index","follow":"follow","max-snippet":"max-snippet:-1","max-image-preview":"max-image-preview:large","max-video-preview":"max-video-preview:-1"},"canonical":"https:\/\/www.bazarbonino.com\/store\/prodotto\/jg3880-lycoblaster-gora\/","og_locale":"it_IT","og_type":"article","og_title":"JG3880 - Lycoblaster Gora - BazarBonino","og_description":"Lycoblaster Gora","og_url":"https:\/\/www.bazarbonino.com\/store\/prodotto\/jg3880-lycoblaster-gora\/","og_site_name":"BazarBonino","article_publisher":"https:\/\/www.facebook.com\/bazar.bonino","article_modified_time":"2025-06-03T10:26:55+00:00","og_image":[{"width":750,"height":500,"url":"https:\/\/www.bazarbonino.com\/store\/wp-content\/uploads\/2025\/04\/JG3880-Lycoblaster-Gora.jpg","type":"image\/jpeg"}],"twitter_card":"summary_large_image","twitter_misc":{"Tempo di lettura stimato":"2 minuti"},"schema":{"@context":"https:\/\/schema.org","@graph":[{"@type":"WebPage","@id":"https:\/\/www.bazarbonino.com\/store\/prodotto\/jg3880-lycoblaster-gora\/","url":"https:\/\/www.bazarbonino.com\/store\/prodotto\/jg3880-lycoblaster-gora\/","name":"JG3880 - Lycoblaster Gora - BazarBonino","isPartOf":{"@id":"https:\/\/www.bazarbonino.com\/store\/#website"},"primaryImageOfPage":{"@id":"https:\/\/www.bazarbonino.com\/store\/prodotto\/jg3880-lycoblaster-gora\/#primaryimage"},"image":{"@id":"https:\/\/www.bazarbonino.com\/store\/prodotto\/jg3880-lycoblaster-gora\/#primaryimage"},"thumbnailUrl":"https:\/\/www.bazarbonino.com\/store\/wp-content\/uploads\/2025\/04\/JG3880-Lycoblaster-Gora.jpg","datePublished":"2025-04-01T16:47:05+00:00","dateModified":"2025-06-03T10:26:55+00:00","description":"Lycoblaster Gora","breadcrumb":{"@id":"https:\/\/www.bazarbonino.com\/store\/prodotto\/jg3880-lycoblaster-gora\/#breadcrumb"},"inLanguage":"it-IT","potentialAction":[{"@type":"ReadAction","target":["https:\/\/www.bazarbonino.com\/store\/prodotto\/jg3880-lycoblaster-gora\/"]}]},{"@type":"ImageObject","inLanguage":"it-IT","@id":"https:\/\/www.bazarbonino.com\/store\/prodotto\/jg3880-lycoblaster-gora\/#primaryimage","url":"https:\/\/www.bazarbonino.com\/store\/wp-content\/uploads\/2025\/04\/JG3880-Lycoblaster-Gora.jpg","contentUrl":"https:\/\/www.bazarbonino.com\/store\/wp-content\/uploads\/2025\/04\/JG3880-Lycoblaster-Gora.jpg","width":750,"height":500,"caption":"JG3880 - Lycoblaster Gora"},{"@type":"BreadcrumbList","@id":"https:\/\/www.bazarbonino.com\/store\/prodotto\/jg3880-lycoblaster-gora\/#breadcrumb","itemListElement":[{"@type":"ListItem","position":1,"name":"Home","item":"https:\/\/www.bazarbonino.com\/store\/"},{"@type":"ListItem","position":2,"name":"Catalogo","item":"https:\/\/www.bazarbonino.com\/store\/shop\/"},{"@type":"ListItem","position":3,"name":"JG3880 &#8211; Lycoblaster Gora"}]},{"@type":"WebSite","@id":"https:\/\/www.bazarbonino.com\/store\/#website","url":"https:\/\/www.bazarbonino.com\/store\/","name":"BazarBonino","description":"","potentialAction":[{"@type":"SearchAction","target":{"@type":"EntryPoint","urlTemplate":"https:\/\/www.bazarbonino.com\/store\/?s={search_term_string}"},"query-input":{"@type":"PropertyValueSpecification","valueRequired":true,"valueName":"search_term_string"}}],"inLanguage":"it-IT"}]}},"_links":{"self":[{"href":"https:\/\/www.bazarbonino.com\/store\/wp-json\/wp\/v2\/product\/23798","targetHints":{"allow":["GET"]}}],"collection":[{"href":"https:\/\/www.bazarbonino.com\/store\/wp-json\/wp\/v2\/product"}],"about":[{"href":"https:\/\/www.bazarbonino.com\/store\/wp-json\/wp\/v2\/types\/product"}],"replies":[{"embeddable":true,"href":"https:\/\/www.bazarbonino.com\/store\/wp-json\/wp\/v2\/comments?post=23798"}],"wp:featuredmedia":[{"embeddable":true,"href":"https:\/\/www.bazarbonino.com\/store\/wp-json\/wp\/v2\/media\/23814"}],"wp:attachment":[{"href":"https:\/\/www.bazarbonino.com\/store\/wp-json\/wp\/v2\/media?parent=23798"}],"wp:term":[{"taxonomy":"product_brand","embeddable":true,"href":"https:\/\/www.bazarbonino.com\/store\/wp-json\/wp\/v2\/product_brand?post=23798"},{"taxonomy":"product_cat","embeddable":true,"href":"https:\/\/www.bazarbonino.com\/store\/wp-json\/wp\/v2\/product_cat?post=23798"},{"taxonomy":"product_tag","embeddable":true,"href":"https:\/\/www.bazarbonino.com\/store\/wp-json\/wp\/v2\/product_tag?post=23798"}],"curies":[{"name":"wp","href":"https:\/\/api.w.org\/{rel}","templated":true}]}}