{"id":23118,"date":"2024-05-20T11:12:58","date_gmt":"2024-05-20T09:12:58","guid":{"rendered":"https:\/\/www.bazarbonino.com\/store\/?post_type=product&#038;p=23118"},"modified":"2024-05-20T13:17:04","modified_gmt":"2024-05-20T11:17:04","slug":"jg3418-torcia-jd-super-nova","status":"publish","type":"product","link":"https:\/\/www.bazarbonino.com\/store\/prodotto\/jg3418-torcia-jd-super-nova\/","title":{"rendered":"JG3418 &#8211; Torcia JD Super Nova"},"content":{"rendered":"<p>Torcia JD Super Nova <span class=\"HwtZe\" lang=\"it\"><span class=\"jCAhz ChMk0b\"><span class=\"ryNqvb\">La torcia da giocoleria con il fuoco Juggle Dream \u00e8 un oggetto da giocoleria dal design accattivante e di alta qualit\u00e0, perfetto per i veri artisti del fuoco.<\/span><\/span> <span class=\"jCAhz ChMk0b\"><span class=\"ryNqvb\">Realizzata con materiali di alta qualit\u00e0, questa torcia \u00e8 resistente ed elegante, con un design elegante e raffinato che sicuramente impressioner\u00e0.<\/span><\/span> <span class=\"jCAhz ChMk0b\"><span class=\"ryNqvb\">Una delle caratteristiche principali di questa torcia \u00e8 il suo peso.<\/span><\/span> <span class=\"jCAhz ChMk0b\"><span class=\"ryNqvb\">Con una distribuzione del peso perfettamente bilanciata, \u00e8 comodo e naturale nella tua mano, rendendolo facile da manipolare e destreggiarsi.<\/span><\/span> <span class=\"jCAhz ChMk0b\"><span class=\"ryNqvb\">La torcia \u00e8 progettata per essere ben bilanciata, il che significa che \u00e8 meno probabile che oscilli o si ribalti durante la giocoleria, garantendo cos\u00ec prestazioni fluide e costanti.<\/span><\/span> <span class=\"jCAhz ChMk0b\"><span class=\"ryNqvb\">Oltre al suo peso e al suo equilibrio eccezionali, la torcia da giocoleria con il fuoco Juggle Dream \u00e8 progettata anche per avere un bell&#8217;aspetto.<\/span><\/span> <span class=\"jCAhz ChMk0b\"><span class=\"ryNqvb\">\u00c8 realizzato con materiali di alta qualit\u00e0, tra cui un manico in legno lucido e un elegante stelo in metallo, che gli conferiscono un aspetto attraente e professionale.<\/span><\/span> <span class=\"jCAhz ChMk0b\"><span class=\"ryNqvb\">La torcia \u00e8 disponibile anche in una gamma di colori, permettendoti di scegliere lo stile che meglio si adatta alle tue preferenze personali.<\/span><\/span> <span class=\"jCAhz ChMk0b\"><span class=\"ryNqvb\">Nel complesso, la torcia da giocoleria con il fuoco Juggle Dream \u00e8 un oggetto da giocoleria di alta qualit\u00e0, perfetto per gli artisti seri che richiedono il meglio.<\/span><\/span> <span class=\"jCAhz ChMk0b\"><span class=\"ryNqvb\">Che tu sia un professionista esperto o che tu abbia appena iniziato, questa torcia impressioner\u00e0 sicuramente con la sua eccezionale qualit\u00e0, prestazioni e stile.<\/span><\/span> <span class=\"jCAhz ChMk0b\"><span class=\"ryNqvb\">Conosciuta anche come &#8220;Super Nova&#8221;, questa torcia di fuoco dall&#8217;aspetto flash di Juggle Dream \u00e8 davvero una bella giocoleria e ha una costruzione solida.<\/span><\/span> <span class=\"jCAhz ChMk0b\"><span class=\"ryNqvb\">Ogni torcia da giocoleria ha manici avvolti in argento e stoppini da 50 mm.<\/span><\/span> <span class=\"jCAhz ChMk0b\"><span class=\"ryNqvb\">La torcia Juggle Dream ha anche pomelli in gomma ed \u00e8 disponibile con 6 diversi colori di decorazione.<\/span><\/span> <\/span><\/p>\n<p>Avvertenza: Controllate sempre lo stato degli attrezzi prima di ogni utilizzo.<\/p>\n<p>&nbsp;<\/p>\n<p>&nbsp;<\/p>\n","protected":false},"excerpt":{"rendered":"<p>SUBITO DISPONIBILE IN ROSSO<\/p>\n","protected":false},"featured_media":23125,"comment_status":"closed","ping_status":"closed","template":"","meta":{"_et_pb_use_builder":"","_et_pb_old_content":"","_et_gb_content_width":""},"product_brand":[],"product_cat":[42],"product_tag":[2127,298,297],"class_list":{"0":"post-23118","1":"product","2":"type-product","3":"status-publish","4":"has-post-thumbnail","6":"product_cat-torce-e-swinging","7":"product_tag-bazar-bonino-torino","8":"product_tag-negozio-on-line-articoli-di-fuoco","9":"product_tag-torcia-giocoleria-per-spettacoli-di-fuoco-infuocati","10":"pa_colore-argento","11":"pa_colore-blu","12":"pa_colore-oro","13":"pa_colore-rosso","14":"pa_colore-verde","15":"pa_colore-viola","17":"first","18":"instock","19":"sale","20":"taxable","21":"shipping-taxable","22":"purchasable","23":"product-type-variable"},"yoast_head":"<!-- This site is optimized with the Yoast SEO plugin v27.4 - https:\/\/yoast.com\/product\/yoast-seo-wordpress\/ -->\n<title>JG3418 - Torcia JD Super Nova - BazarBonino<\/title>\n<meta name=\"description\" content=\"Torcia JD Super Nov Queste torce da fuoco dall&#039;aspetto elegante sono oggetti di scena eccellenti per artisti del fuoco e giocolieri di club che cercano..\" \/>\n<meta name=\"robots\" content=\"index, follow, max-snippet:-1, max-image-preview:large, max-video-preview:-1\" \/>\n<link rel=\"canonical\" href=\"https:\/\/www.bazarbonino.com\/store\/prodotto\/jg3418-torcia-jd-super-nova\/\" \/>\n<meta property=\"og:locale\" content=\"it_IT\" \/>\n<meta property=\"og:type\" content=\"article\" \/>\n<meta property=\"og:title\" content=\"JG3418 - Torcia JD Super Nova - BazarBonino\" \/>\n<meta property=\"og:description\" content=\"Torcia JD Super Nov Queste torce da fuoco dall&#039;aspetto elegante sono oggetti di scena eccellenti per artisti del fuoco e giocolieri di club che cercano..\" \/>\n<meta property=\"og:url\" content=\"https:\/\/www.bazarbonino.com\/store\/prodotto\/jg3418-torcia-jd-super-nova\/\" \/>\n<meta property=\"og:site_name\" content=\"BazarBonino\" \/>\n<meta property=\"article:publisher\" content=\"https:\/\/www.facebook.com\/bazar.bonino\" \/>\n<meta property=\"article:modified_time\" content=\"2024-05-20T11:17:04+00:00\" \/>\n<meta property=\"og:image\" content=\"https:\/\/www.bazarbonino.com\/store\/wp-content\/uploads\/2024\/05\/JG3418-Torcia-JD-Super-Nova.jpg\" \/>\n\t<meta property=\"og:image:width\" content=\"600\" \/>\n\t<meta property=\"og:image:height\" content=\"600\" \/>\n\t<meta property=\"og:image:type\" content=\"image\/jpeg\" \/>\n<meta name=\"twitter:card\" content=\"summary_large_image\" \/>\n<meta name=\"twitter:label1\" content=\"Tempo di lettura stimato\" \/>\n\t<meta name=\"twitter:data1\" content=\"1 minuto\" \/>\n<script type=\"application\/ld+json\" class=\"yoast-schema-graph\">{\"@context\":\"https:\\\/\\\/schema.org\",\"@graph\":[{\"@type\":\"WebPage\",\"@id\":\"https:\\\/\\\/www.bazarbonino.com\\\/store\\\/prodotto\\\/jg3418-torcia-jd-super-nova\\\/\",\"url\":\"https:\\\/\\\/www.bazarbonino.com\\\/store\\\/prodotto\\\/jg3418-torcia-jd-super-nova\\\/\",\"name\":\"JG3418 - Torcia JD Super Nova - BazarBonino\",\"isPartOf\":{\"@id\":\"https:\\\/\\\/www.bazarbonino.com\\\/store\\\/#website\"},\"primaryImageOfPage\":{\"@id\":\"https:\\\/\\\/www.bazarbonino.com\\\/store\\\/prodotto\\\/jg3418-torcia-jd-super-nova\\\/#primaryimage\"},\"image\":{\"@id\":\"https:\\\/\\\/www.bazarbonino.com\\\/store\\\/prodotto\\\/jg3418-torcia-jd-super-nova\\\/#primaryimage\"},\"thumbnailUrl\":\"https:\\\/\\\/www.bazarbonino.com\\\/store\\\/wp-content\\\/uploads\\\/2024\\\/05\\\/JG3418-Torcia-JD-Super-Nova.jpg\",\"datePublished\":\"2024-05-20T09:12:58+00:00\",\"dateModified\":\"2024-05-20T11:17:04+00:00\",\"description\":\"Torcia JD Super Nov Queste torce da fuoco dall'aspetto elegante sono oggetti di scena eccellenti per artisti del fuoco e giocolieri di club che cercano..\",\"breadcrumb\":{\"@id\":\"https:\\\/\\\/www.bazarbonino.com\\\/store\\\/prodotto\\\/jg3418-torcia-jd-super-nova\\\/#breadcrumb\"},\"inLanguage\":\"it-IT\",\"potentialAction\":[{\"@type\":\"ReadAction\",\"target\":[\"https:\\\/\\\/www.bazarbonino.com\\\/store\\\/prodotto\\\/jg3418-torcia-jd-super-nova\\\/\"]}]},{\"@type\":\"ImageObject\",\"inLanguage\":\"it-IT\",\"@id\":\"https:\\\/\\\/www.bazarbonino.com\\\/store\\\/prodotto\\\/jg3418-torcia-jd-super-nova\\\/#primaryimage\",\"url\":\"https:\\\/\\\/www.bazarbonino.com\\\/store\\\/wp-content\\\/uploads\\\/2024\\\/05\\\/JG3418-Torcia-JD-Super-Nova.jpg\",\"contentUrl\":\"https:\\\/\\\/www.bazarbonino.com\\\/store\\\/wp-content\\\/uploads\\\/2024\\\/05\\\/JG3418-Torcia-JD-Super-Nova.jpg\",\"width\":600,\"height\":600,\"caption\":\"JG3418 - Torcia JD Super Nova\"},{\"@type\":\"BreadcrumbList\",\"@id\":\"https:\\\/\\\/www.bazarbonino.com\\\/store\\\/prodotto\\\/jg3418-torcia-jd-super-nova\\\/#breadcrumb\",\"itemListElement\":[{\"@type\":\"ListItem\",\"position\":1,\"name\":\"Home\",\"item\":\"https:\\\/\\\/www.bazarbonino.com\\\/store\\\/\"},{\"@type\":\"ListItem\",\"position\":2,\"name\":\"Catalogo\",\"item\":\"https:\\\/\\\/www.bazarbonino.com\\\/store\\\/shop\\\/\"},{\"@type\":\"ListItem\",\"position\":3,\"name\":\"JG3418 &#8211; Torcia JD Super Nova\"}]},{\"@type\":\"WebSite\",\"@id\":\"https:\\\/\\\/www.bazarbonino.com\\\/store\\\/#website\",\"url\":\"https:\\\/\\\/www.bazarbonino.com\\\/store\\\/\",\"name\":\"BazarBonino\",\"description\":\"\",\"potentialAction\":[{\"@type\":\"SearchAction\",\"target\":{\"@type\":\"EntryPoint\",\"urlTemplate\":\"https:\\\/\\\/www.bazarbonino.com\\\/store\\\/?s={search_term_string}\"},\"query-input\":{\"@type\":\"PropertyValueSpecification\",\"valueRequired\":true,\"valueName\":\"search_term_string\"}}],\"inLanguage\":\"it-IT\"}]}<\/script>\n<!-- \/ Yoast SEO plugin. -->","yoast_head_json":{"title":"JG3418 - Torcia JD Super Nova - BazarBonino","description":"Torcia JD Super Nov Queste torce da fuoco dall'aspetto elegante sono oggetti di scena eccellenti per artisti del fuoco e giocolieri di club che cercano..","robots":{"index":"index","follow":"follow","max-snippet":"max-snippet:-1","max-image-preview":"max-image-preview:large","max-video-preview":"max-video-preview:-1"},"canonical":"https:\/\/www.bazarbonino.com\/store\/prodotto\/jg3418-torcia-jd-super-nova\/","og_locale":"it_IT","og_type":"article","og_title":"JG3418 - Torcia JD Super Nova - BazarBonino","og_description":"Torcia JD Super Nov Queste torce da fuoco dall'aspetto elegante sono oggetti di scena eccellenti per artisti del fuoco e giocolieri di club che cercano..","og_url":"https:\/\/www.bazarbonino.com\/store\/prodotto\/jg3418-torcia-jd-super-nova\/","og_site_name":"BazarBonino","article_publisher":"https:\/\/www.facebook.com\/bazar.bonino","article_modified_time":"2024-05-20T11:17:04+00:00","og_image":[{"width":600,"height":600,"url":"https:\/\/www.bazarbonino.com\/store\/wp-content\/uploads\/2024\/05\/JG3418-Torcia-JD-Super-Nova.jpg","type":"image\/jpeg"}],"twitter_card":"summary_large_image","twitter_misc":{"Tempo di lettura stimato":"1 minuto"},"schema":{"@context":"https:\/\/schema.org","@graph":[{"@type":"WebPage","@id":"https:\/\/www.bazarbonino.com\/store\/prodotto\/jg3418-torcia-jd-super-nova\/","url":"https:\/\/www.bazarbonino.com\/store\/prodotto\/jg3418-torcia-jd-super-nova\/","name":"JG3418 - Torcia JD Super Nova - BazarBonino","isPartOf":{"@id":"https:\/\/www.bazarbonino.com\/store\/#website"},"primaryImageOfPage":{"@id":"https:\/\/www.bazarbonino.com\/store\/prodotto\/jg3418-torcia-jd-super-nova\/#primaryimage"},"image":{"@id":"https:\/\/www.bazarbonino.com\/store\/prodotto\/jg3418-torcia-jd-super-nova\/#primaryimage"},"thumbnailUrl":"https:\/\/www.bazarbonino.com\/store\/wp-content\/uploads\/2024\/05\/JG3418-Torcia-JD-Super-Nova.jpg","datePublished":"2024-05-20T09:12:58+00:00","dateModified":"2024-05-20T11:17:04+00:00","description":"Torcia JD Super Nov Queste torce da fuoco dall'aspetto elegante sono oggetti di scena eccellenti per artisti del fuoco e giocolieri di club che cercano..","breadcrumb":{"@id":"https:\/\/www.bazarbonino.com\/store\/prodotto\/jg3418-torcia-jd-super-nova\/#breadcrumb"},"inLanguage":"it-IT","potentialAction":[{"@type":"ReadAction","target":["https:\/\/www.bazarbonino.com\/store\/prodotto\/jg3418-torcia-jd-super-nova\/"]}]},{"@type":"ImageObject","inLanguage":"it-IT","@id":"https:\/\/www.bazarbonino.com\/store\/prodotto\/jg3418-torcia-jd-super-nova\/#primaryimage","url":"https:\/\/www.bazarbonino.com\/store\/wp-content\/uploads\/2024\/05\/JG3418-Torcia-JD-Super-Nova.jpg","contentUrl":"https:\/\/www.bazarbonino.com\/store\/wp-content\/uploads\/2024\/05\/JG3418-Torcia-JD-Super-Nova.jpg","width":600,"height":600,"caption":"JG3418 - Torcia JD Super Nova"},{"@type":"BreadcrumbList","@id":"https:\/\/www.bazarbonino.com\/store\/prodotto\/jg3418-torcia-jd-super-nova\/#breadcrumb","itemListElement":[{"@type":"ListItem","position":1,"name":"Home","item":"https:\/\/www.bazarbonino.com\/store\/"},{"@type":"ListItem","position":2,"name":"Catalogo","item":"https:\/\/www.bazarbonino.com\/store\/shop\/"},{"@type":"ListItem","position":3,"name":"JG3418 &#8211; Torcia JD Super Nova"}]},{"@type":"WebSite","@id":"https:\/\/www.bazarbonino.com\/store\/#website","url":"https:\/\/www.bazarbonino.com\/store\/","name":"BazarBonino","description":"","potentialAction":[{"@type":"SearchAction","target":{"@type":"EntryPoint","urlTemplate":"https:\/\/www.bazarbonino.com\/store\/?s={search_term_string}"},"query-input":{"@type":"PropertyValueSpecification","valueRequired":true,"valueName":"search_term_string"}}],"inLanguage":"it-IT"}]}},"_links":{"self":[{"href":"https:\/\/www.bazarbonino.com\/store\/wp-json\/wp\/v2\/product\/23118","targetHints":{"allow":["GET"]}}],"collection":[{"href":"https:\/\/www.bazarbonino.com\/store\/wp-json\/wp\/v2\/product"}],"about":[{"href":"https:\/\/www.bazarbonino.com\/store\/wp-json\/wp\/v2\/types\/product"}],"replies":[{"embeddable":true,"href":"https:\/\/www.bazarbonino.com\/store\/wp-json\/wp\/v2\/comments?post=23118"}],"wp:featuredmedia":[{"embeddable":true,"href":"https:\/\/www.bazarbonino.com\/store\/wp-json\/wp\/v2\/media\/23125"}],"wp:attachment":[{"href":"https:\/\/www.bazarbonino.com\/store\/wp-json\/wp\/v2\/media?parent=23118"}],"wp:term":[{"taxonomy":"product_brand","embeddable":true,"href":"https:\/\/www.bazarbonino.com\/store\/wp-json\/wp\/v2\/product_brand?post=23118"},{"taxonomy":"product_cat","embeddable":true,"href":"https:\/\/www.bazarbonino.com\/store\/wp-json\/wp\/v2\/product_cat?post=23118"},{"taxonomy":"product_tag","embeddable":true,"href":"https:\/\/www.bazarbonino.com\/store\/wp-json\/wp\/v2\/product_tag?post=23118"}],"curies":[{"name":"wp","href":"https:\/\/api.w.org\/{rel}","templated":true}]}}