{"id":23036,"date":"2024-04-04T20:57:51","date_gmt":"2024-04-04T18:57:51","guid":{"rendered":"https:\/\/www.bazarbonino.com\/store\/?post_type=product&#038;p=23036"},"modified":"2024-04-04T22:46:55","modified_gmt":"2024-04-04T20:46:55","slug":"jg3792-staffa-dragon-light-gora","status":"publish","type":"product","link":"https:\/\/www.bazarbonino.com\/store\/prodotto\/jg3792-staffa-dragon-light-gora\/","title":{"rendered":"JG3792 &#8211; Staffa Dragon Light Gora"},"content":{"rendered":"<p>La Staffa Dragon Light Gora \u00e8 utile per chi vuole trasformare la propria Dragon Staff da 10 fuochi in una pi\u00f9 leggera da 8 semplicemente applicando i Dragon Adapter alle 2 estremit\u00e0.. La lunghezza standard del bastone \u00e8 di 150 cm. Viene prodotto sia in <span class=\"HwtZe\" lang=\"it\"><span class=\"jCAhz ChMk0b\"><span class=\"ryNqvb\">alluminio Space Tech 7075<\/span><\/span><\/span> <span class=\"HwtZe\" lang=\"it\"><span class=\"jCAhz ChMk0b\"><span class=\"ryNqvb\"> (asta senza adattatore e punte: 610 g), che in Carbonio nella versione superleggera (asta senza adattatore e punte: 339 g). Il bastone \u00e8 prodotto anche nella versione smontabile (sia alluminio che carbonio), che \u00e8 dritta al 100%, non si muove n\u00e9 traballa e consente di smontarla in 3 parti. \u00c8 fissato tramite giunti in gomma in espansione, quindi la connessione flessibile assorbe la forza e non si muover\u00e0 o osciller\u00e0. In questo modo la tua Dragon Staff \u00e8 ultraportabile e pu\u00f2 essere inserita anche nel bagaglio a mano durante un volo.<\/span><\/span><\/span><\/p>\n<p>&nbsp;<\/p>\n<p>&nbsp;<\/p>\n<p>&nbsp;<\/p>\n<p>&nbsp;<\/p>\n","protected":false},"excerpt":{"rendered":"<p>La Staffa Dragon Light Gora \u00e8 utile per chi vuole trasformare la propria Dragon Staff da 10 fuochi in una pi\u00f9 leggera da 8 semplicemente applicando i Dragon Adapter alle 2 estremit\u00e0.. La lunghezza standard del bastone \u00e8 di 150 cm. Viene prodotto sia in alluminio Space Tech 7075 (asta senza adattatore e punte: 610 [&hellip;]<\/p>\n","protected":false},"featured_media":23041,"comment_status":"closed","ping_status":"closed","template":"","meta":{"_et_pb_use_builder":"","_et_pb_old_content":"","_et_gb_content_width":""},"product_brand":[],"product_cat":[46],"product_tag":[315,298],"class_list":{"0":"post-23036","1":"product","2":"type-product","3":"status-publish","4":"has-post-thumbnail","6":"product_cat-staffe-x-twirling-contact-infuocate","7":"product_tag-attrezzi-infuocati-gora","8":"product_tag-negozio-on-line-articoli-di-fuoco","9":"pa_modello-alluminio","10":"pa_modello-carbonio","11":"pa_modello-smontabile-alluminio","12":"pa_modello-smontabile-carbonio","14":"first","15":"instock","16":"sale","17":"taxable","18":"shipping-taxable","19":"purchasable","20":"product-type-variable"},"yoast_head":"<!-- This site is optimized with the Yoast SEO plugin v27.4 - https:\/\/yoast.com\/product\/yoast-seo-wordpress\/ -->\n<title>JG3792 - Staffa Dragon Light Gora - BazarBonino<\/title>\n<meta name=\"description\" content=\"La Staffa Dragon Light Gora \u00e8 utile per chi vuole trasformare la propria Dragon Staff da 10 fuochi in una pi\u00f9 leggera da 8 !!!\" \/>\n<meta name=\"robots\" content=\"index, follow, max-snippet:-1, max-image-preview:large, max-video-preview:-1\" \/>\n<link rel=\"canonical\" href=\"https:\/\/www.bazarbonino.com\/store\/prodotto\/jg3792-staffa-dragon-light-gora\/\" \/>\n<meta property=\"og:locale\" content=\"it_IT\" \/>\n<meta property=\"og:type\" content=\"article\" \/>\n<meta property=\"og:title\" content=\"JG3792 - Staffa Dragon Light Gora - BazarBonino\" \/>\n<meta property=\"og:description\" content=\"La Staffa Dragon Light Gora \u00e8 utile per chi vuole trasformare la propria Dragon Staff da 10 fuochi in una pi\u00f9 leggera da 8 !!!\" \/>\n<meta property=\"og:url\" content=\"https:\/\/www.bazarbonino.com\/store\/prodotto\/jg3792-staffa-dragon-light-gora\/\" \/>\n<meta property=\"og:site_name\" content=\"BazarBonino\" \/>\n<meta property=\"article:publisher\" content=\"https:\/\/www.facebook.com\/bazar.bonino\" \/>\n<meta property=\"article:modified_time\" content=\"2024-04-04T20:46:55+00:00\" \/>\n<meta property=\"og:image\" content=\"https:\/\/www.bazarbonino.com\/store\/wp-content\/uploads\/2024\/04\/JG3792-Staffa-Dragon-Light-Gora.jpg\" \/>\n\t<meta property=\"og:image:width\" content=\"889\" \/>\n\t<meta property=\"og:image:height\" content=\"500\" \/>\n\t<meta property=\"og:image:type\" content=\"image\/jpeg\" \/>\n<meta name=\"twitter:card\" content=\"summary_large_image\" \/>\n<meta name=\"twitter:label1\" content=\"Tempo di lettura stimato\" \/>\n\t<meta name=\"twitter:data1\" content=\"1 minuto\" \/>\n<script type=\"application\/ld+json\" class=\"yoast-schema-graph\">{\"@context\":\"https:\\\/\\\/schema.org\",\"@graph\":[{\"@type\":\"WebPage\",\"@id\":\"https:\\\/\\\/www.bazarbonino.com\\\/store\\\/prodotto\\\/jg3792-staffa-dragon-light-gora\\\/\",\"url\":\"https:\\\/\\\/www.bazarbonino.com\\\/store\\\/prodotto\\\/jg3792-staffa-dragon-light-gora\\\/\",\"name\":\"JG3792 - Staffa Dragon Light Gora - BazarBonino\",\"isPartOf\":{\"@id\":\"https:\\\/\\\/www.bazarbonino.com\\\/store\\\/#website\"},\"primaryImageOfPage\":{\"@id\":\"https:\\\/\\\/www.bazarbonino.com\\\/store\\\/prodotto\\\/jg3792-staffa-dragon-light-gora\\\/#primaryimage\"},\"image\":{\"@id\":\"https:\\\/\\\/www.bazarbonino.com\\\/store\\\/prodotto\\\/jg3792-staffa-dragon-light-gora\\\/#primaryimage\"},\"thumbnailUrl\":\"https:\\\/\\\/www.bazarbonino.com\\\/store\\\/wp-content\\\/uploads\\\/2024\\\/04\\\/JG3792-Staffa-Dragon-Light-Gora.jpg\",\"datePublished\":\"2024-04-04T18:57:51+00:00\",\"dateModified\":\"2024-04-04T20:46:55+00:00\",\"description\":\"La Staffa Dragon Light Gora \u00e8 utile per chi vuole trasformare la propria Dragon Staff da 10 fuochi in una pi\u00f9 leggera da 8 !!!\",\"breadcrumb\":{\"@id\":\"https:\\\/\\\/www.bazarbonino.com\\\/store\\\/prodotto\\\/jg3792-staffa-dragon-light-gora\\\/#breadcrumb\"},\"inLanguage\":\"it-IT\",\"potentialAction\":[{\"@type\":\"ReadAction\",\"target\":[\"https:\\\/\\\/www.bazarbonino.com\\\/store\\\/prodotto\\\/jg3792-staffa-dragon-light-gora\\\/\"]}]},{\"@type\":\"ImageObject\",\"inLanguage\":\"it-IT\",\"@id\":\"https:\\\/\\\/www.bazarbonino.com\\\/store\\\/prodotto\\\/jg3792-staffa-dragon-light-gora\\\/#primaryimage\",\"url\":\"https:\\\/\\\/www.bazarbonino.com\\\/store\\\/wp-content\\\/uploads\\\/2024\\\/04\\\/JG3792-Staffa-Dragon-Light-Gora.jpg\",\"contentUrl\":\"https:\\\/\\\/www.bazarbonino.com\\\/store\\\/wp-content\\\/uploads\\\/2024\\\/04\\\/JG3792-Staffa-Dragon-Light-Gora.jpg\",\"width\":889,\"height\":500,\"caption\":\"JG3792 - Staffa Dragon Light Gora\"},{\"@type\":\"BreadcrumbList\",\"@id\":\"https:\\\/\\\/www.bazarbonino.com\\\/store\\\/prodotto\\\/jg3792-staffa-dragon-light-gora\\\/#breadcrumb\",\"itemListElement\":[{\"@type\":\"ListItem\",\"position\":1,\"name\":\"Home\",\"item\":\"https:\\\/\\\/www.bazarbonino.com\\\/store\\\/\"},{\"@type\":\"ListItem\",\"position\":2,\"name\":\"Catalogo\",\"item\":\"https:\\\/\\\/www.bazarbonino.com\\\/store\\\/shop\\\/\"},{\"@type\":\"ListItem\",\"position\":3,\"name\":\"JG3792 &#8211; Staffa Dragon Light Gora\"}]},{\"@type\":\"WebSite\",\"@id\":\"https:\\\/\\\/www.bazarbonino.com\\\/store\\\/#website\",\"url\":\"https:\\\/\\\/www.bazarbonino.com\\\/store\\\/\",\"name\":\"BazarBonino\",\"description\":\"\",\"potentialAction\":[{\"@type\":\"SearchAction\",\"target\":{\"@type\":\"EntryPoint\",\"urlTemplate\":\"https:\\\/\\\/www.bazarbonino.com\\\/store\\\/?s={search_term_string}\"},\"query-input\":{\"@type\":\"PropertyValueSpecification\",\"valueRequired\":true,\"valueName\":\"search_term_string\"}}],\"inLanguage\":\"it-IT\"}]}<\/script>\n<!-- \/ Yoast SEO plugin. -->","yoast_head_json":{"title":"JG3792 - Staffa Dragon Light Gora - BazarBonino","description":"La Staffa Dragon Light Gora \u00e8 utile per chi vuole trasformare la propria Dragon Staff da 10 fuochi in una pi\u00f9 leggera da 8 !!!","robots":{"index":"index","follow":"follow","max-snippet":"max-snippet:-1","max-image-preview":"max-image-preview:large","max-video-preview":"max-video-preview:-1"},"canonical":"https:\/\/www.bazarbonino.com\/store\/prodotto\/jg3792-staffa-dragon-light-gora\/","og_locale":"it_IT","og_type":"article","og_title":"JG3792 - Staffa Dragon Light Gora - BazarBonino","og_description":"La Staffa Dragon Light Gora \u00e8 utile per chi vuole trasformare la propria Dragon Staff da 10 fuochi in una pi\u00f9 leggera da 8 !!!","og_url":"https:\/\/www.bazarbonino.com\/store\/prodotto\/jg3792-staffa-dragon-light-gora\/","og_site_name":"BazarBonino","article_publisher":"https:\/\/www.facebook.com\/bazar.bonino","article_modified_time":"2024-04-04T20:46:55+00:00","og_image":[{"width":889,"height":500,"url":"https:\/\/www.bazarbonino.com\/store\/wp-content\/uploads\/2024\/04\/JG3792-Staffa-Dragon-Light-Gora.jpg","type":"image\/jpeg"}],"twitter_card":"summary_large_image","twitter_misc":{"Tempo di lettura stimato":"1 minuto"},"schema":{"@context":"https:\/\/schema.org","@graph":[{"@type":"WebPage","@id":"https:\/\/www.bazarbonino.com\/store\/prodotto\/jg3792-staffa-dragon-light-gora\/","url":"https:\/\/www.bazarbonino.com\/store\/prodotto\/jg3792-staffa-dragon-light-gora\/","name":"JG3792 - Staffa Dragon Light Gora - BazarBonino","isPartOf":{"@id":"https:\/\/www.bazarbonino.com\/store\/#website"},"primaryImageOfPage":{"@id":"https:\/\/www.bazarbonino.com\/store\/prodotto\/jg3792-staffa-dragon-light-gora\/#primaryimage"},"image":{"@id":"https:\/\/www.bazarbonino.com\/store\/prodotto\/jg3792-staffa-dragon-light-gora\/#primaryimage"},"thumbnailUrl":"https:\/\/www.bazarbonino.com\/store\/wp-content\/uploads\/2024\/04\/JG3792-Staffa-Dragon-Light-Gora.jpg","datePublished":"2024-04-04T18:57:51+00:00","dateModified":"2024-04-04T20:46:55+00:00","description":"La Staffa Dragon Light Gora \u00e8 utile per chi vuole trasformare la propria Dragon Staff da 10 fuochi in una pi\u00f9 leggera da 8 !!!","breadcrumb":{"@id":"https:\/\/www.bazarbonino.com\/store\/prodotto\/jg3792-staffa-dragon-light-gora\/#breadcrumb"},"inLanguage":"it-IT","potentialAction":[{"@type":"ReadAction","target":["https:\/\/www.bazarbonino.com\/store\/prodotto\/jg3792-staffa-dragon-light-gora\/"]}]},{"@type":"ImageObject","inLanguage":"it-IT","@id":"https:\/\/www.bazarbonino.com\/store\/prodotto\/jg3792-staffa-dragon-light-gora\/#primaryimage","url":"https:\/\/www.bazarbonino.com\/store\/wp-content\/uploads\/2024\/04\/JG3792-Staffa-Dragon-Light-Gora.jpg","contentUrl":"https:\/\/www.bazarbonino.com\/store\/wp-content\/uploads\/2024\/04\/JG3792-Staffa-Dragon-Light-Gora.jpg","width":889,"height":500,"caption":"JG3792 - Staffa Dragon Light Gora"},{"@type":"BreadcrumbList","@id":"https:\/\/www.bazarbonino.com\/store\/prodotto\/jg3792-staffa-dragon-light-gora\/#breadcrumb","itemListElement":[{"@type":"ListItem","position":1,"name":"Home","item":"https:\/\/www.bazarbonino.com\/store\/"},{"@type":"ListItem","position":2,"name":"Catalogo","item":"https:\/\/www.bazarbonino.com\/store\/shop\/"},{"@type":"ListItem","position":3,"name":"JG3792 &#8211; Staffa Dragon Light Gora"}]},{"@type":"WebSite","@id":"https:\/\/www.bazarbonino.com\/store\/#website","url":"https:\/\/www.bazarbonino.com\/store\/","name":"BazarBonino","description":"","potentialAction":[{"@type":"SearchAction","target":{"@type":"EntryPoint","urlTemplate":"https:\/\/www.bazarbonino.com\/store\/?s={search_term_string}"},"query-input":{"@type":"PropertyValueSpecification","valueRequired":true,"valueName":"search_term_string"}}],"inLanguage":"it-IT"}]}},"_links":{"self":[{"href":"https:\/\/www.bazarbonino.com\/store\/wp-json\/wp\/v2\/product\/23036","targetHints":{"allow":["GET"]}}],"collection":[{"href":"https:\/\/www.bazarbonino.com\/store\/wp-json\/wp\/v2\/product"}],"about":[{"href":"https:\/\/www.bazarbonino.com\/store\/wp-json\/wp\/v2\/types\/product"}],"replies":[{"embeddable":true,"href":"https:\/\/www.bazarbonino.com\/store\/wp-json\/wp\/v2\/comments?post=23036"}],"wp:featuredmedia":[{"embeddable":true,"href":"https:\/\/www.bazarbonino.com\/store\/wp-json\/wp\/v2\/media\/23041"}],"wp:attachment":[{"href":"https:\/\/www.bazarbonino.com\/store\/wp-json\/wp\/v2\/media?parent=23036"}],"wp:term":[{"taxonomy":"product_brand","embeddable":true,"href":"https:\/\/www.bazarbonino.com\/store\/wp-json\/wp\/v2\/product_brand?post=23036"},{"taxonomy":"product_cat","embeddable":true,"href":"https:\/\/www.bazarbonino.com\/store\/wp-json\/wp\/v2\/product_cat?post=23036"},{"taxonomy":"product_tag","embeddable":true,"href":"https:\/\/www.bazarbonino.com\/store\/wp-json\/wp\/v2\/product_tag?post=23036"}],"curies":[{"name":"wp","href":"https:\/\/api.w.org\/{rel}","templated":true}]}}