{"id":22320,"date":"2023-11-29T23:57:41","date_gmt":"2023-11-29T22:57:41","guid":{"rendered":"https:\/\/www.bazarbonino.com\/store\/?post_type=product&#038;p=22320"},"modified":"2025-05-02T08:59:55","modified_gmt":"2025-05-02T06:59:55","slug":"hh0290-led-hoop-starburst-90-cm","status":"publish","type":"product","link":"https:\/\/www.bazarbonino.com\/store\/prodotto\/hh0290-led-hoop-starburst-90-cm\/","title":{"rendered":"HH0290 &#8211; Led Hoop Starburst 90.cm"},"content":{"rendered":"<p>Led Hoop Starburst 90cm. <span class=\"HwtZe\" lang=\"it\"><span class=\"jCAhz ChMk0b\"><span class=\"ryNqvb\">Il cerchio da ballo Starburst Pro per adulti e bambini.<\/span><\/span> <span class=\"jCAhz ChMk0b\"><span class=\"ryNqvb\">Questo hula hoop da viaggio pieghevole \u00e8 perfetto per le persone attive.<\/span><\/span> <span class=\"jCAhz ChMk0b\"><span class=\"ryNqvb\">\u00c8 leggero e facile da trasportare e riporre.<\/span><\/span> <span class=\"jCAhz ChMk0b\"><span class=\"ryNqvb\">Puoi piegarlo a met\u00e0 utilizzando il blocco pin per comodit\u00e0 in movimento.<\/span><\/span> <\/span><\/p>\n<p><span class=\"HwtZe\" lang=\"it\"><span class=\"jCAhz ChMk0b\"><span class=\"ryNqvb\">Specifiche: Peso: 250 g, Diametro: 90 cm.<\/span><\/span> <span class=\"jCAhz ChMk0b\"><span class=\"ryNqvb\">Spessore del tubo: 20 mm.<\/span><\/span> <span class=\"jCAhz ChMk0b\"><span class=\"ryNqvb\">Cerchi di queste dimensioni sono molto apprezzati anche dagli adulti che desiderano uno spinning veloce, leggero e pi\u00f9 sensibile.<\/span><\/span> <span class=\"jCAhz ChMk0b\"><span class=\"ryNqvb\">Realizzato in solido tubo di polivinilcloruro (PVC) che fornisce al cerchio un buon peso (250 g), che d\u00e0 una buona sensazione di solidit\u00e0 e aiuta a generare molto slancio per rendere pi\u00f9 facile l&#8217;hula-hoop.<\/span><\/span> <span class=\"jCAhz ChMk0b\"><span class=\"ryNqvb\">L&#8217;hula hoop \u00e8 decorato con un nastro scintillante, lucido e resistente, che \u00e8 estremamente resistente e offre maggiore presa e sensazione.<\/span><\/span> <span class=\"jCAhz ChMk0b\"><span class=\"ryNqvb\">* Nota: per preservare la bellezza e la durata del telaio, assicurati di utilizzarlo su superfici morbide, come erba, moquette e legno.<\/span><\/span> <span class=\"jCAhz ChMk0b\"><span class=\"ryNqvb\">Evitare superfici ruvide, come catrame e cemento!<\/span><\/span> <\/span><\/p>\n<p><span class=\"HwtZe\" lang=\"it\"><span class=\"jCAhz ChMk0b\"><span class=\"ryNqvb\">Questi hula hoop sono adatti per adulti e bambini.<\/span><\/span> <span class=\"jCAhz ChMk0b\"><span class=\"ryNqvb\">Ideale per tutti i livelli di abilit\u00e0, dai principianti ai professionisti.<\/span><\/span> <span class=\"jCAhz ChMk0b\"><span class=\"ryNqvb\">Sono perfetti per l&#8217;esercizio fisico, il fitness, il ballo a cerchio, i festival o semplicemente per il divertimento all&#8217;aria aperta!<\/span><\/span> <span class=\"jCAhz ChMk0b\"><span class=\"ryNqvb\">Tieni presente che questo prodotto \u00e8 alimentato da 2 batterie AA, che non fanno parte della confezione.<\/span><\/span><span class=\"jCAhz ChMk0b\"><span class=\"ryNqvb\"><br \/>\n<\/span><\/span><\/span><\/p>\n<p>&nbsp;<\/p>\n<p>&nbsp;<\/p>\n","protected":false},"excerpt":{"rendered":"<p>Led Hoop Starburst 90cm. Il cerchio da ballo Starburst Pro per adulti e bambini. Questo hula hoop da viaggio pieghevole \u00e8 perfetto per le persone attive. \u00c8 leggero e facile da trasportare e riporre. Puoi piegarlo a met\u00e0 utilizzando il blocco pin per comodit\u00e0 in movimento. Specifiche: Peso: 250 g, Diametro: 90 cm. Spessore del [&hellip;]<\/p>\n","protected":false},"featured_media":22321,"comment_status":"closed","ping_status":"closed","template":"","meta":{"_et_pb_use_builder":"","_et_pb_old_content":"","_et_gb_content_width":""},"product_brand":[],"product_cat":[2143,50],"product_tag":[2158,2144],"class_list":{"0":"post-22320","1":"product","2":"type-product","3":"status-publish","4":"has-post-thumbnail","6":"product_cat-hula-hoops","7":"product_cat-varie-luminosi-giocoleria","8":"product_tag-hula-hoop-pieghevole","9":"product_tag-hula-hoop-richiudibile","10":"pa_colore-bianco","11":"pa_colore-blu","12":"pa_colore-multicolore","13":"pa_colore-rosa","14":"pa_colore-rosso","15":"pa_colore-verde","16":"pa_colore-viola","18":"first","19":"instock","20":"sale","21":"taxable","22":"shipping-taxable","23":"purchasable","24":"product-type-variable"},"yoast_head":"<!-- This site is optimized with the Yoast SEO plugin v27.4 - https:\/\/yoast.com\/product\/yoast-seo-wordpress\/ -->\n<title>HH0290 - Led Hoop Starburst 90.cm - BazarBonino<\/title>\n<meta name=\"robots\" content=\"index, follow, max-snippet:-1, max-image-preview:large, max-video-preview:-1\" \/>\n<link rel=\"canonical\" href=\"https:\/\/www.bazarbonino.com\/store\/prodotto\/hh0290-led-hoop-starburst-90-cm\/\" \/>\n<meta property=\"og:locale\" content=\"it_IT\" \/>\n<meta property=\"og:type\" content=\"article\" \/>\n<meta property=\"og:title\" content=\"HH0290 - Led Hoop Starburst 90.cm - BazarBonino\" \/>\n<meta property=\"og:description\" content=\"Led Hoop Starburst 90cm. Il cerchio da ballo Starburst Pro per adulti e bambini. Questo hula hoop da viaggio pieghevole \u00e8 perfetto per le persone attive. \u00c8 leggero e facile da trasportare e riporre. Puoi piegarlo a met\u00e0 utilizzando il blocco pin per comodit\u00e0 in movimento. Specifiche: Peso: 250 g, Diametro: 90 cm. Spessore del [&hellip;]\" \/>\n<meta property=\"og:url\" content=\"https:\/\/www.bazarbonino.com\/store\/prodotto\/hh0290-led-hoop-starburst-90-cm\/\" \/>\n<meta property=\"og:site_name\" content=\"BazarBonino\" \/>\n<meta property=\"article:publisher\" content=\"https:\/\/www.facebook.com\/bazar.bonino\" \/>\n<meta property=\"article:modified_time\" content=\"2025-05-02T06:59:55+00:00\" \/>\n<meta property=\"og:image\" content=\"https:\/\/www.bazarbonino.com\/store\/wp-content\/uploads\/2023\/11\/HH0290-Led-Hoop-Starburst-90.cm_.jpg\" \/>\n\t<meta property=\"og:image:width\" content=\"793\" \/>\n\t<meta property=\"og:image:height\" content=\"793\" \/>\n\t<meta property=\"og:image:type\" content=\"image\/jpeg\" \/>\n<meta name=\"twitter:card\" content=\"summary_large_image\" \/>\n<meta name=\"twitter:label1\" content=\"Tempo di lettura stimato\" \/>\n\t<meta name=\"twitter:data1\" content=\"1 minuto\" \/>\n<script type=\"application\/ld+json\" class=\"yoast-schema-graph\">{\"@context\":\"https:\\\/\\\/schema.org\",\"@graph\":[{\"@type\":\"WebPage\",\"@id\":\"https:\\\/\\\/www.bazarbonino.com\\\/store\\\/prodotto\\\/hh0290-led-hoop-starburst-90-cm\\\/\",\"url\":\"https:\\\/\\\/www.bazarbonino.com\\\/store\\\/prodotto\\\/hh0290-led-hoop-starburst-90-cm\\\/\",\"name\":\"HH0290 - Led Hoop Starburst 90.cm - BazarBonino\",\"isPartOf\":{\"@id\":\"https:\\\/\\\/www.bazarbonino.com\\\/store\\\/#website\"},\"primaryImageOfPage\":{\"@id\":\"https:\\\/\\\/www.bazarbonino.com\\\/store\\\/prodotto\\\/hh0290-led-hoop-starburst-90-cm\\\/#primaryimage\"},\"image\":{\"@id\":\"https:\\\/\\\/www.bazarbonino.com\\\/store\\\/prodotto\\\/hh0290-led-hoop-starburst-90-cm\\\/#primaryimage\"},\"thumbnailUrl\":\"https:\\\/\\\/www.bazarbonino.com\\\/store\\\/wp-content\\\/uploads\\\/2023\\\/11\\\/HH0290-Led-Hoop-Starburst-90.cm_.jpg\",\"datePublished\":\"2023-11-29T22:57:41+00:00\",\"dateModified\":\"2025-05-02T06:59:55+00:00\",\"breadcrumb\":{\"@id\":\"https:\\\/\\\/www.bazarbonino.com\\\/store\\\/prodotto\\\/hh0290-led-hoop-starburst-90-cm\\\/#breadcrumb\"},\"inLanguage\":\"it-IT\",\"potentialAction\":[{\"@type\":\"ReadAction\",\"target\":[\"https:\\\/\\\/www.bazarbonino.com\\\/store\\\/prodotto\\\/hh0290-led-hoop-starburst-90-cm\\\/\"]}]},{\"@type\":\"ImageObject\",\"inLanguage\":\"it-IT\",\"@id\":\"https:\\\/\\\/www.bazarbonino.com\\\/store\\\/prodotto\\\/hh0290-led-hoop-starburst-90-cm\\\/#primaryimage\",\"url\":\"https:\\\/\\\/www.bazarbonino.com\\\/store\\\/wp-content\\\/uploads\\\/2023\\\/11\\\/HH0290-Led-Hoop-Starburst-90.cm_.jpg\",\"contentUrl\":\"https:\\\/\\\/www.bazarbonino.com\\\/store\\\/wp-content\\\/uploads\\\/2023\\\/11\\\/HH0290-Led-Hoop-Starburst-90.cm_.jpg\",\"width\":793,\"height\":793,\"caption\":\"HH0290 - Led Hoop Starburst 90.cm\"},{\"@type\":\"BreadcrumbList\",\"@id\":\"https:\\\/\\\/www.bazarbonino.com\\\/store\\\/prodotto\\\/hh0290-led-hoop-starburst-90-cm\\\/#breadcrumb\",\"itemListElement\":[{\"@type\":\"ListItem\",\"position\":1,\"name\":\"Home\",\"item\":\"https:\\\/\\\/www.bazarbonino.com\\\/store\\\/\"},{\"@type\":\"ListItem\",\"position\":2,\"name\":\"Catalogo\",\"item\":\"https:\\\/\\\/www.bazarbonino.com\\\/store\\\/shop\\\/\"},{\"@type\":\"ListItem\",\"position\":3,\"name\":\"HH0290 &#8211; Led Hoop Starburst 90.cm\"}]},{\"@type\":\"WebSite\",\"@id\":\"https:\\\/\\\/www.bazarbonino.com\\\/store\\\/#website\",\"url\":\"https:\\\/\\\/www.bazarbonino.com\\\/store\\\/\",\"name\":\"BazarBonino\",\"description\":\"\",\"potentialAction\":[{\"@type\":\"SearchAction\",\"target\":{\"@type\":\"EntryPoint\",\"urlTemplate\":\"https:\\\/\\\/www.bazarbonino.com\\\/store\\\/?s={search_term_string}\"},\"query-input\":{\"@type\":\"PropertyValueSpecification\",\"valueRequired\":true,\"valueName\":\"search_term_string\"}}],\"inLanguage\":\"it-IT\"}]}<\/script>\n<!-- \/ Yoast SEO plugin. -->","yoast_head_json":{"title":"HH0290 - Led Hoop Starburst 90.cm - BazarBonino","robots":{"index":"index","follow":"follow","max-snippet":"max-snippet:-1","max-image-preview":"max-image-preview:large","max-video-preview":"max-video-preview:-1"},"canonical":"https:\/\/www.bazarbonino.com\/store\/prodotto\/hh0290-led-hoop-starburst-90-cm\/","og_locale":"it_IT","og_type":"article","og_title":"HH0290 - Led Hoop Starburst 90.cm - BazarBonino","og_description":"Led Hoop Starburst 90cm. Il cerchio da ballo Starburst Pro per adulti e bambini. Questo hula hoop da viaggio pieghevole \u00e8 perfetto per le persone attive. \u00c8 leggero e facile da trasportare e riporre. Puoi piegarlo a met\u00e0 utilizzando il blocco pin per comodit\u00e0 in movimento. Specifiche: Peso: 250 g, Diametro: 90 cm. Spessore del [&hellip;]","og_url":"https:\/\/www.bazarbonino.com\/store\/prodotto\/hh0290-led-hoop-starburst-90-cm\/","og_site_name":"BazarBonino","article_publisher":"https:\/\/www.facebook.com\/bazar.bonino","article_modified_time":"2025-05-02T06:59:55+00:00","og_image":[{"width":793,"height":793,"url":"https:\/\/www.bazarbonino.com\/store\/wp-content\/uploads\/2023\/11\/HH0290-Led-Hoop-Starburst-90.cm_.jpg","type":"image\/jpeg"}],"twitter_card":"summary_large_image","twitter_misc":{"Tempo di lettura stimato":"1 minuto"},"schema":{"@context":"https:\/\/schema.org","@graph":[{"@type":"WebPage","@id":"https:\/\/www.bazarbonino.com\/store\/prodotto\/hh0290-led-hoop-starburst-90-cm\/","url":"https:\/\/www.bazarbonino.com\/store\/prodotto\/hh0290-led-hoop-starburst-90-cm\/","name":"HH0290 - Led Hoop Starburst 90.cm - BazarBonino","isPartOf":{"@id":"https:\/\/www.bazarbonino.com\/store\/#website"},"primaryImageOfPage":{"@id":"https:\/\/www.bazarbonino.com\/store\/prodotto\/hh0290-led-hoop-starburst-90-cm\/#primaryimage"},"image":{"@id":"https:\/\/www.bazarbonino.com\/store\/prodotto\/hh0290-led-hoop-starburst-90-cm\/#primaryimage"},"thumbnailUrl":"https:\/\/www.bazarbonino.com\/store\/wp-content\/uploads\/2023\/11\/HH0290-Led-Hoop-Starburst-90.cm_.jpg","datePublished":"2023-11-29T22:57:41+00:00","dateModified":"2025-05-02T06:59:55+00:00","breadcrumb":{"@id":"https:\/\/www.bazarbonino.com\/store\/prodotto\/hh0290-led-hoop-starburst-90-cm\/#breadcrumb"},"inLanguage":"it-IT","potentialAction":[{"@type":"ReadAction","target":["https:\/\/www.bazarbonino.com\/store\/prodotto\/hh0290-led-hoop-starburst-90-cm\/"]}]},{"@type":"ImageObject","inLanguage":"it-IT","@id":"https:\/\/www.bazarbonino.com\/store\/prodotto\/hh0290-led-hoop-starburst-90-cm\/#primaryimage","url":"https:\/\/www.bazarbonino.com\/store\/wp-content\/uploads\/2023\/11\/HH0290-Led-Hoop-Starburst-90.cm_.jpg","contentUrl":"https:\/\/www.bazarbonino.com\/store\/wp-content\/uploads\/2023\/11\/HH0290-Led-Hoop-Starburst-90.cm_.jpg","width":793,"height":793,"caption":"HH0290 - Led Hoop Starburst 90.cm"},{"@type":"BreadcrumbList","@id":"https:\/\/www.bazarbonino.com\/store\/prodotto\/hh0290-led-hoop-starburst-90-cm\/#breadcrumb","itemListElement":[{"@type":"ListItem","position":1,"name":"Home","item":"https:\/\/www.bazarbonino.com\/store\/"},{"@type":"ListItem","position":2,"name":"Catalogo","item":"https:\/\/www.bazarbonino.com\/store\/shop\/"},{"@type":"ListItem","position":3,"name":"HH0290 &#8211; Led Hoop Starburst 90.cm"}]},{"@type":"WebSite","@id":"https:\/\/www.bazarbonino.com\/store\/#website","url":"https:\/\/www.bazarbonino.com\/store\/","name":"BazarBonino","description":"","potentialAction":[{"@type":"SearchAction","target":{"@type":"EntryPoint","urlTemplate":"https:\/\/www.bazarbonino.com\/store\/?s={search_term_string}"},"query-input":{"@type":"PropertyValueSpecification","valueRequired":true,"valueName":"search_term_string"}}],"inLanguage":"it-IT"}]}},"_links":{"self":[{"href":"https:\/\/www.bazarbonino.com\/store\/wp-json\/wp\/v2\/product\/22320","targetHints":{"allow":["GET"]}}],"collection":[{"href":"https:\/\/www.bazarbonino.com\/store\/wp-json\/wp\/v2\/product"}],"about":[{"href":"https:\/\/www.bazarbonino.com\/store\/wp-json\/wp\/v2\/types\/product"}],"replies":[{"embeddable":true,"href":"https:\/\/www.bazarbonino.com\/store\/wp-json\/wp\/v2\/comments?post=22320"}],"wp:featuredmedia":[{"embeddable":true,"href":"https:\/\/www.bazarbonino.com\/store\/wp-json\/wp\/v2\/media\/22321"}],"wp:attachment":[{"href":"https:\/\/www.bazarbonino.com\/store\/wp-json\/wp\/v2\/media?parent=22320"}],"wp:term":[{"taxonomy":"product_brand","embeddable":true,"href":"https:\/\/www.bazarbonino.com\/store\/wp-json\/wp\/v2\/product_brand?post=22320"},{"taxonomy":"product_cat","embeddable":true,"href":"https:\/\/www.bazarbonino.com\/store\/wp-json\/wp\/v2\/product_cat?post=22320"},{"taxonomy":"product_tag","embeddable":true,"href":"https:\/\/www.bazarbonino.com\/store\/wp-json\/wp\/v2\/product_tag?post=22320"}],"curies":[{"name":"wp","href":"https:\/\/api.w.org\/{rel}","templated":true}]}}