{"id":21996,"date":"2023-09-30T11:14:57","date_gmt":"2023-09-30T09:14:57","guid":{"rendered":"https:\/\/www.bazarbonino.com\/store\/?post_type=product&#038;p=21996"},"modified":"2023-10-28T10:24:31","modified_gmt":"2023-10-28T08:24:31","slug":"jg2015-twist-devil-stick-con-bacchette","status":"publish","type":"product","link":"https:\/\/www.bazarbonino.com\/store\/prodotto\/jg2015-twist-devil-stick-con-bacchette\/","title":{"rendered":"JG2015 &#8211; Twist Devil Stick con Bacchette"},"content":{"rendered":"<p>Twist Devil Stick con Bacchette \u00e8<span class=\"HwtZe\" lang=\"it\"><span class=\"jCAhz ChMk0b\"><span class=\"ryNqvb\"> realizzato con materiali compositi. Questo modello di Devil Stick \u00e8 ricoperto di nastro in vinile e dotato di estremit\u00e0 in gomma nera grandi e resistenti che servono a proteggere il bastone da forti impatti.<\/span><\/span> <span class=\"jCAhz ChMk0b\"><span class=\"ryNqvb\">A differenza dei tradizionali Devil Stick in legno, \u00e8 leggermente pi\u00f9 pesante, il che aiuta a rallentare la velocit\u00e0 del bastone e questo peso aggiunto li rende pi\u00f9 facili da controllare. Ideale per i principianti o per coloro che cercano maggiore stabilit\u00e0 nelle loro routine.<\/span><\/span> L<span class=\"jCAhz ChMk0b\"><span class=\"ryNqvb\">a struttura composita, il nastro in vinile e le estremit\u00e0 in gomma creano un bastone del diavolo durevole e facile da usare per artisti e appassionati. Lungo cm.65 da l peso di 270 gr. Viene fornito con bacchette ricoperte di silicone e rinforzate sulle estremit\u00e0.<\/span><\/span><\/span><\/p>\n<p class=\"articoli\">\n","protected":false},"excerpt":{"rendered":"<p>Twist Devil Stick con Bacchette \u00e8 realizzato con materiali compositi. Questo modello di Devil Stick \u00e8 ricoperto di nastro in vinile e dotato di estremit\u00e0 in gomma nera grandi e resistenti che servono a proteggere il bastone da forti impatti. A differenza dei tradizionali Devil Stick in legno, \u00e8 leggermente pi\u00f9 pesante, il che aiuta [&hellip;]<\/p>\n","protected":false},"featured_media":21997,"comment_status":"closed","ping_status":"closed","template":"","meta":{"_et_pb_use_builder":"","_et_pb_old_content":"","_et_gb_content_width":""},"product_brand":[],"product_cat":[23],"product_tag":[252,2127,251,253],"class_list":{"0":"post-21996","1":"product","2":"type-product","3":"status-publish","4":"has-post-thumbnail","6":"product_cat-devilstick","7":"product_tag-bastone-del-diavolo","8":"product_tag-bazar-bonino-torino","9":"product_tag-devilstick-per-principianti-e-professionisti","10":"product_tag-negozio-giocoleria-on-line","11":"pa_colore-arancio","12":"pa_colore-bianco","13":"pa_colore-celeste","14":"pa_colore-giallo","15":"pa_colore-rosa","16":"pa_colore-rosso","18":"first","19":"instock","20":"sale","21":"taxable","22":"shipping-taxable","23":"purchasable","24":"product-type-variable"},"yoast_head":"<!-- This site is optimized with the Yoast SEO plugin v27.4 - https:\/\/yoast.com\/product\/yoast-seo-wordpress\/ -->\n<title>JG2015 - Twist Devil Stick con Bacchette - BazarBonino<\/title>\n<meta name=\"description\" content=\"Twist Devil Stick con Bacchette \u00e8 realizzato con materiali compositi, ricoperto di nastro in vinile e dotato di estremit\u00e0 in gomma nera grandi e resistenti\" \/>\n<meta name=\"robots\" content=\"index, follow, max-snippet:-1, max-image-preview:large, max-video-preview:-1\" \/>\n<link rel=\"canonical\" href=\"https:\/\/www.bazarbonino.com\/store\/prodotto\/jg2015-twist-devil-stick-con-bacchette\/\" \/>\n<meta property=\"og:locale\" content=\"it_IT\" \/>\n<meta property=\"og:type\" content=\"article\" \/>\n<meta property=\"og:title\" content=\"JG2015 - Twist Devil Stick con Bacchette - BazarBonino\" \/>\n<meta property=\"og:description\" content=\"Twist Devil Stick con Bacchette \u00e8 realizzato con materiali compositi, ricoperto di nastro in vinile e dotato di estremit\u00e0 in gomma nera grandi e resistenti\" \/>\n<meta property=\"og:url\" content=\"https:\/\/www.bazarbonino.com\/store\/prodotto\/jg2015-twist-devil-stick-con-bacchette\/\" \/>\n<meta property=\"og:site_name\" content=\"BazarBonino\" \/>\n<meta property=\"article:publisher\" content=\"https:\/\/www.facebook.com\/bazar.bonino\" \/>\n<meta property=\"article:modified_time\" content=\"2023-10-28T08:24:31+00:00\" \/>\n<meta property=\"og:image\" content=\"https:\/\/www.bazarbonino.com\/store\/wp-content\/uploads\/2023\/09\/JG2015-Twist-Devil-Stick-con-Bacchette.jpg\" \/>\n\t<meta property=\"og:image:width\" content=\"1475\" \/>\n\t<meta property=\"og:image:height\" content=\"1414\" \/>\n\t<meta property=\"og:image:type\" content=\"image\/jpeg\" \/>\n<meta name=\"twitter:card\" content=\"summary_large_image\" \/>\n<meta name=\"twitter:label1\" content=\"Tempo di lettura stimato\" \/>\n\t<meta name=\"twitter:data1\" content=\"1 minuto\" \/>\n<script type=\"application\/ld+json\" class=\"yoast-schema-graph\">{\"@context\":\"https:\\\/\\\/schema.org\",\"@graph\":[{\"@type\":\"WebPage\",\"@id\":\"https:\\\/\\\/www.bazarbonino.com\\\/store\\\/prodotto\\\/jg2015-twist-devil-stick-con-bacchette\\\/\",\"url\":\"https:\\\/\\\/www.bazarbonino.com\\\/store\\\/prodotto\\\/jg2015-twist-devil-stick-con-bacchette\\\/\",\"name\":\"JG2015 - Twist Devil Stick con Bacchette - BazarBonino\",\"isPartOf\":{\"@id\":\"https:\\\/\\\/www.bazarbonino.com\\\/store\\\/#website\"},\"primaryImageOfPage\":{\"@id\":\"https:\\\/\\\/www.bazarbonino.com\\\/store\\\/prodotto\\\/jg2015-twist-devil-stick-con-bacchette\\\/#primaryimage\"},\"image\":{\"@id\":\"https:\\\/\\\/www.bazarbonino.com\\\/store\\\/prodotto\\\/jg2015-twist-devil-stick-con-bacchette\\\/#primaryimage\"},\"thumbnailUrl\":\"https:\\\/\\\/www.bazarbonino.com\\\/store\\\/wp-content\\\/uploads\\\/2023\\\/09\\\/JG2015-Twist-Devil-Stick-con-Bacchette.jpg\",\"datePublished\":\"2023-09-30T09:14:57+00:00\",\"dateModified\":\"2023-10-28T08:24:31+00:00\",\"description\":\"Twist Devil Stick con Bacchette \u00e8 realizzato con materiali compositi, ricoperto di nastro in vinile e dotato di estremit\u00e0 in gomma nera grandi e resistenti\",\"breadcrumb\":{\"@id\":\"https:\\\/\\\/www.bazarbonino.com\\\/store\\\/prodotto\\\/jg2015-twist-devil-stick-con-bacchette\\\/#breadcrumb\"},\"inLanguage\":\"it-IT\",\"potentialAction\":[{\"@type\":\"ReadAction\",\"target\":[\"https:\\\/\\\/www.bazarbonino.com\\\/store\\\/prodotto\\\/jg2015-twist-devil-stick-con-bacchette\\\/\"]}]},{\"@type\":\"ImageObject\",\"inLanguage\":\"it-IT\",\"@id\":\"https:\\\/\\\/www.bazarbonino.com\\\/store\\\/prodotto\\\/jg2015-twist-devil-stick-con-bacchette\\\/#primaryimage\",\"url\":\"https:\\\/\\\/www.bazarbonino.com\\\/store\\\/wp-content\\\/uploads\\\/2023\\\/09\\\/JG2015-Twist-Devil-Stick-con-Bacchette.jpg\",\"contentUrl\":\"https:\\\/\\\/www.bazarbonino.com\\\/store\\\/wp-content\\\/uploads\\\/2023\\\/09\\\/JG2015-Twist-Devil-Stick-con-Bacchette.jpg\",\"width\":1475,\"height\":1414,\"caption\":\"JG2015 - Twist Devil Stick con Bacchette\"},{\"@type\":\"BreadcrumbList\",\"@id\":\"https:\\\/\\\/www.bazarbonino.com\\\/store\\\/prodotto\\\/jg2015-twist-devil-stick-con-bacchette\\\/#breadcrumb\",\"itemListElement\":[{\"@type\":\"ListItem\",\"position\":1,\"name\":\"Home\",\"item\":\"https:\\\/\\\/www.bazarbonino.com\\\/store\\\/\"},{\"@type\":\"ListItem\",\"position\":2,\"name\":\"Catalogo\",\"item\":\"https:\\\/\\\/www.bazarbonino.com\\\/store\\\/shop\\\/\"},{\"@type\":\"ListItem\",\"position\":3,\"name\":\"JG2015 &#8211; Twist Devil Stick con Bacchette\"}]},{\"@type\":\"WebSite\",\"@id\":\"https:\\\/\\\/www.bazarbonino.com\\\/store\\\/#website\",\"url\":\"https:\\\/\\\/www.bazarbonino.com\\\/store\\\/\",\"name\":\"BazarBonino\",\"description\":\"\",\"potentialAction\":[{\"@type\":\"SearchAction\",\"target\":{\"@type\":\"EntryPoint\",\"urlTemplate\":\"https:\\\/\\\/www.bazarbonino.com\\\/store\\\/?s={search_term_string}\"},\"query-input\":{\"@type\":\"PropertyValueSpecification\",\"valueRequired\":true,\"valueName\":\"search_term_string\"}}],\"inLanguage\":\"it-IT\"}]}<\/script>\n<!-- \/ Yoast SEO plugin. -->","yoast_head_json":{"title":"JG2015 - Twist Devil Stick con Bacchette - BazarBonino","description":"Twist Devil Stick con Bacchette \u00e8 realizzato con materiali compositi, ricoperto di nastro in vinile e dotato di estremit\u00e0 in gomma nera grandi e resistenti","robots":{"index":"index","follow":"follow","max-snippet":"max-snippet:-1","max-image-preview":"max-image-preview:large","max-video-preview":"max-video-preview:-1"},"canonical":"https:\/\/www.bazarbonino.com\/store\/prodotto\/jg2015-twist-devil-stick-con-bacchette\/","og_locale":"it_IT","og_type":"article","og_title":"JG2015 - Twist Devil Stick con Bacchette - BazarBonino","og_description":"Twist Devil Stick con Bacchette \u00e8 realizzato con materiali compositi, ricoperto di nastro in vinile e dotato di estremit\u00e0 in gomma nera grandi e resistenti","og_url":"https:\/\/www.bazarbonino.com\/store\/prodotto\/jg2015-twist-devil-stick-con-bacchette\/","og_site_name":"BazarBonino","article_publisher":"https:\/\/www.facebook.com\/bazar.bonino","article_modified_time":"2023-10-28T08:24:31+00:00","og_image":[{"width":1475,"height":1414,"url":"https:\/\/www.bazarbonino.com\/store\/wp-content\/uploads\/2023\/09\/JG2015-Twist-Devil-Stick-con-Bacchette.jpg","type":"image\/jpeg"}],"twitter_card":"summary_large_image","twitter_misc":{"Tempo di lettura stimato":"1 minuto"},"schema":{"@context":"https:\/\/schema.org","@graph":[{"@type":"WebPage","@id":"https:\/\/www.bazarbonino.com\/store\/prodotto\/jg2015-twist-devil-stick-con-bacchette\/","url":"https:\/\/www.bazarbonino.com\/store\/prodotto\/jg2015-twist-devil-stick-con-bacchette\/","name":"JG2015 - Twist Devil Stick con Bacchette - BazarBonino","isPartOf":{"@id":"https:\/\/www.bazarbonino.com\/store\/#website"},"primaryImageOfPage":{"@id":"https:\/\/www.bazarbonino.com\/store\/prodotto\/jg2015-twist-devil-stick-con-bacchette\/#primaryimage"},"image":{"@id":"https:\/\/www.bazarbonino.com\/store\/prodotto\/jg2015-twist-devil-stick-con-bacchette\/#primaryimage"},"thumbnailUrl":"https:\/\/www.bazarbonino.com\/store\/wp-content\/uploads\/2023\/09\/JG2015-Twist-Devil-Stick-con-Bacchette.jpg","datePublished":"2023-09-30T09:14:57+00:00","dateModified":"2023-10-28T08:24:31+00:00","description":"Twist Devil Stick con Bacchette \u00e8 realizzato con materiali compositi, ricoperto di nastro in vinile e dotato di estremit\u00e0 in gomma nera grandi e resistenti","breadcrumb":{"@id":"https:\/\/www.bazarbonino.com\/store\/prodotto\/jg2015-twist-devil-stick-con-bacchette\/#breadcrumb"},"inLanguage":"it-IT","potentialAction":[{"@type":"ReadAction","target":["https:\/\/www.bazarbonino.com\/store\/prodotto\/jg2015-twist-devil-stick-con-bacchette\/"]}]},{"@type":"ImageObject","inLanguage":"it-IT","@id":"https:\/\/www.bazarbonino.com\/store\/prodotto\/jg2015-twist-devil-stick-con-bacchette\/#primaryimage","url":"https:\/\/www.bazarbonino.com\/store\/wp-content\/uploads\/2023\/09\/JG2015-Twist-Devil-Stick-con-Bacchette.jpg","contentUrl":"https:\/\/www.bazarbonino.com\/store\/wp-content\/uploads\/2023\/09\/JG2015-Twist-Devil-Stick-con-Bacchette.jpg","width":1475,"height":1414,"caption":"JG2015 - Twist Devil Stick con Bacchette"},{"@type":"BreadcrumbList","@id":"https:\/\/www.bazarbonino.com\/store\/prodotto\/jg2015-twist-devil-stick-con-bacchette\/#breadcrumb","itemListElement":[{"@type":"ListItem","position":1,"name":"Home","item":"https:\/\/www.bazarbonino.com\/store\/"},{"@type":"ListItem","position":2,"name":"Catalogo","item":"https:\/\/www.bazarbonino.com\/store\/shop\/"},{"@type":"ListItem","position":3,"name":"JG2015 &#8211; Twist Devil Stick con Bacchette"}]},{"@type":"WebSite","@id":"https:\/\/www.bazarbonino.com\/store\/#website","url":"https:\/\/www.bazarbonino.com\/store\/","name":"BazarBonino","description":"","potentialAction":[{"@type":"SearchAction","target":{"@type":"EntryPoint","urlTemplate":"https:\/\/www.bazarbonino.com\/store\/?s={search_term_string}"},"query-input":{"@type":"PropertyValueSpecification","valueRequired":true,"valueName":"search_term_string"}}],"inLanguage":"it-IT"}]}},"_links":{"self":[{"href":"https:\/\/www.bazarbonino.com\/store\/wp-json\/wp\/v2\/product\/21996","targetHints":{"allow":["GET"]}}],"collection":[{"href":"https:\/\/www.bazarbonino.com\/store\/wp-json\/wp\/v2\/product"}],"about":[{"href":"https:\/\/www.bazarbonino.com\/store\/wp-json\/wp\/v2\/types\/product"}],"replies":[{"embeddable":true,"href":"https:\/\/www.bazarbonino.com\/store\/wp-json\/wp\/v2\/comments?post=21996"}],"wp:featuredmedia":[{"embeddable":true,"href":"https:\/\/www.bazarbonino.com\/store\/wp-json\/wp\/v2\/media\/21997"}],"wp:attachment":[{"href":"https:\/\/www.bazarbonino.com\/store\/wp-json\/wp\/v2\/media?parent=21996"}],"wp:term":[{"taxonomy":"product_brand","embeddable":true,"href":"https:\/\/www.bazarbonino.com\/store\/wp-json\/wp\/v2\/product_brand?post=21996"},{"taxonomy":"product_cat","embeddable":true,"href":"https:\/\/www.bazarbonino.com\/store\/wp-json\/wp\/v2\/product_cat?post=21996"},{"taxonomy":"product_tag","embeddable":true,"href":"https:\/\/www.bazarbonino.com\/store\/wp-json\/wp\/v2\/product_tag?post=21996"}],"curies":[{"name":"wp","href":"https:\/\/api.w.org\/{rel}","templated":true}]}}