{"id":21953,"date":"2023-09-25T17:37:56","date_gmt":"2023-09-25T15:37:56","guid":{"rendered":"https:\/\/www.bazarbonino.com\/store\/?post_type=product&#038;p=21953"},"modified":"2024-12-09T12:01:38","modified_gmt":"2024-12-09T11:01:38","slug":"jg2841-tumbler-manipulation-hat-orange-blue","status":"publish","type":"product","link":"https:\/\/www.bazarbonino.com\/store\/prodotto\/jg2841-tumbler-manipulation-hat-orange-blue\/","title":{"rendered":"JG2841 &#8211; Tumbler Manipulation Hat Orange\/Blue"},"content":{"rendered":"<p>Tumbler Manipulation Hat Orange\/Blue un ottimo cappello della JD<span class=\"HwtZe\" lang=\"it\"><span class=\"jCAhz ChMk0b\"><span class=\"ryNqvb\"> appositamente modellato e ponderato per qualsiasi tipo di trick.<\/span><\/span> <span class=\"jCAhz ChMk0b\"><span class=\"ryNqvb\">Il vantaggio principale di questo cappello \u00e8 che \u00e8 totalmente simmetrico ed \u00e8 composto da tre strati di lana: questo \u00e8 sufficiente per mantenere il cappello pesante durante lanci, rotolamenti, rotazioni e acrobazie.<\/span><\/span> <span class=\"jCAhz ChMk0b\"><span class=\"ryNqvb\">I cappelli vengono spesso acquistati in set da 3 per i giocolieri di cappelli pi\u00f9 avanzati, ma qui sono venduti singolarmente.<\/span><\/span> <span class=\"jCAhz ChMk0b\"><span class=\"ryNqvb\">La qualit\u00e0 dei cappelli \u00e8 consistente ed eccellente.<\/span><\/span><\/span><\/p>\n<p class=\"articoli\"><strong>Subito disponibile<\/strong> <strong>in taglia 58<\/strong><strong>.<\/strong><\/p>\n<p class=\"articoli\">Per altre taglie e quantit\u00e0 prenotateli direttamente con un&#8217;ordinazione oppure via mail. TEMPO DI ATTESA 7 GG LAVORATIVI CIRCA<\/p>\n","protected":false},"excerpt":{"rendered":"<p>Tumbler Manipulation Hat Orange\/Blue un ottimo cappello della JD appositamente modellato e ponderato per qualsiasi tipo di trick. Il vantaggio principale di questo cappello \u00e8 che \u00e8 totalmente simmetrico ed \u00e8 composto da tre strati di lana: questo \u00e8 sufficiente per mantenere il cappello pesante durante lanci, rotolamenti, rotazioni e acrobazie. I cappelli vengono spesso [&hellip;]<\/p>\n","protected":false},"featured_media":21980,"comment_status":"closed","ping_status":"closed","template":"","meta":{"_et_pb_use_builder":"","_et_pb_old_content":"","_et_gb_content_width":""},"product_brand":[],"product_cat":[33],"product_tag":[276,2127,275,255],"class_list":{"0":"post-21953","1":"product","2":"type-product","3":"status-publish","4":"has-post-thumbnail","6":"product_cat-cappelli-manipolazione","7":"product_tag-attrezzi-circensi-giocoleria","8":"product_tag-bazar-bonino-torino","9":"product_tag-cappelli-per-manipolazione-professionali","10":"product_tag-negozio-on-line","12":"first","13":"instock","14":"taxable","15":"shipping-taxable","16":"purchasable","17":"product-type-variable"},"yoast_head":"<!-- This site is optimized with the Yoast SEO plugin v27.4 - https:\/\/yoast.com\/product\/yoast-seo-wordpress\/ -->\n<title>JG2841 - Tumbler Manipulation Hat Orange\/Blue - BazarBonino<\/title>\n<meta name=\"description\" content=\"Tumbler Manipulation Hat Orange\/Blue un ottimo cappello della JD appositamente modellato e ponderato per qualsiasi tipo di trick.\" \/>\n<meta name=\"robots\" content=\"index, follow, max-snippet:-1, max-image-preview:large, max-video-preview:-1\" \/>\n<link rel=\"canonical\" href=\"https:\/\/www.bazarbonino.com\/store\/prodotto\/jg2841-tumbler-manipulation-hat-orange-blue\/\" \/>\n<meta property=\"og:locale\" content=\"it_IT\" \/>\n<meta property=\"og:type\" content=\"article\" \/>\n<meta property=\"og:title\" content=\"JG2841 - Tumbler Manipulation Hat Orange\/Blue - BazarBonino\" \/>\n<meta property=\"og:description\" content=\"Tumbler Manipulation Hat Orange\/Blue un ottimo cappello della JD appositamente modellato e ponderato per qualsiasi tipo di trick.\" \/>\n<meta property=\"og:url\" content=\"https:\/\/www.bazarbonino.com\/store\/prodotto\/jg2841-tumbler-manipulation-hat-orange-blue\/\" \/>\n<meta property=\"og:site_name\" content=\"BazarBonino\" \/>\n<meta property=\"article:publisher\" content=\"https:\/\/www.facebook.com\/bazar.bonino\" \/>\n<meta property=\"article:modified_time\" content=\"2024-12-09T11:01:38+00:00\" \/>\n<meta property=\"og:image\" content=\"https:\/\/www.bazarbonino.com\/store\/wp-content\/uploads\/2023\/09\/JG2841-Tumbler-Manipulation-Hat-OrangeBlue.jpg\" \/>\n\t<meta property=\"og:image:width\" content=\"794\" \/>\n\t<meta property=\"og:image:height\" content=\"794\" \/>\n\t<meta property=\"og:image:type\" content=\"image\/jpeg\" \/>\n<meta name=\"twitter:card\" content=\"summary_large_image\" \/>\n<script type=\"application\/ld+json\" class=\"yoast-schema-graph\">{\"@context\":\"https:\\\/\\\/schema.org\",\"@graph\":[{\"@type\":\"WebPage\",\"@id\":\"https:\\\/\\\/www.bazarbonino.com\\\/store\\\/prodotto\\\/jg2841-tumbler-manipulation-hat-orange-blue\\\/\",\"url\":\"https:\\\/\\\/www.bazarbonino.com\\\/store\\\/prodotto\\\/jg2841-tumbler-manipulation-hat-orange-blue\\\/\",\"name\":\"JG2841 - Tumbler Manipulation Hat Orange\\\/Blue - BazarBonino\",\"isPartOf\":{\"@id\":\"https:\\\/\\\/www.bazarbonino.com\\\/store\\\/#website\"},\"primaryImageOfPage\":{\"@id\":\"https:\\\/\\\/www.bazarbonino.com\\\/store\\\/prodotto\\\/jg2841-tumbler-manipulation-hat-orange-blue\\\/#primaryimage\"},\"image\":{\"@id\":\"https:\\\/\\\/www.bazarbonino.com\\\/store\\\/prodotto\\\/jg2841-tumbler-manipulation-hat-orange-blue\\\/#primaryimage\"},\"thumbnailUrl\":\"https:\\\/\\\/www.bazarbonino.com\\\/store\\\/wp-content\\\/uploads\\\/2023\\\/09\\\/JG2841-Tumbler-Manipulation-Hat-OrangeBlue.jpg\",\"datePublished\":\"2023-09-25T15:37:56+00:00\",\"dateModified\":\"2024-12-09T11:01:38+00:00\",\"description\":\"Tumbler Manipulation Hat Orange\\\/Blue un ottimo cappello della JD appositamente modellato e ponderato per qualsiasi tipo di trick.\",\"breadcrumb\":{\"@id\":\"https:\\\/\\\/www.bazarbonino.com\\\/store\\\/prodotto\\\/jg2841-tumbler-manipulation-hat-orange-blue\\\/#breadcrumb\"},\"inLanguage\":\"it-IT\",\"potentialAction\":[{\"@type\":\"ReadAction\",\"target\":[\"https:\\\/\\\/www.bazarbonino.com\\\/store\\\/prodotto\\\/jg2841-tumbler-manipulation-hat-orange-blue\\\/\"]}]},{\"@type\":\"ImageObject\",\"inLanguage\":\"it-IT\",\"@id\":\"https:\\\/\\\/www.bazarbonino.com\\\/store\\\/prodotto\\\/jg2841-tumbler-manipulation-hat-orange-blue\\\/#primaryimage\",\"url\":\"https:\\\/\\\/www.bazarbonino.com\\\/store\\\/wp-content\\\/uploads\\\/2023\\\/09\\\/JG2841-Tumbler-Manipulation-Hat-OrangeBlue.jpg\",\"contentUrl\":\"https:\\\/\\\/www.bazarbonino.com\\\/store\\\/wp-content\\\/uploads\\\/2023\\\/09\\\/JG2841-Tumbler-Manipulation-Hat-OrangeBlue.jpg\",\"width\":794,\"height\":794,\"caption\":\"JG2841 - Tumbler Manipulation Hat OrangeBlue\"},{\"@type\":\"BreadcrumbList\",\"@id\":\"https:\\\/\\\/www.bazarbonino.com\\\/store\\\/prodotto\\\/jg2841-tumbler-manipulation-hat-orange-blue\\\/#breadcrumb\",\"itemListElement\":[{\"@type\":\"ListItem\",\"position\":1,\"name\":\"Home\",\"item\":\"https:\\\/\\\/www.bazarbonino.com\\\/store\\\/\"},{\"@type\":\"ListItem\",\"position\":2,\"name\":\"Catalogo\",\"item\":\"https:\\\/\\\/www.bazarbonino.com\\\/store\\\/shop\\\/\"},{\"@type\":\"ListItem\",\"position\":3,\"name\":\"JG2841 &#8211; Tumbler Manipulation Hat Orange\\\/Blue\"}]},{\"@type\":\"WebSite\",\"@id\":\"https:\\\/\\\/www.bazarbonino.com\\\/store\\\/#website\",\"url\":\"https:\\\/\\\/www.bazarbonino.com\\\/store\\\/\",\"name\":\"BazarBonino\",\"description\":\"\",\"potentialAction\":[{\"@type\":\"SearchAction\",\"target\":{\"@type\":\"EntryPoint\",\"urlTemplate\":\"https:\\\/\\\/www.bazarbonino.com\\\/store\\\/?s={search_term_string}\"},\"query-input\":{\"@type\":\"PropertyValueSpecification\",\"valueRequired\":true,\"valueName\":\"search_term_string\"}}],\"inLanguage\":\"it-IT\"}]}<\/script>\n<!-- \/ Yoast SEO plugin. -->","yoast_head_json":{"title":"JG2841 - Tumbler Manipulation Hat Orange\/Blue - BazarBonino","description":"Tumbler Manipulation Hat Orange\/Blue un ottimo cappello della JD appositamente modellato e ponderato per qualsiasi tipo di trick.","robots":{"index":"index","follow":"follow","max-snippet":"max-snippet:-1","max-image-preview":"max-image-preview:large","max-video-preview":"max-video-preview:-1"},"canonical":"https:\/\/www.bazarbonino.com\/store\/prodotto\/jg2841-tumbler-manipulation-hat-orange-blue\/","og_locale":"it_IT","og_type":"article","og_title":"JG2841 - Tumbler Manipulation Hat Orange\/Blue - BazarBonino","og_description":"Tumbler Manipulation Hat Orange\/Blue un ottimo cappello della JD appositamente modellato e ponderato per qualsiasi tipo di trick.","og_url":"https:\/\/www.bazarbonino.com\/store\/prodotto\/jg2841-tumbler-manipulation-hat-orange-blue\/","og_site_name":"BazarBonino","article_publisher":"https:\/\/www.facebook.com\/bazar.bonino","article_modified_time":"2024-12-09T11:01:38+00:00","og_image":[{"width":794,"height":794,"url":"https:\/\/www.bazarbonino.com\/store\/wp-content\/uploads\/2023\/09\/JG2841-Tumbler-Manipulation-Hat-OrangeBlue.jpg","type":"image\/jpeg"}],"twitter_card":"summary_large_image","schema":{"@context":"https:\/\/schema.org","@graph":[{"@type":"WebPage","@id":"https:\/\/www.bazarbonino.com\/store\/prodotto\/jg2841-tumbler-manipulation-hat-orange-blue\/","url":"https:\/\/www.bazarbonino.com\/store\/prodotto\/jg2841-tumbler-manipulation-hat-orange-blue\/","name":"JG2841 - Tumbler Manipulation Hat Orange\/Blue - BazarBonino","isPartOf":{"@id":"https:\/\/www.bazarbonino.com\/store\/#website"},"primaryImageOfPage":{"@id":"https:\/\/www.bazarbonino.com\/store\/prodotto\/jg2841-tumbler-manipulation-hat-orange-blue\/#primaryimage"},"image":{"@id":"https:\/\/www.bazarbonino.com\/store\/prodotto\/jg2841-tumbler-manipulation-hat-orange-blue\/#primaryimage"},"thumbnailUrl":"https:\/\/www.bazarbonino.com\/store\/wp-content\/uploads\/2023\/09\/JG2841-Tumbler-Manipulation-Hat-OrangeBlue.jpg","datePublished":"2023-09-25T15:37:56+00:00","dateModified":"2024-12-09T11:01:38+00:00","description":"Tumbler Manipulation Hat Orange\/Blue un ottimo cappello della JD appositamente modellato e ponderato per qualsiasi tipo di trick.","breadcrumb":{"@id":"https:\/\/www.bazarbonino.com\/store\/prodotto\/jg2841-tumbler-manipulation-hat-orange-blue\/#breadcrumb"},"inLanguage":"it-IT","potentialAction":[{"@type":"ReadAction","target":["https:\/\/www.bazarbonino.com\/store\/prodotto\/jg2841-tumbler-manipulation-hat-orange-blue\/"]}]},{"@type":"ImageObject","inLanguage":"it-IT","@id":"https:\/\/www.bazarbonino.com\/store\/prodotto\/jg2841-tumbler-manipulation-hat-orange-blue\/#primaryimage","url":"https:\/\/www.bazarbonino.com\/store\/wp-content\/uploads\/2023\/09\/JG2841-Tumbler-Manipulation-Hat-OrangeBlue.jpg","contentUrl":"https:\/\/www.bazarbonino.com\/store\/wp-content\/uploads\/2023\/09\/JG2841-Tumbler-Manipulation-Hat-OrangeBlue.jpg","width":794,"height":794,"caption":"JG2841 - Tumbler Manipulation Hat OrangeBlue"},{"@type":"BreadcrumbList","@id":"https:\/\/www.bazarbonino.com\/store\/prodotto\/jg2841-tumbler-manipulation-hat-orange-blue\/#breadcrumb","itemListElement":[{"@type":"ListItem","position":1,"name":"Home","item":"https:\/\/www.bazarbonino.com\/store\/"},{"@type":"ListItem","position":2,"name":"Catalogo","item":"https:\/\/www.bazarbonino.com\/store\/shop\/"},{"@type":"ListItem","position":3,"name":"JG2841 &#8211; Tumbler Manipulation Hat Orange\/Blue"}]},{"@type":"WebSite","@id":"https:\/\/www.bazarbonino.com\/store\/#website","url":"https:\/\/www.bazarbonino.com\/store\/","name":"BazarBonino","description":"","potentialAction":[{"@type":"SearchAction","target":{"@type":"EntryPoint","urlTemplate":"https:\/\/www.bazarbonino.com\/store\/?s={search_term_string}"},"query-input":{"@type":"PropertyValueSpecification","valueRequired":true,"valueName":"search_term_string"}}],"inLanguage":"it-IT"}]}},"_links":{"self":[{"href":"https:\/\/www.bazarbonino.com\/store\/wp-json\/wp\/v2\/product\/21953","targetHints":{"allow":["GET"]}}],"collection":[{"href":"https:\/\/www.bazarbonino.com\/store\/wp-json\/wp\/v2\/product"}],"about":[{"href":"https:\/\/www.bazarbonino.com\/store\/wp-json\/wp\/v2\/types\/product"}],"replies":[{"embeddable":true,"href":"https:\/\/www.bazarbonino.com\/store\/wp-json\/wp\/v2\/comments?post=21953"}],"wp:featuredmedia":[{"embeddable":true,"href":"https:\/\/www.bazarbonino.com\/store\/wp-json\/wp\/v2\/media\/21980"}],"wp:attachment":[{"href":"https:\/\/www.bazarbonino.com\/store\/wp-json\/wp\/v2\/media?parent=21953"}],"wp:term":[{"taxonomy":"product_brand","embeddable":true,"href":"https:\/\/www.bazarbonino.com\/store\/wp-json\/wp\/v2\/product_brand?post=21953"},{"taxonomy":"product_cat","embeddable":true,"href":"https:\/\/www.bazarbonino.com\/store\/wp-json\/wp\/v2\/product_cat?post=21953"},{"taxonomy":"product_tag","embeddable":true,"href":"https:\/\/www.bazarbonino.com\/store\/wp-json\/wp\/v2\/product_tag?post=21953"}],"curies":[{"name":"wp","href":"https:\/\/api.w.org\/{rel}","templated":true}]}}