{"id":21866,"date":"2023-09-15T18:38:01","date_gmt":"2023-09-15T16:38:01","guid":{"rendered":"https:\/\/www.bazarbonino.com\/store\/?post_type=product&#038;p=21866"},"modified":"2023-10-29T10:28:23","modified_gmt":"2023-10-29T09:28:23","slug":"pxp34168-pelata-lattice-leggera","status":"publish","type":"product","link":"https:\/\/www.bazarbonino.com\/store\/prodotto\/pxp34168-pelata-lattice-leggera\/","title":{"rendered":"PXP34168 &#8211; Pelata Lattice Leggera"},"content":{"rendered":"<h5>La Pelata Lattice Leggera \u00e8 indossabile sia per un travestimento veloce che per uno pi\u00f9 curato con trucco e &#8220;parrucco&#8221;. Facile da indossare di dimensioni ridotte, si pu\u00f2 rifinire ritagliandola sopra le orecchie.<\/h5>\n<h5 class=\"product-name\"><\/h5>\n","protected":false},"excerpt":{"rendered":"<p>SUBITO DISPONIBILE<\/p>\n","protected":false},"featured_media":21867,"comment_status":"closed","ping_status":"closed","template":"","meta":{"_et_pb_use_builder":"","_et_pb_old_content":"","_et_gb_content_width":""},"product_brand":[],"product_cat":[73],"product_tag":[617,616],"class_list":{"0":"post-21866","1":"product","2":"type-product","3":"status-publish","4":"has-post-thumbnail","6":"product_cat-plastici","7":"product_tag-effetti-speciali-2","8":"product_tag-lattice-liquido","10":"first","11":"instock","12":"taxable","13":"shipping-taxable","14":"purchasable","15":"product-type-simple"},"yoast_head":"<!-- This site is optimized with the Yoast SEO plugin v27.4 - https:\/\/yoast.com\/product\/yoast-seo-wordpress\/ -->\n<title>PXP34168 - Pelata Lattice Leggera - BazarBonino<\/title>\n<meta name=\"description\" content=\"La Pelata Lattice Leggera \u00e8 indossabile sia per un travestimento veloce che per uno pi\u00f9 curato con trucco e &quot;parrucco&quot; .Facile da indossare\" \/>\n<meta name=\"robots\" content=\"index, follow, max-snippet:-1, max-image-preview:large, max-video-preview:-1\" \/>\n<link rel=\"canonical\" href=\"https:\/\/www.bazarbonino.com\/store\/prodotto\/pxp34168-pelata-lattice-leggera\/\" \/>\n<meta property=\"og:locale\" content=\"it_IT\" \/>\n<meta property=\"og:type\" content=\"article\" \/>\n<meta property=\"og:title\" content=\"PXP34168 - Pelata Lattice Leggera - BazarBonino\" \/>\n<meta property=\"og:description\" content=\"La Pelata Lattice Leggera \u00e8 indossabile sia per un travestimento veloce che per uno pi\u00f9 curato con trucco e &quot;parrucco&quot; .Facile da indossare\" \/>\n<meta property=\"og:url\" content=\"https:\/\/www.bazarbonino.com\/store\/prodotto\/pxp34168-pelata-lattice-leggera\/\" \/>\n<meta property=\"og:site_name\" content=\"BazarBonino\" \/>\n<meta property=\"article:publisher\" content=\"https:\/\/www.facebook.com\/bazar.bonino\" \/>\n<meta property=\"article:modified_time\" content=\"2023-10-29T09:28:23+00:00\" \/>\n<meta property=\"og:image\" content=\"https:\/\/www.bazarbonino.com\/store\/wp-content\/uploads\/2023\/09\/PXP34168-Pelata-Lattice-Leggera.jpg\" \/>\n\t<meta property=\"og:image:width\" content=\"299\" \/>\n\t<meta property=\"og:image:height\" content=\"399\" \/>\n\t<meta property=\"og:image:type\" content=\"image\/jpeg\" \/>\n<meta name=\"twitter:card\" content=\"summary_large_image\" \/>\n<script type=\"application\/ld+json\" class=\"yoast-schema-graph\">{\"@context\":\"https:\\\/\\\/schema.org\",\"@graph\":[{\"@type\":\"WebPage\",\"@id\":\"https:\\\/\\\/www.bazarbonino.com\\\/store\\\/prodotto\\\/pxp34168-pelata-lattice-leggera\\\/\",\"url\":\"https:\\\/\\\/www.bazarbonino.com\\\/store\\\/prodotto\\\/pxp34168-pelata-lattice-leggera\\\/\",\"name\":\"PXP34168 - Pelata Lattice Leggera - BazarBonino\",\"isPartOf\":{\"@id\":\"https:\\\/\\\/www.bazarbonino.com\\\/store\\\/#website\"},\"primaryImageOfPage\":{\"@id\":\"https:\\\/\\\/www.bazarbonino.com\\\/store\\\/prodotto\\\/pxp34168-pelata-lattice-leggera\\\/#primaryimage\"},\"image\":{\"@id\":\"https:\\\/\\\/www.bazarbonino.com\\\/store\\\/prodotto\\\/pxp34168-pelata-lattice-leggera\\\/#primaryimage\"},\"thumbnailUrl\":\"https:\\\/\\\/www.bazarbonino.com\\\/store\\\/wp-content\\\/uploads\\\/2023\\\/09\\\/PXP34168-Pelata-Lattice-Leggera.jpg\",\"datePublished\":\"2023-09-15T16:38:01+00:00\",\"dateModified\":\"2023-10-29T09:28:23+00:00\",\"description\":\"La Pelata Lattice Leggera \u00e8 indossabile sia per un travestimento veloce che per uno pi\u00f9 curato con trucco e \\\"parrucco\\\" .Facile da indossare\",\"breadcrumb\":{\"@id\":\"https:\\\/\\\/www.bazarbonino.com\\\/store\\\/prodotto\\\/pxp34168-pelata-lattice-leggera\\\/#breadcrumb\"},\"inLanguage\":\"it-IT\",\"potentialAction\":[{\"@type\":\"ReadAction\",\"target\":[\"https:\\\/\\\/www.bazarbonino.com\\\/store\\\/prodotto\\\/pxp34168-pelata-lattice-leggera\\\/\"]}]},{\"@type\":\"ImageObject\",\"inLanguage\":\"it-IT\",\"@id\":\"https:\\\/\\\/www.bazarbonino.com\\\/store\\\/prodotto\\\/pxp34168-pelata-lattice-leggera\\\/#primaryimage\",\"url\":\"https:\\\/\\\/www.bazarbonino.com\\\/store\\\/wp-content\\\/uploads\\\/2023\\\/09\\\/PXP34168-Pelata-Lattice-Leggera.jpg\",\"contentUrl\":\"https:\\\/\\\/www.bazarbonino.com\\\/store\\\/wp-content\\\/uploads\\\/2023\\\/09\\\/PXP34168-Pelata-Lattice-Leggera.jpg\",\"width\":299,\"height\":399,\"caption\":\"PXP34168 - Pelata Lattice Leggera\"},{\"@type\":\"BreadcrumbList\",\"@id\":\"https:\\\/\\\/www.bazarbonino.com\\\/store\\\/prodotto\\\/pxp34168-pelata-lattice-leggera\\\/#breadcrumb\",\"itemListElement\":[{\"@type\":\"ListItem\",\"position\":1,\"name\":\"Home\",\"item\":\"https:\\\/\\\/www.bazarbonino.com\\\/store\\\/\"},{\"@type\":\"ListItem\",\"position\":2,\"name\":\"Catalogo\",\"item\":\"https:\\\/\\\/www.bazarbonino.com\\\/store\\\/shop\\\/\"},{\"@type\":\"ListItem\",\"position\":3,\"name\":\"PXP34168 &#8211; Pelata Lattice Leggera\"}]},{\"@type\":\"WebSite\",\"@id\":\"https:\\\/\\\/www.bazarbonino.com\\\/store\\\/#website\",\"url\":\"https:\\\/\\\/www.bazarbonino.com\\\/store\\\/\",\"name\":\"BazarBonino\",\"description\":\"\",\"potentialAction\":[{\"@type\":\"SearchAction\",\"target\":{\"@type\":\"EntryPoint\",\"urlTemplate\":\"https:\\\/\\\/www.bazarbonino.com\\\/store\\\/?s={search_term_string}\"},\"query-input\":{\"@type\":\"PropertyValueSpecification\",\"valueRequired\":true,\"valueName\":\"search_term_string\"}}],\"inLanguage\":\"it-IT\"}]}<\/script>\n<!-- \/ Yoast SEO plugin. -->","yoast_head_json":{"title":"PXP34168 - Pelata Lattice Leggera - BazarBonino","description":"La Pelata Lattice Leggera \u00e8 indossabile sia per un travestimento veloce che per uno pi\u00f9 curato con trucco e \"parrucco\" .Facile da indossare","robots":{"index":"index","follow":"follow","max-snippet":"max-snippet:-1","max-image-preview":"max-image-preview:large","max-video-preview":"max-video-preview:-1"},"canonical":"https:\/\/www.bazarbonino.com\/store\/prodotto\/pxp34168-pelata-lattice-leggera\/","og_locale":"it_IT","og_type":"article","og_title":"PXP34168 - Pelata Lattice Leggera - BazarBonino","og_description":"La Pelata Lattice Leggera \u00e8 indossabile sia per un travestimento veloce che per uno pi\u00f9 curato con trucco e \"parrucco\" .Facile da indossare","og_url":"https:\/\/www.bazarbonino.com\/store\/prodotto\/pxp34168-pelata-lattice-leggera\/","og_site_name":"BazarBonino","article_publisher":"https:\/\/www.facebook.com\/bazar.bonino","article_modified_time":"2023-10-29T09:28:23+00:00","og_image":[{"width":299,"height":399,"url":"https:\/\/www.bazarbonino.com\/store\/wp-content\/uploads\/2023\/09\/PXP34168-Pelata-Lattice-Leggera.jpg","type":"image\/jpeg"}],"twitter_card":"summary_large_image","schema":{"@context":"https:\/\/schema.org","@graph":[{"@type":"WebPage","@id":"https:\/\/www.bazarbonino.com\/store\/prodotto\/pxp34168-pelata-lattice-leggera\/","url":"https:\/\/www.bazarbonino.com\/store\/prodotto\/pxp34168-pelata-lattice-leggera\/","name":"PXP34168 - Pelata Lattice Leggera - BazarBonino","isPartOf":{"@id":"https:\/\/www.bazarbonino.com\/store\/#website"},"primaryImageOfPage":{"@id":"https:\/\/www.bazarbonino.com\/store\/prodotto\/pxp34168-pelata-lattice-leggera\/#primaryimage"},"image":{"@id":"https:\/\/www.bazarbonino.com\/store\/prodotto\/pxp34168-pelata-lattice-leggera\/#primaryimage"},"thumbnailUrl":"https:\/\/www.bazarbonino.com\/store\/wp-content\/uploads\/2023\/09\/PXP34168-Pelata-Lattice-Leggera.jpg","datePublished":"2023-09-15T16:38:01+00:00","dateModified":"2023-10-29T09:28:23+00:00","description":"La Pelata Lattice Leggera \u00e8 indossabile sia per un travestimento veloce che per uno pi\u00f9 curato con trucco e \"parrucco\" .Facile da indossare","breadcrumb":{"@id":"https:\/\/www.bazarbonino.com\/store\/prodotto\/pxp34168-pelata-lattice-leggera\/#breadcrumb"},"inLanguage":"it-IT","potentialAction":[{"@type":"ReadAction","target":["https:\/\/www.bazarbonino.com\/store\/prodotto\/pxp34168-pelata-lattice-leggera\/"]}]},{"@type":"ImageObject","inLanguage":"it-IT","@id":"https:\/\/www.bazarbonino.com\/store\/prodotto\/pxp34168-pelata-lattice-leggera\/#primaryimage","url":"https:\/\/www.bazarbonino.com\/store\/wp-content\/uploads\/2023\/09\/PXP34168-Pelata-Lattice-Leggera.jpg","contentUrl":"https:\/\/www.bazarbonino.com\/store\/wp-content\/uploads\/2023\/09\/PXP34168-Pelata-Lattice-Leggera.jpg","width":299,"height":399,"caption":"PXP34168 - Pelata Lattice Leggera"},{"@type":"BreadcrumbList","@id":"https:\/\/www.bazarbonino.com\/store\/prodotto\/pxp34168-pelata-lattice-leggera\/#breadcrumb","itemListElement":[{"@type":"ListItem","position":1,"name":"Home","item":"https:\/\/www.bazarbonino.com\/store\/"},{"@type":"ListItem","position":2,"name":"Catalogo","item":"https:\/\/www.bazarbonino.com\/store\/shop\/"},{"@type":"ListItem","position":3,"name":"PXP34168 &#8211; Pelata Lattice Leggera"}]},{"@type":"WebSite","@id":"https:\/\/www.bazarbonino.com\/store\/#website","url":"https:\/\/www.bazarbonino.com\/store\/","name":"BazarBonino","description":"","potentialAction":[{"@type":"SearchAction","target":{"@type":"EntryPoint","urlTemplate":"https:\/\/www.bazarbonino.com\/store\/?s={search_term_string}"},"query-input":{"@type":"PropertyValueSpecification","valueRequired":true,"valueName":"search_term_string"}}],"inLanguage":"it-IT"}]}},"_links":{"self":[{"href":"https:\/\/www.bazarbonino.com\/store\/wp-json\/wp\/v2\/product\/21866","targetHints":{"allow":["GET"]}}],"collection":[{"href":"https:\/\/www.bazarbonino.com\/store\/wp-json\/wp\/v2\/product"}],"about":[{"href":"https:\/\/www.bazarbonino.com\/store\/wp-json\/wp\/v2\/types\/product"}],"replies":[{"embeddable":true,"href":"https:\/\/www.bazarbonino.com\/store\/wp-json\/wp\/v2\/comments?post=21866"}],"wp:featuredmedia":[{"embeddable":true,"href":"https:\/\/www.bazarbonino.com\/store\/wp-json\/wp\/v2\/media\/21867"}],"wp:attachment":[{"href":"https:\/\/www.bazarbonino.com\/store\/wp-json\/wp\/v2\/media?parent=21866"}],"wp:term":[{"taxonomy":"product_brand","embeddable":true,"href":"https:\/\/www.bazarbonino.com\/store\/wp-json\/wp\/v2\/product_brand?post=21866"},{"taxonomy":"product_cat","embeddable":true,"href":"https:\/\/www.bazarbonino.com\/store\/wp-json\/wp\/v2\/product_cat?post=21866"},{"taxonomy":"product_tag","embeddable":true,"href":"https:\/\/www.bazarbonino.com\/store\/wp-json\/wp\/v2\/product_tag?post=21866"}],"curies":[{"name":"wp","href":"https:\/\/api.w.org\/{rel}","templated":true}]}}