{"id":21841,"date":"2023-09-12T20:05:32","date_gmt":"2023-09-12T18:05:32","guid":{"rendered":"https:\/\/www.bazarbonino.com\/store\/?post_type=product&#038;p=21841"},"modified":"2023-10-26T10:13:55","modified_gmt":"2023-10-26T08:13:55","slug":"jg1910-sacca-porta-devil-flowerstick","status":"publish","type":"product","link":"https:\/\/www.bazarbonino.com\/store\/prodotto\/jg1910-sacca-porta-devil-flowerstick\/","title":{"rendered":"JG1910 &#8211; Sacca porta Devil-Flowerstick"},"content":{"rendered":"<p>La Sacca porta Devil-Flowerstick<span class=\"HwtZe\" lang=\"it\"><span class=\"jCAhz ChMk0b\"><span class=\"ryNqvb\">\u00a0\u00e8 l&#8217;accessorio perfetto per ogni appassionato di Devilstick.<\/span><\/span> <span class=\"jCAhz ChMk0b\"><span class=\"ryNqvb\">Questa borsa \u00e8 progettata per proteggere il tuo prezioso bastone del diavolo lucido o proteggerti dagli stoppini sporchi.<\/span><\/span> <span class=\"jCAhz ChMk0b\"><span class=\"ryNqvb\">La borsa pu\u00f2 contenere un bastone del diavolo di fuoco e delle bacchette, oppure un paio di bastoncini e delle bacchette standard. <\/span><\/span><span class=\"jCAhz ChMk0b\"><span class=\"ryNqvb\">La borsa \u00e8 realizzata con materiali durevoli che proteggeranno il tuo Devilstick da graffi e danni.<\/span><\/span> <span class=\"jCAhz ChMk0b\"><span class=\"ryNqvb\">\u00c8 dotato di una tracolla staccabile, che lo rende facile da portare in giro e trasportare alla prossima esibizione o sessione di pratica.<\/span><\/span> <span class=\"jCAhz ChMk0b\"><span class=\"ryNqvb\">La tracolla \u00e8 regolabile per garantire una vestibilit\u00e0 comoda e, se lo si desidera, pu\u00f2 essere facilmente rimossa.<\/span><\/span> <span class=\"jCAhz ChMk0b\"><span class=\"ryNqvb\">\u00c8 importante notare che il bastone del diavolo e le bacchette non sono inclusi nella borsa.<\/span><\/span>\u00a0 <\/span><\/p>\n<p><span class=\"HwtZe\" lang=\"it\"><span class=\"jCAhz ChMk0b\"><span class=\"ryNqvb\">Specifiche:<\/span><\/span> <\/span><\/p>\n<p><span class=\"HwtZe\" lang=\"it\"><span class=\"jCAhz ChMk0b\"><span class=\"ryNqvb\">Lunghezza: 73 cm.<\/span><\/span><\/span><\/p>\n<p><span class=\"HwtZe\" lang=\"it\"><span class=\"jCAhz ChMk0b\"><span class=\"ryNqvb\">Diametro: ~6 cm.<\/span><\/span><\/span><\/p>\n<p><span class=\"HwtZe\" lang=\"it\"><span class=\"jCAhz ChMk0b\"><span class=\"ryNqvb\">Peso: 105 gr.<\/span><\/span><\/span><\/p>\n","protected":false},"excerpt":{"rendered":"<p>La Sacca porta Devil-Flowerstick\u00a0\u00e8 l&#8217;accessorio perfetto per ogni appassionato di Devilstick. Questa borsa \u00e8 progettata per proteggere il tuo prezioso bastone del diavolo lucido o proteggerti dagli stoppini sporchi. La borsa pu\u00f2 contenere un bastone del diavolo di fuoco e delle bacchette, oppure un paio di bastoncini e delle bacchette standard. La borsa \u00e8 realizzata [&hellip;]<\/p>\n","protected":false},"featured_media":21842,"comment_status":"closed","ping_status":"closed","template":"","meta":{"_et_pb_use_builder":"","_et_pb_old_content":"","_et_gb_content_width":""},"product_brand":[],"product_cat":[21,24],"product_tag":[2127],"class_list":{"0":"post-21841","1":"product","2":"type-product","3":"status-publish","4":"has-post-thumbnail","6":"product_cat-devil-flower-stick","7":"product_cat-bacchette-e-accessori-devilstick","8":"product_tag-bazar-bonino-torino","10":"first","11":"instock","12":"taxable","13":"shipping-taxable","14":"purchasable","15":"product-type-simple"},"yoast_head":"<!-- This site is optimized with the Yoast SEO plugin v27.4 - https:\/\/yoast.com\/product\/yoast-seo-wordpress\/ -->\n<title>JG1910 - Sacca porta Devil-Flowerstick - BazarBonino<\/title>\n<meta name=\"description\" content=\"La Sacca porta Devil-Flowerstick\u00a0\u00e8 l&#039;accessorio perfetto per ogni appassionato di Devilstick. La borsa \u00e8 progettata per proteggere il tuo prezioso bastone!\" \/>\n<meta name=\"robots\" content=\"index, follow, max-snippet:-1, max-image-preview:large, max-video-preview:-1\" \/>\n<link rel=\"canonical\" href=\"https:\/\/www.bazarbonino.com\/store\/prodotto\/jg1910-sacca-porta-devil-flowerstick\/\" \/>\n<meta property=\"og:locale\" content=\"it_IT\" \/>\n<meta property=\"og:type\" content=\"article\" \/>\n<meta property=\"og:title\" content=\"JG1910 - Sacca porta Devil-Flowerstick - BazarBonino\" \/>\n<meta property=\"og:description\" content=\"La Sacca porta Devil-Flowerstick\u00a0\u00e8 l&#039;accessorio perfetto per ogni appassionato di Devilstick. La borsa \u00e8 progettata per proteggere il tuo prezioso bastone!\" \/>\n<meta property=\"og:url\" content=\"https:\/\/www.bazarbonino.com\/store\/prodotto\/jg1910-sacca-porta-devil-flowerstick\/\" \/>\n<meta property=\"og:site_name\" content=\"BazarBonino\" \/>\n<meta property=\"article:publisher\" content=\"https:\/\/www.facebook.com\/bazar.bonino\" \/>\n<meta property=\"article:modified_time\" content=\"2023-10-26T08:13:55+00:00\" \/>\n<meta property=\"og:image\" content=\"https:\/\/www.bazarbonino.com\/store\/wp-content\/uploads\/2023\/09\/JG1910-Sacca-porta-Devil-Flowerstick.jpg\" \/>\n\t<meta property=\"og:image:width\" content=\"1000\" \/>\n\t<meta property=\"og:image:height\" content=\"1000\" \/>\n\t<meta property=\"og:image:type\" content=\"image\/jpeg\" \/>\n<meta name=\"twitter:card\" content=\"summary_large_image\" \/>\n<meta name=\"twitter:label1\" content=\"Tempo di lettura stimato\" \/>\n\t<meta name=\"twitter:data1\" content=\"1 minuto\" \/>\n<script type=\"application\/ld+json\" class=\"yoast-schema-graph\">{\"@context\":\"https:\\\/\\\/schema.org\",\"@graph\":[{\"@type\":\"WebPage\",\"@id\":\"https:\\\/\\\/www.bazarbonino.com\\\/store\\\/prodotto\\\/jg1910-sacca-porta-devil-flowerstick\\\/\",\"url\":\"https:\\\/\\\/www.bazarbonino.com\\\/store\\\/prodotto\\\/jg1910-sacca-porta-devil-flowerstick\\\/\",\"name\":\"JG1910 - Sacca porta Devil-Flowerstick - BazarBonino\",\"isPartOf\":{\"@id\":\"https:\\\/\\\/www.bazarbonino.com\\\/store\\\/#website\"},\"primaryImageOfPage\":{\"@id\":\"https:\\\/\\\/www.bazarbonino.com\\\/store\\\/prodotto\\\/jg1910-sacca-porta-devil-flowerstick\\\/#primaryimage\"},\"image\":{\"@id\":\"https:\\\/\\\/www.bazarbonino.com\\\/store\\\/prodotto\\\/jg1910-sacca-porta-devil-flowerstick\\\/#primaryimage\"},\"thumbnailUrl\":\"https:\\\/\\\/www.bazarbonino.com\\\/store\\\/wp-content\\\/uploads\\\/2023\\\/09\\\/JG1910-Sacca-porta-Devil-Flowerstick.jpg\",\"datePublished\":\"2023-09-12T18:05:32+00:00\",\"dateModified\":\"2023-10-26T08:13:55+00:00\",\"description\":\"La Sacca porta Devil-Flowerstick\u00a0\u00e8 l'accessorio perfetto per ogni appassionato di Devilstick. La borsa \u00e8 progettata per proteggere il tuo prezioso bastone!\",\"breadcrumb\":{\"@id\":\"https:\\\/\\\/www.bazarbonino.com\\\/store\\\/prodotto\\\/jg1910-sacca-porta-devil-flowerstick\\\/#breadcrumb\"},\"inLanguage\":\"it-IT\",\"potentialAction\":[{\"@type\":\"ReadAction\",\"target\":[\"https:\\\/\\\/www.bazarbonino.com\\\/store\\\/prodotto\\\/jg1910-sacca-porta-devil-flowerstick\\\/\"]}]},{\"@type\":\"ImageObject\",\"inLanguage\":\"it-IT\",\"@id\":\"https:\\\/\\\/www.bazarbonino.com\\\/store\\\/prodotto\\\/jg1910-sacca-porta-devil-flowerstick\\\/#primaryimage\",\"url\":\"https:\\\/\\\/www.bazarbonino.com\\\/store\\\/wp-content\\\/uploads\\\/2023\\\/09\\\/JG1910-Sacca-porta-Devil-Flowerstick.jpg\",\"contentUrl\":\"https:\\\/\\\/www.bazarbonino.com\\\/store\\\/wp-content\\\/uploads\\\/2023\\\/09\\\/JG1910-Sacca-porta-Devil-Flowerstick.jpg\",\"width\":1000,\"height\":1000,\"caption\":\"JG1910 - Sacca porta Devil-Flowerstick\"},{\"@type\":\"BreadcrumbList\",\"@id\":\"https:\\\/\\\/www.bazarbonino.com\\\/store\\\/prodotto\\\/jg1910-sacca-porta-devil-flowerstick\\\/#breadcrumb\",\"itemListElement\":[{\"@type\":\"ListItem\",\"position\":1,\"name\":\"Home\",\"item\":\"https:\\\/\\\/www.bazarbonino.com\\\/store\\\/\"},{\"@type\":\"ListItem\",\"position\":2,\"name\":\"Catalogo\",\"item\":\"https:\\\/\\\/www.bazarbonino.com\\\/store\\\/shop\\\/\"},{\"@type\":\"ListItem\",\"position\":3,\"name\":\"JG1910 &#8211; Sacca porta Devil-Flowerstick\"}]},{\"@type\":\"WebSite\",\"@id\":\"https:\\\/\\\/www.bazarbonino.com\\\/store\\\/#website\",\"url\":\"https:\\\/\\\/www.bazarbonino.com\\\/store\\\/\",\"name\":\"BazarBonino\",\"description\":\"\",\"potentialAction\":[{\"@type\":\"SearchAction\",\"target\":{\"@type\":\"EntryPoint\",\"urlTemplate\":\"https:\\\/\\\/www.bazarbonino.com\\\/store\\\/?s={search_term_string}\"},\"query-input\":{\"@type\":\"PropertyValueSpecification\",\"valueRequired\":true,\"valueName\":\"search_term_string\"}}],\"inLanguage\":\"it-IT\"}]}<\/script>\n<!-- \/ Yoast SEO plugin. -->","yoast_head_json":{"title":"JG1910 - Sacca porta Devil-Flowerstick - BazarBonino","description":"La Sacca porta Devil-Flowerstick\u00a0\u00e8 l'accessorio perfetto per ogni appassionato di Devilstick. La borsa \u00e8 progettata per proteggere il tuo prezioso bastone!","robots":{"index":"index","follow":"follow","max-snippet":"max-snippet:-1","max-image-preview":"max-image-preview:large","max-video-preview":"max-video-preview:-1"},"canonical":"https:\/\/www.bazarbonino.com\/store\/prodotto\/jg1910-sacca-porta-devil-flowerstick\/","og_locale":"it_IT","og_type":"article","og_title":"JG1910 - Sacca porta Devil-Flowerstick - BazarBonino","og_description":"La Sacca porta Devil-Flowerstick\u00a0\u00e8 l'accessorio perfetto per ogni appassionato di Devilstick. La borsa \u00e8 progettata per proteggere il tuo prezioso bastone!","og_url":"https:\/\/www.bazarbonino.com\/store\/prodotto\/jg1910-sacca-porta-devil-flowerstick\/","og_site_name":"BazarBonino","article_publisher":"https:\/\/www.facebook.com\/bazar.bonino","article_modified_time":"2023-10-26T08:13:55+00:00","og_image":[{"width":1000,"height":1000,"url":"https:\/\/www.bazarbonino.com\/store\/wp-content\/uploads\/2023\/09\/JG1910-Sacca-porta-Devil-Flowerstick.jpg","type":"image\/jpeg"}],"twitter_card":"summary_large_image","twitter_misc":{"Tempo di lettura stimato":"1 minuto"},"schema":{"@context":"https:\/\/schema.org","@graph":[{"@type":"WebPage","@id":"https:\/\/www.bazarbonino.com\/store\/prodotto\/jg1910-sacca-porta-devil-flowerstick\/","url":"https:\/\/www.bazarbonino.com\/store\/prodotto\/jg1910-sacca-porta-devil-flowerstick\/","name":"JG1910 - Sacca porta Devil-Flowerstick - BazarBonino","isPartOf":{"@id":"https:\/\/www.bazarbonino.com\/store\/#website"},"primaryImageOfPage":{"@id":"https:\/\/www.bazarbonino.com\/store\/prodotto\/jg1910-sacca-porta-devil-flowerstick\/#primaryimage"},"image":{"@id":"https:\/\/www.bazarbonino.com\/store\/prodotto\/jg1910-sacca-porta-devil-flowerstick\/#primaryimage"},"thumbnailUrl":"https:\/\/www.bazarbonino.com\/store\/wp-content\/uploads\/2023\/09\/JG1910-Sacca-porta-Devil-Flowerstick.jpg","datePublished":"2023-09-12T18:05:32+00:00","dateModified":"2023-10-26T08:13:55+00:00","description":"La Sacca porta Devil-Flowerstick\u00a0\u00e8 l'accessorio perfetto per ogni appassionato di Devilstick. La borsa \u00e8 progettata per proteggere il tuo prezioso bastone!","breadcrumb":{"@id":"https:\/\/www.bazarbonino.com\/store\/prodotto\/jg1910-sacca-porta-devil-flowerstick\/#breadcrumb"},"inLanguage":"it-IT","potentialAction":[{"@type":"ReadAction","target":["https:\/\/www.bazarbonino.com\/store\/prodotto\/jg1910-sacca-porta-devil-flowerstick\/"]}]},{"@type":"ImageObject","inLanguage":"it-IT","@id":"https:\/\/www.bazarbonino.com\/store\/prodotto\/jg1910-sacca-porta-devil-flowerstick\/#primaryimage","url":"https:\/\/www.bazarbonino.com\/store\/wp-content\/uploads\/2023\/09\/JG1910-Sacca-porta-Devil-Flowerstick.jpg","contentUrl":"https:\/\/www.bazarbonino.com\/store\/wp-content\/uploads\/2023\/09\/JG1910-Sacca-porta-Devil-Flowerstick.jpg","width":1000,"height":1000,"caption":"JG1910 - Sacca porta Devil-Flowerstick"},{"@type":"BreadcrumbList","@id":"https:\/\/www.bazarbonino.com\/store\/prodotto\/jg1910-sacca-porta-devil-flowerstick\/#breadcrumb","itemListElement":[{"@type":"ListItem","position":1,"name":"Home","item":"https:\/\/www.bazarbonino.com\/store\/"},{"@type":"ListItem","position":2,"name":"Catalogo","item":"https:\/\/www.bazarbonino.com\/store\/shop\/"},{"@type":"ListItem","position":3,"name":"JG1910 &#8211; Sacca porta Devil-Flowerstick"}]},{"@type":"WebSite","@id":"https:\/\/www.bazarbonino.com\/store\/#website","url":"https:\/\/www.bazarbonino.com\/store\/","name":"BazarBonino","description":"","potentialAction":[{"@type":"SearchAction","target":{"@type":"EntryPoint","urlTemplate":"https:\/\/www.bazarbonino.com\/store\/?s={search_term_string}"},"query-input":{"@type":"PropertyValueSpecification","valueRequired":true,"valueName":"search_term_string"}}],"inLanguage":"it-IT"}]}},"_links":{"self":[{"href":"https:\/\/www.bazarbonino.com\/store\/wp-json\/wp\/v2\/product\/21841","targetHints":{"allow":["GET"]}}],"collection":[{"href":"https:\/\/www.bazarbonino.com\/store\/wp-json\/wp\/v2\/product"}],"about":[{"href":"https:\/\/www.bazarbonino.com\/store\/wp-json\/wp\/v2\/types\/product"}],"replies":[{"embeddable":true,"href":"https:\/\/www.bazarbonino.com\/store\/wp-json\/wp\/v2\/comments?post=21841"}],"wp:featuredmedia":[{"embeddable":true,"href":"https:\/\/www.bazarbonino.com\/store\/wp-json\/wp\/v2\/media\/21842"}],"wp:attachment":[{"href":"https:\/\/www.bazarbonino.com\/store\/wp-json\/wp\/v2\/media?parent=21841"}],"wp:term":[{"taxonomy":"product_brand","embeddable":true,"href":"https:\/\/www.bazarbonino.com\/store\/wp-json\/wp\/v2\/product_brand?post=21841"},{"taxonomy":"product_cat","embeddable":true,"href":"https:\/\/www.bazarbonino.com\/store\/wp-json\/wp\/v2\/product_cat?post=21841"},{"taxonomy":"product_tag","embeddable":true,"href":"https:\/\/www.bazarbonino.com\/store\/wp-json\/wp\/v2\/product_tag?post=21841"}],"curies":[{"name":"wp","href":"https:\/\/api.w.org\/{rel}","templated":true}]}}