{"id":21647,"date":"2023-08-26T19:58:27","date_gmt":"2023-08-26T17:58:27","guid":{"rendered":"https:\/\/www.bazarbonino.com\/store\/?post_type=product&#038;p=21647"},"modified":"2023-10-29T14:49:00","modified_gmt":"2023-10-29T13:49:00","slug":"jg1570-diabolo-hyperspin-superb-bearing","status":"publish","type":"product","link":"https:\/\/www.bazarbonino.com\/store\/prodotto\/jg1570-diabolo-hyperspin-superb-bearing\/","title":{"rendered":"JG1570 &#8211; Diabolo HyperSpin Superb Bearing"},"content":{"rendered":"<p>Diabolo HyperSpin Superb Bearing \u00e8 <span class=\"HwtZe\" lang=\"it\"><span class=\"jCAhz ChMk0b\"><span class=\"ryNqvb\">l&#8217;ultima edizione della famiglia Hyperspin.<\/span><\/span> La fama mondiale degli<span class=\"jCAhz ChMk0b\"><span class=\"ryNqvb\"> Hyperspin T &amp; TC \u00e8 dovuta al loro incredibile tempo di rotazione e stabilit\u00e0.<\/span><\/span> <span class=\"jCAhz ChMk0b\"><span class=\"ryNqvb\">L&#8217;ultima edizione della gamma Hyperspin si \u00e8 concentrata sull'&#8221;aria&#8221;, consentendo alla luce di passare attraverso il diabolo, cos\u00ec anche pi\u00f9 luce proveniente dal kit LED ed a pi\u00f9 natura di essere vista attraverso il diabolo.<\/span><\/span> <span class=\"jCAhz ChMk0b\"><span class=\"ryNqvb\">Inoltre \u00e8 stato ridotto il peso a 197 grammi, ovvero 50 grammi in meno rispetto a prima!<\/span><\/span> <span class=\"jCAhz ChMk0b\"><span class=\"ryNqvb\">Ci\u00f2 consente all&#8217;utente di giocare a lungo con meno sforzo e rendendo pi\u00f9 gestibile il gioco con multi diabolo.<\/span><\/span> <span class=\"jCAhz ChMk0b\"><span class=\"ryNqvb\">Caratterizzato da un centro integrato originale con esclusive coppe a doppia faccia: la sezione esterna \u00e8 volutamente pi\u00f9 pesante, migliorando notevolmente la rotazione e la forza del diabolo.<\/span><\/span><\/span><\/p>\n<p><span class=\"HwtZe\" lang=\"it\"><span class=\"jCAhz ChMk0b\"><span class=\"ryNqvb\">In parole povere, questo diabolo \u00e8 per coloro che vogliono il meglio.<\/span><\/span> <span class=\"jCAhz ChMk0b\"><span class=\"ryNqvb\">Si prega di guardare i video qui sotto per alcuni dei migliori interpreti di diabolo del mondo che utilizzano la serie HyperSpin Diabolo.<\/span><\/span><\/span><\/p>\n<p>Specifiche:<\/p>\n<p>Altezza: 148 mm.<\/p>\n<p>Larghezza: 128 mm.<\/p>\n<p>Peso: 197 gr.<\/p>\n<p>Asse: Hyper Bearing &#8211; 25mm<\/p>\n<p>Venduto senza bacchette!<\/p>\n<p><iframe loading=\"lazy\" title=\"HYPERSPIN TC \/ Hyper-Bearing\" width=\"1080\" height=\"608\" src=\"https:\/\/www.youtube.com\/embed\/p1RxjRHbxPk?feature=oembed\"  allow=\"accelerometer; autoplay; clipboard-write; encrypted-media; gyroscope; picture-in-picture; web-share\" allowfullscreen><\/iframe><\/p>\n<p>&nbsp;<\/p>\n","protected":false},"excerpt":{"rendered":"<p>SUBITO DISPONIBILE<\/p>\n","protected":false},"featured_media":21655,"comment_status":"closed","ping_status":"closed","template":"","meta":{"_et_pb_use_builder":"","_et_pb_old_content":"","_et_gb_content_width":""},"product_brand":[],"product_cat":[16],"product_tag":[239,2154],"class_list":{"0":"post-21647","1":"product","2":"type-product","3":"status-publish","4":"has-post-thumbnail","6":"product_cat-diaboli-vari","7":"product_tag-attrezzi-per-giocoleria-per-principianti-e-professionisti","8":"product_tag-diabolo-con-cuscinetto","9":"pa_colore-blu","10":"pa_colore-giallo","11":"pa_colore-nero","12":"pa_colore-rosa","13":"pa_colore-turchese","14":"pa_colore-viola","16":"first","17":"instock","18":"sale","19":"taxable","20":"shipping-taxable","21":"purchasable","22":"product-type-simple"},"yoast_head":"<!-- This site is optimized with the Yoast SEO plugin v27.4 - https:\/\/yoast.com\/product\/yoast-seo-wordpress\/ -->\n<title>JG1570 - Diabolo HyperSpin Superb Bearing - BazarBonino<\/title>\n<meta name=\"description\" content=\"Diabolo HyperSpin Superb Bearing \u00e8 l&#039;ultima edizione della famiglia Hyperspin. La fama mondiale degli Hyperspin \u00e8 dovuta al tempo di rotazione e stabilit\u00e0.\" \/>\n<meta name=\"robots\" content=\"index, follow, max-snippet:-1, max-image-preview:large, max-video-preview:-1\" \/>\n<link rel=\"canonical\" href=\"https:\/\/www.bazarbonino.com\/store\/prodotto\/jg1570-diabolo-hyperspin-superb-bearing\/\" \/>\n<meta property=\"og:locale\" content=\"it_IT\" \/>\n<meta property=\"og:type\" content=\"article\" \/>\n<meta property=\"og:title\" content=\"JG1570 - Diabolo HyperSpin Superb Bearing - BazarBonino\" \/>\n<meta property=\"og:description\" content=\"Diabolo HyperSpin Superb Bearing \u00e8 l&#039;ultima edizione della famiglia Hyperspin. La fama mondiale degli Hyperspin \u00e8 dovuta al tempo di rotazione e stabilit\u00e0.\" \/>\n<meta property=\"og:url\" content=\"https:\/\/www.bazarbonino.com\/store\/prodotto\/jg1570-diabolo-hyperspin-superb-bearing\/\" \/>\n<meta property=\"og:site_name\" content=\"BazarBonino\" \/>\n<meta property=\"article:publisher\" content=\"https:\/\/www.facebook.com\/bazar.bonino\" \/>\n<meta property=\"article:modified_time\" content=\"2023-10-29T13:49:00+00:00\" \/>\n<meta property=\"og:image\" content=\"https:\/\/www.bazarbonino.com\/store\/wp-content\/uploads\/2023\/08\/JG1570-Diabolo-HyperSpin-Superb-Bearing.jpg\" \/>\n\t<meta property=\"og:image:width\" content=\"794\" \/>\n\t<meta property=\"og:image:height\" content=\"794\" \/>\n\t<meta property=\"og:image:type\" content=\"image\/jpeg\" \/>\n<meta name=\"twitter:card\" content=\"summary_large_image\" \/>\n<meta name=\"twitter:label1\" content=\"Tempo di lettura stimato\" \/>\n\t<meta name=\"twitter:data1\" content=\"1 minuto\" \/>\n<script type=\"application\/ld+json\" class=\"yoast-schema-graph\">{\"@context\":\"https:\\\/\\\/schema.org\",\"@graph\":[{\"@type\":\"WebPage\",\"@id\":\"https:\\\/\\\/www.bazarbonino.com\\\/store\\\/prodotto\\\/jg1570-diabolo-hyperspin-superb-bearing\\\/\",\"url\":\"https:\\\/\\\/www.bazarbonino.com\\\/store\\\/prodotto\\\/jg1570-diabolo-hyperspin-superb-bearing\\\/\",\"name\":\"JG1570 - Diabolo HyperSpin Superb Bearing - BazarBonino\",\"isPartOf\":{\"@id\":\"https:\\\/\\\/www.bazarbonino.com\\\/store\\\/#website\"},\"primaryImageOfPage\":{\"@id\":\"https:\\\/\\\/www.bazarbonino.com\\\/store\\\/prodotto\\\/jg1570-diabolo-hyperspin-superb-bearing\\\/#primaryimage\"},\"image\":{\"@id\":\"https:\\\/\\\/www.bazarbonino.com\\\/store\\\/prodotto\\\/jg1570-diabolo-hyperspin-superb-bearing\\\/#primaryimage\"},\"thumbnailUrl\":\"https:\\\/\\\/www.bazarbonino.com\\\/store\\\/wp-content\\\/uploads\\\/2023\\\/08\\\/JG1570-Diabolo-HyperSpin-Superb-Bearing.jpg\",\"datePublished\":\"2023-08-26T17:58:27+00:00\",\"dateModified\":\"2023-10-29T13:49:00+00:00\",\"description\":\"Diabolo HyperSpin Superb Bearing \u00e8 l'ultima edizione della famiglia Hyperspin. La fama mondiale degli Hyperspin \u00e8 dovuta al tempo di rotazione e stabilit\u00e0.\",\"breadcrumb\":{\"@id\":\"https:\\\/\\\/www.bazarbonino.com\\\/store\\\/prodotto\\\/jg1570-diabolo-hyperspin-superb-bearing\\\/#breadcrumb\"},\"inLanguage\":\"it-IT\",\"potentialAction\":[{\"@type\":\"ReadAction\",\"target\":[\"https:\\\/\\\/www.bazarbonino.com\\\/store\\\/prodotto\\\/jg1570-diabolo-hyperspin-superb-bearing\\\/\"]}]},{\"@type\":\"ImageObject\",\"inLanguage\":\"it-IT\",\"@id\":\"https:\\\/\\\/www.bazarbonino.com\\\/store\\\/prodotto\\\/jg1570-diabolo-hyperspin-superb-bearing\\\/#primaryimage\",\"url\":\"https:\\\/\\\/www.bazarbonino.com\\\/store\\\/wp-content\\\/uploads\\\/2023\\\/08\\\/JG1570-Diabolo-HyperSpin-Superb-Bearing.jpg\",\"contentUrl\":\"https:\\\/\\\/www.bazarbonino.com\\\/store\\\/wp-content\\\/uploads\\\/2023\\\/08\\\/JG1570-Diabolo-HyperSpin-Superb-Bearing.jpg\",\"width\":794,\"height\":794,\"caption\":\"JG1570 - Diabolo HyperSpin Superb Bearing\"},{\"@type\":\"BreadcrumbList\",\"@id\":\"https:\\\/\\\/www.bazarbonino.com\\\/store\\\/prodotto\\\/jg1570-diabolo-hyperspin-superb-bearing\\\/#breadcrumb\",\"itemListElement\":[{\"@type\":\"ListItem\",\"position\":1,\"name\":\"Home\",\"item\":\"https:\\\/\\\/www.bazarbonino.com\\\/store\\\/\"},{\"@type\":\"ListItem\",\"position\":2,\"name\":\"Catalogo\",\"item\":\"https:\\\/\\\/www.bazarbonino.com\\\/store\\\/shop\\\/\"},{\"@type\":\"ListItem\",\"position\":3,\"name\":\"JG1570 &#8211; Diabolo HyperSpin Superb Bearing\"}]},{\"@type\":\"WebSite\",\"@id\":\"https:\\\/\\\/www.bazarbonino.com\\\/store\\\/#website\",\"url\":\"https:\\\/\\\/www.bazarbonino.com\\\/store\\\/\",\"name\":\"BazarBonino\",\"description\":\"\",\"potentialAction\":[{\"@type\":\"SearchAction\",\"target\":{\"@type\":\"EntryPoint\",\"urlTemplate\":\"https:\\\/\\\/www.bazarbonino.com\\\/store\\\/?s={search_term_string}\"},\"query-input\":{\"@type\":\"PropertyValueSpecification\",\"valueRequired\":true,\"valueName\":\"search_term_string\"}}],\"inLanguage\":\"it-IT\"}]}<\/script>\n<!-- \/ Yoast SEO plugin. -->","yoast_head_json":{"title":"JG1570 - Diabolo HyperSpin Superb Bearing - BazarBonino","description":"Diabolo HyperSpin Superb Bearing \u00e8 l'ultima edizione della famiglia Hyperspin. La fama mondiale degli Hyperspin \u00e8 dovuta al tempo di rotazione e stabilit\u00e0.","robots":{"index":"index","follow":"follow","max-snippet":"max-snippet:-1","max-image-preview":"max-image-preview:large","max-video-preview":"max-video-preview:-1"},"canonical":"https:\/\/www.bazarbonino.com\/store\/prodotto\/jg1570-diabolo-hyperspin-superb-bearing\/","og_locale":"it_IT","og_type":"article","og_title":"JG1570 - Diabolo HyperSpin Superb Bearing - BazarBonino","og_description":"Diabolo HyperSpin Superb Bearing \u00e8 l'ultima edizione della famiglia Hyperspin. La fama mondiale degli Hyperspin \u00e8 dovuta al tempo di rotazione e stabilit\u00e0.","og_url":"https:\/\/www.bazarbonino.com\/store\/prodotto\/jg1570-diabolo-hyperspin-superb-bearing\/","og_site_name":"BazarBonino","article_publisher":"https:\/\/www.facebook.com\/bazar.bonino","article_modified_time":"2023-10-29T13:49:00+00:00","og_image":[{"width":794,"height":794,"url":"https:\/\/www.bazarbonino.com\/store\/wp-content\/uploads\/2023\/08\/JG1570-Diabolo-HyperSpin-Superb-Bearing.jpg","type":"image\/jpeg"}],"twitter_card":"summary_large_image","twitter_misc":{"Tempo di lettura stimato":"1 minuto"},"schema":{"@context":"https:\/\/schema.org","@graph":[{"@type":"WebPage","@id":"https:\/\/www.bazarbonino.com\/store\/prodotto\/jg1570-diabolo-hyperspin-superb-bearing\/","url":"https:\/\/www.bazarbonino.com\/store\/prodotto\/jg1570-diabolo-hyperspin-superb-bearing\/","name":"JG1570 - Diabolo HyperSpin Superb Bearing - BazarBonino","isPartOf":{"@id":"https:\/\/www.bazarbonino.com\/store\/#website"},"primaryImageOfPage":{"@id":"https:\/\/www.bazarbonino.com\/store\/prodotto\/jg1570-diabolo-hyperspin-superb-bearing\/#primaryimage"},"image":{"@id":"https:\/\/www.bazarbonino.com\/store\/prodotto\/jg1570-diabolo-hyperspin-superb-bearing\/#primaryimage"},"thumbnailUrl":"https:\/\/www.bazarbonino.com\/store\/wp-content\/uploads\/2023\/08\/JG1570-Diabolo-HyperSpin-Superb-Bearing.jpg","datePublished":"2023-08-26T17:58:27+00:00","dateModified":"2023-10-29T13:49:00+00:00","description":"Diabolo HyperSpin Superb Bearing \u00e8 l'ultima edizione della famiglia Hyperspin. La fama mondiale degli Hyperspin \u00e8 dovuta al tempo di rotazione e stabilit\u00e0.","breadcrumb":{"@id":"https:\/\/www.bazarbonino.com\/store\/prodotto\/jg1570-diabolo-hyperspin-superb-bearing\/#breadcrumb"},"inLanguage":"it-IT","potentialAction":[{"@type":"ReadAction","target":["https:\/\/www.bazarbonino.com\/store\/prodotto\/jg1570-diabolo-hyperspin-superb-bearing\/"]}]},{"@type":"ImageObject","inLanguage":"it-IT","@id":"https:\/\/www.bazarbonino.com\/store\/prodotto\/jg1570-diabolo-hyperspin-superb-bearing\/#primaryimage","url":"https:\/\/www.bazarbonino.com\/store\/wp-content\/uploads\/2023\/08\/JG1570-Diabolo-HyperSpin-Superb-Bearing.jpg","contentUrl":"https:\/\/www.bazarbonino.com\/store\/wp-content\/uploads\/2023\/08\/JG1570-Diabolo-HyperSpin-Superb-Bearing.jpg","width":794,"height":794,"caption":"JG1570 - Diabolo HyperSpin Superb Bearing"},{"@type":"BreadcrumbList","@id":"https:\/\/www.bazarbonino.com\/store\/prodotto\/jg1570-diabolo-hyperspin-superb-bearing\/#breadcrumb","itemListElement":[{"@type":"ListItem","position":1,"name":"Home","item":"https:\/\/www.bazarbonino.com\/store\/"},{"@type":"ListItem","position":2,"name":"Catalogo","item":"https:\/\/www.bazarbonino.com\/store\/shop\/"},{"@type":"ListItem","position":3,"name":"JG1570 &#8211; Diabolo HyperSpin Superb Bearing"}]},{"@type":"WebSite","@id":"https:\/\/www.bazarbonino.com\/store\/#website","url":"https:\/\/www.bazarbonino.com\/store\/","name":"BazarBonino","description":"","potentialAction":[{"@type":"SearchAction","target":{"@type":"EntryPoint","urlTemplate":"https:\/\/www.bazarbonino.com\/store\/?s={search_term_string}"},"query-input":{"@type":"PropertyValueSpecification","valueRequired":true,"valueName":"search_term_string"}}],"inLanguage":"it-IT"}]}},"_links":{"self":[{"href":"https:\/\/www.bazarbonino.com\/store\/wp-json\/wp\/v2\/product\/21647","targetHints":{"allow":["GET"]}}],"collection":[{"href":"https:\/\/www.bazarbonino.com\/store\/wp-json\/wp\/v2\/product"}],"about":[{"href":"https:\/\/www.bazarbonino.com\/store\/wp-json\/wp\/v2\/types\/product"}],"replies":[{"embeddable":true,"href":"https:\/\/www.bazarbonino.com\/store\/wp-json\/wp\/v2\/comments?post=21647"}],"wp:featuredmedia":[{"embeddable":true,"href":"https:\/\/www.bazarbonino.com\/store\/wp-json\/wp\/v2\/media\/21655"}],"wp:attachment":[{"href":"https:\/\/www.bazarbonino.com\/store\/wp-json\/wp\/v2\/media?parent=21647"}],"wp:term":[{"taxonomy":"product_brand","embeddable":true,"href":"https:\/\/www.bazarbonino.com\/store\/wp-json\/wp\/v2\/product_brand?post=21647"},{"taxonomy":"product_cat","embeddable":true,"href":"https:\/\/www.bazarbonino.com\/store\/wp-json\/wp\/v2\/product_cat?post=21647"},{"taxonomy":"product_tag","embeddable":true,"href":"https:\/\/www.bazarbonino.com\/store\/wp-json\/wp\/v2\/product_tag?post=21647"}],"curies":[{"name":"wp","href":"https:\/\/api.w.org\/{rel}","templated":true}]}}