{"id":21598,"date":"2023-08-25T23:10:21","date_gmt":"2023-08-25T21:10:21","guid":{"rendered":"https:\/\/www.bazarbonino.com\/store\/?post_type=product&#038;p=21598"},"modified":"2025-07-11T16:09:17","modified_gmt":"2025-07-11T14:09:17","slug":"jg4525-staffa-led-carica-usb","status":"publish","type":"product","link":"https:\/\/www.bazarbonino.com\/store\/prodotto\/jg4525-staffa-led-carica-usb\/","title":{"rendered":"JG4525 &#8211; Staffa Led Carica USB"},"content":{"rendered":"<p>Staffa Led Carica USB disponibile nella lunghezza di 100, 120 e 140 cm. peso 560 gr &#8211; <span class=\"HwtZe\" lang=\"it\"><span class=\"jCAhz ChMk0b\"><span class=\"ryNqvb\">La nuova Staffa Led Carica multifunzione Oddballs \u00e8 il perfetto connubio tra convenienza, praticit\u00e0 e prestazioni.<\/span><\/span> <span class=\"jCAhz ChMk0b\"><span class=\"ryNqvb\">Rivestito in un tubo di silicone trasparente per tutta la sua lunghezza, questo bastone \u00e8 super aderente e facilita i movimenti di contatto, pur essendo abbastanza leggero anche per gli stili di rotazione delle mani pi\u00f9 veloci.<\/span><\/span> <span class=\"jCAhz ChMk0b\"><span class=\"ryNqvb\">Dotato di un&#8217;unit\u00e0 LED RGB super luminosa, ricaricabile tramite USB, su ciascuna estremit\u00e0.<\/span><\/span> <span class=\"jCAhz ChMk0b\"><span class=\"ryNqvb\">Al buio, queste unit\u00e0 diffondono la luce su tutta la lunghezza del bastone e possono essere impostate su uno qualsiasi degli 11 effetti:<\/span><\/span> <\/span><\/p>\n<p><span class=\"HwtZe\" lang=\"it\"><span class=\"jCAhz ChMk0b\"><span class=\"ryNqvb\">Cambio taglio -1,5 secondi per colore, anche se 8 colori.<\/span><\/span> <\/span><\/p>\n<p><span class=\"HwtZe\" lang=\"it\"><span class=\"jCAhz ChMk0b\"><span class=\"ryNqvb\">Stroboscopico &#8211; attraverso 8 colori.<\/span><\/span> <\/span><\/p>\n<p><span class=\"HwtZe\" lang=\"it\"><span class=\"jCAhz ChMk0b\"><span class=\"ryNqvb\">Dissolvenza lenta &#8211; attraverso 8 colori.<\/span><\/span> <\/span><\/p>\n<p><span class=\"HwtZe\" lang=\"it\"><span class=\"jCAhz ChMk0b\"><span class=\"ryNqvb\">Colori solidi in: rosso, verde, blu, giallo, turchese, rosa, arancione e bianco.<\/span><\/span> <\/span><\/p>\n<p><span class=\"HwtZe\" lang=\"it\"><span class=\"jCAhz ChMk0b\"><span class=\"ryNqvb\">Per accendere le unit\u00e0, tenere premuto il pulsante accanto alla porta di ricarica.<\/span><\/span> <span class=\"jCAhz ChMk0b\"><span class=\"ryNqvb\">Per scorrere il menu delle funzioni, premere una volta e rilasciare.<\/span><\/span> <span class=\"jCAhz ChMk0b\"><span class=\"ryNqvb\">Per spegnere, tenere premuto il pulsante finch\u00e9 lo stick non lampeggia una volta.<\/span><\/span> <span class=\"jCAhz ChMk0b\"><span class=\"ryNqvb\">La staffa multifunzione Oddballs impiegher\u00e0 15 minuti per caricarsi, il che dar\u00e0 quarantacinque minuti di luminosit\u00e0 su tutte le impostazioni.<\/span><\/span> <span class=\"jCAhz ChMk0b\"><span class=\"ryNqvb\">La Staffa Led carica USB fa parte di una generazione pi\u00f9 rispettosa dell&#8217;ambiente di prodotti LED Oddballs.<\/span><\/span> <span class=\"jCAhz ChMk0b\"><span class=\"ryNqvb\">Ora puoi caricare il tuo Staff quasi ovunque utilizzando un punto di ricarica USB standard (laptop o alimentatore) tramite il cavo sdoppiatore USB a 2 vie &#8211; Micro USB in dotazione.<\/span><\/span> <\/span><\/p>\n<p><span class=\"HwtZe\" lang=\"it\"><span class=\"jCAhz ChMk0b\"><span class=\"ryNqvb\">Specifiche:<\/span><\/span> <\/span><\/p>\n<p><span class=\"HwtZe\" lang=\"it\"><span class=\"jCAhz ChMk0b\"><span class=\"ryNqvb\">Lunghezza staffa: 100 cm, 120 cm, 140 cm<\/span><\/span> <\/span><\/p>\n<p><span class=\"HwtZe\" lang=\"it\"><span class=\"jCAhz ChMk0b\"><span class=\"ryNqvb\">Diametro: 23 mm<\/span><\/span> <\/span><\/p>\n<p><span class=\"HwtZe\" lang=\"it\"><span class=\"jCAhz ChMk0b\"><span class=\"ryNqvb\">Peso: 560 g<\/span><\/span> <\/span><\/p>\n<p><span class=\"HwtZe\" lang=\"it\"><span class=\"jCAhz ChMk0b\"><span class=\"ryNqvb\">Tempo di ricarica: 20 minuti<\/span><\/span> <\/span><\/p>\n<p><span class=\"HwtZe\" lang=\"it\"><span class=\"jCAhz ChMk0b\"><span class=\"ryNqvb\">Tempo di riproduzione: 1 ora a seconda della funzione<\/span><\/span><\/span><\/p>\n","protected":false},"excerpt":{"rendered":"<p>Staffa Led Carica USB disponibile nella lunghezza di 100, 120 e 140 cm. peso 560 gr &#8211; La nuova Staffa Led Carica multifunzione Oddballs \u00e8 il perfetto connubio tra convenienza, praticit\u00e0 e prestazioni. Rivestito in un tubo di silicone trasparente per tutta la sua lunghezza, questo bastone \u00e8 super aderente e facilita i movimenti di [&hellip;]<\/p>\n","protected":false},"featured_media":21602,"comment_status":"closed","ping_status":"closed","template":"","meta":{"_et_pb_use_builder":"","_et_pb_old_content":"","_et_gb_content_width":""},"product_brand":[],"product_cat":[54],"product_tag":[2127,329,328],"class_list":{"0":"post-21598","1":"product","2":"type-product","3":"status-publish","4":"has-post-thumbnail","6":"product_cat-staffe-luminose","7":"product_tag-bazar-bonino-torino","8":"product_tag-negozio-on-line-articoli-giocoleria-luminosi","9":"product_tag-staffe-luminose-giocoleria-per-twirling","10":"pa_lunghezza-100-cm","11":"pa_lunghezza-120-cm","12":"pa_lunghezza-140-cm","14":"first","15":"instock","16":"sale","17":"taxable","18":"shipping-taxable","19":"purchasable","20":"product-type-variable"},"yoast_head":"<!-- This site is optimized with the Yoast SEO plugin v27.4 - https:\/\/yoast.com\/product\/yoast-seo-wordpress\/ -->\n<title>JG4525 - Staffa Led Carica USB - BazarBonino<\/title>\n<meta name=\"description\" content=\"Staffa Led Carica USB disponibile nella lunghezza di 100, 120 e 140 cm. peso 560 gr - E&#039; il perfetto connubio tra convenienza, praticit\u00e0 e prestazioni.\" \/>\n<meta name=\"robots\" content=\"index, follow, max-snippet:-1, max-image-preview:large, max-video-preview:-1\" \/>\n<link rel=\"canonical\" href=\"https:\/\/www.bazarbonino.com\/store\/prodotto\/jg4525-staffa-led-carica-usb\/\" \/>\n<meta property=\"og:locale\" content=\"it_IT\" \/>\n<meta property=\"og:type\" content=\"article\" \/>\n<meta property=\"og:title\" content=\"JG4525 - Staffa Led Carica USB - BazarBonino\" \/>\n<meta property=\"og:description\" content=\"Staffa Led Carica USB disponibile nella lunghezza di 100, 120 e 140 cm. peso 560 gr - E&#039; il perfetto connubio tra convenienza, praticit\u00e0 e prestazioni.\" \/>\n<meta property=\"og:url\" content=\"https:\/\/www.bazarbonino.com\/store\/prodotto\/jg4525-staffa-led-carica-usb\/\" \/>\n<meta property=\"og:site_name\" content=\"BazarBonino\" \/>\n<meta property=\"article:publisher\" content=\"https:\/\/www.facebook.com\/bazar.bonino\" \/>\n<meta property=\"article:modified_time\" content=\"2025-07-11T14:09:17+00:00\" \/>\n<meta property=\"og:image\" content=\"https:\/\/www.bazarbonino.com\/store\/wp-content\/uploads\/2023\/08\/JG4525-Staffa-Led-Carica-USB-scaled.jpg\" \/>\n\t<meta property=\"og:image:width\" content=\"1152\" \/>\n\t<meta property=\"og:image:height\" content=\"2560\" \/>\n\t<meta property=\"og:image:type\" content=\"image\/jpeg\" \/>\n<meta name=\"twitter:card\" content=\"summary_large_image\" \/>\n<meta name=\"twitter:label1\" content=\"Tempo di lettura stimato\" \/>\n\t<meta name=\"twitter:data1\" content=\"1 minuto\" \/>\n<script type=\"application\/ld+json\" class=\"yoast-schema-graph\">{\"@context\":\"https:\\\/\\\/schema.org\",\"@graph\":[{\"@type\":\"WebPage\",\"@id\":\"https:\\\/\\\/www.bazarbonino.com\\\/store\\\/prodotto\\\/jg4525-staffa-led-carica-usb\\\/\",\"url\":\"https:\\\/\\\/www.bazarbonino.com\\\/store\\\/prodotto\\\/jg4525-staffa-led-carica-usb\\\/\",\"name\":\"JG4525 - Staffa Led Carica USB - BazarBonino\",\"isPartOf\":{\"@id\":\"https:\\\/\\\/www.bazarbonino.com\\\/store\\\/#website\"},\"primaryImageOfPage\":{\"@id\":\"https:\\\/\\\/www.bazarbonino.com\\\/store\\\/prodotto\\\/jg4525-staffa-led-carica-usb\\\/#primaryimage\"},\"image\":{\"@id\":\"https:\\\/\\\/www.bazarbonino.com\\\/store\\\/prodotto\\\/jg4525-staffa-led-carica-usb\\\/#primaryimage\"},\"thumbnailUrl\":\"https:\\\/\\\/www.bazarbonino.com\\\/store\\\/wp-content\\\/uploads\\\/2023\\\/08\\\/JG4525-Staffa-Led-Carica-USB-scaled.jpg\",\"datePublished\":\"2023-08-25T21:10:21+00:00\",\"dateModified\":\"2025-07-11T14:09:17+00:00\",\"description\":\"Staffa Led Carica USB disponibile nella lunghezza di 100, 120 e 140 cm. peso 560 gr - E' il perfetto connubio tra convenienza, praticit\u00e0 e prestazioni.\",\"breadcrumb\":{\"@id\":\"https:\\\/\\\/www.bazarbonino.com\\\/store\\\/prodotto\\\/jg4525-staffa-led-carica-usb\\\/#breadcrumb\"},\"inLanguage\":\"it-IT\",\"potentialAction\":[{\"@type\":\"ReadAction\",\"target\":[\"https:\\\/\\\/www.bazarbonino.com\\\/store\\\/prodotto\\\/jg4525-staffa-led-carica-usb\\\/\"]}]},{\"@type\":\"ImageObject\",\"inLanguage\":\"it-IT\",\"@id\":\"https:\\\/\\\/www.bazarbonino.com\\\/store\\\/prodotto\\\/jg4525-staffa-led-carica-usb\\\/#primaryimage\",\"url\":\"https:\\\/\\\/www.bazarbonino.com\\\/store\\\/wp-content\\\/uploads\\\/2023\\\/08\\\/JG4525-Staffa-Led-Carica-USB-scaled.jpg\",\"contentUrl\":\"https:\\\/\\\/www.bazarbonino.com\\\/store\\\/wp-content\\\/uploads\\\/2023\\\/08\\\/JG4525-Staffa-Led-Carica-USB-scaled.jpg\",\"width\":1152,\"height\":2560,\"caption\":\"JG4525 - Staffa Led Carica USB\"},{\"@type\":\"BreadcrumbList\",\"@id\":\"https:\\\/\\\/www.bazarbonino.com\\\/store\\\/prodotto\\\/jg4525-staffa-led-carica-usb\\\/#breadcrumb\",\"itemListElement\":[{\"@type\":\"ListItem\",\"position\":1,\"name\":\"Home\",\"item\":\"https:\\\/\\\/www.bazarbonino.com\\\/store\\\/\"},{\"@type\":\"ListItem\",\"position\":2,\"name\":\"Catalogo\",\"item\":\"https:\\\/\\\/www.bazarbonino.com\\\/store\\\/shop\\\/\"},{\"@type\":\"ListItem\",\"position\":3,\"name\":\"JG4525 &#8211; Staffa Led Carica USB\"}]},{\"@type\":\"WebSite\",\"@id\":\"https:\\\/\\\/www.bazarbonino.com\\\/store\\\/#website\",\"url\":\"https:\\\/\\\/www.bazarbonino.com\\\/store\\\/\",\"name\":\"BazarBonino\",\"description\":\"\",\"potentialAction\":[{\"@type\":\"SearchAction\",\"target\":{\"@type\":\"EntryPoint\",\"urlTemplate\":\"https:\\\/\\\/www.bazarbonino.com\\\/store\\\/?s={search_term_string}\"},\"query-input\":{\"@type\":\"PropertyValueSpecification\",\"valueRequired\":true,\"valueName\":\"search_term_string\"}}],\"inLanguage\":\"it-IT\"}]}<\/script>\n<!-- \/ Yoast SEO plugin. -->","yoast_head_json":{"title":"JG4525 - Staffa Led Carica USB - BazarBonino","description":"Staffa Led Carica USB disponibile nella lunghezza di 100, 120 e 140 cm. peso 560 gr - E' il perfetto connubio tra convenienza, praticit\u00e0 e prestazioni.","robots":{"index":"index","follow":"follow","max-snippet":"max-snippet:-1","max-image-preview":"max-image-preview:large","max-video-preview":"max-video-preview:-1"},"canonical":"https:\/\/www.bazarbonino.com\/store\/prodotto\/jg4525-staffa-led-carica-usb\/","og_locale":"it_IT","og_type":"article","og_title":"JG4525 - Staffa Led Carica USB - BazarBonino","og_description":"Staffa Led Carica USB disponibile nella lunghezza di 100, 120 e 140 cm. peso 560 gr - E' il perfetto connubio tra convenienza, praticit\u00e0 e prestazioni.","og_url":"https:\/\/www.bazarbonino.com\/store\/prodotto\/jg4525-staffa-led-carica-usb\/","og_site_name":"BazarBonino","article_publisher":"https:\/\/www.facebook.com\/bazar.bonino","article_modified_time":"2025-07-11T14:09:17+00:00","og_image":[{"width":1152,"height":2560,"url":"https:\/\/www.bazarbonino.com\/store\/wp-content\/uploads\/2023\/08\/JG4525-Staffa-Led-Carica-USB-scaled.jpg","type":"image\/jpeg"}],"twitter_card":"summary_large_image","twitter_misc":{"Tempo di lettura stimato":"1 minuto"},"schema":{"@context":"https:\/\/schema.org","@graph":[{"@type":"WebPage","@id":"https:\/\/www.bazarbonino.com\/store\/prodotto\/jg4525-staffa-led-carica-usb\/","url":"https:\/\/www.bazarbonino.com\/store\/prodotto\/jg4525-staffa-led-carica-usb\/","name":"JG4525 - Staffa Led Carica USB - BazarBonino","isPartOf":{"@id":"https:\/\/www.bazarbonino.com\/store\/#website"},"primaryImageOfPage":{"@id":"https:\/\/www.bazarbonino.com\/store\/prodotto\/jg4525-staffa-led-carica-usb\/#primaryimage"},"image":{"@id":"https:\/\/www.bazarbonino.com\/store\/prodotto\/jg4525-staffa-led-carica-usb\/#primaryimage"},"thumbnailUrl":"https:\/\/www.bazarbonino.com\/store\/wp-content\/uploads\/2023\/08\/JG4525-Staffa-Led-Carica-USB-scaled.jpg","datePublished":"2023-08-25T21:10:21+00:00","dateModified":"2025-07-11T14:09:17+00:00","description":"Staffa Led Carica USB disponibile nella lunghezza di 100, 120 e 140 cm. peso 560 gr - E' il perfetto connubio tra convenienza, praticit\u00e0 e prestazioni.","breadcrumb":{"@id":"https:\/\/www.bazarbonino.com\/store\/prodotto\/jg4525-staffa-led-carica-usb\/#breadcrumb"},"inLanguage":"it-IT","potentialAction":[{"@type":"ReadAction","target":["https:\/\/www.bazarbonino.com\/store\/prodotto\/jg4525-staffa-led-carica-usb\/"]}]},{"@type":"ImageObject","inLanguage":"it-IT","@id":"https:\/\/www.bazarbonino.com\/store\/prodotto\/jg4525-staffa-led-carica-usb\/#primaryimage","url":"https:\/\/www.bazarbonino.com\/store\/wp-content\/uploads\/2023\/08\/JG4525-Staffa-Led-Carica-USB-scaled.jpg","contentUrl":"https:\/\/www.bazarbonino.com\/store\/wp-content\/uploads\/2023\/08\/JG4525-Staffa-Led-Carica-USB-scaled.jpg","width":1152,"height":2560,"caption":"JG4525 - Staffa Led Carica USB"},{"@type":"BreadcrumbList","@id":"https:\/\/www.bazarbonino.com\/store\/prodotto\/jg4525-staffa-led-carica-usb\/#breadcrumb","itemListElement":[{"@type":"ListItem","position":1,"name":"Home","item":"https:\/\/www.bazarbonino.com\/store\/"},{"@type":"ListItem","position":2,"name":"Catalogo","item":"https:\/\/www.bazarbonino.com\/store\/shop\/"},{"@type":"ListItem","position":3,"name":"JG4525 &#8211; Staffa Led Carica USB"}]},{"@type":"WebSite","@id":"https:\/\/www.bazarbonino.com\/store\/#website","url":"https:\/\/www.bazarbonino.com\/store\/","name":"BazarBonino","description":"","potentialAction":[{"@type":"SearchAction","target":{"@type":"EntryPoint","urlTemplate":"https:\/\/www.bazarbonino.com\/store\/?s={search_term_string}"},"query-input":{"@type":"PropertyValueSpecification","valueRequired":true,"valueName":"search_term_string"}}],"inLanguage":"it-IT"}]}},"_links":{"self":[{"href":"https:\/\/www.bazarbonino.com\/store\/wp-json\/wp\/v2\/product\/21598","targetHints":{"allow":["GET"]}}],"collection":[{"href":"https:\/\/www.bazarbonino.com\/store\/wp-json\/wp\/v2\/product"}],"about":[{"href":"https:\/\/www.bazarbonino.com\/store\/wp-json\/wp\/v2\/types\/product"}],"replies":[{"embeddable":true,"href":"https:\/\/www.bazarbonino.com\/store\/wp-json\/wp\/v2\/comments?post=21598"}],"wp:featuredmedia":[{"embeddable":true,"href":"https:\/\/www.bazarbonino.com\/store\/wp-json\/wp\/v2\/media\/21602"}],"wp:attachment":[{"href":"https:\/\/www.bazarbonino.com\/store\/wp-json\/wp\/v2\/media?parent=21598"}],"wp:term":[{"taxonomy":"product_brand","embeddable":true,"href":"https:\/\/www.bazarbonino.com\/store\/wp-json\/wp\/v2\/product_brand?post=21598"},{"taxonomy":"product_cat","embeddable":true,"href":"https:\/\/www.bazarbonino.com\/store\/wp-json\/wp\/v2\/product_cat?post=21598"},{"taxonomy":"product_tag","embeddable":true,"href":"https:\/\/www.bazarbonino.com\/store\/wp-json\/wp\/v2\/product_tag?post=21598"}],"curies":[{"name":"wp","href":"https:\/\/api.w.org\/{rel}","templated":true}]}}