{"id":21535,"date":"2023-08-02T18:36:31","date_gmt":"2023-08-02T16:36:31","guid":{"rendered":"https:\/\/www.bazarbonino.com\/store\/?post_type=product&#038;p=21535"},"modified":"2023-10-28T09:12:04","modified_gmt":"2023-10-28T07:12:04","slug":"jg4135-pallina-luminosa-glow-o-wes-peden","status":"publish","type":"product","link":"https:\/\/www.bazarbonino.com\/store\/prodotto\/jg4135-pallina-luminosa-glow-o-wes-peden\/","title":{"rendered":"JG4135 &#8211; Pallina Luminosa Glow-O Wes Peden"},"content":{"rendered":"<p>Finalmente con la Pallina Luminosa Glow-O Wes Peden un prodotto ricaricabile di alta qualit\u00e0 ad un prezzo accessibile! Queste fantastiche palline LED dalla scocca morbida, sono state introdotte sul mercato statunitense nel 2022 e sono diventate subito molto popolari, dimostrando di essere molto piacevoli da manipolare ed estremamente affidabili. Sono dimmerabili e ricaricabili (un cavo di ricarica USB a 3 teste \u00e8 incluso in ogni set, cos\u00ec come il libretto di istruzioni) e presentano 20 modalit\u00e0 di illuminazione!<\/p>\n<p>La Pallina Luminosa Glow-O Wes Peden si ricarica totalmente in 2 ore per una durata massima totale di 9 ore circa.<\/p>\n<p>Peso 120 grammi, diametro 69 mm.<\/p>\n<p>Per un errore di confezionamento del produttore statunitense alcune palle sono giunte in Europa con un piccolo segno giallastro sul guscio che non \u00e8 assolutamente visibile una volta accese le palline. Per questo motivo al momento sono disponibili 2 tipologie di prodotto<\/p>\n","protected":false},"excerpt":{"rendered":"<p>Finalmente con la Pallina Luminosa Glow-O Wes Peden un prodotto ricaricabile di alta qualit\u00e0 ad un prezzo accessibile! Queste fantastiche palline LED dalla scocca morbida, sono state introdotte sul mercato statunitense nel 2022 e sono diventate subito molto popolari, dimostrando di essere molto piacevoli da manipolare ed estremamente affidabili. Sono dimmerabili e ricaricabili (un cavo [&hellip;]<\/p>\n","protected":false},"featured_media":21538,"comment_status":"closed","ping_status":"closed","template":"","meta":{"_et_pb_use_builder":"","_et_pb_old_content":"","_et_gb_content_width":""},"product_brand":[],"product_cat":[51],"product_tag":[321,2127,322,320],"class_list":{"0":"post-21535","1":"product","2":"type-product","3":"status-publish","4":"has-post-thumbnail","6":"product_cat-palline-luminose","7":"product_tag-attrezzi-luminosi-di-giocoleria","8":"product_tag-bazar-bonino-torino","9":"product_tag-negozio-on-line-articoli-luminosi-di-giocoleria","10":"product_tag-palline-luminose-per-giocolieri","11":"pa_modello-prima-qualita","12":"pa_modello-seconda-scelta","14":"first","15":"instock","16":"taxable","17":"shipping-taxable","18":"purchasable","19":"product-type-variable"},"yoast_head":"<!-- This site is optimized with the Yoast SEO plugin v27.2 - https:\/\/yoast.com\/product\/yoast-seo-wordpress\/ -->\n<title>JG4135 - Pallina Luminosa Glow-O Wes Peden - BazarBonino<\/title>\n<meta name=\"description\" content=\"Finalmente con la Pallina Luminosa Glow-O Wes Peden un prodotto ricaricabile di alta qualit\u00e0 ad un prezzo accessibile! Dimmerabili e ricaricabili con 20 mod\" \/>\n<meta name=\"robots\" content=\"index, follow, max-snippet:-1, max-image-preview:large, max-video-preview:-1\" \/>\n<link rel=\"canonical\" href=\"https:\/\/www.bazarbonino.com\/store\/prodotto\/jg4135-pallina-luminosa-glow-o-wes-peden\/\" \/>\n<meta property=\"og:locale\" content=\"it_IT\" \/>\n<meta property=\"og:type\" content=\"article\" \/>\n<meta property=\"og:title\" content=\"JG4135 - Pallina Luminosa Glow-O Wes Peden - BazarBonino\" \/>\n<meta property=\"og:description\" content=\"Finalmente con la Pallina Luminosa Glow-O Wes Peden un prodotto ricaricabile di alta qualit\u00e0 ad un prezzo accessibile! Dimmerabili e ricaricabili con 20 mod\" \/>\n<meta property=\"og:url\" content=\"https:\/\/www.bazarbonino.com\/store\/prodotto\/jg4135-pallina-luminosa-glow-o-wes-peden\/\" \/>\n<meta property=\"og:site_name\" content=\"BazarBonino\" \/>\n<meta property=\"article:publisher\" content=\"https:\/\/www.facebook.com\/bazar.bonino\" \/>\n<meta property=\"article:modified_time\" content=\"2023-10-28T07:12:04+00:00\" \/>\n<meta property=\"og:image\" content=\"https:\/\/www.bazarbonino.com\/store\/wp-content\/uploads\/2023\/08\/JG4135-Pallina-Luminosa-Glow-O-Wes-Peden.jpg\" \/>\n\t<meta property=\"og:image:width\" content=\"960\" \/>\n\t<meta property=\"og:image:height\" content=\"960\" \/>\n\t<meta property=\"og:image:type\" content=\"image\/jpeg\" \/>\n<meta name=\"twitter:card\" content=\"summary_large_image\" \/>\n<meta name=\"twitter:label1\" content=\"Tempo di lettura stimato\" \/>\n\t<meta name=\"twitter:data1\" content=\"1 minuto\" \/>\n<script type=\"application\/ld+json\" class=\"yoast-schema-graph\">{\"@context\":\"https:\/\/schema.org\",\"@graph\":[{\"@type\":\"WebPage\",\"@id\":\"https:\/\/www.bazarbonino.com\/store\/prodotto\/jg4135-pallina-luminosa-glow-o-wes-peden\/\",\"url\":\"https:\/\/www.bazarbonino.com\/store\/prodotto\/jg4135-pallina-luminosa-glow-o-wes-peden\/\",\"name\":\"JG4135 - Pallina Luminosa Glow-O Wes Peden - BazarBonino\",\"isPartOf\":{\"@id\":\"https:\/\/www.bazarbonino.com\/store\/#website\"},\"primaryImageOfPage\":{\"@id\":\"https:\/\/www.bazarbonino.com\/store\/prodotto\/jg4135-pallina-luminosa-glow-o-wes-peden\/#primaryimage\"},\"image\":{\"@id\":\"https:\/\/www.bazarbonino.com\/store\/prodotto\/jg4135-pallina-luminosa-glow-o-wes-peden\/#primaryimage\"},\"thumbnailUrl\":\"https:\/\/www.bazarbonino.com\/store\/wp-content\/uploads\/2023\/08\/JG4135-Pallina-Luminosa-Glow-O-Wes-Peden.jpg\",\"datePublished\":\"2023-08-02T16:36:31+00:00\",\"dateModified\":\"2023-10-28T07:12:04+00:00\",\"description\":\"Finalmente con la Pallina Luminosa Glow-O Wes Peden un prodotto ricaricabile di alta qualit\u00e0 ad un prezzo accessibile! Dimmerabili e ricaricabili con 20 mod\",\"breadcrumb\":{\"@id\":\"https:\/\/www.bazarbonino.com\/store\/prodotto\/jg4135-pallina-luminosa-glow-o-wes-peden\/#breadcrumb\"},\"inLanguage\":\"it-IT\",\"potentialAction\":[{\"@type\":\"ReadAction\",\"target\":[\"https:\/\/www.bazarbonino.com\/store\/prodotto\/jg4135-pallina-luminosa-glow-o-wes-peden\/\"]}]},{\"@type\":\"ImageObject\",\"inLanguage\":\"it-IT\",\"@id\":\"https:\/\/www.bazarbonino.com\/store\/prodotto\/jg4135-pallina-luminosa-glow-o-wes-peden\/#primaryimage\",\"url\":\"https:\/\/www.bazarbonino.com\/store\/wp-content\/uploads\/2023\/08\/JG4135-Pallina-Luminosa-Glow-O-Wes-Peden.jpg\",\"contentUrl\":\"https:\/\/www.bazarbonino.com\/store\/wp-content\/uploads\/2023\/08\/JG4135-Pallina-Luminosa-Glow-O-Wes-Peden.jpg\",\"width\":960,\"height\":960,\"caption\":\"JG4135 - Pallina Luminosa Glow-O Wes Peden\"},{\"@type\":\"BreadcrumbList\",\"@id\":\"https:\/\/www.bazarbonino.com\/store\/prodotto\/jg4135-pallina-luminosa-glow-o-wes-peden\/#breadcrumb\",\"itemListElement\":[{\"@type\":\"ListItem\",\"position\":1,\"name\":\"Home\",\"item\":\"https:\/\/www.bazarbonino.com\/store\/\"},{\"@type\":\"ListItem\",\"position\":2,\"name\":\"Catalogo\",\"item\":\"https:\/\/www.bazarbonino.com\/store\/shop\/\"},{\"@type\":\"ListItem\",\"position\":3,\"name\":\"JG4135 &#8211; Pallina Luminosa Glow-O Wes Peden\"}]},{\"@type\":\"WebSite\",\"@id\":\"https:\/\/www.bazarbonino.com\/store\/#website\",\"url\":\"https:\/\/www.bazarbonino.com\/store\/\",\"name\":\"BazarBonino\",\"description\":\"\",\"potentialAction\":[{\"@type\":\"SearchAction\",\"target\":{\"@type\":\"EntryPoint\",\"urlTemplate\":\"https:\/\/www.bazarbonino.com\/store\/?s={search_term_string}\"},\"query-input\":{\"@type\":\"PropertyValueSpecification\",\"valueRequired\":true,\"valueName\":\"search_term_string\"}}],\"inLanguage\":\"it-IT\"}]}<\/script>\n<!-- \/ Yoast SEO plugin. -->","yoast_head_json":{"title":"JG4135 - Pallina Luminosa Glow-O Wes Peden - BazarBonino","description":"Finalmente con la Pallina Luminosa Glow-O Wes Peden un prodotto ricaricabile di alta qualit\u00e0 ad un prezzo accessibile! Dimmerabili e ricaricabili con 20 mod","robots":{"index":"index","follow":"follow","max-snippet":"max-snippet:-1","max-image-preview":"max-image-preview:large","max-video-preview":"max-video-preview:-1"},"canonical":"https:\/\/www.bazarbonino.com\/store\/prodotto\/jg4135-pallina-luminosa-glow-o-wes-peden\/","og_locale":"it_IT","og_type":"article","og_title":"JG4135 - Pallina Luminosa Glow-O Wes Peden - BazarBonino","og_description":"Finalmente con la Pallina Luminosa Glow-O Wes Peden un prodotto ricaricabile di alta qualit\u00e0 ad un prezzo accessibile! Dimmerabili e ricaricabili con 20 mod","og_url":"https:\/\/www.bazarbonino.com\/store\/prodotto\/jg4135-pallina-luminosa-glow-o-wes-peden\/","og_site_name":"BazarBonino","article_publisher":"https:\/\/www.facebook.com\/bazar.bonino","article_modified_time":"2023-10-28T07:12:04+00:00","og_image":[{"width":960,"height":960,"url":"https:\/\/www.bazarbonino.com\/store\/wp-content\/uploads\/2023\/08\/JG4135-Pallina-Luminosa-Glow-O-Wes-Peden.jpg","type":"image\/jpeg"}],"twitter_card":"summary_large_image","twitter_misc":{"Tempo di lettura stimato":"1 minuto"},"schema":{"@context":"https:\/\/schema.org","@graph":[{"@type":"WebPage","@id":"https:\/\/www.bazarbonino.com\/store\/prodotto\/jg4135-pallina-luminosa-glow-o-wes-peden\/","url":"https:\/\/www.bazarbonino.com\/store\/prodotto\/jg4135-pallina-luminosa-glow-o-wes-peden\/","name":"JG4135 - Pallina Luminosa Glow-O Wes Peden - BazarBonino","isPartOf":{"@id":"https:\/\/www.bazarbonino.com\/store\/#website"},"primaryImageOfPage":{"@id":"https:\/\/www.bazarbonino.com\/store\/prodotto\/jg4135-pallina-luminosa-glow-o-wes-peden\/#primaryimage"},"image":{"@id":"https:\/\/www.bazarbonino.com\/store\/prodotto\/jg4135-pallina-luminosa-glow-o-wes-peden\/#primaryimage"},"thumbnailUrl":"https:\/\/www.bazarbonino.com\/store\/wp-content\/uploads\/2023\/08\/JG4135-Pallina-Luminosa-Glow-O-Wes-Peden.jpg","datePublished":"2023-08-02T16:36:31+00:00","dateModified":"2023-10-28T07:12:04+00:00","description":"Finalmente con la Pallina Luminosa Glow-O Wes Peden un prodotto ricaricabile di alta qualit\u00e0 ad un prezzo accessibile! Dimmerabili e ricaricabili con 20 mod","breadcrumb":{"@id":"https:\/\/www.bazarbonino.com\/store\/prodotto\/jg4135-pallina-luminosa-glow-o-wes-peden\/#breadcrumb"},"inLanguage":"it-IT","potentialAction":[{"@type":"ReadAction","target":["https:\/\/www.bazarbonino.com\/store\/prodotto\/jg4135-pallina-luminosa-glow-o-wes-peden\/"]}]},{"@type":"ImageObject","inLanguage":"it-IT","@id":"https:\/\/www.bazarbonino.com\/store\/prodotto\/jg4135-pallina-luminosa-glow-o-wes-peden\/#primaryimage","url":"https:\/\/www.bazarbonino.com\/store\/wp-content\/uploads\/2023\/08\/JG4135-Pallina-Luminosa-Glow-O-Wes-Peden.jpg","contentUrl":"https:\/\/www.bazarbonino.com\/store\/wp-content\/uploads\/2023\/08\/JG4135-Pallina-Luminosa-Glow-O-Wes-Peden.jpg","width":960,"height":960,"caption":"JG4135 - Pallina Luminosa Glow-O Wes Peden"},{"@type":"BreadcrumbList","@id":"https:\/\/www.bazarbonino.com\/store\/prodotto\/jg4135-pallina-luminosa-glow-o-wes-peden\/#breadcrumb","itemListElement":[{"@type":"ListItem","position":1,"name":"Home","item":"https:\/\/www.bazarbonino.com\/store\/"},{"@type":"ListItem","position":2,"name":"Catalogo","item":"https:\/\/www.bazarbonino.com\/store\/shop\/"},{"@type":"ListItem","position":3,"name":"JG4135 &#8211; Pallina Luminosa Glow-O Wes Peden"}]},{"@type":"WebSite","@id":"https:\/\/www.bazarbonino.com\/store\/#website","url":"https:\/\/www.bazarbonino.com\/store\/","name":"BazarBonino","description":"","potentialAction":[{"@type":"SearchAction","target":{"@type":"EntryPoint","urlTemplate":"https:\/\/www.bazarbonino.com\/store\/?s={search_term_string}"},"query-input":{"@type":"PropertyValueSpecification","valueRequired":true,"valueName":"search_term_string"}}],"inLanguage":"it-IT"}]}},"_links":{"self":[{"href":"https:\/\/www.bazarbonino.com\/store\/wp-json\/wp\/v2\/product\/21535","targetHints":{"allow":["GET"]}}],"collection":[{"href":"https:\/\/www.bazarbonino.com\/store\/wp-json\/wp\/v2\/product"}],"about":[{"href":"https:\/\/www.bazarbonino.com\/store\/wp-json\/wp\/v2\/types\/product"}],"replies":[{"embeddable":true,"href":"https:\/\/www.bazarbonino.com\/store\/wp-json\/wp\/v2\/comments?post=21535"}],"wp:featuredmedia":[{"embeddable":true,"href":"https:\/\/www.bazarbonino.com\/store\/wp-json\/wp\/v2\/media\/21538"}],"wp:attachment":[{"href":"https:\/\/www.bazarbonino.com\/store\/wp-json\/wp\/v2\/media?parent=21535"}],"wp:term":[{"taxonomy":"product_brand","embeddable":true,"href":"https:\/\/www.bazarbonino.com\/store\/wp-json\/wp\/v2\/product_brand?post=21535"},{"taxonomy":"product_cat","embeddable":true,"href":"https:\/\/www.bazarbonino.com\/store\/wp-json\/wp\/v2\/product_cat?post=21535"},{"taxonomy":"product_tag","embeddable":true,"href":"https:\/\/www.bazarbonino.com\/store\/wp-json\/wp\/v2\/product_tag?post=21535"}],"curies":[{"name":"wp","href":"https:\/\/api.w.org\/{rel}","templated":true}]}}