{"id":21446,"date":"2023-07-30T17:51:35","date_gmt":"2023-07-30T15:51:35","guid":{"rendered":"https:\/\/www.bazarbonino.com\/store\/?post_type=product&#038;p=21446"},"modified":"2023-10-29T15:51:41","modified_gmt":"2023-10-29T14:51:41","slug":"fe0100-frisbee-dirty-disc-ninja-star-175gr","status":"publish","type":"product","link":"https:\/\/www.bazarbonino.com\/store\/prodotto\/fe0100-frisbee-dirty-disc-ninja-star-175gr\/","title":{"rendered":"FE0100 &#8211; Frisbee Dirty Disc Ninja Star 175gr"},"content":{"rendered":"<p>Frisbee Dirty Disc Ninja Star 175gr <span class=\"HwtZe\" lang=\"it\"><span class=\"jCAhz ChMk0b\"><span class=\"ryNqvb\">\u00e8 un disco sportivo di alta qualit\u00e0 progettato per essere durevole e adatto all&#8217;uso nei parchi e per l&#8217;ultimate.<\/span><\/span> <span class=\"jCAhz ChMk0b\"><span class=\"ryNqvb\">Il peso di 175 g ha un buon equilibrio tra stabilit\u00e0 e distanza, e la finitura luminosa rende pi\u00f9 facile vedere e giocare quando la luce del giorno svanisce.<\/span><\/span> L&#8217;<span class=\"jCAhz ChMk0b\"><span class=\"ryNqvb\">Ultimate Dirty Discs \u00e8 un disco di alta qualit\u00e0 adatto sia per il normale gioco in park che per i giochi di frisbee competitivi.<\/span><\/span> <span class=\"jCAhz ChMk0b\"><span class=\"ryNqvb\">Con un peso da competizione di 175 g, che \u00e8 il peso di regolazione per i giochi di ultimate, consente lanci pi\u00f9 lunghi e precisi e migliori prestazioni con vento laterale, rendendolo uno dei preferiti tra i giocatori.<\/span><\/span> <span class=\"jCAhz ChMk0b\"><span class=\"ryNqvb\">Il disco ha un bordo pi\u00f9 spesso, che gli conferisce un volo pi\u00f9 lungo e pi\u00f9 stabile, rendendolo ideale per lanci e prese.<\/span><\/span> <span class=\"jCAhz ChMk0b\"><span class=\"ryNqvb\">Le diametro del disco \u00e8 di 28 cm x 3 cm di altezza, con un peso di 175 g. Questa \u00e8 la versione Fosforescente!<\/span><\/span><\/span><\/p>\n","protected":false},"excerpt":{"rendered":"<p>Frisbee Dirty Disc Ninja Star 175gr \u00e8 un disco sportivo di alta qualit\u00e0 progettato per essere durevole e adatto all&#8217;uso nei parchi e per l&#8217;ultimate. Il peso di 175 g ha un buon equilibrio tra stabilit\u00e0 e distanza, e la finitura luminosa rende pi\u00f9 facile vedere e giocare quando la luce del giorno svanisce. L&#8217;Ultimate [&hellip;]<\/p>\n","protected":false},"featured_media":21447,"comment_status":"closed","ping_status":"closed","template":"","meta":{"_et_pb_use_builder":"","_et_pb_old_content":"","_et_gb_content_width":""},"product_brand":[],"product_cat":[2640],"product_tag":[2642],"class_list":{"0":"post-21446","1":"product","2":"type-product","3":"status-publish","4":"has-post-thumbnail","6":"product_cat-frisbee-professionali","7":"product_tag-frisbee-professionali","9":"first","10":"instock","11":"sale","12":"taxable","13":"shipping-taxable","14":"purchasable","15":"product-type-simple"},"yoast_head":"<!-- This site is optimized with the Yoast SEO plugin v27.4 - https:\/\/yoast.com\/product\/yoast-seo-wordpress\/ -->\n<title>FE0100 - Frisbee Dirty Disc Ninja Star 175gr - BazarBonino<\/title>\n<meta name=\"description\" content=\"Frisbee Dirty Disc Ninja Star 175gr \u00e8 un disco sportivo di alta qualit\u00e0 progettato per essere durevole e adatto all&#039;uso nei parchi e per l&#039;ultimate.\" \/>\n<meta name=\"robots\" content=\"index, follow, max-snippet:-1, max-image-preview:large, max-video-preview:-1\" \/>\n<link rel=\"canonical\" href=\"https:\/\/www.bazarbonino.com\/store\/prodotto\/fe0100-frisbee-dirty-disc-ninja-star-175gr\/\" \/>\n<meta property=\"og:locale\" content=\"it_IT\" \/>\n<meta property=\"og:type\" content=\"article\" \/>\n<meta property=\"og:title\" content=\"FE0100 - Frisbee Dirty Disc Ninja Star 175gr - BazarBonino\" \/>\n<meta property=\"og:description\" content=\"Frisbee Dirty Disc Ninja Star 175gr \u00e8 un disco sportivo di alta qualit\u00e0 progettato per essere durevole e adatto all&#039;uso nei parchi e per l&#039;ultimate.\" \/>\n<meta property=\"og:url\" content=\"https:\/\/www.bazarbonino.com\/store\/prodotto\/fe0100-frisbee-dirty-disc-ninja-star-175gr\/\" \/>\n<meta property=\"og:site_name\" content=\"BazarBonino\" \/>\n<meta property=\"article:publisher\" content=\"https:\/\/www.facebook.com\/bazar.bonino\" \/>\n<meta property=\"article:modified_time\" content=\"2023-10-29T14:51:41+00:00\" \/>\n<meta property=\"og:image\" content=\"https:\/\/www.bazarbonino.com\/store\/wp-content\/uploads\/2023\/07\/FE0100-Frisbee-Dirty-Disc-Ninja-Star-175gr.jpg\" \/>\n\t<meta property=\"og:image:width\" content=\"793\" \/>\n\t<meta property=\"og:image:height\" content=\"793\" \/>\n\t<meta property=\"og:image:type\" content=\"image\/jpeg\" \/>\n<meta name=\"twitter:card\" content=\"summary_large_image\" \/>\n<meta name=\"twitter:label1\" content=\"Tempo di lettura stimato\" \/>\n\t<meta name=\"twitter:data1\" content=\"1 minuto\" \/>\n<script type=\"application\/ld+json\" class=\"yoast-schema-graph\">{\"@context\":\"https:\\\/\\\/schema.org\",\"@graph\":[{\"@type\":\"WebPage\",\"@id\":\"https:\\\/\\\/www.bazarbonino.com\\\/store\\\/prodotto\\\/fe0100-frisbee-dirty-disc-ninja-star-175gr\\\/\",\"url\":\"https:\\\/\\\/www.bazarbonino.com\\\/store\\\/prodotto\\\/fe0100-frisbee-dirty-disc-ninja-star-175gr\\\/\",\"name\":\"FE0100 - Frisbee Dirty Disc Ninja Star 175gr - BazarBonino\",\"isPartOf\":{\"@id\":\"https:\\\/\\\/www.bazarbonino.com\\\/store\\\/#website\"},\"primaryImageOfPage\":{\"@id\":\"https:\\\/\\\/www.bazarbonino.com\\\/store\\\/prodotto\\\/fe0100-frisbee-dirty-disc-ninja-star-175gr\\\/#primaryimage\"},\"image\":{\"@id\":\"https:\\\/\\\/www.bazarbonino.com\\\/store\\\/prodotto\\\/fe0100-frisbee-dirty-disc-ninja-star-175gr\\\/#primaryimage\"},\"thumbnailUrl\":\"https:\\\/\\\/www.bazarbonino.com\\\/store\\\/wp-content\\\/uploads\\\/2023\\\/07\\\/FE0100-Frisbee-Dirty-Disc-Ninja-Star-175gr.jpg\",\"datePublished\":\"2023-07-30T15:51:35+00:00\",\"dateModified\":\"2023-10-29T14:51:41+00:00\",\"description\":\"Frisbee Dirty Disc Ninja Star 175gr \u00e8 un disco sportivo di alta qualit\u00e0 progettato per essere durevole e adatto all'uso nei parchi e per l'ultimate.\",\"breadcrumb\":{\"@id\":\"https:\\\/\\\/www.bazarbonino.com\\\/store\\\/prodotto\\\/fe0100-frisbee-dirty-disc-ninja-star-175gr\\\/#breadcrumb\"},\"inLanguage\":\"it-IT\",\"potentialAction\":[{\"@type\":\"ReadAction\",\"target\":[\"https:\\\/\\\/www.bazarbonino.com\\\/store\\\/prodotto\\\/fe0100-frisbee-dirty-disc-ninja-star-175gr\\\/\"]}]},{\"@type\":\"ImageObject\",\"inLanguage\":\"it-IT\",\"@id\":\"https:\\\/\\\/www.bazarbonino.com\\\/store\\\/prodotto\\\/fe0100-frisbee-dirty-disc-ninja-star-175gr\\\/#primaryimage\",\"url\":\"https:\\\/\\\/www.bazarbonino.com\\\/store\\\/wp-content\\\/uploads\\\/2023\\\/07\\\/FE0100-Frisbee-Dirty-Disc-Ninja-Star-175gr.jpg\",\"contentUrl\":\"https:\\\/\\\/www.bazarbonino.com\\\/store\\\/wp-content\\\/uploads\\\/2023\\\/07\\\/FE0100-Frisbee-Dirty-Disc-Ninja-Star-175gr.jpg\",\"width\":793,\"height\":793,\"caption\":\"FE0100 - Frisbee Dirty Disc Ninja Star 175gr\"},{\"@type\":\"BreadcrumbList\",\"@id\":\"https:\\\/\\\/www.bazarbonino.com\\\/store\\\/prodotto\\\/fe0100-frisbee-dirty-disc-ninja-star-175gr\\\/#breadcrumb\",\"itemListElement\":[{\"@type\":\"ListItem\",\"position\":1,\"name\":\"Home\",\"item\":\"https:\\\/\\\/www.bazarbonino.com\\\/store\\\/\"},{\"@type\":\"ListItem\",\"position\":2,\"name\":\"Catalogo\",\"item\":\"https:\\\/\\\/www.bazarbonino.com\\\/store\\\/shop\\\/\"},{\"@type\":\"ListItem\",\"position\":3,\"name\":\"FE0100 &#8211; Frisbee Dirty Disc Ninja Star 175gr\"}]},{\"@type\":\"WebSite\",\"@id\":\"https:\\\/\\\/www.bazarbonino.com\\\/store\\\/#website\",\"url\":\"https:\\\/\\\/www.bazarbonino.com\\\/store\\\/\",\"name\":\"BazarBonino\",\"description\":\"\",\"potentialAction\":[{\"@type\":\"SearchAction\",\"target\":{\"@type\":\"EntryPoint\",\"urlTemplate\":\"https:\\\/\\\/www.bazarbonino.com\\\/store\\\/?s={search_term_string}\"},\"query-input\":{\"@type\":\"PropertyValueSpecification\",\"valueRequired\":true,\"valueName\":\"search_term_string\"}}],\"inLanguage\":\"it-IT\"}]}<\/script>\n<!-- \/ Yoast SEO plugin. -->","yoast_head_json":{"title":"FE0100 - Frisbee Dirty Disc Ninja Star 175gr - BazarBonino","description":"Frisbee Dirty Disc Ninja Star 175gr \u00e8 un disco sportivo di alta qualit\u00e0 progettato per essere durevole e adatto all'uso nei parchi e per l'ultimate.","robots":{"index":"index","follow":"follow","max-snippet":"max-snippet:-1","max-image-preview":"max-image-preview:large","max-video-preview":"max-video-preview:-1"},"canonical":"https:\/\/www.bazarbonino.com\/store\/prodotto\/fe0100-frisbee-dirty-disc-ninja-star-175gr\/","og_locale":"it_IT","og_type":"article","og_title":"FE0100 - Frisbee Dirty Disc Ninja Star 175gr - BazarBonino","og_description":"Frisbee Dirty Disc Ninja Star 175gr \u00e8 un disco sportivo di alta qualit\u00e0 progettato per essere durevole e adatto all'uso nei parchi e per l'ultimate.","og_url":"https:\/\/www.bazarbonino.com\/store\/prodotto\/fe0100-frisbee-dirty-disc-ninja-star-175gr\/","og_site_name":"BazarBonino","article_publisher":"https:\/\/www.facebook.com\/bazar.bonino","article_modified_time":"2023-10-29T14:51:41+00:00","og_image":[{"width":793,"height":793,"url":"https:\/\/www.bazarbonino.com\/store\/wp-content\/uploads\/2023\/07\/FE0100-Frisbee-Dirty-Disc-Ninja-Star-175gr.jpg","type":"image\/jpeg"}],"twitter_card":"summary_large_image","twitter_misc":{"Tempo di lettura stimato":"1 minuto"},"schema":{"@context":"https:\/\/schema.org","@graph":[{"@type":"WebPage","@id":"https:\/\/www.bazarbonino.com\/store\/prodotto\/fe0100-frisbee-dirty-disc-ninja-star-175gr\/","url":"https:\/\/www.bazarbonino.com\/store\/prodotto\/fe0100-frisbee-dirty-disc-ninja-star-175gr\/","name":"FE0100 - Frisbee Dirty Disc Ninja Star 175gr - BazarBonino","isPartOf":{"@id":"https:\/\/www.bazarbonino.com\/store\/#website"},"primaryImageOfPage":{"@id":"https:\/\/www.bazarbonino.com\/store\/prodotto\/fe0100-frisbee-dirty-disc-ninja-star-175gr\/#primaryimage"},"image":{"@id":"https:\/\/www.bazarbonino.com\/store\/prodotto\/fe0100-frisbee-dirty-disc-ninja-star-175gr\/#primaryimage"},"thumbnailUrl":"https:\/\/www.bazarbonino.com\/store\/wp-content\/uploads\/2023\/07\/FE0100-Frisbee-Dirty-Disc-Ninja-Star-175gr.jpg","datePublished":"2023-07-30T15:51:35+00:00","dateModified":"2023-10-29T14:51:41+00:00","description":"Frisbee Dirty Disc Ninja Star 175gr \u00e8 un disco sportivo di alta qualit\u00e0 progettato per essere durevole e adatto all'uso nei parchi e per l'ultimate.","breadcrumb":{"@id":"https:\/\/www.bazarbonino.com\/store\/prodotto\/fe0100-frisbee-dirty-disc-ninja-star-175gr\/#breadcrumb"},"inLanguage":"it-IT","potentialAction":[{"@type":"ReadAction","target":["https:\/\/www.bazarbonino.com\/store\/prodotto\/fe0100-frisbee-dirty-disc-ninja-star-175gr\/"]}]},{"@type":"ImageObject","inLanguage":"it-IT","@id":"https:\/\/www.bazarbonino.com\/store\/prodotto\/fe0100-frisbee-dirty-disc-ninja-star-175gr\/#primaryimage","url":"https:\/\/www.bazarbonino.com\/store\/wp-content\/uploads\/2023\/07\/FE0100-Frisbee-Dirty-Disc-Ninja-Star-175gr.jpg","contentUrl":"https:\/\/www.bazarbonino.com\/store\/wp-content\/uploads\/2023\/07\/FE0100-Frisbee-Dirty-Disc-Ninja-Star-175gr.jpg","width":793,"height":793,"caption":"FE0100 - Frisbee Dirty Disc Ninja Star 175gr"},{"@type":"BreadcrumbList","@id":"https:\/\/www.bazarbonino.com\/store\/prodotto\/fe0100-frisbee-dirty-disc-ninja-star-175gr\/#breadcrumb","itemListElement":[{"@type":"ListItem","position":1,"name":"Home","item":"https:\/\/www.bazarbonino.com\/store\/"},{"@type":"ListItem","position":2,"name":"Catalogo","item":"https:\/\/www.bazarbonino.com\/store\/shop\/"},{"@type":"ListItem","position":3,"name":"FE0100 &#8211; Frisbee Dirty Disc Ninja Star 175gr"}]},{"@type":"WebSite","@id":"https:\/\/www.bazarbonino.com\/store\/#website","url":"https:\/\/www.bazarbonino.com\/store\/","name":"BazarBonino","description":"","potentialAction":[{"@type":"SearchAction","target":{"@type":"EntryPoint","urlTemplate":"https:\/\/www.bazarbonino.com\/store\/?s={search_term_string}"},"query-input":{"@type":"PropertyValueSpecification","valueRequired":true,"valueName":"search_term_string"}}],"inLanguage":"it-IT"}]}},"_links":{"self":[{"href":"https:\/\/www.bazarbonino.com\/store\/wp-json\/wp\/v2\/product\/21446","targetHints":{"allow":["GET"]}}],"collection":[{"href":"https:\/\/www.bazarbonino.com\/store\/wp-json\/wp\/v2\/product"}],"about":[{"href":"https:\/\/www.bazarbonino.com\/store\/wp-json\/wp\/v2\/types\/product"}],"replies":[{"embeddable":true,"href":"https:\/\/www.bazarbonino.com\/store\/wp-json\/wp\/v2\/comments?post=21446"}],"wp:featuredmedia":[{"embeddable":true,"href":"https:\/\/www.bazarbonino.com\/store\/wp-json\/wp\/v2\/media\/21447"}],"wp:attachment":[{"href":"https:\/\/www.bazarbonino.com\/store\/wp-json\/wp\/v2\/media?parent=21446"}],"wp:term":[{"taxonomy":"product_brand","embeddable":true,"href":"https:\/\/www.bazarbonino.com\/store\/wp-json\/wp\/v2\/product_brand?post=21446"},{"taxonomy":"product_cat","embeddable":true,"href":"https:\/\/www.bazarbonino.com\/store\/wp-json\/wp\/v2\/product_cat?post=21446"},{"taxonomy":"product_tag","embeddable":true,"href":"https:\/\/www.bazarbonino.com\/store\/wp-json\/wp\/v2\/product_tag?post=21446"}],"curies":[{"name":"wp","href":"https:\/\/api.w.org\/{rel}","templated":true}]}}