{"id":21428,"date":"2023-07-30T17:27:26","date_gmt":"2023-07-30T15:27:26","guid":{"rendered":"https:\/\/www.bazarbonino.com\/store\/?post_type=product&#038;p=21428"},"modified":"2025-09-20T09:11:24","modified_gmt":"2025-09-20T07:11:24","slug":"fe0010-frisbee-discraft-ultrastar-175gr","status":"publish","type":"product","link":"https:\/\/www.bazarbonino.com\/store\/prodotto\/fe0010-frisbee-discraft-ultrastar-175gr\/","title":{"rendered":"FE0010 &#8211; Frisbee Discraft Ultrastar 175gr"},"content":{"rendered":"<p>Frisbee Discraft Ultrastar 175gr <span class=\"HwtZe\" lang=\"it\"><span class=\"jCAhz ChMk0b\"><span class=\"ryNqvb\">Il frisbee di plastica con una grande reputazione.<\/span><\/span> <span class=\"jCAhz ChMk0b\"><span class=\"ryNqvb\">L&#8217;Ultrastar da 175 g \u00e8 IL modello di frisbee definitivo ed \u00e8 conosciuto in tutto il mondo.<\/span><\/span> <span class=\"jCAhz ChMk0b\"><span class=\"ryNqvb\">Puoi aspettarti una qualit\u00e0 costante e prestazioni fantastiche da tutti i prodotti Discraft.<\/span><\/span> <span class=\"jCAhz ChMk0b\"><span class=\"ryNqvb\">Presenta il logo della stella del marchio e la forma aerodinamica, perfetta per lanci a lunga distanza, hammer shots e giocare nel parco.<\/span><\/span> <span class=\"jCAhz ChMk0b\"><span class=\"ryNqvb\">Si prega di notare che il colore della lamina sul disco pu\u00f2 variare. Diametro cm. 27<\/span><\/span><\/span><\/p>\n","protected":false},"excerpt":{"rendered":"<p>Frisbee Discraft Ultrastar 175gr Il frisbee di plastica con una grande reputazione. L&#8217;Ultrastar da 175 g \u00e8 IL modello di frisbee definitivo ed \u00e8 conosciuto in tutto il mondo. Puoi aspettarti una qualit\u00e0 costante e prestazioni fantastiche da tutti i prodotti Discraft. Presenta il logo della stella del marchio e la forma aerodinamica, perfetta per [&hellip;]<\/p>\n","protected":false},"featured_media":21430,"comment_status":"closed","ping_status":"closed","template":"","meta":{"_et_pb_use_builder":"","_et_pb_old_content":"","_et_gb_content_width":""},"product_brand":[],"product_cat":[2640],"product_tag":[2642],"class_list":{"0":"post-21428","1":"product","2":"type-product","3":"status-publish","4":"has-post-thumbnail","6":"product_cat-frisbee-professionali","7":"product_tag-frisbee-professionali","8":"pa_colore-arancio","9":"pa_colore-giallo","10":"pa_colore-glow","11":"pa_colore-rosa","12":"pa_colore-rosso","14":"first","15":"instock","16":"sale","17":"taxable","18":"shipping-taxable","19":"purchasable","20":"product-type-variable"},"yoast_head":"<!-- This site is optimized with the Yoast SEO plugin v27.4 - https:\/\/yoast.com\/product\/yoast-seo-wordpress\/ -->\n<title>FE0010 - Frisbee Discraft Ultrastar 175gr - BazarBonino<\/title>\n<meta name=\"description\" content=\"Frisbee Discraft Ultrastar 175gr Il frisbee di plastica con una grande reputazione. E&#039; IL modello di frisbee definitivo ed \u00e8 conosciuto in tutto il mondo.\" \/>\n<meta name=\"robots\" content=\"index, follow, max-snippet:-1, max-image-preview:large, max-video-preview:-1\" \/>\n<link rel=\"canonical\" href=\"https:\/\/www.bazarbonino.com\/store\/prodotto\/fe0010-frisbee-discraft-ultrastar-175gr\/\" \/>\n<meta property=\"og:locale\" content=\"it_IT\" \/>\n<meta property=\"og:type\" content=\"article\" \/>\n<meta property=\"og:title\" content=\"FE0010 - Frisbee Discraft Ultrastar 175gr - BazarBonino\" \/>\n<meta property=\"og:description\" content=\"Frisbee Discraft Ultrastar 175gr Il frisbee di plastica con una grande reputazione. E&#039; IL modello di frisbee definitivo ed \u00e8 conosciuto in tutto il mondo.\" \/>\n<meta property=\"og:url\" content=\"https:\/\/www.bazarbonino.com\/store\/prodotto\/fe0010-frisbee-discraft-ultrastar-175gr\/\" \/>\n<meta property=\"og:site_name\" content=\"BazarBonino\" \/>\n<meta property=\"article:publisher\" content=\"https:\/\/www.facebook.com\/bazar.bonino\" \/>\n<meta property=\"article:modified_time\" content=\"2025-09-20T07:11:24+00:00\" \/>\n<meta property=\"og:image\" content=\"https:\/\/www.bazarbonino.com\/store\/wp-content\/uploads\/2023\/07\/FE0010-Frisbee-Discraft-Ultrastar-175gr.jpg\" \/>\n\t<meta property=\"og:image:width\" content=\"500\" \/>\n\t<meta property=\"og:image:height\" content=\"500\" \/>\n\t<meta property=\"og:image:type\" content=\"image\/jpeg\" \/>\n<meta name=\"twitter:card\" content=\"summary_large_image\" \/>\n<script type=\"application\/ld+json\" class=\"yoast-schema-graph\">{\"@context\":\"https:\\\/\\\/schema.org\",\"@graph\":[{\"@type\":\"WebPage\",\"@id\":\"https:\\\/\\\/www.bazarbonino.com\\\/store\\\/prodotto\\\/fe0010-frisbee-discraft-ultrastar-175gr\\\/\",\"url\":\"https:\\\/\\\/www.bazarbonino.com\\\/store\\\/prodotto\\\/fe0010-frisbee-discraft-ultrastar-175gr\\\/\",\"name\":\"FE0010 - Frisbee Discraft Ultrastar 175gr - BazarBonino\",\"isPartOf\":{\"@id\":\"https:\\\/\\\/www.bazarbonino.com\\\/store\\\/#website\"},\"primaryImageOfPage\":{\"@id\":\"https:\\\/\\\/www.bazarbonino.com\\\/store\\\/prodotto\\\/fe0010-frisbee-discraft-ultrastar-175gr\\\/#primaryimage\"},\"image\":{\"@id\":\"https:\\\/\\\/www.bazarbonino.com\\\/store\\\/prodotto\\\/fe0010-frisbee-discraft-ultrastar-175gr\\\/#primaryimage\"},\"thumbnailUrl\":\"https:\\\/\\\/www.bazarbonino.com\\\/store\\\/wp-content\\\/uploads\\\/2023\\\/07\\\/FE0010-Frisbee-Discraft-Ultrastar-175gr.jpg\",\"datePublished\":\"2023-07-30T15:27:26+00:00\",\"dateModified\":\"2025-09-20T07:11:24+00:00\",\"description\":\"Frisbee Discraft Ultrastar 175gr Il frisbee di plastica con una grande reputazione. E' IL modello di frisbee definitivo ed \u00e8 conosciuto in tutto il mondo.\",\"breadcrumb\":{\"@id\":\"https:\\\/\\\/www.bazarbonino.com\\\/store\\\/prodotto\\\/fe0010-frisbee-discraft-ultrastar-175gr\\\/#breadcrumb\"},\"inLanguage\":\"it-IT\",\"potentialAction\":[{\"@type\":\"ReadAction\",\"target\":[\"https:\\\/\\\/www.bazarbonino.com\\\/store\\\/prodotto\\\/fe0010-frisbee-discraft-ultrastar-175gr\\\/\"]}]},{\"@type\":\"ImageObject\",\"inLanguage\":\"it-IT\",\"@id\":\"https:\\\/\\\/www.bazarbonino.com\\\/store\\\/prodotto\\\/fe0010-frisbee-discraft-ultrastar-175gr\\\/#primaryimage\",\"url\":\"https:\\\/\\\/www.bazarbonino.com\\\/store\\\/wp-content\\\/uploads\\\/2023\\\/07\\\/FE0010-Frisbee-Discraft-Ultrastar-175gr.jpg\",\"contentUrl\":\"https:\\\/\\\/www.bazarbonino.com\\\/store\\\/wp-content\\\/uploads\\\/2023\\\/07\\\/FE0010-Frisbee-Discraft-Ultrastar-175gr.jpg\",\"width\":500,\"height\":500,\"caption\":\"FE0010 - Frisbee Discraft Ultrastar 175gr\"},{\"@type\":\"BreadcrumbList\",\"@id\":\"https:\\\/\\\/www.bazarbonino.com\\\/store\\\/prodotto\\\/fe0010-frisbee-discraft-ultrastar-175gr\\\/#breadcrumb\",\"itemListElement\":[{\"@type\":\"ListItem\",\"position\":1,\"name\":\"Home\",\"item\":\"https:\\\/\\\/www.bazarbonino.com\\\/store\\\/\"},{\"@type\":\"ListItem\",\"position\":2,\"name\":\"Catalogo\",\"item\":\"https:\\\/\\\/www.bazarbonino.com\\\/store\\\/shop\\\/\"},{\"@type\":\"ListItem\",\"position\":3,\"name\":\"FE0010 &#8211; Frisbee Discraft Ultrastar 175gr\"}]},{\"@type\":\"WebSite\",\"@id\":\"https:\\\/\\\/www.bazarbonino.com\\\/store\\\/#website\",\"url\":\"https:\\\/\\\/www.bazarbonino.com\\\/store\\\/\",\"name\":\"BazarBonino\",\"description\":\"\",\"potentialAction\":[{\"@type\":\"SearchAction\",\"target\":{\"@type\":\"EntryPoint\",\"urlTemplate\":\"https:\\\/\\\/www.bazarbonino.com\\\/store\\\/?s={search_term_string}\"},\"query-input\":{\"@type\":\"PropertyValueSpecification\",\"valueRequired\":true,\"valueName\":\"search_term_string\"}}],\"inLanguage\":\"it-IT\"}]}<\/script>\n<!-- \/ Yoast SEO plugin. -->","yoast_head_json":{"title":"FE0010 - Frisbee Discraft Ultrastar 175gr - BazarBonino","description":"Frisbee Discraft Ultrastar 175gr Il frisbee di plastica con una grande reputazione. E' IL modello di frisbee definitivo ed \u00e8 conosciuto in tutto il mondo.","robots":{"index":"index","follow":"follow","max-snippet":"max-snippet:-1","max-image-preview":"max-image-preview:large","max-video-preview":"max-video-preview:-1"},"canonical":"https:\/\/www.bazarbonino.com\/store\/prodotto\/fe0010-frisbee-discraft-ultrastar-175gr\/","og_locale":"it_IT","og_type":"article","og_title":"FE0010 - Frisbee Discraft Ultrastar 175gr - BazarBonino","og_description":"Frisbee Discraft Ultrastar 175gr Il frisbee di plastica con una grande reputazione. E' IL modello di frisbee definitivo ed \u00e8 conosciuto in tutto il mondo.","og_url":"https:\/\/www.bazarbonino.com\/store\/prodotto\/fe0010-frisbee-discraft-ultrastar-175gr\/","og_site_name":"BazarBonino","article_publisher":"https:\/\/www.facebook.com\/bazar.bonino","article_modified_time":"2025-09-20T07:11:24+00:00","og_image":[{"width":500,"height":500,"url":"https:\/\/www.bazarbonino.com\/store\/wp-content\/uploads\/2023\/07\/FE0010-Frisbee-Discraft-Ultrastar-175gr.jpg","type":"image\/jpeg"}],"twitter_card":"summary_large_image","schema":{"@context":"https:\/\/schema.org","@graph":[{"@type":"WebPage","@id":"https:\/\/www.bazarbonino.com\/store\/prodotto\/fe0010-frisbee-discraft-ultrastar-175gr\/","url":"https:\/\/www.bazarbonino.com\/store\/prodotto\/fe0010-frisbee-discraft-ultrastar-175gr\/","name":"FE0010 - Frisbee Discraft Ultrastar 175gr - BazarBonino","isPartOf":{"@id":"https:\/\/www.bazarbonino.com\/store\/#website"},"primaryImageOfPage":{"@id":"https:\/\/www.bazarbonino.com\/store\/prodotto\/fe0010-frisbee-discraft-ultrastar-175gr\/#primaryimage"},"image":{"@id":"https:\/\/www.bazarbonino.com\/store\/prodotto\/fe0010-frisbee-discraft-ultrastar-175gr\/#primaryimage"},"thumbnailUrl":"https:\/\/www.bazarbonino.com\/store\/wp-content\/uploads\/2023\/07\/FE0010-Frisbee-Discraft-Ultrastar-175gr.jpg","datePublished":"2023-07-30T15:27:26+00:00","dateModified":"2025-09-20T07:11:24+00:00","description":"Frisbee Discraft Ultrastar 175gr Il frisbee di plastica con una grande reputazione. E' IL modello di frisbee definitivo ed \u00e8 conosciuto in tutto il mondo.","breadcrumb":{"@id":"https:\/\/www.bazarbonino.com\/store\/prodotto\/fe0010-frisbee-discraft-ultrastar-175gr\/#breadcrumb"},"inLanguage":"it-IT","potentialAction":[{"@type":"ReadAction","target":["https:\/\/www.bazarbonino.com\/store\/prodotto\/fe0010-frisbee-discraft-ultrastar-175gr\/"]}]},{"@type":"ImageObject","inLanguage":"it-IT","@id":"https:\/\/www.bazarbonino.com\/store\/prodotto\/fe0010-frisbee-discraft-ultrastar-175gr\/#primaryimage","url":"https:\/\/www.bazarbonino.com\/store\/wp-content\/uploads\/2023\/07\/FE0010-Frisbee-Discraft-Ultrastar-175gr.jpg","contentUrl":"https:\/\/www.bazarbonino.com\/store\/wp-content\/uploads\/2023\/07\/FE0010-Frisbee-Discraft-Ultrastar-175gr.jpg","width":500,"height":500,"caption":"FE0010 - Frisbee Discraft Ultrastar 175gr"},{"@type":"BreadcrumbList","@id":"https:\/\/www.bazarbonino.com\/store\/prodotto\/fe0010-frisbee-discraft-ultrastar-175gr\/#breadcrumb","itemListElement":[{"@type":"ListItem","position":1,"name":"Home","item":"https:\/\/www.bazarbonino.com\/store\/"},{"@type":"ListItem","position":2,"name":"Catalogo","item":"https:\/\/www.bazarbonino.com\/store\/shop\/"},{"@type":"ListItem","position":3,"name":"FE0010 &#8211; Frisbee Discraft Ultrastar 175gr"}]},{"@type":"WebSite","@id":"https:\/\/www.bazarbonino.com\/store\/#website","url":"https:\/\/www.bazarbonino.com\/store\/","name":"BazarBonino","description":"","potentialAction":[{"@type":"SearchAction","target":{"@type":"EntryPoint","urlTemplate":"https:\/\/www.bazarbonino.com\/store\/?s={search_term_string}"},"query-input":{"@type":"PropertyValueSpecification","valueRequired":true,"valueName":"search_term_string"}}],"inLanguage":"it-IT"}]}},"_links":{"self":[{"href":"https:\/\/www.bazarbonino.com\/store\/wp-json\/wp\/v2\/product\/21428","targetHints":{"allow":["GET"]}}],"collection":[{"href":"https:\/\/www.bazarbonino.com\/store\/wp-json\/wp\/v2\/product"}],"about":[{"href":"https:\/\/www.bazarbonino.com\/store\/wp-json\/wp\/v2\/types\/product"}],"replies":[{"embeddable":true,"href":"https:\/\/www.bazarbonino.com\/store\/wp-json\/wp\/v2\/comments?post=21428"}],"wp:featuredmedia":[{"embeddable":true,"href":"https:\/\/www.bazarbonino.com\/store\/wp-json\/wp\/v2\/media\/21430"}],"wp:attachment":[{"href":"https:\/\/www.bazarbonino.com\/store\/wp-json\/wp\/v2\/media?parent=21428"}],"wp:term":[{"taxonomy":"product_brand","embeddable":true,"href":"https:\/\/www.bazarbonino.com\/store\/wp-json\/wp\/v2\/product_brand?post=21428"},{"taxonomy":"product_cat","embeddable":true,"href":"https:\/\/www.bazarbonino.com\/store\/wp-json\/wp\/v2\/product_cat?post=21428"},{"taxonomy":"product_tag","embeddable":true,"href":"https:\/\/www.bazarbonino.com\/store\/wp-json\/wp\/v2\/product_tag?post=21428"}],"curies":[{"name":"wp","href":"https:\/\/api.w.org\/{rel}","templated":true}]}}