{"id":21421,"date":"2023-07-29T18:18:04","date_gmt":"2023-07-29T16:18:04","guid":{"rendered":"https:\/\/www.bazarbonino.com\/store\/?post_type=product&#038;p=21421"},"modified":"2024-07-24T11:40:52","modified_gmt":"2024-07-24T09:40:52","slug":"jg3417-torcia-jd-pulsar","status":"publish","type":"product","link":"https:\/\/www.bazarbonino.com\/store\/prodotto\/jg3417-torcia-jd-pulsar\/","title":{"rendered":"JG3417 &#8211; Torcia JD Pulsar"},"content":{"rendered":"<p>Torcia JD Pulsar <span class=\"HwtZe\" lang=\"it\"><span class=\"jCAhz ChMk0b\"><span class=\"ryNqvb\">Queste torce da fuoco dall&#8217;aspetto elegante di Juggle Dream sono oggetti di scena eccellenti per artisti del fuoco e giocolieri di club che cercano di provare qualcosa di un po&#8217; pi\u00f9 eccitante.<\/span><\/span> <span class=\"jCAhz ChMk0b\"><span class=\"ryNqvb\">Ogni torcia \u00e8 ben bilanciata centralmente, rendendola un&#8217;elica molto versatile, adatta ugualmente per giocoleria veloce e lenta.<\/span><\/span> <span class=\"jCAhz ChMk0b\"><span class=\"ryNqvb\">Un profilo sottile conferisce a queste torce un volo aggraziato e riduce la possibilit\u00e0 di collisione a mezz&#8217;aria.<\/span><\/span> <span class=\"jCAhz ChMk0b\"><span class=\"ryNqvb\">Ogni torcia ha una buona lunghezza di fibra aramidica di qualit\u00e0 da 50 mm fissata a ciascuna estremit\u00e0 che pu\u00f2 essere facilmente sostituita.<\/span><\/span> <span class=\"jCAhz ChMk0b\"><span class=\"ryNqvb\">Queste torce sono molto facili da giocolare, con i manici avvolti che offrono una comoda presa e gli anelli di gomma che danno maggiore protezione alla decorazione in argento brillante quando cade.<\/span><\/span> <span class=\"jCAhz ChMk0b\"><span class=\"ryNqvb\">La torcia dispone anche di una manopola in gomma resistente che consentir\u00e0 alcuni buoni equilibri del club.<\/span><\/span><\/span><\/p>\n<p>Avvertenza: Controllate sempre lo stato degli attrezzi prima di ogni utilizzo.<\/p>\n<p>&nbsp;<\/p>\n<p>&nbsp;<\/p>\n","protected":false},"excerpt":{"rendered":"<p>SUBITO DISPONIBILE<\/p>\n","protected":false},"featured_media":21422,"comment_status":"closed","ping_status":"closed","template":"","meta":{"_et_pb_use_builder":"","_et_pb_old_content":"","_et_gb_content_width":""},"product_brand":[],"product_cat":[42],"product_tag":[2127,298,297],"class_list":{"0":"post-21421","1":"product","2":"type-product","3":"status-publish","4":"has-post-thumbnail","6":"product_cat-torce-e-swinging","7":"product_tag-bazar-bonino-torino","8":"product_tag-negozio-on-line-articoli-di-fuoco","9":"product_tag-torcia-giocoleria-per-spettacoli-di-fuoco-infuocati","11":"first","12":"instock","13":"sale","14":"taxable","15":"shipping-taxable","16":"purchasable","17":"product-type-simple"},"yoast_head":"<!-- This site is optimized with the Yoast SEO plugin v27.4 - https:\/\/yoast.com\/product\/yoast-seo-wordpress\/ -->\n<title>JG3417 - Torcia JD Pulsar - BazarBonino<\/title>\n<meta name=\"description\" content=\"Torcia JD Pulsar Queste torce da fuoco dall&#039;aspetto elegante sono oggetti di scena eccellenti per artisti del fuoco e giocolieri di club che cercano...\" \/>\n<meta name=\"robots\" content=\"index, follow, max-snippet:-1, max-image-preview:large, max-video-preview:-1\" \/>\n<link rel=\"canonical\" href=\"https:\/\/www.bazarbonino.com\/store\/prodotto\/jg3417-torcia-jd-pulsar\/\" \/>\n<meta property=\"og:locale\" content=\"it_IT\" \/>\n<meta property=\"og:type\" content=\"article\" \/>\n<meta property=\"og:title\" content=\"JG3417 - Torcia JD Pulsar - BazarBonino\" \/>\n<meta property=\"og:description\" content=\"Torcia JD Pulsar Queste torce da fuoco dall&#039;aspetto elegante sono oggetti di scena eccellenti per artisti del fuoco e giocolieri di club che cercano...\" \/>\n<meta property=\"og:url\" content=\"https:\/\/www.bazarbonino.com\/store\/prodotto\/jg3417-torcia-jd-pulsar\/\" \/>\n<meta property=\"og:site_name\" content=\"BazarBonino\" \/>\n<meta property=\"article:publisher\" content=\"https:\/\/www.facebook.com\/bazar.bonino\" \/>\n<meta property=\"article:modified_time\" content=\"2024-07-24T09:40:52+00:00\" \/>\n<meta property=\"og:image\" content=\"https:\/\/www.bazarbonino.com\/store\/wp-content\/uploads\/2023\/07\/JG3417-Torcia-JD-Pulsar.jpg\" \/>\n\t<meta property=\"og:image:width\" content=\"1000\" \/>\n\t<meta property=\"og:image:height\" content=\"1000\" \/>\n\t<meta property=\"og:image:type\" content=\"image\/jpeg\" \/>\n<meta name=\"twitter:card\" content=\"summary_large_image\" \/>\n<meta name=\"twitter:label1\" content=\"Tempo di lettura stimato\" \/>\n\t<meta name=\"twitter:data1\" content=\"1 minuto\" \/>\n<script type=\"application\/ld+json\" class=\"yoast-schema-graph\">{\"@context\":\"https:\\\/\\\/schema.org\",\"@graph\":[{\"@type\":\"WebPage\",\"@id\":\"https:\\\/\\\/www.bazarbonino.com\\\/store\\\/prodotto\\\/jg3417-torcia-jd-pulsar\\\/\",\"url\":\"https:\\\/\\\/www.bazarbonino.com\\\/store\\\/prodotto\\\/jg3417-torcia-jd-pulsar\\\/\",\"name\":\"JG3417 - Torcia JD Pulsar - BazarBonino\",\"isPartOf\":{\"@id\":\"https:\\\/\\\/www.bazarbonino.com\\\/store\\\/#website\"},\"primaryImageOfPage\":{\"@id\":\"https:\\\/\\\/www.bazarbonino.com\\\/store\\\/prodotto\\\/jg3417-torcia-jd-pulsar\\\/#primaryimage\"},\"image\":{\"@id\":\"https:\\\/\\\/www.bazarbonino.com\\\/store\\\/prodotto\\\/jg3417-torcia-jd-pulsar\\\/#primaryimage\"},\"thumbnailUrl\":\"https:\\\/\\\/www.bazarbonino.com\\\/store\\\/wp-content\\\/uploads\\\/2023\\\/07\\\/JG3417-Torcia-JD-Pulsar.jpg\",\"datePublished\":\"2023-07-29T16:18:04+00:00\",\"dateModified\":\"2024-07-24T09:40:52+00:00\",\"description\":\"Torcia JD Pulsar Queste torce da fuoco dall'aspetto elegante sono oggetti di scena eccellenti per artisti del fuoco e giocolieri di club che cercano...\",\"breadcrumb\":{\"@id\":\"https:\\\/\\\/www.bazarbonino.com\\\/store\\\/prodotto\\\/jg3417-torcia-jd-pulsar\\\/#breadcrumb\"},\"inLanguage\":\"it-IT\",\"potentialAction\":[{\"@type\":\"ReadAction\",\"target\":[\"https:\\\/\\\/www.bazarbonino.com\\\/store\\\/prodotto\\\/jg3417-torcia-jd-pulsar\\\/\"]}]},{\"@type\":\"ImageObject\",\"inLanguage\":\"it-IT\",\"@id\":\"https:\\\/\\\/www.bazarbonino.com\\\/store\\\/prodotto\\\/jg3417-torcia-jd-pulsar\\\/#primaryimage\",\"url\":\"https:\\\/\\\/www.bazarbonino.com\\\/store\\\/wp-content\\\/uploads\\\/2023\\\/07\\\/JG3417-Torcia-JD-Pulsar.jpg\",\"contentUrl\":\"https:\\\/\\\/www.bazarbonino.com\\\/store\\\/wp-content\\\/uploads\\\/2023\\\/07\\\/JG3417-Torcia-JD-Pulsar.jpg\",\"width\":1000,\"height\":1000,\"caption\":\"JG3417 - Torcia JD Pulsar\"},{\"@type\":\"BreadcrumbList\",\"@id\":\"https:\\\/\\\/www.bazarbonino.com\\\/store\\\/prodotto\\\/jg3417-torcia-jd-pulsar\\\/#breadcrumb\",\"itemListElement\":[{\"@type\":\"ListItem\",\"position\":1,\"name\":\"Home\",\"item\":\"https:\\\/\\\/www.bazarbonino.com\\\/store\\\/\"},{\"@type\":\"ListItem\",\"position\":2,\"name\":\"Catalogo\",\"item\":\"https:\\\/\\\/www.bazarbonino.com\\\/store\\\/shop\\\/\"},{\"@type\":\"ListItem\",\"position\":3,\"name\":\"JG3417 &#8211; Torcia JD Pulsar\"}]},{\"@type\":\"WebSite\",\"@id\":\"https:\\\/\\\/www.bazarbonino.com\\\/store\\\/#website\",\"url\":\"https:\\\/\\\/www.bazarbonino.com\\\/store\\\/\",\"name\":\"BazarBonino\",\"description\":\"\",\"potentialAction\":[{\"@type\":\"SearchAction\",\"target\":{\"@type\":\"EntryPoint\",\"urlTemplate\":\"https:\\\/\\\/www.bazarbonino.com\\\/store\\\/?s={search_term_string}\"},\"query-input\":{\"@type\":\"PropertyValueSpecification\",\"valueRequired\":true,\"valueName\":\"search_term_string\"}}],\"inLanguage\":\"it-IT\"}]}<\/script>\n<!-- \/ Yoast SEO plugin. -->","yoast_head_json":{"title":"JG3417 - Torcia JD Pulsar - BazarBonino","description":"Torcia JD Pulsar Queste torce da fuoco dall'aspetto elegante sono oggetti di scena eccellenti per artisti del fuoco e giocolieri di club che cercano...","robots":{"index":"index","follow":"follow","max-snippet":"max-snippet:-1","max-image-preview":"max-image-preview:large","max-video-preview":"max-video-preview:-1"},"canonical":"https:\/\/www.bazarbonino.com\/store\/prodotto\/jg3417-torcia-jd-pulsar\/","og_locale":"it_IT","og_type":"article","og_title":"JG3417 - Torcia JD Pulsar - BazarBonino","og_description":"Torcia JD Pulsar Queste torce da fuoco dall'aspetto elegante sono oggetti di scena eccellenti per artisti del fuoco e giocolieri di club che cercano...","og_url":"https:\/\/www.bazarbonino.com\/store\/prodotto\/jg3417-torcia-jd-pulsar\/","og_site_name":"BazarBonino","article_publisher":"https:\/\/www.facebook.com\/bazar.bonino","article_modified_time":"2024-07-24T09:40:52+00:00","og_image":[{"width":1000,"height":1000,"url":"https:\/\/www.bazarbonino.com\/store\/wp-content\/uploads\/2023\/07\/JG3417-Torcia-JD-Pulsar.jpg","type":"image\/jpeg"}],"twitter_card":"summary_large_image","twitter_misc":{"Tempo di lettura stimato":"1 minuto"},"schema":{"@context":"https:\/\/schema.org","@graph":[{"@type":"WebPage","@id":"https:\/\/www.bazarbonino.com\/store\/prodotto\/jg3417-torcia-jd-pulsar\/","url":"https:\/\/www.bazarbonino.com\/store\/prodotto\/jg3417-torcia-jd-pulsar\/","name":"JG3417 - Torcia JD Pulsar - BazarBonino","isPartOf":{"@id":"https:\/\/www.bazarbonino.com\/store\/#website"},"primaryImageOfPage":{"@id":"https:\/\/www.bazarbonino.com\/store\/prodotto\/jg3417-torcia-jd-pulsar\/#primaryimage"},"image":{"@id":"https:\/\/www.bazarbonino.com\/store\/prodotto\/jg3417-torcia-jd-pulsar\/#primaryimage"},"thumbnailUrl":"https:\/\/www.bazarbonino.com\/store\/wp-content\/uploads\/2023\/07\/JG3417-Torcia-JD-Pulsar.jpg","datePublished":"2023-07-29T16:18:04+00:00","dateModified":"2024-07-24T09:40:52+00:00","description":"Torcia JD Pulsar Queste torce da fuoco dall'aspetto elegante sono oggetti di scena eccellenti per artisti del fuoco e giocolieri di club che cercano...","breadcrumb":{"@id":"https:\/\/www.bazarbonino.com\/store\/prodotto\/jg3417-torcia-jd-pulsar\/#breadcrumb"},"inLanguage":"it-IT","potentialAction":[{"@type":"ReadAction","target":["https:\/\/www.bazarbonino.com\/store\/prodotto\/jg3417-torcia-jd-pulsar\/"]}]},{"@type":"ImageObject","inLanguage":"it-IT","@id":"https:\/\/www.bazarbonino.com\/store\/prodotto\/jg3417-torcia-jd-pulsar\/#primaryimage","url":"https:\/\/www.bazarbonino.com\/store\/wp-content\/uploads\/2023\/07\/JG3417-Torcia-JD-Pulsar.jpg","contentUrl":"https:\/\/www.bazarbonino.com\/store\/wp-content\/uploads\/2023\/07\/JG3417-Torcia-JD-Pulsar.jpg","width":1000,"height":1000,"caption":"JG3417 - Torcia JD Pulsar"},{"@type":"BreadcrumbList","@id":"https:\/\/www.bazarbonino.com\/store\/prodotto\/jg3417-torcia-jd-pulsar\/#breadcrumb","itemListElement":[{"@type":"ListItem","position":1,"name":"Home","item":"https:\/\/www.bazarbonino.com\/store\/"},{"@type":"ListItem","position":2,"name":"Catalogo","item":"https:\/\/www.bazarbonino.com\/store\/shop\/"},{"@type":"ListItem","position":3,"name":"JG3417 &#8211; Torcia JD Pulsar"}]},{"@type":"WebSite","@id":"https:\/\/www.bazarbonino.com\/store\/#website","url":"https:\/\/www.bazarbonino.com\/store\/","name":"BazarBonino","description":"","potentialAction":[{"@type":"SearchAction","target":{"@type":"EntryPoint","urlTemplate":"https:\/\/www.bazarbonino.com\/store\/?s={search_term_string}"},"query-input":{"@type":"PropertyValueSpecification","valueRequired":true,"valueName":"search_term_string"}}],"inLanguage":"it-IT"}]}},"_links":{"self":[{"href":"https:\/\/www.bazarbonino.com\/store\/wp-json\/wp\/v2\/product\/21421","targetHints":{"allow":["GET"]}}],"collection":[{"href":"https:\/\/www.bazarbonino.com\/store\/wp-json\/wp\/v2\/product"}],"about":[{"href":"https:\/\/www.bazarbonino.com\/store\/wp-json\/wp\/v2\/types\/product"}],"replies":[{"embeddable":true,"href":"https:\/\/www.bazarbonino.com\/store\/wp-json\/wp\/v2\/comments?post=21421"}],"wp:featuredmedia":[{"embeddable":true,"href":"https:\/\/www.bazarbonino.com\/store\/wp-json\/wp\/v2\/media\/21422"}],"wp:attachment":[{"href":"https:\/\/www.bazarbonino.com\/store\/wp-json\/wp\/v2\/media?parent=21421"}],"wp:term":[{"taxonomy":"product_brand","embeddable":true,"href":"https:\/\/www.bazarbonino.com\/store\/wp-json\/wp\/v2\/product_brand?post=21421"},{"taxonomy":"product_cat","embeddable":true,"href":"https:\/\/www.bazarbonino.com\/store\/wp-json\/wp\/v2\/product_cat?post=21421"},{"taxonomy":"product_tag","embeddable":true,"href":"https:\/\/www.bazarbonino.com\/store\/wp-json\/wp\/v2\/product_tag?post=21421"}],"curies":[{"name":"wp","href":"https:\/\/api.w.org\/{rel}","templated":true}]}}