{"id":21412,"date":"2023-07-29T17:47:11","date_gmt":"2023-07-29T15:47:11","guid":{"rendered":"https:\/\/www.bazarbonino.com\/store\/?post_type=product&#038;p=21412"},"modified":"2026-02-07T12:29:12","modified_gmt":"2026-02-07T11:29:12","slug":"hh0300-led-hoop-aurora-pro-86cm","status":"publish","type":"product","link":"https:\/\/www.bazarbonino.com\/store\/prodotto\/hh0300-led-hoop-aurora-pro-86cm\/","title":{"rendered":"HH0300 &#8211; Led Hoop Aurora Pro 86cm."},"content":{"rendered":"<p>Led Hoop Aurora Pro 86cm. prodotto da <span class=\"HwtZe\" lang=\"it\"><span class=\"jCAhz ChMk0b\"><span class=\"ryNqvb\">Juggle Dream \u00e8 arrivato ed \u00e8 migliore che mai.<\/span><\/span> <span class=\"jCAhz ChMk0b\"><span class=\"ryNqvb\">Dopo aver ascoltato tutti i feedback dei nostri amici super-duper hooper, lo spessore del tubo \u00e8 stato ora ridotto a 20 e il diametro complessivo \u00e8 stato ridotto a 86 cm (33,85 pollici).<\/span><\/span> <span class=\"jCAhz ChMk0b\"><span class=\"ryNqvb\">Riteniamo che questo renda un cerchio pi\u00f9 veloce e reattivo adatto a giocatori pi\u00f9 avanzati.<\/span><\/span> <span class=\"jCAhz ChMk0b\"><span class=\"ryNqvb\">Abbiamo anche abbandonato la vecchia ricarica di rete a 3 pin e siamo passati a una batteria al litio ricaricabile da 1100 mAh ricaricabile tramite USB (cavo di ricarica in dotazione).<\/span><\/span><\/span><\/p>\n<p><span class=\"HwtZe\" lang=\"it\"><span class=\"jCAhz ChMk0b\"><span class=\"ryNqvb\">La nuova batteria rimovibile consente di caricare il telaio in movimento utilizzando un alimentatore, oppure \u00e8 possibile acquistare batterie aggiuntive (disponibili a breve) in modo da poterne caricare una mentre si utilizza l&#8217;altra.<\/span><\/span> <span class=\"jCAhz ChMk0b\"><span class=\"ryNqvb\">Passare al sistema staccabile significa che il cerchio ha una piccola sezione (circa 20 cm) senza LED, ma questo non \u00e8 visibile mentre il cerchio gira e riteniamo che valga pi\u00f9 che la flessibilit\u00e0 di avere batterie staccabili.<\/span><\/span><\/span><\/p>\n<p><span class=\"HwtZe\" lang=\"it\"><span class=\"jCAhz ChMk0b\"><span class=\"ryNqvb\">Le 76 luci LED RGB super luminose consentono oltre 300 diverse funzioni tra cui bianco fisso, rosso, verde, blu, giallo, ciano e magenta, oltre a troppi effetti mutevoli, pulsanti e stroboscopici per iniziare a menzionarli (tutti con controllo della velocit\u00e0 variabile)<\/span><\/span><span class=\"jCAhz ChMk0b\"><span class=\"ryNqvb\">.<\/span><\/span> <span class=\"jCAhz ChMk0b\"><span class=\"ryNqvb\">Tutte le funzioni sono disponibili sulla punta delle dita, utilizzando il mini telecomando e fino a 10 delle tue funzioni preferite possono essere preimpostate per l&#8217;accesso istantaneo utilizzando il menu dei preferiti personalizzabile.<\/span><\/span><\/span><\/p>\n<p><span class=\"HwtZe\" lang=\"it\"> <span class=\"jCAhz ChMk0b\"><span class=\"ryNqvb\">Il mini telecomando dell&#8217;Aurora Pro \u00e8 pi\u00f9 piccolo di una carta di credito e si infila facilmente in qualsiasi costume senza interferire con il movimento dell&#8217;hooper.<\/span><\/span> <span class=\"jCAhz ChMk0b\"><span class=\"ryNqvb\">In alternativa, il telecomando \u00e8 efficace fino a 10 m, quindi pu\u00f2 essere facilmente azionato da qualcuno dietro le quinte.<\/span><\/span> <span class=\"jCAhz ChMk0b\"><span class=\"ryNqvb\">Un singolo telecomando pu\u00f2 azionare pi\u00f9 telai in modo che tutti possano sincronizzarsi e modificare le funzioni insieme oppure \u00e8 possibile bloccare il telecomando su un singolo telaio.<\/span><\/span><\/span><\/p>\n<p><span class=\"HwtZe\" lang=\"it\"><span class=\"jCAhz ChMk0b\"><span class=\"ryNqvb\">Specifiche:<\/span><\/span><\/span><\/p>\n<p><span class=\"HwtZe\" lang=\"it\"><span class=\"jCAhz ChMk0b\"><span class=\"ryNqvb\">LED: 76<\/span><\/span> <\/span><\/p>\n<p><span class=\"HwtZe\" lang=\"it\"><span class=\"jCAhz ChMk0b\"><span class=\"ryNqvb\">Alimentazione: batteria al litio ricaricabile staccabile e ricaricabile tramite USB da 1100 mAh.<\/span><\/span> <\/span><\/p>\n<p><span class=\"HwtZe\" lang=\"it\"><span class=\"jCAhz ChMk0b\"><span class=\"ryNqvb\">Tempo di riproduzione: 2\u20134 ore a seconda del livello di carica e delle funzioni utilizzate.<\/span><\/span> <\/span><\/p>\n<p><span class=\"HwtZe\" lang=\"it\"><span class=\"jCAhz ChMk0b\"><span class=\"ryNqvb\">Tempo di ricarica: i cerchi devono essere caricati per 2 ore.<\/span><\/span> <\/span><\/p>\n<p><span class=\"HwtZe\" lang=\"it\"><span class=\"jCAhz ChMk0b\"><span class=\"ryNqvb\">Questo dar\u00e0 un&#8217;ora di riproduzione continua molto luminosa.<\/span><\/span> <\/span><\/p>\n<p><span class=\"HwtZe\" lang=\"it\"><span class=\"jCAhz ChMk0b\"><span class=\"ryNqvb\">Peso: 285 g<\/span><\/span> <\/span><\/p>\n<p><span class=\"HwtZe\" lang=\"it\"><span class=\"jCAhz ChMk0b\"><span class=\"ryNqvb\">Diametro: 86 cm (33,85 pollici)<\/span><\/span> <\/span><\/p>\n<p><span class=\"HwtZe\" lang=\"it\"><span class=\"jCAhz ChMk0b\"><span class=\"ryNqvb\">Diametro tubo: 20 mm<\/span><\/span><\/span><\/p>\n<p>&nbsp;<\/p>\n<p>&nbsp;<\/p>\n","protected":false},"excerpt":{"rendered":"<p>SUBITO DISPONIBILE<\/p>\n<p>&nbsp;<\/p>\n","protected":false},"featured_media":21413,"comment_status":"closed","ping_status":"closed","template":"","meta":{"_et_pb_use_builder":"","_et_pb_old_content":"","_et_gb_content_width":""},"product_brand":[],"product_cat":[2143,50],"product_tag":[2158,2144],"class_list":{"0":"post-21412","1":"product","2":"type-product","3":"status-publish","4":"has-post-thumbnail","6":"product_cat-hula-hoops","7":"product_cat-varie-luminosi-giocoleria","8":"product_tag-hula-hoop-pieghevole","9":"product_tag-hula-hoop-richiudibile","11":"first","12":"instock","13":"sale","14":"taxable","15":"shipping-taxable","16":"purchasable","17":"product-type-simple"},"yoast_head":"<!-- This site is optimized with the Yoast SEO plugin v27.4 - https:\/\/yoast.com\/product\/yoast-seo-wordpress\/ -->\n<title>HH0300 - Led Hoop Aurora Pro 86cm. - BazarBonino<\/title>\n<meta name=\"description\" content=\"Led Hoop Aurora Pro 86cm. prodotto da Juggle Dream \u00e8 arrivato ed \u00e8 migliore che mai. Dopo aver ascoltato tutti i feedback degli amici super-duper hooper\" \/>\n<meta name=\"robots\" content=\"index, follow, max-snippet:-1, max-image-preview:large, max-video-preview:-1\" \/>\n<link rel=\"canonical\" href=\"https:\/\/www.bazarbonino.com\/store\/prodotto\/hh0300-led-hoop-aurora-pro-86cm\/\" \/>\n<meta property=\"og:locale\" content=\"it_IT\" \/>\n<meta property=\"og:type\" content=\"article\" \/>\n<meta property=\"og:title\" content=\"HH0300 - Led Hoop Aurora Pro 86cm. - BazarBonino\" \/>\n<meta property=\"og:description\" content=\"Led Hoop Aurora Pro 86cm. prodotto da Juggle Dream \u00e8 arrivato ed \u00e8 migliore che mai. Dopo aver ascoltato tutti i feedback degli amici super-duper hooper\" \/>\n<meta property=\"og:url\" content=\"https:\/\/www.bazarbonino.com\/store\/prodotto\/hh0300-led-hoop-aurora-pro-86cm\/\" \/>\n<meta property=\"og:site_name\" content=\"BazarBonino\" \/>\n<meta property=\"article:publisher\" content=\"https:\/\/www.facebook.com\/bazar.bonino\" \/>\n<meta property=\"article:modified_time\" content=\"2026-02-07T11:29:12+00:00\" \/>\n<meta property=\"og:image\" content=\"https:\/\/www.bazarbonino.com\/store\/wp-content\/uploads\/2023\/07\/HH0300-Led-Hoop-Aurora-Pro-86cm.jpg\" \/>\n\t<meta property=\"og:image:width\" content=\"600\" \/>\n\t<meta property=\"og:image:height\" content=\"600\" \/>\n\t<meta property=\"og:image:type\" content=\"image\/jpeg\" \/>\n<meta name=\"twitter:card\" content=\"summary_large_image\" \/>\n<meta name=\"twitter:label1\" content=\"Tempo di lettura stimato\" \/>\n\t<meta name=\"twitter:data1\" content=\"2 minuti\" \/>\n<script type=\"application\/ld+json\" class=\"yoast-schema-graph\">{\"@context\":\"https:\\\/\\\/schema.org\",\"@graph\":[{\"@type\":\"WebPage\",\"@id\":\"https:\\\/\\\/www.bazarbonino.com\\\/store\\\/prodotto\\\/hh0300-led-hoop-aurora-pro-86cm\\\/\",\"url\":\"https:\\\/\\\/www.bazarbonino.com\\\/store\\\/prodotto\\\/hh0300-led-hoop-aurora-pro-86cm\\\/\",\"name\":\"HH0300 - Led Hoop Aurora Pro 86cm. - BazarBonino\",\"isPartOf\":{\"@id\":\"https:\\\/\\\/www.bazarbonino.com\\\/store\\\/#website\"},\"primaryImageOfPage\":{\"@id\":\"https:\\\/\\\/www.bazarbonino.com\\\/store\\\/prodotto\\\/hh0300-led-hoop-aurora-pro-86cm\\\/#primaryimage\"},\"image\":{\"@id\":\"https:\\\/\\\/www.bazarbonino.com\\\/store\\\/prodotto\\\/hh0300-led-hoop-aurora-pro-86cm\\\/#primaryimage\"},\"thumbnailUrl\":\"https:\\\/\\\/www.bazarbonino.com\\\/store\\\/wp-content\\\/uploads\\\/2023\\\/07\\\/HH0300-Led-Hoop-Aurora-Pro-86cm.jpg\",\"datePublished\":\"2023-07-29T15:47:11+00:00\",\"dateModified\":\"2026-02-07T11:29:12+00:00\",\"description\":\"Led Hoop Aurora Pro 86cm. prodotto da Juggle Dream \u00e8 arrivato ed \u00e8 migliore che mai. Dopo aver ascoltato tutti i feedback degli amici super-duper hooper\",\"breadcrumb\":{\"@id\":\"https:\\\/\\\/www.bazarbonino.com\\\/store\\\/prodotto\\\/hh0300-led-hoop-aurora-pro-86cm\\\/#breadcrumb\"},\"inLanguage\":\"it-IT\",\"potentialAction\":[{\"@type\":\"ReadAction\",\"target\":[\"https:\\\/\\\/www.bazarbonino.com\\\/store\\\/prodotto\\\/hh0300-led-hoop-aurora-pro-86cm\\\/\"]}]},{\"@type\":\"ImageObject\",\"inLanguage\":\"it-IT\",\"@id\":\"https:\\\/\\\/www.bazarbonino.com\\\/store\\\/prodotto\\\/hh0300-led-hoop-aurora-pro-86cm\\\/#primaryimage\",\"url\":\"https:\\\/\\\/www.bazarbonino.com\\\/store\\\/wp-content\\\/uploads\\\/2023\\\/07\\\/HH0300-Led-Hoop-Aurora-Pro-86cm.jpg\",\"contentUrl\":\"https:\\\/\\\/www.bazarbonino.com\\\/store\\\/wp-content\\\/uploads\\\/2023\\\/07\\\/HH0300-Led-Hoop-Aurora-Pro-86cm.jpg\",\"width\":600,\"height\":600,\"caption\":\"HH0300 - Led Hoop Aurora Pro 86cm.\"},{\"@type\":\"BreadcrumbList\",\"@id\":\"https:\\\/\\\/www.bazarbonino.com\\\/store\\\/prodotto\\\/hh0300-led-hoop-aurora-pro-86cm\\\/#breadcrumb\",\"itemListElement\":[{\"@type\":\"ListItem\",\"position\":1,\"name\":\"Home\",\"item\":\"https:\\\/\\\/www.bazarbonino.com\\\/store\\\/\"},{\"@type\":\"ListItem\",\"position\":2,\"name\":\"Catalogo\",\"item\":\"https:\\\/\\\/www.bazarbonino.com\\\/store\\\/shop\\\/\"},{\"@type\":\"ListItem\",\"position\":3,\"name\":\"HH0300 &#8211; Led Hoop Aurora Pro 86cm.\"}]},{\"@type\":\"WebSite\",\"@id\":\"https:\\\/\\\/www.bazarbonino.com\\\/store\\\/#website\",\"url\":\"https:\\\/\\\/www.bazarbonino.com\\\/store\\\/\",\"name\":\"BazarBonino\",\"description\":\"\",\"potentialAction\":[{\"@type\":\"SearchAction\",\"target\":{\"@type\":\"EntryPoint\",\"urlTemplate\":\"https:\\\/\\\/www.bazarbonino.com\\\/store\\\/?s={search_term_string}\"},\"query-input\":{\"@type\":\"PropertyValueSpecification\",\"valueRequired\":true,\"valueName\":\"search_term_string\"}}],\"inLanguage\":\"it-IT\"}]}<\/script>\n<!-- \/ Yoast SEO plugin. -->","yoast_head_json":{"title":"HH0300 - Led Hoop Aurora Pro 86cm. - BazarBonino","description":"Led Hoop Aurora Pro 86cm. prodotto da Juggle Dream \u00e8 arrivato ed \u00e8 migliore che mai. Dopo aver ascoltato tutti i feedback degli amici super-duper hooper","robots":{"index":"index","follow":"follow","max-snippet":"max-snippet:-1","max-image-preview":"max-image-preview:large","max-video-preview":"max-video-preview:-1"},"canonical":"https:\/\/www.bazarbonino.com\/store\/prodotto\/hh0300-led-hoop-aurora-pro-86cm\/","og_locale":"it_IT","og_type":"article","og_title":"HH0300 - Led Hoop Aurora Pro 86cm. - BazarBonino","og_description":"Led Hoop Aurora Pro 86cm. prodotto da Juggle Dream \u00e8 arrivato ed \u00e8 migliore che mai. Dopo aver ascoltato tutti i feedback degli amici super-duper hooper","og_url":"https:\/\/www.bazarbonino.com\/store\/prodotto\/hh0300-led-hoop-aurora-pro-86cm\/","og_site_name":"BazarBonino","article_publisher":"https:\/\/www.facebook.com\/bazar.bonino","article_modified_time":"2026-02-07T11:29:12+00:00","og_image":[{"width":600,"height":600,"url":"https:\/\/www.bazarbonino.com\/store\/wp-content\/uploads\/2023\/07\/HH0300-Led-Hoop-Aurora-Pro-86cm.jpg","type":"image\/jpeg"}],"twitter_card":"summary_large_image","twitter_misc":{"Tempo di lettura stimato":"2 minuti"},"schema":{"@context":"https:\/\/schema.org","@graph":[{"@type":"WebPage","@id":"https:\/\/www.bazarbonino.com\/store\/prodotto\/hh0300-led-hoop-aurora-pro-86cm\/","url":"https:\/\/www.bazarbonino.com\/store\/prodotto\/hh0300-led-hoop-aurora-pro-86cm\/","name":"HH0300 - Led Hoop Aurora Pro 86cm. - BazarBonino","isPartOf":{"@id":"https:\/\/www.bazarbonino.com\/store\/#website"},"primaryImageOfPage":{"@id":"https:\/\/www.bazarbonino.com\/store\/prodotto\/hh0300-led-hoop-aurora-pro-86cm\/#primaryimage"},"image":{"@id":"https:\/\/www.bazarbonino.com\/store\/prodotto\/hh0300-led-hoop-aurora-pro-86cm\/#primaryimage"},"thumbnailUrl":"https:\/\/www.bazarbonino.com\/store\/wp-content\/uploads\/2023\/07\/HH0300-Led-Hoop-Aurora-Pro-86cm.jpg","datePublished":"2023-07-29T15:47:11+00:00","dateModified":"2026-02-07T11:29:12+00:00","description":"Led Hoop Aurora Pro 86cm. prodotto da Juggle Dream \u00e8 arrivato ed \u00e8 migliore che mai. Dopo aver ascoltato tutti i feedback degli amici super-duper hooper","breadcrumb":{"@id":"https:\/\/www.bazarbonino.com\/store\/prodotto\/hh0300-led-hoop-aurora-pro-86cm\/#breadcrumb"},"inLanguage":"it-IT","potentialAction":[{"@type":"ReadAction","target":["https:\/\/www.bazarbonino.com\/store\/prodotto\/hh0300-led-hoop-aurora-pro-86cm\/"]}]},{"@type":"ImageObject","inLanguage":"it-IT","@id":"https:\/\/www.bazarbonino.com\/store\/prodotto\/hh0300-led-hoop-aurora-pro-86cm\/#primaryimage","url":"https:\/\/www.bazarbonino.com\/store\/wp-content\/uploads\/2023\/07\/HH0300-Led-Hoop-Aurora-Pro-86cm.jpg","contentUrl":"https:\/\/www.bazarbonino.com\/store\/wp-content\/uploads\/2023\/07\/HH0300-Led-Hoop-Aurora-Pro-86cm.jpg","width":600,"height":600,"caption":"HH0300 - Led Hoop Aurora Pro 86cm."},{"@type":"BreadcrumbList","@id":"https:\/\/www.bazarbonino.com\/store\/prodotto\/hh0300-led-hoop-aurora-pro-86cm\/#breadcrumb","itemListElement":[{"@type":"ListItem","position":1,"name":"Home","item":"https:\/\/www.bazarbonino.com\/store\/"},{"@type":"ListItem","position":2,"name":"Catalogo","item":"https:\/\/www.bazarbonino.com\/store\/shop\/"},{"@type":"ListItem","position":3,"name":"HH0300 &#8211; Led Hoop Aurora Pro 86cm."}]},{"@type":"WebSite","@id":"https:\/\/www.bazarbonino.com\/store\/#website","url":"https:\/\/www.bazarbonino.com\/store\/","name":"BazarBonino","description":"","potentialAction":[{"@type":"SearchAction","target":{"@type":"EntryPoint","urlTemplate":"https:\/\/www.bazarbonino.com\/store\/?s={search_term_string}"},"query-input":{"@type":"PropertyValueSpecification","valueRequired":true,"valueName":"search_term_string"}}],"inLanguage":"it-IT"}]}},"_links":{"self":[{"href":"https:\/\/www.bazarbonino.com\/store\/wp-json\/wp\/v2\/product\/21412","targetHints":{"allow":["GET"]}}],"collection":[{"href":"https:\/\/www.bazarbonino.com\/store\/wp-json\/wp\/v2\/product"}],"about":[{"href":"https:\/\/www.bazarbonino.com\/store\/wp-json\/wp\/v2\/types\/product"}],"replies":[{"embeddable":true,"href":"https:\/\/www.bazarbonino.com\/store\/wp-json\/wp\/v2\/comments?post=21412"}],"wp:featuredmedia":[{"embeddable":true,"href":"https:\/\/www.bazarbonino.com\/store\/wp-json\/wp\/v2\/media\/21413"}],"wp:attachment":[{"href":"https:\/\/www.bazarbonino.com\/store\/wp-json\/wp\/v2\/media?parent=21412"}],"wp:term":[{"taxonomy":"product_brand","embeddable":true,"href":"https:\/\/www.bazarbonino.com\/store\/wp-json\/wp\/v2\/product_brand?post=21412"},{"taxonomy":"product_cat","embeddable":true,"href":"https:\/\/www.bazarbonino.com\/store\/wp-json\/wp\/v2\/product_cat?post=21412"},{"taxonomy":"product_tag","embeddable":true,"href":"https:\/\/www.bazarbonino.com\/store\/wp-json\/wp\/v2\/product_tag?post=21412"}],"curies":[{"name":"wp","href":"https:\/\/api.w.org\/{rel}","templated":true}]}}