{"id":21367,"date":"2023-07-28T16:23:42","date_gmt":"2023-07-28T14:23:42","guid":{"rendered":"https:\/\/www.bazarbonino.com\/store\/?post_type=product&#038;p=21367"},"modified":"2025-03-27T10:22:05","modified_gmt":"2025-03-27T09:22:05","slug":"jg3390-fire-contact-juggling-ball","status":"publish","type":"product","link":"https:\/\/www.bazarbonino.com\/store\/prodotto\/jg3390-fire-contact-juggling-ball\/","title":{"rendered":"JG3390 &#8211; Fire Contact Juggling Ball"},"content":{"rendered":"<p>Fire Contact Juggling Ball <span class=\"HwtZe\" lang=\"it\"><span class=\"jCAhz ChMk0b\"><span class=\"ryNqvb\">\u00c8 possibile utilizzare questa palla senza guanti.<\/span><\/span> <span class=\"jCAhz ChMk0b\"><span class=\"ryNqvb\">Questa palla \u00e8 stata progettata con uno studio di 3 anni dai migliori giocolieri di contatto del mondo.<\/span><\/span> <span class=\"jCAhz ChMk0b\"><span class=\"ryNqvb\">Il tester principale \u00e8 stato il giocoliere di Contact Rendolf.<\/span><\/span> <span class=\"jCAhz ChMk0b\"><span class=\"ryNqvb\">La Fire Contact Juggling Ball ha un peso tra le palle di pratica e le palle acriliche.<\/span><\/span> <span class=\"jCAhz ChMk0b\"><span class=\"ryNqvb\">Ad alcuni giocolieri piace esercitarsi con le palle di fuoco nei loro nuovi trucchi.<\/span><\/span> <span class=\"jCAhz ChMk0b\"><span class=\"ryNqvb\">Non immergere tutta la palla nel carburante,<\/span><\/span> i<span class=\"jCAhz ChMk0b\"><span class=\"ryNqvb\">mmergere o spruzzare acqua sulla maggior parte della parte della palla e spruzzare solo poche gocce di carburante per testare di volta in volta cosa \u00e8 meglio per se stessi.<\/span><\/span> <span class=\"jCAhz ChMk0b\"><span class=\"ryNqvb\">Si consiglia carburante con temperatura di fiamma pi\u00f9 bassa.<\/span><\/span> <\/span><\/p>\n<p><span class=\"HwtZe\" lang=\"it\"><span class=\"jCAhz ChMk0b\"><span class=\"ryNqvb\">Questa palla pu\u00f2 essere usata senza guanti.<\/span><\/span> <span class=\"jCAhz ChMk0b\"><span class=\"ryNqvb\">Si consiglia di usare combustibili con bassa temperatura di combustione o bassa intensit\u00e0 di fiamma.<\/span><\/span> <span class=\"jCAhz ChMk0b\"><span class=\"ryNqvb\">Si consiglia di bagnare o spruzzare inizialmente una parte pi\u00f9 grande della palla con acqua e di applicare gocce di combustibile, ad esempio, in una singola linea attorno al centro della palla.<\/span><\/span> <span class=\"jCAhz ChMk0b\"><span class=\"ryNqvb\">Potrebbe sembrare che non ci sia abbastanza carburante, ma per l&#8217;effetto di far sembrare che l&#8217;intera palla stia bruciando, \u00e8 pi\u00f9 che sufficiente. Cos\u00ec per testare di volta in volta cosa \u00e8 meglio per se stessi.<br \/>\n<\/span><\/span><\/span><\/p>\n<p><span class=\"HwtZe\" lang=\"it\"><span class=\"jCAhz ChMk0b\"><span class=\"ryNqvb\">I carburanti con una bassa temperatura di fiamma sono Etanolo, combustibili per esecutori di fuoco, acqua di fuoco, Isopropile, 2-Propanolo (Alcool isopropilico) 80% e miscele di questi carburanti con acqua. Consigliamo vivamente di utilizzare un diametro pi\u00f9 grande di quello a cui sei abituato. Un diametro pi\u00f9 grande significa che la fiamma \u00e8 pi\u00f9 lontana dalla pelle. \u00c8 anche pi\u00f9 facile bilanciare un diametro pi\u00f9 grande sul corpo. Un diametro pi\u00f9 grande crea anche una fiamma pi\u00f9 grande e impressiona di pi\u00f9 il pubblico. Se sei abituato a utilizzare una palla da 100 mm, non esitare a utilizzare una palla di fuoco da 110 mm. Questo \u00e8 consigliato dai giocolieri professionisti che hanno esperienza con le palle di contatto di fuoco.<\/span><\/span><\/span><\/p>\n<p><span class=\"HwtZe\" lang=\"it\"><span class=\"jCAhz ChMk0b\"><span class=\"ryNqvb\">Dimensioni:<\/span><\/span><\/span><\/p>\n<p>100 mm. peso 400 gr.<\/p>\n<p>110 mm. peso 520 gr.<\/p>\n<p>120 mm. peso 600 gr.<\/p>\n<p>Specifiche:<\/p>\n<p><span class=\"HwtZe\" lang=\"it\"><span class=\"jCAhz ChMk0b\"><span class=\"ryNqvb\">Tempo di combustione: fino a 3 minuti<br \/>\n<\/span><\/span><\/span><\/p>\n<p><span class=\"HwtZe\" lang=\"it\"><span class=\"jCAhz ChMk0b\"><span class=\"ryNqvb\">Materiale: 100% Kevlar<\/span><\/span><\/span><\/p>\n<div><span class=\"HwtZe\" lang=\"it\"><span class=\"jCAhz ChMk0b\"><span class=\"ryNqvb\">Attenzione: questo non \u00e8 un giocattolo.<\/span><\/span> <span class=\"jCAhz ChMk0b\"><span class=\"ryNqvb\">Deve essere utilizzato solo da adulti di et\u00e0 pari o superiore a 18 anni.<\/span><\/span> G<span class=\"jCAhz ChMk0b\"><span class=\"ryNqvb\">li oggetti di scena per la rotazione del fuoco devono essere utilizzati solo da professionisti.<\/span><\/span> <span class=\"jCAhz ChMk0b\"><span class=\"ryNqvb\">Si prega di utilizzare a proprio rischio e di istruirsi sull\u2019arte e sui pericoli della rotazione del fuoco, oltre a prendere TUTTE le precauzioni di sicurezza necessarie prima, durante e dopo ogni utilizzo.<\/span><\/span> <span class=\"jCAhz ChMk0b\"><span class=\"ryNqvb\">Non siamo responsabili per eventuali lesioni causate dall\u2019uso di oggetti di scena rotanti.<\/span><\/span><\/span><\/div>\n","protected":false},"excerpt":{"rendered":"<p>SUBITO DISPONIBILE 120 MM.<\/p>\n","protected":false},"featured_media":21369,"comment_status":"closed","ping_status":"closed","template":"","meta":{"_et_pb_use_builder":"","_et_pb_old_content":"","_et_gb_content_width":""},"product_brand":[],"product_cat":[41],"product_tag":[2127,295,296,294],"class_list":{"0":"post-21367","1":"product","2":"type-product","3":"status-publish","4":"has-post-thumbnail","6":"product_cat-palline-kevlar","7":"product_tag-bazar-bonino-torino","8":"product_tag-negozio-on-line-palline-infuocabili","9":"product_tag-palline-in-kevlar","10":"product_tag-palline-infuocate-di-fuoco","12":"first","13":"instock","14":"sale","15":"taxable","16":"shipping-taxable","17":"purchasable","18":"product-type-variable"},"yoast_head":"<!-- This site is optimized with the Yoast SEO plugin v27.4 - https:\/\/yoast.com\/product\/yoast-seo-wordpress\/ -->\n<title>JG3390 - Fire Contact Juggling Ball - BazarBonino<\/title>\n<meta name=\"description\" content=\"Fire Contact Juggling Ball \u00c8 possibile utilizzarla senza guanti. E&#039; stata progettata con uno studio di 3 anni dai migliori giocolieri di contatto del mondo.\" \/>\n<meta name=\"robots\" content=\"index, follow, max-snippet:-1, max-image-preview:large, max-video-preview:-1\" \/>\n<link rel=\"canonical\" href=\"https:\/\/www.bazarbonino.com\/store\/prodotto\/jg3390-fire-contact-juggling-ball\/\" \/>\n<meta property=\"og:locale\" content=\"it_IT\" \/>\n<meta property=\"og:type\" content=\"article\" \/>\n<meta property=\"og:title\" content=\"JG3390 - Fire Contact Juggling Ball - BazarBonino\" \/>\n<meta property=\"og:description\" content=\"Fire Contact Juggling Ball \u00c8 possibile utilizzarla senza guanti. E&#039; stata progettata con uno studio di 3 anni dai migliori giocolieri di contatto del mondo.\" \/>\n<meta property=\"og:url\" content=\"https:\/\/www.bazarbonino.com\/store\/prodotto\/jg3390-fire-contact-juggling-ball\/\" \/>\n<meta property=\"og:site_name\" content=\"BazarBonino\" \/>\n<meta property=\"article:publisher\" content=\"https:\/\/www.facebook.com\/bazar.bonino\" \/>\n<meta property=\"article:modified_time\" content=\"2025-03-27T09:22:05+00:00\" \/>\n<meta property=\"og:image\" content=\"https:\/\/www.bazarbonino.com\/store\/wp-content\/uploads\/2023\/07\/JG3390-Fire-Contact-Juggling-Ball.jpg\" \/>\n\t<meta property=\"og:image:width\" content=\"458\" \/>\n\t<meta property=\"og:image:height\" content=\"458\" \/>\n\t<meta property=\"og:image:type\" content=\"image\/jpeg\" \/>\n<meta name=\"twitter:card\" content=\"summary_large_image\" \/>\n<meta name=\"twitter:label1\" content=\"Tempo di lettura stimato\" \/>\n\t<meta name=\"twitter:data1\" content=\"2 minuti\" \/>\n<script type=\"application\/ld+json\" class=\"yoast-schema-graph\">{\"@context\":\"https:\\\/\\\/schema.org\",\"@graph\":[{\"@type\":\"WebPage\",\"@id\":\"https:\\\/\\\/www.bazarbonino.com\\\/store\\\/prodotto\\\/jg3390-fire-contact-juggling-ball\\\/\",\"url\":\"https:\\\/\\\/www.bazarbonino.com\\\/store\\\/prodotto\\\/jg3390-fire-contact-juggling-ball\\\/\",\"name\":\"JG3390 - Fire Contact Juggling Ball - BazarBonino\",\"isPartOf\":{\"@id\":\"https:\\\/\\\/www.bazarbonino.com\\\/store\\\/#website\"},\"primaryImageOfPage\":{\"@id\":\"https:\\\/\\\/www.bazarbonino.com\\\/store\\\/prodotto\\\/jg3390-fire-contact-juggling-ball\\\/#primaryimage\"},\"image\":{\"@id\":\"https:\\\/\\\/www.bazarbonino.com\\\/store\\\/prodotto\\\/jg3390-fire-contact-juggling-ball\\\/#primaryimage\"},\"thumbnailUrl\":\"https:\\\/\\\/www.bazarbonino.com\\\/store\\\/wp-content\\\/uploads\\\/2023\\\/07\\\/JG3390-Fire-Contact-Juggling-Ball.jpg\",\"datePublished\":\"2023-07-28T14:23:42+00:00\",\"dateModified\":\"2025-03-27T09:22:05+00:00\",\"description\":\"Fire Contact Juggling Ball \u00c8 possibile utilizzarla senza guanti. E' stata progettata con uno studio di 3 anni dai migliori giocolieri di contatto del mondo.\",\"breadcrumb\":{\"@id\":\"https:\\\/\\\/www.bazarbonino.com\\\/store\\\/prodotto\\\/jg3390-fire-contact-juggling-ball\\\/#breadcrumb\"},\"inLanguage\":\"it-IT\",\"potentialAction\":[{\"@type\":\"ReadAction\",\"target\":[\"https:\\\/\\\/www.bazarbonino.com\\\/store\\\/prodotto\\\/jg3390-fire-contact-juggling-ball\\\/\"]}]},{\"@type\":\"ImageObject\",\"inLanguage\":\"it-IT\",\"@id\":\"https:\\\/\\\/www.bazarbonino.com\\\/store\\\/prodotto\\\/jg3390-fire-contact-juggling-ball\\\/#primaryimage\",\"url\":\"https:\\\/\\\/www.bazarbonino.com\\\/store\\\/wp-content\\\/uploads\\\/2023\\\/07\\\/JG3390-Fire-Contact-Juggling-Ball.jpg\",\"contentUrl\":\"https:\\\/\\\/www.bazarbonino.com\\\/store\\\/wp-content\\\/uploads\\\/2023\\\/07\\\/JG3390-Fire-Contact-Juggling-Ball.jpg\",\"width\":458,\"height\":458,\"caption\":\"JG3390 - Fire Contact Juggling Ball\"},{\"@type\":\"BreadcrumbList\",\"@id\":\"https:\\\/\\\/www.bazarbonino.com\\\/store\\\/prodotto\\\/jg3390-fire-contact-juggling-ball\\\/#breadcrumb\",\"itemListElement\":[{\"@type\":\"ListItem\",\"position\":1,\"name\":\"Home\",\"item\":\"https:\\\/\\\/www.bazarbonino.com\\\/store\\\/\"},{\"@type\":\"ListItem\",\"position\":2,\"name\":\"Catalogo\",\"item\":\"https:\\\/\\\/www.bazarbonino.com\\\/store\\\/shop\\\/\"},{\"@type\":\"ListItem\",\"position\":3,\"name\":\"JG3390 &#8211; Fire Contact Juggling Ball\"}]},{\"@type\":\"WebSite\",\"@id\":\"https:\\\/\\\/www.bazarbonino.com\\\/store\\\/#website\",\"url\":\"https:\\\/\\\/www.bazarbonino.com\\\/store\\\/\",\"name\":\"BazarBonino\",\"description\":\"\",\"potentialAction\":[{\"@type\":\"SearchAction\",\"target\":{\"@type\":\"EntryPoint\",\"urlTemplate\":\"https:\\\/\\\/www.bazarbonino.com\\\/store\\\/?s={search_term_string}\"},\"query-input\":{\"@type\":\"PropertyValueSpecification\",\"valueRequired\":true,\"valueName\":\"search_term_string\"}}],\"inLanguage\":\"it-IT\"}]}<\/script>\n<!-- \/ Yoast SEO plugin. -->","yoast_head_json":{"title":"JG3390 - Fire Contact Juggling Ball - BazarBonino","description":"Fire Contact Juggling Ball \u00c8 possibile utilizzarla senza guanti. E' stata progettata con uno studio di 3 anni dai migliori giocolieri di contatto del mondo.","robots":{"index":"index","follow":"follow","max-snippet":"max-snippet:-1","max-image-preview":"max-image-preview:large","max-video-preview":"max-video-preview:-1"},"canonical":"https:\/\/www.bazarbonino.com\/store\/prodotto\/jg3390-fire-contact-juggling-ball\/","og_locale":"it_IT","og_type":"article","og_title":"JG3390 - Fire Contact Juggling Ball - BazarBonino","og_description":"Fire Contact Juggling Ball \u00c8 possibile utilizzarla senza guanti. E' stata progettata con uno studio di 3 anni dai migliori giocolieri di contatto del mondo.","og_url":"https:\/\/www.bazarbonino.com\/store\/prodotto\/jg3390-fire-contact-juggling-ball\/","og_site_name":"BazarBonino","article_publisher":"https:\/\/www.facebook.com\/bazar.bonino","article_modified_time":"2025-03-27T09:22:05+00:00","og_image":[{"width":458,"height":458,"url":"https:\/\/www.bazarbonino.com\/store\/wp-content\/uploads\/2023\/07\/JG3390-Fire-Contact-Juggling-Ball.jpg","type":"image\/jpeg"}],"twitter_card":"summary_large_image","twitter_misc":{"Tempo di lettura stimato":"2 minuti"},"schema":{"@context":"https:\/\/schema.org","@graph":[{"@type":"WebPage","@id":"https:\/\/www.bazarbonino.com\/store\/prodotto\/jg3390-fire-contact-juggling-ball\/","url":"https:\/\/www.bazarbonino.com\/store\/prodotto\/jg3390-fire-contact-juggling-ball\/","name":"JG3390 - Fire Contact Juggling Ball - BazarBonino","isPartOf":{"@id":"https:\/\/www.bazarbonino.com\/store\/#website"},"primaryImageOfPage":{"@id":"https:\/\/www.bazarbonino.com\/store\/prodotto\/jg3390-fire-contact-juggling-ball\/#primaryimage"},"image":{"@id":"https:\/\/www.bazarbonino.com\/store\/prodotto\/jg3390-fire-contact-juggling-ball\/#primaryimage"},"thumbnailUrl":"https:\/\/www.bazarbonino.com\/store\/wp-content\/uploads\/2023\/07\/JG3390-Fire-Contact-Juggling-Ball.jpg","datePublished":"2023-07-28T14:23:42+00:00","dateModified":"2025-03-27T09:22:05+00:00","description":"Fire Contact Juggling Ball \u00c8 possibile utilizzarla senza guanti. E' stata progettata con uno studio di 3 anni dai migliori giocolieri di contatto del mondo.","breadcrumb":{"@id":"https:\/\/www.bazarbonino.com\/store\/prodotto\/jg3390-fire-contact-juggling-ball\/#breadcrumb"},"inLanguage":"it-IT","potentialAction":[{"@type":"ReadAction","target":["https:\/\/www.bazarbonino.com\/store\/prodotto\/jg3390-fire-contact-juggling-ball\/"]}]},{"@type":"ImageObject","inLanguage":"it-IT","@id":"https:\/\/www.bazarbonino.com\/store\/prodotto\/jg3390-fire-contact-juggling-ball\/#primaryimage","url":"https:\/\/www.bazarbonino.com\/store\/wp-content\/uploads\/2023\/07\/JG3390-Fire-Contact-Juggling-Ball.jpg","contentUrl":"https:\/\/www.bazarbonino.com\/store\/wp-content\/uploads\/2023\/07\/JG3390-Fire-Contact-Juggling-Ball.jpg","width":458,"height":458,"caption":"JG3390 - Fire Contact Juggling Ball"},{"@type":"BreadcrumbList","@id":"https:\/\/www.bazarbonino.com\/store\/prodotto\/jg3390-fire-contact-juggling-ball\/#breadcrumb","itemListElement":[{"@type":"ListItem","position":1,"name":"Home","item":"https:\/\/www.bazarbonino.com\/store\/"},{"@type":"ListItem","position":2,"name":"Catalogo","item":"https:\/\/www.bazarbonino.com\/store\/shop\/"},{"@type":"ListItem","position":3,"name":"JG3390 &#8211; Fire Contact Juggling Ball"}]},{"@type":"WebSite","@id":"https:\/\/www.bazarbonino.com\/store\/#website","url":"https:\/\/www.bazarbonino.com\/store\/","name":"BazarBonino","description":"","potentialAction":[{"@type":"SearchAction","target":{"@type":"EntryPoint","urlTemplate":"https:\/\/www.bazarbonino.com\/store\/?s={search_term_string}"},"query-input":{"@type":"PropertyValueSpecification","valueRequired":true,"valueName":"search_term_string"}}],"inLanguage":"it-IT"}]}},"_links":{"self":[{"href":"https:\/\/www.bazarbonino.com\/store\/wp-json\/wp\/v2\/product\/21367","targetHints":{"allow":["GET"]}}],"collection":[{"href":"https:\/\/www.bazarbonino.com\/store\/wp-json\/wp\/v2\/product"}],"about":[{"href":"https:\/\/www.bazarbonino.com\/store\/wp-json\/wp\/v2\/types\/product"}],"replies":[{"embeddable":true,"href":"https:\/\/www.bazarbonino.com\/store\/wp-json\/wp\/v2\/comments?post=21367"}],"wp:featuredmedia":[{"embeddable":true,"href":"https:\/\/www.bazarbonino.com\/store\/wp-json\/wp\/v2\/media\/21369"}],"wp:attachment":[{"href":"https:\/\/www.bazarbonino.com\/store\/wp-json\/wp\/v2\/media?parent=21367"}],"wp:term":[{"taxonomy":"product_brand","embeddable":true,"href":"https:\/\/www.bazarbonino.com\/store\/wp-json\/wp\/v2\/product_brand?post=21367"},{"taxonomy":"product_cat","embeddable":true,"href":"https:\/\/www.bazarbonino.com\/store\/wp-json\/wp\/v2\/product_cat?post=21367"},{"taxonomy":"product_tag","embeddable":true,"href":"https:\/\/www.bazarbonino.com\/store\/wp-json\/wp\/v2\/product_tag?post=21367"}],"curies":[{"name":"wp","href":"https:\/\/api.w.org\/{rel}","templated":true}]}}