{"id":21255,"date":"2023-07-11T22:38:13","date_gmt":"2023-07-11T20:38:13","guid":{"rendered":"https:\/\/www.bazarbonino.com\/store\/?post_type=product&#038;p=21255"},"modified":"2024-11-27T21:25:16","modified_gmt":"2024-11-27T20:25:16","slug":"jg3582-cathedral-extra-large-fire-poi-set","status":"publish","type":"product","link":"https:\/\/www.bazarbonino.com\/store\/prodotto\/jg3582-cathedral-extra-large-fire-poi-set\/","title":{"rendered":"JG3582 &#8211; Cathedral Extra Large Fire Poi Set"},"content":{"rendered":"<p><span class=\"HwtZe\" lang=\"it\"><span class=\"jCAhz ChMk0b\"><span class=\"ryNqvb\"> Cathedral Extra Large Fire Poi Set Venduto in coppia. Questo \u00e8 un modello di fire poi molto robusto, collaudato e testato che ha dimostrato di essere molto popolare tra gli spinner fire poi avanzati che non solo possono gestire le grandi fiamme ma anche il tempo di combustione prolungato.<\/span><\/span> <\/span><\/p>\n<div><span class=\"HwtZe\" lang=\"it\"><span class=\"jCAhz ChMk0b\"><span class=\"ryNqvb\">Lo stoppino utilizzato \u00e8 di alta qualit\u00e0, ottimo per l&#8217;assorbimento del carburante e un&#8217;ampia superficie per creare fiamme molto luminose e uniformi che hanno un tempo di combustione enorme a seconda delle condizioni.<\/span><\/span> <\/span><\/div>\n<div><span class=\"HwtZe\" lang=\"it\"><span class=\"jCAhz ChMk0b\"><span class=\"ryNqvb\">Il Cathedral 50mm Fire Poi Set \u00e8 fissato saldamente da un bullone che scorre senza soluzione di continuit\u00e0 attraverso lo stoppino, aggiungendo stabilit\u00e0 e rigidit\u00e0.<\/span><\/span> <\/span><\/div>\n<div><span class=\"HwtZe\" lang=\"it\"><span class=\"jCAhz ChMk0b\"><span class=\"ryNqvb\">Il Poi \u00e8 collegato a due anelli per le dita in tessuto di nylon resistente tramite una rotazione rapida e robusta e una catena ovale placcata in nichel di alta qualit\u00e0.<\/span><\/span> <\/span><\/div>\n<div><span class=\"HwtZe\" lang=\"it\"><span class=\"jCAhz ChMk0b\"><span class=\"ryNqvb\">La catena offre poca resistenza all&#8217;aria, una rotazione liscia e ben articolata e si aggiunge all&#8217;aspetto robusto della cathedral poi.<\/span><\/span> <\/span><\/div>\n<div><span class=\"HwtZe\" lang=\"it\"><span class=\"jCAhz ChMk0b\"><span class=\"ryNqvb\">Venduto con borsa con coulisse per mantenere il fuoco in modo che il resto della tua attrezzatura non si sporchi.<\/span><\/span> <\/span><\/div>\n<div><span class=\"HwtZe\" lang=\"it\"><span class=\"jCAhz ChMk0b\"><span class=\"ryNqvb\">Dimensioni testa Poi: 7 x 7 x 7 cm<\/span><\/span> <\/span><\/div>\n<div><span class=\"HwtZe\" lang=\"it\"><span class=\"jCAhz ChMk0b\"><span class=\"ryNqvb\">Peso della testa: 180 g a testa<\/span><\/span> <\/span><\/div>\n<div><span class=\"HwtZe\" lang=\"it\"><span class=\"jCAhz ChMk0b\"><span class=\"ryNqvb\">Peso totale: 243 g (486 g per set)<\/span><\/span> <\/span><\/div>\n<div><span class=\"HwtZe\" lang=\"it\"><span class=\"jCAhz ChMk0b\"><span class=\"ryNqvb\">Lunghezza catena: 51 cm<\/span><\/span> <\/span><\/div>\n<div><span class=\"HwtZe\" lang=\"it\"><span class=\"jCAhz ChMk0b\"><span class=\"ryNqvb\">Lunghezza totale: 72 cm<\/span><\/span> <\/span><\/div>\n<div><span class=\"HwtZe\" lang=\"it\"><span class=\"jCAhz ChMk0b\"><span class=\"ryNqvb\">Attenzione: questo non \u00e8 un giocattolo.<\/span><\/span> <span class=\"jCAhz ChMk0b\"><span class=\"ryNqvb\">Deve essere utilizzato solo da adulti di et\u00e0 pari o superiore a 18 anni.<\/span><\/span> G<span class=\"jCAhz ChMk0b\"><span class=\"ryNqvb\">li oggetti di scena per la rotazione del fuoco devono essere utilizzati solo da professionisti.<\/span><\/span> <span class=\"jCAhz ChMk0b\"><span class=\"ryNqvb\">Si prega di utilizzare a proprio rischio e di istruirsi sull&#8217;arte e sui pericoli della rotazione del fuoco, oltre a prendere TUTTE le precauzioni di sicurezza necessarie prima, durante e dopo ogni utilizzo.<\/span><\/span> <span class=\"jCAhz ChMk0b\"><span class=\"ryNqvb\">Non siamo responsabili per eventuali lesioni causate dall&#8217;uso di oggetti di scena rotanti.<\/span><\/span><\/span><\/div>\n<div><span class=\"HwtZe\" lang=\"it\">\u00a0<\/span><\/div>\n","protected":false},"excerpt":{"rendered":"<p>SUBITO DISPONIBILE<\/p>\n","protected":false},"featured_media":21256,"comment_status":"closed","ping_status":"closed","template":"","meta":{"_et_pb_use_builder":"","_et_pb_old_content":"","_et_gb_content_width":""},"product_brand":[],"product_cat":[44],"product_tag":[303,2635],"class_list":{"0":"post-21255","1":"product","2":"type-product","3":"status-publish","4":"has-post-thumbnail","6":"product_cat-catene-poi-infuocati","7":"product_tag-negozio-articoli-giocoleria-di-fuoco","8":"product_tag-poi-infuocati-cathedral","10":"first","11":"instock","12":"sale","13":"taxable","14":"shipping-taxable","15":"purchasable","16":"product-type-simple"},"yoast_head":"<!-- This site is optimized with the Yoast SEO plugin v27.4 - https:\/\/yoast.com\/product\/yoast-seo-wordpress\/ -->\n<title>JG3582 - Cathedral Extra Large Fire Poi Set - BazarBonino<\/title>\n<meta name=\"description\" content=\"Cathedral Extra Large Fire Poi Set Venduto in coppia. Questo \u00e8 un modello di fire poi molto robusto, collaudato e testato che ha dimostrato di essere...\" \/>\n<meta name=\"robots\" content=\"index, follow, max-snippet:-1, max-image-preview:large, max-video-preview:-1\" \/>\n<link rel=\"canonical\" href=\"https:\/\/www.bazarbonino.com\/store\/prodotto\/jg3582-cathedral-extra-large-fire-poi-set\/\" \/>\n<meta property=\"og:locale\" content=\"it_IT\" \/>\n<meta property=\"og:type\" content=\"article\" \/>\n<meta property=\"og:title\" content=\"JG3582 - Cathedral Extra Large Fire Poi Set - BazarBonino\" \/>\n<meta property=\"og:description\" content=\"Cathedral Extra Large Fire Poi Set Venduto in coppia. Questo \u00e8 un modello di fire poi molto robusto, collaudato e testato che ha dimostrato di essere...\" \/>\n<meta property=\"og:url\" content=\"https:\/\/www.bazarbonino.com\/store\/prodotto\/jg3582-cathedral-extra-large-fire-poi-set\/\" \/>\n<meta property=\"og:site_name\" content=\"BazarBonino\" \/>\n<meta property=\"article:publisher\" content=\"https:\/\/www.facebook.com\/bazar.bonino\" \/>\n<meta property=\"article:modified_time\" content=\"2024-11-27T20:25:16+00:00\" \/>\n<meta property=\"og:image\" content=\"https:\/\/www.bazarbonino.com\/store\/wp-content\/uploads\/2023\/07\/JG3582-Cathedral-Extra-Large-Fire-Poi-Set.jpg\" \/>\n\t<meta property=\"og:image:width\" content=\"794\" \/>\n\t<meta property=\"og:image:height\" content=\"794\" \/>\n\t<meta property=\"og:image:type\" content=\"image\/jpeg\" \/>\n<meta name=\"twitter:card\" content=\"summary_large_image\" \/>\n<meta name=\"twitter:label1\" content=\"Tempo di lettura stimato\" \/>\n\t<meta name=\"twitter:data1\" content=\"1 minuto\" \/>\n<script type=\"application\/ld+json\" class=\"yoast-schema-graph\">{\"@context\":\"https:\\\/\\\/schema.org\",\"@graph\":[{\"@type\":\"WebPage\",\"@id\":\"https:\\\/\\\/www.bazarbonino.com\\\/store\\\/prodotto\\\/jg3582-cathedral-extra-large-fire-poi-set\\\/\",\"url\":\"https:\\\/\\\/www.bazarbonino.com\\\/store\\\/prodotto\\\/jg3582-cathedral-extra-large-fire-poi-set\\\/\",\"name\":\"JG3582 - Cathedral Extra Large Fire Poi Set - BazarBonino\",\"isPartOf\":{\"@id\":\"https:\\\/\\\/www.bazarbonino.com\\\/store\\\/#website\"},\"primaryImageOfPage\":{\"@id\":\"https:\\\/\\\/www.bazarbonino.com\\\/store\\\/prodotto\\\/jg3582-cathedral-extra-large-fire-poi-set\\\/#primaryimage\"},\"image\":{\"@id\":\"https:\\\/\\\/www.bazarbonino.com\\\/store\\\/prodotto\\\/jg3582-cathedral-extra-large-fire-poi-set\\\/#primaryimage\"},\"thumbnailUrl\":\"https:\\\/\\\/www.bazarbonino.com\\\/store\\\/wp-content\\\/uploads\\\/2023\\\/07\\\/JG3582-Cathedral-Extra-Large-Fire-Poi-Set.jpg\",\"datePublished\":\"2023-07-11T20:38:13+00:00\",\"dateModified\":\"2024-11-27T20:25:16+00:00\",\"description\":\"Cathedral Extra Large Fire Poi Set Venduto in coppia. Questo \u00e8 un modello di fire poi molto robusto, collaudato e testato che ha dimostrato di essere...\",\"breadcrumb\":{\"@id\":\"https:\\\/\\\/www.bazarbonino.com\\\/store\\\/prodotto\\\/jg3582-cathedral-extra-large-fire-poi-set\\\/#breadcrumb\"},\"inLanguage\":\"it-IT\",\"potentialAction\":[{\"@type\":\"ReadAction\",\"target\":[\"https:\\\/\\\/www.bazarbonino.com\\\/store\\\/prodotto\\\/jg3582-cathedral-extra-large-fire-poi-set\\\/\"]}]},{\"@type\":\"ImageObject\",\"inLanguage\":\"it-IT\",\"@id\":\"https:\\\/\\\/www.bazarbonino.com\\\/store\\\/prodotto\\\/jg3582-cathedral-extra-large-fire-poi-set\\\/#primaryimage\",\"url\":\"https:\\\/\\\/www.bazarbonino.com\\\/store\\\/wp-content\\\/uploads\\\/2023\\\/07\\\/JG3582-Cathedral-Extra-Large-Fire-Poi-Set.jpg\",\"contentUrl\":\"https:\\\/\\\/www.bazarbonino.com\\\/store\\\/wp-content\\\/uploads\\\/2023\\\/07\\\/JG3582-Cathedral-Extra-Large-Fire-Poi-Set.jpg\",\"width\":794,\"height\":794,\"caption\":\"JG3582 - Cathedral Extra Large Fire Poi Set\"},{\"@type\":\"BreadcrumbList\",\"@id\":\"https:\\\/\\\/www.bazarbonino.com\\\/store\\\/prodotto\\\/jg3582-cathedral-extra-large-fire-poi-set\\\/#breadcrumb\",\"itemListElement\":[{\"@type\":\"ListItem\",\"position\":1,\"name\":\"Home\",\"item\":\"https:\\\/\\\/www.bazarbonino.com\\\/store\\\/\"},{\"@type\":\"ListItem\",\"position\":2,\"name\":\"Catalogo\",\"item\":\"https:\\\/\\\/www.bazarbonino.com\\\/store\\\/shop\\\/\"},{\"@type\":\"ListItem\",\"position\":3,\"name\":\"JG3582 &#8211; Cathedral Extra Large Fire Poi Set\"}]},{\"@type\":\"WebSite\",\"@id\":\"https:\\\/\\\/www.bazarbonino.com\\\/store\\\/#website\",\"url\":\"https:\\\/\\\/www.bazarbonino.com\\\/store\\\/\",\"name\":\"BazarBonino\",\"description\":\"\",\"potentialAction\":[{\"@type\":\"SearchAction\",\"target\":{\"@type\":\"EntryPoint\",\"urlTemplate\":\"https:\\\/\\\/www.bazarbonino.com\\\/store\\\/?s={search_term_string}\"},\"query-input\":{\"@type\":\"PropertyValueSpecification\",\"valueRequired\":true,\"valueName\":\"search_term_string\"}}],\"inLanguage\":\"it-IT\"}]}<\/script>\n<!-- \/ Yoast SEO plugin. -->","yoast_head_json":{"title":"JG3582 - Cathedral Extra Large Fire Poi Set - BazarBonino","description":"Cathedral Extra Large Fire Poi Set Venduto in coppia. Questo \u00e8 un modello di fire poi molto robusto, collaudato e testato che ha dimostrato di essere...","robots":{"index":"index","follow":"follow","max-snippet":"max-snippet:-1","max-image-preview":"max-image-preview:large","max-video-preview":"max-video-preview:-1"},"canonical":"https:\/\/www.bazarbonino.com\/store\/prodotto\/jg3582-cathedral-extra-large-fire-poi-set\/","og_locale":"it_IT","og_type":"article","og_title":"JG3582 - Cathedral Extra Large Fire Poi Set - BazarBonino","og_description":"Cathedral Extra Large Fire Poi Set Venduto in coppia. Questo \u00e8 un modello di fire poi molto robusto, collaudato e testato che ha dimostrato di essere...","og_url":"https:\/\/www.bazarbonino.com\/store\/prodotto\/jg3582-cathedral-extra-large-fire-poi-set\/","og_site_name":"BazarBonino","article_publisher":"https:\/\/www.facebook.com\/bazar.bonino","article_modified_time":"2024-11-27T20:25:16+00:00","og_image":[{"width":794,"height":794,"url":"https:\/\/www.bazarbonino.com\/store\/wp-content\/uploads\/2023\/07\/JG3582-Cathedral-Extra-Large-Fire-Poi-Set.jpg","type":"image\/jpeg"}],"twitter_card":"summary_large_image","twitter_misc":{"Tempo di lettura stimato":"1 minuto"},"schema":{"@context":"https:\/\/schema.org","@graph":[{"@type":"WebPage","@id":"https:\/\/www.bazarbonino.com\/store\/prodotto\/jg3582-cathedral-extra-large-fire-poi-set\/","url":"https:\/\/www.bazarbonino.com\/store\/prodotto\/jg3582-cathedral-extra-large-fire-poi-set\/","name":"JG3582 - Cathedral Extra Large Fire Poi Set - BazarBonino","isPartOf":{"@id":"https:\/\/www.bazarbonino.com\/store\/#website"},"primaryImageOfPage":{"@id":"https:\/\/www.bazarbonino.com\/store\/prodotto\/jg3582-cathedral-extra-large-fire-poi-set\/#primaryimage"},"image":{"@id":"https:\/\/www.bazarbonino.com\/store\/prodotto\/jg3582-cathedral-extra-large-fire-poi-set\/#primaryimage"},"thumbnailUrl":"https:\/\/www.bazarbonino.com\/store\/wp-content\/uploads\/2023\/07\/JG3582-Cathedral-Extra-Large-Fire-Poi-Set.jpg","datePublished":"2023-07-11T20:38:13+00:00","dateModified":"2024-11-27T20:25:16+00:00","description":"Cathedral Extra Large Fire Poi Set Venduto in coppia. Questo \u00e8 un modello di fire poi molto robusto, collaudato e testato che ha dimostrato di essere...","breadcrumb":{"@id":"https:\/\/www.bazarbonino.com\/store\/prodotto\/jg3582-cathedral-extra-large-fire-poi-set\/#breadcrumb"},"inLanguage":"it-IT","potentialAction":[{"@type":"ReadAction","target":["https:\/\/www.bazarbonino.com\/store\/prodotto\/jg3582-cathedral-extra-large-fire-poi-set\/"]}]},{"@type":"ImageObject","inLanguage":"it-IT","@id":"https:\/\/www.bazarbonino.com\/store\/prodotto\/jg3582-cathedral-extra-large-fire-poi-set\/#primaryimage","url":"https:\/\/www.bazarbonino.com\/store\/wp-content\/uploads\/2023\/07\/JG3582-Cathedral-Extra-Large-Fire-Poi-Set.jpg","contentUrl":"https:\/\/www.bazarbonino.com\/store\/wp-content\/uploads\/2023\/07\/JG3582-Cathedral-Extra-Large-Fire-Poi-Set.jpg","width":794,"height":794,"caption":"JG3582 - Cathedral Extra Large Fire Poi Set"},{"@type":"BreadcrumbList","@id":"https:\/\/www.bazarbonino.com\/store\/prodotto\/jg3582-cathedral-extra-large-fire-poi-set\/#breadcrumb","itemListElement":[{"@type":"ListItem","position":1,"name":"Home","item":"https:\/\/www.bazarbonino.com\/store\/"},{"@type":"ListItem","position":2,"name":"Catalogo","item":"https:\/\/www.bazarbonino.com\/store\/shop\/"},{"@type":"ListItem","position":3,"name":"JG3582 &#8211; Cathedral Extra Large Fire Poi Set"}]},{"@type":"WebSite","@id":"https:\/\/www.bazarbonino.com\/store\/#website","url":"https:\/\/www.bazarbonino.com\/store\/","name":"BazarBonino","description":"","potentialAction":[{"@type":"SearchAction","target":{"@type":"EntryPoint","urlTemplate":"https:\/\/www.bazarbonino.com\/store\/?s={search_term_string}"},"query-input":{"@type":"PropertyValueSpecification","valueRequired":true,"valueName":"search_term_string"}}],"inLanguage":"it-IT"}]}},"_links":{"self":[{"href":"https:\/\/www.bazarbonino.com\/store\/wp-json\/wp\/v2\/product\/21255","targetHints":{"allow":["GET"]}}],"collection":[{"href":"https:\/\/www.bazarbonino.com\/store\/wp-json\/wp\/v2\/product"}],"about":[{"href":"https:\/\/www.bazarbonino.com\/store\/wp-json\/wp\/v2\/types\/product"}],"replies":[{"embeddable":true,"href":"https:\/\/www.bazarbonino.com\/store\/wp-json\/wp\/v2\/comments?post=21255"}],"wp:featuredmedia":[{"embeddable":true,"href":"https:\/\/www.bazarbonino.com\/store\/wp-json\/wp\/v2\/media\/21256"}],"wp:attachment":[{"href":"https:\/\/www.bazarbonino.com\/store\/wp-json\/wp\/v2\/media?parent=21255"}],"wp:term":[{"taxonomy":"product_brand","embeddable":true,"href":"https:\/\/www.bazarbonino.com\/store\/wp-json\/wp\/v2\/product_brand?post=21255"},{"taxonomy":"product_cat","embeddable":true,"href":"https:\/\/www.bazarbonino.com\/store\/wp-json\/wp\/v2\/product_cat?post=21255"},{"taxonomy":"product_tag","embeddable":true,"href":"https:\/\/www.bazarbonino.com\/store\/wp-json\/wp\/v2\/product_tag?post=21255"}],"curies":[{"name":"wp","href":"https:\/\/api.w.org\/{rel}","templated":true}]}}