{"id":21202,"date":"2023-07-08T18:16:46","date_gmt":"2023-07-08T16:16:46","guid":{"rendered":"https:\/\/www.bazarbonino.com\/store\/?post_type=product&#038;p=21202"},"modified":"2024-09-14T12:30:21","modified_gmt":"2024-09-14T10:30:21","slug":"jg3944-ventaglio-fuoco-black-tongue-set-di-2","status":"publish","type":"product","link":"https:\/\/www.bazarbonino.com\/store\/prodotto\/jg3944-ventaglio-fuoco-black-tongue-set-di-2\/","title":{"rendered":"JG3944 &#8211; Ventaglio Fuoco Black Tongue set di 2"},"content":{"rendered":"<p class=\"articoli\">Ventaglio Fuoco Black Tongue set di 2(al paio) &#8211; 42 cm\/380 gr. cad.\/apertura 46 cm. <span class=\"HwtZe\" lang=\"it\"><span class=\"jCAhz ChMk0b\"><span class=\"ryNqvb\">Il nostro set di ventagli di fuoco pi\u00f9 decorato \u00e8 anche il pi\u00f9 bello.<\/span><\/span> <span class=\"jCAhz ChMk0b\"><span class=\"ryNqvb\">\u00c8 stato fatto un grande sforzo per l&#8217;intricata lavorazione del metallo e la finitura nera \u00e8 eccellente.<\/span><\/span> <span class=\"jCAhz ChMk0b\"><span class=\"ryNqvb\">Il peso dovrebbe essere giusto per la maggior parte degli artisti del fuoco e degli spettacoli di burlesque, in particolare se trovi che i fan possono essere un po &#8216;pesanti.<\/span><\/span> <span class=\"jCAhz ChMk0b\"><span class=\"ryNqvb\">L&#8217;anello del dito \u00e8 stato levigato con una bella finitura, consentendo giri e rotazioni confortevoli.<\/span><\/span> Le 5 punte<span class=\"jCAhz ChMk0b\"><span class=\"ryNqvb\"> in fibra aramidica daranno un tempo di combustione adeguato e possono essere sostituiti abbastanza facilmente quando necessario.<\/span><\/span> <span class=\"jCAhz ChMk0b\"><span class=\"ryNqvb\">La danza del fuoco con i ventagli \u00e8 ovviamente estremamente pericolosa e dovrebbe essere praticata solo da adulti con adeguate conoscenze di sicurezza.<\/span><\/span> <span class=\"jCAhz ChMk0b\"><span class=\"ryNqvb\">Ogni ventaglio pesa 380 g.<\/span><\/span>\u00a0<\/span><\/p>\n","protected":false},"excerpt":{"rendered":"<p>SUBITO DISPONIBILE<\/p>\n","protected":false},"featured_media":21203,"comment_status":"closed","ping_status":"closed","template":"","meta":{"_et_pb_use_builder":"","_et_pb_old_content":"","_et_gb_content_width":""},"product_brand":[],"product_cat":[48,2636],"product_tag":[315,317],"class_list":{"0":"post-21202","1":"product","2":"type-product","3":"status-publish","4":"has-post-thumbnail","6":"product_cat-attrezzi-infuocati-vari-danza-costumi","7":"product_cat-ventagli-di-fuoco","8":"product_tag-attrezzi-infuocati-gora","9":"product_tag-negozio-on-line-articoli-gora-di-fuoco","11":"first","12":"instock","13":"sale","14":"taxable","15":"shipping-taxable","16":"purchasable","17":"product-type-simple"},"yoast_head":"<!-- This site is optimized with the Yoast SEO plugin v27.4 - https:\/\/yoast.com\/product\/yoast-seo-wordpress\/ -->\n<title>JG3944 - Ventaglio Fuoco Black Tongue set di 2 - BazarBonino<\/title>\n<meta name=\"description\" content=\"Ventaglio Fuoco Black Tongue set di 2(al paio) - 42 cm\/380 gr. cad.\/apertura 46 cm. Il nostro set di ventagli di fuoco pi\u00f9 decorato \u00e8 anche il pi\u00f9 bello.\" \/>\n<meta name=\"robots\" content=\"index, follow, max-snippet:-1, max-image-preview:large, max-video-preview:-1\" \/>\n<link rel=\"canonical\" href=\"https:\/\/www.bazarbonino.com\/store\/prodotto\/jg3944-ventaglio-fuoco-black-tongue-set-di-2\/\" \/>\n<meta property=\"og:locale\" content=\"it_IT\" \/>\n<meta property=\"og:type\" content=\"article\" \/>\n<meta property=\"og:title\" content=\"JG3944 - Ventaglio Fuoco Black Tongue set di 2 - BazarBonino\" \/>\n<meta property=\"og:description\" content=\"Ventaglio Fuoco Black Tongue set di 2(al paio) - 42 cm\/380 gr. cad.\/apertura 46 cm. Il nostro set di ventagli di fuoco pi\u00f9 decorato \u00e8 anche il pi\u00f9 bello.\" \/>\n<meta property=\"og:url\" content=\"https:\/\/www.bazarbonino.com\/store\/prodotto\/jg3944-ventaglio-fuoco-black-tongue-set-di-2\/\" \/>\n<meta property=\"og:site_name\" content=\"BazarBonino\" \/>\n<meta property=\"article:publisher\" content=\"https:\/\/www.facebook.com\/bazar.bonino\" \/>\n<meta property=\"article:modified_time\" content=\"2024-09-14T10:30:21+00:00\" \/>\n<meta property=\"og:image\" content=\"https:\/\/www.bazarbonino.com\/store\/wp-content\/uploads\/2023\/07\/JG3944-Ventaglio-Fuoco-Black-Tongue-set-di-2.jpg\" \/>\n\t<meta property=\"og:image:width\" content=\"800\" \/>\n\t<meta property=\"og:image:height\" content=\"800\" \/>\n\t<meta property=\"og:image:type\" content=\"image\/jpeg\" \/>\n<meta name=\"twitter:card\" content=\"summary_large_image\" \/>\n<meta name=\"twitter:label1\" content=\"Tempo di lettura stimato\" \/>\n\t<meta name=\"twitter:data1\" content=\"1 minuto\" \/>\n<script type=\"application\/ld+json\" class=\"yoast-schema-graph\">{\"@context\":\"https:\\\/\\\/schema.org\",\"@graph\":[{\"@type\":\"WebPage\",\"@id\":\"https:\\\/\\\/www.bazarbonino.com\\\/store\\\/prodotto\\\/jg3944-ventaglio-fuoco-black-tongue-set-di-2\\\/\",\"url\":\"https:\\\/\\\/www.bazarbonino.com\\\/store\\\/prodotto\\\/jg3944-ventaglio-fuoco-black-tongue-set-di-2\\\/\",\"name\":\"JG3944 - Ventaglio Fuoco Black Tongue set di 2 - BazarBonino\",\"isPartOf\":{\"@id\":\"https:\\\/\\\/www.bazarbonino.com\\\/store\\\/#website\"},\"primaryImageOfPage\":{\"@id\":\"https:\\\/\\\/www.bazarbonino.com\\\/store\\\/prodotto\\\/jg3944-ventaglio-fuoco-black-tongue-set-di-2\\\/#primaryimage\"},\"image\":{\"@id\":\"https:\\\/\\\/www.bazarbonino.com\\\/store\\\/prodotto\\\/jg3944-ventaglio-fuoco-black-tongue-set-di-2\\\/#primaryimage\"},\"thumbnailUrl\":\"https:\\\/\\\/www.bazarbonino.com\\\/store\\\/wp-content\\\/uploads\\\/2023\\\/07\\\/JG3944-Ventaglio-Fuoco-Black-Tongue-set-di-2.jpg\",\"datePublished\":\"2023-07-08T16:16:46+00:00\",\"dateModified\":\"2024-09-14T10:30:21+00:00\",\"description\":\"Ventaglio Fuoco Black Tongue set di 2(al paio) - 42 cm\\\/380 gr. cad.\\\/apertura 46 cm. Il nostro set di ventagli di fuoco pi\u00f9 decorato \u00e8 anche il pi\u00f9 bello.\",\"breadcrumb\":{\"@id\":\"https:\\\/\\\/www.bazarbonino.com\\\/store\\\/prodotto\\\/jg3944-ventaglio-fuoco-black-tongue-set-di-2\\\/#breadcrumb\"},\"inLanguage\":\"it-IT\",\"potentialAction\":[{\"@type\":\"ReadAction\",\"target\":[\"https:\\\/\\\/www.bazarbonino.com\\\/store\\\/prodotto\\\/jg3944-ventaglio-fuoco-black-tongue-set-di-2\\\/\"]}]},{\"@type\":\"ImageObject\",\"inLanguage\":\"it-IT\",\"@id\":\"https:\\\/\\\/www.bazarbonino.com\\\/store\\\/prodotto\\\/jg3944-ventaglio-fuoco-black-tongue-set-di-2\\\/#primaryimage\",\"url\":\"https:\\\/\\\/www.bazarbonino.com\\\/store\\\/wp-content\\\/uploads\\\/2023\\\/07\\\/JG3944-Ventaglio-Fuoco-Black-Tongue-set-di-2.jpg\",\"contentUrl\":\"https:\\\/\\\/www.bazarbonino.com\\\/store\\\/wp-content\\\/uploads\\\/2023\\\/07\\\/JG3944-Ventaglio-Fuoco-Black-Tongue-set-di-2.jpg\",\"width\":800,\"height\":800,\"caption\":\"JG3944 - Ventaglio Fuoco Black Tongue set di 2\"},{\"@type\":\"BreadcrumbList\",\"@id\":\"https:\\\/\\\/www.bazarbonino.com\\\/store\\\/prodotto\\\/jg3944-ventaglio-fuoco-black-tongue-set-di-2\\\/#breadcrumb\",\"itemListElement\":[{\"@type\":\"ListItem\",\"position\":1,\"name\":\"Home\",\"item\":\"https:\\\/\\\/www.bazarbonino.com\\\/store\\\/\"},{\"@type\":\"ListItem\",\"position\":2,\"name\":\"Catalogo\",\"item\":\"https:\\\/\\\/www.bazarbonino.com\\\/store\\\/shop\\\/\"},{\"@type\":\"ListItem\",\"position\":3,\"name\":\"JG3944 &#8211; Ventaglio Fuoco Black Tongue set di 2\"}]},{\"@type\":\"WebSite\",\"@id\":\"https:\\\/\\\/www.bazarbonino.com\\\/store\\\/#website\",\"url\":\"https:\\\/\\\/www.bazarbonino.com\\\/store\\\/\",\"name\":\"BazarBonino\",\"description\":\"\",\"potentialAction\":[{\"@type\":\"SearchAction\",\"target\":{\"@type\":\"EntryPoint\",\"urlTemplate\":\"https:\\\/\\\/www.bazarbonino.com\\\/store\\\/?s={search_term_string}\"},\"query-input\":{\"@type\":\"PropertyValueSpecification\",\"valueRequired\":true,\"valueName\":\"search_term_string\"}}],\"inLanguage\":\"it-IT\"}]}<\/script>\n<!-- \/ Yoast SEO plugin. -->","yoast_head_json":{"title":"JG3944 - Ventaglio Fuoco Black Tongue set di 2 - BazarBonino","description":"Ventaglio Fuoco Black Tongue set di 2(al paio) - 42 cm\/380 gr. cad.\/apertura 46 cm. Il nostro set di ventagli di fuoco pi\u00f9 decorato \u00e8 anche il pi\u00f9 bello.","robots":{"index":"index","follow":"follow","max-snippet":"max-snippet:-1","max-image-preview":"max-image-preview:large","max-video-preview":"max-video-preview:-1"},"canonical":"https:\/\/www.bazarbonino.com\/store\/prodotto\/jg3944-ventaglio-fuoco-black-tongue-set-di-2\/","og_locale":"it_IT","og_type":"article","og_title":"JG3944 - Ventaglio Fuoco Black Tongue set di 2 - BazarBonino","og_description":"Ventaglio Fuoco Black Tongue set di 2(al paio) - 42 cm\/380 gr. cad.\/apertura 46 cm. Il nostro set di ventagli di fuoco pi\u00f9 decorato \u00e8 anche il pi\u00f9 bello.","og_url":"https:\/\/www.bazarbonino.com\/store\/prodotto\/jg3944-ventaglio-fuoco-black-tongue-set-di-2\/","og_site_name":"BazarBonino","article_publisher":"https:\/\/www.facebook.com\/bazar.bonino","article_modified_time":"2024-09-14T10:30:21+00:00","og_image":[{"width":800,"height":800,"url":"https:\/\/www.bazarbonino.com\/store\/wp-content\/uploads\/2023\/07\/JG3944-Ventaglio-Fuoco-Black-Tongue-set-di-2.jpg","type":"image\/jpeg"}],"twitter_card":"summary_large_image","twitter_misc":{"Tempo di lettura stimato":"1 minuto"},"schema":{"@context":"https:\/\/schema.org","@graph":[{"@type":"WebPage","@id":"https:\/\/www.bazarbonino.com\/store\/prodotto\/jg3944-ventaglio-fuoco-black-tongue-set-di-2\/","url":"https:\/\/www.bazarbonino.com\/store\/prodotto\/jg3944-ventaglio-fuoco-black-tongue-set-di-2\/","name":"JG3944 - Ventaglio Fuoco Black Tongue set di 2 - BazarBonino","isPartOf":{"@id":"https:\/\/www.bazarbonino.com\/store\/#website"},"primaryImageOfPage":{"@id":"https:\/\/www.bazarbonino.com\/store\/prodotto\/jg3944-ventaglio-fuoco-black-tongue-set-di-2\/#primaryimage"},"image":{"@id":"https:\/\/www.bazarbonino.com\/store\/prodotto\/jg3944-ventaglio-fuoco-black-tongue-set-di-2\/#primaryimage"},"thumbnailUrl":"https:\/\/www.bazarbonino.com\/store\/wp-content\/uploads\/2023\/07\/JG3944-Ventaglio-Fuoco-Black-Tongue-set-di-2.jpg","datePublished":"2023-07-08T16:16:46+00:00","dateModified":"2024-09-14T10:30:21+00:00","description":"Ventaglio Fuoco Black Tongue set di 2(al paio) - 42 cm\/380 gr. cad.\/apertura 46 cm. Il nostro set di ventagli di fuoco pi\u00f9 decorato \u00e8 anche il pi\u00f9 bello.","breadcrumb":{"@id":"https:\/\/www.bazarbonino.com\/store\/prodotto\/jg3944-ventaglio-fuoco-black-tongue-set-di-2\/#breadcrumb"},"inLanguage":"it-IT","potentialAction":[{"@type":"ReadAction","target":["https:\/\/www.bazarbonino.com\/store\/prodotto\/jg3944-ventaglio-fuoco-black-tongue-set-di-2\/"]}]},{"@type":"ImageObject","inLanguage":"it-IT","@id":"https:\/\/www.bazarbonino.com\/store\/prodotto\/jg3944-ventaglio-fuoco-black-tongue-set-di-2\/#primaryimage","url":"https:\/\/www.bazarbonino.com\/store\/wp-content\/uploads\/2023\/07\/JG3944-Ventaglio-Fuoco-Black-Tongue-set-di-2.jpg","contentUrl":"https:\/\/www.bazarbonino.com\/store\/wp-content\/uploads\/2023\/07\/JG3944-Ventaglio-Fuoco-Black-Tongue-set-di-2.jpg","width":800,"height":800,"caption":"JG3944 - Ventaglio Fuoco Black Tongue set di 2"},{"@type":"BreadcrumbList","@id":"https:\/\/www.bazarbonino.com\/store\/prodotto\/jg3944-ventaglio-fuoco-black-tongue-set-di-2\/#breadcrumb","itemListElement":[{"@type":"ListItem","position":1,"name":"Home","item":"https:\/\/www.bazarbonino.com\/store\/"},{"@type":"ListItem","position":2,"name":"Catalogo","item":"https:\/\/www.bazarbonino.com\/store\/shop\/"},{"@type":"ListItem","position":3,"name":"JG3944 &#8211; Ventaglio Fuoco Black Tongue set di 2"}]},{"@type":"WebSite","@id":"https:\/\/www.bazarbonino.com\/store\/#website","url":"https:\/\/www.bazarbonino.com\/store\/","name":"BazarBonino","description":"","potentialAction":[{"@type":"SearchAction","target":{"@type":"EntryPoint","urlTemplate":"https:\/\/www.bazarbonino.com\/store\/?s={search_term_string}"},"query-input":{"@type":"PropertyValueSpecification","valueRequired":true,"valueName":"search_term_string"}}],"inLanguage":"it-IT"}]}},"_links":{"self":[{"href":"https:\/\/www.bazarbonino.com\/store\/wp-json\/wp\/v2\/product\/21202","targetHints":{"allow":["GET"]}}],"collection":[{"href":"https:\/\/www.bazarbonino.com\/store\/wp-json\/wp\/v2\/product"}],"about":[{"href":"https:\/\/www.bazarbonino.com\/store\/wp-json\/wp\/v2\/types\/product"}],"replies":[{"embeddable":true,"href":"https:\/\/www.bazarbonino.com\/store\/wp-json\/wp\/v2\/comments?post=21202"}],"wp:featuredmedia":[{"embeddable":true,"href":"https:\/\/www.bazarbonino.com\/store\/wp-json\/wp\/v2\/media\/21203"}],"wp:attachment":[{"href":"https:\/\/www.bazarbonino.com\/store\/wp-json\/wp\/v2\/media?parent=21202"}],"wp:term":[{"taxonomy":"product_brand","embeddable":true,"href":"https:\/\/www.bazarbonino.com\/store\/wp-json\/wp\/v2\/product_brand?post=21202"},{"taxonomy":"product_cat","embeddable":true,"href":"https:\/\/www.bazarbonino.com\/store\/wp-json\/wp\/v2\/product_cat?post=21202"},{"taxonomy":"product_tag","embeddable":true,"href":"https:\/\/www.bazarbonino.com\/store\/wp-json\/wp\/v2\/product_tag?post=21202"}],"curies":[{"name":"wp","href":"https:\/\/api.w.org\/{rel}","templated":true}]}}