{"id":21119,"date":"2023-06-10T11:16:01","date_gmt":"2023-06-10T09:16:01","guid":{"rendered":"https:\/\/www.bazarbonino.com\/store\/?post_type=product&#038;p=21119"},"modified":"2026-03-31T08:33:30","modified_gmt":"2026-03-31T06:33:30","slug":"jg3800-grip-contactstaff-gora","status":"publish","type":"product","link":"https:\/\/www.bazarbonino.com\/store\/prodotto\/jg3800-grip-contactstaff-gora\/","title":{"rendered":"JG3800 &#8211; Grip Contactstaff Gora"},"content":{"rendered":"<p>Grip Contactstaff Gora \u00e8 disponibile nella versione Soft largo 18 mm. che \u00e8 molto adatto<span class=\"HwtZe\" lang=\"it\"><span class=\"jCAhz ChMk0b\"><span class=\"ryNqvb\"> ma si consuma dopo circa un anno. Ha un lato adesivo per applicarlo facilmente ed evitare di muoversi.<\/span><\/span> La versione Super<span class=\"jCAhz ChMk0b\"><span class=\"ryNqvb\"> Grip largo 25 mm. \u00e8 pi\u00f9 appiccicoso e assorbe il sudore, ma \u00e8 molto sottile.<\/span><\/span> <span class=\"jCAhz ChMk0b\"><span class=\"ryNqvb\">La soluzione migliore \u00e8 combinare i due materiali.<\/span><\/span> <span class=\"jCAhz ChMk0b\"><span class=\"ryNqvb\">Super Grip \u00e8 lo standard pi\u00f9 elevato di presa da tennis, che ha uno strato inferiore morbido e uno strato superiore assorbente antiscivolo, come la mia raccomandazione sulla combinazione di due diversi tipi.<\/span><\/span> Si r<span class=\"jCAhz ChMk0b\"><span class=\"ryNqvb\">accomandano queste impugnature per Contact Staffs, Dragon Staffs e Juggling Staffs.<\/span><\/span> <span class=\"jCAhz ChMk0b\"><span class=\"ryNqvb\">Una Contact Staff necessita di circa 4 metri di Soft Grip oppure 2 metri di Soft Grip.<\/span><\/span><\/span><\/p>\n<p>&nbsp;<\/p>\n<p>&nbsp;<\/p>\n","protected":false},"excerpt":{"rendered":"<p>Grip Contactstaff Gora \u00e8 disponibile nella versione Soft largo 18 mm. che \u00e8 molto adatto ma si consuma dopo circa un anno. Ha un lato adesivo per applicarlo facilmente ed evitare di muoversi. La versione Super Grip largo 25 mm. \u00e8 pi\u00f9 appiccicoso e assorbe il sudore, ma \u00e8 molto sottile. La soluzione migliore \u00e8 [&hellip;]<\/p>\n","protected":false},"featured_media":21120,"comment_status":"closed","ping_status":"closed","template":"","meta":{"_et_pb_use_builder":"","_et_pb_old_content":"","_et_gb_content_width":""},"product_brand":[],"product_cat":[46],"product_tag":[315,1659,298],"class_list":{"0":"post-21119","1":"product","2":"type-product","3":"status-publish","4":"has-post-thumbnail","6":"product_cat-staffe-x-twirling-contact-infuocate","7":"product_tag-attrezzi-infuocati-gora","8":"product_tag-dragon-adapter-cuff-by-gora","9":"product_tag-negozio-on-line-articoli-di-fuoco","10":"pa_modello-soft-grip","11":"pa_modello-suoer-grip","12":"pa_modello-super-grip","14":"first","15":"instock","16":"taxable","17":"shipping-taxable","18":"purchasable","19":"product-type-variable"},"yoast_head":"<!-- This site is optimized with the Yoast SEO plugin v27.2 - https:\/\/yoast.com\/product\/yoast-seo-wordpress\/ -->\n<title>JG3800 - Grip Contactstaff Gora - BazarBonino<\/title>\n<meta name=\"description\" content=\"Grip Contactstaff Gora \u00e8 disponibile nella versione Soft largo 18 mm. che \u00e8 molto adatto ma si consuma dopo circa un anno e nella versione Super Grip largo 25 mm.\" \/>\n<meta name=\"robots\" content=\"index, follow, max-snippet:-1, max-image-preview:large, max-video-preview:-1\" \/>\n<link rel=\"canonical\" href=\"https:\/\/www.bazarbonino.com\/store\/prodotto\/jg3800-grip-contactstaff-gora\/\" \/>\n<meta property=\"og:locale\" content=\"it_IT\" \/>\n<meta property=\"og:type\" content=\"article\" \/>\n<meta property=\"og:title\" content=\"JG3800 - Grip Contactstaff Gora - BazarBonino\" \/>\n<meta property=\"og:description\" content=\"Grip Contactstaff Gora \u00e8 disponibile nella versione Soft largo 18 mm. che \u00e8 molto adatto ma si consuma dopo circa un anno e nella versione Super Grip largo 25 mm.\" \/>\n<meta property=\"og:url\" content=\"https:\/\/www.bazarbonino.com\/store\/prodotto\/jg3800-grip-contactstaff-gora\/\" \/>\n<meta property=\"og:site_name\" content=\"BazarBonino\" \/>\n<meta property=\"article:publisher\" content=\"https:\/\/www.facebook.com\/bazar.bonino\" \/>\n<meta property=\"article:modified_time\" content=\"2026-03-31T06:33:30+00:00\" \/>\n<meta property=\"og:image\" content=\"https:\/\/www.bazarbonino.com\/store\/wp-content\/uploads\/2023\/06\/JG3800-Grip-Contactstaff-Gora.jpg\" \/>\n\t<meta property=\"og:image:width\" content=\"750\" \/>\n\t<meta property=\"og:image:height\" content=\"500\" \/>\n\t<meta property=\"og:image:type\" content=\"image\/jpeg\" \/>\n<meta name=\"twitter:card\" content=\"summary_large_image\" \/>\n<meta name=\"twitter:label1\" content=\"Tempo di lettura stimato\" \/>\n\t<meta name=\"twitter:data1\" content=\"1 minuto\" \/>\n<script type=\"application\/ld+json\" class=\"yoast-schema-graph\">{\"@context\":\"https:\/\/schema.org\",\"@graph\":[{\"@type\":\"WebPage\",\"@id\":\"https:\/\/www.bazarbonino.com\/store\/prodotto\/jg3800-grip-contactstaff-gora\/\",\"url\":\"https:\/\/www.bazarbonino.com\/store\/prodotto\/jg3800-grip-contactstaff-gora\/\",\"name\":\"JG3800 - Grip Contactstaff Gora - BazarBonino\",\"isPartOf\":{\"@id\":\"https:\/\/www.bazarbonino.com\/store\/#website\"},\"primaryImageOfPage\":{\"@id\":\"https:\/\/www.bazarbonino.com\/store\/prodotto\/jg3800-grip-contactstaff-gora\/#primaryimage\"},\"image\":{\"@id\":\"https:\/\/www.bazarbonino.com\/store\/prodotto\/jg3800-grip-contactstaff-gora\/#primaryimage\"},\"thumbnailUrl\":\"https:\/\/www.bazarbonino.com\/store\/wp-content\/uploads\/2023\/06\/JG3800-Grip-Contactstaff-Gora.jpg\",\"datePublished\":\"2023-06-10T09:16:01+00:00\",\"dateModified\":\"2026-03-31T06:33:30+00:00\",\"description\":\"Grip Contactstaff Gora \u00e8 disponibile nella versione Soft largo 18 mm. che \u00e8 molto adatto ma si consuma dopo circa un anno e nella versione Super Grip largo 25 mm.\",\"breadcrumb\":{\"@id\":\"https:\/\/www.bazarbonino.com\/store\/prodotto\/jg3800-grip-contactstaff-gora\/#breadcrumb\"},\"inLanguage\":\"it-IT\",\"potentialAction\":[{\"@type\":\"ReadAction\",\"target\":[\"https:\/\/www.bazarbonino.com\/store\/prodotto\/jg3800-grip-contactstaff-gora\/\"]}]},{\"@type\":\"ImageObject\",\"inLanguage\":\"it-IT\",\"@id\":\"https:\/\/www.bazarbonino.com\/store\/prodotto\/jg3800-grip-contactstaff-gora\/#primaryimage\",\"url\":\"https:\/\/www.bazarbonino.com\/store\/wp-content\/uploads\/2023\/06\/JG3800-Grip-Contactstaff-Gora.jpg\",\"contentUrl\":\"https:\/\/www.bazarbonino.com\/store\/wp-content\/uploads\/2023\/06\/JG3800-Grip-Contactstaff-Gora.jpg\",\"width\":750,\"height\":500,\"caption\":\"JG3800 - Grip Contactstaff Gora\"},{\"@type\":\"BreadcrumbList\",\"@id\":\"https:\/\/www.bazarbonino.com\/store\/prodotto\/jg3800-grip-contactstaff-gora\/#breadcrumb\",\"itemListElement\":[{\"@type\":\"ListItem\",\"position\":1,\"name\":\"Home\",\"item\":\"https:\/\/www.bazarbonino.com\/store\/\"},{\"@type\":\"ListItem\",\"position\":2,\"name\":\"Catalogo\",\"item\":\"https:\/\/www.bazarbonino.com\/store\/shop\/\"},{\"@type\":\"ListItem\",\"position\":3,\"name\":\"JG3800 &#8211; Grip Contactstaff Gora\"}]},{\"@type\":\"WebSite\",\"@id\":\"https:\/\/www.bazarbonino.com\/store\/#website\",\"url\":\"https:\/\/www.bazarbonino.com\/store\/\",\"name\":\"BazarBonino\",\"description\":\"\",\"potentialAction\":[{\"@type\":\"SearchAction\",\"target\":{\"@type\":\"EntryPoint\",\"urlTemplate\":\"https:\/\/www.bazarbonino.com\/store\/?s={search_term_string}\"},\"query-input\":{\"@type\":\"PropertyValueSpecification\",\"valueRequired\":true,\"valueName\":\"search_term_string\"}}],\"inLanguage\":\"it-IT\"}]}<\/script>\n<!-- \/ Yoast SEO plugin. -->","yoast_head_json":{"title":"JG3800 - Grip Contactstaff Gora - BazarBonino","description":"Grip Contactstaff Gora \u00e8 disponibile nella versione Soft largo 18 mm. che \u00e8 molto adatto ma si consuma dopo circa un anno e nella versione Super Grip largo 25 mm.","robots":{"index":"index","follow":"follow","max-snippet":"max-snippet:-1","max-image-preview":"max-image-preview:large","max-video-preview":"max-video-preview:-1"},"canonical":"https:\/\/www.bazarbonino.com\/store\/prodotto\/jg3800-grip-contactstaff-gora\/","og_locale":"it_IT","og_type":"article","og_title":"JG3800 - Grip Contactstaff Gora - BazarBonino","og_description":"Grip Contactstaff Gora \u00e8 disponibile nella versione Soft largo 18 mm. che \u00e8 molto adatto ma si consuma dopo circa un anno e nella versione Super Grip largo 25 mm.","og_url":"https:\/\/www.bazarbonino.com\/store\/prodotto\/jg3800-grip-contactstaff-gora\/","og_site_name":"BazarBonino","article_publisher":"https:\/\/www.facebook.com\/bazar.bonino","article_modified_time":"2026-03-31T06:33:30+00:00","og_image":[{"width":750,"height":500,"url":"https:\/\/www.bazarbonino.com\/store\/wp-content\/uploads\/2023\/06\/JG3800-Grip-Contactstaff-Gora.jpg","type":"image\/jpeg"}],"twitter_card":"summary_large_image","twitter_misc":{"Tempo di lettura stimato":"1 minuto"},"schema":{"@context":"https:\/\/schema.org","@graph":[{"@type":"WebPage","@id":"https:\/\/www.bazarbonino.com\/store\/prodotto\/jg3800-grip-contactstaff-gora\/","url":"https:\/\/www.bazarbonino.com\/store\/prodotto\/jg3800-grip-contactstaff-gora\/","name":"JG3800 - Grip Contactstaff Gora - BazarBonino","isPartOf":{"@id":"https:\/\/www.bazarbonino.com\/store\/#website"},"primaryImageOfPage":{"@id":"https:\/\/www.bazarbonino.com\/store\/prodotto\/jg3800-grip-contactstaff-gora\/#primaryimage"},"image":{"@id":"https:\/\/www.bazarbonino.com\/store\/prodotto\/jg3800-grip-contactstaff-gora\/#primaryimage"},"thumbnailUrl":"https:\/\/www.bazarbonino.com\/store\/wp-content\/uploads\/2023\/06\/JG3800-Grip-Contactstaff-Gora.jpg","datePublished":"2023-06-10T09:16:01+00:00","dateModified":"2026-03-31T06:33:30+00:00","description":"Grip Contactstaff Gora \u00e8 disponibile nella versione Soft largo 18 mm. che \u00e8 molto adatto ma si consuma dopo circa un anno e nella versione Super Grip largo 25 mm.","breadcrumb":{"@id":"https:\/\/www.bazarbonino.com\/store\/prodotto\/jg3800-grip-contactstaff-gora\/#breadcrumb"},"inLanguage":"it-IT","potentialAction":[{"@type":"ReadAction","target":["https:\/\/www.bazarbonino.com\/store\/prodotto\/jg3800-grip-contactstaff-gora\/"]}]},{"@type":"ImageObject","inLanguage":"it-IT","@id":"https:\/\/www.bazarbonino.com\/store\/prodotto\/jg3800-grip-contactstaff-gora\/#primaryimage","url":"https:\/\/www.bazarbonino.com\/store\/wp-content\/uploads\/2023\/06\/JG3800-Grip-Contactstaff-Gora.jpg","contentUrl":"https:\/\/www.bazarbonino.com\/store\/wp-content\/uploads\/2023\/06\/JG3800-Grip-Contactstaff-Gora.jpg","width":750,"height":500,"caption":"JG3800 - Grip Contactstaff Gora"},{"@type":"BreadcrumbList","@id":"https:\/\/www.bazarbonino.com\/store\/prodotto\/jg3800-grip-contactstaff-gora\/#breadcrumb","itemListElement":[{"@type":"ListItem","position":1,"name":"Home","item":"https:\/\/www.bazarbonino.com\/store\/"},{"@type":"ListItem","position":2,"name":"Catalogo","item":"https:\/\/www.bazarbonino.com\/store\/shop\/"},{"@type":"ListItem","position":3,"name":"JG3800 &#8211; Grip Contactstaff Gora"}]},{"@type":"WebSite","@id":"https:\/\/www.bazarbonino.com\/store\/#website","url":"https:\/\/www.bazarbonino.com\/store\/","name":"BazarBonino","description":"","potentialAction":[{"@type":"SearchAction","target":{"@type":"EntryPoint","urlTemplate":"https:\/\/www.bazarbonino.com\/store\/?s={search_term_string}"},"query-input":{"@type":"PropertyValueSpecification","valueRequired":true,"valueName":"search_term_string"}}],"inLanguage":"it-IT"}]}},"_links":{"self":[{"href":"https:\/\/www.bazarbonino.com\/store\/wp-json\/wp\/v2\/product\/21119","targetHints":{"allow":["GET"]}}],"collection":[{"href":"https:\/\/www.bazarbonino.com\/store\/wp-json\/wp\/v2\/product"}],"about":[{"href":"https:\/\/www.bazarbonino.com\/store\/wp-json\/wp\/v2\/types\/product"}],"replies":[{"embeddable":true,"href":"https:\/\/www.bazarbonino.com\/store\/wp-json\/wp\/v2\/comments?post=21119"}],"wp:featuredmedia":[{"embeddable":true,"href":"https:\/\/www.bazarbonino.com\/store\/wp-json\/wp\/v2\/media\/21120"}],"wp:attachment":[{"href":"https:\/\/www.bazarbonino.com\/store\/wp-json\/wp\/v2\/media?parent=21119"}],"wp:term":[{"taxonomy":"product_brand","embeddable":true,"href":"https:\/\/www.bazarbonino.com\/store\/wp-json\/wp\/v2\/product_brand?post=21119"},{"taxonomy":"product_cat","embeddable":true,"href":"https:\/\/www.bazarbonino.com\/store\/wp-json\/wp\/v2\/product_cat?post=21119"},{"taxonomy":"product_tag","embeddable":true,"href":"https:\/\/www.bazarbonino.com\/store\/wp-json\/wp\/v2\/product_tag?post=21119"}],"curies":[{"name":"wp","href":"https:\/\/api.w.org\/{rel}","templated":true}]}}