{"id":21106,"date":"2023-06-10T09:54:20","date_gmt":"2023-06-10T07:54:20","guid":{"rendered":"https:\/\/www.bazarbonino.com\/store\/?post_type=product&#038;p=21106"},"modified":"2025-01-28T10:07:47","modified_gmt":"2025-01-28T09:07:47","slug":"jg3780-sacca-attrezzi-gora","status":"publish","type":"product","link":"https:\/\/www.bazarbonino.com\/store\/prodotto\/jg3780-sacca-attrezzi-gora\/","title":{"rendered":"JG3780 &#8211; Sacca Attrezzi Gora"},"content":{"rendered":"<p>Sacca Attrezzi Gora o<span class=\"HwtZe\" lang=\"it\"><span class=\"jCAhz ChMk0b\"><span class=\"ryNqvb\">ffre una protezione al 100% per i tuoi attrezzi.<\/span><\/span> <span class=\"jCAhz ChMk0b\"><span class=\"ryNqvb\">\u00c8 realizzato con spessi tessuti in cordura, impermeabile e super resistente, ma non resistente al calore!<\/span><\/span> <span class=\"jCAhz ChMk0b\"><span class=\"ryNqvb\">Raffredda la tua attrezzatura prima di metterla nella borsa.<\/span><\/span> <span class=\"jCAhz ChMk0b\"><span class=\"ryNqvb\">La dimensione \u00e8 perfetta per diverse attrezzature.<\/span><\/span> <span class=\"jCAhz ChMk0b\"><span class=\"ryNqvb\">La taglia piccola \u00e8 fatta per Fan, Hoop, Swing, la media \u00e8 per Flowersticks, bastoncini di medie dimensioni e la borsa lunga \u00e8 per bastoni lunghi.<\/span><\/span> <span class=\"jCAhz ChMk0b\"><span class=\"ryNqvb\">&#8211; Non mettere gli attrezzi caldi nella borsa!<\/span><\/span><\/span><\/p>\n<p>&nbsp;<\/p>\n<p>&nbsp;<\/p>\n","protected":false},"excerpt":{"rendered":"<p>Sacca Attrezzi Gora offre una protezione al 100% per i tuoi attrezzi. \u00c8 realizzato con spessi tessuti in cordura, impermeabile e super resistente, ma non resistente al calore! Raffredda la tua attrezzatura prima di metterla nella borsa. La dimensione \u00e8 perfetta per diverse attrezzature. La taglia piccola \u00e8 fatta per Fan, Hoop, Swing, la media [&hellip;]<\/p>\n","protected":false},"featured_media":21110,"comment_status":"closed","ping_status":"closed","template":"","meta":{"_et_pb_use_builder":"","_et_pb_old_content":"","_et_gb_content_width":""},"product_brand":[],"product_cat":[46],"product_tag":[315,298],"class_list":{"0":"post-21106","1":"product","2":"type-product","3":"status-publish","4":"has-post-thumbnail","6":"product_cat-staffe-x-twirling-contact-infuocate","7":"product_tag-attrezzi-infuocati-gora","8":"product_tag-negozio-on-line-articoli-di-fuoco","9":"pa_modello-grande","10":"pa_modello-medio","11":"pa_modello-piccolo","13":"first","14":"instock","15":"sale","16":"taxable","17":"shipping-taxable","18":"purchasable","19":"product-type-variable"},"yoast_head":"<!-- This site is optimized with the Yoast SEO plugin v27.4 - https:\/\/yoast.com\/product\/yoast-seo-wordpress\/ -->\n<title>JG3780 - Sacca Attrezzi Gora - BazarBonino<\/title>\n<meta name=\"description\" content=\"Sacca Attrezzi Gora offre una protezione al 100% per i tuoi attrezzi. \u00c8 realizzato con spessi tessuti in cordura, impermeabile e super resistente!\" \/>\n<meta name=\"robots\" content=\"index, follow, max-snippet:-1, max-image-preview:large, max-video-preview:-1\" \/>\n<link rel=\"canonical\" href=\"https:\/\/www.bazarbonino.com\/store\/prodotto\/jg3780-sacca-attrezzi-gora\/\" \/>\n<meta property=\"og:locale\" content=\"it_IT\" \/>\n<meta property=\"og:type\" content=\"article\" \/>\n<meta property=\"og:title\" content=\"JG3780 - Sacca Attrezzi Gora - BazarBonino\" \/>\n<meta property=\"og:description\" content=\"Sacca Attrezzi Gora offre una protezione al 100% per i tuoi attrezzi. \u00c8 realizzato con spessi tessuti in cordura, impermeabile e super resistente!\" \/>\n<meta property=\"og:url\" content=\"https:\/\/www.bazarbonino.com\/store\/prodotto\/jg3780-sacca-attrezzi-gora\/\" \/>\n<meta property=\"og:site_name\" content=\"BazarBonino\" \/>\n<meta property=\"article:publisher\" content=\"https:\/\/www.facebook.com\/bazar.bonino\" \/>\n<meta property=\"article:modified_time\" content=\"2025-01-28T09:07:47+00:00\" \/>\n<meta property=\"og:image\" content=\"https:\/\/www.bazarbonino.com\/store\/wp-content\/uploads\/2023\/06\/JG3780-Sacca-Attrezzi-Gora.jpg\" \/>\n\t<meta property=\"og:image:width\" content=\"747\" \/>\n\t<meta property=\"og:image:height\" content=\"500\" \/>\n\t<meta property=\"og:image:type\" content=\"image\/jpeg\" \/>\n<meta name=\"twitter:card\" content=\"summary_large_image\" \/>\n<meta name=\"twitter:label1\" content=\"Tempo di lettura stimato\" \/>\n\t<meta name=\"twitter:data1\" content=\"1 minuto\" \/>\n<script type=\"application\/ld+json\" class=\"yoast-schema-graph\">{\"@context\":\"https:\\\/\\\/schema.org\",\"@graph\":[{\"@type\":\"WebPage\",\"@id\":\"https:\\\/\\\/www.bazarbonino.com\\\/store\\\/prodotto\\\/jg3780-sacca-attrezzi-gora\\\/\",\"url\":\"https:\\\/\\\/www.bazarbonino.com\\\/store\\\/prodotto\\\/jg3780-sacca-attrezzi-gora\\\/\",\"name\":\"JG3780 - Sacca Attrezzi Gora - BazarBonino\",\"isPartOf\":{\"@id\":\"https:\\\/\\\/www.bazarbonino.com\\\/store\\\/#website\"},\"primaryImageOfPage\":{\"@id\":\"https:\\\/\\\/www.bazarbonino.com\\\/store\\\/prodotto\\\/jg3780-sacca-attrezzi-gora\\\/#primaryimage\"},\"image\":{\"@id\":\"https:\\\/\\\/www.bazarbonino.com\\\/store\\\/prodotto\\\/jg3780-sacca-attrezzi-gora\\\/#primaryimage\"},\"thumbnailUrl\":\"https:\\\/\\\/www.bazarbonino.com\\\/store\\\/wp-content\\\/uploads\\\/2023\\\/06\\\/JG3780-Sacca-Attrezzi-Gora.jpg\",\"datePublished\":\"2023-06-10T07:54:20+00:00\",\"dateModified\":\"2025-01-28T09:07:47+00:00\",\"description\":\"Sacca Attrezzi Gora offre una protezione al 100% per i tuoi attrezzi. \u00c8 realizzato con spessi tessuti in cordura, impermeabile e super resistente!\",\"breadcrumb\":{\"@id\":\"https:\\\/\\\/www.bazarbonino.com\\\/store\\\/prodotto\\\/jg3780-sacca-attrezzi-gora\\\/#breadcrumb\"},\"inLanguage\":\"it-IT\",\"potentialAction\":[{\"@type\":\"ReadAction\",\"target\":[\"https:\\\/\\\/www.bazarbonino.com\\\/store\\\/prodotto\\\/jg3780-sacca-attrezzi-gora\\\/\"]}]},{\"@type\":\"ImageObject\",\"inLanguage\":\"it-IT\",\"@id\":\"https:\\\/\\\/www.bazarbonino.com\\\/store\\\/prodotto\\\/jg3780-sacca-attrezzi-gora\\\/#primaryimage\",\"url\":\"https:\\\/\\\/www.bazarbonino.com\\\/store\\\/wp-content\\\/uploads\\\/2023\\\/06\\\/JG3780-Sacca-Attrezzi-Gora.jpg\",\"contentUrl\":\"https:\\\/\\\/www.bazarbonino.com\\\/store\\\/wp-content\\\/uploads\\\/2023\\\/06\\\/JG3780-Sacca-Attrezzi-Gora.jpg\",\"width\":747,\"height\":500,\"caption\":\"JG3780 - Sacca Attrezzi Gora\"},{\"@type\":\"BreadcrumbList\",\"@id\":\"https:\\\/\\\/www.bazarbonino.com\\\/store\\\/prodotto\\\/jg3780-sacca-attrezzi-gora\\\/#breadcrumb\",\"itemListElement\":[{\"@type\":\"ListItem\",\"position\":1,\"name\":\"Home\",\"item\":\"https:\\\/\\\/www.bazarbonino.com\\\/store\\\/\"},{\"@type\":\"ListItem\",\"position\":2,\"name\":\"Catalogo\",\"item\":\"https:\\\/\\\/www.bazarbonino.com\\\/store\\\/shop\\\/\"},{\"@type\":\"ListItem\",\"position\":3,\"name\":\"JG3780 &#8211; Sacca Attrezzi Gora\"}]},{\"@type\":\"WebSite\",\"@id\":\"https:\\\/\\\/www.bazarbonino.com\\\/store\\\/#website\",\"url\":\"https:\\\/\\\/www.bazarbonino.com\\\/store\\\/\",\"name\":\"BazarBonino\",\"description\":\"\",\"potentialAction\":[{\"@type\":\"SearchAction\",\"target\":{\"@type\":\"EntryPoint\",\"urlTemplate\":\"https:\\\/\\\/www.bazarbonino.com\\\/store\\\/?s={search_term_string}\"},\"query-input\":{\"@type\":\"PropertyValueSpecification\",\"valueRequired\":true,\"valueName\":\"search_term_string\"}}],\"inLanguage\":\"it-IT\"}]}<\/script>\n<!-- \/ Yoast SEO plugin. -->","yoast_head_json":{"title":"JG3780 - Sacca Attrezzi Gora - BazarBonino","description":"Sacca Attrezzi Gora offre una protezione al 100% per i tuoi attrezzi. \u00c8 realizzato con spessi tessuti in cordura, impermeabile e super resistente!","robots":{"index":"index","follow":"follow","max-snippet":"max-snippet:-1","max-image-preview":"max-image-preview:large","max-video-preview":"max-video-preview:-1"},"canonical":"https:\/\/www.bazarbonino.com\/store\/prodotto\/jg3780-sacca-attrezzi-gora\/","og_locale":"it_IT","og_type":"article","og_title":"JG3780 - Sacca Attrezzi Gora - BazarBonino","og_description":"Sacca Attrezzi Gora offre una protezione al 100% per i tuoi attrezzi. \u00c8 realizzato con spessi tessuti in cordura, impermeabile e super resistente!","og_url":"https:\/\/www.bazarbonino.com\/store\/prodotto\/jg3780-sacca-attrezzi-gora\/","og_site_name":"BazarBonino","article_publisher":"https:\/\/www.facebook.com\/bazar.bonino","article_modified_time":"2025-01-28T09:07:47+00:00","og_image":[{"width":747,"height":500,"url":"https:\/\/www.bazarbonino.com\/store\/wp-content\/uploads\/2023\/06\/JG3780-Sacca-Attrezzi-Gora.jpg","type":"image\/jpeg"}],"twitter_card":"summary_large_image","twitter_misc":{"Tempo di lettura stimato":"1 minuto"},"schema":{"@context":"https:\/\/schema.org","@graph":[{"@type":"WebPage","@id":"https:\/\/www.bazarbonino.com\/store\/prodotto\/jg3780-sacca-attrezzi-gora\/","url":"https:\/\/www.bazarbonino.com\/store\/prodotto\/jg3780-sacca-attrezzi-gora\/","name":"JG3780 - Sacca Attrezzi Gora - BazarBonino","isPartOf":{"@id":"https:\/\/www.bazarbonino.com\/store\/#website"},"primaryImageOfPage":{"@id":"https:\/\/www.bazarbonino.com\/store\/prodotto\/jg3780-sacca-attrezzi-gora\/#primaryimage"},"image":{"@id":"https:\/\/www.bazarbonino.com\/store\/prodotto\/jg3780-sacca-attrezzi-gora\/#primaryimage"},"thumbnailUrl":"https:\/\/www.bazarbonino.com\/store\/wp-content\/uploads\/2023\/06\/JG3780-Sacca-Attrezzi-Gora.jpg","datePublished":"2023-06-10T07:54:20+00:00","dateModified":"2025-01-28T09:07:47+00:00","description":"Sacca Attrezzi Gora offre una protezione al 100% per i tuoi attrezzi. \u00c8 realizzato con spessi tessuti in cordura, impermeabile e super resistente!","breadcrumb":{"@id":"https:\/\/www.bazarbonino.com\/store\/prodotto\/jg3780-sacca-attrezzi-gora\/#breadcrumb"},"inLanguage":"it-IT","potentialAction":[{"@type":"ReadAction","target":["https:\/\/www.bazarbonino.com\/store\/prodotto\/jg3780-sacca-attrezzi-gora\/"]}]},{"@type":"ImageObject","inLanguage":"it-IT","@id":"https:\/\/www.bazarbonino.com\/store\/prodotto\/jg3780-sacca-attrezzi-gora\/#primaryimage","url":"https:\/\/www.bazarbonino.com\/store\/wp-content\/uploads\/2023\/06\/JG3780-Sacca-Attrezzi-Gora.jpg","contentUrl":"https:\/\/www.bazarbonino.com\/store\/wp-content\/uploads\/2023\/06\/JG3780-Sacca-Attrezzi-Gora.jpg","width":747,"height":500,"caption":"JG3780 - Sacca Attrezzi Gora"},{"@type":"BreadcrumbList","@id":"https:\/\/www.bazarbonino.com\/store\/prodotto\/jg3780-sacca-attrezzi-gora\/#breadcrumb","itemListElement":[{"@type":"ListItem","position":1,"name":"Home","item":"https:\/\/www.bazarbonino.com\/store\/"},{"@type":"ListItem","position":2,"name":"Catalogo","item":"https:\/\/www.bazarbonino.com\/store\/shop\/"},{"@type":"ListItem","position":3,"name":"JG3780 &#8211; Sacca Attrezzi Gora"}]},{"@type":"WebSite","@id":"https:\/\/www.bazarbonino.com\/store\/#website","url":"https:\/\/www.bazarbonino.com\/store\/","name":"BazarBonino","description":"","potentialAction":[{"@type":"SearchAction","target":{"@type":"EntryPoint","urlTemplate":"https:\/\/www.bazarbonino.com\/store\/?s={search_term_string}"},"query-input":{"@type":"PropertyValueSpecification","valueRequired":true,"valueName":"search_term_string"}}],"inLanguage":"it-IT"}]}},"_links":{"self":[{"href":"https:\/\/www.bazarbonino.com\/store\/wp-json\/wp\/v2\/product\/21106","targetHints":{"allow":["GET"]}}],"collection":[{"href":"https:\/\/www.bazarbonino.com\/store\/wp-json\/wp\/v2\/product"}],"about":[{"href":"https:\/\/www.bazarbonino.com\/store\/wp-json\/wp\/v2\/types\/product"}],"replies":[{"embeddable":true,"href":"https:\/\/www.bazarbonino.com\/store\/wp-json\/wp\/v2\/comments?post=21106"}],"wp:featuredmedia":[{"embeddable":true,"href":"https:\/\/www.bazarbonino.com\/store\/wp-json\/wp\/v2\/media\/21110"}],"wp:attachment":[{"href":"https:\/\/www.bazarbonino.com\/store\/wp-json\/wp\/v2\/media?parent=21106"}],"wp:term":[{"taxonomy":"product_brand","embeddable":true,"href":"https:\/\/www.bazarbonino.com\/store\/wp-json\/wp\/v2\/product_brand?post=21106"},{"taxonomy":"product_cat","embeddable":true,"href":"https:\/\/www.bazarbonino.com\/store\/wp-json\/wp\/v2\/product_cat?post=21106"},{"taxonomy":"product_tag","embeddable":true,"href":"https:\/\/www.bazarbonino.com\/store\/wp-json\/wp\/v2\/product_tag?post=21106"}],"curies":[{"name":"wp","href":"https:\/\/api.w.org\/{rel}","templated":true}]}}