{"id":21008,"date":"2023-05-07T19:52:18","date_gmt":"2023-05-07T17:52:18","guid":{"rendered":"https:\/\/www.bazarbonino.com\/store\/?post_type=product&#038;p=21008"},"modified":"2025-11-11T21:52:59","modified_gmt":"2025-11-11T20:52:59","slug":"jg4030-fire-skirt-gora","status":"publish","type":"product","link":"https:\/\/www.bazarbonino.com\/store\/prodotto\/jg4030-fire-skirt-gora\/","title":{"rendered":"JG4030 &#8211; Fire Skirt Gora"},"content":{"rendered":"<h6>GONNA DI FUOCO GORA<\/h6>\n<p>Il Fire Skirt Gora \u00e8 un attrezzo aggiuntivo per il fire hoop con base da 100 cm. di diametro. La gonna ha un attacco in velcro per fissare il cerchio.<\/p>\n<p>la gonna di fuoco si pu\u00f2 combinare con la Fire Crown, Fire Fan oppure Hand Candle. La gonna \u00e8 disponibile in colore nero ed \u00e8 costituita da tela naturale che \u00e8 semi resistente al fuoco. <span class=\"HwtZe\" lang=\"it\"> <span class=\"jCAhz ChMk0b\"><span class=\"ryNqvb\">Il design \u00e8 realizzato da Linda Farkas, direttrice del Magma Fire Theater.<\/span><\/span> <\/span><\/p>\n<p><span class=\"HwtZe\" lang=\"it\"><span class=\"jCAhz ChMk0b\"><span class=\"ryNqvb\">Taglie (indicare tra le note dell&#8217;ordine):<\/span><\/span> <\/span><\/p>\n<p><span class=\"HwtZe\" lang=\"it\"><span class=\"jCAhz ChMk0b\"><span class=\"ryNqvb\">&#8216;S&#8217;: Lunghezza 87 cm;<\/span><\/span> <span class=\"jCAhz ChMk0b\"><span class=\"ryNqvb\">vita: 70-76 cm<\/span><\/span> <\/span><\/p>\n<p><span class=\"HwtZe\" lang=\"it\"><span class=\"jCAhz ChMk0b\"><span class=\"ryNqvb\">&#8216;M&#8217;: Lunghezza 94 cm;<\/span><\/span> <span class=\"jCAhz ChMk0b\"><span class=\"ryNqvb\">vita: 80-90 cm<\/span><\/span><\/span><\/p>\n<p><span class=\"HwtZe\" lang=\"it\"> <span class=\"jCAhz ChMk0b\"><span class=\"ryNqvb\">&#8216;L&#8217;: Lunghezza <\/span><\/span><\/span><span class=\"HwtZe\" lang=\"it\"><span class=\"jCAhz ChMk0b\"><span class=\"ryNqvb\">104 cm;<\/span><\/span> <span class=\"jCAhz ChMk0b\"><span class=\"ryNqvb\">vita: 85-110 cm<\/span><\/span><\/span><\/p>\n<p>Istruzioni di utilizzo:<\/p>\n<p>Bagnare la gonna prima di ogni utilizzo<\/p>\n<p>Presta un&#8217;attenzione particolare alla tua danza ed alla direzione del vento, se presente.<\/p>\n<p><span class=\"HwtZe\" lang=\"it\">\u00a0<\/span><\/p>\n<div><\/div>\n<div id=\"stcpDiv\"><\/div>\n","protected":false},"excerpt":{"rendered":"<div class=\"woocommerce-product-details__short-description\">\n<div class=\"woocommerce-product-details__short-description\">\n<div class=\"woocommerce-product-details__short-description\">\n<div class=\"woocommerce-product-details__short-description\">ESAURITO IN RIORDINO<\/div>\n<div>PRENOTATE L&#8217;ARTICOLO<\/div>\n<\/div>\n<\/div>\n<\/div>\n","protected":false},"featured_media":21015,"comment_status":"closed","ping_status":"closed","template":"","meta":{"_et_pb_use_builder":"","_et_pb_old_content":"","_et_gb_content_width":""},"product_brand":[],"product_cat":[48],"product_tag":[315,1658,303],"class_list":{"0":"post-21008","1":"product","2":"type-product","3":"status-publish","4":"has-post-thumbnail","6":"product_cat-attrezzi-infuocati-vari-danza-costumi","7":"product_tag-attrezzi-infuocati-gora","8":"product_tag-fire-crown-gora","9":"product_tag-negozio-articoli-giocoleria-di-fuoco","11":"first","12":"instock","13":"sale","14":"taxable","15":"shipping-taxable","16":"purchasable","17":"product-type-variable"},"yoast_head":"<!-- This site is optimized with the Yoast SEO plugin v27.4 - https:\/\/yoast.com\/product\/yoast-seo-wordpress\/ -->\n<title>JG4030 - Fire Skirt Gora - BazarBonino<\/title>\n<meta name=\"description\" content=\"Il Fire Skirt Gora \u00e8 un attrezzo aggiuntivo per il fire hoop con base da 100 cm. di diametro. La gonna ha un attacco in velcro per fissare il cerchio.\" \/>\n<meta name=\"robots\" content=\"index, follow, max-snippet:-1, max-image-preview:large, max-video-preview:-1\" \/>\n<link rel=\"canonical\" href=\"https:\/\/www.bazarbonino.com\/store\/prodotto\/jg4030-fire-skirt-gora\/\" \/>\n<meta property=\"og:locale\" content=\"it_IT\" \/>\n<meta property=\"og:type\" content=\"article\" \/>\n<meta property=\"og:title\" content=\"JG4030 - Fire Skirt Gora - BazarBonino\" \/>\n<meta property=\"og:description\" content=\"Il Fire Skirt Gora \u00e8 un attrezzo aggiuntivo per il fire hoop con base da 100 cm. di diametro. La gonna ha un attacco in velcro per fissare il cerchio.\" \/>\n<meta property=\"og:url\" content=\"https:\/\/www.bazarbonino.com\/store\/prodotto\/jg4030-fire-skirt-gora\/\" \/>\n<meta property=\"og:site_name\" content=\"BazarBonino\" \/>\n<meta property=\"article:publisher\" content=\"https:\/\/www.facebook.com\/bazar.bonino\" \/>\n<meta property=\"article:modified_time\" content=\"2025-11-11T20:52:59+00:00\" \/>\n<meta property=\"og:image\" content=\"https:\/\/www.bazarbonino.com\/store\/wp-content\/uploads\/2023\/05\/JG4030-Fire-Skirt-Gora.jpg\" \/>\n\t<meta property=\"og:image:width\" content=\"747\" \/>\n\t<meta property=\"og:image:height\" content=\"500\" \/>\n\t<meta property=\"og:image:type\" content=\"image\/jpeg\" \/>\n<meta name=\"twitter:card\" content=\"summary_large_image\" \/>\n<meta name=\"twitter:label1\" content=\"Tempo di lettura stimato\" \/>\n\t<meta name=\"twitter:data1\" content=\"1 minuto\" \/>\n<script type=\"application\/ld+json\" class=\"yoast-schema-graph\">{\"@context\":\"https:\\\/\\\/schema.org\",\"@graph\":[{\"@type\":\"WebPage\",\"@id\":\"https:\\\/\\\/www.bazarbonino.com\\\/store\\\/prodotto\\\/jg4030-fire-skirt-gora\\\/\",\"url\":\"https:\\\/\\\/www.bazarbonino.com\\\/store\\\/prodotto\\\/jg4030-fire-skirt-gora\\\/\",\"name\":\"JG4030 - Fire Skirt Gora - BazarBonino\",\"isPartOf\":{\"@id\":\"https:\\\/\\\/www.bazarbonino.com\\\/store\\\/#website\"},\"primaryImageOfPage\":{\"@id\":\"https:\\\/\\\/www.bazarbonino.com\\\/store\\\/prodotto\\\/jg4030-fire-skirt-gora\\\/#primaryimage\"},\"image\":{\"@id\":\"https:\\\/\\\/www.bazarbonino.com\\\/store\\\/prodotto\\\/jg4030-fire-skirt-gora\\\/#primaryimage\"},\"thumbnailUrl\":\"https:\\\/\\\/www.bazarbonino.com\\\/store\\\/wp-content\\\/uploads\\\/2023\\\/05\\\/JG4030-Fire-Skirt-Gora.jpg\",\"datePublished\":\"2023-05-07T17:52:18+00:00\",\"dateModified\":\"2025-11-11T20:52:59+00:00\",\"description\":\"Il Fire Skirt Gora \u00e8 un attrezzo aggiuntivo per il fire hoop con base da 100 cm. di diametro. La gonna ha un attacco in velcro per fissare il cerchio.\",\"breadcrumb\":{\"@id\":\"https:\\\/\\\/www.bazarbonino.com\\\/store\\\/prodotto\\\/jg4030-fire-skirt-gora\\\/#breadcrumb\"},\"inLanguage\":\"it-IT\",\"potentialAction\":[{\"@type\":\"ReadAction\",\"target\":[\"https:\\\/\\\/www.bazarbonino.com\\\/store\\\/prodotto\\\/jg4030-fire-skirt-gora\\\/\"]}]},{\"@type\":\"ImageObject\",\"inLanguage\":\"it-IT\",\"@id\":\"https:\\\/\\\/www.bazarbonino.com\\\/store\\\/prodotto\\\/jg4030-fire-skirt-gora\\\/#primaryimage\",\"url\":\"https:\\\/\\\/www.bazarbonino.com\\\/store\\\/wp-content\\\/uploads\\\/2023\\\/05\\\/JG4030-Fire-Skirt-Gora.jpg\",\"contentUrl\":\"https:\\\/\\\/www.bazarbonino.com\\\/store\\\/wp-content\\\/uploads\\\/2023\\\/05\\\/JG4030-Fire-Skirt-Gora.jpg\",\"width\":747,\"height\":500,\"caption\":\"JG4030 - Fire Skirt Gora\"},{\"@type\":\"BreadcrumbList\",\"@id\":\"https:\\\/\\\/www.bazarbonino.com\\\/store\\\/prodotto\\\/jg4030-fire-skirt-gora\\\/#breadcrumb\",\"itemListElement\":[{\"@type\":\"ListItem\",\"position\":1,\"name\":\"Home\",\"item\":\"https:\\\/\\\/www.bazarbonino.com\\\/store\\\/\"},{\"@type\":\"ListItem\",\"position\":2,\"name\":\"Catalogo\",\"item\":\"https:\\\/\\\/www.bazarbonino.com\\\/store\\\/shop\\\/\"},{\"@type\":\"ListItem\",\"position\":3,\"name\":\"JG4030 &#8211; Fire Skirt Gora\"}]},{\"@type\":\"WebSite\",\"@id\":\"https:\\\/\\\/www.bazarbonino.com\\\/store\\\/#website\",\"url\":\"https:\\\/\\\/www.bazarbonino.com\\\/store\\\/\",\"name\":\"BazarBonino\",\"description\":\"\",\"potentialAction\":[{\"@type\":\"SearchAction\",\"target\":{\"@type\":\"EntryPoint\",\"urlTemplate\":\"https:\\\/\\\/www.bazarbonino.com\\\/store\\\/?s={search_term_string}\"},\"query-input\":{\"@type\":\"PropertyValueSpecification\",\"valueRequired\":true,\"valueName\":\"search_term_string\"}}],\"inLanguage\":\"it-IT\"}]}<\/script>\n<!-- \/ Yoast SEO plugin. -->","yoast_head_json":{"title":"JG4030 - Fire Skirt Gora - BazarBonino","description":"Il Fire Skirt Gora \u00e8 un attrezzo aggiuntivo per il fire hoop con base da 100 cm. di diametro. La gonna ha un attacco in velcro per fissare il cerchio.","robots":{"index":"index","follow":"follow","max-snippet":"max-snippet:-1","max-image-preview":"max-image-preview:large","max-video-preview":"max-video-preview:-1"},"canonical":"https:\/\/www.bazarbonino.com\/store\/prodotto\/jg4030-fire-skirt-gora\/","og_locale":"it_IT","og_type":"article","og_title":"JG4030 - Fire Skirt Gora - BazarBonino","og_description":"Il Fire Skirt Gora \u00e8 un attrezzo aggiuntivo per il fire hoop con base da 100 cm. di diametro. La gonna ha un attacco in velcro per fissare il cerchio.","og_url":"https:\/\/www.bazarbonino.com\/store\/prodotto\/jg4030-fire-skirt-gora\/","og_site_name":"BazarBonino","article_publisher":"https:\/\/www.facebook.com\/bazar.bonino","article_modified_time":"2025-11-11T20:52:59+00:00","og_image":[{"width":747,"height":500,"url":"https:\/\/www.bazarbonino.com\/store\/wp-content\/uploads\/2023\/05\/JG4030-Fire-Skirt-Gora.jpg","type":"image\/jpeg"}],"twitter_card":"summary_large_image","twitter_misc":{"Tempo di lettura stimato":"1 minuto"},"schema":{"@context":"https:\/\/schema.org","@graph":[{"@type":"WebPage","@id":"https:\/\/www.bazarbonino.com\/store\/prodotto\/jg4030-fire-skirt-gora\/","url":"https:\/\/www.bazarbonino.com\/store\/prodotto\/jg4030-fire-skirt-gora\/","name":"JG4030 - Fire Skirt Gora - BazarBonino","isPartOf":{"@id":"https:\/\/www.bazarbonino.com\/store\/#website"},"primaryImageOfPage":{"@id":"https:\/\/www.bazarbonino.com\/store\/prodotto\/jg4030-fire-skirt-gora\/#primaryimage"},"image":{"@id":"https:\/\/www.bazarbonino.com\/store\/prodotto\/jg4030-fire-skirt-gora\/#primaryimage"},"thumbnailUrl":"https:\/\/www.bazarbonino.com\/store\/wp-content\/uploads\/2023\/05\/JG4030-Fire-Skirt-Gora.jpg","datePublished":"2023-05-07T17:52:18+00:00","dateModified":"2025-11-11T20:52:59+00:00","description":"Il Fire Skirt Gora \u00e8 un attrezzo aggiuntivo per il fire hoop con base da 100 cm. di diametro. La gonna ha un attacco in velcro per fissare il cerchio.","breadcrumb":{"@id":"https:\/\/www.bazarbonino.com\/store\/prodotto\/jg4030-fire-skirt-gora\/#breadcrumb"},"inLanguage":"it-IT","potentialAction":[{"@type":"ReadAction","target":["https:\/\/www.bazarbonino.com\/store\/prodotto\/jg4030-fire-skirt-gora\/"]}]},{"@type":"ImageObject","inLanguage":"it-IT","@id":"https:\/\/www.bazarbonino.com\/store\/prodotto\/jg4030-fire-skirt-gora\/#primaryimage","url":"https:\/\/www.bazarbonino.com\/store\/wp-content\/uploads\/2023\/05\/JG4030-Fire-Skirt-Gora.jpg","contentUrl":"https:\/\/www.bazarbonino.com\/store\/wp-content\/uploads\/2023\/05\/JG4030-Fire-Skirt-Gora.jpg","width":747,"height":500,"caption":"JG4030 - Fire Skirt Gora"},{"@type":"BreadcrumbList","@id":"https:\/\/www.bazarbonino.com\/store\/prodotto\/jg4030-fire-skirt-gora\/#breadcrumb","itemListElement":[{"@type":"ListItem","position":1,"name":"Home","item":"https:\/\/www.bazarbonino.com\/store\/"},{"@type":"ListItem","position":2,"name":"Catalogo","item":"https:\/\/www.bazarbonino.com\/store\/shop\/"},{"@type":"ListItem","position":3,"name":"JG4030 &#8211; Fire Skirt Gora"}]},{"@type":"WebSite","@id":"https:\/\/www.bazarbonino.com\/store\/#website","url":"https:\/\/www.bazarbonino.com\/store\/","name":"BazarBonino","description":"","potentialAction":[{"@type":"SearchAction","target":{"@type":"EntryPoint","urlTemplate":"https:\/\/www.bazarbonino.com\/store\/?s={search_term_string}"},"query-input":{"@type":"PropertyValueSpecification","valueRequired":true,"valueName":"search_term_string"}}],"inLanguage":"it-IT"}]}},"_links":{"self":[{"href":"https:\/\/www.bazarbonino.com\/store\/wp-json\/wp\/v2\/product\/21008","targetHints":{"allow":["GET"]}}],"collection":[{"href":"https:\/\/www.bazarbonino.com\/store\/wp-json\/wp\/v2\/product"}],"about":[{"href":"https:\/\/www.bazarbonino.com\/store\/wp-json\/wp\/v2\/types\/product"}],"replies":[{"embeddable":true,"href":"https:\/\/www.bazarbonino.com\/store\/wp-json\/wp\/v2\/comments?post=21008"}],"wp:featuredmedia":[{"embeddable":true,"href":"https:\/\/www.bazarbonino.com\/store\/wp-json\/wp\/v2\/media\/21015"}],"wp:attachment":[{"href":"https:\/\/www.bazarbonino.com\/store\/wp-json\/wp\/v2\/media?parent=21008"}],"wp:term":[{"taxonomy":"product_brand","embeddable":true,"href":"https:\/\/www.bazarbonino.com\/store\/wp-json\/wp\/v2\/product_brand?post=21008"},{"taxonomy":"product_cat","embeddable":true,"href":"https:\/\/www.bazarbonino.com\/store\/wp-json\/wp\/v2\/product_cat?post=21008"},{"taxonomy":"product_tag","embeddable":true,"href":"https:\/\/www.bazarbonino.com\/store\/wp-json\/wp\/v2\/product_tag?post=21008"}],"curies":[{"name":"wp","href":"https:\/\/api.w.org\/{rel}","templated":true}]}}