{"id":20317,"date":"2022-10-25T23:43:43","date_gmt":"2022-10-25T21:43:43","guid":{"rendered":"https:\/\/www.bazarbonino.com\/store\/?post_type=product&#038;p=20317"},"modified":"2024-10-08T19:28:53","modified_gmt":"2024-10-08T17:28:53","slug":"pxp41650-spugna-butterfly-eco","status":"publish","type":"product","link":"https:\/\/www.bazarbonino.com\/store\/prodotto\/pxp41650-spugna-butterfly-eco\/","title":{"rendered":"PXP41650 &#8211; Spugna Butterfly Eco"},"content":{"rendered":"<p>Spugna Butterfly Eco <span class=\"HwtZe\" lang=\"it\"><span class=\"jCAhz\"><span class=\"ryNqvb\"> \u00e8 una spugna viola a forma di petalo di fiore che pu\u00f2 essere riutilizzata. Con questa spugna \u00e8 molto facile realizzare una farfalla o un bel disegno per gli occhi. Usa una nuova spugna per ogni nuovo viso per motivi igienici. Pulizia: Lavare la spugna con acqua e sapone o lavarla in lavatrice (in un sacco per la biancheria o in una federa) a una temperatura massima di 60\u00b0C. Lascia asciugare bene le spugne.<\/span><\/span><\/span> Dimensione cm. 4&#215;2,5&#215;2,5.<\/p>\n","protected":false},"excerpt":{"rendered":"<p>Spugna Butterfly Eco \u00e8 una spugna viola a forma di petalo di fiore che pu\u00f2 essere riutilizzata. Con questa spugna \u00e8 molto facile realizzare una farfalla o un bel disegno per gli occhi. Usa una nuova spugna per ogni nuovo viso per motivi igienici. Pulizia: Lavare la spugna con acqua e sapone o lavarla in [&hellip;]<\/p>\n","protected":false},"featured_media":20318,"comment_status":"closed","ping_status":"closed","template":"","meta":{"_et_pb_use_builder":"","_et_pb_old_content":"","_et_gb_content_width":""},"product_brand":[],"product_cat":[71],"product_tag":[2127,375,377,376],"class_list":{"0":"post-20317","1":"product","2":"type-product","3":"status-publish","4":"has-post-thumbnail","6":"product_cat-pennelli-spugnette-matite-diamond-fx-kryolan","7":"product_tag-bazar-bonino-torino","8":"product_tag-matite-ad-acqua-per-truccabimbi","9":"product_tag-negozio-on-line-accessori-body-painting","10":"product_tag-spugnette-e-pennelli-per-trucco-viso-corpo","12":"first","13":"instock","14":"taxable","15":"shipping-taxable","16":"purchasable","17":"product-type-simple"},"yoast_head":"<!-- This site is optimized with the Yoast SEO plugin v27.4 - https:\/\/yoast.com\/product\/yoast-seo-wordpress\/ -->\n<title>PXP41650 - Spugna Butterfly Eco - BazarBonino<\/title>\n<meta name=\"description\" content=\"Spugna Butterfly Eco \u00e8 una spugna viola a forma di petalo di fiore che pu\u00f2 essere riutilizzata. Con questa spugna \u00e8 molto facile realizzare una farfalla o..\" \/>\n<meta name=\"robots\" content=\"index, follow, max-snippet:-1, max-image-preview:large, max-video-preview:-1\" \/>\n<link rel=\"canonical\" href=\"https:\/\/www.bazarbonino.com\/store\/prodotto\/pxp41650-spugna-butterfly-eco\/\" \/>\n<meta property=\"og:locale\" content=\"it_IT\" \/>\n<meta property=\"og:type\" content=\"article\" \/>\n<meta property=\"og:title\" content=\"PXP41650 - Spugna Butterfly Eco - BazarBonino\" \/>\n<meta property=\"og:description\" content=\"Spugna Butterfly Eco \u00e8 una spugna viola a forma di petalo di fiore che pu\u00f2 essere riutilizzata. Con questa spugna \u00e8 molto facile realizzare una farfalla o..\" \/>\n<meta property=\"og:url\" content=\"https:\/\/www.bazarbonino.com\/store\/prodotto\/pxp41650-spugna-butterfly-eco\/\" \/>\n<meta property=\"og:site_name\" content=\"BazarBonino\" \/>\n<meta property=\"article:publisher\" content=\"https:\/\/www.facebook.com\/bazar.bonino\" \/>\n<meta property=\"article:modified_time\" content=\"2024-10-08T17:28:53+00:00\" \/>\n<meta property=\"og:image\" content=\"https:\/\/www.bazarbonino.com\/store\/wp-content\/uploads\/2022\/10\/PXP41650-Spugna-Butterfly-Eco.jpg\" \/>\n\t<meta property=\"og:image:width\" content=\"650\" \/>\n\t<meta property=\"og:image:height\" content=\"433\" \/>\n\t<meta property=\"og:image:type\" content=\"image\/jpeg\" \/>\n<meta name=\"twitter:card\" content=\"summary_large_image\" \/>\n<script type=\"application\/ld+json\" class=\"yoast-schema-graph\">{\"@context\":\"https:\\\/\\\/schema.org\",\"@graph\":[{\"@type\":\"WebPage\",\"@id\":\"https:\\\/\\\/www.bazarbonino.com\\\/store\\\/prodotto\\\/pxp41650-spugna-butterfly-eco\\\/\",\"url\":\"https:\\\/\\\/www.bazarbonino.com\\\/store\\\/prodotto\\\/pxp41650-spugna-butterfly-eco\\\/\",\"name\":\"PXP41650 - Spugna Butterfly Eco - BazarBonino\",\"isPartOf\":{\"@id\":\"https:\\\/\\\/www.bazarbonino.com\\\/store\\\/#website\"},\"primaryImageOfPage\":{\"@id\":\"https:\\\/\\\/www.bazarbonino.com\\\/store\\\/prodotto\\\/pxp41650-spugna-butterfly-eco\\\/#primaryimage\"},\"image\":{\"@id\":\"https:\\\/\\\/www.bazarbonino.com\\\/store\\\/prodotto\\\/pxp41650-spugna-butterfly-eco\\\/#primaryimage\"},\"thumbnailUrl\":\"https:\\\/\\\/www.bazarbonino.com\\\/store\\\/wp-content\\\/uploads\\\/2022\\\/10\\\/PXP41650-Spugna-Butterfly-Eco.jpg\",\"datePublished\":\"2022-10-25T21:43:43+00:00\",\"dateModified\":\"2024-10-08T17:28:53+00:00\",\"description\":\"Spugna Butterfly Eco \u00e8 una spugna viola a forma di petalo di fiore che pu\u00f2 essere riutilizzata. Con questa spugna \u00e8 molto facile realizzare una farfalla o..\",\"breadcrumb\":{\"@id\":\"https:\\\/\\\/www.bazarbonino.com\\\/store\\\/prodotto\\\/pxp41650-spugna-butterfly-eco\\\/#breadcrumb\"},\"inLanguage\":\"it-IT\",\"potentialAction\":[{\"@type\":\"ReadAction\",\"target\":[\"https:\\\/\\\/www.bazarbonino.com\\\/store\\\/prodotto\\\/pxp41650-spugna-butterfly-eco\\\/\"]}]},{\"@type\":\"ImageObject\",\"inLanguage\":\"it-IT\",\"@id\":\"https:\\\/\\\/www.bazarbonino.com\\\/store\\\/prodotto\\\/pxp41650-spugna-butterfly-eco\\\/#primaryimage\",\"url\":\"https:\\\/\\\/www.bazarbonino.com\\\/store\\\/wp-content\\\/uploads\\\/2022\\\/10\\\/PXP41650-Spugna-Butterfly-Eco.jpg\",\"contentUrl\":\"https:\\\/\\\/www.bazarbonino.com\\\/store\\\/wp-content\\\/uploads\\\/2022\\\/10\\\/PXP41650-Spugna-Butterfly-Eco.jpg\",\"width\":650,\"height\":433,\"caption\":\"PXP41650 - Spugna Butterfly Eco\"},{\"@type\":\"BreadcrumbList\",\"@id\":\"https:\\\/\\\/www.bazarbonino.com\\\/store\\\/prodotto\\\/pxp41650-spugna-butterfly-eco\\\/#breadcrumb\",\"itemListElement\":[{\"@type\":\"ListItem\",\"position\":1,\"name\":\"Home\",\"item\":\"https:\\\/\\\/www.bazarbonino.com\\\/store\\\/\"},{\"@type\":\"ListItem\",\"position\":2,\"name\":\"Catalogo\",\"item\":\"https:\\\/\\\/www.bazarbonino.com\\\/store\\\/shop\\\/\"},{\"@type\":\"ListItem\",\"position\":3,\"name\":\"PXP41650 &#8211; Spugna Butterfly Eco\"}]},{\"@type\":\"WebSite\",\"@id\":\"https:\\\/\\\/www.bazarbonino.com\\\/store\\\/#website\",\"url\":\"https:\\\/\\\/www.bazarbonino.com\\\/store\\\/\",\"name\":\"BazarBonino\",\"description\":\"\",\"potentialAction\":[{\"@type\":\"SearchAction\",\"target\":{\"@type\":\"EntryPoint\",\"urlTemplate\":\"https:\\\/\\\/www.bazarbonino.com\\\/store\\\/?s={search_term_string}\"},\"query-input\":{\"@type\":\"PropertyValueSpecification\",\"valueRequired\":true,\"valueName\":\"search_term_string\"}}],\"inLanguage\":\"it-IT\"}]}<\/script>\n<!-- \/ Yoast SEO plugin. -->","yoast_head_json":{"title":"PXP41650 - Spugna Butterfly Eco - BazarBonino","description":"Spugna Butterfly Eco \u00e8 una spugna viola a forma di petalo di fiore che pu\u00f2 essere riutilizzata. Con questa spugna \u00e8 molto facile realizzare una farfalla o..","robots":{"index":"index","follow":"follow","max-snippet":"max-snippet:-1","max-image-preview":"max-image-preview:large","max-video-preview":"max-video-preview:-1"},"canonical":"https:\/\/www.bazarbonino.com\/store\/prodotto\/pxp41650-spugna-butterfly-eco\/","og_locale":"it_IT","og_type":"article","og_title":"PXP41650 - Spugna Butterfly Eco - BazarBonino","og_description":"Spugna Butterfly Eco \u00e8 una spugna viola a forma di petalo di fiore che pu\u00f2 essere riutilizzata. Con questa spugna \u00e8 molto facile realizzare una farfalla o..","og_url":"https:\/\/www.bazarbonino.com\/store\/prodotto\/pxp41650-spugna-butterfly-eco\/","og_site_name":"BazarBonino","article_publisher":"https:\/\/www.facebook.com\/bazar.bonino","article_modified_time":"2024-10-08T17:28:53+00:00","og_image":[{"width":650,"height":433,"url":"https:\/\/www.bazarbonino.com\/store\/wp-content\/uploads\/2022\/10\/PXP41650-Spugna-Butterfly-Eco.jpg","type":"image\/jpeg"}],"twitter_card":"summary_large_image","schema":{"@context":"https:\/\/schema.org","@graph":[{"@type":"WebPage","@id":"https:\/\/www.bazarbonino.com\/store\/prodotto\/pxp41650-spugna-butterfly-eco\/","url":"https:\/\/www.bazarbonino.com\/store\/prodotto\/pxp41650-spugna-butterfly-eco\/","name":"PXP41650 - Spugna Butterfly Eco - BazarBonino","isPartOf":{"@id":"https:\/\/www.bazarbonino.com\/store\/#website"},"primaryImageOfPage":{"@id":"https:\/\/www.bazarbonino.com\/store\/prodotto\/pxp41650-spugna-butterfly-eco\/#primaryimage"},"image":{"@id":"https:\/\/www.bazarbonino.com\/store\/prodotto\/pxp41650-spugna-butterfly-eco\/#primaryimage"},"thumbnailUrl":"https:\/\/www.bazarbonino.com\/store\/wp-content\/uploads\/2022\/10\/PXP41650-Spugna-Butterfly-Eco.jpg","datePublished":"2022-10-25T21:43:43+00:00","dateModified":"2024-10-08T17:28:53+00:00","description":"Spugna Butterfly Eco \u00e8 una spugna viola a forma di petalo di fiore che pu\u00f2 essere riutilizzata. Con questa spugna \u00e8 molto facile realizzare una farfalla o..","breadcrumb":{"@id":"https:\/\/www.bazarbonino.com\/store\/prodotto\/pxp41650-spugna-butterfly-eco\/#breadcrumb"},"inLanguage":"it-IT","potentialAction":[{"@type":"ReadAction","target":["https:\/\/www.bazarbonino.com\/store\/prodotto\/pxp41650-spugna-butterfly-eco\/"]}]},{"@type":"ImageObject","inLanguage":"it-IT","@id":"https:\/\/www.bazarbonino.com\/store\/prodotto\/pxp41650-spugna-butterfly-eco\/#primaryimage","url":"https:\/\/www.bazarbonino.com\/store\/wp-content\/uploads\/2022\/10\/PXP41650-Spugna-Butterfly-Eco.jpg","contentUrl":"https:\/\/www.bazarbonino.com\/store\/wp-content\/uploads\/2022\/10\/PXP41650-Spugna-Butterfly-Eco.jpg","width":650,"height":433,"caption":"PXP41650 - Spugna Butterfly Eco"},{"@type":"BreadcrumbList","@id":"https:\/\/www.bazarbonino.com\/store\/prodotto\/pxp41650-spugna-butterfly-eco\/#breadcrumb","itemListElement":[{"@type":"ListItem","position":1,"name":"Home","item":"https:\/\/www.bazarbonino.com\/store\/"},{"@type":"ListItem","position":2,"name":"Catalogo","item":"https:\/\/www.bazarbonino.com\/store\/shop\/"},{"@type":"ListItem","position":3,"name":"PXP41650 &#8211; Spugna Butterfly Eco"}]},{"@type":"WebSite","@id":"https:\/\/www.bazarbonino.com\/store\/#website","url":"https:\/\/www.bazarbonino.com\/store\/","name":"BazarBonino","description":"","potentialAction":[{"@type":"SearchAction","target":{"@type":"EntryPoint","urlTemplate":"https:\/\/www.bazarbonino.com\/store\/?s={search_term_string}"},"query-input":{"@type":"PropertyValueSpecification","valueRequired":true,"valueName":"search_term_string"}}],"inLanguage":"it-IT"}]}},"_links":{"self":[{"href":"https:\/\/www.bazarbonino.com\/store\/wp-json\/wp\/v2\/product\/20317","targetHints":{"allow":["GET"]}}],"collection":[{"href":"https:\/\/www.bazarbonino.com\/store\/wp-json\/wp\/v2\/product"}],"about":[{"href":"https:\/\/www.bazarbonino.com\/store\/wp-json\/wp\/v2\/types\/product"}],"replies":[{"embeddable":true,"href":"https:\/\/www.bazarbonino.com\/store\/wp-json\/wp\/v2\/comments?post=20317"}],"wp:featuredmedia":[{"embeddable":true,"href":"https:\/\/www.bazarbonino.com\/store\/wp-json\/wp\/v2\/media\/20318"}],"wp:attachment":[{"href":"https:\/\/www.bazarbonino.com\/store\/wp-json\/wp\/v2\/media?parent=20317"}],"wp:term":[{"taxonomy":"product_brand","embeddable":true,"href":"https:\/\/www.bazarbonino.com\/store\/wp-json\/wp\/v2\/product_brand?post=20317"},{"taxonomy":"product_cat","embeddable":true,"href":"https:\/\/www.bazarbonino.com\/store\/wp-json\/wp\/v2\/product_cat?post=20317"},{"taxonomy":"product_tag","embeddable":true,"href":"https:\/\/www.bazarbonino.com\/store\/wp-json\/wp\/v2\/product_tag?post=20317"}],"curies":[{"name":"wp","href":"https:\/\/api.w.org\/{rel}","templated":true}]}}