{"id":20304,"date":"2022-10-21T12:52:37","date_gmt":"2022-10-21T10:52:37","guid":{"rendered":"https:\/\/www.bazarbonino.com\/store\/?post_type=product&#038;p=20304"},"modified":"2023-09-15T18:22:11","modified_gmt":"2023-09-15T16:22:11","slug":"pxp43401-scar-wax","status":"publish","type":"product","link":"https:\/\/www.bazarbonino.com\/store\/prodotto\/pxp43401-scar-wax\/","title":{"rendered":"PXP43401 &#8211; Scar Wax"},"content":{"rendered":"<h5><span class=\"HwtZe\" lang=\"it\"><span class=\"jCAhz\"><span class=\"ryNqvb\">Scar Wax \u00e8 una Cera Microcristallina in confezione da 20 gr. Questa cera SFX \u00e8 compatta e lavorabile che pu\u00f2 essere facilmente modellata per creare vari effetti sulla pelle e modificare l&#8217;aspetto dei lineamenti del viso. Usa una spatola per togliere la cera dal barattolo e poi posizionala sulla pelle. Usa le dita per modellare e sfumare la cera sulla pelle. Durante la rimozione, staccare il pi\u00f9 possibile e quindi lavare con acqua e sapone.<\/span><\/span><\/span><\/h5>\n<h5 class=\"product-name\"><\/h5>\n","protected":false},"excerpt":{"rendered":"<p>SUBITO DISPONIBILE<\/p>\n","protected":false},"featured_media":20307,"comment_status":"closed","ping_status":"closed","template":"","meta":{"_et_pb_use_builder":"","_et_pb_old_content":"","_et_gb_content_width":""},"product_brand":[],"product_cat":[73],"product_tag":[617,616],"class_list":{"0":"post-20304","1":"product","2":"type-product","3":"status-publish","4":"has-post-thumbnail","6":"product_cat-plastici","7":"product_tag-effetti-speciali-2","8":"product_tag-lattice-liquido","10":"first","11":"instock","12":"taxable","13":"shipping-taxable","14":"purchasable","15":"product-type-simple"},"yoast_head":"<!-- This site is optimized with the Yoast SEO plugin v27.4 - https:\/\/yoast.com\/product\/yoast-seo-wordpress\/ -->\n<title>PXP43401 - Scar Wax - BazarBonino<\/title>\n<meta name=\"description\" content=\"Scar Wax \u00e8 una Cera Microcristallina in confezione da 20 gr. Questa cera SFX \u00e8 compatta e lavorabile che pu\u00f2 essere facilmente modellata per creare effetti...\" \/>\n<meta name=\"robots\" content=\"index, follow, max-snippet:-1, max-image-preview:large, max-video-preview:-1\" \/>\n<link rel=\"canonical\" href=\"https:\/\/www.bazarbonino.com\/store\/prodotto\/pxp43401-scar-wax\/\" \/>\n<meta property=\"og:locale\" content=\"it_IT\" \/>\n<meta property=\"og:type\" content=\"article\" \/>\n<meta property=\"og:title\" content=\"PXP43401 - Scar Wax - BazarBonino\" \/>\n<meta property=\"og:description\" content=\"Scar Wax \u00e8 una Cera Microcristallina in confezione da 20 gr. Questa cera SFX \u00e8 compatta e lavorabile che pu\u00f2 essere facilmente modellata per creare effetti...\" \/>\n<meta property=\"og:url\" content=\"https:\/\/www.bazarbonino.com\/store\/prodotto\/pxp43401-scar-wax\/\" \/>\n<meta property=\"og:site_name\" content=\"BazarBonino\" \/>\n<meta property=\"article:publisher\" content=\"https:\/\/www.facebook.com\/bazar.bonino\" \/>\n<meta property=\"article:modified_time\" content=\"2023-09-15T16:22:11+00:00\" \/>\n<meta property=\"og:image\" content=\"https:\/\/www.bazarbonino.com\/store\/wp-content\/uploads\/2022\/10\/PXP43401-Scar-Wax.jpg\" \/>\n\t<meta property=\"og:image:width\" content=\"650\" \/>\n\t<meta property=\"og:image:height\" content=\"976\" \/>\n\t<meta property=\"og:image:type\" content=\"image\/jpeg\" \/>\n<meta name=\"twitter:card\" content=\"summary_large_image\" \/>\n<script type=\"application\/ld+json\" class=\"yoast-schema-graph\">{\"@context\":\"https:\\\/\\\/schema.org\",\"@graph\":[{\"@type\":\"WebPage\",\"@id\":\"https:\\\/\\\/www.bazarbonino.com\\\/store\\\/prodotto\\\/pxp43401-scar-wax\\\/\",\"url\":\"https:\\\/\\\/www.bazarbonino.com\\\/store\\\/prodotto\\\/pxp43401-scar-wax\\\/\",\"name\":\"PXP43401 - Scar Wax - BazarBonino\",\"isPartOf\":{\"@id\":\"https:\\\/\\\/www.bazarbonino.com\\\/store\\\/#website\"},\"primaryImageOfPage\":{\"@id\":\"https:\\\/\\\/www.bazarbonino.com\\\/store\\\/prodotto\\\/pxp43401-scar-wax\\\/#primaryimage\"},\"image\":{\"@id\":\"https:\\\/\\\/www.bazarbonino.com\\\/store\\\/prodotto\\\/pxp43401-scar-wax\\\/#primaryimage\"},\"thumbnailUrl\":\"https:\\\/\\\/www.bazarbonino.com\\\/store\\\/wp-content\\\/uploads\\\/2022\\\/10\\\/PXP43401-Scar-Wax.jpg\",\"datePublished\":\"2022-10-21T10:52:37+00:00\",\"dateModified\":\"2023-09-15T16:22:11+00:00\",\"description\":\"Scar Wax \u00e8 una Cera Microcristallina in confezione da 20 gr. Questa cera SFX \u00e8 compatta e lavorabile che pu\u00f2 essere facilmente modellata per creare effetti...\",\"breadcrumb\":{\"@id\":\"https:\\\/\\\/www.bazarbonino.com\\\/store\\\/prodotto\\\/pxp43401-scar-wax\\\/#breadcrumb\"},\"inLanguage\":\"it-IT\",\"potentialAction\":[{\"@type\":\"ReadAction\",\"target\":[\"https:\\\/\\\/www.bazarbonino.com\\\/store\\\/prodotto\\\/pxp43401-scar-wax\\\/\"]}]},{\"@type\":\"ImageObject\",\"inLanguage\":\"it-IT\",\"@id\":\"https:\\\/\\\/www.bazarbonino.com\\\/store\\\/prodotto\\\/pxp43401-scar-wax\\\/#primaryimage\",\"url\":\"https:\\\/\\\/www.bazarbonino.com\\\/store\\\/wp-content\\\/uploads\\\/2022\\\/10\\\/PXP43401-Scar-Wax.jpg\",\"contentUrl\":\"https:\\\/\\\/www.bazarbonino.com\\\/store\\\/wp-content\\\/uploads\\\/2022\\\/10\\\/PXP43401-Scar-Wax.jpg\",\"width\":650,\"height\":976,\"caption\":\"PXP43401 - Scar Wax\"},{\"@type\":\"BreadcrumbList\",\"@id\":\"https:\\\/\\\/www.bazarbonino.com\\\/store\\\/prodotto\\\/pxp43401-scar-wax\\\/#breadcrumb\",\"itemListElement\":[{\"@type\":\"ListItem\",\"position\":1,\"name\":\"Home\",\"item\":\"https:\\\/\\\/www.bazarbonino.com\\\/store\\\/\"},{\"@type\":\"ListItem\",\"position\":2,\"name\":\"Catalogo\",\"item\":\"https:\\\/\\\/www.bazarbonino.com\\\/store\\\/shop\\\/\"},{\"@type\":\"ListItem\",\"position\":3,\"name\":\"PXP43401 &#8211; Scar Wax\"}]},{\"@type\":\"WebSite\",\"@id\":\"https:\\\/\\\/www.bazarbonino.com\\\/store\\\/#website\",\"url\":\"https:\\\/\\\/www.bazarbonino.com\\\/store\\\/\",\"name\":\"BazarBonino\",\"description\":\"\",\"potentialAction\":[{\"@type\":\"SearchAction\",\"target\":{\"@type\":\"EntryPoint\",\"urlTemplate\":\"https:\\\/\\\/www.bazarbonino.com\\\/store\\\/?s={search_term_string}\"},\"query-input\":{\"@type\":\"PropertyValueSpecification\",\"valueRequired\":true,\"valueName\":\"search_term_string\"}}],\"inLanguage\":\"it-IT\"}]}<\/script>\n<!-- \/ Yoast SEO plugin. -->","yoast_head_json":{"title":"PXP43401 - Scar Wax - BazarBonino","description":"Scar Wax \u00e8 una Cera Microcristallina in confezione da 20 gr. Questa cera SFX \u00e8 compatta e lavorabile che pu\u00f2 essere facilmente modellata per creare effetti...","robots":{"index":"index","follow":"follow","max-snippet":"max-snippet:-1","max-image-preview":"max-image-preview:large","max-video-preview":"max-video-preview:-1"},"canonical":"https:\/\/www.bazarbonino.com\/store\/prodotto\/pxp43401-scar-wax\/","og_locale":"it_IT","og_type":"article","og_title":"PXP43401 - Scar Wax - BazarBonino","og_description":"Scar Wax \u00e8 una Cera Microcristallina in confezione da 20 gr. Questa cera SFX \u00e8 compatta e lavorabile che pu\u00f2 essere facilmente modellata per creare effetti...","og_url":"https:\/\/www.bazarbonino.com\/store\/prodotto\/pxp43401-scar-wax\/","og_site_name":"BazarBonino","article_publisher":"https:\/\/www.facebook.com\/bazar.bonino","article_modified_time":"2023-09-15T16:22:11+00:00","og_image":[{"width":650,"height":976,"url":"https:\/\/www.bazarbonino.com\/store\/wp-content\/uploads\/2022\/10\/PXP43401-Scar-Wax.jpg","type":"image\/jpeg"}],"twitter_card":"summary_large_image","schema":{"@context":"https:\/\/schema.org","@graph":[{"@type":"WebPage","@id":"https:\/\/www.bazarbonino.com\/store\/prodotto\/pxp43401-scar-wax\/","url":"https:\/\/www.bazarbonino.com\/store\/prodotto\/pxp43401-scar-wax\/","name":"PXP43401 - Scar Wax - BazarBonino","isPartOf":{"@id":"https:\/\/www.bazarbonino.com\/store\/#website"},"primaryImageOfPage":{"@id":"https:\/\/www.bazarbonino.com\/store\/prodotto\/pxp43401-scar-wax\/#primaryimage"},"image":{"@id":"https:\/\/www.bazarbonino.com\/store\/prodotto\/pxp43401-scar-wax\/#primaryimage"},"thumbnailUrl":"https:\/\/www.bazarbonino.com\/store\/wp-content\/uploads\/2022\/10\/PXP43401-Scar-Wax.jpg","datePublished":"2022-10-21T10:52:37+00:00","dateModified":"2023-09-15T16:22:11+00:00","description":"Scar Wax \u00e8 una Cera Microcristallina in confezione da 20 gr. Questa cera SFX \u00e8 compatta e lavorabile che pu\u00f2 essere facilmente modellata per creare effetti...","breadcrumb":{"@id":"https:\/\/www.bazarbonino.com\/store\/prodotto\/pxp43401-scar-wax\/#breadcrumb"},"inLanguage":"it-IT","potentialAction":[{"@type":"ReadAction","target":["https:\/\/www.bazarbonino.com\/store\/prodotto\/pxp43401-scar-wax\/"]}]},{"@type":"ImageObject","inLanguage":"it-IT","@id":"https:\/\/www.bazarbonino.com\/store\/prodotto\/pxp43401-scar-wax\/#primaryimage","url":"https:\/\/www.bazarbonino.com\/store\/wp-content\/uploads\/2022\/10\/PXP43401-Scar-Wax.jpg","contentUrl":"https:\/\/www.bazarbonino.com\/store\/wp-content\/uploads\/2022\/10\/PXP43401-Scar-Wax.jpg","width":650,"height":976,"caption":"PXP43401 - Scar Wax"},{"@type":"BreadcrumbList","@id":"https:\/\/www.bazarbonino.com\/store\/prodotto\/pxp43401-scar-wax\/#breadcrumb","itemListElement":[{"@type":"ListItem","position":1,"name":"Home","item":"https:\/\/www.bazarbonino.com\/store\/"},{"@type":"ListItem","position":2,"name":"Catalogo","item":"https:\/\/www.bazarbonino.com\/store\/shop\/"},{"@type":"ListItem","position":3,"name":"PXP43401 &#8211; Scar Wax"}]},{"@type":"WebSite","@id":"https:\/\/www.bazarbonino.com\/store\/#website","url":"https:\/\/www.bazarbonino.com\/store\/","name":"BazarBonino","description":"","potentialAction":[{"@type":"SearchAction","target":{"@type":"EntryPoint","urlTemplate":"https:\/\/www.bazarbonino.com\/store\/?s={search_term_string}"},"query-input":{"@type":"PropertyValueSpecification","valueRequired":true,"valueName":"search_term_string"}}],"inLanguage":"it-IT"}]}},"_links":{"self":[{"href":"https:\/\/www.bazarbonino.com\/store\/wp-json\/wp\/v2\/product\/20304","targetHints":{"allow":["GET"]}}],"collection":[{"href":"https:\/\/www.bazarbonino.com\/store\/wp-json\/wp\/v2\/product"}],"about":[{"href":"https:\/\/www.bazarbonino.com\/store\/wp-json\/wp\/v2\/types\/product"}],"replies":[{"embeddable":true,"href":"https:\/\/www.bazarbonino.com\/store\/wp-json\/wp\/v2\/comments?post=20304"}],"wp:featuredmedia":[{"embeddable":true,"href":"https:\/\/www.bazarbonino.com\/store\/wp-json\/wp\/v2\/media\/20307"}],"wp:attachment":[{"href":"https:\/\/www.bazarbonino.com\/store\/wp-json\/wp\/v2\/media?parent=20304"}],"wp:term":[{"taxonomy":"product_brand","embeddable":true,"href":"https:\/\/www.bazarbonino.com\/store\/wp-json\/wp\/v2\/product_brand?post=20304"},{"taxonomy":"product_cat","embeddable":true,"href":"https:\/\/www.bazarbonino.com\/store\/wp-json\/wp\/v2\/product_cat?post=20304"},{"taxonomy":"product_tag","embeddable":true,"href":"https:\/\/www.bazarbonino.com\/store\/wp-json\/wp\/v2\/product_tag?post=20304"}],"curies":[{"name":"wp","href":"https:\/\/api.w.org\/{rel}","templated":true}]}}