{"id":20076,"date":"2022-09-23T21:58:43","date_gmt":"2022-09-23T19:58:43","guid":{"rendered":"https:\/\/www.bazarbonino.com\/store\/?post_type=product&#038;p=20076"},"modified":"2024-05-15T09:10:55","modified_gmt":"2024-05-15T07:10:55","slug":"jg4440-coppia-poi-luminosi-70mm","status":"publish","type":"product","link":"https:\/\/www.bazarbonino.com\/store\/prodotto\/jg4440-coppia-poi-luminosi-70mm\/","title":{"rendered":"JG4440 &#8211; Coppia Poi Luminosi 70mm"},"content":{"rendered":"<p>La Coppia Poi Luminosi 70mm \u00e8 l&#8217;ultima versione prodotta dalla Play con la scocca delle palline pi\u00f9 morbida, con ottimo grip e resistenza agli urti pi\u00f9 violenti! La corda di nylon \u00e8 la stessa utilizzata nelle contact poi. Le maniglie che possono essere utilizzate in svariati modi sono provviste di snivel con cuscinetti a sfera. Le palline del diametro di 70 mm e peso di 100 gr. diffondono la luce dei led in modo uniforme. I led di ciascuna pallina sono attivati da 3 batterie incluse (modello LR42 o AG12) aventi una durata di 5, facilmente sostituibili e reperibili ad un basso costo. Per accendere e spegnere il led basta avvitare o svitare il tappino. I led sono disponibili in svariate colorazioni.<\/p>\n","protected":false},"excerpt":{"rendered":"<p>La Coppia Poi Luminosi 70mm \u00e8 l&#8217;ultima versione prodotta dalla Play con la scocca delle palline pi\u00f9 morbida, con ottimo grip e resistenza agli urti pi\u00f9 violenti! La corda di nylon \u00e8 la stessa utilizzata nelle contact poi. Le maniglie che possono essere utilizzate in svariati modi sono provviste di snivel con cuscinetti a sfera. [&hellip;]<\/p>\n","protected":false},"featured_media":20085,"comment_status":"closed","ping_status":"closed","template":"","meta":{"_et_pb_use_builder":"","_et_pb_old_content":"","_et_gb_content_width":""},"product_brand":[],"product_cat":[53],"product_tag":[],"class_list":{"0":"post-20076","1":"product","2":"type-product","3":"status-publish","4":"has-post-thumbnail","6":"product_cat-catene-poi-luminosi","7":"pa_colore-bianco","8":"pa_colore-blu","9":"pa_colore-fucsia","10":"pa_colore-giallo","11":"pa_colore-multicolore","12":"pa_colore-rosso","13":"pa_colore-verde","15":"first","16":"instock","17":"taxable","18":"shipping-taxable","19":"purchasable","20":"product-type-variable"},"yoast_head":"<!-- This site is optimized with the Yoast SEO plugin v27.4 - https:\/\/yoast.com\/product\/yoast-seo-wordpress\/ -->\n<title>JG4440 - Coppia Poi Luminosi 70mm - BazarBonino<\/title>\n<meta name=\"description\" content=\"La Coppia Poi Luminosi 70mm \u00e8 l&#039;ultima versione prodotta dalla Play con la scocca delle palline pi\u00f9 morbida, con ottimo grip e resistenza agli urti pi\u00f9 violenti!\" \/>\n<meta name=\"robots\" content=\"index, follow, max-snippet:-1, max-image-preview:large, max-video-preview:-1\" \/>\n<link rel=\"canonical\" href=\"https:\/\/www.bazarbonino.com\/store\/prodotto\/jg4440-coppia-poi-luminosi-70mm\/\" \/>\n<meta property=\"og:locale\" content=\"it_IT\" \/>\n<meta property=\"og:type\" content=\"article\" \/>\n<meta property=\"og:title\" content=\"JG4440 - Coppia Poi Luminosi 70mm - BazarBonino\" \/>\n<meta property=\"og:description\" content=\"La Coppia Poi Luminosi 70mm \u00e8 l&#039;ultima versione prodotta dalla Play con la scocca delle palline pi\u00f9 morbida, con ottimo grip e resistenza agli urti pi\u00f9 violenti!\" \/>\n<meta property=\"og:url\" content=\"https:\/\/www.bazarbonino.com\/store\/prodotto\/jg4440-coppia-poi-luminosi-70mm\/\" \/>\n<meta property=\"og:site_name\" content=\"BazarBonino\" \/>\n<meta property=\"article:publisher\" content=\"https:\/\/www.facebook.com\/bazar.bonino\" \/>\n<meta property=\"article:modified_time\" content=\"2024-05-15T07:10:55+00:00\" \/>\n<meta property=\"og:image\" content=\"https:\/\/www.bazarbonino.com\/store\/wp-content\/uploads\/2022\/09\/JG4440-Coppia-Poi-Luminosi-70mm.jpg\" \/>\n\t<meta property=\"og:image:width\" content=\"960\" \/>\n\t<meta property=\"og:image:height\" content=\"960\" \/>\n\t<meta property=\"og:image:type\" content=\"image\/jpeg\" \/>\n<meta name=\"twitter:card\" content=\"summary_large_image\" \/>\n<meta name=\"twitter:label1\" content=\"Tempo di lettura stimato\" \/>\n\t<meta name=\"twitter:data1\" content=\"1 minuto\" \/>\n<script type=\"application\/ld+json\" class=\"yoast-schema-graph\">{\"@context\":\"https:\\\/\\\/schema.org\",\"@graph\":[{\"@type\":\"WebPage\",\"@id\":\"https:\\\/\\\/www.bazarbonino.com\\\/store\\\/prodotto\\\/jg4440-coppia-poi-luminosi-70mm\\\/\",\"url\":\"https:\\\/\\\/www.bazarbonino.com\\\/store\\\/prodotto\\\/jg4440-coppia-poi-luminosi-70mm\\\/\",\"name\":\"JG4440 - Coppia Poi Luminosi 70mm - BazarBonino\",\"isPartOf\":{\"@id\":\"https:\\\/\\\/www.bazarbonino.com\\\/store\\\/#website\"},\"primaryImageOfPage\":{\"@id\":\"https:\\\/\\\/www.bazarbonino.com\\\/store\\\/prodotto\\\/jg4440-coppia-poi-luminosi-70mm\\\/#primaryimage\"},\"image\":{\"@id\":\"https:\\\/\\\/www.bazarbonino.com\\\/store\\\/prodotto\\\/jg4440-coppia-poi-luminosi-70mm\\\/#primaryimage\"},\"thumbnailUrl\":\"https:\\\/\\\/www.bazarbonino.com\\\/store\\\/wp-content\\\/uploads\\\/2022\\\/09\\\/JG4440-Coppia-Poi-Luminosi-70mm.jpg\",\"datePublished\":\"2022-09-23T19:58:43+00:00\",\"dateModified\":\"2024-05-15T07:10:55+00:00\",\"description\":\"La Coppia Poi Luminosi 70mm \u00e8 l'ultima versione prodotta dalla Play con la scocca delle palline pi\u00f9 morbida, con ottimo grip e resistenza agli urti pi\u00f9 violenti!\",\"breadcrumb\":{\"@id\":\"https:\\\/\\\/www.bazarbonino.com\\\/store\\\/prodotto\\\/jg4440-coppia-poi-luminosi-70mm\\\/#breadcrumb\"},\"inLanguage\":\"it-IT\",\"potentialAction\":[{\"@type\":\"ReadAction\",\"target\":[\"https:\\\/\\\/www.bazarbonino.com\\\/store\\\/prodotto\\\/jg4440-coppia-poi-luminosi-70mm\\\/\"]}]},{\"@type\":\"ImageObject\",\"inLanguage\":\"it-IT\",\"@id\":\"https:\\\/\\\/www.bazarbonino.com\\\/store\\\/prodotto\\\/jg4440-coppia-poi-luminosi-70mm\\\/#primaryimage\",\"url\":\"https:\\\/\\\/www.bazarbonino.com\\\/store\\\/wp-content\\\/uploads\\\/2022\\\/09\\\/JG4440-Coppia-Poi-Luminosi-70mm.jpg\",\"contentUrl\":\"https:\\\/\\\/www.bazarbonino.com\\\/store\\\/wp-content\\\/uploads\\\/2022\\\/09\\\/JG4440-Coppia-Poi-Luminosi-70mm.jpg\",\"width\":960,\"height\":960,\"caption\":\"JG4440 - Coppia Poi Luminosi 70mm\"},{\"@type\":\"BreadcrumbList\",\"@id\":\"https:\\\/\\\/www.bazarbonino.com\\\/store\\\/prodotto\\\/jg4440-coppia-poi-luminosi-70mm\\\/#breadcrumb\",\"itemListElement\":[{\"@type\":\"ListItem\",\"position\":1,\"name\":\"Home\",\"item\":\"https:\\\/\\\/www.bazarbonino.com\\\/store\\\/\"},{\"@type\":\"ListItem\",\"position\":2,\"name\":\"Catalogo\",\"item\":\"https:\\\/\\\/www.bazarbonino.com\\\/store\\\/shop\\\/\"},{\"@type\":\"ListItem\",\"position\":3,\"name\":\"JG4440 &#8211; Coppia Poi Luminosi 70mm\"}]},{\"@type\":\"WebSite\",\"@id\":\"https:\\\/\\\/www.bazarbonino.com\\\/store\\\/#website\",\"url\":\"https:\\\/\\\/www.bazarbonino.com\\\/store\\\/\",\"name\":\"BazarBonino\",\"description\":\"\",\"potentialAction\":[{\"@type\":\"SearchAction\",\"target\":{\"@type\":\"EntryPoint\",\"urlTemplate\":\"https:\\\/\\\/www.bazarbonino.com\\\/store\\\/?s={search_term_string}\"},\"query-input\":{\"@type\":\"PropertyValueSpecification\",\"valueRequired\":true,\"valueName\":\"search_term_string\"}}],\"inLanguage\":\"it-IT\"}]}<\/script>\n<!-- \/ Yoast SEO plugin. -->","yoast_head_json":{"title":"JG4440 - Coppia Poi Luminosi 70mm - BazarBonino","description":"La Coppia Poi Luminosi 70mm \u00e8 l'ultima versione prodotta dalla Play con la scocca delle palline pi\u00f9 morbida, con ottimo grip e resistenza agli urti pi\u00f9 violenti!","robots":{"index":"index","follow":"follow","max-snippet":"max-snippet:-1","max-image-preview":"max-image-preview:large","max-video-preview":"max-video-preview:-1"},"canonical":"https:\/\/www.bazarbonino.com\/store\/prodotto\/jg4440-coppia-poi-luminosi-70mm\/","og_locale":"it_IT","og_type":"article","og_title":"JG4440 - Coppia Poi Luminosi 70mm - BazarBonino","og_description":"La Coppia Poi Luminosi 70mm \u00e8 l'ultima versione prodotta dalla Play con la scocca delle palline pi\u00f9 morbida, con ottimo grip e resistenza agli urti pi\u00f9 violenti!","og_url":"https:\/\/www.bazarbonino.com\/store\/prodotto\/jg4440-coppia-poi-luminosi-70mm\/","og_site_name":"BazarBonino","article_publisher":"https:\/\/www.facebook.com\/bazar.bonino","article_modified_time":"2024-05-15T07:10:55+00:00","og_image":[{"width":960,"height":960,"url":"https:\/\/www.bazarbonino.com\/store\/wp-content\/uploads\/2022\/09\/JG4440-Coppia-Poi-Luminosi-70mm.jpg","type":"image\/jpeg"}],"twitter_card":"summary_large_image","twitter_misc":{"Tempo di lettura stimato":"1 minuto"},"schema":{"@context":"https:\/\/schema.org","@graph":[{"@type":"WebPage","@id":"https:\/\/www.bazarbonino.com\/store\/prodotto\/jg4440-coppia-poi-luminosi-70mm\/","url":"https:\/\/www.bazarbonino.com\/store\/prodotto\/jg4440-coppia-poi-luminosi-70mm\/","name":"JG4440 - Coppia Poi Luminosi 70mm - BazarBonino","isPartOf":{"@id":"https:\/\/www.bazarbonino.com\/store\/#website"},"primaryImageOfPage":{"@id":"https:\/\/www.bazarbonino.com\/store\/prodotto\/jg4440-coppia-poi-luminosi-70mm\/#primaryimage"},"image":{"@id":"https:\/\/www.bazarbonino.com\/store\/prodotto\/jg4440-coppia-poi-luminosi-70mm\/#primaryimage"},"thumbnailUrl":"https:\/\/www.bazarbonino.com\/store\/wp-content\/uploads\/2022\/09\/JG4440-Coppia-Poi-Luminosi-70mm.jpg","datePublished":"2022-09-23T19:58:43+00:00","dateModified":"2024-05-15T07:10:55+00:00","description":"La Coppia Poi Luminosi 70mm \u00e8 l'ultima versione prodotta dalla Play con la scocca delle palline pi\u00f9 morbida, con ottimo grip e resistenza agli urti pi\u00f9 violenti!","breadcrumb":{"@id":"https:\/\/www.bazarbonino.com\/store\/prodotto\/jg4440-coppia-poi-luminosi-70mm\/#breadcrumb"},"inLanguage":"it-IT","potentialAction":[{"@type":"ReadAction","target":["https:\/\/www.bazarbonino.com\/store\/prodotto\/jg4440-coppia-poi-luminosi-70mm\/"]}]},{"@type":"ImageObject","inLanguage":"it-IT","@id":"https:\/\/www.bazarbonino.com\/store\/prodotto\/jg4440-coppia-poi-luminosi-70mm\/#primaryimage","url":"https:\/\/www.bazarbonino.com\/store\/wp-content\/uploads\/2022\/09\/JG4440-Coppia-Poi-Luminosi-70mm.jpg","contentUrl":"https:\/\/www.bazarbonino.com\/store\/wp-content\/uploads\/2022\/09\/JG4440-Coppia-Poi-Luminosi-70mm.jpg","width":960,"height":960,"caption":"JG4440 - Coppia Poi Luminosi 70mm"},{"@type":"BreadcrumbList","@id":"https:\/\/www.bazarbonino.com\/store\/prodotto\/jg4440-coppia-poi-luminosi-70mm\/#breadcrumb","itemListElement":[{"@type":"ListItem","position":1,"name":"Home","item":"https:\/\/www.bazarbonino.com\/store\/"},{"@type":"ListItem","position":2,"name":"Catalogo","item":"https:\/\/www.bazarbonino.com\/store\/shop\/"},{"@type":"ListItem","position":3,"name":"JG4440 &#8211; Coppia Poi Luminosi 70mm"}]},{"@type":"WebSite","@id":"https:\/\/www.bazarbonino.com\/store\/#website","url":"https:\/\/www.bazarbonino.com\/store\/","name":"BazarBonino","description":"","potentialAction":[{"@type":"SearchAction","target":{"@type":"EntryPoint","urlTemplate":"https:\/\/www.bazarbonino.com\/store\/?s={search_term_string}"},"query-input":{"@type":"PropertyValueSpecification","valueRequired":true,"valueName":"search_term_string"}}],"inLanguage":"it-IT"}]}},"_links":{"self":[{"href":"https:\/\/www.bazarbonino.com\/store\/wp-json\/wp\/v2\/product\/20076","targetHints":{"allow":["GET"]}}],"collection":[{"href":"https:\/\/www.bazarbonino.com\/store\/wp-json\/wp\/v2\/product"}],"about":[{"href":"https:\/\/www.bazarbonino.com\/store\/wp-json\/wp\/v2\/types\/product"}],"replies":[{"embeddable":true,"href":"https:\/\/www.bazarbonino.com\/store\/wp-json\/wp\/v2\/comments?post=20076"}],"wp:featuredmedia":[{"embeddable":true,"href":"https:\/\/www.bazarbonino.com\/store\/wp-json\/wp\/v2\/media\/20085"}],"wp:attachment":[{"href":"https:\/\/www.bazarbonino.com\/store\/wp-json\/wp\/v2\/media?parent=20076"}],"wp:term":[{"taxonomy":"product_brand","embeddable":true,"href":"https:\/\/www.bazarbonino.com\/store\/wp-json\/wp\/v2\/product_brand?post=20076"},{"taxonomy":"product_cat","embeddable":true,"href":"https:\/\/www.bazarbonino.com\/store\/wp-json\/wp\/v2\/product_cat?post=20076"},{"taxonomy":"product_tag","embeddable":true,"href":"https:\/\/www.bazarbonino.com\/store\/wp-json\/wp\/v2\/product_tag?post=20076"}],"curies":[{"name":"wp","href":"https:\/\/api.w.org\/{rel}","templated":true}]}}