{"id":19784,"date":"2022-07-29T10:44:16","date_gmt":"2022-07-29T08:44:16","guid":{"rendered":"https:\/\/www.bazarbonino.com\/store\/?post_type=product&#038;p=19784"},"modified":"2025-07-11T11:02:45","modified_gmt":"2025-07-11T09:02:45","slug":"jg3907-leviathan-fire-levistick","status":"publish","type":"product","link":"https:\/\/www.bazarbonino.com\/store\/prodotto\/jg3907-leviathan-fire-levistick\/","title":{"rendered":"JG3907 &#8211; Leviathan Fire LeviStick"},"content":{"rendered":"<h6>LEVISTICK INFIAMMABILE<\/h6>\n<p>Leviathan Fire LeviStick di produzione Italiana, \u00e8 lungo 70 cm. Tubo in alluminio diam. 10 mm con estremit\u00e0 in kevlar alto 50 mm e peso 140 gr. oppure 100 mm. peso 180 gr. Non si usano le bacchette: come per magia leviter\u00e0 attorno al corpo e stupirete il vostro pubblico con evoluzioni impossibili\u2026il trucco c&#8217;\u00e8 ma non si vede, serve solo un po\u2019 di pratica per rendere il tutto magico!<\/p>\n","protected":false},"excerpt":{"rendered":"<p>LEVISTICK INFIAMMABILE Leviathan Fire LeviStick di produzione Italiana, \u00e8 lungo 70 cm. Tubo in alluminio diam. 10 mm con estremit\u00e0 in kevlar alto 50 mm e peso 140 gr. oppure 100 mm. peso 180 gr. Non si usano le bacchette: come per magia leviter\u00e0 attorno al corpo e stupirete il vostro pubblico con evoluzioni impossibili\u2026il [&hellip;]<\/p>\n","protected":false},"featured_media":19785,"comment_status":"closed","ping_status":"closed","template":"","meta":{"_et_pb_use_builder":"","_et_pb_old_content":"","_et_gb_content_width":""},"product_brand":[],"product_cat":[48],"product_tag":[1768,317],"class_list":{"0":"post-19784","1":"product","2":"type-product","3":"status-publish","4":"has-post-thumbnail","6":"product_cat-attrezzi-infuocati-vari-danza-costumi","7":"product_tag-gora-fire-levi-stick","8":"product_tag-negozio-on-line-articoli-gora-di-fuoco","9":"pa_modello-100-mm","10":"pa_modello-50-mm","12":"first","13":"instock","14":"taxable","15":"shipping-taxable","16":"purchasable","17":"product-type-variable"},"yoast_head":"<!-- This site is optimized with the Yoast SEO plugin v27.4 - https:\/\/yoast.com\/product\/yoast-seo-wordpress\/ -->\n<title>JG3907 - Leviathan Fire LeviStick - BazarBonino<\/title>\n<meta name=\"description\" content=\"Leviathan Fire LeviStick \u00e8 lungo 70 cm, peso 140 gr - Tubo in alluminio diam. 10 mm con estremit\u00e0 in kevlar alto 50 mm oppure 100 mm.\" \/>\n<meta name=\"robots\" content=\"index, follow, max-snippet:-1, max-image-preview:large, max-video-preview:-1\" \/>\n<link rel=\"canonical\" href=\"https:\/\/www.bazarbonino.com\/store\/prodotto\/jg3907-leviathan-fire-levistick\/\" \/>\n<meta property=\"og:locale\" content=\"it_IT\" \/>\n<meta property=\"og:type\" content=\"article\" \/>\n<meta property=\"og:title\" content=\"JG3907 - Leviathan Fire LeviStick - BazarBonino\" \/>\n<meta property=\"og:description\" content=\"Leviathan Fire LeviStick \u00e8 lungo 70 cm, peso 140 gr - Tubo in alluminio diam. 10 mm con estremit\u00e0 in kevlar alto 50 mm oppure 100 mm.\" \/>\n<meta property=\"og:url\" content=\"https:\/\/www.bazarbonino.com\/store\/prodotto\/jg3907-leviathan-fire-levistick\/\" \/>\n<meta property=\"og:site_name\" content=\"BazarBonino\" \/>\n<meta property=\"article:publisher\" content=\"https:\/\/www.facebook.com\/bazar.bonino\" \/>\n<meta property=\"article:modified_time\" content=\"2025-07-11T09:02:45+00:00\" \/>\n<meta property=\"og:image\" content=\"https:\/\/www.bazarbonino.com\/store\/wp-content\/uploads\/2022\/07\/JG3907-Leviathan-Fire-LeviStick.jpg\" \/>\n\t<meta property=\"og:image:width\" content=\"960\" \/>\n\t<meta property=\"og:image:height\" content=\"960\" \/>\n\t<meta property=\"og:image:type\" content=\"image\/jpeg\" \/>\n<meta name=\"twitter:card\" content=\"summary_large_image\" \/>\n<script type=\"application\/ld+json\" class=\"yoast-schema-graph\">{\"@context\":\"https:\\\/\\\/schema.org\",\"@graph\":[{\"@type\":\"WebPage\",\"@id\":\"https:\\\/\\\/www.bazarbonino.com\\\/store\\\/prodotto\\\/jg3907-leviathan-fire-levistick\\\/\",\"url\":\"https:\\\/\\\/www.bazarbonino.com\\\/store\\\/prodotto\\\/jg3907-leviathan-fire-levistick\\\/\",\"name\":\"JG3907 - Leviathan Fire LeviStick - BazarBonino\",\"isPartOf\":{\"@id\":\"https:\\\/\\\/www.bazarbonino.com\\\/store\\\/#website\"},\"primaryImageOfPage\":{\"@id\":\"https:\\\/\\\/www.bazarbonino.com\\\/store\\\/prodotto\\\/jg3907-leviathan-fire-levistick\\\/#primaryimage\"},\"image\":{\"@id\":\"https:\\\/\\\/www.bazarbonino.com\\\/store\\\/prodotto\\\/jg3907-leviathan-fire-levistick\\\/#primaryimage\"},\"thumbnailUrl\":\"https:\\\/\\\/www.bazarbonino.com\\\/store\\\/wp-content\\\/uploads\\\/2022\\\/07\\\/JG3907-Leviathan-Fire-LeviStick.jpg\",\"datePublished\":\"2022-07-29T08:44:16+00:00\",\"dateModified\":\"2025-07-11T09:02:45+00:00\",\"description\":\"Leviathan Fire LeviStick \u00e8 lungo 70 cm, peso 140 gr - Tubo in alluminio diam. 10 mm con estremit\u00e0 in kevlar alto 50 mm oppure 100 mm.\",\"breadcrumb\":{\"@id\":\"https:\\\/\\\/www.bazarbonino.com\\\/store\\\/prodotto\\\/jg3907-leviathan-fire-levistick\\\/#breadcrumb\"},\"inLanguage\":\"it-IT\",\"potentialAction\":[{\"@type\":\"ReadAction\",\"target\":[\"https:\\\/\\\/www.bazarbonino.com\\\/store\\\/prodotto\\\/jg3907-leviathan-fire-levistick\\\/\"]}]},{\"@type\":\"ImageObject\",\"inLanguage\":\"it-IT\",\"@id\":\"https:\\\/\\\/www.bazarbonino.com\\\/store\\\/prodotto\\\/jg3907-leviathan-fire-levistick\\\/#primaryimage\",\"url\":\"https:\\\/\\\/www.bazarbonino.com\\\/store\\\/wp-content\\\/uploads\\\/2022\\\/07\\\/JG3907-Leviathan-Fire-LeviStick.jpg\",\"contentUrl\":\"https:\\\/\\\/www.bazarbonino.com\\\/store\\\/wp-content\\\/uploads\\\/2022\\\/07\\\/JG3907-Leviathan-Fire-LeviStick.jpg\",\"width\":960,\"height\":960,\"caption\":\"JG3907 - Leviathan Fire LeviStick\"},{\"@type\":\"BreadcrumbList\",\"@id\":\"https:\\\/\\\/www.bazarbonino.com\\\/store\\\/prodotto\\\/jg3907-leviathan-fire-levistick\\\/#breadcrumb\",\"itemListElement\":[{\"@type\":\"ListItem\",\"position\":1,\"name\":\"Home\",\"item\":\"https:\\\/\\\/www.bazarbonino.com\\\/store\\\/\"},{\"@type\":\"ListItem\",\"position\":2,\"name\":\"Catalogo\",\"item\":\"https:\\\/\\\/www.bazarbonino.com\\\/store\\\/shop\\\/\"},{\"@type\":\"ListItem\",\"position\":3,\"name\":\"JG3907 &#8211; Leviathan Fire LeviStick\"}]},{\"@type\":\"WebSite\",\"@id\":\"https:\\\/\\\/www.bazarbonino.com\\\/store\\\/#website\",\"url\":\"https:\\\/\\\/www.bazarbonino.com\\\/store\\\/\",\"name\":\"BazarBonino\",\"description\":\"\",\"potentialAction\":[{\"@type\":\"SearchAction\",\"target\":{\"@type\":\"EntryPoint\",\"urlTemplate\":\"https:\\\/\\\/www.bazarbonino.com\\\/store\\\/?s={search_term_string}\"},\"query-input\":{\"@type\":\"PropertyValueSpecification\",\"valueRequired\":true,\"valueName\":\"search_term_string\"}}],\"inLanguage\":\"it-IT\"}]}<\/script>\n<!-- \/ Yoast SEO plugin. -->","yoast_head_json":{"title":"JG3907 - Leviathan Fire LeviStick - BazarBonino","description":"Leviathan Fire LeviStick \u00e8 lungo 70 cm, peso 140 gr - Tubo in alluminio diam. 10 mm con estremit\u00e0 in kevlar alto 50 mm oppure 100 mm.","robots":{"index":"index","follow":"follow","max-snippet":"max-snippet:-1","max-image-preview":"max-image-preview:large","max-video-preview":"max-video-preview:-1"},"canonical":"https:\/\/www.bazarbonino.com\/store\/prodotto\/jg3907-leviathan-fire-levistick\/","og_locale":"it_IT","og_type":"article","og_title":"JG3907 - Leviathan Fire LeviStick - BazarBonino","og_description":"Leviathan Fire LeviStick \u00e8 lungo 70 cm, peso 140 gr - Tubo in alluminio diam. 10 mm con estremit\u00e0 in kevlar alto 50 mm oppure 100 mm.","og_url":"https:\/\/www.bazarbonino.com\/store\/prodotto\/jg3907-leviathan-fire-levistick\/","og_site_name":"BazarBonino","article_publisher":"https:\/\/www.facebook.com\/bazar.bonino","article_modified_time":"2025-07-11T09:02:45+00:00","og_image":[{"width":960,"height":960,"url":"https:\/\/www.bazarbonino.com\/store\/wp-content\/uploads\/2022\/07\/JG3907-Leviathan-Fire-LeviStick.jpg","type":"image\/jpeg"}],"twitter_card":"summary_large_image","schema":{"@context":"https:\/\/schema.org","@graph":[{"@type":"WebPage","@id":"https:\/\/www.bazarbonino.com\/store\/prodotto\/jg3907-leviathan-fire-levistick\/","url":"https:\/\/www.bazarbonino.com\/store\/prodotto\/jg3907-leviathan-fire-levistick\/","name":"JG3907 - Leviathan Fire LeviStick - BazarBonino","isPartOf":{"@id":"https:\/\/www.bazarbonino.com\/store\/#website"},"primaryImageOfPage":{"@id":"https:\/\/www.bazarbonino.com\/store\/prodotto\/jg3907-leviathan-fire-levistick\/#primaryimage"},"image":{"@id":"https:\/\/www.bazarbonino.com\/store\/prodotto\/jg3907-leviathan-fire-levistick\/#primaryimage"},"thumbnailUrl":"https:\/\/www.bazarbonino.com\/store\/wp-content\/uploads\/2022\/07\/JG3907-Leviathan-Fire-LeviStick.jpg","datePublished":"2022-07-29T08:44:16+00:00","dateModified":"2025-07-11T09:02:45+00:00","description":"Leviathan Fire LeviStick \u00e8 lungo 70 cm, peso 140 gr - Tubo in alluminio diam. 10 mm con estremit\u00e0 in kevlar alto 50 mm oppure 100 mm.","breadcrumb":{"@id":"https:\/\/www.bazarbonino.com\/store\/prodotto\/jg3907-leviathan-fire-levistick\/#breadcrumb"},"inLanguage":"it-IT","potentialAction":[{"@type":"ReadAction","target":["https:\/\/www.bazarbonino.com\/store\/prodotto\/jg3907-leviathan-fire-levistick\/"]}]},{"@type":"ImageObject","inLanguage":"it-IT","@id":"https:\/\/www.bazarbonino.com\/store\/prodotto\/jg3907-leviathan-fire-levistick\/#primaryimage","url":"https:\/\/www.bazarbonino.com\/store\/wp-content\/uploads\/2022\/07\/JG3907-Leviathan-Fire-LeviStick.jpg","contentUrl":"https:\/\/www.bazarbonino.com\/store\/wp-content\/uploads\/2022\/07\/JG3907-Leviathan-Fire-LeviStick.jpg","width":960,"height":960,"caption":"JG3907 - Leviathan Fire LeviStick"},{"@type":"BreadcrumbList","@id":"https:\/\/www.bazarbonino.com\/store\/prodotto\/jg3907-leviathan-fire-levistick\/#breadcrumb","itemListElement":[{"@type":"ListItem","position":1,"name":"Home","item":"https:\/\/www.bazarbonino.com\/store\/"},{"@type":"ListItem","position":2,"name":"Catalogo","item":"https:\/\/www.bazarbonino.com\/store\/shop\/"},{"@type":"ListItem","position":3,"name":"JG3907 &#8211; Leviathan Fire LeviStick"}]},{"@type":"WebSite","@id":"https:\/\/www.bazarbonino.com\/store\/#website","url":"https:\/\/www.bazarbonino.com\/store\/","name":"BazarBonino","description":"","potentialAction":[{"@type":"SearchAction","target":{"@type":"EntryPoint","urlTemplate":"https:\/\/www.bazarbonino.com\/store\/?s={search_term_string}"},"query-input":{"@type":"PropertyValueSpecification","valueRequired":true,"valueName":"search_term_string"}}],"inLanguage":"it-IT"}]}},"_links":{"self":[{"href":"https:\/\/www.bazarbonino.com\/store\/wp-json\/wp\/v2\/product\/19784","targetHints":{"allow":["GET"]}}],"collection":[{"href":"https:\/\/www.bazarbonino.com\/store\/wp-json\/wp\/v2\/product"}],"about":[{"href":"https:\/\/www.bazarbonino.com\/store\/wp-json\/wp\/v2\/types\/product"}],"replies":[{"embeddable":true,"href":"https:\/\/www.bazarbonino.com\/store\/wp-json\/wp\/v2\/comments?post=19784"}],"wp:featuredmedia":[{"embeddable":true,"href":"https:\/\/www.bazarbonino.com\/store\/wp-json\/wp\/v2\/media\/19785"}],"wp:attachment":[{"href":"https:\/\/www.bazarbonino.com\/store\/wp-json\/wp\/v2\/media?parent=19784"}],"wp:term":[{"taxonomy":"product_brand","embeddable":true,"href":"https:\/\/www.bazarbonino.com\/store\/wp-json\/wp\/v2\/product_brand?post=19784"},{"taxonomy":"product_cat","embeddable":true,"href":"https:\/\/www.bazarbonino.com\/store\/wp-json\/wp\/v2\/product_cat?post=19784"},{"taxonomy":"product_tag","embeddable":true,"href":"https:\/\/www.bazarbonino.com\/store\/wp-json\/wp\/v2\/product_tag?post=19784"}],"curies":[{"name":"wp","href":"https:\/\/api.w.org\/{rel}","templated":true}]}}