{"id":18917,"date":"2021-03-03T18:28:53","date_gmt":"2021-03-03T17:28:53","guid":{"rendered":"https:\/\/www.bazarbonino.com\/store\/?post_type=product&#038;p=18917"},"modified":"2025-11-26T11:09:20","modified_gmt":"2025-11-26T10:09:20","slug":"jg3855-titanium-powder","status":"publish","type":"product","link":"https:\/\/www.bazarbonino.com\/store\/prodotto\/jg3855-titanium-powder\/","title":{"rendered":"JG3855 &#8211; Titanium Powder"},"content":{"rendered":"<p>Titanium Powder &#8211; Polvere di Titanio 100 gr. <span class=\"VIiyi\" lang=\"it\"><span class=\"JLqJ4b\" data-language-for-alternatives=\"it\" data-language-to-translate-into=\"en\" data-phrase-index=\"0\">\u00c8 un modo sicuro per aggiungere un effetto speciale al tuo spettacolo di fuoco, ci\u00f2 che non \u00e8 dannoso per la tua salute. La polvere di titanio ha un effetto visivo pi\u00f9 forte della polvere di ferro. Come usarlo? Per prima cosa devi immergere l&#8217;attrezzo in olio per lampade o paraffina. Prendi un po &#8216;di polvere a mano e versalo sull&#8217;attrezzo come per salare il cibo. Usa un contenitore pulito e asciutto per raccogliere il resto della polvere che non si \u00e8 attaccata sulla superficie del kevlar. Dai fuoco all&#8217;attrezzatura e le scintille voleranno intorno a te mentre balli. Se aumenti la velocit\u00e0 otterrai un effetto extra forte. Evita di far entrare la polvere nei tuoi occhi. Mantenete la polvere asciutta. Non mettere l&#8217;attrezzo immerso nella polvere perch\u00e9 il resto dell&#8217;olio si attaccher\u00e0 alla polvere.<\/span><\/span><\/p>\n","protected":false},"excerpt":{"rendered":"<p>SUBITO DISPONIBILE<\/p>\n","protected":false},"featured_media":18918,"comment_status":"closed","ping_status":"closed","template":"","meta":{"_et_pb_use_builder":"","_et_pb_old_content":"","_et_gb_content_width":""},"product_brand":[],"product_cat":[47],"product_tag":[309,312,313,311,314,2454],"class_list":{"0":"post-18917","1":"product","2":"type-product","3":"status-publish","4":"has-post-thumbnail","6":"product_cat-acqua-di-fuoco-licopodio","7":"product_tag-acqua-di-fuoco-2","8":"product_tag-articoli-per-mangiafuoco","9":"product_tag-attrezzi-e-liquidi-per-spettacoli-di-fuoco","10":"product_tag-lycopodio","11":"product_tag-negozio-on-line-bazarbonino-torino","12":"product_tag-polvere-di-titanio","14":"first","15":"instock","16":"sale","17":"taxable","18":"shipping-taxable","19":"purchasable","20":"product-type-simple"},"yoast_head":"<!-- This site is optimized with the Yoast SEO plugin v27.4 - https:\/\/yoast.com\/product\/yoast-seo-wordpress\/ -->\n<title>JG3855 - Titanium Powder - BazarBonino<\/title>\n<meta name=\"description\" content=\"Titanium Powder - Polvere di Titanio 100 gr. \u00c8 un modo sicuro per aggiungere un effetto speciale al tuo spettacolo di fuoco, ci\u00f2 che non \u00e8 dannoso per la tua salute\" \/>\n<meta name=\"robots\" content=\"index, follow, max-snippet:-1, max-image-preview:large, max-video-preview:-1\" \/>\n<link rel=\"canonical\" href=\"https:\/\/www.bazarbonino.com\/store\/prodotto\/jg3855-titanium-powder\/\" \/>\n<meta property=\"og:locale\" content=\"it_IT\" \/>\n<meta property=\"og:type\" content=\"article\" \/>\n<meta property=\"og:title\" content=\"JG3855 - Titanium Powder - BazarBonino\" \/>\n<meta property=\"og:description\" content=\"Titanium Powder - Polvere di Titanio 100 gr. \u00c8 un modo sicuro per aggiungere un effetto speciale al tuo spettacolo di fuoco, ci\u00f2 che non \u00e8 dannoso per la tua salute\" \/>\n<meta property=\"og:url\" content=\"https:\/\/www.bazarbonino.com\/store\/prodotto\/jg3855-titanium-powder\/\" \/>\n<meta property=\"og:site_name\" content=\"BazarBonino\" \/>\n<meta property=\"article:publisher\" content=\"https:\/\/www.facebook.com\/bazar.bonino\" \/>\n<meta property=\"article:modified_time\" content=\"2025-11-26T10:09:20+00:00\" \/>\n<meta property=\"og:image\" content=\"https:\/\/www.bazarbonino.com\/store\/wp-content\/uploads\/2021\/03\/JG3855-Titanium-Powder.jpg\" \/>\n\t<meta property=\"og:image:width\" content=\"1000\" \/>\n\t<meta property=\"og:image:height\" content=\"500\" \/>\n\t<meta property=\"og:image:type\" content=\"image\/jpeg\" \/>\n<meta name=\"twitter:card\" content=\"summary_large_image\" \/>\n<meta name=\"twitter:label1\" content=\"Tempo di lettura stimato\" \/>\n\t<meta name=\"twitter:data1\" content=\"1 minuto\" \/>\n<script type=\"application\/ld+json\" class=\"yoast-schema-graph\">{\"@context\":\"https:\\\/\\\/schema.org\",\"@graph\":[{\"@type\":\"WebPage\",\"@id\":\"https:\\\/\\\/www.bazarbonino.com\\\/store\\\/prodotto\\\/jg3855-titanium-powder\\\/\",\"url\":\"https:\\\/\\\/www.bazarbonino.com\\\/store\\\/prodotto\\\/jg3855-titanium-powder\\\/\",\"name\":\"JG3855 - Titanium Powder - BazarBonino\",\"isPartOf\":{\"@id\":\"https:\\\/\\\/www.bazarbonino.com\\\/store\\\/#website\"},\"primaryImageOfPage\":{\"@id\":\"https:\\\/\\\/www.bazarbonino.com\\\/store\\\/prodotto\\\/jg3855-titanium-powder\\\/#primaryimage\"},\"image\":{\"@id\":\"https:\\\/\\\/www.bazarbonino.com\\\/store\\\/prodotto\\\/jg3855-titanium-powder\\\/#primaryimage\"},\"thumbnailUrl\":\"https:\\\/\\\/www.bazarbonino.com\\\/store\\\/wp-content\\\/uploads\\\/2021\\\/03\\\/JG3855-Titanium-Powder.jpg\",\"datePublished\":\"2021-03-03T17:28:53+00:00\",\"dateModified\":\"2025-11-26T10:09:20+00:00\",\"description\":\"Titanium Powder - Polvere di Titanio 100 gr. \u00c8 un modo sicuro per aggiungere un effetto speciale al tuo spettacolo di fuoco, ci\u00f2 che non \u00e8 dannoso per la tua salute\",\"breadcrumb\":{\"@id\":\"https:\\\/\\\/www.bazarbonino.com\\\/store\\\/prodotto\\\/jg3855-titanium-powder\\\/#breadcrumb\"},\"inLanguage\":\"it-IT\",\"potentialAction\":[{\"@type\":\"ReadAction\",\"target\":[\"https:\\\/\\\/www.bazarbonino.com\\\/store\\\/prodotto\\\/jg3855-titanium-powder\\\/\"]}]},{\"@type\":\"ImageObject\",\"inLanguage\":\"it-IT\",\"@id\":\"https:\\\/\\\/www.bazarbonino.com\\\/store\\\/prodotto\\\/jg3855-titanium-powder\\\/#primaryimage\",\"url\":\"https:\\\/\\\/www.bazarbonino.com\\\/store\\\/wp-content\\\/uploads\\\/2021\\\/03\\\/JG3855-Titanium-Powder.jpg\",\"contentUrl\":\"https:\\\/\\\/www.bazarbonino.com\\\/store\\\/wp-content\\\/uploads\\\/2021\\\/03\\\/JG3855-Titanium-Powder.jpg\",\"width\":1000,\"height\":500,\"caption\":\"JG3855 - Titanium Powder\"},{\"@type\":\"BreadcrumbList\",\"@id\":\"https:\\\/\\\/www.bazarbonino.com\\\/store\\\/prodotto\\\/jg3855-titanium-powder\\\/#breadcrumb\",\"itemListElement\":[{\"@type\":\"ListItem\",\"position\":1,\"name\":\"Home\",\"item\":\"https:\\\/\\\/www.bazarbonino.com\\\/store\\\/\"},{\"@type\":\"ListItem\",\"position\":2,\"name\":\"Catalogo\",\"item\":\"https:\\\/\\\/www.bazarbonino.com\\\/store\\\/shop\\\/\"},{\"@type\":\"ListItem\",\"position\":3,\"name\":\"JG3855 &#8211; Titanium Powder\"}]},{\"@type\":\"WebSite\",\"@id\":\"https:\\\/\\\/www.bazarbonino.com\\\/store\\\/#website\",\"url\":\"https:\\\/\\\/www.bazarbonino.com\\\/store\\\/\",\"name\":\"BazarBonino\",\"description\":\"\",\"potentialAction\":[{\"@type\":\"SearchAction\",\"target\":{\"@type\":\"EntryPoint\",\"urlTemplate\":\"https:\\\/\\\/www.bazarbonino.com\\\/store\\\/?s={search_term_string}\"},\"query-input\":{\"@type\":\"PropertyValueSpecification\",\"valueRequired\":true,\"valueName\":\"search_term_string\"}}],\"inLanguage\":\"it-IT\"}]}<\/script>\n<!-- \/ Yoast SEO plugin. -->","yoast_head_json":{"title":"JG3855 - Titanium Powder - BazarBonino","description":"Titanium Powder - Polvere di Titanio 100 gr. \u00c8 un modo sicuro per aggiungere un effetto speciale al tuo spettacolo di fuoco, ci\u00f2 che non \u00e8 dannoso per la tua salute","robots":{"index":"index","follow":"follow","max-snippet":"max-snippet:-1","max-image-preview":"max-image-preview:large","max-video-preview":"max-video-preview:-1"},"canonical":"https:\/\/www.bazarbonino.com\/store\/prodotto\/jg3855-titanium-powder\/","og_locale":"it_IT","og_type":"article","og_title":"JG3855 - Titanium Powder - BazarBonino","og_description":"Titanium Powder - Polvere di Titanio 100 gr. \u00c8 un modo sicuro per aggiungere un effetto speciale al tuo spettacolo di fuoco, ci\u00f2 che non \u00e8 dannoso per la tua salute","og_url":"https:\/\/www.bazarbonino.com\/store\/prodotto\/jg3855-titanium-powder\/","og_site_name":"BazarBonino","article_publisher":"https:\/\/www.facebook.com\/bazar.bonino","article_modified_time":"2025-11-26T10:09:20+00:00","og_image":[{"width":1000,"height":500,"url":"https:\/\/www.bazarbonino.com\/store\/wp-content\/uploads\/2021\/03\/JG3855-Titanium-Powder.jpg","type":"image\/jpeg"}],"twitter_card":"summary_large_image","twitter_misc":{"Tempo di lettura stimato":"1 minuto"},"schema":{"@context":"https:\/\/schema.org","@graph":[{"@type":"WebPage","@id":"https:\/\/www.bazarbonino.com\/store\/prodotto\/jg3855-titanium-powder\/","url":"https:\/\/www.bazarbonino.com\/store\/prodotto\/jg3855-titanium-powder\/","name":"JG3855 - Titanium Powder - BazarBonino","isPartOf":{"@id":"https:\/\/www.bazarbonino.com\/store\/#website"},"primaryImageOfPage":{"@id":"https:\/\/www.bazarbonino.com\/store\/prodotto\/jg3855-titanium-powder\/#primaryimage"},"image":{"@id":"https:\/\/www.bazarbonino.com\/store\/prodotto\/jg3855-titanium-powder\/#primaryimage"},"thumbnailUrl":"https:\/\/www.bazarbonino.com\/store\/wp-content\/uploads\/2021\/03\/JG3855-Titanium-Powder.jpg","datePublished":"2021-03-03T17:28:53+00:00","dateModified":"2025-11-26T10:09:20+00:00","description":"Titanium Powder - Polvere di Titanio 100 gr. \u00c8 un modo sicuro per aggiungere un effetto speciale al tuo spettacolo di fuoco, ci\u00f2 che non \u00e8 dannoso per la tua salute","breadcrumb":{"@id":"https:\/\/www.bazarbonino.com\/store\/prodotto\/jg3855-titanium-powder\/#breadcrumb"},"inLanguage":"it-IT","potentialAction":[{"@type":"ReadAction","target":["https:\/\/www.bazarbonino.com\/store\/prodotto\/jg3855-titanium-powder\/"]}]},{"@type":"ImageObject","inLanguage":"it-IT","@id":"https:\/\/www.bazarbonino.com\/store\/prodotto\/jg3855-titanium-powder\/#primaryimage","url":"https:\/\/www.bazarbonino.com\/store\/wp-content\/uploads\/2021\/03\/JG3855-Titanium-Powder.jpg","contentUrl":"https:\/\/www.bazarbonino.com\/store\/wp-content\/uploads\/2021\/03\/JG3855-Titanium-Powder.jpg","width":1000,"height":500,"caption":"JG3855 - Titanium Powder"},{"@type":"BreadcrumbList","@id":"https:\/\/www.bazarbonino.com\/store\/prodotto\/jg3855-titanium-powder\/#breadcrumb","itemListElement":[{"@type":"ListItem","position":1,"name":"Home","item":"https:\/\/www.bazarbonino.com\/store\/"},{"@type":"ListItem","position":2,"name":"Catalogo","item":"https:\/\/www.bazarbonino.com\/store\/shop\/"},{"@type":"ListItem","position":3,"name":"JG3855 &#8211; Titanium Powder"}]},{"@type":"WebSite","@id":"https:\/\/www.bazarbonino.com\/store\/#website","url":"https:\/\/www.bazarbonino.com\/store\/","name":"BazarBonino","description":"","potentialAction":[{"@type":"SearchAction","target":{"@type":"EntryPoint","urlTemplate":"https:\/\/www.bazarbonino.com\/store\/?s={search_term_string}"},"query-input":{"@type":"PropertyValueSpecification","valueRequired":true,"valueName":"search_term_string"}}],"inLanguage":"it-IT"}]}},"_links":{"self":[{"href":"https:\/\/www.bazarbonino.com\/store\/wp-json\/wp\/v2\/product\/18917","targetHints":{"allow":["GET"]}}],"collection":[{"href":"https:\/\/www.bazarbonino.com\/store\/wp-json\/wp\/v2\/product"}],"about":[{"href":"https:\/\/www.bazarbonino.com\/store\/wp-json\/wp\/v2\/types\/product"}],"replies":[{"embeddable":true,"href":"https:\/\/www.bazarbonino.com\/store\/wp-json\/wp\/v2\/comments?post=18917"}],"wp:featuredmedia":[{"embeddable":true,"href":"https:\/\/www.bazarbonino.com\/store\/wp-json\/wp\/v2\/media\/18918"}],"wp:attachment":[{"href":"https:\/\/www.bazarbonino.com\/store\/wp-json\/wp\/v2\/media?parent=18917"}],"wp:term":[{"taxonomy":"product_brand","embeddable":true,"href":"https:\/\/www.bazarbonino.com\/store\/wp-json\/wp\/v2\/product_brand?post=18917"},{"taxonomy":"product_cat","embeddable":true,"href":"https:\/\/www.bazarbonino.com\/store\/wp-json\/wp\/v2\/product_cat?post=18917"},{"taxonomy":"product_tag","embeddable":true,"href":"https:\/\/www.bazarbonino.com\/store\/wp-json\/wp\/v2\/product_tag?post=18917"}],"curies":[{"name":"wp","href":"https:\/\/api.w.org\/{rel}","templated":true}]}}