{"id":18915,"date":"2021-03-03T18:08:07","date_gmt":"2021-03-03T17:08:07","guid":{"rendered":"https:\/\/www.bazarbonino.com\/store\/?post_type=product&#038;p=18915"},"modified":"2025-11-26T12:56:59","modified_gmt":"2025-11-26T11:56:59","slug":"jg3850-iron-powder","status":"publish","type":"product","link":"https:\/\/www.bazarbonino.com\/store\/prodotto\/jg3850-iron-powder\/","title":{"rendered":"JG3850 &#8211; Iron Powder"},"content":{"rendered":"<p>Iron Powder &#8211; Polvere di ferro 100 gr. <span class=\"VIiyi\" lang=\"it\"><span class=\"JLqJ4b\" data-language-for-alternatives=\"it\" data-language-to-translate-into=\"en\" data-phrase-index=\"0\">\u00c8 un modo sicuro per aggiungere un effetto speciale al tuo spettacolo di fuoco, ci\u00f2 che non \u00e8 dannoso per la tua salute. Come usarlo? Per prima cosa devi immergere l&#8217;attrezzo in olio per lampade o paraffina. Prendi un po &#8216;di polvere a mano e versalo sull&#8217;attrezzo come per salare il cibo. Usa un contenitore pulito e asciutto per raccogliere il resto della polvere che non si \u00e8 attaccata sulla superficie del kevlar. Dai fuoco all&#8217;attrezzatura e le scintille voleranno intorno a te mentre balli. Se aumenti la velocit\u00e0 otterrai un effetto extra forte. Evita di far entrare la polvere nei tuoi occhi. Mantenete la polvere asciutta. Non mettere l&#8217;attrezzo immerso nella polvere perch\u00e9 il resto dell&#8217;olio si attaccher\u00e0 alla polvere.<\/span><\/span><\/p>\n","protected":false},"excerpt":{"rendered":"<p>SUBITO DISPONIBILE<\/p>\n","protected":false},"featured_media":18916,"comment_status":"closed","ping_status":"closed","template":"","meta":{"_et_pb_use_builder":"","_et_pb_old_content":"","_et_gb_content_width":""},"product_brand":[],"product_cat":[47],"product_tag":[309,312,313,311,314,2453],"class_list":{"0":"post-18915","1":"product","2":"type-product","3":"status-publish","4":"has-post-thumbnail","6":"product_cat-acqua-di-fuoco-licopodio","7":"product_tag-acqua-di-fuoco-2","8":"product_tag-articoli-per-mangiafuoco","9":"product_tag-attrezzi-e-liquidi-per-spettacoli-di-fuoco","10":"product_tag-lycopodio","11":"product_tag-negozio-on-line-bazarbonino-torino","12":"product_tag-polvere-di-ferro","14":"first","15":"instock","16":"sale","17":"taxable","18":"shipping-taxable","19":"purchasable","20":"product-type-simple"},"yoast_head":"<!-- This site is optimized with the Yoast SEO plugin v27.4 - https:\/\/yoast.com\/product\/yoast-seo-wordpress\/ -->\n<title>JG3850 - Iron Powder - BazarBonino<\/title>\n<meta name=\"description\" content=\"Iron Powder - Polvere di ferro 100 gr. \u00c8 un modo sicuro per aggiungere un effetto speciale al tuo spettacolo di fuoco, ci\u00f2 che non \u00e8 dannoso per la tua salute.\" \/>\n<meta name=\"robots\" content=\"index, follow, max-snippet:-1, max-image-preview:large, max-video-preview:-1\" \/>\n<link rel=\"canonical\" href=\"https:\/\/www.bazarbonino.com\/store\/prodotto\/jg3850-iron-powder\/\" \/>\n<meta property=\"og:locale\" content=\"it_IT\" \/>\n<meta property=\"og:type\" content=\"article\" \/>\n<meta property=\"og:title\" content=\"JG3850 - Iron Powder - BazarBonino\" \/>\n<meta property=\"og:description\" content=\"Iron Powder - Polvere di ferro 100 gr. \u00c8 un modo sicuro per aggiungere un effetto speciale al tuo spettacolo di fuoco, ci\u00f2 che non \u00e8 dannoso per la tua salute.\" \/>\n<meta property=\"og:url\" content=\"https:\/\/www.bazarbonino.com\/store\/prodotto\/jg3850-iron-powder\/\" \/>\n<meta property=\"og:site_name\" content=\"BazarBonino\" \/>\n<meta property=\"article:publisher\" content=\"https:\/\/www.facebook.com\/bazar.bonino\" \/>\n<meta property=\"article:modified_time\" content=\"2025-11-26T11:56:59+00:00\" \/>\n<meta property=\"og:image\" content=\"https:\/\/www.bazarbonino.com\/store\/wp-content\/uploads\/2021\/03\/JG3850-Iron-Powder.jpg\" \/>\n\t<meta property=\"og:image:width\" content=\"1000\" \/>\n\t<meta property=\"og:image:height\" content=\"500\" \/>\n\t<meta property=\"og:image:type\" content=\"image\/jpeg\" \/>\n<meta name=\"twitter:card\" content=\"summary_large_image\" \/>\n<meta name=\"twitter:label1\" content=\"Tempo di lettura stimato\" \/>\n\t<meta name=\"twitter:data1\" content=\"1 minuto\" \/>\n<script type=\"application\/ld+json\" class=\"yoast-schema-graph\">{\"@context\":\"https:\\\/\\\/schema.org\",\"@graph\":[{\"@type\":\"WebPage\",\"@id\":\"https:\\\/\\\/www.bazarbonino.com\\\/store\\\/prodotto\\\/jg3850-iron-powder\\\/\",\"url\":\"https:\\\/\\\/www.bazarbonino.com\\\/store\\\/prodotto\\\/jg3850-iron-powder\\\/\",\"name\":\"JG3850 - Iron Powder - BazarBonino\",\"isPartOf\":{\"@id\":\"https:\\\/\\\/www.bazarbonino.com\\\/store\\\/#website\"},\"primaryImageOfPage\":{\"@id\":\"https:\\\/\\\/www.bazarbonino.com\\\/store\\\/prodotto\\\/jg3850-iron-powder\\\/#primaryimage\"},\"image\":{\"@id\":\"https:\\\/\\\/www.bazarbonino.com\\\/store\\\/prodotto\\\/jg3850-iron-powder\\\/#primaryimage\"},\"thumbnailUrl\":\"https:\\\/\\\/www.bazarbonino.com\\\/store\\\/wp-content\\\/uploads\\\/2021\\\/03\\\/JG3850-Iron-Powder.jpg\",\"datePublished\":\"2021-03-03T17:08:07+00:00\",\"dateModified\":\"2025-11-26T11:56:59+00:00\",\"description\":\"Iron Powder - Polvere di ferro 100 gr. \u00c8 un modo sicuro per aggiungere un effetto speciale al tuo spettacolo di fuoco, ci\u00f2 che non \u00e8 dannoso per la tua salute.\",\"breadcrumb\":{\"@id\":\"https:\\\/\\\/www.bazarbonino.com\\\/store\\\/prodotto\\\/jg3850-iron-powder\\\/#breadcrumb\"},\"inLanguage\":\"it-IT\",\"potentialAction\":[{\"@type\":\"ReadAction\",\"target\":[\"https:\\\/\\\/www.bazarbonino.com\\\/store\\\/prodotto\\\/jg3850-iron-powder\\\/\"]}]},{\"@type\":\"ImageObject\",\"inLanguage\":\"it-IT\",\"@id\":\"https:\\\/\\\/www.bazarbonino.com\\\/store\\\/prodotto\\\/jg3850-iron-powder\\\/#primaryimage\",\"url\":\"https:\\\/\\\/www.bazarbonino.com\\\/store\\\/wp-content\\\/uploads\\\/2021\\\/03\\\/JG3850-Iron-Powder.jpg\",\"contentUrl\":\"https:\\\/\\\/www.bazarbonino.com\\\/store\\\/wp-content\\\/uploads\\\/2021\\\/03\\\/JG3850-Iron-Powder.jpg\",\"width\":1000,\"height\":500,\"caption\":\"JG3850 - Iron Powder\"},{\"@type\":\"BreadcrumbList\",\"@id\":\"https:\\\/\\\/www.bazarbonino.com\\\/store\\\/prodotto\\\/jg3850-iron-powder\\\/#breadcrumb\",\"itemListElement\":[{\"@type\":\"ListItem\",\"position\":1,\"name\":\"Home\",\"item\":\"https:\\\/\\\/www.bazarbonino.com\\\/store\\\/\"},{\"@type\":\"ListItem\",\"position\":2,\"name\":\"Catalogo\",\"item\":\"https:\\\/\\\/www.bazarbonino.com\\\/store\\\/shop\\\/\"},{\"@type\":\"ListItem\",\"position\":3,\"name\":\"JG3850 &#8211; Iron Powder\"}]},{\"@type\":\"WebSite\",\"@id\":\"https:\\\/\\\/www.bazarbonino.com\\\/store\\\/#website\",\"url\":\"https:\\\/\\\/www.bazarbonino.com\\\/store\\\/\",\"name\":\"BazarBonino\",\"description\":\"\",\"potentialAction\":[{\"@type\":\"SearchAction\",\"target\":{\"@type\":\"EntryPoint\",\"urlTemplate\":\"https:\\\/\\\/www.bazarbonino.com\\\/store\\\/?s={search_term_string}\"},\"query-input\":{\"@type\":\"PropertyValueSpecification\",\"valueRequired\":true,\"valueName\":\"search_term_string\"}}],\"inLanguage\":\"it-IT\"}]}<\/script>\n<!-- \/ Yoast SEO plugin. -->","yoast_head_json":{"title":"JG3850 - Iron Powder - BazarBonino","description":"Iron Powder - Polvere di ferro 100 gr. \u00c8 un modo sicuro per aggiungere un effetto speciale al tuo spettacolo di fuoco, ci\u00f2 che non \u00e8 dannoso per la tua salute.","robots":{"index":"index","follow":"follow","max-snippet":"max-snippet:-1","max-image-preview":"max-image-preview:large","max-video-preview":"max-video-preview:-1"},"canonical":"https:\/\/www.bazarbonino.com\/store\/prodotto\/jg3850-iron-powder\/","og_locale":"it_IT","og_type":"article","og_title":"JG3850 - Iron Powder - BazarBonino","og_description":"Iron Powder - Polvere di ferro 100 gr. \u00c8 un modo sicuro per aggiungere un effetto speciale al tuo spettacolo di fuoco, ci\u00f2 che non \u00e8 dannoso per la tua salute.","og_url":"https:\/\/www.bazarbonino.com\/store\/prodotto\/jg3850-iron-powder\/","og_site_name":"BazarBonino","article_publisher":"https:\/\/www.facebook.com\/bazar.bonino","article_modified_time":"2025-11-26T11:56:59+00:00","og_image":[{"width":1000,"height":500,"url":"https:\/\/www.bazarbonino.com\/store\/wp-content\/uploads\/2021\/03\/JG3850-Iron-Powder.jpg","type":"image\/jpeg"}],"twitter_card":"summary_large_image","twitter_misc":{"Tempo di lettura stimato":"1 minuto"},"schema":{"@context":"https:\/\/schema.org","@graph":[{"@type":"WebPage","@id":"https:\/\/www.bazarbonino.com\/store\/prodotto\/jg3850-iron-powder\/","url":"https:\/\/www.bazarbonino.com\/store\/prodotto\/jg3850-iron-powder\/","name":"JG3850 - Iron Powder - BazarBonino","isPartOf":{"@id":"https:\/\/www.bazarbonino.com\/store\/#website"},"primaryImageOfPage":{"@id":"https:\/\/www.bazarbonino.com\/store\/prodotto\/jg3850-iron-powder\/#primaryimage"},"image":{"@id":"https:\/\/www.bazarbonino.com\/store\/prodotto\/jg3850-iron-powder\/#primaryimage"},"thumbnailUrl":"https:\/\/www.bazarbonino.com\/store\/wp-content\/uploads\/2021\/03\/JG3850-Iron-Powder.jpg","datePublished":"2021-03-03T17:08:07+00:00","dateModified":"2025-11-26T11:56:59+00:00","description":"Iron Powder - Polvere di ferro 100 gr. \u00c8 un modo sicuro per aggiungere un effetto speciale al tuo spettacolo di fuoco, ci\u00f2 che non \u00e8 dannoso per la tua salute.","breadcrumb":{"@id":"https:\/\/www.bazarbonino.com\/store\/prodotto\/jg3850-iron-powder\/#breadcrumb"},"inLanguage":"it-IT","potentialAction":[{"@type":"ReadAction","target":["https:\/\/www.bazarbonino.com\/store\/prodotto\/jg3850-iron-powder\/"]}]},{"@type":"ImageObject","inLanguage":"it-IT","@id":"https:\/\/www.bazarbonino.com\/store\/prodotto\/jg3850-iron-powder\/#primaryimage","url":"https:\/\/www.bazarbonino.com\/store\/wp-content\/uploads\/2021\/03\/JG3850-Iron-Powder.jpg","contentUrl":"https:\/\/www.bazarbonino.com\/store\/wp-content\/uploads\/2021\/03\/JG3850-Iron-Powder.jpg","width":1000,"height":500,"caption":"JG3850 - Iron Powder"},{"@type":"BreadcrumbList","@id":"https:\/\/www.bazarbonino.com\/store\/prodotto\/jg3850-iron-powder\/#breadcrumb","itemListElement":[{"@type":"ListItem","position":1,"name":"Home","item":"https:\/\/www.bazarbonino.com\/store\/"},{"@type":"ListItem","position":2,"name":"Catalogo","item":"https:\/\/www.bazarbonino.com\/store\/shop\/"},{"@type":"ListItem","position":3,"name":"JG3850 &#8211; Iron Powder"}]},{"@type":"WebSite","@id":"https:\/\/www.bazarbonino.com\/store\/#website","url":"https:\/\/www.bazarbonino.com\/store\/","name":"BazarBonino","description":"","potentialAction":[{"@type":"SearchAction","target":{"@type":"EntryPoint","urlTemplate":"https:\/\/www.bazarbonino.com\/store\/?s={search_term_string}"},"query-input":{"@type":"PropertyValueSpecification","valueRequired":true,"valueName":"search_term_string"}}],"inLanguage":"it-IT"}]}},"_links":{"self":[{"href":"https:\/\/www.bazarbonino.com\/store\/wp-json\/wp\/v2\/product\/18915","targetHints":{"allow":["GET"]}}],"collection":[{"href":"https:\/\/www.bazarbonino.com\/store\/wp-json\/wp\/v2\/product"}],"about":[{"href":"https:\/\/www.bazarbonino.com\/store\/wp-json\/wp\/v2\/types\/product"}],"replies":[{"embeddable":true,"href":"https:\/\/www.bazarbonino.com\/store\/wp-json\/wp\/v2\/comments?post=18915"}],"wp:featuredmedia":[{"embeddable":true,"href":"https:\/\/www.bazarbonino.com\/store\/wp-json\/wp\/v2\/media\/18916"}],"wp:attachment":[{"href":"https:\/\/www.bazarbonino.com\/store\/wp-json\/wp\/v2\/media?parent=18915"}],"wp:term":[{"taxonomy":"product_brand","embeddable":true,"href":"https:\/\/www.bazarbonino.com\/store\/wp-json\/wp\/v2\/product_brand?post=18915"},{"taxonomy":"product_cat","embeddable":true,"href":"https:\/\/www.bazarbonino.com\/store\/wp-json\/wp\/v2\/product_cat?post=18915"},{"taxonomy":"product_tag","embeddable":true,"href":"https:\/\/www.bazarbonino.com\/store\/wp-json\/wp\/v2\/product_tag?post=18915"}],"curies":[{"name":"wp","href":"https:\/\/api.w.org\/{rel}","templated":true}]}}