{"id":18875,"date":"2021-03-02T22:29:12","date_gmt":"2021-03-02T21:29:12","guid":{"rendered":"https:\/\/www.bazarbonino.com\/store\/?post_type=product&#038;p=18875"},"modified":"2024-12-08T08:58:22","modified_gmt":"2024-12-08T07:58:22","slug":"jg3927-gora-fuoco-dalle-mani-fickle-fire","status":"publish","type":"product","link":"https:\/\/www.bazarbonino.com\/store\/prodotto\/jg3927-gora-fuoco-dalle-mani-fickle-fire\/","title":{"rendered":"JG3927 &#8211; GORA FUOCO DALLE MANI &#8220;fickle fire&#8221;"},"content":{"rendered":"<p>&nbsp;<\/p>\n<p>GORA FUOCO DALLE MANI &#8220;fickle fire&#8221;\u00a0 <span class=\"VIiyi\" lang=\"it\"><span class=\"JLqJ4b\" data-language-for-alternatives=\"it\" data-language-to-translate-into=\"en\" data-phrase-index=\"0\">\u00c8 essenzialmente un accendino zippo che pu\u00f2 nascondersi nel palmo della mano grazie alla sua forma. Di conseguenza, l&#8217;artista pu\u00f2 creare l&#8217;impressione che il fuoco sia apparso nel suo palmo dal nulla. Per usare Fickle Fire avrai bisogno del liquido per accendini zippo. Per ottenere un&#8217;illuminazione facile e veloce durante l&#8217;esecuzione, \u00e8 necessario riscaldare lo strumento prima di salire sul palco. Ti consigliamo di tenerlo tra il dito medio e l&#8217;anulare e di usare il pollice per creare la scintilla. La pietra focaia pu\u00f2 essere sostituita se necessario. Fickle Fire pu\u00f2 fungere da trucco di avvio per gli artisti dell&#8217;illusione del fuoco, poich\u00e9 l&#8217;artista pu\u00f2 quindi accendere diversi trucchi di fuoco o persino oggetti di scena di fuoco da Fickle Fire come fonte di fuoco. Il prezzo \u00e8 per la coppia.<\/span><\/span><\/p>\n","protected":false},"excerpt":{"rendered":"<p>ESAURITO IN RIORDINO<\/p>\n","protected":false},"featured_media":18876,"comment_status":"closed","ping_status":"closed","template":"","meta":{"_et_pb_use_builder":"","_et_pb_old_content":"","_et_gb_content_width":""},"product_brand":[],"product_cat":[48],"product_tag":[315,317,316],"class_list":{"0":"post-18875","1":"product","2":"type-product","3":"status-publish","4":"has-post-thumbnail","6":"product_cat-attrezzi-infuocati-vari-danza-costumi","7":"product_tag-attrezzi-infuocati-gora","8":"product_tag-negozio-on-line-articoli-gora-di-fuoco","9":"product_tag-rivenditore-ufficiale-per-litalia-bazar-bonino","11":"first","12":"outofstock","13":"sale","14":"taxable","15":"shipping-taxable","16":"purchasable","17":"product-type-simple"},"yoast_head":"<!-- This site is optimized with the Yoast SEO plugin v27.4 - https:\/\/yoast.com\/product\/yoast-seo-wordpress\/ -->\n<title>JG3927 - GORA FUOCO DALLE MANI &quot;fickle fire&quot; - BazarBonino<\/title>\n<meta name=\"description\" content=\"GORA FUOCO DALLE MANI &quot;fickle fire&quot;\u00a0 \u00c8 essenzialmente un accendino zippo che pu\u00f2 nascondersi nel palmo della mano grazie alla sua forma.\" \/>\n<meta name=\"robots\" content=\"index, follow, max-snippet:-1, max-image-preview:large, max-video-preview:-1\" \/>\n<link rel=\"canonical\" href=\"https:\/\/www.bazarbonino.com\/store\/prodotto\/jg3927-gora-fuoco-dalle-mani-fickle-fire\/\" \/>\n<meta property=\"og:locale\" content=\"it_IT\" \/>\n<meta property=\"og:type\" content=\"article\" \/>\n<meta property=\"og:title\" content=\"JG3927 - GORA FUOCO DALLE MANI &quot;fickle fire&quot; - BazarBonino\" \/>\n<meta property=\"og:description\" content=\"GORA FUOCO DALLE MANI &quot;fickle fire&quot;\u00a0 \u00c8 essenzialmente un accendino zippo che pu\u00f2 nascondersi nel palmo della mano grazie alla sua forma.\" \/>\n<meta property=\"og:url\" content=\"https:\/\/www.bazarbonino.com\/store\/prodotto\/jg3927-gora-fuoco-dalle-mani-fickle-fire\/\" \/>\n<meta property=\"og:site_name\" content=\"BazarBonino\" \/>\n<meta property=\"article:publisher\" content=\"https:\/\/www.facebook.com\/bazar.bonino\" \/>\n<meta property=\"article:modified_time\" content=\"2024-12-08T07:58:22+00:00\" \/>\n<meta property=\"og:image\" content=\"https:\/\/www.bazarbonino.com\/store\/wp-content\/uploads\/2021\/03\/JG3927-GORA-FUOCO-DALLE-MANI-fickle-fire.jpg\" \/>\n\t<meta property=\"og:image:width\" content=\"1000\" \/>\n\t<meta property=\"og:image:height\" content=\"500\" \/>\n\t<meta property=\"og:image:type\" content=\"image\/jpeg\" \/>\n<meta name=\"twitter:card\" content=\"summary_large_image\" \/>\n<meta name=\"twitter:label1\" content=\"Tempo di lettura stimato\" \/>\n\t<meta name=\"twitter:data1\" content=\"1 minuto\" \/>\n<script type=\"application\/ld+json\" class=\"yoast-schema-graph\">{\"@context\":\"https:\\\/\\\/schema.org\",\"@graph\":[{\"@type\":\"WebPage\",\"@id\":\"https:\\\/\\\/www.bazarbonino.com\\\/store\\\/prodotto\\\/jg3927-gora-fuoco-dalle-mani-fickle-fire\\\/\",\"url\":\"https:\\\/\\\/www.bazarbonino.com\\\/store\\\/prodotto\\\/jg3927-gora-fuoco-dalle-mani-fickle-fire\\\/\",\"name\":\"JG3927 - GORA FUOCO DALLE MANI \\\"fickle fire\\\" - BazarBonino\",\"isPartOf\":{\"@id\":\"https:\\\/\\\/www.bazarbonino.com\\\/store\\\/#website\"},\"primaryImageOfPage\":{\"@id\":\"https:\\\/\\\/www.bazarbonino.com\\\/store\\\/prodotto\\\/jg3927-gora-fuoco-dalle-mani-fickle-fire\\\/#primaryimage\"},\"image\":{\"@id\":\"https:\\\/\\\/www.bazarbonino.com\\\/store\\\/prodotto\\\/jg3927-gora-fuoco-dalle-mani-fickle-fire\\\/#primaryimage\"},\"thumbnailUrl\":\"https:\\\/\\\/www.bazarbonino.com\\\/store\\\/wp-content\\\/uploads\\\/2021\\\/03\\\/JG3927-GORA-FUOCO-DALLE-MANI-fickle-fire.jpg\",\"datePublished\":\"2021-03-02T21:29:12+00:00\",\"dateModified\":\"2024-12-08T07:58:22+00:00\",\"description\":\"GORA FUOCO DALLE MANI \\\"fickle fire\\\"\u00a0 \u00c8 essenzialmente un accendino zippo che pu\u00f2 nascondersi nel palmo della mano grazie alla sua forma.\",\"breadcrumb\":{\"@id\":\"https:\\\/\\\/www.bazarbonino.com\\\/store\\\/prodotto\\\/jg3927-gora-fuoco-dalle-mani-fickle-fire\\\/#breadcrumb\"},\"inLanguage\":\"it-IT\",\"potentialAction\":[{\"@type\":\"ReadAction\",\"target\":[\"https:\\\/\\\/www.bazarbonino.com\\\/store\\\/prodotto\\\/jg3927-gora-fuoco-dalle-mani-fickle-fire\\\/\"]}]},{\"@type\":\"ImageObject\",\"inLanguage\":\"it-IT\",\"@id\":\"https:\\\/\\\/www.bazarbonino.com\\\/store\\\/prodotto\\\/jg3927-gora-fuoco-dalle-mani-fickle-fire\\\/#primaryimage\",\"url\":\"https:\\\/\\\/www.bazarbonino.com\\\/store\\\/wp-content\\\/uploads\\\/2021\\\/03\\\/JG3927-GORA-FUOCO-DALLE-MANI-fickle-fire.jpg\",\"contentUrl\":\"https:\\\/\\\/www.bazarbonino.com\\\/store\\\/wp-content\\\/uploads\\\/2021\\\/03\\\/JG3927-GORA-FUOCO-DALLE-MANI-fickle-fire.jpg\",\"width\":1000,\"height\":500,\"caption\":\"JG3927 - GORA FUOCO DALLE MANI \\\"fickle fire\\\"\"},{\"@type\":\"BreadcrumbList\",\"@id\":\"https:\\\/\\\/www.bazarbonino.com\\\/store\\\/prodotto\\\/jg3927-gora-fuoco-dalle-mani-fickle-fire\\\/#breadcrumb\",\"itemListElement\":[{\"@type\":\"ListItem\",\"position\":1,\"name\":\"Home\",\"item\":\"https:\\\/\\\/www.bazarbonino.com\\\/store\\\/\"},{\"@type\":\"ListItem\",\"position\":2,\"name\":\"Catalogo\",\"item\":\"https:\\\/\\\/www.bazarbonino.com\\\/store\\\/shop\\\/\"},{\"@type\":\"ListItem\",\"position\":3,\"name\":\"JG3927 &#8211; GORA FUOCO DALLE MANI &#8220;fickle fire&#8221;\"}]},{\"@type\":\"WebSite\",\"@id\":\"https:\\\/\\\/www.bazarbonino.com\\\/store\\\/#website\",\"url\":\"https:\\\/\\\/www.bazarbonino.com\\\/store\\\/\",\"name\":\"BazarBonino\",\"description\":\"\",\"potentialAction\":[{\"@type\":\"SearchAction\",\"target\":{\"@type\":\"EntryPoint\",\"urlTemplate\":\"https:\\\/\\\/www.bazarbonino.com\\\/store\\\/?s={search_term_string}\"},\"query-input\":{\"@type\":\"PropertyValueSpecification\",\"valueRequired\":true,\"valueName\":\"search_term_string\"}}],\"inLanguage\":\"it-IT\"}]}<\/script>\n<!-- \/ Yoast SEO plugin. -->","yoast_head_json":{"title":"JG3927 - GORA FUOCO DALLE MANI \"fickle fire\" - BazarBonino","description":"GORA FUOCO DALLE MANI \"fickle fire\"\u00a0 \u00c8 essenzialmente un accendino zippo che pu\u00f2 nascondersi nel palmo della mano grazie alla sua forma.","robots":{"index":"index","follow":"follow","max-snippet":"max-snippet:-1","max-image-preview":"max-image-preview:large","max-video-preview":"max-video-preview:-1"},"canonical":"https:\/\/www.bazarbonino.com\/store\/prodotto\/jg3927-gora-fuoco-dalle-mani-fickle-fire\/","og_locale":"it_IT","og_type":"article","og_title":"JG3927 - GORA FUOCO DALLE MANI \"fickle fire\" - BazarBonino","og_description":"GORA FUOCO DALLE MANI \"fickle fire\"\u00a0 \u00c8 essenzialmente un accendino zippo che pu\u00f2 nascondersi nel palmo della mano grazie alla sua forma.","og_url":"https:\/\/www.bazarbonino.com\/store\/prodotto\/jg3927-gora-fuoco-dalle-mani-fickle-fire\/","og_site_name":"BazarBonino","article_publisher":"https:\/\/www.facebook.com\/bazar.bonino","article_modified_time":"2024-12-08T07:58:22+00:00","og_image":[{"width":1000,"height":500,"url":"https:\/\/www.bazarbonino.com\/store\/wp-content\/uploads\/2021\/03\/JG3927-GORA-FUOCO-DALLE-MANI-fickle-fire.jpg","type":"image\/jpeg"}],"twitter_card":"summary_large_image","twitter_misc":{"Tempo di lettura stimato":"1 minuto"},"schema":{"@context":"https:\/\/schema.org","@graph":[{"@type":"WebPage","@id":"https:\/\/www.bazarbonino.com\/store\/prodotto\/jg3927-gora-fuoco-dalle-mani-fickle-fire\/","url":"https:\/\/www.bazarbonino.com\/store\/prodotto\/jg3927-gora-fuoco-dalle-mani-fickle-fire\/","name":"JG3927 - GORA FUOCO DALLE MANI \"fickle fire\" - BazarBonino","isPartOf":{"@id":"https:\/\/www.bazarbonino.com\/store\/#website"},"primaryImageOfPage":{"@id":"https:\/\/www.bazarbonino.com\/store\/prodotto\/jg3927-gora-fuoco-dalle-mani-fickle-fire\/#primaryimage"},"image":{"@id":"https:\/\/www.bazarbonino.com\/store\/prodotto\/jg3927-gora-fuoco-dalle-mani-fickle-fire\/#primaryimage"},"thumbnailUrl":"https:\/\/www.bazarbonino.com\/store\/wp-content\/uploads\/2021\/03\/JG3927-GORA-FUOCO-DALLE-MANI-fickle-fire.jpg","datePublished":"2021-03-02T21:29:12+00:00","dateModified":"2024-12-08T07:58:22+00:00","description":"GORA FUOCO DALLE MANI \"fickle fire\"\u00a0 \u00c8 essenzialmente un accendino zippo che pu\u00f2 nascondersi nel palmo della mano grazie alla sua forma.","breadcrumb":{"@id":"https:\/\/www.bazarbonino.com\/store\/prodotto\/jg3927-gora-fuoco-dalle-mani-fickle-fire\/#breadcrumb"},"inLanguage":"it-IT","potentialAction":[{"@type":"ReadAction","target":["https:\/\/www.bazarbonino.com\/store\/prodotto\/jg3927-gora-fuoco-dalle-mani-fickle-fire\/"]}]},{"@type":"ImageObject","inLanguage":"it-IT","@id":"https:\/\/www.bazarbonino.com\/store\/prodotto\/jg3927-gora-fuoco-dalle-mani-fickle-fire\/#primaryimage","url":"https:\/\/www.bazarbonino.com\/store\/wp-content\/uploads\/2021\/03\/JG3927-GORA-FUOCO-DALLE-MANI-fickle-fire.jpg","contentUrl":"https:\/\/www.bazarbonino.com\/store\/wp-content\/uploads\/2021\/03\/JG3927-GORA-FUOCO-DALLE-MANI-fickle-fire.jpg","width":1000,"height":500,"caption":"JG3927 - GORA FUOCO DALLE MANI \"fickle fire\""},{"@type":"BreadcrumbList","@id":"https:\/\/www.bazarbonino.com\/store\/prodotto\/jg3927-gora-fuoco-dalle-mani-fickle-fire\/#breadcrumb","itemListElement":[{"@type":"ListItem","position":1,"name":"Home","item":"https:\/\/www.bazarbonino.com\/store\/"},{"@type":"ListItem","position":2,"name":"Catalogo","item":"https:\/\/www.bazarbonino.com\/store\/shop\/"},{"@type":"ListItem","position":3,"name":"JG3927 &#8211; GORA FUOCO DALLE MANI &#8220;fickle fire&#8221;"}]},{"@type":"WebSite","@id":"https:\/\/www.bazarbonino.com\/store\/#website","url":"https:\/\/www.bazarbonino.com\/store\/","name":"BazarBonino","description":"","potentialAction":[{"@type":"SearchAction","target":{"@type":"EntryPoint","urlTemplate":"https:\/\/www.bazarbonino.com\/store\/?s={search_term_string}"},"query-input":{"@type":"PropertyValueSpecification","valueRequired":true,"valueName":"search_term_string"}}],"inLanguage":"it-IT"}]}},"_links":{"self":[{"href":"https:\/\/www.bazarbonino.com\/store\/wp-json\/wp\/v2\/product\/18875","targetHints":{"allow":["GET"]}}],"collection":[{"href":"https:\/\/www.bazarbonino.com\/store\/wp-json\/wp\/v2\/product"}],"about":[{"href":"https:\/\/www.bazarbonino.com\/store\/wp-json\/wp\/v2\/types\/product"}],"replies":[{"embeddable":true,"href":"https:\/\/www.bazarbonino.com\/store\/wp-json\/wp\/v2\/comments?post=18875"}],"wp:featuredmedia":[{"embeddable":true,"href":"https:\/\/www.bazarbonino.com\/store\/wp-json\/wp\/v2\/media\/18876"}],"wp:attachment":[{"href":"https:\/\/www.bazarbonino.com\/store\/wp-json\/wp\/v2\/media?parent=18875"}],"wp:term":[{"taxonomy":"product_brand","embeddable":true,"href":"https:\/\/www.bazarbonino.com\/store\/wp-json\/wp\/v2\/product_brand?post=18875"},{"taxonomy":"product_cat","embeddable":true,"href":"https:\/\/www.bazarbonino.com\/store\/wp-json\/wp\/v2\/product_cat?post=18875"},{"taxonomy":"product_tag","embeddable":true,"href":"https:\/\/www.bazarbonino.com\/store\/wp-json\/wp\/v2\/product_tag?post=18875"}],"curies":[{"name":"wp","href":"https:\/\/api.w.org\/{rel}","templated":true}]}}