{"id":18862,"date":"2021-03-02T19:02:43","date_gmt":"2021-03-02T18:02:43","guid":{"rendered":"https:\/\/www.bazarbonino.com\/store\/?post_type=product&#038;p=18862"},"modified":"2025-11-27T23:10:49","modified_gmt":"2025-11-27T22:10:49","slug":"jg3660-fire-dragon-stick-gora","status":"publish","type":"product","link":"https:\/\/www.bazarbonino.com\/store\/prodotto\/jg3660-fire-dragon-stick-gora\/","title":{"rendered":"JG3660 &#8211; Fire Dragon Stick Gora"},"content":{"rendered":"<p class=\"articoli\">Fire Dragon Stick Gora <span class=\"VIiyi\" lang=\"it\"><span class=\"JLqJ4b\" data-language-for-alternatives=\"it\" data-language-to-translate-into=\"en\" data-phrase-index=\"0\">Pur avendo delle somiglianze nella costruzione con il Pixie Staff, il Dragon Stick ha dimensioni ancora pi\u00f9 piccole ed \u00e8 destinato al gioco del devil stick. Il tubo centrale del Dragon Stick \u00e8 realizzato in lega di alluminio 7075 da 15 mm x 1 mm, mentre le aste trasversali sono in lega di alluminio 7075 da 8 mm. Questo materiale rende possibile una costruzione cos\u00ec durevole con un peso molto leggero! Ha la stessa resistenza alla trazione dell&#8217;acciaio, ma \u00e8 leggero come l&#8217;alluminio. Viene utilizzato nell&#8217;industria spaziale e per velivoli speciali. Il Dragon Stick ha un rivestimento in silicone e viene utilizzato con 2 bacchette. Puoi usare le tue bacchette oppure ordinare le bacchette in alluminio-sillicone o le bacchette da fuoco. Il Dragonstick non pu\u00f2 essere smontato.<\/span><\/span><\/p>\n<p>Dimensioni:<\/p>\n<p>Lunghezza cm. 61;<\/p>\n<p>Incrocio cm. 20 x 20;<\/p>\n<p>Peso 350 gr. circa.<\/p>\n","protected":false},"excerpt":{"rendered":"<p>SUBITO DISPONIBILE<\/p>\n","protected":false},"featured_media":18863,"comment_status":"closed","ping_status":"closed","template":"","meta":{"_et_pb_use_builder":"","_et_pb_old_content":"","_et_gb_content_width":""},"product_brand":[],"product_cat":[45],"product_tag":[2127,305,306],"class_list":{"0":"post-18862","1":"product","2":"type-product","3":"status-publish","4":"has-post-thumbnail","6":"product_cat-devil-stick-infuocati","7":"product_tag-bazar-bonino-torino","8":"product_tag-devil-flower-stick-infuocati-di-fuoco","9":"product_tag-negozio-on-line-articoli-di-giocoleria-infuocati","11":"first","12":"instock","13":"sale","14":"taxable","15":"shipping-taxable","16":"purchasable","17":"product-type-simple"},"yoast_head":"<!-- This site is optimized with the Yoast SEO plugin v27.4 - https:\/\/yoast.com\/product\/yoast-seo-wordpress\/ -->\n<title>JG3660 - Fire Dragon Stick Gora - BazarBonino<\/title>\n<meta name=\"description\" content=\"Fire Dragon Stick Gora Pur avendo delle somiglianze nella costruzione con il Pixie Staff, il Dragon Stick ha dimensioni ancora pi\u00f9 piccole...\" \/>\n<meta name=\"robots\" content=\"index, follow, max-snippet:-1, max-image-preview:large, max-video-preview:-1\" \/>\n<link rel=\"canonical\" href=\"https:\/\/www.bazarbonino.com\/store\/prodotto\/jg3660-fire-dragon-stick-gora\/\" \/>\n<meta property=\"og:locale\" content=\"it_IT\" \/>\n<meta property=\"og:type\" content=\"article\" \/>\n<meta property=\"og:title\" content=\"JG3660 - Fire Dragon Stick Gora - BazarBonino\" \/>\n<meta property=\"og:description\" content=\"Fire Dragon Stick Gora Pur avendo delle somiglianze nella costruzione con il Pixie Staff, il Dragon Stick ha dimensioni ancora pi\u00f9 piccole...\" \/>\n<meta property=\"og:url\" content=\"https:\/\/www.bazarbonino.com\/store\/prodotto\/jg3660-fire-dragon-stick-gora\/\" \/>\n<meta property=\"og:site_name\" content=\"BazarBonino\" \/>\n<meta property=\"article:publisher\" content=\"https:\/\/www.facebook.com\/bazar.bonino\" \/>\n<meta property=\"article:modified_time\" content=\"2025-11-27T22:10:49+00:00\" \/>\n<meta property=\"og:image\" content=\"https:\/\/www.bazarbonino.com\/store\/wp-content\/uploads\/2021\/03\/JG3660-Fire-Dragon-Stick-Gora.jpg\" \/>\n\t<meta property=\"og:image:width\" content=\"1000\" \/>\n\t<meta property=\"og:image:height\" content=\"500\" \/>\n\t<meta property=\"og:image:type\" content=\"image\/jpeg\" \/>\n<meta name=\"twitter:card\" content=\"summary_large_image\" \/>\n<meta name=\"twitter:label1\" content=\"Tempo di lettura stimato\" \/>\n\t<meta name=\"twitter:data1\" content=\"1 minuto\" \/>\n<script type=\"application\/ld+json\" class=\"yoast-schema-graph\">{\"@context\":\"https:\\\/\\\/schema.org\",\"@graph\":[{\"@type\":\"WebPage\",\"@id\":\"https:\\\/\\\/www.bazarbonino.com\\\/store\\\/prodotto\\\/jg3660-fire-dragon-stick-gora\\\/\",\"url\":\"https:\\\/\\\/www.bazarbonino.com\\\/store\\\/prodotto\\\/jg3660-fire-dragon-stick-gora\\\/\",\"name\":\"JG3660 - Fire Dragon Stick Gora - BazarBonino\",\"isPartOf\":{\"@id\":\"https:\\\/\\\/www.bazarbonino.com\\\/store\\\/#website\"},\"primaryImageOfPage\":{\"@id\":\"https:\\\/\\\/www.bazarbonino.com\\\/store\\\/prodotto\\\/jg3660-fire-dragon-stick-gora\\\/#primaryimage\"},\"image\":{\"@id\":\"https:\\\/\\\/www.bazarbonino.com\\\/store\\\/prodotto\\\/jg3660-fire-dragon-stick-gora\\\/#primaryimage\"},\"thumbnailUrl\":\"https:\\\/\\\/www.bazarbonino.com\\\/store\\\/wp-content\\\/uploads\\\/2021\\\/03\\\/JG3660-Fire-Dragon-Stick-Gora.jpg\",\"datePublished\":\"2021-03-02T18:02:43+00:00\",\"dateModified\":\"2025-11-27T22:10:49+00:00\",\"description\":\"Fire Dragon Stick Gora Pur avendo delle somiglianze nella costruzione con il Pixie Staff, il Dragon Stick ha dimensioni ancora pi\u00f9 piccole...\",\"breadcrumb\":{\"@id\":\"https:\\\/\\\/www.bazarbonino.com\\\/store\\\/prodotto\\\/jg3660-fire-dragon-stick-gora\\\/#breadcrumb\"},\"inLanguage\":\"it-IT\",\"potentialAction\":[{\"@type\":\"ReadAction\",\"target\":[\"https:\\\/\\\/www.bazarbonino.com\\\/store\\\/prodotto\\\/jg3660-fire-dragon-stick-gora\\\/\"]}]},{\"@type\":\"ImageObject\",\"inLanguage\":\"it-IT\",\"@id\":\"https:\\\/\\\/www.bazarbonino.com\\\/store\\\/prodotto\\\/jg3660-fire-dragon-stick-gora\\\/#primaryimage\",\"url\":\"https:\\\/\\\/www.bazarbonino.com\\\/store\\\/wp-content\\\/uploads\\\/2021\\\/03\\\/JG3660-Fire-Dragon-Stick-Gora.jpg\",\"contentUrl\":\"https:\\\/\\\/www.bazarbonino.com\\\/store\\\/wp-content\\\/uploads\\\/2021\\\/03\\\/JG3660-Fire-Dragon-Stick-Gora.jpg\",\"width\":1000,\"height\":500,\"caption\":\"JG3660 - Fire Dragon Stick Gora\"},{\"@type\":\"BreadcrumbList\",\"@id\":\"https:\\\/\\\/www.bazarbonino.com\\\/store\\\/prodotto\\\/jg3660-fire-dragon-stick-gora\\\/#breadcrumb\",\"itemListElement\":[{\"@type\":\"ListItem\",\"position\":1,\"name\":\"Home\",\"item\":\"https:\\\/\\\/www.bazarbonino.com\\\/store\\\/\"},{\"@type\":\"ListItem\",\"position\":2,\"name\":\"Catalogo\",\"item\":\"https:\\\/\\\/www.bazarbonino.com\\\/store\\\/shop\\\/\"},{\"@type\":\"ListItem\",\"position\":3,\"name\":\"JG3660 &#8211; Fire Dragon Stick Gora\"}]},{\"@type\":\"WebSite\",\"@id\":\"https:\\\/\\\/www.bazarbonino.com\\\/store\\\/#website\",\"url\":\"https:\\\/\\\/www.bazarbonino.com\\\/store\\\/\",\"name\":\"BazarBonino\",\"description\":\"\",\"potentialAction\":[{\"@type\":\"SearchAction\",\"target\":{\"@type\":\"EntryPoint\",\"urlTemplate\":\"https:\\\/\\\/www.bazarbonino.com\\\/store\\\/?s={search_term_string}\"},\"query-input\":{\"@type\":\"PropertyValueSpecification\",\"valueRequired\":true,\"valueName\":\"search_term_string\"}}],\"inLanguage\":\"it-IT\"}]}<\/script>\n<!-- \/ Yoast SEO plugin. -->","yoast_head_json":{"title":"JG3660 - Fire Dragon Stick Gora - BazarBonino","description":"Fire Dragon Stick Gora Pur avendo delle somiglianze nella costruzione con il Pixie Staff, il Dragon Stick ha dimensioni ancora pi\u00f9 piccole...","robots":{"index":"index","follow":"follow","max-snippet":"max-snippet:-1","max-image-preview":"max-image-preview:large","max-video-preview":"max-video-preview:-1"},"canonical":"https:\/\/www.bazarbonino.com\/store\/prodotto\/jg3660-fire-dragon-stick-gora\/","og_locale":"it_IT","og_type":"article","og_title":"JG3660 - Fire Dragon Stick Gora - BazarBonino","og_description":"Fire Dragon Stick Gora Pur avendo delle somiglianze nella costruzione con il Pixie Staff, il Dragon Stick ha dimensioni ancora pi\u00f9 piccole...","og_url":"https:\/\/www.bazarbonino.com\/store\/prodotto\/jg3660-fire-dragon-stick-gora\/","og_site_name":"BazarBonino","article_publisher":"https:\/\/www.facebook.com\/bazar.bonino","article_modified_time":"2025-11-27T22:10:49+00:00","og_image":[{"width":1000,"height":500,"url":"https:\/\/www.bazarbonino.com\/store\/wp-content\/uploads\/2021\/03\/JG3660-Fire-Dragon-Stick-Gora.jpg","type":"image\/jpeg"}],"twitter_card":"summary_large_image","twitter_misc":{"Tempo di lettura stimato":"1 minuto"},"schema":{"@context":"https:\/\/schema.org","@graph":[{"@type":"WebPage","@id":"https:\/\/www.bazarbonino.com\/store\/prodotto\/jg3660-fire-dragon-stick-gora\/","url":"https:\/\/www.bazarbonino.com\/store\/prodotto\/jg3660-fire-dragon-stick-gora\/","name":"JG3660 - Fire Dragon Stick Gora - BazarBonino","isPartOf":{"@id":"https:\/\/www.bazarbonino.com\/store\/#website"},"primaryImageOfPage":{"@id":"https:\/\/www.bazarbonino.com\/store\/prodotto\/jg3660-fire-dragon-stick-gora\/#primaryimage"},"image":{"@id":"https:\/\/www.bazarbonino.com\/store\/prodotto\/jg3660-fire-dragon-stick-gora\/#primaryimage"},"thumbnailUrl":"https:\/\/www.bazarbonino.com\/store\/wp-content\/uploads\/2021\/03\/JG3660-Fire-Dragon-Stick-Gora.jpg","datePublished":"2021-03-02T18:02:43+00:00","dateModified":"2025-11-27T22:10:49+00:00","description":"Fire Dragon Stick Gora Pur avendo delle somiglianze nella costruzione con il Pixie Staff, il Dragon Stick ha dimensioni ancora pi\u00f9 piccole...","breadcrumb":{"@id":"https:\/\/www.bazarbonino.com\/store\/prodotto\/jg3660-fire-dragon-stick-gora\/#breadcrumb"},"inLanguage":"it-IT","potentialAction":[{"@type":"ReadAction","target":["https:\/\/www.bazarbonino.com\/store\/prodotto\/jg3660-fire-dragon-stick-gora\/"]}]},{"@type":"ImageObject","inLanguage":"it-IT","@id":"https:\/\/www.bazarbonino.com\/store\/prodotto\/jg3660-fire-dragon-stick-gora\/#primaryimage","url":"https:\/\/www.bazarbonino.com\/store\/wp-content\/uploads\/2021\/03\/JG3660-Fire-Dragon-Stick-Gora.jpg","contentUrl":"https:\/\/www.bazarbonino.com\/store\/wp-content\/uploads\/2021\/03\/JG3660-Fire-Dragon-Stick-Gora.jpg","width":1000,"height":500,"caption":"JG3660 - Fire Dragon Stick Gora"},{"@type":"BreadcrumbList","@id":"https:\/\/www.bazarbonino.com\/store\/prodotto\/jg3660-fire-dragon-stick-gora\/#breadcrumb","itemListElement":[{"@type":"ListItem","position":1,"name":"Home","item":"https:\/\/www.bazarbonino.com\/store\/"},{"@type":"ListItem","position":2,"name":"Catalogo","item":"https:\/\/www.bazarbonino.com\/store\/shop\/"},{"@type":"ListItem","position":3,"name":"JG3660 &#8211; Fire Dragon Stick Gora"}]},{"@type":"WebSite","@id":"https:\/\/www.bazarbonino.com\/store\/#website","url":"https:\/\/www.bazarbonino.com\/store\/","name":"BazarBonino","description":"","potentialAction":[{"@type":"SearchAction","target":{"@type":"EntryPoint","urlTemplate":"https:\/\/www.bazarbonino.com\/store\/?s={search_term_string}"},"query-input":{"@type":"PropertyValueSpecification","valueRequired":true,"valueName":"search_term_string"}}],"inLanguage":"it-IT"}]}},"_links":{"self":[{"href":"https:\/\/www.bazarbonino.com\/store\/wp-json\/wp\/v2\/product\/18862","targetHints":{"allow":["GET"]}}],"collection":[{"href":"https:\/\/www.bazarbonino.com\/store\/wp-json\/wp\/v2\/product"}],"about":[{"href":"https:\/\/www.bazarbonino.com\/store\/wp-json\/wp\/v2\/types\/product"}],"replies":[{"embeddable":true,"href":"https:\/\/www.bazarbonino.com\/store\/wp-json\/wp\/v2\/comments?post=18862"}],"wp:featuredmedia":[{"embeddable":true,"href":"https:\/\/www.bazarbonino.com\/store\/wp-json\/wp\/v2\/media\/18863"}],"wp:attachment":[{"href":"https:\/\/www.bazarbonino.com\/store\/wp-json\/wp\/v2\/media?parent=18862"}],"wp:term":[{"taxonomy":"product_brand","embeddable":true,"href":"https:\/\/www.bazarbonino.com\/store\/wp-json\/wp\/v2\/product_brand?post=18862"},{"taxonomy":"product_cat","embeddable":true,"href":"https:\/\/www.bazarbonino.com\/store\/wp-json\/wp\/v2\/product_cat?post=18862"},{"taxonomy":"product_tag","embeddable":true,"href":"https:\/\/www.bazarbonino.com\/store\/wp-json\/wp\/v2\/product_tag?post=18862"}],"curies":[{"name":"wp","href":"https:\/\/api.w.org\/{rel}","templated":true}]}}