{"id":18670,"date":"2021-01-22T22:30:26","date_gmt":"2021-01-22T21:30:26","guid":{"rendered":"https:\/\/www.bazarbonino.com\/store\/?post_type=product&#038;p=18670"},"modified":"2025-04-05T11:56:03","modified_gmt":"2025-04-05T09:56:03","slug":"gc0240-violino-carillon-in-legno","status":"publish","type":"product","link":"https:\/\/www.bazarbonino.com\/store\/prodotto\/gc0240-violino-carillon-in-legno\/","title":{"rendered":"GC0240 &#8211; Violino Carillon in Legno"},"content":{"rendered":"<p>Violino Carillon in Legno con contenitore. Piccolo violino in legno verniciato suona il &#8220;Flauto Magico&#8221; caricando il meccanismo musicale sul retro del carillon. Le stringhe sono presenti come un violino originale. L&#8217;arco si trova nella scatola nel vano laterale. La scatola \u00e8 nera e l&#8217;interno \u00e8 ricoperto di velluto rosso scuro. Per la chiusura ci sono 2 serrature dorate e una cinghia. Il violino pu\u00f3 essere facilmente esposto appoggiandolo sul sostegno nero incluso nella consegna. Misure: 18x7x4 cm.<\/p>\n","protected":false},"excerpt":{"rendered":"<p>Violino Carillon in Legno con contenitore. Piccolo violino in legno verniciato suona il &#8220;Flauto Magico&#8221; caricando il meccanismo musicale sul retro del carillon. Le stringhe sono presenti come un violino originale. L&#8217;arco si trova nella scatola nel vano laterale. La scatola \u00e8 nera e l&#8217;interno \u00e8 ricoperto di velluto rosso scuro. Per la chiusura ci [&hellip;]<\/p>\n","protected":false},"featured_media":18671,"comment_status":"closed","ping_status":"closed","template":"","meta":{"_et_pb_use_builder":"off","_et_pb_old_content":"<p class=\"articoli\">Giostra Pirata con Carillon La giostra mantiene 3 velieri da pirata. Caricando il meccanismo musicale al cielo suona la melodia \u201cSoprra le onde\u201d. Misure: 12x12x16,5 cm.<\/p>\r\n<strong>\u00a0<\/strong>","_et_gb_content_width":""},"product_brand":[],"product_cat":[2431],"product_tag":[2127,399,401],"class_list":{"0":"post-18670","1":"product","2":"type-product","3":"status-publish","4":"has-post-thumbnail","6":"product_cat-giostre-legno-e-sfere-con-carillon","7":"product_tag-bazar-bonino-torino","8":"product_tag-giochi-articoli-musicali-da-gioco","9":"product_tag-negozio-on-line-ghiochi-musicali","11":"first","12":"outofstock","13":"taxable","14":"shipping-taxable","15":"purchasable","16":"product-type-simple"},"yoast_head":"<!-- This site is optimized with the Yoast SEO plugin v27.4 - https:\/\/yoast.com\/product\/yoast-seo-wordpress\/ -->\n<title>GC0240 - Violino Carillon in Legno - BazarBonino<\/title>\n<meta name=\"description\" content=\"Violino Carillon in Legno con contenitore. Piccolo violino in legno verniciato suona il &quot;Flauto Magico&quot; caricando il meccanismo musicale sul retro del carillon.\" \/>\n<meta name=\"robots\" content=\"index, follow, max-snippet:-1, max-image-preview:large, max-video-preview:-1\" \/>\n<link rel=\"canonical\" href=\"https:\/\/www.bazarbonino.com\/store\/prodotto\/gc0240-violino-carillon-in-legno\/\" \/>\n<meta property=\"og:locale\" content=\"it_IT\" \/>\n<meta property=\"og:type\" content=\"article\" \/>\n<meta property=\"og:title\" content=\"GC0240 - Violino Carillon in Legno - BazarBonino\" \/>\n<meta property=\"og:description\" content=\"Violino Carillon in Legno con contenitore. Piccolo violino in legno verniciato suona il &quot;Flauto Magico&quot; caricando il meccanismo musicale sul retro del carillon.\" \/>\n<meta property=\"og:url\" content=\"https:\/\/www.bazarbonino.com\/store\/prodotto\/gc0240-violino-carillon-in-legno\/\" \/>\n<meta property=\"og:site_name\" content=\"BazarBonino\" \/>\n<meta property=\"article:publisher\" content=\"https:\/\/www.facebook.com\/bazar.bonino\" \/>\n<meta property=\"article:modified_time\" content=\"2025-04-05T09:56:03+00:00\" \/>\n<meta property=\"og:image\" content=\"https:\/\/www.bazarbonino.com\/store\/wp-content\/uploads\/2021\/01\/GC0240-Violino-Carillon-in-Legno.jpg\" \/>\n\t<meta property=\"og:image:width\" content=\"800\" \/>\n\t<meta property=\"og:image:height\" content=\"800\" \/>\n\t<meta property=\"og:image:type\" content=\"image\/jpeg\" \/>\n<meta name=\"twitter:card\" content=\"summary_large_image\" \/>\n<meta name=\"twitter:label1\" content=\"Tempo di lettura stimato\" \/>\n\t<meta name=\"twitter:data1\" content=\"1 minuto\" \/>\n<script type=\"application\/ld+json\" class=\"yoast-schema-graph\">{\"@context\":\"https:\\\/\\\/schema.org\",\"@graph\":[{\"@type\":\"WebPage\",\"@id\":\"https:\\\/\\\/www.bazarbonino.com\\\/store\\\/prodotto\\\/gc0240-violino-carillon-in-legno\\\/\",\"url\":\"https:\\\/\\\/www.bazarbonino.com\\\/store\\\/prodotto\\\/gc0240-violino-carillon-in-legno\\\/\",\"name\":\"GC0240 - Violino Carillon in Legno - BazarBonino\",\"isPartOf\":{\"@id\":\"https:\\\/\\\/www.bazarbonino.com\\\/store\\\/#website\"},\"primaryImageOfPage\":{\"@id\":\"https:\\\/\\\/www.bazarbonino.com\\\/store\\\/prodotto\\\/gc0240-violino-carillon-in-legno\\\/#primaryimage\"},\"image\":{\"@id\":\"https:\\\/\\\/www.bazarbonino.com\\\/store\\\/prodotto\\\/gc0240-violino-carillon-in-legno\\\/#primaryimage\"},\"thumbnailUrl\":\"https:\\\/\\\/www.bazarbonino.com\\\/store\\\/wp-content\\\/uploads\\\/2021\\\/01\\\/GC0240-Violino-Carillon-in-Legno.jpg\",\"datePublished\":\"2021-01-22T21:30:26+00:00\",\"dateModified\":\"2025-04-05T09:56:03+00:00\",\"description\":\"Violino Carillon in Legno con contenitore. Piccolo violino in legno verniciato suona il \\\"Flauto Magico\\\" caricando il meccanismo musicale sul retro del carillon.\",\"breadcrumb\":{\"@id\":\"https:\\\/\\\/www.bazarbonino.com\\\/store\\\/prodotto\\\/gc0240-violino-carillon-in-legno\\\/#breadcrumb\"},\"inLanguage\":\"it-IT\",\"potentialAction\":[{\"@type\":\"ReadAction\",\"target\":[\"https:\\\/\\\/www.bazarbonino.com\\\/store\\\/prodotto\\\/gc0240-violino-carillon-in-legno\\\/\"]}]},{\"@type\":\"ImageObject\",\"inLanguage\":\"it-IT\",\"@id\":\"https:\\\/\\\/www.bazarbonino.com\\\/store\\\/prodotto\\\/gc0240-violino-carillon-in-legno\\\/#primaryimage\",\"url\":\"https:\\\/\\\/www.bazarbonino.com\\\/store\\\/wp-content\\\/uploads\\\/2021\\\/01\\\/GC0240-Violino-Carillon-in-Legno.jpg\",\"contentUrl\":\"https:\\\/\\\/www.bazarbonino.com\\\/store\\\/wp-content\\\/uploads\\\/2021\\\/01\\\/GC0240-Violino-Carillon-in-Legno.jpg\",\"width\":800,\"height\":800,\"caption\":\"GC0240 - Violino Carillon in Legno\"},{\"@type\":\"BreadcrumbList\",\"@id\":\"https:\\\/\\\/www.bazarbonino.com\\\/store\\\/prodotto\\\/gc0240-violino-carillon-in-legno\\\/#breadcrumb\",\"itemListElement\":[{\"@type\":\"ListItem\",\"position\":1,\"name\":\"Home\",\"item\":\"https:\\\/\\\/www.bazarbonino.com\\\/store\\\/\"},{\"@type\":\"ListItem\",\"position\":2,\"name\":\"Catalogo\",\"item\":\"https:\\\/\\\/www.bazarbonino.com\\\/store\\\/shop\\\/\"},{\"@type\":\"ListItem\",\"position\":3,\"name\":\"GC0240 &#8211; Violino Carillon in Legno\"}]},{\"@type\":\"WebSite\",\"@id\":\"https:\\\/\\\/www.bazarbonino.com\\\/store\\\/#website\",\"url\":\"https:\\\/\\\/www.bazarbonino.com\\\/store\\\/\",\"name\":\"BazarBonino\",\"description\":\"\",\"potentialAction\":[{\"@type\":\"SearchAction\",\"target\":{\"@type\":\"EntryPoint\",\"urlTemplate\":\"https:\\\/\\\/www.bazarbonino.com\\\/store\\\/?s={search_term_string}\"},\"query-input\":{\"@type\":\"PropertyValueSpecification\",\"valueRequired\":true,\"valueName\":\"search_term_string\"}}],\"inLanguage\":\"it-IT\"}]}<\/script>\n<!-- \/ Yoast SEO plugin. -->","yoast_head_json":{"title":"GC0240 - Violino Carillon in Legno - BazarBonino","description":"Violino Carillon in Legno con contenitore. Piccolo violino in legno verniciato suona il \"Flauto Magico\" caricando il meccanismo musicale sul retro del carillon.","robots":{"index":"index","follow":"follow","max-snippet":"max-snippet:-1","max-image-preview":"max-image-preview:large","max-video-preview":"max-video-preview:-1"},"canonical":"https:\/\/www.bazarbonino.com\/store\/prodotto\/gc0240-violino-carillon-in-legno\/","og_locale":"it_IT","og_type":"article","og_title":"GC0240 - Violino Carillon in Legno - BazarBonino","og_description":"Violino Carillon in Legno con contenitore. Piccolo violino in legno verniciato suona il \"Flauto Magico\" caricando il meccanismo musicale sul retro del carillon.","og_url":"https:\/\/www.bazarbonino.com\/store\/prodotto\/gc0240-violino-carillon-in-legno\/","og_site_name":"BazarBonino","article_publisher":"https:\/\/www.facebook.com\/bazar.bonino","article_modified_time":"2025-04-05T09:56:03+00:00","og_image":[{"width":800,"height":800,"url":"https:\/\/www.bazarbonino.com\/store\/wp-content\/uploads\/2021\/01\/GC0240-Violino-Carillon-in-Legno.jpg","type":"image\/jpeg"}],"twitter_card":"summary_large_image","twitter_misc":{"Tempo di lettura stimato":"1 minuto"},"schema":{"@context":"https:\/\/schema.org","@graph":[{"@type":"WebPage","@id":"https:\/\/www.bazarbonino.com\/store\/prodotto\/gc0240-violino-carillon-in-legno\/","url":"https:\/\/www.bazarbonino.com\/store\/prodotto\/gc0240-violino-carillon-in-legno\/","name":"GC0240 - Violino Carillon in Legno - BazarBonino","isPartOf":{"@id":"https:\/\/www.bazarbonino.com\/store\/#website"},"primaryImageOfPage":{"@id":"https:\/\/www.bazarbonino.com\/store\/prodotto\/gc0240-violino-carillon-in-legno\/#primaryimage"},"image":{"@id":"https:\/\/www.bazarbonino.com\/store\/prodotto\/gc0240-violino-carillon-in-legno\/#primaryimage"},"thumbnailUrl":"https:\/\/www.bazarbonino.com\/store\/wp-content\/uploads\/2021\/01\/GC0240-Violino-Carillon-in-Legno.jpg","datePublished":"2021-01-22T21:30:26+00:00","dateModified":"2025-04-05T09:56:03+00:00","description":"Violino Carillon in Legno con contenitore. Piccolo violino in legno verniciato suona il \"Flauto Magico\" caricando il meccanismo musicale sul retro del carillon.","breadcrumb":{"@id":"https:\/\/www.bazarbonino.com\/store\/prodotto\/gc0240-violino-carillon-in-legno\/#breadcrumb"},"inLanguage":"it-IT","potentialAction":[{"@type":"ReadAction","target":["https:\/\/www.bazarbonino.com\/store\/prodotto\/gc0240-violino-carillon-in-legno\/"]}]},{"@type":"ImageObject","inLanguage":"it-IT","@id":"https:\/\/www.bazarbonino.com\/store\/prodotto\/gc0240-violino-carillon-in-legno\/#primaryimage","url":"https:\/\/www.bazarbonino.com\/store\/wp-content\/uploads\/2021\/01\/GC0240-Violino-Carillon-in-Legno.jpg","contentUrl":"https:\/\/www.bazarbonino.com\/store\/wp-content\/uploads\/2021\/01\/GC0240-Violino-Carillon-in-Legno.jpg","width":800,"height":800,"caption":"GC0240 - Violino Carillon in Legno"},{"@type":"BreadcrumbList","@id":"https:\/\/www.bazarbonino.com\/store\/prodotto\/gc0240-violino-carillon-in-legno\/#breadcrumb","itemListElement":[{"@type":"ListItem","position":1,"name":"Home","item":"https:\/\/www.bazarbonino.com\/store\/"},{"@type":"ListItem","position":2,"name":"Catalogo","item":"https:\/\/www.bazarbonino.com\/store\/shop\/"},{"@type":"ListItem","position":3,"name":"GC0240 &#8211; Violino Carillon in Legno"}]},{"@type":"WebSite","@id":"https:\/\/www.bazarbonino.com\/store\/#website","url":"https:\/\/www.bazarbonino.com\/store\/","name":"BazarBonino","description":"","potentialAction":[{"@type":"SearchAction","target":{"@type":"EntryPoint","urlTemplate":"https:\/\/www.bazarbonino.com\/store\/?s={search_term_string}"},"query-input":{"@type":"PropertyValueSpecification","valueRequired":true,"valueName":"search_term_string"}}],"inLanguage":"it-IT"}]}},"_links":{"self":[{"href":"https:\/\/www.bazarbonino.com\/store\/wp-json\/wp\/v2\/product\/18670","targetHints":{"allow":["GET"]}}],"collection":[{"href":"https:\/\/www.bazarbonino.com\/store\/wp-json\/wp\/v2\/product"}],"about":[{"href":"https:\/\/www.bazarbonino.com\/store\/wp-json\/wp\/v2\/types\/product"}],"replies":[{"embeddable":true,"href":"https:\/\/www.bazarbonino.com\/store\/wp-json\/wp\/v2\/comments?post=18670"}],"wp:featuredmedia":[{"embeddable":true,"href":"https:\/\/www.bazarbonino.com\/store\/wp-json\/wp\/v2\/media\/18671"}],"wp:attachment":[{"href":"https:\/\/www.bazarbonino.com\/store\/wp-json\/wp\/v2\/media?parent=18670"}],"wp:term":[{"taxonomy":"product_brand","embeddable":true,"href":"https:\/\/www.bazarbonino.com\/store\/wp-json\/wp\/v2\/product_brand?post=18670"},{"taxonomy":"product_cat","embeddable":true,"href":"https:\/\/www.bazarbonino.com\/store\/wp-json\/wp\/v2\/product_cat?post=18670"},{"taxonomy":"product_tag","embeddable":true,"href":"https:\/\/www.bazarbonino.com\/store\/wp-json\/wp\/v2\/product_tag?post=18670"}],"curies":[{"name":"wp","href":"https:\/\/api.w.org\/{rel}","templated":true}]}}